{"id":2549,"date":"2020-09-25T14:34:25","date_gmt":"2020-09-25T12:34:25","guid":{"rendered":"https:\/\/dev.jamonesblazquez.com\/politica-de-cookies\/"},"modified":"2020-09-25T14:34:25","modified_gmt":"2020-09-25T12:34:25","slug":"politica-de-cookies","status":"publish","type":"page","link":"https:\/\/jamonesblazquez.com\/en\/politica-de-cookies\/","title":{"rendered":"Pol\u00edtica de cookies"},"content":{"rendered":"<div class=\"wpb-content-wrapper\"><p>[vc_row css_animation=&#8221;&#8221; row_type=&#8221;row&#8221; use_row_as_full_screen_section=&#8221;no&#8221; type=&#8221;full_width&#8221; angled_section=&#8221;no&#8221; text_align=&#8221;left&#8221; background_image_as_pattern=&#8221;without_pattern&#8221; el_class=&#8221;txt-legales&#8221; z_index=&#8221;&#8221;][vc_column][vc_column_text el_class=&#8221;tit-pagina&#8221;]<\/p>\n<h1 class=\"section-intro__subtitle\"><span class=\"color-green-main\">pol\u00edtica de cookies<\/span><\/h1>\n<p>[\/vc_column_text][vc_column_text]<\/p>\n<p>De conformidad con lo establecido en el art\u00edculo 22.2 de la LSSICE (Ley 34\/2002, de 11 de julio), te informo de lo relativo al uso y tratamiento de dispositivos de almacenamiento y recuperaci\u00f3n de datos en equipos terminales de los destinatarios, dispositivos com\u00fanmente denominados \u201ccookies\u201d, en esta web, ubicada en la direcci\u00f3n http:\/\/www.grupo-blazquez.com<\/p>\n<p><b>\u00bfQu\u00e9 son las Cookies?<\/b><\/p>\n<p>Aunque sea generalizar un poco, podemos definir las \u201ccookies\u201d como peque\u00f1os ficheros de texto que se almacenan en tu equipo o dispositivo cuando accedes a un sitio web.<\/p>\n<p>Esos archivos de texto principalmente recogen datos de uso y navegaci\u00f3n que luego pueden recuperarse y utilizarse por el responsable de esa cookie para diversas finalidades: comportamiento del usuario, personalizaci\u00f3n de caracter\u00edsticas determinadas de la navegaci\u00f3n, caracter\u00edsticas de su navegador o dispositivos utilizados, etc.<\/p>\n<p>Existen diversos tipos de cookies, pero quiero advertirte fundamentalmente sobre lo que son cookies propias (las que genera esta p\u00e1gina web) y cookies de terceros (que son las que depositan en tu equipo servicios externos o de terceros que utilizo con alguna finalidad en esta web). Esta web utiliza ambos tipos de cookies.<\/p>\n<p><b>\u00bfQu\u00e9 cookies utiliza esta web? \u00bfCu\u00e1nto duran? \u00bfCon qu\u00e9 finalidad?<\/b><\/p>\n<div>\n<p><b>[***NOTA: Lo que sigue es un mero ejemplo. Cada web, a trav\u00e9s del personal t\u00e9cnico que d\u00e9 soporte a la misma, deber\u00e1 realizar un an\u00e1lisis de cookies que carga la web en los terminales de los usuarios de dicha web]<\/b><\/p>\n<\/div>\n<p>En ning\u00fan caso me sirvo de cookies que puedan recopilar informaci\u00f3n sensible sobre ti ni sobre tu identidad o perfil. Nunca sabr\u00e9 qui\u00e9n eres.<\/p>\n<p>Las cookies empleadas en esta web almacenan datos de puro car\u00e1cter t\u00e9cnico, estad\u00edstico, de preferencias personales de navegaci\u00f3n, etc, sin que en ning\u00fan caso supongan un impacto en tu privacidad ni en tu intimidad.<\/p>\n<table border=\"1\" cellspacing=\"0\" cellpadding=\"0\">\n<tbody>\n<tr>\n<td valign=\"top\" bgcolor=\"#BFBFBF\" width=\"79\">Nombre<\/td>\n<td valign=\"top\" bgcolor=\"#BFBFBF\" width=\"76\">Duraci\u00f3n<\/td>\n<td valign=\"top\" bgcolor=\"#BFBFBF\" width=\"269\">Finalidad<\/td>\n<\/tr>\n<tr>\n<td valign=\"top\" width=\"79\">PHPSESSID<\/td>\n<td valign=\"top\" width=\"76\">La sesi\u00f3n<\/td>\n<td valign=\"top\" width=\"269\">Propia. Almacenar el identificador de una sesi\u00f3n<\/td>\n<\/tr>\n<tr>\n<td valign=\"top\" width=\"79\">_ga<\/td>\n<td valign=\"top\" width=\"76\">2 a\u00f1os<\/td>\n<td rowspan=\"3\" valign=\"top\" width=\"269\">De terceros: Google Universal Analytics. Estad\u00edsticas de tr\u00e1fico en la web.<\/td>\n<\/tr>\n<tr>\n<td valign=\"top\" width=\"79\">_gat<\/td>\n<td valign=\"top\" width=\"76\">10 minutos<\/td>\n<\/tr>\n<tr>\n<td valign=\"top\" width=\"79\">_gid<\/td>\n<td valign=\"top\" width=\"76\">24 horas<\/td>\n<\/tr>\n<\/tbody>\n<\/table>\n<p>Revisaremos este listado de cookies de nuestro sitio web de forma frecuente. Si en el uso de esta web detectases alguna cookie que no se encuentra en dicho listado, puedes escribirme un correo a [@] para que la examine y, en su caso, la incluya en el mismo.<\/p>\n<p>Es tambi\u00e9n probable que, debido al uso de algunos plugins del gestor de contenidos [XXXXXX] que utilizo en mi web, pudiera instalarte alguna cookie provisional con meras finalidades de estudio y valoraci\u00f3n.<\/p>\n<p><b>\u00bfC\u00f3mo gestionar las cookies?<\/b><\/p>\n<p>Puedes revisar la configuraci\u00f3n de tu navegador para que te notifique antes de descargar cookies a tu terminal o dispositivo, as\u00ed como tambi\u00e9n puedes proceder a la eliminaci\u00f3n de las cookies ya instaladas.<\/p>\n<p>Aqu\u00ed tienes un breve acceso a las instrucciones para la gesti\u00f3n de cookies en los navegadores m\u00e1s usados<\/p>\n<ol start=\"1\" type=\"1\">\n<li>C\u00f3mo borrar, habilitar, y administrar cookies en <a href=\"https:\/\/support.google.com\/chrome\/answer\/95647?\">Google Chrome<\/a><\/li>\n<li>Habilitar y deshabilitar cookies que los sitios web utilizan para rastrear tus preferencias \u2013 <a href=\"https:\/\/support.mozilla.org\/es\/kb\/habilitar-y-deshabilitar-cookies-sitios-web-rastrear-preferencias?\">Mozilla Firefox<\/a><\/li>\n<li>Bloquear o permitir cookies en <a href=\"https:\/\/support.microsoft.com\/es-es\/help\/17442\/windows-internet-explorer-delete-manage-cookies\">Internet Explorer<\/a><\/li>\n<li>Gestionar cookies y datos de sitios web en <a href=\"https:\/\/support.apple.com\/kb\/ph19214?locale=es_ES\">Safari (Apple)<\/a><\/li>\n<\/ol>\n<p>Tambi\u00e9n puedes utilizar extensiones o complementos para tu navegador que te permitan elegir qu\u00e9 cookies permitir y cu\u00e1les rechazar, y, en general puedes usar cualesquiera navegadores con navegaci\u00f3n an\u00f3nima y otras tecnolog\u00edas conocidas como DNT (Do not track)<\/p>\n<p>[\/vc_column_text][\/vc_column][\/vc_row]<\/p>\n<\/div>","protected":false},"excerpt":{"rendered":"<p>[vc_row css_animation=&#8221;&#8221; row_type=&#8221;row&#8221; use_row_as_full_screen_section=&#8221;no&#8221; type=&#8221;full_width&#8221; angled_section=&#8221;no&#8221; text_align=&#8221;left&#8221; background_image_as_pattern=&#8221;without_pattern&#8221; el_class=&#8221;txt-legales&#8221; z_index=&#8221;&#8221;][vc_column][vc_column_text el_class=&#8221;tit-pagina&#8221;] pol\u00edtica de cookies [\/vc_column_text][vc_column_text] De conformidad con lo establecido en el art\u00edculo 22.2 de la LSSICE (Ley 34\/2002, de 11 de julio), te informo de lo relativo al uso y tratamiento de dispositivos de&#8230;<\/p>\n","protected":false},"author":5,"featured_media":0,"parent":0,"menu_order":10,"comment_status":"closed","ping_status":"closed","template":"","meta":{"footnotes":""},"class_list":["post-2549","page","type-page","status-publish","hentry"],"yoast_head":"<!-- This site is optimized with the Yoast SEO plugin v27.1.1 - https:\/\/yoast.com\/product\/yoast-seo-wordpress\/ -->\n<title>Pol\u00edtica de cookies - Jamones Bl\u00e1zquez<\/title>\n<meta name=\"robots\" content=\"index, follow, max-snippet:-1, max-image-preview:large, max-video-preview:-1\" \/>\n<link rel=\"canonical\" href=\"https:\/\/jamonesblazquez.com\/en\/politica-de-cookies\/\" \/>\n<meta property=\"og:locale\" content=\"en_US\" \/>\n<meta property=\"og:type\" content=\"article\" \/>\n<meta property=\"og:title\" content=\"Pol\u00edtica de cookies - Jamones Bl\u00e1zquez\" \/>\n<meta property=\"og:description\" content=\"[vc_row css_animation=&#8221;&#8221; row_type=&#8221;row&#8221; use_row_as_full_screen_section=&#8221;no&#8221; type=&#8221;full_width&#8221; angled_section=&#8221;no&#8221; text_align=&#8221;left&#8221; background_image_as_pattern=&#8221;without_pattern&#8221; el_class=&#8221;txt-legales&#8221; z_index=&#8221;&#8221;][vc_column][vc_column_text el_class=&#8221;tit-pagina&#8221;] pol\u00edtica de cookies [\/vc_column_text][vc_column_text] De conformidad con lo establecido en el art\u00edculo 22.2 de la LSSICE (Ley 34\/2002, de 11 de julio), te informo de lo relativo al uso y tratamiento de dispositivos de...\" \/>\n<meta property=\"og:url\" content=\"https:\/\/jamonesblazquez.com\/en\/politica-de-cookies\/\" \/>\n<meta property=\"og:site_name\" content=\"Jamones Bl\u00e1zquez\" \/>\n<meta property=\"article:publisher\" content=\"https:\/\/www.facebook.com\/JamonBlazquez\/\" \/>\n<meta name=\"twitter:card\" content=\"summary_large_image\" \/>\n<meta name=\"twitter:site\" content=\"@jamonblazquez\" \/>\n<meta name=\"twitter:label1\" content=\"Est. reading time\" \/>\n\t<meta name=\"twitter:data1\" content=\"3 minutes\" \/>\n<script type=\"application\/ld+json\" class=\"yoast-schema-graph\">{\"@context\":\"https:\/\/schema.org\",\"@graph\":[{\"@type\":\"WebPage\",\"@id\":\"https:\/\/jamonesblazquez.com\/en\/politica-de-cookies\/\",\"url\":\"https:\/\/jamonesblazquez.com\/en\/politica-de-cookies\/\",\"name\":\"Pol\u00edtica de cookies - Jamones Bl\u00e1zquez\",\"isPartOf\":{\"@id\":\"https:\/\/jamonesblazquez.com\/es\/#website\"},\"datePublished\":\"2020-09-25T12:34:25+00:00\",\"breadcrumb\":{\"@id\":\"https:\/\/jamonesblazquez.com\/en\/politica-de-cookies\/#breadcrumb\"},\"inLanguage\":\"en-US\",\"potentialAction\":[{\"@type\":\"ReadAction\",\"target\":[\"https:\/\/jamonesblazquez.com\/en\/politica-de-cookies\/\"]}]},{\"@type\":\"BreadcrumbList\",\"@id\":\"https:\/\/jamonesblazquez.com\/en\/politica-de-cookies\/#breadcrumb\",\"itemListElement\":[{\"@type\":\"ListItem\",\"position\":1,\"name\":\"Portada\",\"item\":\"https:\/\/jamonesblazquez.com\/en\/\"},{\"@type\":\"ListItem\",\"position\":2,\"name\":\"Pol\u00edtica de cookies\"}]},{\"@type\":\"WebSite\",\"@id\":\"https:\/\/jamonesblazquez.com\/es\/#website\",\"url\":\"https:\/\/jamonesblazquez.com\/es\/\",\"name\":\"Jamones Bl\u00e1zquez\",\"description\":\"Obedece a la Tentaci\u00f3n!\",\"publisher\":{\"@id\":\"https:\/\/jamonesblazquez.com\/es\/#organization\"},\"potentialAction\":[{\"@type\":\"SearchAction\",\"target\":{\"@type\":\"EntryPoint\",\"urlTemplate\":\"https:\/\/jamonesblazquez.com\/es\/?s={search_term_string}\"},\"query-input\":{\"@type\":\"PropertyValueSpecification\",\"valueRequired\":true,\"valueName\":\"search_term_string\"}}],\"inLanguage\":\"en-US\"},{\"@type\":\"Organization\",\"@id\":\"https:\/\/jamonesblazquez.com\/es\/#organization\",\"name\":\"Jamones Bl\u00e1zquez\",\"url\":\"https:\/\/jamonesblazquez.com\/es\/\",\"logo\":{\"@type\":\"ImageObject\",\"inLanguage\":\"en-US\",\"@id\":\"https:\/\/jamonesblazquez.com\/es\/#\/schema\/logo\/image\/\",\"url\":\"https:\/\/jamonesblazquez.com\/wp-content\/uploads\/2019\/02\/Logo_Blazquez.png\",\"contentUrl\":\"https:\/\/jamonesblazquez.com\/wp-content\/uploads\/2019\/02\/Logo_Blazquez.png\",\"width\":500,\"height\":132,\"caption\":\"Jamones Bl\u00e1zquez\"},\"image\":{\"@id\":\"https:\/\/jamonesblazquez.com\/es\/#\/schema\/logo\/image\/\"},\"sameAs\":[\"https:\/\/www.facebook.com\/JamonBlazquez\/\",\"https:\/\/x.com\/jamonblazquez\",\"https:\/\/www.instagram.com\/jamonblazquez\/\",\"https:\/\/www.linkedin.com\/company\/10190869\/admin\/\"]}]}<\/script>\n<!-- \/ Yoast SEO plugin. -->","yoast_head_json":{"title":"Pol\u00edtica de cookies - Jamones Bl\u00e1zquez","robots":{"index":"index","follow":"follow","max-snippet":"max-snippet:-1","max-image-preview":"max-image-preview:large","max-video-preview":"max-video-preview:-1"},"canonical":"https:\/\/jamonesblazquez.com\/en\/politica-de-cookies\/","og_locale":"en_US","og_type":"article","og_title":"Pol\u00edtica de cookies - Jamones Bl\u00e1zquez","og_description":"[vc_row css_animation=&#8221;&#8221; row_type=&#8221;row&#8221; use_row_as_full_screen_section=&#8221;no&#8221; type=&#8221;full_width&#8221; angled_section=&#8221;no&#8221; text_align=&#8221;left&#8221; background_image_as_pattern=&#8221;without_pattern&#8221; el_class=&#8221;txt-legales&#8221; z_index=&#8221;&#8221;][vc_column][vc_column_text el_class=&#8221;tit-pagina&#8221;] pol\u00edtica de cookies [\/vc_column_text][vc_column_text] De conformidad con lo establecido en el art\u00edculo 22.2 de la LSSICE (Ley 34\/2002, de 11 de julio), te informo de lo relativo al uso y tratamiento de dispositivos de...","og_url":"https:\/\/jamonesblazquez.com\/en\/politica-de-cookies\/","og_site_name":"Jamones Bl\u00e1zquez","article_publisher":"https:\/\/www.facebook.com\/JamonBlazquez\/","twitter_card":"summary_large_image","twitter_site":"@jamonblazquez","twitter_misc":{"Est. reading time":"3 minutes"},"schema":{"@context":"https:\/\/schema.org","@graph":[{"@type":"WebPage","@id":"https:\/\/jamonesblazquez.com\/en\/politica-de-cookies\/","url":"https:\/\/jamonesblazquez.com\/en\/politica-de-cookies\/","name":"Pol\u00edtica de cookies - Jamones Bl\u00e1zquez","isPartOf":{"@id":"https:\/\/jamonesblazquez.com\/es\/#website"},"datePublished":"2020-09-25T12:34:25+00:00","breadcrumb":{"@id":"https:\/\/jamonesblazquez.com\/en\/politica-de-cookies\/#breadcrumb"},"inLanguage":"en-US","potentialAction":[{"@type":"ReadAction","target":["https:\/\/jamonesblazquez.com\/en\/politica-de-cookies\/"]}]},{"@type":"BreadcrumbList","@id":"https:\/\/jamonesblazquez.com\/en\/politica-de-cookies\/#breadcrumb","itemListElement":[{"@type":"ListItem","position":1,"name":"Portada","item":"https:\/\/jamonesblazquez.com\/en\/"},{"@type":"ListItem","position":2,"name":"Pol\u00edtica de cookies"}]},{"@type":"WebSite","@id":"https:\/\/jamonesblazquez.com\/es\/#website","url":"https:\/\/jamonesblazquez.com\/es\/","name":"Jamones Bl\u00e1zquez","description":"Obedece a la Tentaci\u00f3n!","publisher":{"@id":"https:\/\/jamonesblazquez.com\/es\/#organization"},"potentialAction":[{"@type":"SearchAction","target":{"@type":"EntryPoint","urlTemplate":"https:\/\/jamonesblazquez.com\/es\/?s={search_term_string}"},"query-input":{"@type":"PropertyValueSpecification","valueRequired":true,"valueName":"search_term_string"}}],"inLanguage":"en-US"},{"@type":"Organization","@id":"https:\/\/jamonesblazquez.com\/es\/#organization","name":"Jamones Bl\u00e1zquez","url":"https:\/\/jamonesblazquez.com\/es\/","logo":{"@type":"ImageObject","inLanguage":"en-US","@id":"https:\/\/jamonesblazquez.com\/es\/#\/schema\/logo\/image\/","url":"https:\/\/jamonesblazquez.com\/wp-content\/uploads\/2019\/02\/Logo_Blazquez.png","contentUrl":"https:\/\/jamonesblazquez.com\/wp-content\/uploads\/2019\/02\/Logo_Blazquez.png","width":500,"height":132,"caption":"Jamones Bl\u00e1zquez"},"image":{"@id":"https:\/\/jamonesblazquez.com\/es\/#\/schema\/logo\/image\/"},"sameAs":["https:\/\/www.facebook.com\/JamonBlazquez\/","https:\/\/x.com\/jamonblazquez","https:\/\/www.instagram.com\/jamonblazquez\/","https:\/\/www.linkedin.com\/company\/10190869\/admin\/"]}]}},"_links":{"self":[{"href":"https:\/\/jamonesblazquez.com\/en\/wp-json\/wp\/v2\/pages\/2549","targetHints":{"allow":["GET"]}}],"collection":[{"href":"https:\/\/jamonesblazquez.com\/en\/wp-json\/wp\/v2\/pages"}],"about":[{"href":"https:\/\/jamonesblazquez.com\/en\/wp-json\/wp\/v2\/types\/page"}],"author":[{"embeddable":true,"href":"https:\/\/jamonesblazquez.com\/en\/wp-json\/wp\/v2\/users\/5"}],"replies":[{"embeddable":true,"href":"https:\/\/jamonesblazquez.com\/en\/wp-json\/wp\/v2\/comments?post=2549"}],"version-history":[{"count":0,"href":"https:\/\/jamonesblazquez.com\/en\/wp-json\/wp\/v2\/pages\/2549\/revisions"}],"wp:attachment":[{"href":"https:\/\/jamonesblazquez.com\/en\/wp-json\/wp\/v2\/media?parent=2549"}],"curies":[{"name":"wp","href":"https:\/\/api.w.org\/{rel}","templated":true}]}}