{"id":3943,"date":"2020-07-22T14:04:19","date_gmt":"2020-07-22T12:04:19","guid":{"rendered":"https:\/\/dev.jamonesblazquez.com\/producto\/cofre-blazquez\/"},"modified":"2020-10-22T10:32:45","modified_gmt":"2020-10-22T08:32:45","slug":"cofre-blazquez","status":"publish","type":"product","link":"https:\/\/jamonesblazquez.com\/en\/Producto\/cofre-blazquez\/","title":{"rendered":"COFRE BL\u00c1ZQUEZ"},"content":{"rendered":"<p>Del\u00e9itate con los loncheados de paleta ib\u00e9rica procesente de piezas  jugosas. 20 loncheados 100 gr. <\/p>\n<p>Paleta ib\u00e9rica de bellota Admiraci\u00f3n Bl\u00e1zquez.<\/p>\n<p><span class='prd-glutenfree'><\/span><span class='prd-sinlactosa'><\/span><span class='prd-sinconservantes'><\/span><span class='prd-sinaditivos'><\/span><\/p>\n<h3>INGREDIENTES<\/h3>\n<p>Paleta de cerdo Ib\u00e9rico 50% raza Ib\u00e9rica y  sal.<\/p>\n<h3>VALORES NUTRICIONALES (en 100g)<\/h3>\n<p>Valor energ\u00e9tico: 418  Kcal \/ 1737KJ<br \/>Prote\u00ednas (g): 30,2<br \/>Hidratos de carbono (g):0,8<br \/>&#8211; De los cuales az\u00facares: (g): <0,5<br \/>Grasas (g):  32,7<br \/>&#8211; De las cuales saturadas (g): 12,7<br \/>Sal (g): 3,5<\/p>\n","protected":false},"excerpt":{"rendered":"<p>Del\u00e9itate con esta selecci\u00f3n de piezas admirables, curadas de forma tradicional y siguiendo los criterios artesanales dignos de la familia Bl\u00e1zquez. Degusta el deseo de coleccionistas culinarios.<\/p>\n","protected":false},"featured_media":3454,"template":"","meta":[],"product_brand":[],"product_cat":[752,757],"product_tag":[],"class_list":{"0":"post-3943","1":"product","2":"type-product","3":"status-publish","4":"has-post-thumbnail","6":"product_cat-en-caja-tus-blazquez-en","7":"product_cat-paletas-en","9":"first","10":"instock","11":"taxable","12":"shipping-taxable","13":"product-type-simple"},"yoast_head":"<!-- This site is optimized with the Yoast SEO plugin v27.1.1 - https:\/\/yoast.com\/product\/yoast-seo-wordpress\/ -->\n<title>Comprar COFRE BL\u00c1ZQUEZ - Jamones Bl\u00e1zquez<\/title>\n<meta name=\"description\" content=\"Del\u00e9itate con esta selecci\u00f3n de piezas admirables, curadas de forma tradicional y siguiendo los criterios artesanales dignos de la familia Bl\u00e1zquez. Degusta el deseo de coleccionistas culinarios.\" \/>\n<meta name=\"robots\" content=\"index, follow, max-snippet:-1, max-image-preview:large, max-video-preview:-1\" \/>\n<link rel=\"canonical\" href=\"https:\/\/jamonesblazquez.com\/es\/Producto\/cofre-blazquez-de-loncheados-ibericos\/\" \/>\n<meta property=\"og:locale\" content=\"en_US\" \/>\n<meta property=\"og:type\" content=\"article\" \/>\n<meta property=\"og:title\" content=\"Comprar COFRE BL\u00c1ZQUEZ - Jamones Bl\u00e1zquez\" \/>\n<meta property=\"og:description\" content=\"Del\u00e9itate con esta selecci\u00f3n de piezas admirables, curadas de forma tradicional y siguiendo los criterios artesanales dignos de la familia Bl\u00e1zquez. Degusta el deseo de coleccionistas culinarios.\" \/>\n<meta property=\"og:url\" content=\"https:\/\/jamonesblazquez.com\/es\/Producto\/cofre-blazquez-de-loncheados-ibericos\/\" \/>\n<meta property=\"og:site_name\" content=\"Jamones Bl\u00e1zquez\" \/>\n<meta property=\"article:publisher\" content=\"https:\/\/www.facebook.com\/JamonBlazquez\/\" \/>\n<meta property=\"article:modified_time\" content=\"2020-10-22T08:32:45+00:00\" \/>\n<meta property=\"og:image\" content=\"https:\/\/jamonesblazquez.com\/wp-content\/uploads\/2020\/07\/image034-e1597753959970.jpg\" \/>\n\t<meta property=\"og:image:width\" content=\"800\" \/>\n\t<meta property=\"og:image:height\" content=\"800\" \/>\n\t<meta property=\"og:image:type\" content=\"image\/jpeg\" \/>\n<meta name=\"twitter:card\" content=\"summary_large_image\" \/>\n<meta name=\"twitter:site\" content=\"@jamonblazquez\" \/>\n<script type=\"application\/ld+json\" class=\"yoast-schema-graph\">{\"@context\":\"https:\/\/schema.org\",\"@graph\":[{\"@type\":[\"WebPage\",\"ItemPage\"],\"@id\":\"https:\/\/jamonesblazquez.com\/es\/Producto\/cofre-blazquez-de-loncheados-ibericos\/\",\"url\":\"https:\/\/jamonesblazquez.com\/es\/Producto\/cofre-blazquez-de-loncheados-ibericos\/\",\"name\":\"Comprar COFRE BL\u00c1ZQUEZ - Jamones Bl\u00e1zquez\",\"isPartOf\":{\"@id\":\"https:\/\/jamonesblazquez.com\/es\/#website\"},\"primaryImageOfPage\":{\"@id\":\"https:\/\/jamonesblazquez.com\/es\/Producto\/cofre-blazquez-de-loncheados-ibericos\/#primaryimage\"},\"image\":{\"@id\":\"https:\/\/jamonesblazquez.com\/es\/Producto\/cofre-blazquez-de-loncheados-ibericos\/#primaryimage\"},\"thumbnailUrl\":\"https:\/\/jamonesblazquez.com\/wp-content\/uploads\/2020\/07\/image034-e1597753959970.jpg\",\"datePublished\":\"2020-07-22T12:04:19+00:00\",\"dateModified\":\"2020-10-22T08:32:45+00:00\",\"description\":\"Del\u00e9itate con esta selecci\u00f3n de piezas admirables, curadas de forma tradicional y siguiendo los criterios artesanales dignos de la familia Bl\u00e1zquez. Degusta el deseo de coleccionistas culinarios.\",\"breadcrumb\":{\"@id\":\"https:\/\/jamonesblazquez.com\/es\/Producto\/cofre-blazquez-de-loncheados-ibericos\/#breadcrumb\"},\"inLanguage\":\"en-US\",\"potentialAction\":[{\"@type\":\"ReadAction\",\"target\":[\"https:\/\/jamonesblazquez.com\/es\/Producto\/cofre-blazquez-de-loncheados-ibericos\/\"]}]},{\"@type\":\"ImageObject\",\"inLanguage\":\"en-US\",\"@id\":\"https:\/\/jamonesblazquez.com\/es\/Producto\/cofre-blazquez-de-loncheados-ibericos\/#primaryimage\",\"url\":\"https:\/\/jamonesblazquez.com\/wp-content\/uploads\/2020\/07\/image034-e1597753959970.jpg\",\"contentUrl\":\"https:\/\/jamonesblazquez.com\/wp-content\/uploads\/2020\/07\/image034-e1597753959970.jpg\",\"width\":800,\"height\":800,\"caption\":\"Cofre Bl\u00e1zquez\"},{\"@type\":\"BreadcrumbList\",\"@id\":\"https:\/\/jamonesblazquez.com\/es\/Producto\/cofre-blazquez-de-loncheados-ibericos\/#breadcrumb\",\"itemListElement\":[{\"@type\":\"ListItem\",\"position\":1,\"name\":\"Portada\",\"item\":\"https:\/\/jamonesblazquez.com\/en\/\"},{\"@type\":\"ListItem\",\"position\":2,\"name\":\"Shop\",\"item\":\"https:\/\/jamonesblazquez.com\/en\/shop\/\"},{\"@type\":\"ListItem\",\"position\":3,\"name\":\"COFRE BL\u00c1ZQUEZ\"}]},{\"@type\":\"WebSite\",\"@id\":\"https:\/\/jamonesblazquez.com\/es\/#website\",\"url\":\"https:\/\/jamonesblazquez.com\/es\/\",\"name\":\"Jamones Bl\u00e1zquez\",\"description\":\"Obedece a la Tentaci\u00f3n!\",\"publisher\":{\"@id\":\"https:\/\/jamonesblazquez.com\/es\/#organization\"},\"potentialAction\":[{\"@type\":\"SearchAction\",\"target\":{\"@type\":\"EntryPoint\",\"urlTemplate\":\"https:\/\/jamonesblazquez.com\/es\/?s={search_term_string}\"},\"query-input\":{\"@type\":\"PropertyValueSpecification\",\"valueRequired\":true,\"valueName\":\"search_term_string\"}}],\"inLanguage\":\"en-US\"},{\"@type\":\"Organization\",\"@id\":\"https:\/\/jamonesblazquez.com\/es\/#organization\",\"name\":\"Jamones Bl\u00e1zquez\",\"url\":\"https:\/\/jamonesblazquez.com\/es\/\",\"logo\":{\"@type\":\"ImageObject\",\"inLanguage\":\"en-US\",\"@id\":\"https:\/\/jamonesblazquez.com\/es\/#\/schema\/logo\/image\/\",\"url\":\"https:\/\/jamonesblazquez.com\/wp-content\/uploads\/2019\/02\/Logo_Blazquez.png\",\"contentUrl\":\"https:\/\/jamonesblazquez.com\/wp-content\/uploads\/2019\/02\/Logo_Blazquez.png\",\"width\":500,\"height\":132,\"caption\":\"Jamones Bl\u00e1zquez\"},\"image\":{\"@id\":\"https:\/\/jamonesblazquez.com\/es\/#\/schema\/logo\/image\/\"},\"sameAs\":[\"https:\/\/www.facebook.com\/JamonBlazquez\/\",\"https:\/\/x.com\/jamonblazquez\",\"https:\/\/www.instagram.com\/jamonblazquez\/\",\"https:\/\/www.linkedin.com\/company\/10190869\/admin\/\"]}]}<\/script>\n<!-- \/ Yoast SEO plugin. -->","yoast_head_json":{"title":"Comprar COFRE BL\u00c1ZQUEZ - Jamones Bl\u00e1zquez","description":"Del\u00e9itate con esta selecci\u00f3n de piezas admirables, curadas de forma tradicional y siguiendo los criterios artesanales dignos de la familia Bl\u00e1zquez. Degusta el deseo de coleccionistas culinarios.","robots":{"index":"index","follow":"follow","max-snippet":"max-snippet:-1","max-image-preview":"max-image-preview:large","max-video-preview":"max-video-preview:-1"},"canonical":"https:\/\/jamonesblazquez.com\/es\/Producto\/cofre-blazquez-de-loncheados-ibericos\/","og_locale":"en_US","og_type":"article","og_title":"Comprar COFRE BL\u00c1ZQUEZ - Jamones Bl\u00e1zquez","og_description":"Del\u00e9itate con esta selecci\u00f3n de piezas admirables, curadas de forma tradicional y siguiendo los criterios artesanales dignos de la familia Bl\u00e1zquez. Degusta el deseo de coleccionistas culinarios.","og_url":"https:\/\/jamonesblazquez.com\/es\/Producto\/cofre-blazquez-de-loncheados-ibericos\/","og_site_name":"Jamones Bl\u00e1zquez","article_publisher":"https:\/\/www.facebook.com\/JamonBlazquez\/","article_modified_time":"2020-10-22T08:32:45+00:00","og_image":[{"width":800,"height":800,"url":"https:\/\/jamonesblazquez.com\/wp-content\/uploads\/2020\/07\/image034-e1597753959970.jpg","type":"image\/jpeg"}],"twitter_card":"summary_large_image","twitter_site":"@jamonblazquez","schema":{"@context":"https:\/\/schema.org","@graph":[{"@type":["WebPage","ItemPage"],"@id":"https:\/\/jamonesblazquez.com\/es\/Producto\/cofre-blazquez-de-loncheados-ibericos\/","url":"https:\/\/jamonesblazquez.com\/es\/Producto\/cofre-blazquez-de-loncheados-ibericos\/","name":"Comprar COFRE BL\u00c1ZQUEZ - Jamones Bl\u00e1zquez","isPartOf":{"@id":"https:\/\/jamonesblazquez.com\/es\/#website"},"primaryImageOfPage":{"@id":"https:\/\/jamonesblazquez.com\/es\/Producto\/cofre-blazquez-de-loncheados-ibericos\/#primaryimage"},"image":{"@id":"https:\/\/jamonesblazquez.com\/es\/Producto\/cofre-blazquez-de-loncheados-ibericos\/#primaryimage"},"thumbnailUrl":"https:\/\/jamonesblazquez.com\/wp-content\/uploads\/2020\/07\/image034-e1597753959970.jpg","datePublished":"2020-07-22T12:04:19+00:00","dateModified":"2020-10-22T08:32:45+00:00","description":"Del\u00e9itate con esta selecci\u00f3n de piezas admirables, curadas de forma tradicional y siguiendo los criterios artesanales dignos de la familia Bl\u00e1zquez. Degusta el deseo de coleccionistas culinarios.","breadcrumb":{"@id":"https:\/\/jamonesblazquez.com\/es\/Producto\/cofre-blazquez-de-loncheados-ibericos\/#breadcrumb"},"inLanguage":"en-US","potentialAction":[{"@type":"ReadAction","target":["https:\/\/jamonesblazquez.com\/es\/Producto\/cofre-blazquez-de-loncheados-ibericos\/"]}]},{"@type":"ImageObject","inLanguage":"en-US","@id":"https:\/\/jamonesblazquez.com\/es\/Producto\/cofre-blazquez-de-loncheados-ibericos\/#primaryimage","url":"https:\/\/jamonesblazquez.com\/wp-content\/uploads\/2020\/07\/image034-e1597753959970.jpg","contentUrl":"https:\/\/jamonesblazquez.com\/wp-content\/uploads\/2020\/07\/image034-e1597753959970.jpg","width":800,"height":800,"caption":"Cofre Bl\u00e1zquez"},{"@type":"BreadcrumbList","@id":"https:\/\/jamonesblazquez.com\/es\/Producto\/cofre-blazquez-de-loncheados-ibericos\/#breadcrumb","itemListElement":[{"@type":"ListItem","position":1,"name":"Portada","item":"https:\/\/jamonesblazquez.com\/en\/"},{"@type":"ListItem","position":2,"name":"Shop","item":"https:\/\/jamonesblazquez.com\/en\/shop\/"},{"@type":"ListItem","position":3,"name":"COFRE BL\u00c1ZQUEZ"}]},{"@type":"WebSite","@id":"https:\/\/jamonesblazquez.com\/es\/#website","url":"https:\/\/jamonesblazquez.com\/es\/","name":"Jamones Bl\u00e1zquez","description":"Obedece a la Tentaci\u00f3n!","publisher":{"@id":"https:\/\/jamonesblazquez.com\/es\/#organization"},"potentialAction":[{"@type":"SearchAction","target":{"@type":"EntryPoint","urlTemplate":"https:\/\/jamonesblazquez.com\/es\/?s={search_term_string}"},"query-input":{"@type":"PropertyValueSpecification","valueRequired":true,"valueName":"search_term_string"}}],"inLanguage":"en-US"},{"@type":"Organization","@id":"https:\/\/jamonesblazquez.com\/es\/#organization","name":"Jamones Bl\u00e1zquez","url":"https:\/\/jamonesblazquez.com\/es\/","logo":{"@type":"ImageObject","inLanguage":"en-US","@id":"https:\/\/jamonesblazquez.com\/es\/#\/schema\/logo\/image\/","url":"https:\/\/jamonesblazquez.com\/wp-content\/uploads\/2019\/02\/Logo_Blazquez.png","contentUrl":"https:\/\/jamonesblazquez.com\/wp-content\/uploads\/2019\/02\/Logo_Blazquez.png","width":500,"height":132,"caption":"Jamones Bl\u00e1zquez"},"image":{"@id":"https:\/\/jamonesblazquez.com\/es\/#\/schema\/logo\/image\/"},"sameAs":["https:\/\/www.facebook.com\/JamonBlazquez\/","https:\/\/x.com\/jamonblazquez","https:\/\/www.instagram.com\/jamonblazquez\/","https:\/\/www.linkedin.com\/company\/10190869\/admin\/"]}]}},"_links":{"self":[{"href":"https:\/\/jamonesblazquez.com\/en\/wp-json\/wp\/v2\/product\/3943","targetHints":{"allow":["GET"]}}],"collection":[{"href":"https:\/\/jamonesblazquez.com\/en\/wp-json\/wp\/v2\/product"}],"about":[{"href":"https:\/\/jamonesblazquez.com\/en\/wp-json\/wp\/v2\/types\/product"}],"wp:featuredmedia":[{"embeddable":true,"href":"https:\/\/jamonesblazquez.com\/en\/wp-json\/wp\/v2\/media\/3454"}],"wp:attachment":[{"href":"https:\/\/jamonesblazquez.com\/en\/wp-json\/wp\/v2\/media?parent=3943"}],"wp:term":[{"taxonomy":"product_brand","embeddable":true,"href":"https:\/\/jamonesblazquez.com\/en\/wp-json\/wp\/v2\/product_brand?post=3943"},{"taxonomy":"product_cat","embeddable":true,"href":"https:\/\/jamonesblazquez.com\/en\/wp-json\/wp\/v2\/product_cat?post=3943"},{"taxonomy":"product_tag","embeddable":true,"href":"https:\/\/jamonesblazquez.com\/en\/wp-json\/wp\/v2\/product_tag?post=3943"}],"curies":[{"name":"wp","href":"https:\/\/api.w.org\/{rel}","templated":true}]}}