{"id":3952,"date":"2020-07-22T14:04:18","date_gmt":"2020-07-22T12:04:18","guid":{"rendered":"https:\/\/dev.jamonesblazquez.com\/producto\/chorizo-iberico-bellota-unico\/"},"modified":"2020-07-22T14:04:18","modified_gmt":"2020-07-22T12:04:18","slug":"chorizo-iberico-bellota-unico","status":"publish","type":"product","link":"https:\/\/jamonesblazquez.com\/en\/Producto\/chorizo-iberico-bellota-unico\/","title":{"rendered":"ChorizoI Ib\u00e9rico Bellota \u00danico"},"content":{"rendered":"<p>\u00bfC\u00f3mo hacer de un embutido algo excepcional e incomparable como el Chorizo ib\u00e9rico bellota \u201c\u00danico\u201d?.<\/p>\n<p>Para conseguir hacer del embutido \u201c\u00danico\u201d de Bl\u00e1zquez, un producto admirable, solo seleccionamos las piezas m\u00e1s nobles del cerdo ib\u00e9rico de bellota. <\/p>\n<h3>INGREDIENTES<\/h3>\n<p>Carne de cerdo, sal, piment\u00f3n, dextrosa, aceite de oliva virgen extra, dextrina,especias, conservadores (E-250 y E-252), corrector de acidez (E-331iii) y antioxidante (E-301).<\/p>\n<h3>VALORES NUTRICIONALES (en 100g)<\/h3>\n<p>Valor energ\u00e9tico: 537 Kcal \/ 2237KJ<br \/>Prote\u00ednas (g): 23<br \/>Hidratos de carbono (g): &lt;1<br \/>&#8211; De los cuales az\u00facares: (g): &lt;0,5<br \/>Grasas (g): 49<br \/>&#8211; De las cuales saturadas (g): 20<br \/>Sal (g): 2,5<\/p>\n","protected":false},"excerpt":{"rendered":"<p>El Chorizo ib\u00e9rico de bellota \u00danico es elaborado a partir \u00fanicamente de piezas nobles del cerdo ib\u00e9rico de bellota.<\/p>\n<p>Pertenecen a una selecci\u00f3n de piezas exclusivas &#8220;\u00danico&#8221; y por este motivo son piezas limitadas, comercializadas bajo disponibilidad.<\/p>\n","protected":false},"featured_media":9038,"template":"","meta":[],"product_brand":[],"product_cat":[756],"product_tag":[],"class_list":{"0":"post-3952","1":"product","2":"type-product","3":"status-publish","4":"has-post-thumbnail","6":"product_cat-lo-mas-exclusivo-en","8":"first","9":"instock","10":"taxable","11":"shipping-taxable","12":"product-type-simple"},"yoast_head":"<!-- This site is optimized with the Yoast SEO plugin v27.1.1 - https:\/\/yoast.com\/product\/yoast-seo-wordpress\/ -->\n<title>Comprar ChorizoI Ib\u00e9rico Bellota \u00danico - Jamones Bl\u00e1zquez<\/title>\n<meta name=\"description\" content=\"El Chorizo ib\u00e9rico de bellota \u00danico es elaborado a partir \u00fanicamente de piezas nobles del cerdo ib\u00e9rico de bellota. Pertenecen a una selecci\u00f3n de piezas exclusivas &quot;\u00danico&quot; y por este motivo son piezas limitadas, comercializadas bajo disponibilidad.\" \/>\n<meta name=\"robots\" content=\"index, follow, max-snippet:-1, max-image-preview:large, max-video-preview:-1\" \/>\n<link rel=\"canonical\" href=\"https:\/\/jamonesblazquez.com\/en\/Producto\/chorizo-iberico-bellota-unico\/\" \/>\n<meta property=\"og:locale\" content=\"en_US\" \/>\n<meta property=\"og:type\" content=\"article\" \/>\n<meta property=\"og:title\" content=\"Comprar ChorizoI Ib\u00e9rico Bellota \u00danico - Jamones Bl\u00e1zquez\" \/>\n<meta property=\"og:description\" content=\"El Chorizo ib\u00e9rico de bellota \u00danico es elaborado a partir \u00fanicamente de piezas nobles del cerdo ib\u00e9rico de bellota. Pertenecen a una selecci\u00f3n de piezas exclusivas &quot;\u00danico&quot; y por este motivo son piezas limitadas, comercializadas bajo disponibilidad.\" \/>\n<meta property=\"og:url\" content=\"https:\/\/jamonesblazquez.com\/en\/Producto\/chorizo-iberico-bellota-unico\/\" \/>\n<meta property=\"og:site_name\" content=\"Jamones Bl\u00e1zquez\" \/>\n<meta property=\"article:publisher\" content=\"https:\/\/www.facebook.com\/JamonBlazquez\/\" \/>\n<meta property=\"og:image\" content=\"https:\/\/jamonesblazquez.com\/wp-content\/uploads\/2020\/07\/CHORIZO-JACINTO-BLAZQUEZ-3.jpg\" \/>\n\t<meta property=\"og:image:width\" content=\"1080\" \/>\n\t<meta property=\"og:image:height\" content=\"1080\" \/>\n\t<meta property=\"og:image:type\" content=\"image\/jpeg\" \/>\n<meta name=\"twitter:card\" content=\"summary_large_image\" \/>\n<meta name=\"twitter:site\" content=\"@jamonblazquez\" \/>\n<meta name=\"twitter:label1\" content=\"Est. reading time\" \/>\n\t<meta name=\"twitter:data1\" content=\"1 minute\" \/>\n<script type=\"application\/ld+json\" class=\"yoast-schema-graph\">{\"@context\":\"https:\/\/schema.org\",\"@graph\":[{\"@type\":[\"WebPage\",\"ItemPage\"],\"@id\":\"https:\/\/jamonesblazquez.com\/en\/Producto\/chorizo-iberico-bellota-unico\/\",\"url\":\"https:\/\/jamonesblazquez.com\/en\/Producto\/chorizo-iberico-bellota-unico\/\",\"name\":\"Comprar ChorizoI Ib\u00e9rico Bellota \u00danico - Jamones Bl\u00e1zquez\",\"isPartOf\":{\"@id\":\"https:\/\/jamonesblazquez.com\/es\/#website\"},\"primaryImageOfPage\":{\"@id\":\"https:\/\/jamonesblazquez.com\/en\/Producto\/chorizo-iberico-bellota-unico\/#primaryimage\"},\"image\":{\"@id\":\"https:\/\/jamonesblazquez.com\/en\/Producto\/chorizo-iberico-bellota-unico\/#primaryimage\"},\"thumbnailUrl\":\"https:\/\/jamonesblazquez.com\/wp-content\/uploads\/2020\/07\/CHORIZO-JACINTO-BLAZQUEZ-3.jpg\",\"datePublished\":\"2020-07-22T12:04:18+00:00\",\"description\":\"El Chorizo ib\u00e9rico de bellota \u00danico es elaborado a partir \u00fanicamente de piezas nobles del cerdo ib\u00e9rico de bellota. Pertenecen a una selecci\u00f3n de piezas exclusivas \\\"\u00danico\\\" y por este motivo son piezas limitadas, comercializadas bajo disponibilidad.\",\"breadcrumb\":{\"@id\":\"https:\/\/jamonesblazquez.com\/en\/Producto\/chorizo-iberico-bellota-unico\/#breadcrumb\"},\"inLanguage\":\"en-US\",\"potentialAction\":[{\"@type\":\"ReadAction\",\"target\":[\"https:\/\/jamonesblazquez.com\/en\/Producto\/chorizo-iberico-bellota-unico\/\"]}]},{\"@type\":\"ImageObject\",\"inLanguage\":\"en-US\",\"@id\":\"https:\/\/jamonesblazquez.com\/en\/Producto\/chorizo-iberico-bellota-unico\/#primaryimage\",\"url\":\"https:\/\/jamonesblazquez.com\/wp-content\/uploads\/2020\/07\/CHORIZO-JACINTO-BLAZQUEZ-3.jpg\",\"contentUrl\":\"https:\/\/jamonesblazquez.com\/wp-content\/uploads\/2020\/07\/CHORIZO-JACINTO-BLAZQUEZ-3.jpg\",\"width\":1080,\"height\":1080,\"caption\":\"CHORIZO JACINTO BL\u00c1ZQUEZ (3)\"},{\"@type\":\"BreadcrumbList\",\"@id\":\"https:\/\/jamonesblazquez.com\/en\/Producto\/chorizo-iberico-bellota-unico\/#breadcrumb\",\"itemListElement\":[{\"@type\":\"ListItem\",\"position\":1,\"name\":\"Portada\",\"item\":\"https:\/\/jamonesblazquez.com\/en\/\"},{\"@type\":\"ListItem\",\"position\":2,\"name\":\"Shop\",\"item\":\"https:\/\/jamonesblazquez.com\/en\/shop\/\"},{\"@type\":\"ListItem\",\"position\":3,\"name\":\"ChorizoI Ib\u00e9rico Bellota \u00danico\"}]},{\"@type\":\"WebSite\",\"@id\":\"https:\/\/jamonesblazquez.com\/es\/#website\",\"url\":\"https:\/\/jamonesblazquez.com\/es\/\",\"name\":\"Jamones Bl\u00e1zquez\",\"description\":\"Obedece a la Tentaci\u00f3n!\",\"publisher\":{\"@id\":\"https:\/\/jamonesblazquez.com\/es\/#organization\"},\"potentialAction\":[{\"@type\":\"SearchAction\",\"target\":{\"@type\":\"EntryPoint\",\"urlTemplate\":\"https:\/\/jamonesblazquez.com\/es\/?s={search_term_string}\"},\"query-input\":{\"@type\":\"PropertyValueSpecification\",\"valueRequired\":true,\"valueName\":\"search_term_string\"}}],\"inLanguage\":\"en-US\"},{\"@type\":\"Organization\",\"@id\":\"https:\/\/jamonesblazquez.com\/es\/#organization\",\"name\":\"Jamones Bl\u00e1zquez\",\"url\":\"https:\/\/jamonesblazquez.com\/es\/\",\"logo\":{\"@type\":\"ImageObject\",\"inLanguage\":\"en-US\",\"@id\":\"https:\/\/jamonesblazquez.com\/es\/#\/schema\/logo\/image\/\",\"url\":\"https:\/\/jamonesblazquez.com\/wp-content\/uploads\/2019\/02\/Logo_Blazquez.png\",\"contentUrl\":\"https:\/\/jamonesblazquez.com\/wp-content\/uploads\/2019\/02\/Logo_Blazquez.png\",\"width\":500,\"height\":132,\"caption\":\"Jamones Bl\u00e1zquez\"},\"image\":{\"@id\":\"https:\/\/jamonesblazquez.com\/es\/#\/schema\/logo\/image\/\"},\"sameAs\":[\"https:\/\/www.facebook.com\/JamonBlazquez\/\",\"https:\/\/x.com\/jamonblazquez\",\"https:\/\/www.instagram.com\/jamonblazquez\/\",\"https:\/\/www.linkedin.com\/company\/10190869\/admin\/\"]}]}<\/script>\n<!-- \/ Yoast SEO plugin. -->","yoast_head_json":{"title":"Comprar ChorizoI Ib\u00e9rico Bellota \u00danico - Jamones Bl\u00e1zquez","description":"El Chorizo ib\u00e9rico de bellota \u00danico es elaborado a partir \u00fanicamente de piezas nobles del cerdo ib\u00e9rico de bellota. Pertenecen a una selecci\u00f3n de piezas exclusivas \"\u00danico\" y por este motivo son piezas limitadas, comercializadas bajo disponibilidad.","robots":{"index":"index","follow":"follow","max-snippet":"max-snippet:-1","max-image-preview":"max-image-preview:large","max-video-preview":"max-video-preview:-1"},"canonical":"https:\/\/jamonesblazquez.com\/en\/Producto\/chorizo-iberico-bellota-unico\/","og_locale":"en_US","og_type":"article","og_title":"Comprar ChorizoI Ib\u00e9rico Bellota \u00danico - Jamones Bl\u00e1zquez","og_description":"El Chorizo ib\u00e9rico de bellota \u00danico es elaborado a partir \u00fanicamente de piezas nobles del cerdo ib\u00e9rico de bellota. Pertenecen a una selecci\u00f3n de piezas exclusivas \"\u00danico\" y por este motivo son piezas limitadas, comercializadas bajo disponibilidad.","og_url":"https:\/\/jamonesblazquez.com\/en\/Producto\/chorizo-iberico-bellota-unico\/","og_site_name":"Jamones Bl\u00e1zquez","article_publisher":"https:\/\/www.facebook.com\/JamonBlazquez\/","og_image":[{"width":1080,"height":1080,"url":"https:\/\/jamonesblazquez.com\/wp-content\/uploads\/2020\/07\/CHORIZO-JACINTO-BLAZQUEZ-3.jpg","type":"image\/jpeg"}],"twitter_card":"summary_large_image","twitter_site":"@jamonblazquez","twitter_misc":{"Est. reading time":"1 minute"},"schema":{"@context":"https:\/\/schema.org","@graph":[{"@type":["WebPage","ItemPage"],"@id":"https:\/\/jamonesblazquez.com\/en\/Producto\/chorizo-iberico-bellota-unico\/","url":"https:\/\/jamonesblazquez.com\/en\/Producto\/chorizo-iberico-bellota-unico\/","name":"Comprar ChorizoI Ib\u00e9rico Bellota \u00danico - Jamones Bl\u00e1zquez","isPartOf":{"@id":"https:\/\/jamonesblazquez.com\/es\/#website"},"primaryImageOfPage":{"@id":"https:\/\/jamonesblazquez.com\/en\/Producto\/chorizo-iberico-bellota-unico\/#primaryimage"},"image":{"@id":"https:\/\/jamonesblazquez.com\/en\/Producto\/chorizo-iberico-bellota-unico\/#primaryimage"},"thumbnailUrl":"https:\/\/jamonesblazquez.com\/wp-content\/uploads\/2020\/07\/CHORIZO-JACINTO-BLAZQUEZ-3.jpg","datePublished":"2020-07-22T12:04:18+00:00","description":"El Chorizo ib\u00e9rico de bellota \u00danico es elaborado a partir \u00fanicamente de piezas nobles del cerdo ib\u00e9rico de bellota. Pertenecen a una selecci\u00f3n de piezas exclusivas \"\u00danico\" y por este motivo son piezas limitadas, comercializadas bajo disponibilidad.","breadcrumb":{"@id":"https:\/\/jamonesblazquez.com\/en\/Producto\/chorizo-iberico-bellota-unico\/#breadcrumb"},"inLanguage":"en-US","potentialAction":[{"@type":"ReadAction","target":["https:\/\/jamonesblazquez.com\/en\/Producto\/chorizo-iberico-bellota-unico\/"]}]},{"@type":"ImageObject","inLanguage":"en-US","@id":"https:\/\/jamonesblazquez.com\/en\/Producto\/chorizo-iberico-bellota-unico\/#primaryimage","url":"https:\/\/jamonesblazquez.com\/wp-content\/uploads\/2020\/07\/CHORIZO-JACINTO-BLAZQUEZ-3.jpg","contentUrl":"https:\/\/jamonesblazquez.com\/wp-content\/uploads\/2020\/07\/CHORIZO-JACINTO-BLAZQUEZ-3.jpg","width":1080,"height":1080,"caption":"CHORIZO JACINTO BL\u00c1ZQUEZ (3)"},{"@type":"BreadcrumbList","@id":"https:\/\/jamonesblazquez.com\/en\/Producto\/chorizo-iberico-bellota-unico\/#breadcrumb","itemListElement":[{"@type":"ListItem","position":1,"name":"Portada","item":"https:\/\/jamonesblazquez.com\/en\/"},{"@type":"ListItem","position":2,"name":"Shop","item":"https:\/\/jamonesblazquez.com\/en\/shop\/"},{"@type":"ListItem","position":3,"name":"ChorizoI Ib\u00e9rico Bellota \u00danico"}]},{"@type":"WebSite","@id":"https:\/\/jamonesblazquez.com\/es\/#website","url":"https:\/\/jamonesblazquez.com\/es\/","name":"Jamones Bl\u00e1zquez","description":"Obedece a la Tentaci\u00f3n!","publisher":{"@id":"https:\/\/jamonesblazquez.com\/es\/#organization"},"potentialAction":[{"@type":"SearchAction","target":{"@type":"EntryPoint","urlTemplate":"https:\/\/jamonesblazquez.com\/es\/?s={search_term_string}"},"query-input":{"@type":"PropertyValueSpecification","valueRequired":true,"valueName":"search_term_string"}}],"inLanguage":"en-US"},{"@type":"Organization","@id":"https:\/\/jamonesblazquez.com\/es\/#organization","name":"Jamones Bl\u00e1zquez","url":"https:\/\/jamonesblazquez.com\/es\/","logo":{"@type":"ImageObject","inLanguage":"en-US","@id":"https:\/\/jamonesblazquez.com\/es\/#\/schema\/logo\/image\/","url":"https:\/\/jamonesblazquez.com\/wp-content\/uploads\/2019\/02\/Logo_Blazquez.png","contentUrl":"https:\/\/jamonesblazquez.com\/wp-content\/uploads\/2019\/02\/Logo_Blazquez.png","width":500,"height":132,"caption":"Jamones Bl\u00e1zquez"},"image":{"@id":"https:\/\/jamonesblazquez.com\/es\/#\/schema\/logo\/image\/"},"sameAs":["https:\/\/www.facebook.com\/JamonBlazquez\/","https:\/\/x.com\/jamonblazquez","https:\/\/www.instagram.com\/jamonblazquez\/","https:\/\/www.linkedin.com\/company\/10190869\/admin\/"]}]}},"_links":{"self":[{"href":"https:\/\/jamonesblazquez.com\/en\/wp-json\/wp\/v2\/product\/3952","targetHints":{"allow":["GET"]}}],"collection":[{"href":"https:\/\/jamonesblazquez.com\/en\/wp-json\/wp\/v2\/product"}],"about":[{"href":"https:\/\/jamonesblazquez.com\/en\/wp-json\/wp\/v2\/types\/product"}],"wp:featuredmedia":[{"embeddable":true,"href":"https:\/\/jamonesblazquez.com\/en\/wp-json\/wp\/v2\/media\/9038"}],"wp:attachment":[{"href":"https:\/\/jamonesblazquez.com\/en\/wp-json\/wp\/v2\/media?parent=3952"}],"wp:term":[{"taxonomy":"product_brand","embeddable":true,"href":"https:\/\/jamonesblazquez.com\/en\/wp-json\/wp\/v2\/product_brand?post=3952"},{"taxonomy":"product_cat","embeddable":true,"href":"https:\/\/jamonesblazquez.com\/en\/wp-json\/wp\/v2\/product_cat?post=3952"},{"taxonomy":"product_tag","embeddable":true,"href":"https:\/\/jamonesblazquez.com\/en\/wp-json\/wp\/v2\/product_tag?post=3952"}],"curies":[{"name":"wp","href":"https:\/\/api.w.org\/{rel}","templated":true}]}}