{"id":3957,"date":"2020-07-22T14:04:17","date_gmt":"2020-07-22T12:04:17","guid":{"rendered":"https:\/\/dev.jamonesblazquez.com\/producto\/papada-de-bellota-adobada-curada\/"},"modified":"2020-07-22T14:04:17","modified_gmt":"2020-07-22T12:04:17","slug":"papada-de-bellota-adobada-curada","status":"publish","type":"product","link":"https:\/\/jamonesblazquez.com\/en\/Producto\/papada-de-bellota-adobada-curada\/","title":{"rendered":"Papada de bellota adobada curada"},"content":{"rendered":"<p>En tan solo un bocado puedes apreciar la particularidad de la Papada adobada curada de Bl\u00e1zquez , debido a su personalidad, notable en su sabor y textura. <\/p>\n<p><span class=\"prd-glutenfree\">SIN GLUTEN<\/span><span class=\"prd-sinlactosa\"> SIN LACTOSA<\/span><\/p>\n<h3>INGREDIENTES<\/h3>\n<p>Papada de cerdo ib\u00e9rico, sal, piment\u00f3n, especias, dextrosa, az\u00facar, conservador (E-250), corrector de acidez (E- 331iii) y antioxidante (E-301).<\/p>\n<h3>VALORES NUTRICIONALES (en 100g)<\/h3>\n<p>Valor energ\u00e9tico: 734 Kcal \/ 3704 KJ<br \/>Prote\u00ednas (g): 4,3<br \/>Hidratos de carbono (g): 3,2<br \/>&#8211; De los cuales az\u00facares: (g): 1,7<br \/>Grasas (g): 78,3<br \/>&#8211; De las cuales saturadas (g): 24,3<br \/>Sal (g): 2,35<\/p>\n","protected":false},"excerpt":{"rendered":"<p>Pieza procedente de cerdos criados en libertad. La Papada de bellota adobada curada es un producto muy valorado e innovador, cuya carne ib\u00e9rica de bellota es adobada y curada en secaderos naturales.<\/p>\n","protected":false},"featured_media":7282,"template":"","meta":[],"product_brand":[],"product_cat":[748],"product_tag":[],"class_list":{"0":"post-3957","1":"product","2":"type-product","3":"status-publish","4":"has-post-thumbnail","6":"product_cat-embutidos-en","8":"first","9":"instock","10":"taxable","11":"shipping-taxable","12":"product-type-simple"},"yoast_head":"<!-- This site is optimized with the Yoast SEO plugin v27.1.1 - https:\/\/yoast.com\/product\/yoast-seo-wordpress\/ -->\n<title>Comprar Papada de bellota adobada curada - Jamones Bl\u00e1zquez<\/title>\n<meta name=\"description\" content=\"Pieza procedente de cerdos criados en libertad. La Papada de bellota adobada curada es un producto muy valorado e innovador, cuya carne ib\u00e9rica de bellota es adobada y curada en secaderos naturales.\" \/>\n<meta name=\"robots\" content=\"index, follow, max-snippet:-1, max-image-preview:large, max-video-preview:-1\" \/>\n<link rel=\"canonical\" href=\"https:\/\/jamonesblazquez.com\/en\/Producto\/papada-de-bellota-adobada-curada\/\" \/>\n<meta property=\"og:locale\" content=\"en_US\" \/>\n<meta property=\"og:type\" content=\"article\" \/>\n<meta property=\"og:title\" content=\"Comprar Papada de bellota adobada curada - Jamones Bl\u00e1zquez\" \/>\n<meta property=\"og:description\" content=\"Pieza procedente de cerdos criados en libertad. La Papada de bellota adobada curada es un producto muy valorado e innovador, cuya carne ib\u00e9rica de bellota es adobada y curada en secaderos naturales.\" \/>\n<meta property=\"og:url\" content=\"https:\/\/jamonesblazquez.com\/en\/Producto\/papada-de-bellota-adobada-curada\/\" \/>\n<meta property=\"og:site_name\" content=\"Jamones Bl\u00e1zquez\" \/>\n<meta property=\"article:publisher\" content=\"https:\/\/www.facebook.com\/JamonBlazquez\/\" \/>\n<meta property=\"og:image\" content=\"https:\/\/jamonesblazquez.com\/wp-content\/uploads\/2020\/07\/image019-e1597743371122.jpg\" \/>\n\t<meta property=\"og:image:width\" content=\"800\" \/>\n\t<meta property=\"og:image:height\" content=\"800\" \/>\n\t<meta property=\"og:image:type\" content=\"image\/jpeg\" \/>\n<meta name=\"twitter:card\" content=\"summary_large_image\" \/>\n<meta name=\"twitter:site\" content=\"@jamonblazquez\" \/>\n<script type=\"application\/ld+json\" class=\"yoast-schema-graph\">{\"@context\":\"https:\/\/schema.org\",\"@graph\":[{\"@type\":[\"WebPage\",\"ItemPage\"],\"@id\":\"https:\/\/jamonesblazquez.com\/en\/Producto\/papada-de-bellota-adobada-curada\/\",\"url\":\"https:\/\/jamonesblazquez.com\/en\/Producto\/papada-de-bellota-adobada-curada\/\",\"name\":\"Comprar Papada de bellota adobada curada - Jamones Bl\u00e1zquez\",\"isPartOf\":{\"@id\":\"https:\/\/jamonesblazquez.com\/es\/#website\"},\"primaryImageOfPage\":{\"@id\":\"https:\/\/jamonesblazquez.com\/en\/Producto\/papada-de-bellota-adobada-curada\/#primaryimage\"},\"image\":{\"@id\":\"https:\/\/jamonesblazquez.com\/en\/Producto\/papada-de-bellota-adobada-curada\/#primaryimage\"},\"thumbnailUrl\":\"https:\/\/jamonesblazquez.com\/wp-content\/uploads\/2020\/07\/LOMO-DE-BELLORA-IBERICO-LONCHEADO-.jpg\",\"datePublished\":\"2020-07-22T12:04:17+00:00\",\"description\":\"Pieza procedente de cerdos criados en libertad. La Papada de bellota adobada curada es un producto muy valorado e innovador, cuya carne ib\u00e9rica de bellota es adobada y curada en secaderos naturales.\",\"breadcrumb\":{\"@id\":\"https:\/\/jamonesblazquez.com\/en\/Producto\/papada-de-bellota-adobada-curada\/#breadcrumb\"},\"inLanguage\":\"en-US\",\"potentialAction\":[{\"@type\":\"ReadAction\",\"target\":[\"https:\/\/jamonesblazquez.com\/en\/Producto\/papada-de-bellota-adobada-curada\/\"]}]},{\"@type\":\"ImageObject\",\"inLanguage\":\"en-US\",\"@id\":\"https:\/\/jamonesblazquez.com\/en\/Producto\/papada-de-bellota-adobada-curada\/#primaryimage\",\"url\":\"https:\/\/jamonesblazquez.com\/wp-content\/uploads\/2020\/07\/LOMO-DE-BELLORA-IBERICO-LONCHEADO-.jpg\",\"contentUrl\":\"https:\/\/jamonesblazquez.com\/wp-content\/uploads\/2020\/07\/LOMO-DE-BELLORA-IBERICO-LONCHEADO-.jpg\",\"width\":800,\"height\":800,\"caption\":\"PAPADA IB\u00c9RICA CURADA\"},{\"@type\":\"BreadcrumbList\",\"@id\":\"https:\/\/jamonesblazquez.com\/en\/Producto\/papada-de-bellota-adobada-curada\/#breadcrumb\",\"itemListElement\":[{\"@type\":\"ListItem\",\"position\":1,\"name\":\"Portada\",\"item\":\"https:\/\/jamonesblazquez.com\/en\/\"},{\"@type\":\"ListItem\",\"position\":2,\"name\":\"Shop\",\"item\":\"https:\/\/jamonesblazquez.com\/en\/shop\/\"},{\"@type\":\"ListItem\",\"position\":3,\"name\":\"Papada de bellota adobada curada\"}]},{\"@type\":\"WebSite\",\"@id\":\"https:\/\/jamonesblazquez.com\/es\/#website\",\"url\":\"https:\/\/jamonesblazquez.com\/es\/\",\"name\":\"Jamones Bl\u00e1zquez\",\"description\":\"Obedece a la Tentaci\u00f3n!\",\"publisher\":{\"@id\":\"https:\/\/jamonesblazquez.com\/es\/#organization\"},\"potentialAction\":[{\"@type\":\"SearchAction\",\"target\":{\"@type\":\"EntryPoint\",\"urlTemplate\":\"https:\/\/jamonesblazquez.com\/es\/?s={search_term_string}\"},\"query-input\":{\"@type\":\"PropertyValueSpecification\",\"valueRequired\":true,\"valueName\":\"search_term_string\"}}],\"inLanguage\":\"en-US\"},{\"@type\":\"Organization\",\"@id\":\"https:\/\/jamonesblazquez.com\/es\/#organization\",\"name\":\"Jamones Bl\u00e1zquez\",\"url\":\"https:\/\/jamonesblazquez.com\/es\/\",\"logo\":{\"@type\":\"ImageObject\",\"inLanguage\":\"en-US\",\"@id\":\"https:\/\/jamonesblazquez.com\/es\/#\/schema\/logo\/image\/\",\"url\":\"https:\/\/jamonesblazquez.com\/wp-content\/uploads\/2019\/02\/Logo_Blazquez.png\",\"contentUrl\":\"https:\/\/jamonesblazquez.com\/wp-content\/uploads\/2019\/02\/Logo_Blazquez.png\",\"width\":500,\"height\":132,\"caption\":\"Jamones Bl\u00e1zquez\"},\"image\":{\"@id\":\"https:\/\/jamonesblazquez.com\/es\/#\/schema\/logo\/image\/\"},\"sameAs\":[\"https:\/\/www.facebook.com\/JamonBlazquez\/\",\"https:\/\/x.com\/jamonblazquez\",\"https:\/\/www.instagram.com\/jamonblazquez\/\",\"https:\/\/www.linkedin.com\/company\/10190869\/admin\/\"]}]}<\/script>\n<!-- \/ Yoast SEO plugin. -->","yoast_head_json":{"title":"Comprar Papada de bellota adobada curada - Jamones Bl\u00e1zquez","description":"Pieza procedente de cerdos criados en libertad. La Papada de bellota adobada curada es un producto muy valorado e innovador, cuya carne ib\u00e9rica de bellota es adobada y curada en secaderos naturales.","robots":{"index":"index","follow":"follow","max-snippet":"max-snippet:-1","max-image-preview":"max-image-preview:large","max-video-preview":"max-video-preview:-1"},"canonical":"https:\/\/jamonesblazquez.com\/en\/Producto\/papada-de-bellota-adobada-curada\/","og_locale":"en_US","og_type":"article","og_title":"Comprar Papada de bellota adobada curada - Jamones Bl\u00e1zquez","og_description":"Pieza procedente de cerdos criados en libertad. La Papada de bellota adobada curada es un producto muy valorado e innovador, cuya carne ib\u00e9rica de bellota es adobada y curada en secaderos naturales.","og_url":"https:\/\/jamonesblazquez.com\/en\/Producto\/papada-de-bellota-adobada-curada\/","og_site_name":"Jamones Bl\u00e1zquez","article_publisher":"https:\/\/www.facebook.com\/JamonBlazquez\/","og_image":[{"width":800,"height":800,"url":"https:\/\/jamonesblazquez.com\/wp-content\/uploads\/2020\/07\/image019-e1597743371122.jpg","type":"image\/jpeg"}],"twitter_card":"summary_large_image","twitter_site":"@jamonblazquez","schema":{"@context":"https:\/\/schema.org","@graph":[{"@type":["WebPage","ItemPage"],"@id":"https:\/\/jamonesblazquez.com\/en\/Producto\/papada-de-bellota-adobada-curada\/","url":"https:\/\/jamonesblazquez.com\/en\/Producto\/papada-de-bellota-adobada-curada\/","name":"Comprar Papada de bellota adobada curada - Jamones Bl\u00e1zquez","isPartOf":{"@id":"https:\/\/jamonesblazquez.com\/es\/#website"},"primaryImageOfPage":{"@id":"https:\/\/jamonesblazquez.com\/en\/Producto\/papada-de-bellota-adobada-curada\/#primaryimage"},"image":{"@id":"https:\/\/jamonesblazquez.com\/en\/Producto\/papada-de-bellota-adobada-curada\/#primaryimage"},"thumbnailUrl":"https:\/\/jamonesblazquez.com\/wp-content\/uploads\/2020\/07\/LOMO-DE-BELLORA-IBERICO-LONCHEADO-.jpg","datePublished":"2020-07-22T12:04:17+00:00","description":"Pieza procedente de cerdos criados en libertad. La Papada de bellota adobada curada es un producto muy valorado e innovador, cuya carne ib\u00e9rica de bellota es adobada y curada en secaderos naturales.","breadcrumb":{"@id":"https:\/\/jamonesblazquez.com\/en\/Producto\/papada-de-bellota-adobada-curada\/#breadcrumb"},"inLanguage":"en-US","potentialAction":[{"@type":"ReadAction","target":["https:\/\/jamonesblazquez.com\/en\/Producto\/papada-de-bellota-adobada-curada\/"]}]},{"@type":"ImageObject","inLanguage":"en-US","@id":"https:\/\/jamonesblazquez.com\/en\/Producto\/papada-de-bellota-adobada-curada\/#primaryimage","url":"https:\/\/jamonesblazquez.com\/wp-content\/uploads\/2020\/07\/LOMO-DE-BELLORA-IBERICO-LONCHEADO-.jpg","contentUrl":"https:\/\/jamonesblazquez.com\/wp-content\/uploads\/2020\/07\/LOMO-DE-BELLORA-IBERICO-LONCHEADO-.jpg","width":800,"height":800,"caption":"PAPADA IB\u00c9RICA CURADA"},{"@type":"BreadcrumbList","@id":"https:\/\/jamonesblazquez.com\/en\/Producto\/papada-de-bellota-adobada-curada\/#breadcrumb","itemListElement":[{"@type":"ListItem","position":1,"name":"Portada","item":"https:\/\/jamonesblazquez.com\/en\/"},{"@type":"ListItem","position":2,"name":"Shop","item":"https:\/\/jamonesblazquez.com\/en\/shop\/"},{"@type":"ListItem","position":3,"name":"Papada de bellota adobada curada"}]},{"@type":"WebSite","@id":"https:\/\/jamonesblazquez.com\/es\/#website","url":"https:\/\/jamonesblazquez.com\/es\/","name":"Jamones Bl\u00e1zquez","description":"Obedece a la Tentaci\u00f3n!","publisher":{"@id":"https:\/\/jamonesblazquez.com\/es\/#organization"},"potentialAction":[{"@type":"SearchAction","target":{"@type":"EntryPoint","urlTemplate":"https:\/\/jamonesblazquez.com\/es\/?s={search_term_string}"},"query-input":{"@type":"PropertyValueSpecification","valueRequired":true,"valueName":"search_term_string"}}],"inLanguage":"en-US"},{"@type":"Organization","@id":"https:\/\/jamonesblazquez.com\/es\/#organization","name":"Jamones Bl\u00e1zquez","url":"https:\/\/jamonesblazquez.com\/es\/","logo":{"@type":"ImageObject","inLanguage":"en-US","@id":"https:\/\/jamonesblazquez.com\/es\/#\/schema\/logo\/image\/","url":"https:\/\/jamonesblazquez.com\/wp-content\/uploads\/2019\/02\/Logo_Blazquez.png","contentUrl":"https:\/\/jamonesblazquez.com\/wp-content\/uploads\/2019\/02\/Logo_Blazquez.png","width":500,"height":132,"caption":"Jamones Bl\u00e1zquez"},"image":{"@id":"https:\/\/jamonesblazquez.com\/es\/#\/schema\/logo\/image\/"},"sameAs":["https:\/\/www.facebook.com\/JamonBlazquez\/","https:\/\/x.com\/jamonblazquez","https:\/\/www.instagram.com\/jamonblazquez\/","https:\/\/www.linkedin.com\/company\/10190869\/admin\/"]}]}},"_links":{"self":[{"href":"https:\/\/jamonesblazquez.com\/en\/wp-json\/wp\/v2\/product\/3957","targetHints":{"allow":["GET"]}}],"collection":[{"href":"https:\/\/jamonesblazquez.com\/en\/wp-json\/wp\/v2\/product"}],"about":[{"href":"https:\/\/jamonesblazquez.com\/en\/wp-json\/wp\/v2\/types\/product"}],"wp:featuredmedia":[{"embeddable":true,"href":"https:\/\/jamonesblazquez.com\/en\/wp-json\/wp\/v2\/media\/7282"}],"wp:attachment":[{"href":"https:\/\/jamonesblazquez.com\/en\/wp-json\/wp\/v2\/media?parent=3957"}],"wp:term":[{"taxonomy":"product_brand","embeddable":true,"href":"https:\/\/jamonesblazquez.com\/en\/wp-json\/wp\/v2\/product_brand?post=3957"},{"taxonomy":"product_cat","embeddable":true,"href":"https:\/\/jamonesblazquez.com\/en\/wp-json\/wp\/v2\/product_cat?post=3957"},{"taxonomy":"product_tag","embeddable":true,"href":"https:\/\/jamonesblazquez.com\/en\/wp-json\/wp\/v2\/product_tag?post=3957"}],"curies":[{"name":"wp","href":"https:\/\/api.w.org\/{rel}","templated":true}]}}