{"id":3958,"date":"2020-07-22T14:04:17","date_gmt":"2020-07-22T12:04:17","guid":{"rendered":"https:\/\/dev.jamonesblazquez.com\/producto\/morcilla-vela-iberica\/"},"modified":"2020-07-22T14:04:17","modified_gmt":"2020-07-22T12:04:17","slug":"morcilla-vela-iberica","status":"publish","type":"product","link":"https:\/\/jamonesblazquez.com\/en\/Producto\/morcilla-vela-iberica\/","title":{"rendered":"Morcilla vela ib\u00e9rica"},"content":{"rendered":"<p>Embutido elaborado con una mezcla de carne picada de cerdo ib\u00e9rico, grasa y sangre junto con sal, cebolla y especias, destacando en el corte su oscuro color. <\/p>\n<p>Morcilla Ib\u00e9rica, conocida por la cocina m\u00e1s tradici\u00f3nal, nos aporta grandes beneficios en cuanto a minerales como el calcio, el hierro y el fosforo.<\/p>\n<p><span class=\"prd-glutenfree\">SIN GLUTEN<\/span><\/p>\n<h3>INGREDIENTES<\/h3>\n<p>Carne y grasa de cerdo, cebolla, sangre, sal, especias, dextrosa, piment\u00f3n, dextrina, lactosa, leche en polvo, potenciador del sabor (E-621), prote\u00edna de soja, prote\u00edna de leche, emulgentes( E-450i, E-452i y E-451i) y antioxidante (E-301)<\/p>\n<h3>VALORES NUTRICIONALES (en 100g)<\/h3>\n<p>Valor energ\u00e9tico: 523 Kcal \/ 2165 KJ<br \/>Prote\u00ednas (g): 25,4<br \/>Hidratos de carbono (g): 4,2<br \/>&#8211; De los cuales az\u00facares: (g): 2,2<br \/>Grasas (g): 44,9<br \/>&#8211; De las cuales saturadas (g): 18,34<br \/>Sal (g): 4,12<\/p>\n","protected":false},"excerpt":{"rendered":"<p>De la carne de nuestros cerdos ib\u00e9ricos criados en libertad nace la Morcilla Vela Ib\u00e9rica. Una explosi\u00f3n de sabor incomparable con ning\u00fan otro embutido.<\/p>\n","protected":false},"featured_media":7212,"template":"","meta":[],"product_brand":[],"product_cat":[748],"product_tag":[],"class_list":{"0":"post-3958","1":"product","2":"type-product","3":"status-publish","4":"has-post-thumbnail","6":"product_cat-embutidos-en","8":"first","9":"instock","10":"taxable","11":"shipping-taxable","12":"product-type-simple"},"yoast_head":"<!-- This site is optimized with the Yoast SEO plugin v27.1.1 - https:\/\/yoast.com\/product\/yoast-seo-wordpress\/ -->\n<title>Comprar Morcilla vela ib\u00e9rica - Jamones Bl\u00e1zquez<\/title>\n<meta name=\"description\" content=\"De la carne de nuestros cerdos ib\u00e9ricos criados en libertad nace la Morcilla Vela Ib\u00e9rica. Una explosi\u00f3n de sabor incomparable con ning\u00fan otro embutido.\" \/>\n<meta name=\"robots\" content=\"index, follow, max-snippet:-1, max-image-preview:large, max-video-preview:-1\" \/>\n<link rel=\"canonical\" href=\"https:\/\/jamonesblazquez.com\/es\/Producto\/morcilla-vela-iberica\/\" \/>\n<meta property=\"og:locale\" content=\"en_US\" \/>\n<meta property=\"og:type\" content=\"article\" \/>\n<meta property=\"og:title\" content=\"Comprar Morcilla vela ib\u00e9rica - Jamones Bl\u00e1zquez\" \/>\n<meta property=\"og:description\" content=\"De la carne de nuestros cerdos ib\u00e9ricos criados en libertad nace la Morcilla Vela Ib\u00e9rica. Una explosi\u00f3n de sabor incomparable con ning\u00fan otro embutido.\" \/>\n<meta property=\"og:url\" content=\"https:\/\/jamonesblazquez.com\/es\/Producto\/morcilla-vela-iberica\/\" \/>\n<meta property=\"og:site_name\" content=\"Jamones Bl\u00e1zquez\" \/>\n<meta property=\"article:publisher\" content=\"https:\/\/www.facebook.com\/JamonBlazquez\/\" \/>\n<meta property=\"og:image\" content=\"https:\/\/jamonesblazquez.com\/wp-content\/uploads\/2020\/07\/MORCILLA-DE-VELA.jpg\" \/>\n\t<meta property=\"og:image:width\" content=\"800\" \/>\n\t<meta property=\"og:image:height\" content=\"800\" \/>\n\t<meta property=\"og:image:type\" content=\"image\/jpeg\" \/>\n<meta name=\"twitter:card\" content=\"summary_large_image\" \/>\n<meta name=\"twitter:site\" content=\"@jamonblazquez\" \/>\n<meta name=\"twitter:label1\" content=\"Est. reading time\" \/>\n\t<meta name=\"twitter:data1\" content=\"1 minute\" \/>\n<script type=\"application\/ld+json\" class=\"yoast-schema-graph\">{\"@context\":\"https:\/\/schema.org\",\"@graph\":[{\"@type\":[\"WebPage\",\"ItemPage\"],\"@id\":\"https:\/\/jamonesblazquez.com\/es\/Producto\/morcilla-vela-iberica\/\",\"url\":\"https:\/\/jamonesblazquez.com\/es\/Producto\/morcilla-vela-iberica\/\",\"name\":\"Comprar Morcilla vela ib\u00e9rica - Jamones Bl\u00e1zquez\",\"isPartOf\":{\"@id\":\"https:\/\/jamonesblazquez.com\/es\/#website\"},\"primaryImageOfPage\":{\"@id\":\"https:\/\/jamonesblazquez.com\/es\/Producto\/morcilla-vela-iberica\/#primaryimage\"},\"image\":{\"@id\":\"https:\/\/jamonesblazquez.com\/es\/Producto\/morcilla-vela-iberica\/#primaryimage\"},\"thumbnailUrl\":\"https:\/\/jamonesblazquez.com\/wp-content\/uploads\/2020\/07\/MORCILLA-DE-VELA.jpg\",\"datePublished\":\"2020-07-22T12:04:17+00:00\",\"description\":\"De la carne de nuestros cerdos ib\u00e9ricos criados en libertad nace la Morcilla Vela Ib\u00e9rica. Una explosi\u00f3n de sabor incomparable con ning\u00fan otro embutido.\",\"breadcrumb\":{\"@id\":\"https:\/\/jamonesblazquez.com\/es\/Producto\/morcilla-vela-iberica\/#breadcrumb\"},\"inLanguage\":\"en-US\",\"potentialAction\":[{\"@type\":\"ReadAction\",\"target\":[\"https:\/\/jamonesblazquez.com\/es\/Producto\/morcilla-vela-iberica\/\"]}]},{\"@type\":\"ImageObject\",\"inLanguage\":\"en-US\",\"@id\":\"https:\/\/jamonesblazquez.com\/es\/Producto\/morcilla-vela-iberica\/#primaryimage\",\"url\":\"https:\/\/jamonesblazquez.com\/wp-content\/uploads\/2020\/07\/MORCILLA-DE-VELA.jpg\",\"contentUrl\":\"https:\/\/jamonesblazquez.com\/wp-content\/uploads\/2020\/07\/MORCILLA-DE-VELA.jpg\",\"width\":800,\"height\":800,\"caption\":\"MORCILLA DE VELA\"},{\"@type\":\"BreadcrumbList\",\"@id\":\"https:\/\/jamonesblazquez.com\/es\/Producto\/morcilla-vela-iberica\/#breadcrumb\",\"itemListElement\":[{\"@type\":\"ListItem\",\"position\":1,\"name\":\"Portada\",\"item\":\"https:\/\/jamonesblazquez.com\/en\/\"},{\"@type\":\"ListItem\",\"position\":2,\"name\":\"Shop\",\"item\":\"https:\/\/jamonesblazquez.com\/en\/shop\/\"},{\"@type\":\"ListItem\",\"position\":3,\"name\":\"Morcilla vela ib\u00e9rica\"}]},{\"@type\":\"WebSite\",\"@id\":\"https:\/\/jamonesblazquez.com\/es\/#website\",\"url\":\"https:\/\/jamonesblazquez.com\/es\/\",\"name\":\"Jamones Bl\u00e1zquez\",\"description\":\"Obedece a la Tentaci\u00f3n!\",\"publisher\":{\"@id\":\"https:\/\/jamonesblazquez.com\/es\/#organization\"},\"potentialAction\":[{\"@type\":\"SearchAction\",\"target\":{\"@type\":\"EntryPoint\",\"urlTemplate\":\"https:\/\/jamonesblazquez.com\/es\/?s={search_term_string}\"},\"query-input\":{\"@type\":\"PropertyValueSpecification\",\"valueRequired\":true,\"valueName\":\"search_term_string\"}}],\"inLanguage\":\"en-US\"},{\"@type\":\"Organization\",\"@id\":\"https:\/\/jamonesblazquez.com\/es\/#organization\",\"name\":\"Jamones Bl\u00e1zquez\",\"url\":\"https:\/\/jamonesblazquez.com\/es\/\",\"logo\":{\"@type\":\"ImageObject\",\"inLanguage\":\"en-US\",\"@id\":\"https:\/\/jamonesblazquez.com\/es\/#\/schema\/logo\/image\/\",\"url\":\"https:\/\/jamonesblazquez.com\/wp-content\/uploads\/2019\/02\/Logo_Blazquez.png\",\"contentUrl\":\"https:\/\/jamonesblazquez.com\/wp-content\/uploads\/2019\/02\/Logo_Blazquez.png\",\"width\":500,\"height\":132,\"caption\":\"Jamones Bl\u00e1zquez\"},\"image\":{\"@id\":\"https:\/\/jamonesblazquez.com\/es\/#\/schema\/logo\/image\/\"},\"sameAs\":[\"https:\/\/www.facebook.com\/JamonBlazquez\/\",\"https:\/\/x.com\/jamonblazquez\",\"https:\/\/www.instagram.com\/jamonblazquez\/\",\"https:\/\/www.linkedin.com\/company\/10190869\/admin\/\"]}]}<\/script>\n<!-- \/ Yoast SEO plugin. -->","yoast_head_json":{"title":"Comprar Morcilla vela ib\u00e9rica - Jamones Bl\u00e1zquez","description":"De la carne de nuestros cerdos ib\u00e9ricos criados en libertad nace la Morcilla Vela Ib\u00e9rica. Una explosi\u00f3n de sabor incomparable con ning\u00fan otro embutido.","robots":{"index":"index","follow":"follow","max-snippet":"max-snippet:-1","max-image-preview":"max-image-preview:large","max-video-preview":"max-video-preview:-1"},"canonical":"https:\/\/jamonesblazquez.com\/es\/Producto\/morcilla-vela-iberica\/","og_locale":"en_US","og_type":"article","og_title":"Comprar Morcilla vela ib\u00e9rica - Jamones Bl\u00e1zquez","og_description":"De la carne de nuestros cerdos ib\u00e9ricos criados en libertad nace la Morcilla Vela Ib\u00e9rica. Una explosi\u00f3n de sabor incomparable con ning\u00fan otro embutido.","og_url":"https:\/\/jamonesblazquez.com\/es\/Producto\/morcilla-vela-iberica\/","og_site_name":"Jamones Bl\u00e1zquez","article_publisher":"https:\/\/www.facebook.com\/JamonBlazquez\/","og_image":[{"width":800,"height":800,"url":"https:\/\/jamonesblazquez.com\/wp-content\/uploads\/2020\/07\/MORCILLA-DE-VELA.jpg","type":"image\/jpeg"}],"twitter_card":"summary_large_image","twitter_site":"@jamonblazquez","twitter_misc":{"Est. reading time":"1 minute"},"schema":{"@context":"https:\/\/schema.org","@graph":[{"@type":["WebPage","ItemPage"],"@id":"https:\/\/jamonesblazquez.com\/es\/Producto\/morcilla-vela-iberica\/","url":"https:\/\/jamonesblazquez.com\/es\/Producto\/morcilla-vela-iberica\/","name":"Comprar Morcilla vela ib\u00e9rica - Jamones Bl\u00e1zquez","isPartOf":{"@id":"https:\/\/jamonesblazquez.com\/es\/#website"},"primaryImageOfPage":{"@id":"https:\/\/jamonesblazquez.com\/es\/Producto\/morcilla-vela-iberica\/#primaryimage"},"image":{"@id":"https:\/\/jamonesblazquez.com\/es\/Producto\/morcilla-vela-iberica\/#primaryimage"},"thumbnailUrl":"https:\/\/jamonesblazquez.com\/wp-content\/uploads\/2020\/07\/MORCILLA-DE-VELA.jpg","datePublished":"2020-07-22T12:04:17+00:00","description":"De la carne de nuestros cerdos ib\u00e9ricos criados en libertad nace la Morcilla Vela Ib\u00e9rica. Una explosi\u00f3n de sabor incomparable con ning\u00fan otro embutido.","breadcrumb":{"@id":"https:\/\/jamonesblazquez.com\/es\/Producto\/morcilla-vela-iberica\/#breadcrumb"},"inLanguage":"en-US","potentialAction":[{"@type":"ReadAction","target":["https:\/\/jamonesblazquez.com\/es\/Producto\/morcilla-vela-iberica\/"]}]},{"@type":"ImageObject","inLanguage":"en-US","@id":"https:\/\/jamonesblazquez.com\/es\/Producto\/morcilla-vela-iberica\/#primaryimage","url":"https:\/\/jamonesblazquez.com\/wp-content\/uploads\/2020\/07\/MORCILLA-DE-VELA.jpg","contentUrl":"https:\/\/jamonesblazquez.com\/wp-content\/uploads\/2020\/07\/MORCILLA-DE-VELA.jpg","width":800,"height":800,"caption":"MORCILLA DE VELA"},{"@type":"BreadcrumbList","@id":"https:\/\/jamonesblazquez.com\/es\/Producto\/morcilla-vela-iberica\/#breadcrumb","itemListElement":[{"@type":"ListItem","position":1,"name":"Portada","item":"https:\/\/jamonesblazquez.com\/en\/"},{"@type":"ListItem","position":2,"name":"Shop","item":"https:\/\/jamonesblazquez.com\/en\/shop\/"},{"@type":"ListItem","position":3,"name":"Morcilla vela ib\u00e9rica"}]},{"@type":"WebSite","@id":"https:\/\/jamonesblazquez.com\/es\/#website","url":"https:\/\/jamonesblazquez.com\/es\/","name":"Jamones Bl\u00e1zquez","description":"Obedece a la Tentaci\u00f3n!","publisher":{"@id":"https:\/\/jamonesblazquez.com\/es\/#organization"},"potentialAction":[{"@type":"SearchAction","target":{"@type":"EntryPoint","urlTemplate":"https:\/\/jamonesblazquez.com\/es\/?s={search_term_string}"},"query-input":{"@type":"PropertyValueSpecification","valueRequired":true,"valueName":"search_term_string"}}],"inLanguage":"en-US"},{"@type":"Organization","@id":"https:\/\/jamonesblazquez.com\/es\/#organization","name":"Jamones Bl\u00e1zquez","url":"https:\/\/jamonesblazquez.com\/es\/","logo":{"@type":"ImageObject","inLanguage":"en-US","@id":"https:\/\/jamonesblazquez.com\/es\/#\/schema\/logo\/image\/","url":"https:\/\/jamonesblazquez.com\/wp-content\/uploads\/2019\/02\/Logo_Blazquez.png","contentUrl":"https:\/\/jamonesblazquez.com\/wp-content\/uploads\/2019\/02\/Logo_Blazquez.png","width":500,"height":132,"caption":"Jamones Bl\u00e1zquez"},"image":{"@id":"https:\/\/jamonesblazquez.com\/es\/#\/schema\/logo\/image\/"},"sameAs":["https:\/\/www.facebook.com\/JamonBlazquez\/","https:\/\/x.com\/jamonblazquez","https:\/\/www.instagram.com\/jamonblazquez\/","https:\/\/www.linkedin.com\/company\/10190869\/admin\/"]}]}},"_links":{"self":[{"href":"https:\/\/jamonesblazquez.com\/en\/wp-json\/wp\/v2\/product\/3958","targetHints":{"allow":["GET"]}}],"collection":[{"href":"https:\/\/jamonesblazquez.com\/en\/wp-json\/wp\/v2\/product"}],"about":[{"href":"https:\/\/jamonesblazquez.com\/en\/wp-json\/wp\/v2\/types\/product"}],"wp:featuredmedia":[{"embeddable":true,"href":"https:\/\/jamonesblazquez.com\/en\/wp-json\/wp\/v2\/media\/7212"}],"wp:attachment":[{"href":"https:\/\/jamonesblazquez.com\/en\/wp-json\/wp\/v2\/media?parent=3958"}],"wp:term":[{"taxonomy":"product_brand","embeddable":true,"href":"https:\/\/jamonesblazquez.com\/en\/wp-json\/wp\/v2\/product_brand?post=3958"},{"taxonomy":"product_cat","embeddable":true,"href":"https:\/\/jamonesblazquez.com\/en\/wp-json\/wp\/v2\/product_cat?post=3958"},{"taxonomy":"product_tag","embeddable":true,"href":"https:\/\/jamonesblazquez.com\/en\/wp-json\/wp\/v2\/product_tag?post=3958"}],"curies":[{"name":"wp","href":"https:\/\/api.w.org\/{rel}","templated":true}]}}