{"id":3964,"date":"2020-07-22T14:04:17","date_gmt":"2020-07-22T12:04:17","guid":{"rendered":"https:\/\/dev.jamonesblazquez.com\/producto\/salchichon-iberico-bellota-admiracion-mitad\/"},"modified":"2020-07-22T14:04:17","modified_gmt":"2020-07-22T12:04:17","slug":"salchichon-iberico-bellota-admiracion-mitad","status":"publish","type":"product","link":"https:\/\/jamonesblazquez.com\/en\/Producto\/salchichon-iberico-bellota-admiracion-mitad\/","title":{"rendered":"Salchich\u00f3n Ib\u00e9rico de Bellota Admiraci\u00f3n (mitad)"},"content":{"rendered":"<p>El salchich\u00f3n ib\u00e9rico de bellota es elaborado con la distinguida calidad Bl\u00e1zquez, y pertenece a la elegante l\u00ednea de embutidos ib\u00e9ricos Admiraci\u00f3n. Posee un toque de pimienta dotado de un intenso aroma al picado extrafino del que se compone el salchich\u00f3n Bl\u00e1zquez. Al corte, se aprecia una amplia gama de tonalidades entre grises y rojizas que reflejan una estructura carnosa que dar\u00e1 lugar a una experiencia gustativa sensacional en nuestro paladar.<\/p>\n<p>La carne del Salchich\u00f3n Ib\u00e9rico de Bellota Admiraci\u00f3n perteneciente al magro del cerdo y condimentada contiene un nivel de vitamina alto. Donde cabe destacar, el contenido en vitamina K, ayudante a regenerar y fortalecer los hueso y tejidos de nuestro cuerpo.<\/p>\n<p><span class=\"prd-glutenfree\">SIN GLUTEN<\/span><\/p>\n<h3>INGREDIENTES<\/h3>\n<p>Carne de cerdo ib\u00e9rico, sal, especias, dextrosa, dextrina, lactosa, prote\u00edna de soja, prote\u00edna de leche, emulgentes (E-450i, E-452i, Y E-451i), conservadores (E-250 y E-252), corrector de acidez (E-331iii) y antioxidante (E-301).<\/p>\n<h3>VALORES NUTRICIONALES (en 100g)<\/h3>\n<p>Valor energ\u00e9tico: 514 Kcal \/ 2129 KJ Prote\u00ednas (g): 44,4 Hidratos de carbono (g): &lt;1 &#8211; De los cuales az\u00facares: (g): &lt;0,5 Grasas (g): 44,4 &#8211; De las cuales saturadas (g): 18 Sal (g): 2,5<\/p>\n","protected":false},"excerpt":{"rendered":"<p>El salchich\u00f3n ib\u00e9rico de bellota Admiraci\u00f3n ofrece una experiencia sublime, tradici\u00f3n y vanguardia unidos para conseguir un sabor intenso y una textura \u00fanica que aporta suavidad y elegancia.<\/p>\n","protected":false},"featured_media":7198,"template":"","meta":[],"product_brand":[],"product_cat":[748,751],"product_tag":[],"class_list":{"0":"post-3964","1":"product","2":"type-product","3":"status-publish","4":"has-post-thumbnail","6":"product_cat-embutidos-en","7":"product_cat-salchichon-en","9":"first","10":"instock","11":"taxable","12":"shipping-taxable","13":"product-type-simple"},"yoast_head":"<!-- This site is optimized with the Yoast SEO plugin v27.1.1 - https:\/\/yoast.com\/product\/yoast-seo-wordpress\/ -->\n<title>Comprar Salchich\u00f3n Ib\u00e9rico de Bellota Admiraci\u00f3n (mitad) - Jamones Bl\u00e1zquez<\/title>\n<meta name=\"description\" content=\"El salchich\u00f3n ib\u00e9rico de bellota Admiraci\u00f3n ofrece una experiencia sublime, tradici\u00f3n y vanguardia unidos para conseguir un sabor intenso y una textura \u00fanica que aporta suavidad y elegancia.\" \/>\n<meta name=\"robots\" content=\"index, follow, max-snippet:-1, max-image-preview:large, max-video-preview:-1\" \/>\n<link rel=\"canonical\" href=\"https:\/\/jamonesblazquez.com\/es\/Producto\/salchichon-iberico-bellota-admiracion-mitad\/\" \/>\n<meta property=\"og:locale\" content=\"en_US\" \/>\n<meta property=\"og:type\" content=\"article\" \/>\n<meta property=\"og:title\" content=\"Comprar Salchich\u00f3n Ib\u00e9rico de Bellota Admiraci\u00f3n (mitad) - Jamones Bl\u00e1zquez\" \/>\n<meta property=\"og:description\" content=\"El salchich\u00f3n ib\u00e9rico de bellota Admiraci\u00f3n ofrece una experiencia sublime, tradici\u00f3n y vanguardia unidos para conseguir un sabor intenso y una textura \u00fanica que aporta suavidad y elegancia.\" \/>\n<meta property=\"og:url\" content=\"https:\/\/jamonesblazquez.com\/es\/Producto\/salchichon-iberico-bellota-admiracion-mitad\/\" \/>\n<meta property=\"og:site_name\" content=\"Jamones Bl\u00e1zquez\" \/>\n<meta property=\"article:publisher\" content=\"https:\/\/www.facebook.com\/JamonBlazquez\/\" \/>\n<meta property=\"og:image\" content=\"https:\/\/jamonesblazquez.com\/wp-content\/uploads\/2020\/07\/SALCHICHON-DE-BELLOTA-IBERICO-.jpg\" \/>\n\t<meta property=\"og:image:width\" content=\"800\" \/>\n\t<meta property=\"og:image:height\" content=\"800\" \/>\n\t<meta property=\"og:image:type\" content=\"image\/jpeg\" \/>\n<meta name=\"twitter:card\" content=\"summary_large_image\" \/>\n<meta name=\"twitter:site\" content=\"@jamonblazquez\" \/>\n<meta name=\"twitter:label1\" content=\"Est. reading time\" \/>\n\t<meta name=\"twitter:data1\" content=\"1 minute\" \/>\n<script type=\"application\/ld+json\" class=\"yoast-schema-graph\">{\"@context\":\"https:\/\/schema.org\",\"@graph\":[{\"@type\":[\"WebPage\",\"ItemPage\"],\"@id\":\"https:\/\/jamonesblazquez.com\/es\/Producto\/salchichon-iberico-bellota-admiracion-mitad\/\",\"url\":\"https:\/\/jamonesblazquez.com\/es\/Producto\/salchichon-iberico-bellota-admiracion-mitad\/\",\"name\":\"Comprar Salchich\u00f3n Ib\u00e9rico de Bellota Admiraci\u00f3n (mitad) - Jamones Bl\u00e1zquez\",\"isPartOf\":{\"@id\":\"https:\/\/jamonesblazquez.com\/es\/#website\"},\"primaryImageOfPage\":{\"@id\":\"https:\/\/jamonesblazquez.com\/es\/Producto\/salchichon-iberico-bellota-admiracion-mitad\/#primaryimage\"},\"image\":{\"@id\":\"https:\/\/jamonesblazquez.com\/es\/Producto\/salchichon-iberico-bellota-admiracion-mitad\/#primaryimage\"},\"thumbnailUrl\":\"https:\/\/jamonesblazquez.com\/wp-content\/uploads\/2020\/07\/SALCHICHON-DE-BELLOTA-IBERICO-.jpg\",\"datePublished\":\"2020-07-22T12:04:17+00:00\",\"description\":\"El salchich\u00f3n ib\u00e9rico de bellota Admiraci\u00f3n ofrece una experiencia sublime, tradici\u00f3n y vanguardia unidos para conseguir un sabor intenso y una textura \u00fanica que aporta suavidad y elegancia.\",\"breadcrumb\":{\"@id\":\"https:\/\/jamonesblazquez.com\/es\/Producto\/salchichon-iberico-bellota-admiracion-mitad\/#breadcrumb\"},\"inLanguage\":\"en-US\",\"potentialAction\":[{\"@type\":\"ReadAction\",\"target\":[\"https:\/\/jamonesblazquez.com\/es\/Producto\/salchichon-iberico-bellota-admiracion-mitad\/\"]}]},{\"@type\":\"ImageObject\",\"inLanguage\":\"en-US\",\"@id\":\"https:\/\/jamonesblazquez.com\/es\/Producto\/salchichon-iberico-bellota-admiracion-mitad\/#primaryimage\",\"url\":\"https:\/\/jamonesblazquez.com\/wp-content\/uploads\/2020\/07\/SALCHICHON-DE-BELLOTA-IBERICO-.jpg\",\"contentUrl\":\"https:\/\/jamonesblazquez.com\/wp-content\/uploads\/2020\/07\/SALCHICHON-DE-BELLOTA-IBERICO-.jpg\",\"width\":800,\"height\":800,\"caption\":\"SALCHICH\u00d3N DE BELLOTA IB\u00c9RICO\"},{\"@type\":\"BreadcrumbList\",\"@id\":\"https:\/\/jamonesblazquez.com\/es\/Producto\/salchichon-iberico-bellota-admiracion-mitad\/#breadcrumb\",\"itemListElement\":[{\"@type\":\"ListItem\",\"position\":1,\"name\":\"Portada\",\"item\":\"https:\/\/jamonesblazquez.com\/en\/\"},{\"@type\":\"ListItem\",\"position\":2,\"name\":\"Shop\",\"item\":\"https:\/\/jamonesblazquez.com\/en\/shop\/\"},{\"@type\":\"ListItem\",\"position\":3,\"name\":\"Salchich\u00f3n Ib\u00e9rico de Bellota Admiraci\u00f3n (mitad)\"}]},{\"@type\":\"WebSite\",\"@id\":\"https:\/\/jamonesblazquez.com\/es\/#website\",\"url\":\"https:\/\/jamonesblazquez.com\/es\/\",\"name\":\"Jamones Bl\u00e1zquez\",\"description\":\"Obedece a la Tentaci\u00f3n!\",\"publisher\":{\"@id\":\"https:\/\/jamonesblazquez.com\/es\/#organization\"},\"potentialAction\":[{\"@type\":\"SearchAction\",\"target\":{\"@type\":\"EntryPoint\",\"urlTemplate\":\"https:\/\/jamonesblazquez.com\/es\/?s={search_term_string}\"},\"query-input\":{\"@type\":\"PropertyValueSpecification\",\"valueRequired\":true,\"valueName\":\"search_term_string\"}}],\"inLanguage\":\"en-US\"},{\"@type\":\"Organization\",\"@id\":\"https:\/\/jamonesblazquez.com\/es\/#organization\",\"name\":\"Jamones Bl\u00e1zquez\",\"url\":\"https:\/\/jamonesblazquez.com\/es\/\",\"logo\":{\"@type\":\"ImageObject\",\"inLanguage\":\"en-US\",\"@id\":\"https:\/\/jamonesblazquez.com\/es\/#\/schema\/logo\/image\/\",\"url\":\"https:\/\/jamonesblazquez.com\/wp-content\/uploads\/2019\/02\/Logo_Blazquez.png\",\"contentUrl\":\"https:\/\/jamonesblazquez.com\/wp-content\/uploads\/2019\/02\/Logo_Blazquez.png\",\"width\":500,\"height\":132,\"caption\":\"Jamones Bl\u00e1zquez\"},\"image\":{\"@id\":\"https:\/\/jamonesblazquez.com\/es\/#\/schema\/logo\/image\/\"},\"sameAs\":[\"https:\/\/www.facebook.com\/JamonBlazquez\/\",\"https:\/\/x.com\/jamonblazquez\",\"https:\/\/www.instagram.com\/jamonblazquez\/\",\"https:\/\/www.linkedin.com\/company\/10190869\/admin\/\"]}]}<\/script>\n<!-- \/ Yoast SEO plugin. -->","yoast_head_json":{"title":"Comprar Salchich\u00f3n Ib\u00e9rico de Bellota Admiraci\u00f3n (mitad) - Jamones Bl\u00e1zquez","description":"El salchich\u00f3n ib\u00e9rico de bellota Admiraci\u00f3n ofrece una experiencia sublime, tradici\u00f3n y vanguardia unidos para conseguir un sabor intenso y una textura \u00fanica que aporta suavidad y elegancia.","robots":{"index":"index","follow":"follow","max-snippet":"max-snippet:-1","max-image-preview":"max-image-preview:large","max-video-preview":"max-video-preview:-1"},"canonical":"https:\/\/jamonesblazquez.com\/es\/Producto\/salchichon-iberico-bellota-admiracion-mitad\/","og_locale":"en_US","og_type":"article","og_title":"Comprar Salchich\u00f3n Ib\u00e9rico de Bellota Admiraci\u00f3n (mitad) - Jamones Bl\u00e1zquez","og_description":"El salchich\u00f3n ib\u00e9rico de bellota Admiraci\u00f3n ofrece una experiencia sublime, tradici\u00f3n y vanguardia unidos para conseguir un sabor intenso y una textura \u00fanica que aporta suavidad y elegancia.","og_url":"https:\/\/jamonesblazquez.com\/es\/Producto\/salchichon-iberico-bellota-admiracion-mitad\/","og_site_name":"Jamones Bl\u00e1zquez","article_publisher":"https:\/\/www.facebook.com\/JamonBlazquez\/","og_image":[{"width":800,"height":800,"url":"https:\/\/jamonesblazquez.com\/wp-content\/uploads\/2020\/07\/SALCHICHON-DE-BELLOTA-IBERICO-.jpg","type":"image\/jpeg"}],"twitter_card":"summary_large_image","twitter_site":"@jamonblazquez","twitter_misc":{"Est. reading time":"1 minute"},"schema":{"@context":"https:\/\/schema.org","@graph":[{"@type":["WebPage","ItemPage"],"@id":"https:\/\/jamonesblazquez.com\/es\/Producto\/salchichon-iberico-bellota-admiracion-mitad\/","url":"https:\/\/jamonesblazquez.com\/es\/Producto\/salchichon-iberico-bellota-admiracion-mitad\/","name":"Comprar Salchich\u00f3n Ib\u00e9rico de Bellota Admiraci\u00f3n (mitad) - Jamones Bl\u00e1zquez","isPartOf":{"@id":"https:\/\/jamonesblazquez.com\/es\/#website"},"primaryImageOfPage":{"@id":"https:\/\/jamonesblazquez.com\/es\/Producto\/salchichon-iberico-bellota-admiracion-mitad\/#primaryimage"},"image":{"@id":"https:\/\/jamonesblazquez.com\/es\/Producto\/salchichon-iberico-bellota-admiracion-mitad\/#primaryimage"},"thumbnailUrl":"https:\/\/jamonesblazquez.com\/wp-content\/uploads\/2020\/07\/SALCHICHON-DE-BELLOTA-IBERICO-.jpg","datePublished":"2020-07-22T12:04:17+00:00","description":"El salchich\u00f3n ib\u00e9rico de bellota Admiraci\u00f3n ofrece una experiencia sublime, tradici\u00f3n y vanguardia unidos para conseguir un sabor intenso y una textura \u00fanica que aporta suavidad y elegancia.","breadcrumb":{"@id":"https:\/\/jamonesblazquez.com\/es\/Producto\/salchichon-iberico-bellota-admiracion-mitad\/#breadcrumb"},"inLanguage":"en-US","potentialAction":[{"@type":"ReadAction","target":["https:\/\/jamonesblazquez.com\/es\/Producto\/salchichon-iberico-bellota-admiracion-mitad\/"]}]},{"@type":"ImageObject","inLanguage":"en-US","@id":"https:\/\/jamonesblazquez.com\/es\/Producto\/salchichon-iberico-bellota-admiracion-mitad\/#primaryimage","url":"https:\/\/jamonesblazquez.com\/wp-content\/uploads\/2020\/07\/SALCHICHON-DE-BELLOTA-IBERICO-.jpg","contentUrl":"https:\/\/jamonesblazquez.com\/wp-content\/uploads\/2020\/07\/SALCHICHON-DE-BELLOTA-IBERICO-.jpg","width":800,"height":800,"caption":"SALCHICH\u00d3N DE BELLOTA IB\u00c9RICO"},{"@type":"BreadcrumbList","@id":"https:\/\/jamonesblazquez.com\/es\/Producto\/salchichon-iberico-bellota-admiracion-mitad\/#breadcrumb","itemListElement":[{"@type":"ListItem","position":1,"name":"Portada","item":"https:\/\/jamonesblazquez.com\/en\/"},{"@type":"ListItem","position":2,"name":"Shop","item":"https:\/\/jamonesblazquez.com\/en\/shop\/"},{"@type":"ListItem","position":3,"name":"Salchich\u00f3n Ib\u00e9rico de Bellota Admiraci\u00f3n (mitad)"}]},{"@type":"WebSite","@id":"https:\/\/jamonesblazquez.com\/es\/#website","url":"https:\/\/jamonesblazquez.com\/es\/","name":"Jamones Bl\u00e1zquez","description":"Obedece a la Tentaci\u00f3n!","publisher":{"@id":"https:\/\/jamonesblazquez.com\/es\/#organization"},"potentialAction":[{"@type":"SearchAction","target":{"@type":"EntryPoint","urlTemplate":"https:\/\/jamonesblazquez.com\/es\/?s={search_term_string}"},"query-input":{"@type":"PropertyValueSpecification","valueRequired":true,"valueName":"search_term_string"}}],"inLanguage":"en-US"},{"@type":"Organization","@id":"https:\/\/jamonesblazquez.com\/es\/#organization","name":"Jamones Bl\u00e1zquez","url":"https:\/\/jamonesblazquez.com\/es\/","logo":{"@type":"ImageObject","inLanguage":"en-US","@id":"https:\/\/jamonesblazquez.com\/es\/#\/schema\/logo\/image\/","url":"https:\/\/jamonesblazquez.com\/wp-content\/uploads\/2019\/02\/Logo_Blazquez.png","contentUrl":"https:\/\/jamonesblazquez.com\/wp-content\/uploads\/2019\/02\/Logo_Blazquez.png","width":500,"height":132,"caption":"Jamones Bl\u00e1zquez"},"image":{"@id":"https:\/\/jamonesblazquez.com\/es\/#\/schema\/logo\/image\/"},"sameAs":["https:\/\/www.facebook.com\/JamonBlazquez\/","https:\/\/x.com\/jamonblazquez","https:\/\/www.instagram.com\/jamonblazquez\/","https:\/\/www.linkedin.com\/company\/10190869\/admin\/"]}]}},"_links":{"self":[{"href":"https:\/\/jamonesblazquez.com\/en\/wp-json\/wp\/v2\/product\/3964","targetHints":{"allow":["GET"]}}],"collection":[{"href":"https:\/\/jamonesblazquez.com\/en\/wp-json\/wp\/v2\/product"}],"about":[{"href":"https:\/\/jamonesblazquez.com\/en\/wp-json\/wp\/v2\/types\/product"}],"wp:featuredmedia":[{"embeddable":true,"href":"https:\/\/jamonesblazquez.com\/en\/wp-json\/wp\/v2\/media\/7198"}],"wp:attachment":[{"href":"https:\/\/jamonesblazquez.com\/en\/wp-json\/wp\/v2\/media?parent=3964"}],"wp:term":[{"taxonomy":"product_brand","embeddable":true,"href":"https:\/\/jamonesblazquez.com\/en\/wp-json\/wp\/v2\/product_brand?post=3964"},{"taxonomy":"product_cat","embeddable":true,"href":"https:\/\/jamonesblazquez.com\/en\/wp-json\/wp\/v2\/product_cat?post=3964"},{"taxonomy":"product_tag","embeddable":true,"href":"https:\/\/jamonesblazquez.com\/en\/wp-json\/wp\/v2\/product_tag?post=3964"}],"curies":[{"name":"wp","href":"https:\/\/api.w.org\/{rel}","templated":true}]}}