{"id":3970,"date":"2020-07-22T14:04:16","date_gmt":"2020-07-22T12:04:16","guid":{"rendered":"https:\/\/dev.jamonesblazquez.com\/producto\/paleta-iberica-de-bellota-admiracion\/"},"modified":"2020-07-22T14:04:16","modified_gmt":"2020-07-22T12:04:16","slug":"paleta-iberica-de-bellota-admiracion","status":"publish","type":"product","link":"https:\/\/jamonesblazquez.com\/en\/Producto\/paleta-iberica-de-bellota-admiracion\/","title":{"rendered":"Paleta Ib\u00e9rica de Bellota Admiraci\u00f3n"},"content":{"rendered":"<p>Nuestra paleta Admiraci\u00f3n es la \u201creina consorte\u201d perfecta. Poderosa en sabor, atesora el mismo cuidado y exigencia que dedicamos a nuestros jamones.<\/p>\n<p>Procedente de una delicada selecci\u00f3n de nuestros cerdos criados en libertad en las mejores dehesas con pastos y bellotas en montanera.<\/p>\n<p>Con un periodo de curaci\u00f3n de 24 meses.<\/p>\n<p>Nuestros profesionales eval\u00faan minuciosa y exhaustivamente cada proceso, para conseguir un sabor intenso y una textura \u00fanica al alcance de los paladares m\u00e1s exigentes.<\/p>\n<p>La paleta ib\u00e9rica de bellota Admiraci\u00f3n es un alimento nutritivo con alto contenido vitam\u00ednico, al igual que el jam\u00f3n, contiene vitamina B1. Esta vitamina se encarga de que los carbohidratos que ingerimos se conviertan en energ\u00eda para nuestro organismo.<\/p>\n<p><span class=\"prd-glutenfree\">SIN GLUTEN<\/span><span class=\"prd-sinlactosa\"> SIN LACTOSA<\/span><span class=\"prd-sinconservantes\">SIN CONSERVANTES<\/span><span class=\"prd-sinaditivos\"> SIN ADITIVOS <\/span><\/p>\n<h3>INGREDIENTES<\/h3>\n<p>Paleta de cerdo Ib\u00e9rico 50% raza Ib\u00e9rica y sal.<\/p>\n<h3>VALORES NUTRICIONALES (en 100g)<\/h3>\n<p>Valor energ\u00e9tico: 418 Kcal \/ 1737KJ<br \/>Prote\u00ednas (g): 30,2<br \/>Hidratos de carbono (g):0,8<br \/>&#8211; De los cuales az\u00facares: (g): &lt;0,5<br \/>Grasas (g): 32,7<br \/>&#8211; De las cuales saturadas (g): 12,7<br \/>Sal (g): 3,5<\/p>\n","protected":false},"excerpt":{"rendered":"<p>Piezas curadas en secaderos propios, siguiendo los criterios artesanales de la familia Bl\u00e1zquez. Paletas estilizadas, estrechas y con una deliciosa carne veteada.<\/p>\n","protected":false},"featured_media":7046,"template":"","meta":[],"product_brand":[],"product_cat":[757],"product_tag":[],"class_list":{"0":"post-3970","1":"product","2":"type-product","3":"status-publish","4":"has-post-thumbnail","6":"product_cat-paletas-en","8":"first","9":"instock","10":"taxable","11":"shipping-taxable","12":"product-type-simple"},"yoast_head":"<!-- This site is optimized with the Yoast SEO plugin v27.1.1 - https:\/\/yoast.com\/product\/yoast-seo-wordpress\/ -->\n<title>Comprar Paleta Ib\u00e9rica de Bellota Admiraci\u00f3n - Jamones Bl\u00e1zquez<\/title>\n<meta name=\"description\" content=\"Piezas curadas en secaderos propios, siguiendo los criterios artesanales de la familia Bl\u00e1zquez. Paletas estilizadas, estrechas y con una deliciosa carne veteada.\" \/>\n<meta name=\"robots\" content=\"index, follow, max-snippet:-1, max-image-preview:large, max-video-preview:-1\" \/>\n<link rel=\"canonical\" href=\"https:\/\/jamonesblazquez.com\/es\/Producto\/paleta-iberica-de-bellota-admiracion\/\" \/>\n<meta property=\"og:locale\" content=\"en_US\" \/>\n<meta property=\"og:type\" content=\"article\" \/>\n<meta property=\"og:title\" content=\"Comprar Paleta Ib\u00e9rica de Bellota Admiraci\u00f3n - Jamones Bl\u00e1zquez\" \/>\n<meta property=\"og:description\" content=\"Piezas curadas en secaderos propios, siguiendo los criterios artesanales de la familia Bl\u00e1zquez. Paletas estilizadas, estrechas y con una deliciosa carne veteada.\" \/>\n<meta property=\"og:url\" content=\"https:\/\/jamonesblazquez.com\/es\/Producto\/paleta-iberica-de-bellota-admiracion\/\" \/>\n<meta property=\"og:site_name\" content=\"Jamones Bl\u00e1zquez\" \/>\n<meta property=\"article:publisher\" content=\"https:\/\/www.facebook.com\/JamonBlazquez\/\" \/>\n<meta property=\"og:image\" content=\"https:\/\/jamonesblazquez.com\/wp-content\/uploads\/2020\/07\/PALETA-DE-CEBO-50-RAZA-IBERICA-1.jpg\" \/>\n\t<meta property=\"og:image:width\" content=\"800\" \/>\n\t<meta property=\"og:image:height\" content=\"800\" \/>\n\t<meta property=\"og:image:type\" content=\"image\/jpeg\" \/>\n<meta name=\"twitter:card\" content=\"summary_large_image\" \/>\n<meta name=\"twitter:site\" content=\"@jamonblazquez\" \/>\n<meta name=\"twitter:label1\" content=\"Est. reading time\" \/>\n\t<meta name=\"twitter:data1\" content=\"1 minute\" \/>\n<script type=\"application\/ld+json\" class=\"yoast-schema-graph\">{\"@context\":\"https:\/\/schema.org\",\"@graph\":[{\"@type\":[\"WebPage\",\"ItemPage\"],\"@id\":\"https:\/\/jamonesblazquez.com\/es\/Producto\/paleta-iberica-de-bellota-admiracion\/\",\"url\":\"https:\/\/jamonesblazquez.com\/es\/Producto\/paleta-iberica-de-bellota-admiracion\/\",\"name\":\"Comprar Paleta Ib\u00e9rica de Bellota Admiraci\u00f3n - Jamones Bl\u00e1zquez\",\"isPartOf\":{\"@id\":\"https:\/\/jamonesblazquez.com\/es\/#website\"},\"primaryImageOfPage\":{\"@id\":\"https:\/\/jamonesblazquez.com\/es\/Producto\/paleta-iberica-de-bellota-admiracion\/#primaryimage\"},\"image\":{\"@id\":\"https:\/\/jamonesblazquez.com\/es\/Producto\/paleta-iberica-de-bellota-admiracion\/#primaryimage\"},\"thumbnailUrl\":\"https:\/\/jamonesblazquez.com\/wp-content\/uploads\/2020\/07\/PALETA-DE-CEBO-50-RAZA-IBERICA-1.jpg\",\"datePublished\":\"2020-07-22T12:04:16+00:00\",\"description\":\"Piezas curadas en secaderos propios, siguiendo los criterios artesanales de la familia Bl\u00e1zquez. Paletas estilizadas, estrechas y con una deliciosa carne veteada.\",\"breadcrumb\":{\"@id\":\"https:\/\/jamonesblazquez.com\/es\/Producto\/paleta-iberica-de-bellota-admiracion\/#breadcrumb\"},\"inLanguage\":\"en-US\",\"potentialAction\":[{\"@type\":\"ReadAction\",\"target\":[\"https:\/\/jamonesblazquez.com\/es\/Producto\/paleta-iberica-de-bellota-admiracion\/\"]}]},{\"@type\":\"ImageObject\",\"inLanguage\":\"en-US\",\"@id\":\"https:\/\/jamonesblazquez.com\/es\/Producto\/paleta-iberica-de-bellota-admiracion\/#primaryimage\",\"url\":\"https:\/\/jamonesblazquez.com\/wp-content\/uploads\/2020\/07\/PALETA-DE-CEBO-50-RAZA-IBERICA-1.jpg\",\"contentUrl\":\"https:\/\/jamonesblazquez.com\/wp-content\/uploads\/2020\/07\/PALETA-DE-CEBO-50-RAZA-IBERICA-1.jpg\",\"width\":800,\"height\":800,\"caption\":\"PALETA DE CEBO 50% RAZA IBERICA\"},{\"@type\":\"BreadcrumbList\",\"@id\":\"https:\/\/jamonesblazquez.com\/es\/Producto\/paleta-iberica-de-bellota-admiracion\/#breadcrumb\",\"itemListElement\":[{\"@type\":\"ListItem\",\"position\":1,\"name\":\"Portada\",\"item\":\"https:\/\/jamonesblazquez.com\/en\/\"},{\"@type\":\"ListItem\",\"position\":2,\"name\":\"Shop\",\"item\":\"https:\/\/jamonesblazquez.com\/en\/shop\/\"},{\"@type\":\"ListItem\",\"position\":3,\"name\":\"Paleta Ib\u00e9rica de Bellota Admiraci\u00f3n\"}]},{\"@type\":\"WebSite\",\"@id\":\"https:\/\/jamonesblazquez.com\/es\/#website\",\"url\":\"https:\/\/jamonesblazquez.com\/es\/\",\"name\":\"Jamones Bl\u00e1zquez\",\"description\":\"Obedece a la Tentaci\u00f3n!\",\"publisher\":{\"@id\":\"https:\/\/jamonesblazquez.com\/es\/#organization\"},\"potentialAction\":[{\"@type\":\"SearchAction\",\"target\":{\"@type\":\"EntryPoint\",\"urlTemplate\":\"https:\/\/jamonesblazquez.com\/es\/?s={search_term_string}\"},\"query-input\":{\"@type\":\"PropertyValueSpecification\",\"valueRequired\":true,\"valueName\":\"search_term_string\"}}],\"inLanguage\":\"en-US\"},{\"@type\":\"Organization\",\"@id\":\"https:\/\/jamonesblazquez.com\/es\/#organization\",\"name\":\"Jamones Bl\u00e1zquez\",\"url\":\"https:\/\/jamonesblazquez.com\/es\/\",\"logo\":{\"@type\":\"ImageObject\",\"inLanguage\":\"en-US\",\"@id\":\"https:\/\/jamonesblazquez.com\/es\/#\/schema\/logo\/image\/\",\"url\":\"https:\/\/jamonesblazquez.com\/wp-content\/uploads\/2019\/02\/Logo_Blazquez.png\",\"contentUrl\":\"https:\/\/jamonesblazquez.com\/wp-content\/uploads\/2019\/02\/Logo_Blazquez.png\",\"width\":500,\"height\":132,\"caption\":\"Jamones Bl\u00e1zquez\"},\"image\":{\"@id\":\"https:\/\/jamonesblazquez.com\/es\/#\/schema\/logo\/image\/\"},\"sameAs\":[\"https:\/\/www.facebook.com\/JamonBlazquez\/\",\"https:\/\/x.com\/jamonblazquez\",\"https:\/\/www.instagram.com\/jamonblazquez\/\",\"https:\/\/www.linkedin.com\/company\/10190869\/admin\/\"]}]}<\/script>\n<!-- \/ Yoast SEO plugin. -->","yoast_head_json":{"title":"Comprar Paleta Ib\u00e9rica de Bellota Admiraci\u00f3n - Jamones Bl\u00e1zquez","description":"Piezas curadas en secaderos propios, siguiendo los criterios artesanales de la familia Bl\u00e1zquez. Paletas estilizadas, estrechas y con una deliciosa carne veteada.","robots":{"index":"index","follow":"follow","max-snippet":"max-snippet:-1","max-image-preview":"max-image-preview:large","max-video-preview":"max-video-preview:-1"},"canonical":"https:\/\/jamonesblazquez.com\/es\/Producto\/paleta-iberica-de-bellota-admiracion\/","og_locale":"en_US","og_type":"article","og_title":"Comprar Paleta Ib\u00e9rica de Bellota Admiraci\u00f3n - Jamones Bl\u00e1zquez","og_description":"Piezas curadas en secaderos propios, siguiendo los criterios artesanales de la familia Bl\u00e1zquez. Paletas estilizadas, estrechas y con una deliciosa carne veteada.","og_url":"https:\/\/jamonesblazquez.com\/es\/Producto\/paleta-iberica-de-bellota-admiracion\/","og_site_name":"Jamones Bl\u00e1zquez","article_publisher":"https:\/\/www.facebook.com\/JamonBlazquez\/","og_image":[{"width":800,"height":800,"url":"https:\/\/jamonesblazquez.com\/wp-content\/uploads\/2020\/07\/PALETA-DE-CEBO-50-RAZA-IBERICA-1.jpg","type":"image\/jpeg"}],"twitter_card":"summary_large_image","twitter_site":"@jamonblazquez","twitter_misc":{"Est. reading time":"1 minute"},"schema":{"@context":"https:\/\/schema.org","@graph":[{"@type":["WebPage","ItemPage"],"@id":"https:\/\/jamonesblazquez.com\/es\/Producto\/paleta-iberica-de-bellota-admiracion\/","url":"https:\/\/jamonesblazquez.com\/es\/Producto\/paleta-iberica-de-bellota-admiracion\/","name":"Comprar Paleta Ib\u00e9rica de Bellota Admiraci\u00f3n - Jamones Bl\u00e1zquez","isPartOf":{"@id":"https:\/\/jamonesblazquez.com\/es\/#website"},"primaryImageOfPage":{"@id":"https:\/\/jamonesblazquez.com\/es\/Producto\/paleta-iberica-de-bellota-admiracion\/#primaryimage"},"image":{"@id":"https:\/\/jamonesblazquez.com\/es\/Producto\/paleta-iberica-de-bellota-admiracion\/#primaryimage"},"thumbnailUrl":"https:\/\/jamonesblazquez.com\/wp-content\/uploads\/2020\/07\/PALETA-DE-CEBO-50-RAZA-IBERICA-1.jpg","datePublished":"2020-07-22T12:04:16+00:00","description":"Piezas curadas en secaderos propios, siguiendo los criterios artesanales de la familia Bl\u00e1zquez. Paletas estilizadas, estrechas y con una deliciosa carne veteada.","breadcrumb":{"@id":"https:\/\/jamonesblazquez.com\/es\/Producto\/paleta-iberica-de-bellota-admiracion\/#breadcrumb"},"inLanguage":"en-US","potentialAction":[{"@type":"ReadAction","target":["https:\/\/jamonesblazquez.com\/es\/Producto\/paleta-iberica-de-bellota-admiracion\/"]}]},{"@type":"ImageObject","inLanguage":"en-US","@id":"https:\/\/jamonesblazquez.com\/es\/Producto\/paleta-iberica-de-bellota-admiracion\/#primaryimage","url":"https:\/\/jamonesblazquez.com\/wp-content\/uploads\/2020\/07\/PALETA-DE-CEBO-50-RAZA-IBERICA-1.jpg","contentUrl":"https:\/\/jamonesblazquez.com\/wp-content\/uploads\/2020\/07\/PALETA-DE-CEBO-50-RAZA-IBERICA-1.jpg","width":800,"height":800,"caption":"PALETA DE CEBO 50% RAZA IBERICA"},{"@type":"BreadcrumbList","@id":"https:\/\/jamonesblazquez.com\/es\/Producto\/paleta-iberica-de-bellota-admiracion\/#breadcrumb","itemListElement":[{"@type":"ListItem","position":1,"name":"Portada","item":"https:\/\/jamonesblazquez.com\/en\/"},{"@type":"ListItem","position":2,"name":"Shop","item":"https:\/\/jamonesblazquez.com\/en\/shop\/"},{"@type":"ListItem","position":3,"name":"Paleta Ib\u00e9rica de Bellota Admiraci\u00f3n"}]},{"@type":"WebSite","@id":"https:\/\/jamonesblazquez.com\/es\/#website","url":"https:\/\/jamonesblazquez.com\/es\/","name":"Jamones Bl\u00e1zquez","description":"Obedece a la Tentaci\u00f3n!","publisher":{"@id":"https:\/\/jamonesblazquez.com\/es\/#organization"},"potentialAction":[{"@type":"SearchAction","target":{"@type":"EntryPoint","urlTemplate":"https:\/\/jamonesblazquez.com\/es\/?s={search_term_string}"},"query-input":{"@type":"PropertyValueSpecification","valueRequired":true,"valueName":"search_term_string"}}],"inLanguage":"en-US"},{"@type":"Organization","@id":"https:\/\/jamonesblazquez.com\/es\/#organization","name":"Jamones Bl\u00e1zquez","url":"https:\/\/jamonesblazquez.com\/es\/","logo":{"@type":"ImageObject","inLanguage":"en-US","@id":"https:\/\/jamonesblazquez.com\/es\/#\/schema\/logo\/image\/","url":"https:\/\/jamonesblazquez.com\/wp-content\/uploads\/2019\/02\/Logo_Blazquez.png","contentUrl":"https:\/\/jamonesblazquez.com\/wp-content\/uploads\/2019\/02\/Logo_Blazquez.png","width":500,"height":132,"caption":"Jamones Bl\u00e1zquez"},"image":{"@id":"https:\/\/jamonesblazquez.com\/es\/#\/schema\/logo\/image\/"},"sameAs":["https:\/\/www.facebook.com\/JamonBlazquez\/","https:\/\/x.com\/jamonblazquez","https:\/\/www.instagram.com\/jamonblazquez\/","https:\/\/www.linkedin.com\/company\/10190869\/admin\/"]}]}},"_links":{"self":[{"href":"https:\/\/jamonesblazquez.com\/en\/wp-json\/wp\/v2\/product\/3970","targetHints":{"allow":["GET"]}}],"collection":[{"href":"https:\/\/jamonesblazquez.com\/en\/wp-json\/wp\/v2\/product"}],"about":[{"href":"https:\/\/jamonesblazquez.com\/en\/wp-json\/wp\/v2\/types\/product"}],"wp:featuredmedia":[{"embeddable":true,"href":"https:\/\/jamonesblazquez.com\/en\/wp-json\/wp\/v2\/media\/7046"}],"wp:attachment":[{"href":"https:\/\/jamonesblazquez.com\/en\/wp-json\/wp\/v2\/media?parent=3970"}],"wp:term":[{"taxonomy":"product_brand","embeddable":true,"href":"https:\/\/jamonesblazquez.com\/en\/wp-json\/wp\/v2\/product_brand?post=3970"},{"taxonomy":"product_cat","embeddable":true,"href":"https:\/\/jamonesblazquez.com\/en\/wp-json\/wp\/v2\/product_cat?post=3970"},{"taxonomy":"product_tag","embeddable":true,"href":"https:\/\/jamonesblazquez.com\/en\/wp-json\/wp\/v2\/product_tag?post=3970"}],"curies":[{"name":"wp","href":"https:\/\/api.w.org\/{rel}","templated":true}]}}