{"id":4755,"date":"2021-02-25T13:46:43","date_gmt":"2021-02-25T12:46:43","guid":{"rendered":"https:\/\/www.jamonesblazquez.com\/?post_type=product&#038;p=4755"},"modified":"2023-01-16T11:01:42","modified_gmt":"2023-01-16T10:01:42","slug":"enhorabuena-mama-coleccion","status":"publish","type":"product","link":"https:\/\/jamonesblazquez.com\/en\/Producto\/enhorabuena-mama-coleccion\/","title":{"rendered":"RECI\u00c9N MAM\u00c1 \u2013 COLECCI\u00d3N"},"content":{"rendered":"<div class=\"wpb-content-wrapper\"><p>[vc_row css_animation=&#8221;&#8221; row_type=&#8221;row&#8221; use_row_as_full_screen_section=&#8221;no&#8221; type=&#8221;full_width&#8221; angled_section=&#8221;no&#8221; text_align=&#8221;left&#8221; background_image_as_pattern=&#8221;without_pattern&#8221;][vc_column][vc_column_text]\u00bfQuieres ser original y regalar algo diferente y practico?<\/p>\n<p>Muchas veces no sabemos que regalar a una reci\u00e9n mam\u00e1 porque posiblemente el beb\u00e9 ya tiene todo lo que necesita. Nosotros te proporcionamos una idea alternativa y diferente,<\/p>\n<p>\u00bfQu\u00e9 mejor forma de dar la enhorabuena a una mam\u00e1 que con un surtido de ib\u00e9ricos?.<\/p>\n<p>Despu\u00e9s de haber estado nueve meses sin degustar nuestros productos ib\u00e9ricos, por fin lleg\u00f3 el momento Bl\u00e1zquez que ella tanto estaba esperando.<\/p>\n<p>Una caja que contiene 5\u00a0 <a href=\"https:\/\/jamonesblazquez.com\/es\/Producto\/loncheado-de-jamon-iberico-de-bellota-cortado-a-maquina\/\">loncheados de 50 gr. Jam\u00f3n de bellota ib\u00e9rico Admiraci\u00f3n Bl\u00e1zquez y<\/a> <a href=\"https:\/\/jamonesblazquez.com\/es\/Producto\/lomo-iberico-de-bellota-admiracion-mitad\/\">una mitad de Lomo de Bellota Ib\u00e9rico Admiraci\u00f3n,<\/a><a href=\"https:\/\/jamonesblazquez.com\/es\/Producto\/agapitos-fuet-iberico\/\">un Agapito\u00b4s Fuet Ib\u00e9rico<\/a> y una <a href=\"https:\/\/jamonesblazquez.com\/en\/Producto\/longaniza-iberica-picante\/\">\u00a0longaniza Ib\u00e9rica Picante<\/a> para un momento en el que ella se lo merece todo<\/p>\n<p>Incorporamos en el pack ib\u00e9rico, un detalle especial, una l\u00e1mina (con marco) artesanal, elaborada por CR\u00c9AME Ilustraci\u00f3n y Dise\u00f1o. Podr\u00e1s personalizarla con el nombre del beb\u00e9 y la fecha de nacimiento.<\/p>\n<p>Medida: 32 Ancho * 26 Alto en cm.<\/p>\n<p>Para personalizar la l\u00e1mina, debe escribir el nombre y fecha de nacimiento del beb\u00e9 en el cuadro de anotaciones u observaciones en el momento de realizar el pedido.[\/vc_column_text][\/vc_column][\/vc_row][vc_row css_animation=&#8221;&#8221; row_type=&#8221;row&#8221; use_row_as_full_screen_section=&#8221;no&#8221; type=&#8221;full_width&#8221; angled_section=&#8221;no&#8221; text_align=&#8221;left&#8221; background_image_as_pattern=&#8221;without_pattern&#8221;][vc_column]<div class=\"qode-accordion-holder clearfix qode-toggle qode-initial \">\n\t<h4 class=\"clearfix qode-title-holder\">\n<span class=\"qode-tab-title\">\n\t\t\t<span class=\"qode-tab-title-icon\">\n\t\t\t<i class=\"qode_icon_font_awesome fa fa-info-circle \" ><\/i>\t\t<\/span>\n\t    <span class=\"qode-tab-title-inner\">\n        Loncheado de jam\u00f3n de bellota ib\u00e9rico cortado a mano 50 gr.    <\/span>\n<\/span>\n<span class=\"qode-accordion-mark\">\n    <span class=\"qode-accordion-mark-icon\">\n        <span class=\"icon_plus\"><\/span>\n        <span class=\"icon_minus-06\"><\/span>\n    <\/span>\n<\/span>\n<\/h4>\n<div  class=\"qode-accordion-content qode-acc-title-with-icon\" style=\"padding: 0px\">\n    <div class=\"qode-accordion-content-inner\">\n        [vc_column_text css=&#8221;.vc_custom_1604667131893{padding-top: 12px !important;padding-bottom: 12px !important;padding-left: 40px !important;}&#8221;]<\/p>\n<h3>INGREDIENTES<\/h3>\n<p>Jam\u00f3n de cerdo Ib\u00e9rico 50% raza Ib\u00e9rica y sal.<\/p>\n<h3>VALORES NUTRICIONALES (EN 100G)<\/h3>\n<p>Valor energ\u00e9tico: 356 kcal \/ 1480 kJ<br \/>\nProte\u00ednas (g): 32,2<br \/>\nHidratos de carbono (g): &lt;0,5<br \/>\n\u2013 De los cuales az\u00facares: (g): &lt;0,5<br \/>\nGrasas (g): 25,2<br \/>\n\u2013 De las cuales saturadas (g): 8,0<br \/>\nSal (g): 4,5[\/vc_column_text]    <\/div>\n<\/div><h4 class=\"clearfix qode-title-holder\">\n<span class=\"qode-tab-title\">\n\t\t\t<span class=\"qode-tab-title-icon\">\n\t\t\t<i class=\"qode_icon_font_awesome fa fa-info-circle \" ><\/i>\t\t<\/span>\n\t    <span class=\"qode-tab-title-inner\">\n        Lomo de Bellota Ib\u00e9rico Admiraci\u00f3n (mitad)    <\/span>\n<\/span>\n<span class=\"qode-accordion-mark\">\n    <span class=\"qode-accordion-mark-icon\">\n        <span class=\"icon_plus\"><\/span>\n        <span class=\"icon_minus-06\"><\/span>\n    <\/span>\n<\/span>\n<\/h4>\n<div  class=\"qode-accordion-content qode-acc-title-with-icon\" >\n    <div class=\"qode-accordion-content-inner\">\n        [vc_column_text]<\/p>\n<h3>INGREDIENTES<\/h3>\n<p>Lomo de cerdo 50% raza Ib\u00e9rica, sal, piment\u00f3n, dextrosa, az\u00facar, especias, conservadores (E-250 y E-252), y antioxidante (E-301).<\/p>\n<h3>VALORES NUTRICIONALES (EN 100G)<\/h3>\n<p>Valor energ\u00e9tico: 437kcal \/ 1829kJ<br \/>\nProte\u00ednas (g): 41<br \/>\nHidratos de carbono (g): &lt;1<br \/>\n\u2013 De los cuales az\u00facares: (g): &lt;0,5<br \/>\nGrasas (g): 23,1<br \/>\n\u2013 De las cuales saturadas (g): 6,6<br \/>\nSal (g): 3,47[\/vc_column_text]    <\/div>\n<\/div><h4 class=\"clearfix qode-title-holder\">\n<span class=\"qode-tab-title\">\n\t\t\t<span class=\"qode-tab-title-icon\">\n\t\t\t<i class=\"qode_icon_font_awesome fa fa-info-circle \" ><\/i>\t\t<\/span>\n\t    <span class=\"qode-tab-title-inner\">\n        Agapito\u00b4s (Fuet Ib\u00e9rico)    <\/span>\n<\/span>\n<span class=\"qode-accordion-mark\">\n    <span class=\"qode-accordion-mark-icon\">\n        <span class=\"icon_plus\"><\/span>\n        <span class=\"icon_minus-06\"><\/span>\n    <\/span>\n<\/span>\n<\/h4>\n<div  class=\"qode-accordion-content qode-acc-title-with-icon\" >\n    <div class=\"qode-accordion-content-inner\">\n        [vc_column_text]<\/p>\n<h3>INGREDIENTES<\/h3>\n<p>Carne de cerdo ib\u00e9rico, sal, <span class=\"alergenos\">lactosa<\/span>, dextrosa, <span class=\"alergenos\">prote\u00edna de leche<\/span>, <span class=\"alergenos\">leche desnatada en polvo<\/span>, especias, conservadores (E-250 y E-252) y corrector de acidez (E-331iii).<\/p>\n<h3>VALORES NUTRICIONALES (en 100g)<\/h3>\n<p>Valor energ\u00e9tico: 429 kcal \/ 2041kJ<br \/>\nProte\u00ednas (g): 30,1<br \/>\nHidratos de carbono (g): &lt;1,8<br \/>\n&#8211; De los cuales az\u00facares: (g): &lt;0,9<br \/>\nGrasas (g): 40,5<br \/>\n&#8211; De las cuales saturadas (g): 17,12<br \/>\nSal (g): 2,5[\/vc_column_text]    <\/div>\n<\/div><h4 class=\"clearfix qode-title-holder\">\n<span class=\"qode-tab-title\">\n\t\t\t<span class=\"qode-tab-title-icon\">\n\t\t\t<i class=\"qode_icon_font_awesome fa fa-info-circle \" ><\/i>\t\t<\/span>\n\t    <span class=\"qode-tab-title-inner\">\n        Longaniza Ib\u00e9rica Picante    <\/span>\n<\/span>\n<span class=\"qode-accordion-mark\">\n    <span class=\"qode-accordion-mark-icon\">\n        <span class=\"icon_plus\"><\/span>\n        <span class=\"icon_minus-06\"><\/span>\n    <\/span>\n<\/span>\n<\/h4>\n<div  class=\"qode-accordion-content qode-acc-title-with-icon\" >\n    <div class=\"qode-accordion-content-inner\">\n        [vc_column_text]<\/p>\n<h3>INGREDIENTES<\/h3>\n<p>Carne de cerdo, piment\u00f3n, sal, aceite de oliva virgen extra, especias, conservadores (E-250 y E-252), corrector de acidez (E-331iii) y antioxidante (E-301).<\/p>\n<h3>VALORES NUTRICIONALES (en 100g)<\/h3>\n<p>Valor energ\u00e9tico: 2153 kcal \/ 521kJ<br \/>\nProte\u00ednas (g): 22,2<br \/>\nHidratos de carbono (g): &lt;1<br \/>\n&#8211; De los cuales az\u00facares: (g): &lt;0,6<br \/>\nGrasas (g): 48<br \/>\n&#8211; De las cuales saturadas (g): 19,5<br \/>\nSal (g): 2,5[\/vc_column_text]    <\/div>\n<\/div><\/div>[\/vc_column][\/vc_row][vc_row css_animation=&#8221;&#8221; row_type=&#8221;row&#8221; use_row_as_full_screen_section=&#8221;no&#8221; type=&#8221;full_width&#8221; angled_section=&#8221;no&#8221; text_align=&#8221;left&#8221; background_image_as_pattern=&#8221;without_pattern&#8221;][vc_column][vc_column_text]<span class=\"prd-glutenfree\">SIN GLUTEN<\/span><\/p>\n<h3><\/h3>\n<p>[\/vc_column_text][\/vc_column][\/vc_row][vc_row css_animation=&#8221;&#8221; row_type=&#8221;row&#8221; use_row_as_full_screen_section=&#8221;no&#8221; type=&#8221;full_width&#8221; angled_section=&#8221;no&#8221; text_align=&#8221;left&#8221; background_image_as_pattern=&#8221;without_pattern&#8221;][vc_column][vc_column_text]<\/p>\n<p>*Los plazos de entrega de este producto pueden demorarse hasta en una semana debido a que esta caja es preparada exclusivamente para ti.<\/p>\n<p>*Color del marco sujeto a disponibilidad.[\/vc_column_text][\/vc_column][\/vc_row]<\/p>\n<\/div>","protected":false},"excerpt":{"rendered":"<p>Un regalo PERSONALIZABLE, original, diferente y pr\u00e1ctico. Regalar a una reci\u00e9n mam\u00e1 la experiencia de volver a degustar los ib\u00e9ricos gourmet de Bl\u00e1zquez. \u00a1ENHORABUENA MAM\u00c1!<\/p>\n<p>&nbsp;<\/p>\n<p><strong>LA PERSONALIZACI\u00d3N SE REALIZAR\u00c1 AL FINAL DE LA COMPRA<\/strong><\/p>\n","protected":false},"featured_media":4810,"template":"","meta":[],"product_brand":[],"product_cat":[824],"product_tag":[],"class_list":{"0":"post-4755","1":"product","2":"type-product","3":"status-publish","4":"has-post-thumbnail","6":"product_cat-regalo-mama-en","8":"first","9":"instock","10":"taxable","11":"shipping-taxable","12":"product-type-simple"},"yoast_head":"<!-- This site is optimized with the Yoast SEO plugin v27.1.1 - https:\/\/yoast.com\/product\/yoast-seo-wordpress\/ -->\n<title>Comprar RECI\u00c9N MAM\u00c1 \u2013 COLECCI\u00d3N Suertido de ib\u00e9ricos - Jamones Bl\u00e1zquez<\/title>\n<meta name=\"description\" content=\"Un regalo PERSONALIZABLE, original, diferente y pr\u00e1ctico. Regalar a una reci\u00e9n mam\u00e1 la experiencia de volver a degustar los ib\u00e9ricos gourmet de Bl\u00e1zquez. \u00a1ENHORABUENA MAM\u00c1!  &nbsp;  LA PERSONALIZACI\u00d3N SE REALIZAR\u00c1 AL FINAL DE LA COMPRA\" \/>\n<meta name=\"robots\" content=\"index, follow, max-snippet:-1, max-image-preview:large, max-video-preview:-1\" \/>\n<link rel=\"canonical\" href=\"https:\/\/jamonesblazquez.com\/en\/Producto\/enhorabuena-mama-coleccion\/\" \/>\n<meta property=\"og:locale\" content=\"en_US\" \/>\n<meta property=\"og:type\" content=\"article\" \/>\n<meta property=\"og:title\" content=\"Comprar RECI\u00c9N MAM\u00c1 \u2013 COLECCI\u00d3N Suertido de ib\u00e9ricos - Jamones Bl\u00e1zquez\" \/>\n<meta property=\"og:description\" content=\"Un regalo PERSONALIZABLE, original, diferente y pr\u00e1ctico. Regalar a una reci\u00e9n mam\u00e1 la experiencia de volver a degustar los ib\u00e9ricos gourmet de Bl\u00e1zquez. \u00a1ENHORABUENA MAM\u00c1!  &nbsp;  LA PERSONALIZACI\u00d3N SE REALIZAR\u00c1 AL FINAL DE LA COMPRA\" \/>\n<meta property=\"og:url\" content=\"https:\/\/jamonesblazquez.com\/en\/Producto\/enhorabuena-mama-coleccion\/\" \/>\n<meta property=\"og:site_name\" content=\"Jamones Bl\u00e1zquez\" \/>\n<meta property=\"article:publisher\" content=\"https:\/\/www.facebook.com\/JamonBlazquez\/\" \/>\n<meta property=\"article:modified_time\" content=\"2023-01-16T10:01:42+00:00\" \/>\n<meta property=\"og:image\" content=\"https:\/\/jamonesblazquez.com\/wp-content\/uploads\/2021\/02\/ENHORABUENA-MAMA-COLECCION-1--scaled.jpg\" \/>\n\t<meta property=\"og:image:width\" content=\"2560\" \/>\n\t<meta property=\"og:image:height\" content=\"2560\" \/>\n\t<meta property=\"og:image:type\" content=\"image\/jpeg\" \/>\n<meta name=\"twitter:card\" content=\"summary_large_image\" \/>\n<meta name=\"twitter:site\" content=\"@jamonblazquez\" \/>\n<meta name=\"twitter:label1\" content=\"Est. reading time\" \/>\n\t<meta name=\"twitter:data1\" content=\"3 minutes\" \/>\n<script type=\"application\/ld+json\" class=\"yoast-schema-graph\">{\"@context\":\"https:\/\/schema.org\",\"@graph\":[{\"@type\":[\"WebPage\",\"ItemPage\"],\"@id\":\"https:\/\/jamonesblazquez.com\/en\/Producto\/enhorabuena-mama-coleccion\/\",\"url\":\"https:\/\/jamonesblazquez.com\/en\/Producto\/enhorabuena-mama-coleccion\/\",\"name\":\"Comprar RECI\u00c9N MAM\u00c1 \u2013 COLECCI\u00d3N Suertido de ib\u00e9ricos - Jamones Bl\u00e1zquez\",\"isPartOf\":{\"@id\":\"https:\/\/jamonesblazquez.com\/es\/#website\"},\"primaryImageOfPage\":{\"@id\":\"https:\/\/jamonesblazquez.com\/en\/Producto\/enhorabuena-mama-coleccion\/#primaryimage\"},\"image\":{\"@id\":\"https:\/\/jamonesblazquez.com\/en\/Producto\/enhorabuena-mama-coleccion\/#primaryimage\"},\"thumbnailUrl\":\"https:\/\/jamonesblazquez.com\/wp-content\/uploads\/2021\/02\/ENHORABUENA-MAMA-COLECCION-1--scaled.jpg\",\"datePublished\":\"2021-02-25T12:46:43+00:00\",\"dateModified\":\"2023-01-16T10:01:42+00:00\",\"description\":\"Un regalo PERSONALIZABLE, original, diferente y pr\u00e1ctico. Regalar a una reci\u00e9n mam\u00e1 la experiencia de volver a degustar los ib\u00e9ricos gourmet de Bl\u00e1zquez. \u00a1ENHORABUENA MAM\u00c1! &nbsp; LA PERSONALIZACI\u00d3N SE REALIZAR\u00c1 AL FINAL DE LA COMPRA\",\"breadcrumb\":{\"@id\":\"https:\/\/jamonesblazquez.com\/en\/Producto\/enhorabuena-mama-coleccion\/#breadcrumb\"},\"inLanguage\":\"en-US\",\"potentialAction\":[{\"@type\":\"ReadAction\",\"target\":[\"https:\/\/jamonesblazquez.com\/en\/Producto\/enhorabuena-mama-coleccion\/\"]}]},{\"@type\":\"ImageObject\",\"inLanguage\":\"en-US\",\"@id\":\"https:\/\/jamonesblazquez.com\/en\/Producto\/enhorabuena-mama-coleccion\/#primaryimage\",\"url\":\"https:\/\/jamonesblazquez.com\/wp-content\/uploads\/2021\/02\/ENHORABUENA-MAMA-COLECCION-1--scaled.jpg\",\"contentUrl\":\"https:\/\/jamonesblazquez.com\/wp-content\/uploads\/2021\/02\/ENHORABUENA-MAMA-COLECCION-1--scaled.jpg\",\"width\":2560,\"height\":2560,\"caption\":\"Incorporamos en el pack ib\u00e9rico, un detalle especial, una l\u00e1mina (con marco) artesanal, elaborada por CR\u00c9AME Ilustraci\u00f3n y Dise\u00f1o. Podr\u00e1s personalizarla con el nombre del beb\u00e9 y la fecha de nacimiento. L\u00e1mina (con marco) artesanal, elaborada por CR\u00c9AME Ilustraci\u00f3n y Dise\u00f1o medida con marco: 32 Ancho * 26 Alto en cm. Para personalizar la lamina, debe escribir el nombre y fecha de nacimiento del beb\u00e9 en el cuadro de anotaciones u observaciones en el momento de realizar el pedido.\u00a0\"},{\"@type\":\"BreadcrumbList\",\"@id\":\"https:\/\/jamonesblazquez.com\/en\/Producto\/enhorabuena-mama-coleccion\/#breadcrumb\",\"itemListElement\":[{\"@type\":\"ListItem\",\"position\":1,\"name\":\"Portada\",\"item\":\"https:\/\/jamonesblazquez.com\/en\/\"},{\"@type\":\"ListItem\",\"position\":2,\"name\":\"Shop\",\"item\":\"https:\/\/jamonesblazquez.com\/en\/shop\/\"},{\"@type\":\"ListItem\",\"position\":3,\"name\":\"RECI\u00c9N MAM\u00c1 \u2013 COLECCI\u00d3N\"}]},{\"@type\":\"WebSite\",\"@id\":\"https:\/\/jamonesblazquez.com\/es\/#website\",\"url\":\"https:\/\/jamonesblazquez.com\/es\/\",\"name\":\"Jamones Bl\u00e1zquez\",\"description\":\"Obedece a la Tentaci\u00f3n!\",\"publisher\":{\"@id\":\"https:\/\/jamonesblazquez.com\/es\/#organization\"},\"potentialAction\":[{\"@type\":\"SearchAction\",\"target\":{\"@type\":\"EntryPoint\",\"urlTemplate\":\"https:\/\/jamonesblazquez.com\/es\/?s={search_term_string}\"},\"query-input\":{\"@type\":\"PropertyValueSpecification\",\"valueRequired\":true,\"valueName\":\"search_term_string\"}}],\"inLanguage\":\"en-US\"},{\"@type\":\"Organization\",\"@id\":\"https:\/\/jamonesblazquez.com\/es\/#organization\",\"name\":\"Jamones Bl\u00e1zquez\",\"url\":\"https:\/\/jamonesblazquez.com\/es\/\",\"logo\":{\"@type\":\"ImageObject\",\"inLanguage\":\"en-US\",\"@id\":\"https:\/\/jamonesblazquez.com\/es\/#\/schema\/logo\/image\/\",\"url\":\"https:\/\/jamonesblazquez.com\/wp-content\/uploads\/2019\/02\/Logo_Blazquez.png\",\"contentUrl\":\"https:\/\/jamonesblazquez.com\/wp-content\/uploads\/2019\/02\/Logo_Blazquez.png\",\"width\":500,\"height\":132,\"caption\":\"Jamones Bl\u00e1zquez\"},\"image\":{\"@id\":\"https:\/\/jamonesblazquez.com\/es\/#\/schema\/logo\/image\/\"},\"sameAs\":[\"https:\/\/www.facebook.com\/JamonBlazquez\/\",\"https:\/\/x.com\/jamonblazquez\",\"https:\/\/www.instagram.com\/jamonblazquez\/\",\"https:\/\/www.linkedin.com\/company\/10190869\/admin\/\"]}]}<\/script>\n<!-- \/ Yoast SEO plugin. -->","yoast_head_json":{"title":"Comprar RECI\u00c9N MAM\u00c1 \u2013 COLECCI\u00d3N Suertido de ib\u00e9ricos - Jamones Bl\u00e1zquez","description":"Un regalo PERSONALIZABLE, original, diferente y pr\u00e1ctico. Regalar a una reci\u00e9n mam\u00e1 la experiencia de volver a degustar los ib\u00e9ricos gourmet de Bl\u00e1zquez. \u00a1ENHORABUENA MAM\u00c1!  &nbsp;  LA PERSONALIZACI\u00d3N SE REALIZAR\u00c1 AL FINAL DE LA COMPRA","robots":{"index":"index","follow":"follow","max-snippet":"max-snippet:-1","max-image-preview":"max-image-preview:large","max-video-preview":"max-video-preview:-1"},"canonical":"https:\/\/jamonesblazquez.com\/en\/Producto\/enhorabuena-mama-coleccion\/","og_locale":"en_US","og_type":"article","og_title":"Comprar RECI\u00c9N MAM\u00c1 \u2013 COLECCI\u00d3N Suertido de ib\u00e9ricos - Jamones Bl\u00e1zquez","og_description":"Un regalo PERSONALIZABLE, original, diferente y pr\u00e1ctico. Regalar a una reci\u00e9n mam\u00e1 la experiencia de volver a degustar los ib\u00e9ricos gourmet de Bl\u00e1zquez. \u00a1ENHORABUENA MAM\u00c1!  &nbsp;  LA PERSONALIZACI\u00d3N SE REALIZAR\u00c1 AL FINAL DE LA COMPRA","og_url":"https:\/\/jamonesblazquez.com\/en\/Producto\/enhorabuena-mama-coleccion\/","og_site_name":"Jamones Bl\u00e1zquez","article_publisher":"https:\/\/www.facebook.com\/JamonBlazquez\/","article_modified_time":"2023-01-16T10:01:42+00:00","og_image":[{"width":2560,"height":2560,"url":"https:\/\/jamonesblazquez.com\/wp-content\/uploads\/2021\/02\/ENHORABUENA-MAMA-COLECCION-1--scaled.jpg","type":"image\/jpeg"}],"twitter_card":"summary_large_image","twitter_site":"@jamonblazquez","twitter_misc":{"Est. reading time":"3 minutes"},"schema":{"@context":"https:\/\/schema.org","@graph":[{"@type":["WebPage","ItemPage"],"@id":"https:\/\/jamonesblazquez.com\/en\/Producto\/enhorabuena-mama-coleccion\/","url":"https:\/\/jamonesblazquez.com\/en\/Producto\/enhorabuena-mama-coleccion\/","name":"Comprar RECI\u00c9N MAM\u00c1 \u2013 COLECCI\u00d3N Suertido de ib\u00e9ricos - Jamones Bl\u00e1zquez","isPartOf":{"@id":"https:\/\/jamonesblazquez.com\/es\/#website"},"primaryImageOfPage":{"@id":"https:\/\/jamonesblazquez.com\/en\/Producto\/enhorabuena-mama-coleccion\/#primaryimage"},"image":{"@id":"https:\/\/jamonesblazquez.com\/en\/Producto\/enhorabuena-mama-coleccion\/#primaryimage"},"thumbnailUrl":"https:\/\/jamonesblazquez.com\/wp-content\/uploads\/2021\/02\/ENHORABUENA-MAMA-COLECCION-1--scaled.jpg","datePublished":"2021-02-25T12:46:43+00:00","dateModified":"2023-01-16T10:01:42+00:00","description":"Un regalo PERSONALIZABLE, original, diferente y pr\u00e1ctico. Regalar a una reci\u00e9n mam\u00e1 la experiencia de volver a degustar los ib\u00e9ricos gourmet de Bl\u00e1zquez. \u00a1ENHORABUENA MAM\u00c1! &nbsp; LA PERSONALIZACI\u00d3N SE REALIZAR\u00c1 AL FINAL DE LA COMPRA","breadcrumb":{"@id":"https:\/\/jamonesblazquez.com\/en\/Producto\/enhorabuena-mama-coleccion\/#breadcrumb"},"inLanguage":"en-US","potentialAction":[{"@type":"ReadAction","target":["https:\/\/jamonesblazquez.com\/en\/Producto\/enhorabuena-mama-coleccion\/"]}]},{"@type":"ImageObject","inLanguage":"en-US","@id":"https:\/\/jamonesblazquez.com\/en\/Producto\/enhorabuena-mama-coleccion\/#primaryimage","url":"https:\/\/jamonesblazquez.com\/wp-content\/uploads\/2021\/02\/ENHORABUENA-MAMA-COLECCION-1--scaled.jpg","contentUrl":"https:\/\/jamonesblazquez.com\/wp-content\/uploads\/2021\/02\/ENHORABUENA-MAMA-COLECCION-1--scaled.jpg","width":2560,"height":2560,"caption":"Incorporamos en el pack ib\u00e9rico, un detalle especial, una l\u00e1mina (con marco) artesanal, elaborada por CR\u00c9AME Ilustraci\u00f3n y Dise\u00f1o. Podr\u00e1s personalizarla con el nombre del beb\u00e9 y la fecha de nacimiento. L\u00e1mina (con marco) artesanal, elaborada por CR\u00c9AME Ilustraci\u00f3n y Dise\u00f1o medida con marco: 32 Ancho * 26 Alto en cm. Para personalizar la lamina, debe escribir el nombre y fecha de nacimiento del beb\u00e9 en el cuadro de anotaciones u observaciones en el momento de realizar el pedido.\u00a0"},{"@type":"BreadcrumbList","@id":"https:\/\/jamonesblazquez.com\/en\/Producto\/enhorabuena-mama-coleccion\/#breadcrumb","itemListElement":[{"@type":"ListItem","position":1,"name":"Portada","item":"https:\/\/jamonesblazquez.com\/en\/"},{"@type":"ListItem","position":2,"name":"Shop","item":"https:\/\/jamonesblazquez.com\/en\/shop\/"},{"@type":"ListItem","position":3,"name":"RECI\u00c9N MAM\u00c1 \u2013 COLECCI\u00d3N"}]},{"@type":"WebSite","@id":"https:\/\/jamonesblazquez.com\/es\/#website","url":"https:\/\/jamonesblazquez.com\/es\/","name":"Jamones Bl\u00e1zquez","description":"Obedece a la Tentaci\u00f3n!","publisher":{"@id":"https:\/\/jamonesblazquez.com\/es\/#organization"},"potentialAction":[{"@type":"SearchAction","target":{"@type":"EntryPoint","urlTemplate":"https:\/\/jamonesblazquez.com\/es\/?s={search_term_string}"},"query-input":{"@type":"PropertyValueSpecification","valueRequired":true,"valueName":"search_term_string"}}],"inLanguage":"en-US"},{"@type":"Organization","@id":"https:\/\/jamonesblazquez.com\/es\/#organization","name":"Jamones Bl\u00e1zquez","url":"https:\/\/jamonesblazquez.com\/es\/","logo":{"@type":"ImageObject","inLanguage":"en-US","@id":"https:\/\/jamonesblazquez.com\/es\/#\/schema\/logo\/image\/","url":"https:\/\/jamonesblazquez.com\/wp-content\/uploads\/2019\/02\/Logo_Blazquez.png","contentUrl":"https:\/\/jamonesblazquez.com\/wp-content\/uploads\/2019\/02\/Logo_Blazquez.png","width":500,"height":132,"caption":"Jamones Bl\u00e1zquez"},"image":{"@id":"https:\/\/jamonesblazquez.com\/es\/#\/schema\/logo\/image\/"},"sameAs":["https:\/\/www.facebook.com\/JamonBlazquez\/","https:\/\/x.com\/jamonblazquez","https:\/\/www.instagram.com\/jamonblazquez\/","https:\/\/www.linkedin.com\/company\/10190869\/admin\/"]}]}},"_links":{"self":[{"href":"https:\/\/jamonesblazquez.com\/en\/wp-json\/wp\/v2\/product\/4755","targetHints":{"allow":["GET"]}}],"collection":[{"href":"https:\/\/jamonesblazquez.com\/en\/wp-json\/wp\/v2\/product"}],"about":[{"href":"https:\/\/jamonesblazquez.com\/en\/wp-json\/wp\/v2\/types\/product"}],"wp:featuredmedia":[{"embeddable":true,"href":"https:\/\/jamonesblazquez.com\/en\/wp-json\/wp\/v2\/media\/4810"}],"wp:attachment":[{"href":"https:\/\/jamonesblazquez.com\/en\/wp-json\/wp\/v2\/media?parent=4755"}],"wp:term":[{"taxonomy":"product_brand","embeddable":true,"href":"https:\/\/jamonesblazquez.com\/en\/wp-json\/wp\/v2\/product_brand?post=4755"},{"taxonomy":"product_cat","embeddable":true,"href":"https:\/\/jamonesblazquez.com\/en\/wp-json\/wp\/v2\/product_cat?post=4755"},{"taxonomy":"product_tag","embeddable":true,"href":"https:\/\/jamonesblazquez.com\/en\/wp-json\/wp\/v2\/product_tag?post=4755"}],"curies":[{"name":"wp","href":"https:\/\/api.w.org\/{rel}","templated":true}]}}