{"id":2012,"date":"2020-06-24T11:23:35","date_gmt":"2020-06-24T09:23:35","guid":{"rendered":"https:\/\/dev.jamonesblazquez.com\/blog\/?page_id=2012"},"modified":"2020-11-23T11:52:33","modified_gmt":"2020-11-23T10:52:33","slug":"aviso-legal","status":"publish","type":"page","link":"https:\/\/jamonesblazquez.com\/es\/aviso-legal\/","title":{"rendered":"Aviso legal"},"content":{"rendered":"<div class=\"wpb-content-wrapper\"><p>[vc_row css_animation=\u00bb\u00bb row_type=\u00bbrow\u00bb use_row_as_full_screen_section=\u00bbno\u00bb type=\u00bbfull_width\u00bb angled_section=\u00bbno\u00bb text_align=\u00bbleft\u00bb background_image_as_pattern=\u00bbwithout_pattern\u00bb el_class=\u00bbtxt-legales\u00bb z_index=\u00bb\u00bb][vc_column][vc_column_text el_class=\u00bbtit-pagina\u00bb]<\/p>\n<h1 class=\"section-intro__subtitle\"><span class=\"color-green-main\">aviso legal<\/span><\/h1>\n<p>[\/vc_column_text][vc_column_text]Usted ha accedido al sitio web de GRUPO BL\u00c1ZQUEZ DE INVERSIONES Y PROYECTOS, S.L., en los sucesivo LA EMPRESA, que ofrece productos relacionados con la industria agroalimentaria del cerdo ib\u00e9rico y sus productos, y localizado en el dominio de internet www.jamonesblazquez.com<\/p>\n<p>El acceso a los servicios y el tratamiento por parte de los usuarios de los contenidos de la web de LA EMPRESA se sujetar\u00e1 a los siguientes<\/p>\n<h2><strong>T\u00c9RMINOS Y CONDICIONES<\/strong><\/h2>\n<h3><strong>PRIMERO-. TITULARIDAD DEL SERVICIO<\/strong><\/h3>\n<p>De conformidad con lo establecido en el apartado 1 del art\u00edculo 10 de la Ley 34\/2002 de 11 de julio, de servicios de la sociedad de la informaci\u00f3n y de comercio electr\u00f3nico se ofrece la siguiente informaci\u00f3n<\/p>\n<p>Nombre del titular\/responsable:<\/p>\n<ul>\n<li>GRUPO BL\u00c1ZQUEZ DE INVERSIONES Y PROYECTOS, S.L.<\/li>\n<li>Calle Ventura Ruiz Aguilera, 1, 4\u00aa planta, oficina 14<\/li>\n<li>37.001 Salamanca<\/li>\n<li>C.I.F.\u00a0 B37434818<\/li>\n<li>Email: ventaonline@grupo-blazquez.com<\/li>\n<\/ul>\n<p>Empresa inscrita en el Registro Mercantil de Salamanca: Tomo 335, Libro 0, Folio 35, Hoja SA-10381, Inscrip. 1<\/p>\n<p>A trav\u00e9s de los formularios establecidos en la web a tal efecto, el usuario podr\u00e1 ponerse en contacto con LA EMPRESA para enviar cuantas aclaraciones, sugerencias o notificaciones estime oportunas.<\/p>\n<h3><strong>SEGUNDO-. RESPONSABILIDAD DE LOS USUARIOS<\/strong><\/h3>\n<p>A los efectos de los presentes t\u00e9rminos y condiciones, tendr\u00e1 la consideraci\u00f3n de \u201cusuario\u201d cualquier persona f\u00edsica o jur\u00eddica que visite la web de LA EMPRESA o haga uso de sus servicios.<\/p>\n<p>La navegaci\u00f3n o el uso de la web LA EMPRESA presume la perfecta comprensi\u00f3n y la aceptaci\u00f3n sin reservas de los presentes t\u00e9rminos y condiciones, que podr\u00e1n ser actualizados por el titular en cualquier momento y sin previo aviso, por lo que se aconseja la revisi\u00f3n de los mismos con cierta frecuencia.<\/p>\n<p>Igualmente, los presentes t\u00e9rminos y condiciones se rigen en los principios de legalidad y de buena fe, debiendo comprometerse el \u201cusuario\u201d a utilizar todos los contenidos y\/o servicios de esta web de acuerdo con la normativa vigente, la moral, las buenas costumbres y el orden p\u00fablico.<\/p>\n<p>El usuario se compromete a no usar las facilidades incluidas en esta web para publicar contenidos y comentarios que pudieran afectar a los derechos de cualquier visitante u otro usuario de esta web, o de terceros, incluyendo los derechos de autor, marcas, patentes, informaci\u00f3n confidencial y cualquier otro derecho de propiedad intelectual o industrial, sin olvidar todos aquellos que vulneren o transgredan el secreto profesional, el honor, la intimidad personal o familiar o la imagen y reputaci\u00f3n de terceros, o que sean il\u00edcitos o atenten a la moralidad o al orden p\u00fablico, dejando el usuario en todo caso indemne al titular de LA EMPRESA frente a cualquier reclamaci\u00f3n, judicial o extrajudicial.<\/p>\n<p>LA EMPRESA se reserva el derecho a retirar de forma inmediata cualquier contenido generado por el usuario que transgreda las normativas y los principios citados, as\u00ed como a comunicar cualquier posible infracci\u00f3n o ilegalidad a las autoridades competentes.<\/p>\n<h3><strong>TERCERO-. FUNCIONAMIENTO DEL SERVICIO<\/strong><\/h3>\n<p>El titular de esta web expresa su diligente compromiso de procurar que el servicio se preste de forma normal e ininterrumpida.<\/p>\n<p>No obstante, el titular de esta web no ser\u00e1 responsable de ning\u00fan da\u00f1o que se genere al usuario en caso de imposibilidad de prestar los servicios y\/o contenidos objeto de los presentes t\u00e9rminos y condiciones, debida a supuestos de caso fortuito, fuerza mayor u otras causas no imputables a dicho titular.<\/p>\n<p>En ning\u00fan caso el titular de la web ser\u00e1 responsable del inadecuado funcionamiento del presente servicio si ello obedece a labores de mantenimiento y similares, a incidencias que afecten a servidores, a ISPs, a una defectuosa configuraci\u00f3n de los equipos del usuario o a una insuficiente capacidad en los dispositivos utilizados por el usuario para acceder a este servicio.<\/p>\n<p>Igualmente, LA EMPRESA no garantiza la precisi\u00f3n, integridad o exactitud de los contenidos, declaraciones y opiniones publicados en este sitio web, reserv\u00e1ndose LA EMPRESA, a su exclusivo criterio, la facultad de suprimir o corregir cualquier error o imprecisi\u00f3n detectadas conforme al principio de buena fe.<\/p>\n<h3><strong>CUARTO-. MODIFICACI\u00d3N O SUPRESI\u00d3N DEL SERVICIO<\/strong><\/h3>\n<p>LA EMPRESA se reserva el derecho de a\u00f1adir, mejorar, modificar o suprimir, unilateralmente y sin previo aviso, los contenidos y\/o servicios de este portal, atendiendo a los m\u00e1s diversos criterios.<\/p>\n<p>Cualquier servicio y\/o contenido a\u00f1adido o mejorado que se incluya en la web de LA EMPRESA se entender\u00e1 comprendido y regido por los presentes t\u00e9rminos y condiciones.<\/p>\n<h3><strong>QUINTO-. PROPIEDAD INTELECTUAL<\/strong><\/h3>\n<p>El usuario del servicio reconoce expresamente la exclusiva titularidad LA EMPRESA sobre cualesquiera derechos de propiedad intelectual concernientes a las p\u00e1ginas que dan soporte a todos los servicios y contenidos de la presente web, en particular en lo referente a la apariencia o \u201clook &amp; feel\u201d, combinaci\u00f3n de colores, logotipos gr\u00e1ficos, as\u00ed como sobre los contenidos editoriales del sitio web . Dicha obligaci\u00f3n de reconocimiento subsistir\u00e1 aun en el caso de haberse suprimido el presente servicio.<\/p>\n<p>No obstante, los contenidos cuya titularidad no pertenecen a LA EMPRESA, se regir\u00e1n por los derechos de propiedad que establezca su correspondiente autor. Los contenidos externos tendr\u00e1n sus propias condiciones de copia y distribuci\u00f3n que nada tienen que ver con las de LA EMPRESA y, por tanto, antes de realizar cualquier acci\u00f3n con dichos contenidos se debe comprobar sus condiciones de uso..<\/p>\n<p>Sin contravenir lo dispuesto anteriormente, el usuario expresa su conformidad con que todo contenido remitido a LA EMPRESA tendr\u00e1 una naturaleza libre y gratuita. Por tanto, el usuario concede a esta web derechos y licencia en todo el mundo, perpetua, no exclusiva y sin percibir derechos de autor (incluyendo cualquier derecho moral o cualquier otro tipo de derecho) para usar, mostrar, reproducir, modificar, adaptar, publicar, distribuir, representar, promocionar, archivar, traducir y crear recopilaciones y trabajos derivados de esa informaci\u00f3n, en su totalidad o en parte.<\/p>\n<h3><strong>SEXTO-. USO DE COOKIES<\/strong><\/h3>\n<p>LA EMPRESA podr\u00e1 usar dispositivos de almacenamiento y recuperaci\u00f3n de datos en equipos terminales de los destinatarios (llamados comunmente \u201ccookies\u201d) de conformidad con lo expresado en esta \u201cPol\u00edtica de Cookies\u201d.<\/p>\n<h3><strong>S\u00c9PTIMO-. ENLACES Y PUBLICIDAD<\/strong><\/h3>\n<p>Este sitio web puede incluir enlaces y tambi\u00e9n banners y otros elementos publicitarios que podr\u00edan conducir a sitios de terceros ajenos al titular de esta web. Los destinos de dichos enlaces o links, as\u00ed como de los elementos publicitarios citados, no han sido revisados ni controlados por LA EMPRESA, ni LA EMPRESA guarda relaci\u00f3n alguna con los titulares de los sitios web de destino, por lo que el usuario acuerda expresamente eximir a LA EMPRESA de cualquier responsabilidad originada por la visita a dichos sitios de destino.<\/p>\n<h3><strong>OCTAVO-. PROTECCI\u00d3N DE DATOS DE CAR\u00c1CTER PERSONAL<\/strong><\/h3>\n<p>LA EMPRESA expresa el mayor de los respetos por la privacidad de sus usuarios, as\u00ed como el m\u00e1ximo rigor en el cumplimiento de la normativa vigente en materia de protecci\u00f3n de datos de car\u00e1cter personal de conformidad con esta \u201cPol\u00edtica de Privacidad\u201d.<\/p>\n<h3><strong>NOVENO-. NORMATIVA APLICABLE Y JURISDICCI\u00d3N COMPETENTE<\/strong><\/h3>\n<p>Esta web se rige por la ley espa\u00f1ola y por la normativa europea que sea aplicable en Espa\u00f1a.<\/p>\n<p>Para la resoluci\u00f3n de los conflictos que pudieran surgir derivados de la actividad, de los contenidos y\/o servicios alojados en esta web, el usuario y el titular acuerdan someterse a los jueces y tribunales de Salamanca (Espa\u00f1a), con renuncia expresa a cualquier otro fuero que pudiera corresponderles.<\/p>\n<h3><strong>D\u00c9CIMO-. T\u00c9RMINOS LEGALES DE LA COMPRA ONLINE<br \/>\n<\/strong><\/h3>\n<p>La tienda online propiedad de GRUPO BL\u00c1ZQUEZ DE INVERSIONES Y PROYECTOS, S.L. se responsabiliza del tratamiento de sus datos de car\u00e1cter personal con la \u00fanica finalidad de gestionar la organizaci\u00f3n, entrega y facturaci\u00f3n de su pedido, que llevar\u00e1 a cabo BQZ IBERIAN EXPERIENCE, S.L., empresa que pertenece al grupo.<\/p>\n<p>Para la resoluci\u00f3n de los conflictos que pudieran surgir derivados de la actividad, de los contenidos y\/o servicios alojados en esta web, el usuario y el titular acuerdan someterse a los jueces y tribunales de Salamanca (Espa\u00f1a), con renuncia expresa a cualquier otro fuero que pudiera corresponderles.[\/vc_column_text][\/vc_column][\/vc_row]<\/p>\n<\/div>","protected":false},"excerpt":{"rendered":"<p>[vc_row css_animation=\u00bb\u00bb row_type=\u00bbrow\u00bb use_row_as_full_screen_section=\u00bbno\u00bb type=\u00bbfull_width\u00bb angled_section=\u00bbno\u00bb text_align=\u00bbleft\u00bb background_image_as_pattern=\u00bbwithout_pattern\u00bb el_class=\u00bbtxt-legales\u00bb z_index=\u00bb\u00bb][vc_column][vc_column_text el_class=\u00bbtit-pagina\u00bb] aviso legal [\/vc_column_text][vc_column_text]Usted ha accedido al sitio web de GRUPO BL\u00c1ZQUEZ DE INVERSIONES Y PROYECTOS, S.L., en los sucesivo LA EMPRESA, que ofrece productos relacionados con la industria agroalimentaria del cerdo ib\u00e9rico y sus&#8230;<\/p>\n","protected":false},"author":177,"featured_media":0,"parent":0,"menu_order":10,"comment_status":"closed","ping_status":"closed","template":"","meta":{"footnotes":""},"class_list":["post-2012","page","type-page","status-publish","hentry"],"yoast_head":"<!-- This site is optimized with the Yoast SEO plugin v27.1.1 - https:\/\/yoast.com\/product\/yoast-seo-wordpress\/ -->\n<title>Aviso legal - Jamones Bl\u00e1zquez<\/title>\n<meta name=\"robots\" content=\"index, follow, max-snippet:-1, max-image-preview:large, max-video-preview:-1\" \/>\n<link rel=\"canonical\" href=\"https:\/\/jamonesblazquez.com\/es\/aviso-legal\/\" \/>\n<meta property=\"og:locale\" content=\"es_ES\" \/>\n<meta property=\"og:type\" content=\"article\" \/>\n<meta property=\"og:title\" content=\"Aviso legal - Jamones Bl\u00e1zquez\" \/>\n<meta property=\"og:description\" content=\"[vc_row css_animation=\u00bb\u00bb row_type=\u00bbrow\u00bb use_row_as_full_screen_section=\u00bbno\u00bb type=\u00bbfull_width\u00bb angled_section=\u00bbno\u00bb text_align=\u00bbleft\u00bb background_image_as_pattern=\u00bbwithout_pattern\u00bb el_class=\u00bbtxt-legales\u00bb z_index=\u00bb\u00bb][vc_column][vc_column_text el_class=\u00bbtit-pagina\u00bb] aviso legal [\/vc_column_text][vc_column_text]Usted ha accedido al sitio web de GRUPO BL\u00c1ZQUEZ DE INVERSIONES Y PROYECTOS, S.L., en los sucesivo LA EMPRESA, que ofrece productos relacionados con la industria agroalimentaria del cerdo ib\u00e9rico y sus...\" \/>\n<meta property=\"og:url\" content=\"https:\/\/jamonesblazquez.com\/es\/aviso-legal\/\" \/>\n<meta property=\"og:site_name\" content=\"Jamones Bl\u00e1zquez\" \/>\n<meta property=\"article:publisher\" content=\"https:\/\/www.facebook.com\/JamonBlazquez\/\" \/>\n<meta property=\"article:modified_time\" content=\"2020-11-23T10:52:33+00:00\" \/>\n<meta name=\"twitter:card\" content=\"summary_large_image\" \/>\n<meta name=\"twitter:site\" content=\"@jamonblazquez\" \/>\n<meta name=\"twitter:label1\" content=\"Tiempo de lectura\" \/>\n\t<meta name=\"twitter:data1\" content=\"7 minutos\" \/>\n<script type=\"application\/ld+json\" class=\"yoast-schema-graph\">{\"@context\":\"https:\/\/schema.org\",\"@graph\":[{\"@type\":\"WebPage\",\"@id\":\"https:\/\/jamonesblazquez.com\/es\/aviso-legal\/\",\"url\":\"https:\/\/jamonesblazquez.com\/es\/aviso-legal\/\",\"name\":\"Aviso legal - Jamones Bl\u00e1zquez\",\"isPartOf\":{\"@id\":\"https:\/\/jamonesblazquez.com\/es\/#website\"},\"datePublished\":\"2020-06-24T09:23:35+00:00\",\"dateModified\":\"2020-11-23T10:52:33+00:00\",\"breadcrumb\":{\"@id\":\"https:\/\/jamonesblazquez.com\/es\/aviso-legal\/#breadcrumb\"},\"inLanguage\":\"es\",\"potentialAction\":[{\"@type\":\"ReadAction\",\"target\":[\"https:\/\/jamonesblazquez.com\/es\/aviso-legal\/\"]}]},{\"@type\":\"BreadcrumbList\",\"@id\":\"https:\/\/jamonesblazquez.com\/es\/aviso-legal\/#breadcrumb\",\"itemListElement\":[{\"@type\":\"ListItem\",\"position\":1,\"name\":\"Portada\",\"item\":\"https:\/\/jamonesblazquez.com\/es\/\"},{\"@type\":\"ListItem\",\"position\":2,\"name\":\"Aviso legal\"}]},{\"@type\":\"WebSite\",\"@id\":\"https:\/\/jamonesblazquez.com\/es\/#website\",\"url\":\"https:\/\/jamonesblazquez.com\/es\/\",\"name\":\"Jamones Bl\u00e1zquez\",\"description\":\"Obedece a la Tentaci\u00f3n!\",\"publisher\":{\"@id\":\"https:\/\/jamonesblazquez.com\/es\/#organization\"},\"potentialAction\":[{\"@type\":\"SearchAction\",\"target\":{\"@type\":\"EntryPoint\",\"urlTemplate\":\"https:\/\/jamonesblazquez.com\/es\/?s={search_term_string}\"},\"query-input\":{\"@type\":\"PropertyValueSpecification\",\"valueRequired\":true,\"valueName\":\"search_term_string\"}}],\"inLanguage\":\"es\"},{\"@type\":\"Organization\",\"@id\":\"https:\/\/jamonesblazquez.com\/es\/#organization\",\"name\":\"Jamones Bl\u00e1zquez\",\"url\":\"https:\/\/jamonesblazquez.com\/es\/\",\"logo\":{\"@type\":\"ImageObject\",\"inLanguage\":\"es\",\"@id\":\"https:\/\/jamonesblazquez.com\/es\/#\/schema\/logo\/image\/\",\"url\":\"https:\/\/jamonesblazquez.com\/wp-content\/uploads\/2019\/02\/Logo_Blazquez.png\",\"contentUrl\":\"https:\/\/jamonesblazquez.com\/wp-content\/uploads\/2019\/02\/Logo_Blazquez.png\",\"width\":500,\"height\":132,\"caption\":\"Jamones Bl\u00e1zquez\"},\"image\":{\"@id\":\"https:\/\/jamonesblazquez.com\/es\/#\/schema\/logo\/image\/\"},\"sameAs\":[\"https:\/\/www.facebook.com\/JamonBlazquez\/\",\"https:\/\/x.com\/jamonblazquez\",\"https:\/\/www.instagram.com\/jamonblazquez\/\",\"https:\/\/www.linkedin.com\/company\/10190869\/admin\/\"]}]}<\/script>\n<!-- \/ Yoast SEO plugin. -->","yoast_head_json":{"title":"Aviso legal - Jamones Bl\u00e1zquez","robots":{"index":"index","follow":"follow","max-snippet":"max-snippet:-1","max-image-preview":"max-image-preview:large","max-video-preview":"max-video-preview:-1"},"canonical":"https:\/\/jamonesblazquez.com\/es\/aviso-legal\/","og_locale":"es_ES","og_type":"article","og_title":"Aviso legal - Jamones Bl\u00e1zquez","og_description":"[vc_row css_animation=\u00bb\u00bb row_type=\u00bbrow\u00bb use_row_as_full_screen_section=\u00bbno\u00bb type=\u00bbfull_width\u00bb angled_section=\u00bbno\u00bb text_align=\u00bbleft\u00bb background_image_as_pattern=\u00bbwithout_pattern\u00bb el_class=\u00bbtxt-legales\u00bb z_index=\u00bb\u00bb][vc_column][vc_column_text el_class=\u00bbtit-pagina\u00bb] aviso legal [\/vc_column_text][vc_column_text]Usted ha accedido al sitio web de GRUPO BL\u00c1ZQUEZ DE INVERSIONES Y PROYECTOS, S.L., en los sucesivo LA EMPRESA, que ofrece productos relacionados con la industria agroalimentaria del cerdo ib\u00e9rico y sus...","og_url":"https:\/\/jamonesblazquez.com\/es\/aviso-legal\/","og_site_name":"Jamones Bl\u00e1zquez","article_publisher":"https:\/\/www.facebook.com\/JamonBlazquez\/","article_modified_time":"2020-11-23T10:52:33+00:00","twitter_card":"summary_large_image","twitter_site":"@jamonblazquez","twitter_misc":{"Tiempo de lectura":"7 minutos"},"schema":{"@context":"https:\/\/schema.org","@graph":[{"@type":"WebPage","@id":"https:\/\/jamonesblazquez.com\/es\/aviso-legal\/","url":"https:\/\/jamonesblazquez.com\/es\/aviso-legal\/","name":"Aviso legal - Jamones Bl\u00e1zquez","isPartOf":{"@id":"https:\/\/jamonesblazquez.com\/es\/#website"},"datePublished":"2020-06-24T09:23:35+00:00","dateModified":"2020-11-23T10:52:33+00:00","breadcrumb":{"@id":"https:\/\/jamonesblazquez.com\/es\/aviso-legal\/#breadcrumb"},"inLanguage":"es","potentialAction":[{"@type":"ReadAction","target":["https:\/\/jamonesblazquez.com\/es\/aviso-legal\/"]}]},{"@type":"BreadcrumbList","@id":"https:\/\/jamonesblazquez.com\/es\/aviso-legal\/#breadcrumb","itemListElement":[{"@type":"ListItem","position":1,"name":"Portada","item":"https:\/\/jamonesblazquez.com\/es\/"},{"@type":"ListItem","position":2,"name":"Aviso legal"}]},{"@type":"WebSite","@id":"https:\/\/jamonesblazquez.com\/es\/#website","url":"https:\/\/jamonesblazquez.com\/es\/","name":"Jamones Bl\u00e1zquez","description":"Obedece a la Tentaci\u00f3n!","publisher":{"@id":"https:\/\/jamonesblazquez.com\/es\/#organization"},"potentialAction":[{"@type":"SearchAction","target":{"@type":"EntryPoint","urlTemplate":"https:\/\/jamonesblazquez.com\/es\/?s={search_term_string}"},"query-input":{"@type":"PropertyValueSpecification","valueRequired":true,"valueName":"search_term_string"}}],"inLanguage":"es"},{"@type":"Organization","@id":"https:\/\/jamonesblazquez.com\/es\/#organization","name":"Jamones Bl\u00e1zquez","url":"https:\/\/jamonesblazquez.com\/es\/","logo":{"@type":"ImageObject","inLanguage":"es","@id":"https:\/\/jamonesblazquez.com\/es\/#\/schema\/logo\/image\/","url":"https:\/\/jamonesblazquez.com\/wp-content\/uploads\/2019\/02\/Logo_Blazquez.png","contentUrl":"https:\/\/jamonesblazquez.com\/wp-content\/uploads\/2019\/02\/Logo_Blazquez.png","width":500,"height":132,"caption":"Jamones Bl\u00e1zquez"},"image":{"@id":"https:\/\/jamonesblazquez.com\/es\/#\/schema\/logo\/image\/"},"sameAs":["https:\/\/www.facebook.com\/JamonBlazquez\/","https:\/\/x.com\/jamonblazquez","https:\/\/www.instagram.com\/jamonblazquez\/","https:\/\/www.linkedin.com\/company\/10190869\/admin\/"]}]}},"_links":{"self":[{"href":"https:\/\/jamonesblazquez.com\/es\/wp-json\/wp\/v2\/pages\/2012","targetHints":{"allow":["GET"]}}],"collection":[{"href":"https:\/\/jamonesblazquez.com\/es\/wp-json\/wp\/v2\/pages"}],"about":[{"href":"https:\/\/jamonesblazquez.com\/es\/wp-json\/wp\/v2\/types\/page"}],"author":[{"embeddable":true,"href":"https:\/\/jamonesblazquez.com\/es\/wp-json\/wp\/v2\/users\/177"}],"replies":[{"embeddable":true,"href":"https:\/\/jamonesblazquez.com\/es\/wp-json\/wp\/v2\/comments?post=2012"}],"version-history":[{"count":0,"href":"https:\/\/jamonesblazquez.com\/es\/wp-json\/wp\/v2\/pages\/2012\/revisions"}],"wp:attachment":[{"href":"https:\/\/jamonesblazquez.com\/es\/wp-json\/wp\/v2\/media?parent=2012"}],"curies":[{"name":"wp","href":"https:\/\/api.w.org\/{rel}","templated":true}]}}