{"id":3,"date":"2019-02-06T14:19:53","date_gmt":"2019-02-06T13:19:53","guid":{"rendered":"https:\/\/dev.jamonesblazquez.com\/blog\/?page_id=3"},"modified":"2024-09-02T10:56:22","modified_gmt":"2024-09-02T08:56:22","slug":"politica-privacidad","status":"publish","type":"page","link":"https:\/\/jamonesblazquez.com\/es\/politica-privacidad\/","title":{"rendered":"Pol\u00edtica de privacidad"},"content":{"rendered":"<div class=\"wpb-content-wrapper\"><p>[vc_row css_animation=\u00bb\u00bb row_type=\u00bbrow\u00bb use_row_as_full_screen_section=\u00bbno\u00bb type=\u00bbfull_width\u00bb angled_section=\u00bbno\u00bb text_align=\u00bbleft\u00bb background_image_as_pattern=\u00bbwithout_pattern\u00bb el_class=\u00bbtxt-legales\u00bb z_index=\u00bb\u00bb][vc_column][vc_column_text el_class=\u00bbtit-pagina\u00bb]<\/p>\n<h1 class=\"section-intro__subtitle\"><span class=\"color-green-main\">Pol\u00edtica de Privacidad<\/span><\/h1>\n<p>[\/vc_column_text][vc_column_text]Jamones Bl\u00e1zquez informa a los usuarios de su p\u00e1gina web https:\/\/jamonesblazquez.com\/ a trav\u00e9s de esta Pol\u00edtica de Privacidad sobre el tratamiento y protecci\u00f3n de los datos de car\u00e1cter personal de los usuarios que puedan ser recabados mediante su navegaci\u00f3n o contrataci\u00f3n de servicios que realicen en este portal. El uso de esta web por parte del usuario conlleva la aceptaci\u00f3n por su parte de esta Pol\u00edtica de Privacidad.<\/p>\n<p>Jamones Bl\u00e1zquez adopta las medidas necesarias para garantizar la seguridad, integridad y confidencialidad de los datos conforme a lo establecido en el Reglamento (UE) 2016\/679 del Parlamento Europeo y del Consejo de 27 de abril 2016 y la Ley Org\u00e1nica 3\/2018, de 5 de diciembre de Protecci\u00f3n de Datos Personales y garant\u00eda de los derechos digitales y la Ley 34\/2002, de 11 de julio, de Servicios de la Sociedad de la Informaci\u00f3n y de Comercio Electr\u00f3nico.<\/p>\n<p>Mediante los formularios de registro del presente sitio web o el envio de correo el\u00e9ctronico se recogen y tratan datos personales de cada usuario, el tratamiento de los cuales se rige por la presente Pol\u00edtica de Privacidad. Estos datos son necesarios para la gesti\u00f3n y mantenimiento de alguno de los servicios prestados y se incluyen en los ficheros automatizados espec\u00edficos de usuarios de los servicios de Jamones Bl\u00e1zquez, debidamente inscritos en el Registro de la Agencia Espa\u00f1ola de la Protecci\u00f3n de Datos.<\/p>\n<p>Esta Pol\u00edtica de Privacidad es una Declaraci\u00f3n donde te explicamos qu\u00e9 informaci\u00f3n y datos personales recopilamos, almacenamos, usamos, tratamos, cedemos, transferimos o, incluso, suprimimos sobre ti, para qu\u00e9 finalidades procesamos tus datos, qu\u00e9 base legal nos legitima o permite hacerlo, cu\u00e1les son tus derechos relativos a\u00a0 tus datos personales y c\u00f3mo ejercitarlos ante nosotros o ante la respectiva autoridad de control, si fuere el caso.<\/p>\n<p>Nuestros principios son muy claros. En GRUPO BL\u00c1ZQUEZ DE INVERSIONES Y PROYECTOS, S.L. t\u00fa tienes el control de tu informaci\u00f3n personal y nunca venderemos a terceros ni aprovecharemos de forma ileg\u00edtima tus datos personales. Esto quiere decir que siempre utilizaremos los datos que t\u00fa nos facilites para las estrictas y leg\u00edtimas finalidades de nuestra actividad y siempre procurando no menoscabar ni vulnerar ning\u00fan derecho o inter\u00e9s que te afecte.<\/p>\n<p>La presente Pol\u00edtica de Privacidad se ha elaborado conforme a los principios y normas aprobados por el Reglamento (UE) 2016\/679, de 27 de abril, conocido como Reglamento General de Protecci\u00f3n de Datos o \u201cRGPD\u201d. Consideramos muy importante proporcionarte esta informaci\u00f3n y que la leas y comprendas, por lo que hemos procurado utilizar un lenguaje claro, sencillo, transparente y usando solo las f\u00f3rmulas legales indispensables.<\/p>\n<p><strong>\u00bfQui\u00e9n es el Responsable del Tratamiento de tu informaci\u00f3n y datos personales?<\/strong><\/p>\n<ul>\n<li>GRUPO BL\u00c1ZQUEZ DE INVERSIONES Y PROYECTOS, S.L.<\/li>\n<li>Calle Ventura Ruiz Aguilera, 1, 4\u00aa planta, oficina 14<\/li>\n<li>37.001 Salamanca<\/li>\n<li>C.I.F.\u00a0 B37434818<\/li>\n<\/ul>\n<p><strong>\u00bfQu\u00e9 principios inspiran el tratamiento de datos personales por la empresa?<\/strong><\/p>\n<p>La confidencialidad, la privacidad de los usuarios, el secreto profesional y la seguridad de los datos personales son principios clave y compromisos firmes en la actuaci\u00f3n e interacci\u00f3n de LA EMPRESA con tus datos personales.<\/p>\n<p>Igualmente inspiran todos los procesos de LA EMPRESA en lo que respecta al tratamiento de tus datos personales los siguientes principios:<\/p>\n<p>Principio de responsabilidad proactiva (accountability): la empresa estar\u00e1, en todo momento, en condiciones de demostrar la licitud de los tratamientos de datos personales.<\/p>\n<p>Principio de protecci\u00f3n de datos desde el dise\u00f1o (privacy by design): la empresa incorporar\u00e1, desde las primeras fases de todo proyecto, medidas t\u00e9cnicas y organizativas apropiadas, teniendo en cuenta factores como el estado de la t\u00e9cnica, el coste de la aplicaci\u00f3n o los riesgos del tratamiento para los derechos y libertades de los afectados.<\/p>\n<p>Principio de protecci\u00f3n de datos como configuraci\u00f3n por defecto (privacy by default): la configuraci\u00f3n por defecto de cualquier aplicaci\u00f3n de la empresa ser\u00e1 la que ofrezca a los usuarios el m\u00e1ximo grado de privacidad para asegurar que los datos personales est\u00e1n protegidos autom\u00e1ticamente, esto es, sin necesidad de actuaci\u00f3n por parte del titular de los datos.<\/p>\n<p>Principio de transparencia: de forma que los diferentes avisos legales, pol\u00edticas, cl\u00e1usulas, contratos y resto de documentos de la empresa donde se prevea el tratamiento de datos personales, se redactar\u00e1n de forma concisa, transparente e inteligible, con un lenguaje claro y sencillo.<\/p>\n<p><strong>\u00bfQu\u00e9 datos personales trata la compa\u00f1\u00eda?<\/strong><\/p>\n<p>La empresa capta la m\u00ednima cantidad posible de datos personales para poder realizar la prestaci\u00f3n del servicio correspondiente. Dichos datos son los que constan en los diversos formularios de captaci\u00f3n de datos de los que en cada momento disponga esta web.<\/p>\n<p>La gran mayor\u00eda de los datos personales procesados por la empresa no son sensibles ni tienen un impacto notable sobre tu privacidad ni en tus derechos y libertades.<\/p>\n<p>LA EMPRESA, en el momento de recabar los datos personales a trav\u00e9s de esta web, informar\u00e1 sobre cu\u00e1les de tus datos personales son obligatorios para poder prestar los correspondientes servicios. Tu negativa a suministrar los datos obligatorios supondr\u00e1 la imposibilidad de entregarte los bienes o prestarte los servicios objeto de la empresa o de atender tu petici\u00f3n como interesado, salvo que LA EMPRESA, en funci\u00f3n de las circunstancias concretas de cada caso, decida otra cosa.<\/p>\n<p>Asimismo, la empresa conservar\u00e1 los datos personales recabados durante el tiempo m\u00ednimo imprescindible y en todo caso para el cumplimiento de obligaciones legales sobre conservaci\u00f3n de dichos datos.<\/p>\n<p><b>\u00bfCu\u00e1l<\/b> <b>es<\/b> <b>la<\/b> <b>base<\/b> <b>de<\/b> <b>legitimaci\u00f3n<\/b> <b>del<\/b> <b>tratamiento<\/b> <b>de<\/b> <b>datos<\/b><b>? <\/b><\/p>\n<p>Normalmente trataremos tus datos personales ampar\u00e1ndonos en tu consentimiento previo como titular de los datos, en una relaci\u00f3n contractual contigo, y\/o en una norma legal que nos autoriza u obliga a ello.<\/p>\n<p>En algunos supuestos, la empresa podr\u00eda procesar datos personales para la consecuci\u00f3n de sus intereses empresariales leg\u00edtimos, en la medida en que con ello no causemos un riesgo o perjuicio indebido en tus derechos e intereses.<\/p>\n<p><strong>\u00bfPara qu\u00e9 finalidades trataremos los datos personales?<\/strong><\/p>\n<p>En LA EMPRESA trataremos tus datos personales con estos fines:<\/p>\n<p>1.- Gesti\u00f3n de contacto con el usuario.<\/p>\n<p><strong>\u00bfC\u00f3mo atender\u00e1 la empresa a los interesados en el ejercicio de sus derechos y cu\u00e1les son esos derechos?<\/strong><\/p>\n<p>LA EMPRESA siempre te facilitar\u00e1 el ejercicio de tus derechos relativos a la protecci\u00f3n de datos personales a trav\u00e9s de procedimientos y formas que ser\u00e1n visibles, accesibles y sencillos.<\/p>\n<p>LA EMPRESA posibilitar\u00e1 la presentaci\u00f3n de solicitudes por medios electr\u00f3nicos y concretamente puedes dirigirnos tu solicitud acompa\u00f1ando scan o copia digitalizada de tu DNI a la siguiente direcci\u00f3n de correo electr\u00f3nico comercial@grupo-blazquez.com.<\/p>\n<p>El ejercicio de los derechos ser\u00e1 gratuito. En los casos en que se formulen solicitudes manifiestamente infundadas o excesivas, especialmente por repetitivas, LA EMPRESA podr\u00e1 cobrar un canon que compense los costes administrativos de atender a la petici\u00f3n o negarse a actuar. Dicho canon no podr\u00e1 implicar un ingreso adicional para LA EMPRESA, sino que deber\u00e1 corresponderse efectivamente con el verdadero coste de la tramitaci\u00f3n de la solicitud.<\/p>\n<p>LA EMPRESA deber\u00e1 informar al interesado sobre las actuaciones derivadas de su petici\u00f3n en el plazo de un mes (podr\u00e1 extenderse dos meses cuando se trate de solicitudes especialmente complejas y deber\u00e1 notificar esta ampliaci\u00f3n dentro del primer mes).<\/p>\n<p>Si LA EMPRESA decide no atender una solicitud, deber\u00e1 informar de ello, motivando su negativa, dentro del plazo de un mes desde su presentaci\u00f3n.<\/p>\n<p>Y estos son tus derechos como interesado o titular de datos personales:<\/p>\n<p><strong>Derecho de acceso:<\/strong> tienes derecho a obtener de la empresa confirmaci\u00f3n de si se est\u00e1n tratando o no datos personales que te conciernen. La empresa facilitar\u00e1 una copia de los datos personales objeto del tratamiento.<\/p>\n<p><strong>Derecho de rectificaci\u00f3n: <\/strong>tienes derecho a obtener sin dilaci\u00f3n indebida la rectificaci\u00f3n de los datos personales inexactos que te conciernan. Teniendo en cuenta los fines del tratamiento, tendr\u00e1s derecho a que se completen los datos personales que sean incompletos, inclusive mediante una declaraci\u00f3n adicional.<\/p>\n<p><strong>Derecho de supresi\u00f3n:<\/strong> tienes derecho a obtener sin dilaci\u00f3n indebida la eliminaci\u00f3n de los datos personales inexactos que le conciernan. La empresa estar\u00e1 obligada a suprimir sin dilaci\u00f3n dichos datos personales cuando concurra alguna de las siguientes circunstancias:<\/p>\n<p>a) los datos personales ya no sean necesarios en relaci\u00f3n con los fines para que fueron recogidos o tratados de otro modo;<\/p>\n<p>b) t\u00fa retiras el consentimiento en que se basa el tratamiento y este no se base en otro fundamento jur\u00eddico;<\/p>\n<p>c) te opones al tratamiento y siempre que no prevalezcan otros motivos leg\u00edtimos para el mismo;<\/p>\n<p>d) tus datos hayan sido tratados il\u00edcitamente;<\/p>\n<p>e) tus datos deban suprimirse para el cumplimiento de una obligaci\u00f3n legal;<\/p>\n<p>f) o si tus datos personales se hayan obtenido en relaci\u00f3n con la oferta de servicios de la sociedad de la informaci\u00f3n a ni\u00f1os (menores de 16 a\u00f1os).<\/p>\n<p><strong>Derecho de limitaci\u00f3n del tratamiento:<\/strong> cuando el tratamiento de tus datos personales se haya limitado en virtud de una solicitud por tu parte, dichos datos solo podr\u00e1n ser objeto de tratamiento, con excepci\u00f3n de su conservaci\u00f3n, con tu consentimiento o para la formulaci\u00f3n, el ejercicio o la defensa de reclamaciones, o con miras a la protecci\u00f3n de los derechos de otra persona f\u00edsica o jur\u00eddica o por razones de inter\u00e9s p\u00fablico importante. Tienes derecho a obtener la limitaci\u00f3n del tratamiento de sus datos personales cuando se cumpla alguna de estas condiciones:<\/p>\n<p>a) cuando impugnes la exactitud de los datos personales, durante un plazo que permita a LA EMPRESA verificar la exactitud de los mismos;<\/p>\n<p>b) el tratamiento sea il\u00edcito y como interesado te \u00a0opongas a la supresi\u00f3n de los datos personales y solicites, en su lugar, la limitaci\u00f3n de uso;<\/p>\n<p>c) LA EMPRESA ya no necesite los datos personales para los fines del tratamiento, pero t\u00fa los necesites para la formulaci\u00f3n, el ejercicio o la defensa de reclamaciones;<\/p>\n<p>d) Cuando te hayas opuesto al tratamiento, mientras se verifica si los motivos leg\u00edtimos de LA EMPRESA prevalecen sobre los del interesado.<\/p>\n<p><b>Derecho a la portabilidad de los datos:<\/b> tienes derecho a recibir los datos personales que le incumban en un formato estructurado, de uso com\u00fan y lectura mec\u00e1nica, y a transmitirlos a otro responsable del tratamiento sin que lo impida LA EMPRESA, cuando:<\/p>\n<p>a) el tratamiento est\u00e9 basado en tu consentimiento, y<\/p>\n<p>b) el tratamiento se efect\u00fae por medios automatizados.<\/p>\n<p><strong>Derecho de oposici\u00f3n:<\/strong> tienes derecho a oponerte en cualquier momento, por motivos relacionados con su situaci\u00f3n particular, a que datos personales que le conciernan sean objeto de un tratamiento basado en intereses p\u00fablicos o en intereses leg\u00edtimos del responsable de tratamiento. Cuando el tratamiento de datos personales tenga por objeto la mercadotecnia directa, tendr\u00e1s derecho a oponerte en todo momento al tratamiento de los datos personales que te conciernan. En el caso de que te opongas al tratamiento de tus datos con fines de mercadotecnia directa, dichos datos personales dejar\u00e1n de ser tratados para dichos fines.<\/p>\n<p>Tambi\u00e9n tienes derecho a la presentaci\u00f3n de una reclamaci\u00f3n ante la respectiva autoridad de control, por lo general la Agencia Espa\u00f1ola de Protecci\u00f3n de Datos. Para m\u00e1s informaci\u00f3n, puedes acudir al sitio web de la misma en el presente enlace (<a href=\"https:\/\/www.aepd.es\/es\">www.agpd.es<\/a>)<\/p>\n<p><strong>\u00bfQu\u00e9 tipo de proveedores (encargados de tratamiento) elegir\u00e1 la empresa?<\/strong><\/p>\n<p>Esta empresa podr\u00eda compartir tus datos personales con otras empresas y proveedores que trabajan en nuestro nombre para las finalidades de tratamiento de datos expresamente declaradas.<\/p>\n<p>Cuando se vaya a realizar un tratamiento de tus datos personales por cuenta de la empresa, \u00e9sta elegir\u00e1 \u00fanicamente proveedores (encargados de tratamiento) que ofrezcan garant\u00edas suficientes para aplicar medidas t\u00e9cnicas y organizativas apropiadas, de manera que el tratamiento sea conforme con los requisitos de la normativa vigente en materia de protecci\u00f3n de datos y garantice la defensa de los derechos del interesado.<\/p>\n<p>El tratamiento por ese proveedor (encargado del tratamiento) se regir\u00e1 por un contrato con arreglo al Derecho de la Uni\u00f3n o de los Estados miembros que vincule al encargado con la empresa.<\/p>\n<p><strong>\u00bfQu\u00e9 seguridad aplicar\u00e1 la empresa al tratamiento de datos personales?<\/strong><\/p>\n<p>Teniendo en cuenta el estado de la t\u00e9cnica, los costes de aplicaci\u00f3n, y la naturaleza, el alcance, el contexto y los fines del tratamiento, as\u00ed como riesgos de probabilidad y gravedad variables para los derechos y libertades de las personas f\u00edsicas, la empresa aplicar\u00e1 medidas t\u00e9cnicas y organizativas apropiadas para garantizar un nivel de seguridad adecuado al riesgo. Dichas medidas t\u00e9cnicas y organizativas que aplique la empresa al tratamiento de datos personales ir\u00e1n encaminadas a reducir y minimizar los riesgos de p\u00e9rdida, uso indebido, alteraci\u00f3n, acceso no autorizado, o divulgaci\u00f3n de dicha informaci\u00f3n personal que te concierne.<\/p>\n<p>Para brindarte m\u00e1s seguridad, esta p\u00e1gina web tiene instalado un certificado SSL, que hace que la comunicaci\u00f3n de informaci\u00f3n entre t\u00fa y LA EMPRESA viaje cifrada o encriptada, lo que otorga al sitio web la condici\u00f3n de sitio confiable, aut\u00e9ntico y seguro.<\/p>\n<p><strong>Modificaci\u00f3n de la Pol\u00edtica de Privacidad<\/strong><\/p>\n<p>Con el fin de implantar efectivamente en la empresa el principio de cumplimiento proactivo y constante de la normativa de protecci\u00f3n de datos (accountability), as\u00ed como atendiendo al deber de transparencia, es probable que la empresa modifique la presente Pol\u00edtica de Privacidad de vez en cuando.<\/p>\n<p>Por ello se recomienda fervientemente al titular de los datos personales preocupado por su privacidad que consulte la presente Pol\u00edtica con frecuencia. No obstante, la empresa realizar\u00e1 los m\u00e1s diligentes esfuerzos por comunicar a los titulares de los datos cualquier cambio significativo de esta Declaraci\u00f3n con repercusi\u00f3n en los derechos e intereses de dichos titulares de datos personales.<\/p>\n<p><strong>M\u00e1s informaci\u00f3n sobre Privacidad en la empresa<\/strong><\/p>\n<p>Para resolver cualquier duda, cuesti\u00f3n o inquietud suscitada o sin resolver por la lectura de la presente Pol\u00edtica de Privacidad, el titular de los datos puede ponerse en contacto con la empresa en la siguiente direcci\u00f3n de correo electr\u00f3nico: administracion@grupo-blazquez.com[\/vc_column_text][\/vc_column][\/vc_row]<\/p>\n<\/div>","protected":false},"excerpt":{"rendered":"<p>[vc_row css_animation=\u00bb\u00bb row_type=\u00bbrow\u00bb use_row_as_full_screen_section=\u00bbno\u00bb type=\u00bbfull_width\u00bb angled_section=\u00bbno\u00bb text_align=\u00bbleft\u00bb background_image_as_pattern=\u00bbwithout_pattern\u00bb el_class=\u00bbtxt-legales\u00bb z_index=\u00bb\u00bb][vc_column][vc_column_text el_class=\u00bbtit-pagina\u00bb] Pol\u00edtica de Privacidad [\/vc_column_text][vc_column_text]Jamones Bl\u00e1zquez informa a los usuarios de su p\u00e1gina web https:\/\/jamonesblazquez.com\/ a trav\u00e9s de esta Pol\u00edtica de Privacidad sobre el tratamiento y protecci\u00f3n de los datos de car\u00e1cter personal de los&#8230;<\/p>\n","protected":false},"author":177,"featured_media":0,"parent":0,"menu_order":10,"comment_status":"closed","ping_status":"closed","template":"","meta":{"footnotes":""},"class_list":["post-3","page","type-page","status-publish","hentry"],"yoast_head":"<!-- This site is optimized with the Yoast SEO plugin v27.1.1 - https:\/\/yoast.com\/product\/yoast-seo-wordpress\/ -->\n<title>Pol\u00edtica de privacidad - Jamones Bl\u00e1zquez<\/title>\n<meta name=\"robots\" content=\"index, follow, max-snippet:-1, max-image-preview:large, max-video-preview:-1\" \/>\n<link rel=\"canonical\" href=\"https:\/\/jamonesblazquez.com\/es\/politica-privacidad\/\" \/>\n<meta property=\"og:locale\" content=\"es_ES\" \/>\n<meta property=\"og:type\" content=\"article\" \/>\n<meta property=\"og:title\" content=\"Pol\u00edtica de privacidad - Jamones Bl\u00e1zquez\" \/>\n<meta property=\"og:description\" content=\"[vc_row css_animation=\u00bb\u00bb row_type=\u00bbrow\u00bb use_row_as_full_screen_section=\u00bbno\u00bb type=\u00bbfull_width\u00bb angled_section=\u00bbno\u00bb text_align=\u00bbleft\u00bb background_image_as_pattern=\u00bbwithout_pattern\u00bb el_class=\u00bbtxt-legales\u00bb z_index=\u00bb\u00bb][vc_column][vc_column_text el_class=\u00bbtit-pagina\u00bb] Pol\u00edtica de Privacidad [\/vc_column_text][vc_column_text]Jamones Bl\u00e1zquez informa a los usuarios de su p\u00e1gina web https:\/\/jamonesblazquez.com\/ a trav\u00e9s de esta Pol\u00edtica de Privacidad sobre el tratamiento y protecci\u00f3n de los datos de car\u00e1cter personal de los...\" \/>\n<meta property=\"og:url\" content=\"https:\/\/jamonesblazquez.com\/es\/politica-privacidad\/\" \/>\n<meta property=\"og:site_name\" content=\"Jamones Bl\u00e1zquez\" \/>\n<meta property=\"article:publisher\" content=\"https:\/\/www.facebook.com\/JamonBlazquez\/\" \/>\n<meta property=\"article:modified_time\" content=\"2024-09-02T08:56:22+00:00\" \/>\n<meta name=\"twitter:card\" content=\"summary_large_image\" \/>\n<meta name=\"twitter:site\" content=\"@jamonblazquez\" \/>\n<meta name=\"twitter:label1\" content=\"Tiempo de lectura\" \/>\n\t<meta name=\"twitter:data1\" content=\"11 minutos\" \/>\n<script type=\"application\/ld+json\" class=\"yoast-schema-graph\">{\"@context\":\"https:\/\/schema.org\",\"@graph\":[{\"@type\":\"WebPage\",\"@id\":\"https:\/\/jamonesblazquez.com\/es\/politica-privacidad\/\",\"url\":\"https:\/\/jamonesblazquez.com\/es\/politica-privacidad\/\",\"name\":\"Pol\u00edtica de privacidad - Jamones Bl\u00e1zquez\",\"isPartOf\":{\"@id\":\"https:\/\/jamonesblazquez.com\/es\/#website\"},\"datePublished\":\"2019-02-06T13:19:53+00:00\",\"dateModified\":\"2024-09-02T08:56:22+00:00\",\"breadcrumb\":{\"@id\":\"https:\/\/jamonesblazquez.com\/es\/politica-privacidad\/#breadcrumb\"},\"inLanguage\":\"es\",\"potentialAction\":[{\"@type\":\"ReadAction\",\"target\":[\"https:\/\/jamonesblazquez.com\/es\/politica-privacidad\/\"]}]},{\"@type\":\"BreadcrumbList\",\"@id\":\"https:\/\/jamonesblazquez.com\/es\/politica-privacidad\/#breadcrumb\",\"itemListElement\":[{\"@type\":\"ListItem\",\"position\":1,\"name\":\"Portada\",\"item\":\"https:\/\/jamonesblazquez.com\/es\/\"},{\"@type\":\"ListItem\",\"position\":2,\"name\":\"Pol\u00edtica de privacidad\"}]},{\"@type\":\"WebSite\",\"@id\":\"https:\/\/jamonesblazquez.com\/es\/#website\",\"url\":\"https:\/\/jamonesblazquez.com\/es\/\",\"name\":\"Jamones Bl\u00e1zquez\",\"description\":\"Obedece a la Tentaci\u00f3n!\",\"publisher\":{\"@id\":\"https:\/\/jamonesblazquez.com\/es\/#organization\"},\"potentialAction\":[{\"@type\":\"SearchAction\",\"target\":{\"@type\":\"EntryPoint\",\"urlTemplate\":\"https:\/\/jamonesblazquez.com\/es\/?s={search_term_string}\"},\"query-input\":{\"@type\":\"PropertyValueSpecification\",\"valueRequired\":true,\"valueName\":\"search_term_string\"}}],\"inLanguage\":\"es\"},{\"@type\":\"Organization\",\"@id\":\"https:\/\/jamonesblazquez.com\/es\/#organization\",\"name\":\"Jamones Bl\u00e1zquez\",\"url\":\"https:\/\/jamonesblazquez.com\/es\/\",\"logo\":{\"@type\":\"ImageObject\",\"inLanguage\":\"es\",\"@id\":\"https:\/\/jamonesblazquez.com\/es\/#\/schema\/logo\/image\/\",\"url\":\"https:\/\/jamonesblazquez.com\/wp-content\/uploads\/2019\/02\/Logo_Blazquez.png\",\"contentUrl\":\"https:\/\/jamonesblazquez.com\/wp-content\/uploads\/2019\/02\/Logo_Blazquez.png\",\"width\":500,\"height\":132,\"caption\":\"Jamones Bl\u00e1zquez\"},\"image\":{\"@id\":\"https:\/\/jamonesblazquez.com\/es\/#\/schema\/logo\/image\/\"},\"sameAs\":[\"https:\/\/www.facebook.com\/JamonBlazquez\/\",\"https:\/\/x.com\/jamonblazquez\",\"https:\/\/www.instagram.com\/jamonblazquez\/\",\"https:\/\/www.linkedin.com\/company\/10190869\/admin\/\"]}]}<\/script>\n<!-- \/ Yoast SEO plugin. -->","yoast_head_json":{"title":"Pol\u00edtica de privacidad - Jamones Bl\u00e1zquez","robots":{"index":"index","follow":"follow","max-snippet":"max-snippet:-1","max-image-preview":"max-image-preview:large","max-video-preview":"max-video-preview:-1"},"canonical":"https:\/\/jamonesblazquez.com\/es\/politica-privacidad\/","og_locale":"es_ES","og_type":"article","og_title":"Pol\u00edtica de privacidad - Jamones Bl\u00e1zquez","og_description":"[vc_row css_animation=\u00bb\u00bb row_type=\u00bbrow\u00bb use_row_as_full_screen_section=\u00bbno\u00bb type=\u00bbfull_width\u00bb angled_section=\u00bbno\u00bb text_align=\u00bbleft\u00bb background_image_as_pattern=\u00bbwithout_pattern\u00bb el_class=\u00bbtxt-legales\u00bb z_index=\u00bb\u00bb][vc_column][vc_column_text el_class=\u00bbtit-pagina\u00bb] Pol\u00edtica de Privacidad [\/vc_column_text][vc_column_text]Jamones Bl\u00e1zquez informa a los usuarios de su p\u00e1gina web https:\/\/jamonesblazquez.com\/ a trav\u00e9s de esta Pol\u00edtica de Privacidad sobre el tratamiento y protecci\u00f3n de los datos de car\u00e1cter personal de los...","og_url":"https:\/\/jamonesblazquez.com\/es\/politica-privacidad\/","og_site_name":"Jamones Bl\u00e1zquez","article_publisher":"https:\/\/www.facebook.com\/JamonBlazquez\/","article_modified_time":"2024-09-02T08:56:22+00:00","twitter_card":"summary_large_image","twitter_site":"@jamonblazquez","twitter_misc":{"Tiempo de lectura":"11 minutos"},"schema":{"@context":"https:\/\/schema.org","@graph":[{"@type":"WebPage","@id":"https:\/\/jamonesblazquez.com\/es\/politica-privacidad\/","url":"https:\/\/jamonesblazquez.com\/es\/politica-privacidad\/","name":"Pol\u00edtica de privacidad - Jamones Bl\u00e1zquez","isPartOf":{"@id":"https:\/\/jamonesblazquez.com\/es\/#website"},"datePublished":"2019-02-06T13:19:53+00:00","dateModified":"2024-09-02T08:56:22+00:00","breadcrumb":{"@id":"https:\/\/jamonesblazquez.com\/es\/politica-privacidad\/#breadcrumb"},"inLanguage":"es","potentialAction":[{"@type":"ReadAction","target":["https:\/\/jamonesblazquez.com\/es\/politica-privacidad\/"]}]},{"@type":"BreadcrumbList","@id":"https:\/\/jamonesblazquez.com\/es\/politica-privacidad\/#breadcrumb","itemListElement":[{"@type":"ListItem","position":1,"name":"Portada","item":"https:\/\/jamonesblazquez.com\/es\/"},{"@type":"ListItem","position":2,"name":"Pol\u00edtica de privacidad"}]},{"@type":"WebSite","@id":"https:\/\/jamonesblazquez.com\/es\/#website","url":"https:\/\/jamonesblazquez.com\/es\/","name":"Jamones Bl\u00e1zquez","description":"Obedece a la Tentaci\u00f3n!","publisher":{"@id":"https:\/\/jamonesblazquez.com\/es\/#organization"},"potentialAction":[{"@type":"SearchAction","target":{"@type":"EntryPoint","urlTemplate":"https:\/\/jamonesblazquez.com\/es\/?s={search_term_string}"},"query-input":{"@type":"PropertyValueSpecification","valueRequired":true,"valueName":"search_term_string"}}],"inLanguage":"es"},{"@type":"Organization","@id":"https:\/\/jamonesblazquez.com\/es\/#organization","name":"Jamones Bl\u00e1zquez","url":"https:\/\/jamonesblazquez.com\/es\/","logo":{"@type":"ImageObject","inLanguage":"es","@id":"https:\/\/jamonesblazquez.com\/es\/#\/schema\/logo\/image\/","url":"https:\/\/jamonesblazquez.com\/wp-content\/uploads\/2019\/02\/Logo_Blazquez.png","contentUrl":"https:\/\/jamonesblazquez.com\/wp-content\/uploads\/2019\/02\/Logo_Blazquez.png","width":500,"height":132,"caption":"Jamones Bl\u00e1zquez"},"image":{"@id":"https:\/\/jamonesblazquez.com\/es\/#\/schema\/logo\/image\/"},"sameAs":["https:\/\/www.facebook.com\/JamonBlazquez\/","https:\/\/x.com\/jamonblazquez","https:\/\/www.instagram.com\/jamonblazquez\/","https:\/\/www.linkedin.com\/company\/10190869\/admin\/"]}]}},"_links":{"self":[{"href":"https:\/\/jamonesblazquez.com\/es\/wp-json\/wp\/v2\/pages\/3","targetHints":{"allow":["GET"]}}],"collection":[{"href":"https:\/\/jamonesblazquez.com\/es\/wp-json\/wp\/v2\/pages"}],"about":[{"href":"https:\/\/jamonesblazquez.com\/es\/wp-json\/wp\/v2\/types\/page"}],"author":[{"embeddable":true,"href":"https:\/\/jamonesblazquez.com\/es\/wp-json\/wp\/v2\/users\/177"}],"replies":[{"embeddable":true,"href":"https:\/\/jamonesblazquez.com\/es\/wp-json\/wp\/v2\/comments?post=3"}],"version-history":[{"count":0,"href":"https:\/\/jamonesblazquez.com\/es\/wp-json\/wp\/v2\/pages\/3\/revisions"}],"wp:attachment":[{"href":"https:\/\/jamonesblazquez.com\/es\/wp-json\/wp\/v2\/media?parent=3"}],"curies":[{"name":"wp","href":"https:\/\/api.w.org\/{rel}","templated":true}]}}