{"id":10642,"date":"2025-08-21T10:53:36","date_gmt":"2025-08-21T08:53:36","guid":{"rendered":"https:\/\/www.jamonesblazquez.com\/?post_type=product&#038;p=10642"},"modified":"2026-03-10T13:48:31","modified_gmt":"2026-03-10T12:48:31","slug":"coppa-iberica-blazquez","status":"publish","type":"product","link":"https:\/\/jamonesblazquez.com\/es\/Producto\/coppa-iberica-blazquez\/","title":{"rendered":"Coppa Ib\u00e9rica Bl\u00e1zquez"},"content":{"rendered":"<div class=\"wpb-content-wrapper\"><p>[vc_row css_animation=\u00bb\u00bb row_type=\u00bbrow\u00bb use_row_as_full_screen_section=\u00bbno\u00bb type=\u00bbfull_width\u00bb angled_section=\u00bbno\u00bb text_align=\u00bbleft\u00bb background_image_as_pattern=\u00bbwithout_pattern\u00bb][vc_column][vc_column_text]<\/p>\n<p data-start=\"823\" data-end=\"1077\">La <strong data-start=\"826\" data-end=\"852\">Coppa Ib\u00e9rica Bl\u00e1zquez<\/strong> procede del cabecero del lomo de cerdo ib\u00e9rico, una pieza noble con una infiltraci\u00f3n de grasa perfectamente equilibrada. Esta singular combinaci\u00f3n ofrece una textura cremosa y jugosa.<\/p>\n<p data-start=\"1079\" data-end=\"1318\">El secreto de su car\u00e1cter \u00fanico reside en el <strong data-start=\"1124\" data-end=\"1158\">adobo tradicional con especias<\/strong> y en una lenta curaci\u00f3n de m\u00e1s de <strong data-start=\"1193\" data-end=\"1230\">tres meses en secaderos naturales<\/strong>, donde se desarrollan sus aromas y se alcanza la armon\u00eda entre intensidad y sutileza.<\/p>\n<p data-start=\"1320\" data-end=\"1466\">Su <strong data-start=\"1323\" data-end=\"1355\">sabor profundo y equilibrado<\/strong>, realzado por delicadas notas especiadas, convierte a esta pieza en un embutido ib\u00e9rico digno de ser Bl\u00e1zquez.<\/p>\n<p data-start=\"1468\" data-end=\"1601\">Para disfrutar de toda su riqueza arom\u00e1tica se recomienda <strong data-start=\"1529\" data-end=\"1560\">cortar en lonchas muy finas<\/strong> y consumir a <strong data-start=\"1574\" data-end=\"1598\">temperatura ambiente<\/strong>.<\/p>\n<h3>INGREDIENTES<\/h3>\n<p>Cabecero de lomo de cerdo, sal, piment\u00f3n, dextrosa, az\u00facar, conservadores: (E-250, E-252), antioxidante: (E-301) y especias.<\/p>\n<p>Envoltura artificial no comestible<\/p>\n<h3>VALORES NUTRICIONALES (en 100g)<\/h3>\n<p>Valor energ\u00e9tico: 1566 kJ \/376 kcal<br \/>\nGrasas (g): 24<br \/>\n&#8211; De las cuales saturadas (g): 8<br \/>\nHidratos de carbono (g): 1<br \/>\n&#8211; De los cuales az\u00facares: (g): &lt; 0.5<br \/>\nProte\u00ednas (g): 39<br \/>\nSal (g): &lt;3[\/vc_column_text][\/vc_column][\/vc_row]<\/p>\n<\/div>","protected":false},"excerpt":{"rendered":"<p>Pieza noble del cabecero del cerdo ib\u00e9rico, la <strong data-start=\"340\" data-end=\"366\">Coppa Ib\u00e9rica Bl\u00e1zquez<\/strong> destaca por su curaci\u00f3n de m\u00e1s de 3 meses en bodega natural. Su textura jugosa y cremosa, junto a un sabor profundo con matices especiados<\/p>\n","protected":false},"featured_media":12020,"template":"","meta":[],"product_brand":[],"product_cat":[674,677],"product_tag":[],"class_list":{"0":"post-10642","1":"product","2":"type-product","3":"status-publish","4":"has-post-thumbnail","6":"product_cat-embutidos","7":"product_cat-lomo","9":"first","10":"instock","11":"taxable","12":"shipping-taxable","13":"product-type-simple"},"yoast_head":"<!-- This site is optimized with the Yoast SEO plugin v27.1.1 - https:\/\/yoast.com\/product\/yoast-seo-wordpress\/ -->\n<title>Comprar Coppa Ib\u00e9rica Bl\u00e1zquez - Jamones Bl\u00e1zquez<\/title>\n<meta name=\"description\" content=\"Pieza noble del cabecero del cerdo ib\u00e9rico, la Coppa Ib\u00e9rica Bl\u00e1zquez destaca por su curaci\u00f3n de m\u00e1s de 3 meses en bodega natural. Su textura jugosa y cremosa, junto a un sabor profundo con matices especiados\" \/>\n<meta name=\"robots\" content=\"index, follow, max-snippet:-1, max-image-preview:large, max-video-preview:-1\" \/>\n<link rel=\"canonical\" href=\"https:\/\/jamonesblazquez.com\/es\/Producto\/coppa-iberica-blazquez\/\" \/>\n<meta property=\"og:locale\" content=\"es_ES\" \/>\n<meta property=\"og:type\" content=\"article\" \/>\n<meta property=\"og:title\" content=\"Comprar Coppa Ib\u00e9rica Bl\u00e1zquez - Jamones Bl\u00e1zquez\" \/>\n<meta property=\"og:description\" content=\"Pieza noble del cabecero del cerdo ib\u00e9rico, la Coppa Ib\u00e9rica Bl\u00e1zquez destaca por su curaci\u00f3n de m\u00e1s de 3 meses en bodega natural. Su textura jugosa y cremosa, junto a un sabor profundo con matices especiados\" \/>\n<meta property=\"og:url\" content=\"https:\/\/jamonesblazquez.com\/es\/Producto\/coppa-iberica-blazquez\/\" \/>\n<meta property=\"og:site_name\" content=\"Jamones Bl\u00e1zquez\" \/>\n<meta property=\"article:publisher\" content=\"https:\/\/www.facebook.com\/JamonBlazquez\/\" \/>\n<meta property=\"article:modified_time\" content=\"2026-03-10T12:48:31+00:00\" \/>\n<meta property=\"og:image\" content=\"https:\/\/jamonesblazquez.com\/wp-content\/uploads\/2025\/08\/COPPA-IBERICA.png\" \/>\n\t<meta property=\"og:image:width\" content=\"800\" \/>\n\t<meta property=\"og:image:height\" content=\"800\" \/>\n\t<meta property=\"og:image:type\" content=\"image\/png\" \/>\n<meta name=\"twitter:card\" content=\"summary_large_image\" \/>\n<meta name=\"twitter:site\" content=\"@jamonblazquez\" \/>\n<meta name=\"twitter:label1\" content=\"Tiempo de lectura\" \/>\n\t<meta name=\"twitter:data1\" content=\"2 minutos\" \/>\n<script type=\"application\/ld+json\" class=\"yoast-schema-graph\">{\"@context\":\"https:\/\/schema.org\",\"@graph\":[{\"@type\":[\"WebPage\",\"ItemPage\"],\"@id\":\"https:\/\/jamonesblazquez.com\/es\/Producto\/coppa-iberica-blazquez\/\",\"url\":\"https:\/\/jamonesblazquez.com\/es\/Producto\/coppa-iberica-blazquez\/\",\"name\":\"Comprar Coppa Ib\u00e9rica Bl\u00e1zquez - Jamones Bl\u00e1zquez\",\"isPartOf\":{\"@id\":\"https:\/\/jamonesblazquez.com\/es\/#website\"},\"primaryImageOfPage\":{\"@id\":\"https:\/\/jamonesblazquez.com\/es\/Producto\/coppa-iberica-blazquez\/#primaryimage\"},\"image\":{\"@id\":\"https:\/\/jamonesblazquez.com\/es\/Producto\/coppa-iberica-blazquez\/#primaryimage\"},\"thumbnailUrl\":\"https:\/\/jamonesblazquez.com\/wp-content\/uploads\/2025\/08\/COPPA-IBERICA.png\",\"datePublished\":\"2025-08-21T08:53:36+00:00\",\"dateModified\":\"2026-03-10T12:48:31+00:00\",\"description\":\"Pieza noble del cabecero del cerdo ib\u00e9rico, la Coppa Ib\u00e9rica Bl\u00e1zquez destaca por su curaci\u00f3n de m\u00e1s de 3 meses en bodega natural. Su textura jugosa y cremosa, junto a un sabor profundo con matices especiados\",\"breadcrumb\":{\"@id\":\"https:\/\/jamonesblazquez.com\/es\/Producto\/coppa-iberica-blazquez\/#breadcrumb\"},\"inLanguage\":\"es\",\"potentialAction\":[{\"@type\":\"ReadAction\",\"target\":[\"https:\/\/jamonesblazquez.com\/es\/Producto\/coppa-iberica-blazquez\/\"]}]},{\"@type\":\"ImageObject\",\"inLanguage\":\"es\",\"@id\":\"https:\/\/jamonesblazquez.com\/es\/Producto\/coppa-iberica-blazquez\/#primaryimage\",\"url\":\"https:\/\/jamonesblazquez.com\/wp-content\/uploads\/2025\/08\/COPPA-IBERICA.png\",\"contentUrl\":\"https:\/\/jamonesblazquez.com\/wp-content\/uploads\/2025\/08\/COPPA-IBERICA.png\",\"width\":800,\"height\":800,\"caption\":\"COPPA IB\u00c9RICA\"},{\"@type\":\"BreadcrumbList\",\"@id\":\"https:\/\/jamonesblazquez.com\/es\/Producto\/coppa-iberica-blazquez\/#breadcrumb\",\"itemListElement\":[{\"@type\":\"ListItem\",\"position\":1,\"name\":\"Portada\",\"item\":\"https:\/\/jamonesblazquez.com\/es\/\"},{\"@type\":\"ListItem\",\"position\":2,\"name\":\"Tienda online\",\"item\":\"https:\/\/jamonesblazquez.com\/es\/?page_id=1992\"},{\"@type\":\"ListItem\",\"position\":3,\"name\":\"Coppa Ib\u00e9rica Bl\u00e1zquez\"}]},{\"@type\":\"WebSite\",\"@id\":\"https:\/\/jamonesblazquez.com\/es\/#website\",\"url\":\"https:\/\/jamonesblazquez.com\/es\/\",\"name\":\"Jamones Bl\u00e1zquez\",\"description\":\"Obedece a la Tentaci\u00f3n!\",\"publisher\":{\"@id\":\"https:\/\/jamonesblazquez.com\/es\/#organization\"},\"potentialAction\":[{\"@type\":\"SearchAction\",\"target\":{\"@type\":\"EntryPoint\",\"urlTemplate\":\"https:\/\/jamonesblazquez.com\/es\/?s={search_term_string}\"},\"query-input\":{\"@type\":\"PropertyValueSpecification\",\"valueRequired\":true,\"valueName\":\"search_term_string\"}}],\"inLanguage\":\"es\"},{\"@type\":\"Organization\",\"@id\":\"https:\/\/jamonesblazquez.com\/es\/#organization\",\"name\":\"Jamones Bl\u00e1zquez\",\"url\":\"https:\/\/jamonesblazquez.com\/es\/\",\"logo\":{\"@type\":\"ImageObject\",\"inLanguage\":\"es\",\"@id\":\"https:\/\/jamonesblazquez.com\/es\/#\/schema\/logo\/image\/\",\"url\":\"https:\/\/jamonesblazquez.com\/wp-content\/uploads\/2019\/02\/Logo_Blazquez.png\",\"contentUrl\":\"https:\/\/jamonesblazquez.com\/wp-content\/uploads\/2019\/02\/Logo_Blazquez.png\",\"width\":500,\"height\":132,\"caption\":\"Jamones Bl\u00e1zquez\"},\"image\":{\"@id\":\"https:\/\/jamonesblazquez.com\/es\/#\/schema\/logo\/image\/\"},\"sameAs\":[\"https:\/\/www.facebook.com\/JamonBlazquez\/\",\"https:\/\/x.com\/jamonblazquez\",\"https:\/\/www.instagram.com\/jamonblazquez\/\",\"https:\/\/www.linkedin.com\/company\/10190869\/admin\/\"]}]}<\/script>\n<!-- \/ Yoast SEO plugin. -->","yoast_head_json":{"title":"Comprar Coppa Ib\u00e9rica Bl\u00e1zquez - Jamones Bl\u00e1zquez","description":"Pieza noble del cabecero del cerdo ib\u00e9rico, la Coppa Ib\u00e9rica Bl\u00e1zquez destaca por su curaci\u00f3n de m\u00e1s de 3 meses en bodega natural. Su textura jugosa y cremosa, junto a un sabor profundo con matices especiados","robots":{"index":"index","follow":"follow","max-snippet":"max-snippet:-1","max-image-preview":"max-image-preview:large","max-video-preview":"max-video-preview:-1"},"canonical":"https:\/\/jamonesblazquez.com\/es\/Producto\/coppa-iberica-blazquez\/","og_locale":"es_ES","og_type":"article","og_title":"Comprar Coppa Ib\u00e9rica Bl\u00e1zquez - Jamones Bl\u00e1zquez","og_description":"Pieza noble del cabecero del cerdo ib\u00e9rico, la Coppa Ib\u00e9rica Bl\u00e1zquez destaca por su curaci\u00f3n de m\u00e1s de 3 meses en bodega natural. Su textura jugosa y cremosa, junto a un sabor profundo con matices especiados","og_url":"https:\/\/jamonesblazquez.com\/es\/Producto\/coppa-iberica-blazquez\/","og_site_name":"Jamones Bl\u00e1zquez","article_publisher":"https:\/\/www.facebook.com\/JamonBlazquez\/","article_modified_time":"2026-03-10T12:48:31+00:00","og_image":[{"width":800,"height":800,"url":"https:\/\/jamonesblazquez.com\/wp-content\/uploads\/2025\/08\/COPPA-IBERICA.png","type":"image\/png"}],"twitter_card":"summary_large_image","twitter_site":"@jamonblazquez","twitter_misc":{"Tiempo de lectura":"2 minutos"},"schema":{"@context":"https:\/\/schema.org","@graph":[{"@type":["WebPage","ItemPage"],"@id":"https:\/\/jamonesblazquez.com\/es\/Producto\/coppa-iberica-blazquez\/","url":"https:\/\/jamonesblazquez.com\/es\/Producto\/coppa-iberica-blazquez\/","name":"Comprar Coppa Ib\u00e9rica Bl\u00e1zquez - Jamones Bl\u00e1zquez","isPartOf":{"@id":"https:\/\/jamonesblazquez.com\/es\/#website"},"primaryImageOfPage":{"@id":"https:\/\/jamonesblazquez.com\/es\/Producto\/coppa-iberica-blazquez\/#primaryimage"},"image":{"@id":"https:\/\/jamonesblazquez.com\/es\/Producto\/coppa-iberica-blazquez\/#primaryimage"},"thumbnailUrl":"https:\/\/jamonesblazquez.com\/wp-content\/uploads\/2025\/08\/COPPA-IBERICA.png","datePublished":"2025-08-21T08:53:36+00:00","dateModified":"2026-03-10T12:48:31+00:00","description":"Pieza noble del cabecero del cerdo ib\u00e9rico, la Coppa Ib\u00e9rica Bl\u00e1zquez destaca por su curaci\u00f3n de m\u00e1s de 3 meses en bodega natural. Su textura jugosa y cremosa, junto a un sabor profundo con matices especiados","breadcrumb":{"@id":"https:\/\/jamonesblazquez.com\/es\/Producto\/coppa-iberica-blazquez\/#breadcrumb"},"inLanguage":"es","potentialAction":[{"@type":"ReadAction","target":["https:\/\/jamonesblazquez.com\/es\/Producto\/coppa-iberica-blazquez\/"]}]},{"@type":"ImageObject","inLanguage":"es","@id":"https:\/\/jamonesblazquez.com\/es\/Producto\/coppa-iberica-blazquez\/#primaryimage","url":"https:\/\/jamonesblazquez.com\/wp-content\/uploads\/2025\/08\/COPPA-IBERICA.png","contentUrl":"https:\/\/jamonesblazquez.com\/wp-content\/uploads\/2025\/08\/COPPA-IBERICA.png","width":800,"height":800,"caption":"COPPA IB\u00c9RICA"},{"@type":"BreadcrumbList","@id":"https:\/\/jamonesblazquez.com\/es\/Producto\/coppa-iberica-blazquez\/#breadcrumb","itemListElement":[{"@type":"ListItem","position":1,"name":"Portada","item":"https:\/\/jamonesblazquez.com\/es\/"},{"@type":"ListItem","position":2,"name":"Tienda online","item":"https:\/\/jamonesblazquez.com\/es\/?page_id=1992"},{"@type":"ListItem","position":3,"name":"Coppa Ib\u00e9rica Bl\u00e1zquez"}]},{"@type":"WebSite","@id":"https:\/\/jamonesblazquez.com\/es\/#website","url":"https:\/\/jamonesblazquez.com\/es\/","name":"Jamones Bl\u00e1zquez","description":"Obedece a la Tentaci\u00f3n!","publisher":{"@id":"https:\/\/jamonesblazquez.com\/es\/#organization"},"potentialAction":[{"@type":"SearchAction","target":{"@type":"EntryPoint","urlTemplate":"https:\/\/jamonesblazquez.com\/es\/?s={search_term_string}"},"query-input":{"@type":"PropertyValueSpecification","valueRequired":true,"valueName":"search_term_string"}}],"inLanguage":"es"},{"@type":"Organization","@id":"https:\/\/jamonesblazquez.com\/es\/#organization","name":"Jamones Bl\u00e1zquez","url":"https:\/\/jamonesblazquez.com\/es\/","logo":{"@type":"ImageObject","inLanguage":"es","@id":"https:\/\/jamonesblazquez.com\/es\/#\/schema\/logo\/image\/","url":"https:\/\/jamonesblazquez.com\/wp-content\/uploads\/2019\/02\/Logo_Blazquez.png","contentUrl":"https:\/\/jamonesblazquez.com\/wp-content\/uploads\/2019\/02\/Logo_Blazquez.png","width":500,"height":132,"caption":"Jamones Bl\u00e1zquez"},"image":{"@id":"https:\/\/jamonesblazquez.com\/es\/#\/schema\/logo\/image\/"},"sameAs":["https:\/\/www.facebook.com\/JamonBlazquez\/","https:\/\/x.com\/jamonblazquez","https:\/\/www.instagram.com\/jamonblazquez\/","https:\/\/www.linkedin.com\/company\/10190869\/admin\/"]}]}},"_links":{"self":[{"href":"https:\/\/jamonesblazquez.com\/es\/wp-json\/wp\/v2\/product\/10642","targetHints":{"allow":["GET"]}}],"collection":[{"href":"https:\/\/jamonesblazquez.com\/es\/wp-json\/wp\/v2\/product"}],"about":[{"href":"https:\/\/jamonesblazquez.com\/es\/wp-json\/wp\/v2\/types\/product"}],"wp:featuredmedia":[{"embeddable":true,"href":"https:\/\/jamonesblazquez.com\/es\/wp-json\/wp\/v2\/media\/12020"}],"wp:attachment":[{"href":"https:\/\/jamonesblazquez.com\/es\/wp-json\/wp\/v2\/media?parent=10642"}],"wp:term":[{"taxonomy":"product_brand","embeddable":true,"href":"https:\/\/jamonesblazquez.com\/es\/wp-json\/wp\/v2\/product_brand?post=10642"},{"taxonomy":"product_cat","embeddable":true,"href":"https:\/\/jamonesblazquez.com\/es\/wp-json\/wp\/v2\/product_cat?post=10642"},{"taxonomy":"product_tag","embeddable":true,"href":"https:\/\/jamonesblazquez.com\/es\/wp-json\/wp\/v2\/product_tag?post=10642"}],"curies":[{"name":"wp","href":"https:\/\/api.w.org\/{rel}","templated":true}]}}