{"id":10782,"date":"2025-10-24T13:23:02","date_gmt":"2025-10-24T11:23:02","guid":{"rendered":"https:\/\/jamonesblazquez.com\/?post_type=product&#038;p=10782"},"modified":"2025-11-12T09:25:27","modified_gmt":"2025-11-12T08:25:27","slug":"momento-blazquez-brunch","status":"publish","type":"product","link":"https:\/\/jamonesblazquez.com\/es\/Producto\/momento-blazquez-brunch\/","title":{"rendered":"Momento Bl\u00e1zquez: Brunch"},"content":{"rendered":"<div class=\"wpb-content-wrapper\"><p>[vc_row css_animation=\u00bb\u00bb row_type=\u00bbrow\u00bb use_row_as_full_screen_section=\u00bbno\u00bb type=\u00bbfull_width\u00bb angled_section=\u00bbno\u00bb text_align=\u00bbleft\u00bb background_image_as_pattern=\u00bbwithout_pattern\u00bb][vc_column][vc_column_text css=\u00bb\u00bb]<\/p>\n<p data-start=\"327\" data-end=\"784\">Descubre una nueva forma de disfrutar de tus\u00a0<em data-start=\"372\" data-end=\"400\">Brunchs al estilo Bl\u00e1zquez<\/em>, con una experiencia dise\u00f1ada para esos momentos en los que el sabor se convierte en celebraci\u00f3n.<\/p>\n<p data-start=\"786\" data-end=\"808\"><strong data-start=\"786\" data-end=\"806\">El pack incluye:<\/strong><\/p>\n<ul>\n<li data-start=\"811\" data-end=\"1060\"><strong data-start=\"811\" data-end=\"836\">3 loncheados <\/strong>de <strong data-start=\"849\" data-end=\"900\">Paleta de Bellota Ib\u00e9rica \u201cAdmiraci\u00f3n\u201d Bl\u00e1zquez<\/strong>, <strong data-start=\"811\" data-end=\"836\">de 100 g<\/strong> cada uno, con un incre\u00edble sabor forjado en la tradici\u00f3n y perfeccionado por generaciones.<\/li>\n<li data-start=\"811\" data-end=\"1060\"><strong data-start=\"1064\" data-end=\"1089\">2 loncheados <\/strong>de <strong data-start=\"1102\" data-end=\"1138\">Lomo de Bellota Ib\u00e9rico Bl\u00e1zquez<\/strong>, <strong data-start=\"1064\" data-end=\"1089\">de 100 g<\/strong> cada uno, que ofrecen matices intensos y un aroma inconfundible que hablan del cuidado meticuloso que define cada etapa de su elaboraci\u00f3n.<\/li>\n<\/ul>\n<p data-start=\"1384\" data-end=\"1604\">Te proponemos un <em data-start=\"1468\" data-end=\"1484\">brunch ib\u00e9rico<\/em> donde la excelencia artesanal y el sabor aut\u00e9ntico se unen para transformar cada bocado en una experiencia inolvidable.<\/p>\n<p data-start=\"1606\" data-end=\"1776\"><strong data-start=\"1606\" data-end=\"1628\">El Brunch Bl\u00e1zquez<\/strong> es el regalo ideal para quienes valoran lo artesanal y lo sublime. Porque compartir excelencia es, desde siempre, lo que mejor sabe hacer Bl\u00e1zquez.<\/p>\n<p>[\/vc_column_text][\/vc_column][\/vc_row][vc_row css_animation=\u00bb\u00bb row_type=\u00bbrow\u00bb use_row_as_full_screen_section=\u00bbno\u00bb type=\u00bbfull_width\u00bb angled_section=\u00bbno\u00bb text_align=\u00bbleft\u00bb background_image_as_pattern=\u00bbwithout_pattern\u00bb][vc_column]<div class=\"qode-accordion-holder clearfix qode-toggle qode-initial \">\n\t<h4 class=\"clearfix qode-title-holder\">\n<span class=\"qode-tab-title\">\n\t\t\t<span class=\"qode-tab-title-icon\">\n\t\t\t<i class=\"qode_icon_font_awesome fa fa-info-circle \" ><\/i>\t\t<\/span>\n\t    <span class=\"qode-tab-title-inner\">\n        Loncheado de Paleta de Bellota Ib\u00e9rica    <\/span>\n<\/span>\n<span class=\"qode-accordion-mark\">\n    <span class=\"qode-accordion-mark-icon\">\n        <span class=\"icon_plus\"><\/span>\n        <span class=\"icon_minus-06\"><\/span>\n    <\/span>\n<\/span>\n<\/h4>\n<div  class=\"qode-accordion-content qode-acc-title-with-icon\" >\n    <div class=\"qode-accordion-content-inner\">\n        [vc_column_text]<\/p>\n<h3>INGREDIENTES<\/h3>\n<p>Paleta de cerdo Ib\u00e9rico 50% raza Ib\u00e9rica y sal.<\/p>\n<h3>VALORES NUTRICIONALES (EN 100G)<\/h3>\n<p>Valor energ\u00e9tico: 418 kcal \/ 1737kJ<br \/>\nProte\u00ednas (g): 30,2<br \/>\nHidratos de carbono (g):0,8<br \/>\n\u2013 De los cuales az\u00facares: (g): &lt;0,5<br \/>\nGrasas (g): 32,7<br \/>\n\u2013 De las cuales saturadas (g): 12,7<br \/>\nSal (g): 3,5<\/p>\n<p>[\/vc_column_text]    <\/div>\n<\/div><h4 class=\"clearfix qode-title-holder\">\n<span class=\"qode-tab-title\">\n\t\t\t<span class=\"qode-tab-title-icon\">\n\t\t\t<i class=\"qode_icon_font_awesome fa fa-info-circle \" ><\/i>\t\t<\/span>\n\t    <span class=\"qode-tab-title-inner\">\n        Loncheado de Lomo de Bellota Ib\u00e9rico    <\/span>\n<\/span>\n<span class=\"qode-accordion-mark\">\n    <span class=\"qode-accordion-mark-icon\">\n        <span class=\"icon_plus\"><\/span>\n        <span class=\"icon_minus-06\"><\/span>\n    <\/span>\n<\/span>\n<\/h4>\n<div  class=\"qode-accordion-content qode-acc-title-with-icon\" >\n    <div class=\"qode-accordion-content-inner\">\n        [vc_column_text]<\/p>\n<h3>INGREDIENTES<\/h3>\n<p>Lomo de cerdo 50% raza Ib\u00e9rica, sal, piment\u00f3n, dextrosa, az\u00facar, especias, conservadores (E-250 y E-252), y antioxidante (E-301).<\/p>\n<h3>VALORES NUTRICIONALES (EN 100G)<\/h3>\n<p>Valor energ\u00e9tico: 437kcal \/ 1829kJ<br \/>\nProte\u00ednas (g): 41<br \/>\nHidratos de carbono (g): &lt;1<br \/>\n\u2013 De los cuales az\u00facares: (g): &lt;0,5<br \/>\nGrasas (g): 23,1<br \/>\n\u2013 De las cuales saturadas (g): 6,6<br \/>\nSal (g): 3,47<\/p>\n<p>[\/vc_column_text]    <\/div>\n<\/div><\/div>[\/vc_column][\/vc_row]<\/p>\n<\/div>","protected":false},"excerpt":{"rendered":"<p>Descubre el placer del brunch al estilo Bl\u00e1zquez con una combinaci\u00f3n de <strong data-start=\"502\" data-end=\"539\">Paleta y Lomo de Bellota Ib\u00e9ricos<\/strong>, una experiencia gourmet para compartir y admirar.<\/p>\n","protected":false},"featured_media":10828,"template":"","meta":[],"product_brand":[],"product_cat":[687],"product_tag":[],"class_list":{"0":"post-10782","1":"product","2":"type-product","3":"status-publish","4":"has-post-thumbnail","6":"product_cat-en-caja-tus-blazquez","8":"first","9":"instock","10":"taxable","11":"shipping-taxable","12":"product-type-simple"},"yoast_head":"<!-- This site is optimized with the Yoast SEO plugin v27.1.1 - https:\/\/yoast.com\/product\/yoast-seo-wordpress\/ -->\n<title>Comprar Momento Bl\u00e1zquez: Brunch - Jamones Bl\u00e1zquez<\/title>\n<meta name=\"description\" content=\"Descubre el placer del brunch al estilo Bl\u00e1zquez con una combinaci\u00f3n de Paleta y Lomo de Bellota Ib\u00e9ricos, una experiencia gourmet para compartir y admirar.\" \/>\n<meta name=\"robots\" content=\"index, follow, max-snippet:-1, max-image-preview:large, max-video-preview:-1\" \/>\n<link rel=\"canonical\" href=\"https:\/\/jamonesblazquez.com\/es\/Producto\/momento-blazquez-brunch\/\" \/>\n<meta property=\"og:locale\" content=\"es_ES\" \/>\n<meta property=\"og:type\" content=\"article\" \/>\n<meta property=\"og:title\" content=\"Comprar Momento Bl\u00e1zquez: Brunch - Jamones Bl\u00e1zquez\" \/>\n<meta property=\"og:description\" content=\"Descubre el placer del brunch al estilo Bl\u00e1zquez con una combinaci\u00f3n de Paleta y Lomo de Bellota Ib\u00e9ricos, una experiencia gourmet para compartir y admirar.\" \/>\n<meta property=\"og:url\" content=\"https:\/\/jamonesblazquez.com\/es\/Producto\/momento-blazquez-brunch\/\" \/>\n<meta property=\"og:site_name\" content=\"Jamones Bl\u00e1zquez\" \/>\n<meta property=\"article:publisher\" content=\"https:\/\/www.facebook.com\/JamonBlazquez\/\" \/>\n<meta property=\"article:modified_time\" content=\"2025-11-12T08:25:27+00:00\" \/>\n<meta property=\"og:image\" content=\"https:\/\/jamonesblazquez.com\/wp-content\/uploads\/2025\/10\/Momento-Blazquez_-Brunch-4.jpg\" \/>\n\t<meta property=\"og:image:width\" content=\"800\" \/>\n\t<meta property=\"og:image:height\" content=\"800\" \/>\n\t<meta property=\"og:image:type\" content=\"image\/jpeg\" \/>\n<meta name=\"twitter:card\" content=\"summary_large_image\" \/>\n<meta name=\"twitter:site\" content=\"@jamonblazquez\" \/>\n<meta name=\"twitter:label1\" content=\"Tiempo de lectura\" \/>\n\t<meta name=\"twitter:data1\" content=\"2 minutos\" \/>\n<script type=\"application\/ld+json\" class=\"yoast-schema-graph\">{\"@context\":\"https:\/\/schema.org\",\"@graph\":[{\"@type\":[\"WebPage\",\"ItemPage\"],\"@id\":\"https:\/\/jamonesblazquez.com\/es\/Producto\/momento-blazquez-brunch\/\",\"url\":\"https:\/\/jamonesblazquez.com\/es\/Producto\/momento-blazquez-brunch\/\",\"name\":\"Comprar Momento Bl\u00e1zquez: Brunch - Jamones Bl\u00e1zquez\",\"isPartOf\":{\"@id\":\"https:\/\/jamonesblazquez.com\/es\/#website\"},\"primaryImageOfPage\":{\"@id\":\"https:\/\/jamonesblazquez.com\/es\/Producto\/momento-blazquez-brunch\/#primaryimage\"},\"image\":{\"@id\":\"https:\/\/jamonesblazquez.com\/es\/Producto\/momento-blazquez-brunch\/#primaryimage\"},\"thumbnailUrl\":\"https:\/\/jamonesblazquez.com\/wp-content\/uploads\/2025\/10\/Momento-Blazquez_-Brunch-4.jpg\",\"datePublished\":\"2025-10-24T11:23:02+00:00\",\"dateModified\":\"2025-11-12T08:25:27+00:00\",\"description\":\"Descubre el placer del brunch al estilo Bl\u00e1zquez con una combinaci\u00f3n de Paleta y Lomo de Bellota Ib\u00e9ricos, una experiencia gourmet para compartir y admirar.\",\"breadcrumb\":{\"@id\":\"https:\/\/jamonesblazquez.com\/es\/Producto\/momento-blazquez-brunch\/#breadcrumb\"},\"inLanguage\":\"es\",\"potentialAction\":[{\"@type\":\"ReadAction\",\"target\":[\"https:\/\/jamonesblazquez.com\/es\/Producto\/momento-blazquez-brunch\/\"]}]},{\"@type\":\"ImageObject\",\"inLanguage\":\"es\",\"@id\":\"https:\/\/jamonesblazquez.com\/es\/Producto\/momento-blazquez-brunch\/#primaryimage\",\"url\":\"https:\/\/jamonesblazquez.com\/wp-content\/uploads\/2025\/10\/Momento-Blazquez_-Brunch-4.jpg\",\"contentUrl\":\"https:\/\/jamonesblazquez.com\/wp-content\/uploads\/2025\/10\/Momento-Blazquez_-Brunch-4.jpg\",\"width\":800,\"height\":800,\"caption\":\"Momento Bl\u00e1zquez_ Brunch (2)\"},{\"@type\":\"BreadcrumbList\",\"@id\":\"https:\/\/jamonesblazquez.com\/es\/Producto\/momento-blazquez-brunch\/#breadcrumb\",\"itemListElement\":[{\"@type\":\"ListItem\",\"position\":1,\"name\":\"Portada\",\"item\":\"https:\/\/jamonesblazquez.com\/es\/\"},{\"@type\":\"ListItem\",\"position\":2,\"name\":\"Tienda online\",\"item\":\"https:\/\/jamonesblazquez.com\/es\/?page_id=1992\"},{\"@type\":\"ListItem\",\"position\":3,\"name\":\"Momento Bl\u00e1zquez: Brunch\"}]},{\"@type\":\"WebSite\",\"@id\":\"https:\/\/jamonesblazquez.com\/es\/#website\",\"url\":\"https:\/\/jamonesblazquez.com\/es\/\",\"name\":\"Jamones Bl\u00e1zquez\",\"description\":\"Obedece a la Tentaci\u00f3n!\",\"publisher\":{\"@id\":\"https:\/\/jamonesblazquez.com\/es\/#organization\"},\"potentialAction\":[{\"@type\":\"SearchAction\",\"target\":{\"@type\":\"EntryPoint\",\"urlTemplate\":\"https:\/\/jamonesblazquez.com\/es\/?s={search_term_string}\"},\"query-input\":{\"@type\":\"PropertyValueSpecification\",\"valueRequired\":true,\"valueName\":\"search_term_string\"}}],\"inLanguage\":\"es\"},{\"@type\":\"Organization\",\"@id\":\"https:\/\/jamonesblazquez.com\/es\/#organization\",\"name\":\"Jamones Bl\u00e1zquez\",\"url\":\"https:\/\/jamonesblazquez.com\/es\/\",\"logo\":{\"@type\":\"ImageObject\",\"inLanguage\":\"es\",\"@id\":\"https:\/\/jamonesblazquez.com\/es\/#\/schema\/logo\/image\/\",\"url\":\"https:\/\/jamonesblazquez.com\/wp-content\/uploads\/2019\/02\/Logo_Blazquez.png\",\"contentUrl\":\"https:\/\/jamonesblazquez.com\/wp-content\/uploads\/2019\/02\/Logo_Blazquez.png\",\"width\":500,\"height\":132,\"caption\":\"Jamones Bl\u00e1zquez\"},\"image\":{\"@id\":\"https:\/\/jamonesblazquez.com\/es\/#\/schema\/logo\/image\/\"},\"sameAs\":[\"https:\/\/www.facebook.com\/JamonBlazquez\/\",\"https:\/\/x.com\/jamonblazquez\",\"https:\/\/www.instagram.com\/jamonblazquez\/\",\"https:\/\/www.linkedin.com\/company\/10190869\/admin\/\"]}]}<\/script>\n<!-- \/ Yoast SEO plugin. -->","yoast_head_json":{"title":"Comprar Momento Bl\u00e1zquez: Brunch - Jamones Bl\u00e1zquez","description":"Descubre el placer del brunch al estilo Bl\u00e1zquez con una combinaci\u00f3n de Paleta y Lomo de Bellota Ib\u00e9ricos, una experiencia gourmet para compartir y admirar.","robots":{"index":"index","follow":"follow","max-snippet":"max-snippet:-1","max-image-preview":"max-image-preview:large","max-video-preview":"max-video-preview:-1"},"canonical":"https:\/\/jamonesblazquez.com\/es\/Producto\/momento-blazquez-brunch\/","og_locale":"es_ES","og_type":"article","og_title":"Comprar Momento Bl\u00e1zquez: Brunch - Jamones Bl\u00e1zquez","og_description":"Descubre el placer del brunch al estilo Bl\u00e1zquez con una combinaci\u00f3n de Paleta y Lomo de Bellota Ib\u00e9ricos, una experiencia gourmet para compartir y admirar.","og_url":"https:\/\/jamonesblazquez.com\/es\/Producto\/momento-blazquez-brunch\/","og_site_name":"Jamones Bl\u00e1zquez","article_publisher":"https:\/\/www.facebook.com\/JamonBlazquez\/","article_modified_time":"2025-11-12T08:25:27+00:00","og_image":[{"width":800,"height":800,"url":"https:\/\/jamonesblazquez.com\/wp-content\/uploads\/2025\/10\/Momento-Blazquez_-Brunch-4.jpg","type":"image\/jpeg"}],"twitter_card":"summary_large_image","twitter_site":"@jamonblazquez","twitter_misc":{"Tiempo de lectura":"2 minutos"},"schema":{"@context":"https:\/\/schema.org","@graph":[{"@type":["WebPage","ItemPage"],"@id":"https:\/\/jamonesblazquez.com\/es\/Producto\/momento-blazquez-brunch\/","url":"https:\/\/jamonesblazquez.com\/es\/Producto\/momento-blazquez-brunch\/","name":"Comprar Momento Bl\u00e1zquez: Brunch - Jamones Bl\u00e1zquez","isPartOf":{"@id":"https:\/\/jamonesblazquez.com\/es\/#website"},"primaryImageOfPage":{"@id":"https:\/\/jamonesblazquez.com\/es\/Producto\/momento-blazquez-brunch\/#primaryimage"},"image":{"@id":"https:\/\/jamonesblazquez.com\/es\/Producto\/momento-blazquez-brunch\/#primaryimage"},"thumbnailUrl":"https:\/\/jamonesblazquez.com\/wp-content\/uploads\/2025\/10\/Momento-Blazquez_-Brunch-4.jpg","datePublished":"2025-10-24T11:23:02+00:00","dateModified":"2025-11-12T08:25:27+00:00","description":"Descubre el placer del brunch al estilo Bl\u00e1zquez con una combinaci\u00f3n de Paleta y Lomo de Bellota Ib\u00e9ricos, una experiencia gourmet para compartir y admirar.","breadcrumb":{"@id":"https:\/\/jamonesblazquez.com\/es\/Producto\/momento-blazquez-brunch\/#breadcrumb"},"inLanguage":"es","potentialAction":[{"@type":"ReadAction","target":["https:\/\/jamonesblazquez.com\/es\/Producto\/momento-blazquez-brunch\/"]}]},{"@type":"ImageObject","inLanguage":"es","@id":"https:\/\/jamonesblazquez.com\/es\/Producto\/momento-blazquez-brunch\/#primaryimage","url":"https:\/\/jamonesblazquez.com\/wp-content\/uploads\/2025\/10\/Momento-Blazquez_-Brunch-4.jpg","contentUrl":"https:\/\/jamonesblazquez.com\/wp-content\/uploads\/2025\/10\/Momento-Blazquez_-Brunch-4.jpg","width":800,"height":800,"caption":"Momento Bl\u00e1zquez_ Brunch (2)"},{"@type":"BreadcrumbList","@id":"https:\/\/jamonesblazquez.com\/es\/Producto\/momento-blazquez-brunch\/#breadcrumb","itemListElement":[{"@type":"ListItem","position":1,"name":"Portada","item":"https:\/\/jamonesblazquez.com\/es\/"},{"@type":"ListItem","position":2,"name":"Tienda online","item":"https:\/\/jamonesblazquez.com\/es\/?page_id=1992"},{"@type":"ListItem","position":3,"name":"Momento Bl\u00e1zquez: Brunch"}]},{"@type":"WebSite","@id":"https:\/\/jamonesblazquez.com\/es\/#website","url":"https:\/\/jamonesblazquez.com\/es\/","name":"Jamones Bl\u00e1zquez","description":"Obedece a la Tentaci\u00f3n!","publisher":{"@id":"https:\/\/jamonesblazquez.com\/es\/#organization"},"potentialAction":[{"@type":"SearchAction","target":{"@type":"EntryPoint","urlTemplate":"https:\/\/jamonesblazquez.com\/es\/?s={search_term_string}"},"query-input":{"@type":"PropertyValueSpecification","valueRequired":true,"valueName":"search_term_string"}}],"inLanguage":"es"},{"@type":"Organization","@id":"https:\/\/jamonesblazquez.com\/es\/#organization","name":"Jamones Bl\u00e1zquez","url":"https:\/\/jamonesblazquez.com\/es\/","logo":{"@type":"ImageObject","inLanguage":"es","@id":"https:\/\/jamonesblazquez.com\/es\/#\/schema\/logo\/image\/","url":"https:\/\/jamonesblazquez.com\/wp-content\/uploads\/2019\/02\/Logo_Blazquez.png","contentUrl":"https:\/\/jamonesblazquez.com\/wp-content\/uploads\/2019\/02\/Logo_Blazquez.png","width":500,"height":132,"caption":"Jamones Bl\u00e1zquez"},"image":{"@id":"https:\/\/jamonesblazquez.com\/es\/#\/schema\/logo\/image\/"},"sameAs":["https:\/\/www.facebook.com\/JamonBlazquez\/","https:\/\/x.com\/jamonblazquez","https:\/\/www.instagram.com\/jamonblazquez\/","https:\/\/www.linkedin.com\/company\/10190869\/admin\/"]}]}},"_links":{"self":[{"href":"https:\/\/jamonesblazquez.com\/es\/wp-json\/wp\/v2\/product\/10782","targetHints":{"allow":["GET"]}}],"collection":[{"href":"https:\/\/jamonesblazquez.com\/es\/wp-json\/wp\/v2\/product"}],"about":[{"href":"https:\/\/jamonesblazquez.com\/es\/wp-json\/wp\/v2\/types\/product"}],"wp:featuredmedia":[{"embeddable":true,"href":"https:\/\/jamonesblazquez.com\/es\/wp-json\/wp\/v2\/media\/10828"}],"wp:attachment":[{"href":"https:\/\/jamonesblazquez.com\/es\/wp-json\/wp\/v2\/media?parent=10782"}],"wp:term":[{"taxonomy":"product_brand","embeddable":true,"href":"https:\/\/jamonesblazquez.com\/es\/wp-json\/wp\/v2\/product_brand?post=10782"},{"taxonomy":"product_cat","embeddable":true,"href":"https:\/\/jamonesblazquez.com\/es\/wp-json\/wp\/v2\/product_cat?post=10782"},{"taxonomy":"product_tag","embeddable":true,"href":"https:\/\/jamonesblazquez.com\/es\/wp-json\/wp\/v2\/product_tag?post=10782"}],"curies":[{"name":"wp","href":"https:\/\/api.w.org\/{rel}","templated":true}]}}