{"id":10784,"date":"2025-10-24T14:01:55","date_gmt":"2025-10-24T12:01:55","guid":{"rendered":"https:\/\/jamonesblazquez.com\/?post_type=product&#038;p=10784"},"modified":"2026-03-19T10:33:40","modified_gmt":"2026-03-19T09:33:40","slug":"momento-blazquez-velada","status":"publish","type":"product","link":"https:\/\/jamonesblazquez.com\/es\/Producto\/momento-blazquez-velada\/","title":{"rendered":"Momento Velada"},"content":{"rendered":"<div class=\"wpb-content-wrapper\"><p>[vc_row css_animation=\u00bb\u00bb row_type=\u00bbrow\u00bb use_row_as_full_screen_section=\u00bbno\u00bb type=\u00bbfull_width\u00bb angled_section=\u00bbno\u00bb text_align=\u00bbleft\u00bb background_image_as_pattern=\u00bbwithout_pattern\u00bb][vc_column][vc_column_text css=\u00bb\u00bb]<\/p>\n<p data-start=\"255\" data-end=\"412\">D\u00e9jate cautivar por <strong data-start=\"275\" data-end=\"294\">Bl\u00e1zquez Velada<\/strong>, un pack concebido para esos momentos en los que la conversaci\u00f3n se alarga y el sabor se convierte en protagonista. Perfecto para\u00a0cualquier ocasi\u00f3n en la que celebrar el placer de estar juntos.<\/p>\n<p data-start=\"414\" data-end=\"534\">Este pack gourmet re\u00fane <strong data-start=\"438\" data-end=\"485\">tres aut\u00e9nticos tesoros ib\u00e9ricos de bellota<\/strong>, finamente loncheados y listos para compartir:<\/p>\n<ul data-start=\"535\" data-end=\"724\">\n<li data-start=\"535\" data-end=\"595\">\n<p data-start=\"537\" data-end=\"595\"><strong data-start=\"537\" data-end=\"593\">2 sobre de Jam\u00f3n de Bellota Ib\u00e9rico Bl\u00e1zquez (100 g)<\/strong><\/p>\n<\/li>\n<li data-start=\"596\" data-end=\"658\">\n<p data-start=\"598\" data-end=\"658\"><strong data-start=\"598\" data-end=\"656\">1 sobre de Chorizo de Bellota Ib\u00e9rico Bl\u00e1zquez (100 g)<\/strong><\/p>\n<\/li>\n<li data-start=\"659\" data-end=\"724\">\n<p data-start=\"661\" data-end=\"724\"><strong data-start=\"661\" data-end=\"722\">1 sobre de Salchich\u00f3n de Bellota Ib\u00e9rico Bl\u00e1zquez (100 g)<\/strong><\/p>\n<\/li>\n<\/ul>\n<p data-start=\"726\" data-end=\"905\">Crea una atm\u00f3sfera \u00fanica compartiendo recuerdos llenos de sensaciones frescas, donde cada loncha expresa la excelencia artesanal y el sabor inconfundible que distingue a Bl\u00e1zquez.<\/p>\n<p>[\/vc_column_text][\/vc_column][\/vc_row][vc_row css_animation=\u00bb\u00bb row_type=\u00bbrow\u00bb use_row_as_full_screen_section=\u00bbno\u00bb type=\u00bbfull_width\u00bb angled_section=\u00bbno\u00bb text_align=\u00bbleft\u00bb background_image_as_pattern=\u00bbwithout_pattern\u00bb][vc_column]<div class=\"qode-accordion-holder clearfix qode-toggle qode-initial \">\n\t<h4 class=\"clearfix qode-title-holder\">\n<span class=\"qode-tab-title\">\n\t\t\t<span class=\"qode-tab-title-icon\">\n\t\t\t<i class=\"qode_icon_font_awesome fa fa-info-circle \" ><\/i>\t\t<\/span>\n\t    <span class=\"qode-tab-title-inner\">\n        Loncheado de Jam\u00f3n de Bellota Ib\u00e9rico    <\/span>\n<\/span>\n<span class=\"qode-accordion-mark\">\n    <span class=\"qode-accordion-mark-icon\">\n        <span class=\"icon_plus\"><\/span>\n        <span class=\"icon_minus-06\"><\/span>\n    <\/span>\n<\/span>\n<\/h4>\n<div  class=\"qode-accordion-content qode-acc-title-with-icon\" style=\"padding: 0px\">\n    <div class=\"qode-accordion-content-inner\">\n        [vc_column_text css=\u00bb.vc_custom_1604667951446{padding-top: 12px !important;padding-bottom: 12px !important;padding-left: 40px !important;}\u00bb]<\/p>\n<h3>INGREDIENTES<\/h3>\n<p>Jam\u00f3n de cerdo Ib\u00e9rico 50% raza Ib\u00e9rica y sal.<\/p>\n<h3>VALORES NUTRICIONALES (EN 100G)<\/h3>\n<p>Valor energ\u00e9tico: 356 kcal \/ 1480 kJ<br \/>\nProte\u00ednas (g): 32,2<br \/>\nHidratos de carbono (g): &lt;0,5<br \/>\n\u2013 De los cuales az\u00facares: (g): &lt;0,5<br \/>\nGrasas (g): 25,2<br \/>\n\u2013 De las cuales saturadas (g): 8,0<br \/>\nSal (g): 4,5<\/p>\n<p>[\/vc_column_text]    <\/div>\n<\/div><h4 class=\"clearfix qode-title-holder\">\n<span class=\"qode-tab-title\">\n\t\t\t<span class=\"qode-tab-title-icon\">\n\t\t\t<i class=\"qode_icon_font_awesome fa fa-info-circle \" ><\/i>\t\t<\/span>\n\t    <span class=\"qode-tab-title-inner\">\n        Loncheado de Chorizo de Bellota Ib\u00e9rico    <\/span>\n<\/span>\n<span class=\"qode-accordion-mark\">\n    <span class=\"qode-accordion-mark-icon\">\n        <span class=\"icon_plus\"><\/span>\n        <span class=\"icon_minus-06\"><\/span>\n    <\/span>\n<\/span>\n<\/h4>\n<div  class=\"qode-accordion-content qode-acc-title-with-icon\" >\n    <div class=\"qode-accordion-content-inner\">\n        [vc_column_text]<\/p>\n<h3>INGREDIENTES<\/h3>\n<p>Carne de cerdo ib\u00e9rico de bellota, sal, piment\u00f3n, aceite de oliva virgen extra, dextrosa, dextrina, <span class=\"alergenos\">lactosa<\/span>, <span class=\"alergenos\">prote\u00edna de soja<\/span>, <span class=\"alergenos\">prote\u00edna de leche<\/span>, emulgentes (E-450i, E-452i, Y E-451i), especias, corrector de acidez (E-331iii) conservadores (E-250 y E-252) y antioxidante (E-301).<\/p>\n<h3>VALORES NUTRICIONALES (EN 100G)<\/h3>\n<p>Valor energ\u00e9tico: 2237 kcal \/ 537kJ<br \/>\nProte\u00ednas (g): 23<br \/>\nHidratos de carbono (g): &lt;1<br \/>\n\u2013 De los cuales az\u00facares: (g): &lt;0,5<br \/>\nGrasas (g): 49<br \/>\n\u2013 De las cuales saturadas (g): 20<br \/>\nSal (g): 2,5<\/p>\n<p>[\/vc_column_text]    <\/div>\n<\/div><h4 class=\"clearfix qode-title-holder\">\n<span class=\"qode-tab-title\">\n\t\t\t<span class=\"qode-tab-title-icon\">\n\t\t\t<i class=\"qode_icon_font_awesome fa fa-info-circle \" ><\/i>\t\t<\/span>\n\t    <span class=\"qode-tab-title-inner\">\n        Loncheado de Salchich\u00f3n de Bellota Ib\u00e9rico    <\/span>\n<\/span>\n<span class=\"qode-accordion-mark\">\n    <span class=\"qode-accordion-mark-icon\">\n        <span class=\"icon_plus\"><\/span>\n        <span class=\"icon_minus-06\"><\/span>\n    <\/span>\n<\/span>\n<\/h4>\n<div  class=\"qode-accordion-content qode-acc-title-with-icon\" >\n    <div class=\"qode-accordion-content-inner\">\n        [vc_column_text]<\/p>\n<h3>INGREDIENTES<\/h3>\n<p>Carne de cerdo ib\u00e9rico de bellota, sal, especias, dextrosa, dextrina, <span class=\"alergenos\">lactosa<\/span>, <span class=\"alergenos\">prote\u00edna de soja<\/span>, <span class=\"alergenos\">prote\u00edna de leche<\/span>, emulgentes (E-450i, E-452i, Y E-451i), conservadores (E-250 y E-252), corrector de acidez (E-331iii) y antioxidante (E-301).<\/p>\n<h3>VALORES NUTRICIONALES (EN 100G)<\/h3>\n<p>Valor energ\u00e9tico: 514 kcal \/ 2129 kJ<br \/>\nProte\u00ednas (g): 44,4<br \/>\nHidratos de carbono (g): &lt;1<br \/>\n\u2013 De los cuales az\u00facares: (g): &lt;0,5<br \/>\nGrasas (g): 44,4<br \/>\n\u2013 De las cuales saturadas (g): 18<br \/>\nSal (g): 2,6<\/p>\n<p>[\/vc_column_text]    <\/div>\n<\/div><\/div>[\/vc_column][\/vc_row]<\/p>\n<\/div>","protected":false},"excerpt":{"rendered":"<p><strong data-start=\"136\" data-end=\"155\">Bl\u00e1zquez Velada<\/strong> regala este <strong data-start=\"572\" data-end=\"588\">San Valent\u00edn<\/strong> una experiencia para los sentidos. Un pack gourmet con Jam\u00f3n, Chorizo y Salchich\u00f3n de Bellota Ib\u00e9ricos, creado para disfrutar.<\/p>\n","protected":false},"featured_media":10842,"template":"","meta":[],"product_brand":[],"product_cat":[687],"product_tag":[],"class_list":{"0":"post-10784","1":"product","2":"type-product","3":"status-publish","4":"has-post-thumbnail","6":"product_cat-en-caja-tus-blazquez","8":"first","9":"instock","10":"taxable","11":"shipping-taxable","12":"product-type-simple"},"yoast_head":"<!-- This site is optimized with the Yoast SEO plugin v27.1.1 - https:\/\/yoast.com\/product\/yoast-seo-wordpress\/ -->\n<title>Comprar Momento Velada - Jamones Bl\u00e1zquez<\/title>\n<meta name=\"description\" content=\"Bl\u00e1zquez Velada regala este San Valent\u00edn una experiencia para los sentidos. Un pack gourmet con Jam\u00f3n, Chorizo y Salchich\u00f3n de Bellota Ib\u00e9ricos, creado para disfrutar.\" \/>\n<meta name=\"robots\" content=\"index, follow, max-snippet:-1, max-image-preview:large, max-video-preview:-1\" \/>\n<link rel=\"canonical\" href=\"https:\/\/jamonesblazquez.com\/es\/Producto\/momento-blazquez-velada\/\" \/>\n<meta property=\"og:locale\" content=\"es_ES\" \/>\n<meta property=\"og:type\" content=\"article\" \/>\n<meta property=\"og:title\" content=\"Comprar Momento Velada - Jamones Bl\u00e1zquez\" \/>\n<meta property=\"og:description\" content=\"Bl\u00e1zquez Velada regala este San Valent\u00edn una experiencia para los sentidos. Un pack gourmet con Jam\u00f3n, Chorizo y Salchich\u00f3n de Bellota Ib\u00e9ricos, creado para disfrutar.\" \/>\n<meta property=\"og:url\" content=\"https:\/\/jamonesblazquez.com\/es\/Producto\/momento-blazquez-velada\/\" \/>\n<meta property=\"og:site_name\" content=\"Jamones Bl\u00e1zquez\" \/>\n<meta property=\"article:publisher\" content=\"https:\/\/www.facebook.com\/JamonBlazquez\/\" \/>\n<meta property=\"article:modified_time\" content=\"2026-03-19T09:33:40+00:00\" \/>\n<meta property=\"og:image\" content=\"https:\/\/jamonesblazquez.com\/wp-content\/uploads\/2025\/10\/Momento-Blazquez_-Amigos-4.jpg\" \/>\n\t<meta property=\"og:image:width\" content=\"800\" \/>\n\t<meta property=\"og:image:height\" content=\"800\" \/>\n\t<meta property=\"og:image:type\" content=\"image\/jpeg\" \/>\n<meta name=\"twitter:card\" content=\"summary_large_image\" \/>\n<meta name=\"twitter:site\" content=\"@jamonblazquez\" \/>\n<meta name=\"twitter:label1\" content=\"Tiempo de lectura\" \/>\n\t<meta name=\"twitter:data1\" content=\"2 minutos\" \/>\n<script type=\"application\/ld+json\" class=\"yoast-schema-graph\">{\"@context\":\"https:\/\/schema.org\",\"@graph\":[{\"@type\":[\"WebPage\",\"ItemPage\"],\"@id\":\"https:\/\/jamonesblazquez.com\/es\/Producto\/momento-blazquez-velada\/\",\"url\":\"https:\/\/jamonesblazquez.com\/es\/Producto\/momento-blazquez-velada\/\",\"name\":\"Comprar Momento Velada - Jamones Bl\u00e1zquez\",\"isPartOf\":{\"@id\":\"https:\/\/jamonesblazquez.com\/es\/#website\"},\"primaryImageOfPage\":{\"@id\":\"https:\/\/jamonesblazquez.com\/es\/Producto\/momento-blazquez-velada\/#primaryimage\"},\"image\":{\"@id\":\"https:\/\/jamonesblazquez.com\/es\/Producto\/momento-blazquez-velada\/#primaryimage\"},\"thumbnailUrl\":\"https:\/\/jamonesblazquez.com\/wp-content\/uploads\/2025\/10\/Momento-Blazquez_-Amigos-4.jpg\",\"datePublished\":\"2025-10-24T12:01:55+00:00\",\"dateModified\":\"2026-03-19T09:33:40+00:00\",\"description\":\"Bl\u00e1zquez Velada regala este San Valent\u00edn una experiencia para los sentidos. Un pack gourmet con Jam\u00f3n, Chorizo y Salchich\u00f3n de Bellota Ib\u00e9ricos, creado para disfrutar.\",\"breadcrumb\":{\"@id\":\"https:\/\/jamonesblazquez.com\/es\/Producto\/momento-blazquez-velada\/#breadcrumb\"},\"inLanguage\":\"es\",\"potentialAction\":[{\"@type\":\"ReadAction\",\"target\":[\"https:\/\/jamonesblazquez.com\/es\/Producto\/momento-blazquez-velada\/\"]}]},{\"@type\":\"ImageObject\",\"inLanguage\":\"es\",\"@id\":\"https:\/\/jamonesblazquez.com\/es\/Producto\/momento-blazquez-velada\/#primaryimage\",\"url\":\"https:\/\/jamonesblazquez.com\/wp-content\/uploads\/2025\/10\/Momento-Blazquez_-Amigos-4.jpg\",\"contentUrl\":\"https:\/\/jamonesblazquez.com\/wp-content\/uploads\/2025\/10\/Momento-Blazquez_-Amigos-4.jpg\",\"width\":800,\"height\":800,\"caption\":\"Momento Bl\u00e1zquez_ Amigos\"},{\"@type\":\"BreadcrumbList\",\"@id\":\"https:\/\/jamonesblazquez.com\/es\/Producto\/momento-blazquez-velada\/#breadcrumb\",\"itemListElement\":[{\"@type\":\"ListItem\",\"position\":1,\"name\":\"Portada\",\"item\":\"https:\/\/jamonesblazquez.com\/es\/\"},{\"@type\":\"ListItem\",\"position\":2,\"name\":\"Tienda online\",\"item\":\"https:\/\/jamonesblazquez.com\/es\/?page_id=1992\"},{\"@type\":\"ListItem\",\"position\":3,\"name\":\"Momento Velada\"}]},{\"@type\":\"WebSite\",\"@id\":\"https:\/\/jamonesblazquez.com\/es\/#website\",\"url\":\"https:\/\/jamonesblazquez.com\/es\/\",\"name\":\"Jamones Bl\u00e1zquez\",\"description\":\"Obedece a la Tentaci\u00f3n!\",\"publisher\":{\"@id\":\"https:\/\/jamonesblazquez.com\/es\/#organization\"},\"potentialAction\":[{\"@type\":\"SearchAction\",\"target\":{\"@type\":\"EntryPoint\",\"urlTemplate\":\"https:\/\/jamonesblazquez.com\/es\/?s={search_term_string}\"},\"query-input\":{\"@type\":\"PropertyValueSpecification\",\"valueRequired\":true,\"valueName\":\"search_term_string\"}}],\"inLanguage\":\"es\"},{\"@type\":\"Organization\",\"@id\":\"https:\/\/jamonesblazquez.com\/es\/#organization\",\"name\":\"Jamones Bl\u00e1zquez\",\"url\":\"https:\/\/jamonesblazquez.com\/es\/\",\"logo\":{\"@type\":\"ImageObject\",\"inLanguage\":\"es\",\"@id\":\"https:\/\/jamonesblazquez.com\/es\/#\/schema\/logo\/image\/\",\"url\":\"https:\/\/jamonesblazquez.com\/wp-content\/uploads\/2019\/02\/Logo_Blazquez.png\",\"contentUrl\":\"https:\/\/jamonesblazquez.com\/wp-content\/uploads\/2019\/02\/Logo_Blazquez.png\",\"width\":500,\"height\":132,\"caption\":\"Jamones Bl\u00e1zquez\"},\"image\":{\"@id\":\"https:\/\/jamonesblazquez.com\/es\/#\/schema\/logo\/image\/\"},\"sameAs\":[\"https:\/\/www.facebook.com\/JamonBlazquez\/\",\"https:\/\/x.com\/jamonblazquez\",\"https:\/\/www.instagram.com\/jamonblazquez\/\",\"https:\/\/www.linkedin.com\/company\/10190869\/admin\/\"]}]}<\/script>\n<!-- \/ Yoast SEO plugin. -->","yoast_head_json":{"title":"Comprar Momento Velada - Jamones Bl\u00e1zquez","description":"Bl\u00e1zquez Velada regala este San Valent\u00edn una experiencia para los sentidos. Un pack gourmet con Jam\u00f3n, Chorizo y Salchich\u00f3n de Bellota Ib\u00e9ricos, creado para disfrutar.","robots":{"index":"index","follow":"follow","max-snippet":"max-snippet:-1","max-image-preview":"max-image-preview:large","max-video-preview":"max-video-preview:-1"},"canonical":"https:\/\/jamonesblazquez.com\/es\/Producto\/momento-blazquez-velada\/","og_locale":"es_ES","og_type":"article","og_title":"Comprar Momento Velada - Jamones Bl\u00e1zquez","og_description":"Bl\u00e1zquez Velada regala este San Valent\u00edn una experiencia para los sentidos. Un pack gourmet con Jam\u00f3n, Chorizo y Salchich\u00f3n de Bellota Ib\u00e9ricos, creado para disfrutar.","og_url":"https:\/\/jamonesblazquez.com\/es\/Producto\/momento-blazquez-velada\/","og_site_name":"Jamones Bl\u00e1zquez","article_publisher":"https:\/\/www.facebook.com\/JamonBlazquez\/","article_modified_time":"2026-03-19T09:33:40+00:00","og_image":[{"width":800,"height":800,"url":"https:\/\/jamonesblazquez.com\/wp-content\/uploads\/2025\/10\/Momento-Blazquez_-Amigos-4.jpg","type":"image\/jpeg"}],"twitter_card":"summary_large_image","twitter_site":"@jamonblazquez","twitter_misc":{"Tiempo de lectura":"2 minutos"},"schema":{"@context":"https:\/\/schema.org","@graph":[{"@type":["WebPage","ItemPage"],"@id":"https:\/\/jamonesblazquez.com\/es\/Producto\/momento-blazquez-velada\/","url":"https:\/\/jamonesblazquez.com\/es\/Producto\/momento-blazquez-velada\/","name":"Comprar Momento Velada - Jamones Bl\u00e1zquez","isPartOf":{"@id":"https:\/\/jamonesblazquez.com\/es\/#website"},"primaryImageOfPage":{"@id":"https:\/\/jamonesblazquez.com\/es\/Producto\/momento-blazquez-velada\/#primaryimage"},"image":{"@id":"https:\/\/jamonesblazquez.com\/es\/Producto\/momento-blazquez-velada\/#primaryimage"},"thumbnailUrl":"https:\/\/jamonesblazquez.com\/wp-content\/uploads\/2025\/10\/Momento-Blazquez_-Amigos-4.jpg","datePublished":"2025-10-24T12:01:55+00:00","dateModified":"2026-03-19T09:33:40+00:00","description":"Bl\u00e1zquez Velada regala este San Valent\u00edn una experiencia para los sentidos. Un pack gourmet con Jam\u00f3n, Chorizo y Salchich\u00f3n de Bellota Ib\u00e9ricos, creado para disfrutar.","breadcrumb":{"@id":"https:\/\/jamonesblazquez.com\/es\/Producto\/momento-blazquez-velada\/#breadcrumb"},"inLanguage":"es","potentialAction":[{"@type":"ReadAction","target":["https:\/\/jamonesblazquez.com\/es\/Producto\/momento-blazquez-velada\/"]}]},{"@type":"ImageObject","inLanguage":"es","@id":"https:\/\/jamonesblazquez.com\/es\/Producto\/momento-blazquez-velada\/#primaryimage","url":"https:\/\/jamonesblazquez.com\/wp-content\/uploads\/2025\/10\/Momento-Blazquez_-Amigos-4.jpg","contentUrl":"https:\/\/jamonesblazquez.com\/wp-content\/uploads\/2025\/10\/Momento-Blazquez_-Amigos-4.jpg","width":800,"height":800,"caption":"Momento Bl\u00e1zquez_ Amigos"},{"@type":"BreadcrumbList","@id":"https:\/\/jamonesblazquez.com\/es\/Producto\/momento-blazquez-velada\/#breadcrumb","itemListElement":[{"@type":"ListItem","position":1,"name":"Portada","item":"https:\/\/jamonesblazquez.com\/es\/"},{"@type":"ListItem","position":2,"name":"Tienda online","item":"https:\/\/jamonesblazquez.com\/es\/?page_id=1992"},{"@type":"ListItem","position":3,"name":"Momento Velada"}]},{"@type":"WebSite","@id":"https:\/\/jamonesblazquez.com\/es\/#website","url":"https:\/\/jamonesblazquez.com\/es\/","name":"Jamones Bl\u00e1zquez","description":"Obedece a la Tentaci\u00f3n!","publisher":{"@id":"https:\/\/jamonesblazquez.com\/es\/#organization"},"potentialAction":[{"@type":"SearchAction","target":{"@type":"EntryPoint","urlTemplate":"https:\/\/jamonesblazquez.com\/es\/?s={search_term_string}"},"query-input":{"@type":"PropertyValueSpecification","valueRequired":true,"valueName":"search_term_string"}}],"inLanguage":"es"},{"@type":"Organization","@id":"https:\/\/jamonesblazquez.com\/es\/#organization","name":"Jamones Bl\u00e1zquez","url":"https:\/\/jamonesblazquez.com\/es\/","logo":{"@type":"ImageObject","inLanguage":"es","@id":"https:\/\/jamonesblazquez.com\/es\/#\/schema\/logo\/image\/","url":"https:\/\/jamonesblazquez.com\/wp-content\/uploads\/2019\/02\/Logo_Blazquez.png","contentUrl":"https:\/\/jamonesblazquez.com\/wp-content\/uploads\/2019\/02\/Logo_Blazquez.png","width":500,"height":132,"caption":"Jamones Bl\u00e1zquez"},"image":{"@id":"https:\/\/jamonesblazquez.com\/es\/#\/schema\/logo\/image\/"},"sameAs":["https:\/\/www.facebook.com\/JamonBlazquez\/","https:\/\/x.com\/jamonblazquez","https:\/\/www.instagram.com\/jamonblazquez\/","https:\/\/www.linkedin.com\/company\/10190869\/admin\/"]}]}},"_links":{"self":[{"href":"https:\/\/jamonesblazquez.com\/es\/wp-json\/wp\/v2\/product\/10784","targetHints":{"allow":["GET"]}}],"collection":[{"href":"https:\/\/jamonesblazquez.com\/es\/wp-json\/wp\/v2\/product"}],"about":[{"href":"https:\/\/jamonesblazquez.com\/es\/wp-json\/wp\/v2\/types\/product"}],"wp:featuredmedia":[{"embeddable":true,"href":"https:\/\/jamonesblazquez.com\/es\/wp-json\/wp\/v2\/media\/10842"}],"wp:attachment":[{"href":"https:\/\/jamonesblazquez.com\/es\/wp-json\/wp\/v2\/media?parent=10784"}],"wp:term":[{"taxonomy":"product_brand","embeddable":true,"href":"https:\/\/jamonesblazquez.com\/es\/wp-json\/wp\/v2\/product_brand?post=10784"},{"taxonomy":"product_cat","embeddable":true,"href":"https:\/\/jamonesblazquez.com\/es\/wp-json\/wp\/v2\/product_cat?post=10784"},{"taxonomy":"product_tag","embeddable":true,"href":"https:\/\/jamonesblazquez.com\/es\/wp-json\/wp\/v2\/product_tag?post=10784"}],"curies":[{"name":"wp","href":"https:\/\/api.w.org\/{rel}","templated":true}]}}