{"id":10786,"date":"2025-10-24T14:13:48","date_gmt":"2025-10-24T12:13:48","guid":{"rendered":"https:\/\/jamonesblazquez.com\/?post_type=product&#038;p=10786"},"modified":"2025-11-12T09:29:34","modified_gmt":"2025-11-12T08:29:34","slug":"momento-blazquez-amigos-2","status":"publish","type":"product","link":"https:\/\/jamonesblazquez.com\/es\/Producto\/momento-blazquez-amigos-2\/","title":{"rendered":"Momento Bl\u00e1zquez: Amigos"},"content":{"rendered":"<div class=\"wpb-content-wrapper\"><p>[vc_row css_animation=\u00bb\u00bb row_type=\u00bbrow\u00bb use_row_as_full_screen_section=\u00bbno\u00bb type=\u00bbfull_width\u00bb angled_section=\u00bbno\u00bb text_align=\u00bbleft\u00bb background_image_as_pattern=\u00bbwithout_pattern\u00bb][vc_column][vc_column_text css=\u00bb\u00bb]<\/p>\n<p data-start=\"461\" data-end=\"673\">Hay momentos que se disfrutan mejor en buena compa\u00f1\u00eda. <strong data-start=\"516\" data-end=\"544\">Momento Bl\u00e1zquez: Amigos<\/strong> nace para esos instantes en los que el sabor se convierte en complicidad y la mesa en el mejor lugar para celebrar la amistad.<\/p>\n<p data-start=\"472\" data-end=\"529\">Este surtido re\u00fane piezas cuidadosamente seleccionadas:<\/p>\n<ul>\n<li data-start=\"533\" data-end=\"680\"><strong data-start=\"533\" data-end=\"574\">Loncheado de Jam\u00f3n de Bellota Ib\u00e9rico<\/strong>, la esencia de las dehesas: cada loncha, una expresi\u00f3n pura de tiempo, gen\u00e9tica y curaci\u00f3n tradicional.<\/li>\n<li data-start=\"683\" data-end=\"820\"><strong data-start=\"683\" data-end=\"701\">Fuet Agapito\u2019s<\/strong>, elaborado seg\u00fan m\u00e9todos tradicionales con especias que realzan su car\u00e1cter \u00fanico.<\/li>\n<li data-start=\"823\" data-end=\"957\"><strong data-start=\"823\" data-end=\"852\">Morc\u00f3n de Bellota Ib\u00e9rico<\/strong>, una pieza con identidad y profundidad, fruto de un proceso artesanal que conserva su esencia ib\u00e9rica.<\/li>\n<li data-start=\"823\" data-end=\"957\"><strong data-start=\"960\" data-end=\"1000\">Lomito de Bellota Ib\u00e9rico Admiraci\u00f3n<\/strong>, cuya infiltraci\u00f3n y textura reflejan el compromiso con la alta gastronom\u00eda.<\/li>\n<\/ul>\n<p data-start=\"675\" data-end=\"964\"><span class=\"a_GcMg font-feature-liga-off font-feature-clig-off font-feature-calt-off text-decoration-none text-strikethrough-none\">Bl\u00e1zquez Friends es mucho m\u00e1s que una selecci\u00f3n gourmet: es un c\u00f3mplice ideal para esos momentos donde la amistad se celebra alrededor de la mesa. Perfecto para compartir risas, confidencias y brindis, transformando cualquier reuni\u00f3n en una experiencia inolvidable.<\/span><\/p>\n<p class=\"cvGsUA direction-ltr align-start para-style-body\"><span class=\"a_GcMg font-feature-liga-off font-feature-clig-off font-feature-calt-off text-decoration-none text-strikethrough-none\">Desde 1932, la familia Bl\u00e1zquez cultiva un legado de excelencia y admiraci\u00f3n en cada producto, y hoy ese legado se comparte con quienes m\u00e1s queremos. Porque la amistad se nutre de instantes aut\u00e9nticos, y no hay mejor manera de celebrarlos que con la excelencia ib\u00e9rica de Bl\u00e1zquez.<\/span><\/p>\n<p class=\"cvGsUA direction-ltr align-start para-style-body\"><strong><span class=\"a_GcMg font-feature-liga-off font-feature-clig-off font-feature-calt-off text-decoration-none text-strikethrough-none\">Bl\u00e1zquez Friends: el sabor que une.<\/span><\/strong><\/p>\n<p>[\/vc_column_text][\/vc_column][\/vc_row][vc_row css_animation=\u00bb\u00bb row_type=\u00bbrow\u00bb use_row_as_full_screen_section=\u00bbno\u00bb type=\u00bbfull_width\u00bb angled_section=\u00bbno\u00bb text_align=\u00bbleft\u00bb background_image_as_pattern=\u00bbwithout_pattern\u00bb][vc_column]<div class=\"qode-accordion-holder clearfix qode-toggle qode-initial \">\n\t<h4 class=\"clearfix qode-title-holder\">\n<span class=\"qode-tab-title\">\n\t\t\t<span class=\"qode-tab-title-icon\">\n\t\t\t<i class=\"qode_icon_font_awesome fa fa-info-circle \" ><\/i>\t\t<\/span>\n\t    <span class=\"qode-tab-title-inner\">\n        Loncheado de jam\u00f3n de bellota ib\u00e9rico 50% raza ib\u00e9rica \u2013 cortado a cuchillo (f\u00e1cil emplatado)    <\/span>\n<\/span>\n<span class=\"qode-accordion-mark\">\n    <span class=\"qode-accordion-mark-icon\">\n        <span class=\"icon_plus\"><\/span>\n        <span class=\"icon_minus-06\"><\/span>\n    <\/span>\n<\/span>\n<\/h4>\n<div  class=\"qode-accordion-content qode-acc-title-with-icon\" >\n    <div class=\"qode-accordion-content-inner\">\n        [vc_column_text css=\u00bb\u00bb]<\/p>\n<h3>INGREDIENTES<\/h3>\n<p>Jam\u00f3n de cerdo, sal<\/p>\n<h3>VALORES NUTRICIONALES (en 100g)<\/h3>\n<p>Valor energ\u00e9tico: 1480 KJ\/ 356 Kcal<br \/>\nGrasas (g): 25,2<br \/>\n\u2013 De las cuales saturadas (g): 8,08<br \/>\nHidratos de carbono (g): 1<br \/>\n\u2013 De los cuales az\u00facares: (g): &lt;0,5<br \/>\nProte\u00ednas (g): 32,2<br \/>\nSal (g): 4,5[\/vc_column_text]    <\/div>\n<\/div><h4 class=\"clearfix qode-title-holder\">\n<span class=\"qode-tab-title\">\n\t\t\t<span class=\"qode-tab-title-icon\">\n\t\t\t<i class=\"qode_icon_font_awesome fa fa-info-circle \" ><\/i>\t\t<\/span>\n\t    <span class=\"qode-tab-title-inner\">\n        Lomito de Bellota Ib\u00e9rico Admiraci\u00f3n    <\/span>\n<\/span>\n<span class=\"qode-accordion-mark\">\n    <span class=\"qode-accordion-mark-icon\">\n        <span class=\"icon_plus\"><\/span>\n        <span class=\"icon_minus-06\"><\/span>\n    <\/span>\n<\/span>\n<\/h4>\n<div  class=\"qode-accordion-content qode-acc-title-with-icon\" >\n    <div class=\"qode-accordion-content-inner\">\n        [vc_column_text css=\u00bb\u00bb]<\/p>\n<h3>INGREDIENTES<\/h3>\n<p>Presa de cerdo, sal, piment\u00f3n, dextrosa, az\u00facar, especias, conservantes (E-250 y E-252) y antioxidante (E-301).\u2019 + CHAR(13) + CHAR(10) + \u2018Envoltura artificial no comestible.<\/p>\n<h3>VALORES NUTRICIONALES (en 100g)<\/h3>\n<p>Valor energ\u00e9tico 1649 kJ \/ 394 Kcal,<\/p>\n<p>Prote\u00edna 26 g,<\/p>\n<p>Sal 4,1 g.<\/p>\n<ul>\n<li>Cantidad de grasa 32 g (de los cuales \u00e1cidos grasos saturados 13 g)<\/li>\n<li>Hidratos de carbono 0,6 g (de los cuales az\u00facares 0 g)<\/li>\n<\/ul>\n<p>[\/vc_column_text]    <\/div>\n<\/div><h4 class=\"clearfix qode-title-holder\">\n<span class=\"qode-tab-title\">\n\t\t\t<span class=\"qode-tab-title-icon\">\n\t\t\t<i class=\"qode_icon_font_awesome fa fa-info-circle \" ><\/i>\t\t<\/span>\n\t    <span class=\"qode-tab-title-inner\">\n        Morc\u00f3n de Bellota Ib\u00e9rico Admiraci\u00f3n    <\/span>\n<\/span>\n<span class=\"qode-accordion-mark\">\n    <span class=\"qode-accordion-mark-icon\">\n        <span class=\"icon_plus\"><\/span>\n        <span class=\"icon_minus-06\"><\/span>\n    <\/span>\n<\/span>\n<\/h4>\n<div  class=\"qode-accordion-content qode-acc-title-with-icon\" >\n    <div class=\"qode-accordion-content-inner\">\n        [vc_column_text css=\u00bb\u00bb]<\/p>\n<h3>INGREDIENTES<\/h3>\n<p>Carne y grasa de cerdo, sal, piment\u00f3n, dextrosa, aceite de oliva virgen extra, dextrina, especias, conservantes (E-250 y E-252), corrector de acidez (E-331 iii) y antioxidante (E-301). Tripa natural de cerdo.<\/p>\n<h3>VALORES NUTRICIONALES (en 100g)<\/h3>\n<p>Valor energ\u00e9tico 1844 kJ \/ 443 Kcal,<\/p>\n<p>Prote\u00edna 28 g,<\/p>\n<p>Sal 3,9 g.<\/p>\n<ul>\n<li>Cantidad de grasa 35 g (de los cuales \u00e1cidos grasos saturados 13 g)<\/li>\n<li>Hidratos de carbono 2,5 g (de los cuales az\u00facares 1,2 g)<\/li>\n<\/ul>\n<p>[\/vc_column_text]    <\/div>\n<\/div><h4 class=\"clearfix qode-title-holder\">\n<span class=\"qode-tab-title\">\n\t\t\t<span class=\"qode-tab-title-icon\">\n\t\t\t<i class=\"qode_icon_font_awesome fa fa-info-circle \" ><\/i>\t\t<\/span>\n\t    <span class=\"qode-tab-title-inner\">\n        Agapito\u00b4s (Fuet Ib\u00e9rico)    <\/span>\n<\/span>\n<span class=\"qode-accordion-mark\">\n    <span class=\"qode-accordion-mark-icon\">\n        <span class=\"icon_plus\"><\/span>\n        <span class=\"icon_minus-06\"><\/span>\n    <\/span>\n<\/span>\n<\/h4>\n<div  class=\"qode-accordion-content qode-acc-title-with-icon\" >\n    <div class=\"qode-accordion-content-inner\">\n        [vc_column_text]<\/p>\n<h3>INGREDIENTES<\/h3>\n<p>Carne de cerdo ib\u00e9rico, sal, <span class=\"alergenos\">lactosa<\/span>, dextrosa, <span class=\"alergenos\">prote\u00edna de leche<\/span>, <span class=\"alergenos\">leche desnatada en polvo<\/span>, especias, conservadores (E-250 y E-252) y corrector de acidez (E-331iii).<\/p>\n<h3>VALORES NUTRICIONALES (en 100g)<\/h3>\n<p>Valor energ\u00e9tico: 429 kcal \/ 2041kJ<br \/>\nProte\u00ednas (g): 30,1<br \/>\nHidratos de carbono (g): &lt;1,8<br \/>\n&#8211; De los cuales az\u00facares: (g): &lt;0,9<br \/>\nGrasas (g): 40,5<br \/>\n&#8211; De las cuales saturadas (g): 17,12<br \/>\nSal (g): 2,5[\/vc_column_text]    <\/div>\n<\/div><\/div>[\/vc_column][\/vc_row]<\/p>\n<\/div>","protected":false},"excerpt":{"rendered":"<p>Celebra la amistad con <strong data-start=\"400\" data-end=\"428\">Momento Bl\u00e1zquez: Amigos<\/strong>, sabores que despiertan la conversaci\u00f3n y celebran el arte de compartir. Descubre el pack que convierte cualquier momento en algo inolvidable.<\/p>\n","protected":false},"featured_media":10853,"template":"","meta":[],"product_brand":[],"product_cat":[687],"product_tag":[],"class_list":{"0":"post-10786","1":"product","2":"type-product","3":"status-publish","4":"has-post-thumbnail","6":"product_cat-en-caja-tus-blazquez","8":"first","9":"instock","10":"taxable","11":"shipping-taxable","12":"product-type-simple"},"yoast_head":"<!-- This site is optimized with the Yoast SEO plugin v27.1.1 - https:\/\/yoast.com\/product\/yoast-seo-wordpress\/ -->\n<title>Comprar Momento Bl\u00e1zquez: Amigos Suertido de ib\u00e9ricos - Jamones Bl\u00e1zquez<\/title>\n<meta name=\"description\" content=\"Celebra la amistad con Momento Bl\u00e1zquez: Amigos, sabores que despiertan la conversaci\u00f3n y celebran el arte de compartir. Descubre el pack que convierte cualquier momento en algo inolvidable.\" \/>\n<meta name=\"robots\" content=\"index, follow, max-snippet:-1, max-image-preview:large, max-video-preview:-1\" \/>\n<link rel=\"canonical\" href=\"https:\/\/jamonesblazquez.com\/es\/Producto\/momento-blazquez-amigos-2\/\" \/>\n<meta property=\"og:locale\" content=\"es_ES\" \/>\n<meta property=\"og:type\" content=\"article\" \/>\n<meta property=\"og:title\" content=\"Comprar Momento Bl\u00e1zquez: Amigos Suertido de ib\u00e9ricos - Jamones Bl\u00e1zquez\" \/>\n<meta property=\"og:description\" content=\"Celebra la amistad con Momento Bl\u00e1zquez: Amigos, sabores que despiertan la conversaci\u00f3n y celebran el arte de compartir. Descubre el pack que convierte cualquier momento en algo inolvidable.\" \/>\n<meta property=\"og:url\" content=\"https:\/\/jamonesblazquez.com\/es\/Producto\/momento-blazquez-amigos-2\/\" \/>\n<meta property=\"og:site_name\" content=\"Jamones Bl\u00e1zquez\" \/>\n<meta property=\"article:publisher\" content=\"https:\/\/www.facebook.com\/JamonBlazquez\/\" \/>\n<meta property=\"article:modified_time\" content=\"2025-11-12T08:29:34+00:00\" \/>\n<meta property=\"og:image\" content=\"https:\/\/jamonesblazquez.com\/wp-content\/uploads\/2025\/10\/Momento-Blazquez_-Velada-3.jpg\" \/>\n\t<meta property=\"og:image:width\" content=\"800\" \/>\n\t<meta property=\"og:image:height\" content=\"800\" \/>\n\t<meta property=\"og:image:type\" content=\"image\/jpeg\" \/>\n<meta name=\"twitter:card\" content=\"summary_large_image\" \/>\n<meta name=\"twitter:site\" content=\"@jamonblazquez\" \/>\n<meta name=\"twitter:label1\" content=\"Tiempo de lectura\" \/>\n\t<meta name=\"twitter:data1\" content=\"3 minutos\" \/>\n<script type=\"application\/ld+json\" class=\"yoast-schema-graph\">{\"@context\":\"https:\/\/schema.org\",\"@graph\":[{\"@type\":[\"WebPage\",\"ItemPage\"],\"@id\":\"https:\/\/jamonesblazquez.com\/es\/Producto\/momento-blazquez-amigos-2\/\",\"url\":\"https:\/\/jamonesblazquez.com\/es\/Producto\/momento-blazquez-amigos-2\/\",\"name\":\"Comprar Momento Bl\u00e1zquez: Amigos Suertido de ib\u00e9ricos - Jamones Bl\u00e1zquez\",\"isPartOf\":{\"@id\":\"https:\/\/jamonesblazquez.com\/es\/#website\"},\"primaryImageOfPage\":{\"@id\":\"https:\/\/jamonesblazquez.com\/es\/Producto\/momento-blazquez-amigos-2\/#primaryimage\"},\"image\":{\"@id\":\"https:\/\/jamonesblazquez.com\/es\/Producto\/momento-blazquez-amigos-2\/#primaryimage\"},\"thumbnailUrl\":\"https:\/\/jamonesblazquez.com\/wp-content\/uploads\/2025\/10\/Momento-Blazquez_-Velada-3.jpg\",\"datePublished\":\"2025-10-24T12:13:48+00:00\",\"dateModified\":\"2025-11-12T08:29:34+00:00\",\"description\":\"Celebra la amistad con Momento Bl\u00e1zquez: Amigos, sabores que despiertan la conversaci\u00f3n y celebran el arte de compartir. Descubre el pack que convierte cualquier momento en algo inolvidable.\",\"breadcrumb\":{\"@id\":\"https:\/\/jamonesblazquez.com\/es\/Producto\/momento-blazquez-amigos-2\/#breadcrumb\"},\"inLanguage\":\"es\",\"potentialAction\":[{\"@type\":\"ReadAction\",\"target\":[\"https:\/\/jamonesblazquez.com\/es\/Producto\/momento-blazquez-amigos-2\/\"]}]},{\"@type\":\"ImageObject\",\"inLanguage\":\"es\",\"@id\":\"https:\/\/jamonesblazquez.com\/es\/Producto\/momento-blazquez-amigos-2\/#primaryimage\",\"url\":\"https:\/\/jamonesblazquez.com\/wp-content\/uploads\/2025\/10\/Momento-Blazquez_-Velada-3.jpg\",\"contentUrl\":\"https:\/\/jamonesblazquez.com\/wp-content\/uploads\/2025\/10\/Momento-Blazquez_-Velada-3.jpg\",\"width\":800,\"height\":800},{\"@type\":\"BreadcrumbList\",\"@id\":\"https:\/\/jamonesblazquez.com\/es\/Producto\/momento-blazquez-amigos-2\/#breadcrumb\",\"itemListElement\":[{\"@type\":\"ListItem\",\"position\":1,\"name\":\"Portada\",\"item\":\"https:\/\/jamonesblazquez.com\/es\/\"},{\"@type\":\"ListItem\",\"position\":2,\"name\":\"Tienda online\",\"item\":\"https:\/\/jamonesblazquez.com\/es\/?page_id=1992\"},{\"@type\":\"ListItem\",\"position\":3,\"name\":\"Momento Bl\u00e1zquez: Amigos\"}]},{\"@type\":\"WebSite\",\"@id\":\"https:\/\/jamonesblazquez.com\/es\/#website\",\"url\":\"https:\/\/jamonesblazquez.com\/es\/\",\"name\":\"Jamones Bl\u00e1zquez\",\"description\":\"Obedece a la Tentaci\u00f3n!\",\"publisher\":{\"@id\":\"https:\/\/jamonesblazquez.com\/es\/#organization\"},\"potentialAction\":[{\"@type\":\"SearchAction\",\"target\":{\"@type\":\"EntryPoint\",\"urlTemplate\":\"https:\/\/jamonesblazquez.com\/es\/?s={search_term_string}\"},\"query-input\":{\"@type\":\"PropertyValueSpecification\",\"valueRequired\":true,\"valueName\":\"search_term_string\"}}],\"inLanguage\":\"es\"},{\"@type\":\"Organization\",\"@id\":\"https:\/\/jamonesblazquez.com\/es\/#organization\",\"name\":\"Jamones Bl\u00e1zquez\",\"url\":\"https:\/\/jamonesblazquez.com\/es\/\",\"logo\":{\"@type\":\"ImageObject\",\"inLanguage\":\"es\",\"@id\":\"https:\/\/jamonesblazquez.com\/es\/#\/schema\/logo\/image\/\",\"url\":\"https:\/\/jamonesblazquez.com\/wp-content\/uploads\/2019\/02\/Logo_Blazquez.png\",\"contentUrl\":\"https:\/\/jamonesblazquez.com\/wp-content\/uploads\/2019\/02\/Logo_Blazquez.png\",\"width\":500,\"height\":132,\"caption\":\"Jamones Bl\u00e1zquez\"},\"image\":{\"@id\":\"https:\/\/jamonesblazquez.com\/es\/#\/schema\/logo\/image\/\"},\"sameAs\":[\"https:\/\/www.facebook.com\/JamonBlazquez\/\",\"https:\/\/x.com\/jamonblazquez\",\"https:\/\/www.instagram.com\/jamonblazquez\/\",\"https:\/\/www.linkedin.com\/company\/10190869\/admin\/\"]}]}<\/script>\n<!-- \/ Yoast SEO plugin. -->","yoast_head_json":{"title":"Comprar Momento Bl\u00e1zquez: Amigos Suertido de ib\u00e9ricos - Jamones Bl\u00e1zquez","description":"Celebra la amistad con Momento Bl\u00e1zquez: Amigos, sabores que despiertan la conversaci\u00f3n y celebran el arte de compartir. Descubre el pack que convierte cualquier momento en algo inolvidable.","robots":{"index":"index","follow":"follow","max-snippet":"max-snippet:-1","max-image-preview":"max-image-preview:large","max-video-preview":"max-video-preview:-1"},"canonical":"https:\/\/jamonesblazquez.com\/es\/Producto\/momento-blazquez-amigos-2\/","og_locale":"es_ES","og_type":"article","og_title":"Comprar Momento Bl\u00e1zquez: Amigos Suertido de ib\u00e9ricos - Jamones Bl\u00e1zquez","og_description":"Celebra la amistad con Momento Bl\u00e1zquez: Amigos, sabores que despiertan la conversaci\u00f3n y celebran el arte de compartir. Descubre el pack que convierte cualquier momento en algo inolvidable.","og_url":"https:\/\/jamonesblazquez.com\/es\/Producto\/momento-blazquez-amigos-2\/","og_site_name":"Jamones Bl\u00e1zquez","article_publisher":"https:\/\/www.facebook.com\/JamonBlazquez\/","article_modified_time":"2025-11-12T08:29:34+00:00","og_image":[{"width":800,"height":800,"url":"https:\/\/jamonesblazquez.com\/wp-content\/uploads\/2025\/10\/Momento-Blazquez_-Velada-3.jpg","type":"image\/jpeg"}],"twitter_card":"summary_large_image","twitter_site":"@jamonblazquez","twitter_misc":{"Tiempo de lectura":"3 minutos"},"schema":{"@context":"https:\/\/schema.org","@graph":[{"@type":["WebPage","ItemPage"],"@id":"https:\/\/jamonesblazquez.com\/es\/Producto\/momento-blazquez-amigos-2\/","url":"https:\/\/jamonesblazquez.com\/es\/Producto\/momento-blazquez-amigos-2\/","name":"Comprar Momento Bl\u00e1zquez: Amigos Suertido de ib\u00e9ricos - Jamones Bl\u00e1zquez","isPartOf":{"@id":"https:\/\/jamonesblazquez.com\/es\/#website"},"primaryImageOfPage":{"@id":"https:\/\/jamonesblazquez.com\/es\/Producto\/momento-blazquez-amigos-2\/#primaryimage"},"image":{"@id":"https:\/\/jamonesblazquez.com\/es\/Producto\/momento-blazquez-amigos-2\/#primaryimage"},"thumbnailUrl":"https:\/\/jamonesblazquez.com\/wp-content\/uploads\/2025\/10\/Momento-Blazquez_-Velada-3.jpg","datePublished":"2025-10-24T12:13:48+00:00","dateModified":"2025-11-12T08:29:34+00:00","description":"Celebra la amistad con Momento Bl\u00e1zquez: Amigos, sabores que despiertan la conversaci\u00f3n y celebran el arte de compartir. Descubre el pack que convierte cualquier momento en algo inolvidable.","breadcrumb":{"@id":"https:\/\/jamonesblazquez.com\/es\/Producto\/momento-blazquez-amigos-2\/#breadcrumb"},"inLanguage":"es","potentialAction":[{"@type":"ReadAction","target":["https:\/\/jamonesblazquez.com\/es\/Producto\/momento-blazquez-amigos-2\/"]}]},{"@type":"ImageObject","inLanguage":"es","@id":"https:\/\/jamonesblazquez.com\/es\/Producto\/momento-blazquez-amigos-2\/#primaryimage","url":"https:\/\/jamonesblazquez.com\/wp-content\/uploads\/2025\/10\/Momento-Blazquez_-Velada-3.jpg","contentUrl":"https:\/\/jamonesblazquez.com\/wp-content\/uploads\/2025\/10\/Momento-Blazquez_-Velada-3.jpg","width":800,"height":800},{"@type":"BreadcrumbList","@id":"https:\/\/jamonesblazquez.com\/es\/Producto\/momento-blazquez-amigos-2\/#breadcrumb","itemListElement":[{"@type":"ListItem","position":1,"name":"Portada","item":"https:\/\/jamonesblazquez.com\/es\/"},{"@type":"ListItem","position":2,"name":"Tienda online","item":"https:\/\/jamonesblazquez.com\/es\/?page_id=1992"},{"@type":"ListItem","position":3,"name":"Momento Bl\u00e1zquez: Amigos"}]},{"@type":"WebSite","@id":"https:\/\/jamonesblazquez.com\/es\/#website","url":"https:\/\/jamonesblazquez.com\/es\/","name":"Jamones Bl\u00e1zquez","description":"Obedece a la Tentaci\u00f3n!","publisher":{"@id":"https:\/\/jamonesblazquez.com\/es\/#organization"},"potentialAction":[{"@type":"SearchAction","target":{"@type":"EntryPoint","urlTemplate":"https:\/\/jamonesblazquez.com\/es\/?s={search_term_string}"},"query-input":{"@type":"PropertyValueSpecification","valueRequired":true,"valueName":"search_term_string"}}],"inLanguage":"es"},{"@type":"Organization","@id":"https:\/\/jamonesblazquez.com\/es\/#organization","name":"Jamones Bl\u00e1zquez","url":"https:\/\/jamonesblazquez.com\/es\/","logo":{"@type":"ImageObject","inLanguage":"es","@id":"https:\/\/jamonesblazquez.com\/es\/#\/schema\/logo\/image\/","url":"https:\/\/jamonesblazquez.com\/wp-content\/uploads\/2019\/02\/Logo_Blazquez.png","contentUrl":"https:\/\/jamonesblazquez.com\/wp-content\/uploads\/2019\/02\/Logo_Blazquez.png","width":500,"height":132,"caption":"Jamones Bl\u00e1zquez"},"image":{"@id":"https:\/\/jamonesblazquez.com\/es\/#\/schema\/logo\/image\/"},"sameAs":["https:\/\/www.facebook.com\/JamonBlazquez\/","https:\/\/x.com\/jamonblazquez","https:\/\/www.instagram.com\/jamonblazquez\/","https:\/\/www.linkedin.com\/company\/10190869\/admin\/"]}]}},"_links":{"self":[{"href":"https:\/\/jamonesblazquez.com\/es\/wp-json\/wp\/v2\/product\/10786","targetHints":{"allow":["GET"]}}],"collection":[{"href":"https:\/\/jamonesblazquez.com\/es\/wp-json\/wp\/v2\/product"}],"about":[{"href":"https:\/\/jamonesblazquez.com\/es\/wp-json\/wp\/v2\/types\/product"}],"wp:featuredmedia":[{"embeddable":true,"href":"https:\/\/jamonesblazquez.com\/es\/wp-json\/wp\/v2\/media\/10853"}],"wp:attachment":[{"href":"https:\/\/jamonesblazquez.com\/es\/wp-json\/wp\/v2\/media?parent=10786"}],"wp:term":[{"taxonomy":"product_brand","embeddable":true,"href":"https:\/\/jamonesblazquez.com\/es\/wp-json\/wp\/v2\/product_brand?post=10786"},{"taxonomy":"product_cat","embeddable":true,"href":"https:\/\/jamonesblazquez.com\/es\/wp-json\/wp\/v2\/product_cat?post=10786"},{"taxonomy":"product_tag","embeddable":true,"href":"https:\/\/jamonesblazquez.com\/es\/wp-json\/wp\/v2\/product_tag?post=10786"}],"curies":[{"name":"wp","href":"https:\/\/api.w.org\/{rel}","templated":true}]}}