{"id":11036,"date":"2025-11-13T08:53:51","date_gmt":"2025-11-13T07:53:51","guid":{"rendered":"https:\/\/jamonesblazquez.com\/?post_type=product&#038;p=11036"},"modified":"2025-12-16T14:33:24","modified_gmt":"2025-12-16T13:33:24","slug":"la-iconica-veta-blazquez-por-nuria-blanco","status":"publish","type":"product","link":"https:\/\/jamonesblazquez.com\/es\/Producto\/la-iconica-veta-blazquez-por-nuria-blanco\/","title":{"rendered":"La Ic\u00f3nica Veta Bl\u00e1zquez por Nuria Blanco"},"content":{"rendered":"<div class=\"wpb-content-wrapper\"><p>[vc_row css_animation=\u00bb\u00bb row_type=\u00bbrow\u00bb use_row_as_full_screen_section=\u00bbno\u00bb type=\u00bbfull_width\u00bb angled_section=\u00bbno\u00bb text_align=\u00bbleft\u00bb background_image_as_pattern=\u00bbwithout_pattern\u00bb][\/vc_row][vc_column][\/vc_column][vc_column_text css=\u00bb\u00bb]<\/p>\n<p data-start=\"120\" data-end=\"222\">Este exclusivo set une la maestr\u00eda jamonera de Bl\u00e1zquez con la sensibilidad art\u00edstica de Nuria Blanco.<\/p>\n<p data-start=\"120\" data-end=\"222\">El pack incluye:<\/p>\n<p data-start=\"251\" data-end=\"467\"><strong data-start=\"251\" data-end=\"308\">Dos loncheados de 50 g de Jam\u00f3n de Bellota Admiraci\u00f3n<\/strong>, cortados a mano y envasados en atm\u00f3sfera protectora para conservar su textura, aroma y sabor. Las lonchas se separan f\u00e1cilmente y est\u00e1n listas para servir.<\/p>\n<p data-start=\"470\" data-end=\"730\"><strong data-start=\"470\" data-end=\"504\">Un plato de cer\u00e1mica artesanal<\/strong>, amasado y pintado a mano por la artista <strong><em>\u00abNuria Blanco\u00bb<\/em><\/strong> dentro de la colecci\u00f3n <strong><em data-start=\"569\" data-end=\"598\">La Ic\u00f3nica Veta de Bl\u00e1zquez<\/em>.<\/strong><\/p>\n<p data-start=\"732\" data-end=\"989\">Inspirada en la veta que la familia Bl\u00e1zquez comenz\u00f3 a trazar en 1932, esta vajilla representa historia, tiempo y admiraci\u00f3n por el oficio ib\u00e9rico. Cada plato puede mostrar ligeras variaciones o peque\u00f1as imperfecciones propias de su elaboraci\u00f3n 100% manual.<\/p>\n<p data-start=\"991\" data-end=\"1137\">La pieza est\u00e1 esmaltada, horneada a 1050\u00ba y es apta para uso alimentario. Puede lavarse en lavavajillas con programas cortos y a baja temperatura.<\/p>\n<p data-start=\"1139\" data-end=\"1291\">Un set pensado para regalar o disfrutar, donde la tradici\u00f3n gastron\u00f3mica y el arte contempor\u00e1neo se unen para crear una experiencia gourmet excepcional.<\/p>\n<p><em data-start=\"604\" data-end=\"730\">* (Existen tres dise\u00f1os de plato distintos y el env\u00edo se realiza de forma aleatoria, garantizando siempre una pieza \u00fanica e irrepetible.)<\/em>[\/vc_column_text]<\/p>\n<\/div>","protected":false},"excerpt":{"rendered":"<p>Un jam\u00f3n que refleja artesan\u00eda en cada loncha y cada veta, acompa\u00f1ado de un plato de cer\u00e1mica elaborado a mano y pintado a pincel. Un conjunto totalmente artesanal donde cada detalle cuenta.<\/p>\n<p>&nbsp;<\/p>\n","protected":false},"featured_media":11250,"template":"","meta":[],"product_brand":[],"product_cat":[687,672],"product_tag":[],"class_list":{"0":"post-11036","1":"product","2":"type-product","3":"status-publish","4":"has-post-thumbnail","6":"product_cat-en-caja-tus-blazquez","7":"product_cat-jamones","9":"first","10":"instock","11":"taxable","12":"shipping-taxable","13":"product-type-simple"},"yoast_head":"<!-- This site is optimized with the Yoast SEO plugin v27.1.1 - https:\/\/yoast.com\/product\/yoast-seo-wordpress\/ -->\n<title>Comprar La Ic\u00f3nica Veta Bl\u00e1zquez por Nuria Blanco - Jamones Bl\u00e1zquez<\/title>\n<meta name=\"description\" content=\"Un jam\u00f3n que refleja artesan\u00eda en cada loncha y cada veta, acompa\u00f1ado de un plato de cer\u00e1mica elaborado a mano y pintado a pincel. Un conjunto totalmente artesanal donde cada detalle cuenta.  &nbsp;\" \/>\n<meta name=\"robots\" content=\"index, follow, max-snippet:-1, max-image-preview:large, max-video-preview:-1\" \/>\n<link rel=\"canonical\" href=\"https:\/\/jamonesblazquez.com\/es\/Producto\/la-iconica-veta-blazquez-por-nuria-blanco\/\" \/>\n<meta property=\"og:locale\" content=\"es_ES\" \/>\n<meta property=\"og:type\" content=\"article\" \/>\n<meta property=\"og:title\" content=\"Comprar La Ic\u00f3nica Veta Bl\u00e1zquez por Nuria Blanco - Jamones Bl\u00e1zquez\" \/>\n<meta property=\"og:description\" content=\"Un jam\u00f3n que refleja artesan\u00eda en cada loncha y cada veta, acompa\u00f1ado de un plato de cer\u00e1mica elaborado a mano y pintado a pincel. Un conjunto totalmente artesanal donde cada detalle cuenta.  &nbsp;\" \/>\n<meta property=\"og:url\" content=\"https:\/\/jamonesblazquez.com\/es\/Producto\/la-iconica-veta-blazquez-por-nuria-blanco\/\" \/>\n<meta property=\"og:site_name\" content=\"Jamones Bl\u00e1zquez\" \/>\n<meta property=\"article:publisher\" content=\"https:\/\/www.facebook.com\/JamonBlazquez\/\" \/>\n<meta property=\"article:modified_time\" content=\"2025-12-16T13:33:24+00:00\" \/>\n<meta property=\"og:image\" content=\"https:\/\/jamonesblazquez.com\/wp-content\/uploads\/2025\/11\/IMAGENES-TIENDA-ONLINE-7.png\" \/>\n\t<meta property=\"og:image:width\" content=\"800\" \/>\n\t<meta property=\"og:image:height\" content=\"800\" \/>\n\t<meta property=\"og:image:type\" content=\"image\/png\" \/>\n<meta name=\"twitter:card\" content=\"summary_large_image\" \/>\n<meta name=\"twitter:site\" content=\"@jamonblazquez\" \/>\n<meta name=\"twitter:label1\" content=\"Tiempo de lectura\" \/>\n\t<meta name=\"twitter:data1\" content=\"2 minutos\" \/>\n<script type=\"application\/ld+json\" class=\"yoast-schema-graph\">{\"@context\":\"https:\/\/schema.org\",\"@graph\":[{\"@type\":[\"WebPage\",\"ItemPage\"],\"@id\":\"https:\/\/jamonesblazquez.com\/es\/Producto\/la-iconica-veta-blazquez-por-nuria-blanco\/\",\"url\":\"https:\/\/jamonesblazquez.com\/es\/Producto\/la-iconica-veta-blazquez-por-nuria-blanco\/\",\"name\":\"Comprar La Ic\u00f3nica Veta Bl\u00e1zquez por Nuria Blanco - Jamones Bl\u00e1zquez\",\"isPartOf\":{\"@id\":\"https:\/\/jamonesblazquez.com\/es\/#website\"},\"primaryImageOfPage\":{\"@id\":\"https:\/\/jamonesblazquez.com\/es\/Producto\/la-iconica-veta-blazquez-por-nuria-blanco\/#primaryimage\"},\"image\":{\"@id\":\"https:\/\/jamonesblazquez.com\/es\/Producto\/la-iconica-veta-blazquez-por-nuria-blanco\/#primaryimage\"},\"thumbnailUrl\":\"https:\/\/jamonesblazquez.com\/wp-content\/uploads\/2025\/11\/IMAGENES-TIENDA-ONLINE-7.png\",\"datePublished\":\"2025-11-13T07:53:51+00:00\",\"dateModified\":\"2025-12-16T13:33:24+00:00\",\"description\":\"Un jam\u00f3n que refleja artesan\u00eda en cada loncha y cada veta, acompa\u00f1ado de un plato de cer\u00e1mica elaborado a mano y pintado a pincel. Un conjunto totalmente artesanal donde cada detalle cuenta. &nbsp;\",\"breadcrumb\":{\"@id\":\"https:\/\/jamonesblazquez.com\/es\/Producto\/la-iconica-veta-blazquez-por-nuria-blanco\/#breadcrumb\"},\"inLanguage\":\"es\",\"potentialAction\":[{\"@type\":\"ReadAction\",\"target\":[\"https:\/\/jamonesblazquez.com\/es\/Producto\/la-iconica-veta-blazquez-por-nuria-blanco\/\"]}]},{\"@type\":\"ImageObject\",\"inLanguage\":\"es\",\"@id\":\"https:\/\/jamonesblazquez.com\/es\/Producto\/la-iconica-veta-blazquez-por-nuria-blanco\/#primaryimage\",\"url\":\"https:\/\/jamonesblazquez.com\/wp-content\/uploads\/2025\/11\/IMAGENES-TIENDA-ONLINE-7.png\",\"contentUrl\":\"https:\/\/jamonesblazquez.com\/wp-content\/uploads\/2025\/11\/IMAGENES-TIENDA-ONLINE-7.png\",\"width\":800,\"height\":800},{\"@type\":\"BreadcrumbList\",\"@id\":\"https:\/\/jamonesblazquez.com\/es\/Producto\/la-iconica-veta-blazquez-por-nuria-blanco\/#breadcrumb\",\"itemListElement\":[{\"@type\":\"ListItem\",\"position\":1,\"name\":\"Portada\",\"item\":\"https:\/\/jamonesblazquez.com\/es\/\"},{\"@type\":\"ListItem\",\"position\":2,\"name\":\"Tienda online\",\"item\":\"https:\/\/jamonesblazquez.com\/es\/?page_id=1992\"},{\"@type\":\"ListItem\",\"position\":3,\"name\":\"La Ic\u00f3nica Veta Bl\u00e1zquez por Nuria Blanco\"}]},{\"@type\":\"WebSite\",\"@id\":\"https:\/\/jamonesblazquez.com\/es\/#website\",\"url\":\"https:\/\/jamonesblazquez.com\/es\/\",\"name\":\"Jamones Bl\u00e1zquez\",\"description\":\"Obedece a la Tentaci\u00f3n!\",\"publisher\":{\"@id\":\"https:\/\/jamonesblazquez.com\/es\/#organization\"},\"potentialAction\":[{\"@type\":\"SearchAction\",\"target\":{\"@type\":\"EntryPoint\",\"urlTemplate\":\"https:\/\/jamonesblazquez.com\/es\/?s={search_term_string}\"},\"query-input\":{\"@type\":\"PropertyValueSpecification\",\"valueRequired\":true,\"valueName\":\"search_term_string\"}}],\"inLanguage\":\"es\"},{\"@type\":\"Organization\",\"@id\":\"https:\/\/jamonesblazquez.com\/es\/#organization\",\"name\":\"Jamones Bl\u00e1zquez\",\"url\":\"https:\/\/jamonesblazquez.com\/es\/\",\"logo\":{\"@type\":\"ImageObject\",\"inLanguage\":\"es\",\"@id\":\"https:\/\/jamonesblazquez.com\/es\/#\/schema\/logo\/image\/\",\"url\":\"https:\/\/jamonesblazquez.com\/wp-content\/uploads\/2019\/02\/Logo_Blazquez.png\",\"contentUrl\":\"https:\/\/jamonesblazquez.com\/wp-content\/uploads\/2019\/02\/Logo_Blazquez.png\",\"width\":500,\"height\":132,\"caption\":\"Jamones Bl\u00e1zquez\"},\"image\":{\"@id\":\"https:\/\/jamonesblazquez.com\/es\/#\/schema\/logo\/image\/\"},\"sameAs\":[\"https:\/\/www.facebook.com\/JamonBlazquez\/\",\"https:\/\/x.com\/jamonblazquez\",\"https:\/\/www.instagram.com\/jamonblazquez\/\",\"https:\/\/www.linkedin.com\/company\/10190869\/admin\/\"]}]}<\/script>\n<!-- \/ Yoast SEO plugin. -->","yoast_head_json":{"title":"Comprar La Ic\u00f3nica Veta Bl\u00e1zquez por Nuria Blanco - Jamones Bl\u00e1zquez","description":"Un jam\u00f3n que refleja artesan\u00eda en cada loncha y cada veta, acompa\u00f1ado de un plato de cer\u00e1mica elaborado a mano y pintado a pincel. Un conjunto totalmente artesanal donde cada detalle cuenta.  &nbsp;","robots":{"index":"index","follow":"follow","max-snippet":"max-snippet:-1","max-image-preview":"max-image-preview:large","max-video-preview":"max-video-preview:-1"},"canonical":"https:\/\/jamonesblazquez.com\/es\/Producto\/la-iconica-veta-blazquez-por-nuria-blanco\/","og_locale":"es_ES","og_type":"article","og_title":"Comprar La Ic\u00f3nica Veta Bl\u00e1zquez por Nuria Blanco - Jamones Bl\u00e1zquez","og_description":"Un jam\u00f3n que refleja artesan\u00eda en cada loncha y cada veta, acompa\u00f1ado de un plato de cer\u00e1mica elaborado a mano y pintado a pincel. Un conjunto totalmente artesanal donde cada detalle cuenta.  &nbsp;","og_url":"https:\/\/jamonesblazquez.com\/es\/Producto\/la-iconica-veta-blazquez-por-nuria-blanco\/","og_site_name":"Jamones Bl\u00e1zquez","article_publisher":"https:\/\/www.facebook.com\/JamonBlazquez\/","article_modified_time":"2025-12-16T13:33:24+00:00","og_image":[{"width":800,"height":800,"url":"https:\/\/jamonesblazquez.com\/wp-content\/uploads\/2025\/11\/IMAGENES-TIENDA-ONLINE-7.png","type":"image\/png"}],"twitter_card":"summary_large_image","twitter_site":"@jamonblazquez","twitter_misc":{"Tiempo de lectura":"2 minutos"},"schema":{"@context":"https:\/\/schema.org","@graph":[{"@type":["WebPage","ItemPage"],"@id":"https:\/\/jamonesblazquez.com\/es\/Producto\/la-iconica-veta-blazquez-por-nuria-blanco\/","url":"https:\/\/jamonesblazquez.com\/es\/Producto\/la-iconica-veta-blazquez-por-nuria-blanco\/","name":"Comprar La Ic\u00f3nica Veta Bl\u00e1zquez por Nuria Blanco - Jamones Bl\u00e1zquez","isPartOf":{"@id":"https:\/\/jamonesblazquez.com\/es\/#website"},"primaryImageOfPage":{"@id":"https:\/\/jamonesblazquez.com\/es\/Producto\/la-iconica-veta-blazquez-por-nuria-blanco\/#primaryimage"},"image":{"@id":"https:\/\/jamonesblazquez.com\/es\/Producto\/la-iconica-veta-blazquez-por-nuria-blanco\/#primaryimage"},"thumbnailUrl":"https:\/\/jamonesblazquez.com\/wp-content\/uploads\/2025\/11\/IMAGENES-TIENDA-ONLINE-7.png","datePublished":"2025-11-13T07:53:51+00:00","dateModified":"2025-12-16T13:33:24+00:00","description":"Un jam\u00f3n que refleja artesan\u00eda en cada loncha y cada veta, acompa\u00f1ado de un plato de cer\u00e1mica elaborado a mano y pintado a pincel. Un conjunto totalmente artesanal donde cada detalle cuenta. &nbsp;","breadcrumb":{"@id":"https:\/\/jamonesblazquez.com\/es\/Producto\/la-iconica-veta-blazquez-por-nuria-blanco\/#breadcrumb"},"inLanguage":"es","potentialAction":[{"@type":"ReadAction","target":["https:\/\/jamonesblazquez.com\/es\/Producto\/la-iconica-veta-blazquez-por-nuria-blanco\/"]}]},{"@type":"ImageObject","inLanguage":"es","@id":"https:\/\/jamonesblazquez.com\/es\/Producto\/la-iconica-veta-blazquez-por-nuria-blanco\/#primaryimage","url":"https:\/\/jamonesblazquez.com\/wp-content\/uploads\/2025\/11\/IMAGENES-TIENDA-ONLINE-7.png","contentUrl":"https:\/\/jamonesblazquez.com\/wp-content\/uploads\/2025\/11\/IMAGENES-TIENDA-ONLINE-7.png","width":800,"height":800},{"@type":"BreadcrumbList","@id":"https:\/\/jamonesblazquez.com\/es\/Producto\/la-iconica-veta-blazquez-por-nuria-blanco\/#breadcrumb","itemListElement":[{"@type":"ListItem","position":1,"name":"Portada","item":"https:\/\/jamonesblazquez.com\/es\/"},{"@type":"ListItem","position":2,"name":"Tienda online","item":"https:\/\/jamonesblazquez.com\/es\/?page_id=1992"},{"@type":"ListItem","position":3,"name":"La Ic\u00f3nica Veta Bl\u00e1zquez por Nuria Blanco"}]},{"@type":"WebSite","@id":"https:\/\/jamonesblazquez.com\/es\/#website","url":"https:\/\/jamonesblazquez.com\/es\/","name":"Jamones Bl\u00e1zquez","description":"Obedece a la Tentaci\u00f3n!","publisher":{"@id":"https:\/\/jamonesblazquez.com\/es\/#organization"},"potentialAction":[{"@type":"SearchAction","target":{"@type":"EntryPoint","urlTemplate":"https:\/\/jamonesblazquez.com\/es\/?s={search_term_string}"},"query-input":{"@type":"PropertyValueSpecification","valueRequired":true,"valueName":"search_term_string"}}],"inLanguage":"es"},{"@type":"Organization","@id":"https:\/\/jamonesblazquez.com\/es\/#organization","name":"Jamones Bl\u00e1zquez","url":"https:\/\/jamonesblazquez.com\/es\/","logo":{"@type":"ImageObject","inLanguage":"es","@id":"https:\/\/jamonesblazquez.com\/es\/#\/schema\/logo\/image\/","url":"https:\/\/jamonesblazquez.com\/wp-content\/uploads\/2019\/02\/Logo_Blazquez.png","contentUrl":"https:\/\/jamonesblazquez.com\/wp-content\/uploads\/2019\/02\/Logo_Blazquez.png","width":500,"height":132,"caption":"Jamones Bl\u00e1zquez"},"image":{"@id":"https:\/\/jamonesblazquez.com\/es\/#\/schema\/logo\/image\/"},"sameAs":["https:\/\/www.facebook.com\/JamonBlazquez\/","https:\/\/x.com\/jamonblazquez","https:\/\/www.instagram.com\/jamonblazquez\/","https:\/\/www.linkedin.com\/company\/10190869\/admin\/"]}]}},"_links":{"self":[{"href":"https:\/\/jamonesblazquez.com\/es\/wp-json\/wp\/v2\/product\/11036","targetHints":{"allow":["GET"]}}],"collection":[{"href":"https:\/\/jamonesblazquez.com\/es\/wp-json\/wp\/v2\/product"}],"about":[{"href":"https:\/\/jamonesblazquez.com\/es\/wp-json\/wp\/v2\/types\/product"}],"wp:featuredmedia":[{"embeddable":true,"href":"https:\/\/jamonesblazquez.com\/es\/wp-json\/wp\/v2\/media\/11250"}],"wp:attachment":[{"href":"https:\/\/jamonesblazquez.com\/es\/wp-json\/wp\/v2\/media?parent=11036"}],"wp:term":[{"taxonomy":"product_brand","embeddable":true,"href":"https:\/\/jamonesblazquez.com\/es\/wp-json\/wp\/v2\/product_brand?post=11036"},{"taxonomy":"product_cat","embeddable":true,"href":"https:\/\/jamonesblazquez.com\/es\/wp-json\/wp\/v2\/product_cat?post=11036"},{"taxonomy":"product_tag","embeddable":true,"href":"https:\/\/jamonesblazquez.com\/es\/wp-json\/wp\/v2\/product_tag?post=11036"}],"curies":[{"name":"wp","href":"https:\/\/api.w.org\/{rel}","templated":true}]}}