{"id":1955,"date":"2020-06-22T11:48:26","date_gmt":"2020-06-22T09:48:26","guid":{"rendered":"https:\/\/dev.jamonesblazquez.com\/blog\/?post_type=product&#038;p=1955"},"modified":"2025-05-16T11:00:45","modified_gmt":"2025-05-16T09:00:45","slug":"jamon-iberico-de-bellota-admiracion","status":"publish","type":"product","link":"https:\/\/jamonesblazquez.com\/es\/Producto\/jamon-iberico-de-bellota-admiracion\/","title":{"rendered":"Jam\u00f3n de Bellota Ib\u00e9rico 50% Raza ib\u00e9rica \u00abAdmiraci\u00f3n\u00bb"},"content":{"rendered":"<div class=\"wpb-content-wrapper\"><p>[vc_row css_animation=\u00bb\u00bb row_type=\u00bbrow\u00bb use_row_as_full_screen_section=\u00bbno\u00bb type=\u00bbfull_width\u00bb angled_section=\u00bbno\u00bb text_align=\u00bbleft\u00bb background_image_as_pattern=\u00bbwithout_pattern\u00bb][vc_column][vc_column_text]\u201cAdmiraci\u00f3n desde el origen\u201d, a modo de mantra repetimos esta frase como esencia de nuestros productos. Y as\u00ed se plasma en nuestro jam\u00f3n de bellota ib\u00e9rico, piezas elegidas por su singularidad en base a estrictos criterios mantenidos y compartidos durante generaciones.<\/p>\n<p>Piezas curadas en secaderos propios, siguiendo los criterios Bl\u00e1zquez con la experiencia de nuestros m\u00e9todos tradicionalmente artesanales. Donde cada <a href=\"\/es\/proceso\/\">proceso de elaboraci\u00f3n<\/a> es evaluado a posteriori exhaustivamente, para conseguir un sabor intenso y una textura \u00fanica al alcance de los paladares m\u00e1s exigentes.<\/p>\n<p>Con un periodo de curaci\u00f3n de 48 meses.<\/p>\n<p>El Jam\u00f3n\u00a0de bellota ib\u00e9rico aporta los minerales m\u00ednimos necesarios para nuestro organismo, adem\u00e1s posee un perfil equilibrado en calor\u00edas. Contiene vitamina B1 y expertos en el campo afirman que ayuda a superar la ansiedad y el estr\u00e9s.<\/p>\n<p><span class=\"prd-sinconservantes\">SIN CONSERVANTES<\/span><span class=\"prd-sinaditivos\"> SIN ADITIVOS\u00a0<\/span><\/p>\n<h3>INGREDIENTES<\/h3>\n<p>Jam\u00f3n de cerdo, sal<\/p>\n<h3>VALORES NUTRICIONALES (en 100g)<\/h3>\n<p>Valor energ\u00e9tico: 1480 KJ\/ 356 Kcal<br \/>\nGrasas (g): 25,2<br \/>\n&#8211; De las cuales saturadas (g): 8,08<br \/>\nHidratos de carbono (g): 1<br \/>\n&#8211; De los cuales az\u00facares: (g): &lt;0,5<br \/>\nProte\u00ednas (g): 32,2<br \/>\nSal (g): 4,5<\/p>\n<div id=\"gtx-trans\" style=\"position: absolute; left: -10px; top: 503.563px;\">\n<div class=\"gtx-trans-icon\"><\/div>\n<\/div>\n<p>[\/vc_column_text][\/vc_column][\/vc_row]<\/p>\n<\/div>","protected":false},"excerpt":{"rendered":"<p>Nuestro jam\u00f3n de bellota ib\u00e9rico Admiraci\u00f3n procede de una selecci\u00f3n de nuestros ejemplares de las mejores dehesas con pasto y bellotas en montanera.<\/p>\n","protected":false},"featured_media":9271,"template":"","meta":[],"product_brand":[],"product_cat":[672,955],"product_tag":[],"class_list":{"0":"post-1955","1":"product","2":"type-product","3":"status-publish","4":"has-post-thumbnail","6":"product_cat-jamones","7":"product_cat-bellota-iberico-50","9":"first","10":"instock","11":"taxable","12":"shipping-taxable","13":"product-type-simple"},"yoast_head":"<!-- This site is optimized with the Yoast SEO plugin v27.1.1 - https:\/\/yoast.com\/product\/yoast-seo-wordpress\/ -->\n<title>Comprar Jam\u00f3n de Bellota Ib\u00e9rico 50% Raza ib\u00e9rica &quot;Admiraci\u00f3n&quot; - Jamones Bl\u00e1zquez<\/title>\n<meta name=\"description\" content=\"Nuestro jam\u00f3n de bellota ib\u00e9rico Admiraci\u00f3n procede de una selecci\u00f3n de nuestros ejemplares de las mejores dehesas con pasto y bellotas en montanera.\" \/>\n<meta name=\"robots\" content=\"index, follow, max-snippet:-1, max-image-preview:large, max-video-preview:-1\" \/>\n<link rel=\"canonical\" href=\"https:\/\/jamonesblazquez.com\/es\/Producto\/jamon-iberico-de-bellota-admiracion\/\" \/>\n<meta property=\"og:locale\" content=\"es_ES\" \/>\n<meta property=\"og:type\" content=\"article\" \/>\n<meta property=\"og:title\" content=\"Comprar Jam\u00f3n de Bellota Ib\u00e9rico 50% Raza ib\u00e9rica &quot;Admiraci\u00f3n&quot; - Jamones Bl\u00e1zquez\" \/>\n<meta property=\"og:description\" content=\"Nuestro jam\u00f3n de bellota ib\u00e9rico Admiraci\u00f3n procede de una selecci\u00f3n de nuestros ejemplares de las mejores dehesas con pasto y bellotas en montanera.\" \/>\n<meta property=\"og:url\" content=\"https:\/\/jamonesblazquez.com\/es\/Producto\/jamon-iberico-de-bellota-admiracion\/\" \/>\n<meta property=\"og:site_name\" content=\"Jamones Bl\u00e1zquez\" \/>\n<meta property=\"article:publisher\" content=\"https:\/\/www.facebook.com\/JamonBlazquez\/\" \/>\n<meta property=\"article:modified_time\" content=\"2025-05-16T09:00:45+00:00\" \/>\n<meta property=\"og:image\" content=\"https:\/\/jamonesblazquez.com\/wp-content\/uploads\/2020\/06\/JAMON-DE-BELLOTA-IBERICO-50-RAZA-IBERICA-3.jpg\" \/>\n\t<meta property=\"og:image:width\" content=\"1500\" \/>\n\t<meta property=\"og:image:height\" content=\"1500\" \/>\n\t<meta property=\"og:image:type\" content=\"image\/jpeg\" \/>\n<meta name=\"twitter:card\" content=\"summary_large_image\" \/>\n<meta name=\"twitter:site\" content=\"@jamonblazquez\" \/>\n<meta name=\"twitter:label1\" content=\"Tiempo de lectura\" \/>\n\t<meta name=\"twitter:data1\" content=\"2 minutos\" \/>\n<script type=\"application\/ld+json\" class=\"yoast-schema-graph\">{\"@context\":\"https:\/\/schema.org\",\"@graph\":[{\"@type\":[\"WebPage\",\"ItemPage\"],\"@id\":\"https:\/\/jamonesblazquez.com\/es\/Producto\/jamon-iberico-de-bellota-admiracion\/\",\"url\":\"https:\/\/jamonesblazquez.com\/es\/Producto\/jamon-iberico-de-bellota-admiracion\/\",\"name\":\"Comprar Jam\u00f3n de Bellota Ib\u00e9rico 50% Raza ib\u00e9rica \\\"Admiraci\u00f3n\\\" - Jamones Bl\u00e1zquez\",\"isPartOf\":{\"@id\":\"https:\/\/jamonesblazquez.com\/es\/#website\"},\"primaryImageOfPage\":{\"@id\":\"https:\/\/jamonesblazquez.com\/es\/Producto\/jamon-iberico-de-bellota-admiracion\/#primaryimage\"},\"image\":{\"@id\":\"https:\/\/jamonesblazquez.com\/es\/Producto\/jamon-iberico-de-bellota-admiracion\/#primaryimage\"},\"thumbnailUrl\":\"https:\/\/jamonesblazquez.com\/wp-content\/uploads\/2020\/06\/JAMON-DE-BELLOTA-IBERICO-50-RAZA-IBERICA-1-1.jpg\",\"datePublished\":\"2020-06-22T09:48:26+00:00\",\"dateModified\":\"2025-05-16T09:00:45+00:00\",\"description\":\"Nuestro jam\u00f3n de bellota ib\u00e9rico Admiraci\u00f3n procede de una selecci\u00f3n de nuestros ejemplares de las mejores dehesas con pasto y bellotas en montanera.\",\"breadcrumb\":{\"@id\":\"https:\/\/jamonesblazquez.com\/es\/Producto\/jamon-iberico-de-bellota-admiracion\/#breadcrumb\"},\"inLanguage\":\"es\",\"potentialAction\":[{\"@type\":\"ReadAction\",\"target\":[\"https:\/\/jamonesblazquez.com\/es\/Producto\/jamon-iberico-de-bellota-admiracion\/\"]}]},{\"@type\":\"ImageObject\",\"inLanguage\":\"es\",\"@id\":\"https:\/\/jamonesblazquez.com\/es\/Producto\/jamon-iberico-de-bellota-admiracion\/#primaryimage\",\"url\":\"https:\/\/jamonesblazquez.com\/wp-content\/uploads\/2020\/06\/JAMON-DE-BELLOTA-IBERICO-50-RAZA-IBERICA-1-1.jpg\",\"contentUrl\":\"https:\/\/jamonesblazquez.com\/wp-content\/uploads\/2020\/06\/JAMON-DE-BELLOTA-IBERICO-50-RAZA-IBERICA-1-1.jpg\",\"width\":800,\"height\":800,\"caption\":\"JAMON DE BELLOTA IBERICO 50% RAZA IBERICA\"},{\"@type\":\"BreadcrumbList\",\"@id\":\"https:\/\/jamonesblazquez.com\/es\/Producto\/jamon-iberico-de-bellota-admiracion\/#breadcrumb\",\"itemListElement\":[{\"@type\":\"ListItem\",\"position\":1,\"name\":\"Portada\",\"item\":\"https:\/\/jamonesblazquez.com\/es\/\"},{\"@type\":\"ListItem\",\"position\":2,\"name\":\"Tienda online\",\"item\":\"https:\/\/jamonesblazquez.com\/es\/?page_id=1992\"},{\"@type\":\"ListItem\",\"position\":3,\"name\":\"Jam\u00f3n de Bellota Ib\u00e9rico 50% Raza ib\u00e9rica &#8220;Admiraci\u00f3n&#8221;\"}]},{\"@type\":\"WebSite\",\"@id\":\"https:\/\/jamonesblazquez.com\/es\/#website\",\"url\":\"https:\/\/jamonesblazquez.com\/es\/\",\"name\":\"Jamones Bl\u00e1zquez\",\"description\":\"Obedece a la Tentaci\u00f3n!\",\"publisher\":{\"@id\":\"https:\/\/jamonesblazquez.com\/es\/#organization\"},\"potentialAction\":[{\"@type\":\"SearchAction\",\"target\":{\"@type\":\"EntryPoint\",\"urlTemplate\":\"https:\/\/jamonesblazquez.com\/es\/?s={search_term_string}\"},\"query-input\":{\"@type\":\"PropertyValueSpecification\",\"valueRequired\":true,\"valueName\":\"search_term_string\"}}],\"inLanguage\":\"es\"},{\"@type\":\"Organization\",\"@id\":\"https:\/\/jamonesblazquez.com\/es\/#organization\",\"name\":\"Jamones Bl\u00e1zquez\",\"url\":\"https:\/\/jamonesblazquez.com\/es\/\",\"logo\":{\"@type\":\"ImageObject\",\"inLanguage\":\"es\",\"@id\":\"https:\/\/jamonesblazquez.com\/es\/#\/schema\/logo\/image\/\",\"url\":\"https:\/\/jamonesblazquez.com\/wp-content\/uploads\/2019\/02\/Logo_Blazquez.png\",\"contentUrl\":\"https:\/\/jamonesblazquez.com\/wp-content\/uploads\/2019\/02\/Logo_Blazquez.png\",\"width\":500,\"height\":132,\"caption\":\"Jamones Bl\u00e1zquez\"},\"image\":{\"@id\":\"https:\/\/jamonesblazquez.com\/es\/#\/schema\/logo\/image\/\"},\"sameAs\":[\"https:\/\/www.facebook.com\/JamonBlazquez\/\",\"https:\/\/x.com\/jamonblazquez\",\"https:\/\/www.instagram.com\/jamonblazquez\/\",\"https:\/\/www.linkedin.com\/company\/10190869\/admin\/\"]}]}<\/script>\n<!-- \/ Yoast SEO plugin. -->","yoast_head_json":{"title":"Comprar Jam\u00f3n de Bellota Ib\u00e9rico 50% Raza ib\u00e9rica \"Admiraci\u00f3n\" - Jamones Bl\u00e1zquez","description":"Nuestro jam\u00f3n de bellota ib\u00e9rico Admiraci\u00f3n procede de una selecci\u00f3n de nuestros ejemplares de las mejores dehesas con pasto y bellotas en montanera.","robots":{"index":"index","follow":"follow","max-snippet":"max-snippet:-1","max-image-preview":"max-image-preview:large","max-video-preview":"max-video-preview:-1"},"canonical":"https:\/\/jamonesblazquez.com\/es\/Producto\/jamon-iberico-de-bellota-admiracion\/","og_locale":"es_ES","og_type":"article","og_title":"Comprar Jam\u00f3n de Bellota Ib\u00e9rico 50% Raza ib\u00e9rica \"Admiraci\u00f3n\" - Jamones Bl\u00e1zquez","og_description":"Nuestro jam\u00f3n de bellota ib\u00e9rico Admiraci\u00f3n procede de una selecci\u00f3n de nuestros ejemplares de las mejores dehesas con pasto y bellotas en montanera.","og_url":"https:\/\/jamonesblazquez.com\/es\/Producto\/jamon-iberico-de-bellota-admiracion\/","og_site_name":"Jamones Bl\u00e1zquez","article_publisher":"https:\/\/www.facebook.com\/JamonBlazquez\/","article_modified_time":"2025-05-16T09:00:45+00:00","og_image":[{"width":1500,"height":1500,"url":"https:\/\/jamonesblazquez.com\/wp-content\/uploads\/2020\/06\/JAMON-DE-BELLOTA-IBERICO-50-RAZA-IBERICA-3.jpg","type":"image\/jpeg"}],"twitter_card":"summary_large_image","twitter_site":"@jamonblazquez","twitter_misc":{"Tiempo de lectura":"2 minutos"},"schema":{"@context":"https:\/\/schema.org","@graph":[{"@type":["WebPage","ItemPage"],"@id":"https:\/\/jamonesblazquez.com\/es\/Producto\/jamon-iberico-de-bellota-admiracion\/","url":"https:\/\/jamonesblazquez.com\/es\/Producto\/jamon-iberico-de-bellota-admiracion\/","name":"Comprar Jam\u00f3n de Bellota Ib\u00e9rico 50% Raza ib\u00e9rica \"Admiraci\u00f3n\" - Jamones Bl\u00e1zquez","isPartOf":{"@id":"https:\/\/jamonesblazquez.com\/es\/#website"},"primaryImageOfPage":{"@id":"https:\/\/jamonesblazquez.com\/es\/Producto\/jamon-iberico-de-bellota-admiracion\/#primaryimage"},"image":{"@id":"https:\/\/jamonesblazquez.com\/es\/Producto\/jamon-iberico-de-bellota-admiracion\/#primaryimage"},"thumbnailUrl":"https:\/\/jamonesblazquez.com\/wp-content\/uploads\/2020\/06\/JAMON-DE-BELLOTA-IBERICO-50-RAZA-IBERICA-1-1.jpg","datePublished":"2020-06-22T09:48:26+00:00","dateModified":"2025-05-16T09:00:45+00:00","description":"Nuestro jam\u00f3n de bellota ib\u00e9rico Admiraci\u00f3n procede de una selecci\u00f3n de nuestros ejemplares de las mejores dehesas con pasto y bellotas en montanera.","breadcrumb":{"@id":"https:\/\/jamonesblazquez.com\/es\/Producto\/jamon-iberico-de-bellota-admiracion\/#breadcrumb"},"inLanguage":"es","potentialAction":[{"@type":"ReadAction","target":["https:\/\/jamonesblazquez.com\/es\/Producto\/jamon-iberico-de-bellota-admiracion\/"]}]},{"@type":"ImageObject","inLanguage":"es","@id":"https:\/\/jamonesblazquez.com\/es\/Producto\/jamon-iberico-de-bellota-admiracion\/#primaryimage","url":"https:\/\/jamonesblazquez.com\/wp-content\/uploads\/2020\/06\/JAMON-DE-BELLOTA-IBERICO-50-RAZA-IBERICA-1-1.jpg","contentUrl":"https:\/\/jamonesblazquez.com\/wp-content\/uploads\/2020\/06\/JAMON-DE-BELLOTA-IBERICO-50-RAZA-IBERICA-1-1.jpg","width":800,"height":800,"caption":"JAMON DE BELLOTA IBERICO 50% RAZA IBERICA"},{"@type":"BreadcrumbList","@id":"https:\/\/jamonesblazquez.com\/es\/Producto\/jamon-iberico-de-bellota-admiracion\/#breadcrumb","itemListElement":[{"@type":"ListItem","position":1,"name":"Portada","item":"https:\/\/jamonesblazquez.com\/es\/"},{"@type":"ListItem","position":2,"name":"Tienda online","item":"https:\/\/jamonesblazquez.com\/es\/?page_id=1992"},{"@type":"ListItem","position":3,"name":"Jam\u00f3n de Bellota Ib\u00e9rico 50% Raza ib\u00e9rica &#8220;Admiraci\u00f3n&#8221;"}]},{"@type":"WebSite","@id":"https:\/\/jamonesblazquez.com\/es\/#website","url":"https:\/\/jamonesblazquez.com\/es\/","name":"Jamones Bl\u00e1zquez","description":"Obedece a la Tentaci\u00f3n!","publisher":{"@id":"https:\/\/jamonesblazquez.com\/es\/#organization"},"potentialAction":[{"@type":"SearchAction","target":{"@type":"EntryPoint","urlTemplate":"https:\/\/jamonesblazquez.com\/es\/?s={search_term_string}"},"query-input":{"@type":"PropertyValueSpecification","valueRequired":true,"valueName":"search_term_string"}}],"inLanguage":"es"},{"@type":"Organization","@id":"https:\/\/jamonesblazquez.com\/es\/#organization","name":"Jamones Bl\u00e1zquez","url":"https:\/\/jamonesblazquez.com\/es\/","logo":{"@type":"ImageObject","inLanguage":"es","@id":"https:\/\/jamonesblazquez.com\/es\/#\/schema\/logo\/image\/","url":"https:\/\/jamonesblazquez.com\/wp-content\/uploads\/2019\/02\/Logo_Blazquez.png","contentUrl":"https:\/\/jamonesblazquez.com\/wp-content\/uploads\/2019\/02\/Logo_Blazquez.png","width":500,"height":132,"caption":"Jamones Bl\u00e1zquez"},"image":{"@id":"https:\/\/jamonesblazquez.com\/es\/#\/schema\/logo\/image\/"},"sameAs":["https:\/\/www.facebook.com\/JamonBlazquez\/","https:\/\/x.com\/jamonblazquez","https:\/\/www.instagram.com\/jamonblazquez\/","https:\/\/www.linkedin.com\/company\/10190869\/admin\/"]}]}},"_links":{"self":[{"href":"https:\/\/jamonesblazquez.com\/es\/wp-json\/wp\/v2\/product\/1955","targetHints":{"allow":["GET"]}}],"collection":[{"href":"https:\/\/jamonesblazquez.com\/es\/wp-json\/wp\/v2\/product"}],"about":[{"href":"https:\/\/jamonesblazquez.com\/es\/wp-json\/wp\/v2\/types\/product"}],"wp:featuredmedia":[{"embeddable":true,"href":"https:\/\/jamonesblazquez.com\/es\/wp-json\/wp\/v2\/media\/9271"}],"wp:attachment":[{"href":"https:\/\/jamonesblazquez.com\/es\/wp-json\/wp\/v2\/media?parent=1955"}],"wp:term":[{"taxonomy":"product_brand","embeddable":true,"href":"https:\/\/jamonesblazquez.com\/es\/wp-json\/wp\/v2\/product_brand?post=1955"},{"taxonomy":"product_cat","embeddable":true,"href":"https:\/\/jamonesblazquez.com\/es\/wp-json\/wp\/v2\/product_cat?post=1955"},{"taxonomy":"product_tag","embeddable":true,"href":"https:\/\/jamonesblazquez.com\/es\/wp-json\/wp\/v2\/product_tag?post=1955"}],"curies":[{"name":"wp","href":"https:\/\/api.w.org\/{rel}","templated":true}]}}