{"id":2050,"date":"2020-07-22T14:04:17","date_gmt":"2020-07-22T12:04:17","guid":{"rendered":"https:\/\/dev.jamonesblazquez.com\/blog\/producto\/chorizo-ib-bellota-admiracion-mitad\/"},"modified":"2025-05-16T11:00:51","modified_gmt":"2025-05-16T09:00:51","slug":"chorizo-iberico-de-bellota-admiracion-mitad","status":"publish","type":"product","link":"https:\/\/jamonesblazquez.com\/es\/Producto\/chorizo-iberico-de-bellota-admiracion-mitad\/","title":{"rendered":"Chorizo de Bellota Ib\u00e9rico Admiraci\u00f3n (mitad)"},"content":{"rendered":"<p>Chorizo Ib\u00e9rico de Bellota Admiraci\u00f3n, elaborado con una mezcla de magro escogido al detalle, picado grueso, al que se le adiciona sal com\u00fan, ajo y piment\u00f3n que le aporta su color rojizo caracter\u00edstico.<\/p>\n<p>Una pieza excepcional en la categor\u00eda de embutidos Bl\u00e1zquez, la cual aporta car\u00e1cter e intensidad con gran apreciaci\u00f3n en su sabor.<\/p>\n<p>El cuidado proceso tradicional de elaboraci\u00f3n que, combinado con las t\u00e9cnicas m\u00e1s innovadoras, dan lugar a una selecci\u00f3n de piezas sublimes.<\/p>\n<p>El Chorizo Ib\u00e9rico de bellota tiene una curaci\u00f3n de 6 meses.<\/p>\n<h3>INGREDIENTES<\/h3>\n<p>Carne y grasa de cerdo, sal, piment\u00f3n, dextrosa, aceite de oliva virgen extra, dextrina, especias, conservantes (E-250 y E-252), corrector de acidez (E-331 iii) y antioxidante (E-301). Tripa natural de cerdo.<\/p>\n<h3>VALORES NUTRICIONALES (en 100g)<\/h3>\n<p>Valor energ\u00e9tico 2121 kJ \/ 510 Kcal,<\/p>\n<p>Prote\u00edna 25 g,<\/p>\n<p>Sal 4,2 g.<\/p>\n<ul>\n<li>Cantidad de grasa 44 g (de los cuales \u00e1cidos grasos saturados 16 g),<\/li>\n<li>Hidratos de carbono 3,2 g (de los cuales az\u00facares 0,5 g),<\/li>\n<\/ul>\n<p>&nbsp;<\/p>\n<div id=\"gtx-trans\" style=\"position: absolute; left: -7px; top: 233.516px;\">\n<div class=\"gtx-trans-icon\"><\/div>\n<\/div>\n","protected":false},"excerpt":{"rendered":"<p>Un chorizo elaborado con la exquisita carne de nuestros cerdos ib\u00e9ricos alimentados a base de bellotas en nuestras dehesas en montanera.<\/p>\n","protected":false},"featured_media":7191,"template":"","meta":[],"product_brand":[],"product_cat":[675,674],"product_tag":[],"class_list":{"0":"post-2050","1":"product","2":"type-product","3":"status-publish","4":"has-post-thumbnail","6":"product_cat-chorizo","7":"product_cat-embutidos","9":"first","10":"instock","11":"taxable","12":"shipping-taxable","13":"product-type-simple"},"yoast_head":"<!-- This site is optimized with the Yoast SEO plugin v27.1.1 - https:\/\/yoast.com\/product\/yoast-seo-wordpress\/ -->\n<title>Comprar Chorizo de Bellota Ib\u00e9rico Admiraci\u00f3n (mitad) - Jamones Bl\u00e1zquez<\/title>\n<meta name=\"description\" content=\"Un chorizo elaborado con la exquisita carne de nuestros cerdos ib\u00e9ricos alimentados a base de bellotas en nuestras dehesas en montanera.\" \/>\n<meta name=\"robots\" content=\"index, follow, max-snippet:-1, max-image-preview:large, max-video-preview:-1\" \/>\n<link rel=\"canonical\" href=\"https:\/\/jamonesblazquez.com\/es\/Producto\/chorizo-iberico-de-bellota-admiracion-mitad\/\" \/>\n<meta property=\"og:locale\" content=\"es_ES\" \/>\n<meta property=\"og:type\" content=\"article\" \/>\n<meta property=\"og:title\" content=\"Comprar Chorizo de Bellota Ib\u00e9rico Admiraci\u00f3n (mitad) - Jamones Bl\u00e1zquez\" \/>\n<meta property=\"og:description\" content=\"Un chorizo elaborado con la exquisita carne de nuestros cerdos ib\u00e9ricos alimentados a base de bellotas en nuestras dehesas en montanera.\" \/>\n<meta property=\"og:url\" content=\"https:\/\/jamonesblazquez.com\/es\/Producto\/chorizo-iberico-de-bellota-admiracion-mitad\/\" \/>\n<meta property=\"og:site_name\" content=\"Jamones Bl\u00e1zquez\" \/>\n<meta property=\"article:publisher\" content=\"https:\/\/www.facebook.com\/JamonBlazquez\/\" \/>\n<meta property=\"article:modified_time\" content=\"2025-05-16T09:00:51+00:00\" \/>\n<meta property=\"og:image\" content=\"https:\/\/jamonesblazquez.com\/wp-content\/uploads\/2020\/07\/CHORIZO-DE-BELLOTA-2.jpg\" \/>\n\t<meta property=\"og:image:width\" content=\"800\" \/>\n\t<meta property=\"og:image:height\" content=\"800\" \/>\n\t<meta property=\"og:image:type\" content=\"image\/jpeg\" \/>\n<meta name=\"twitter:card\" content=\"summary_large_image\" \/>\n<meta name=\"twitter:site\" content=\"@jamonblazquez\" \/>\n<meta name=\"twitter:label1\" content=\"Tiempo de lectura\" \/>\n\t<meta name=\"twitter:data1\" content=\"1 minuto\" \/>\n<script type=\"application\/ld+json\" class=\"yoast-schema-graph\">{\"@context\":\"https:\/\/schema.org\",\"@graph\":[{\"@type\":[\"WebPage\",\"ItemPage\"],\"@id\":\"https:\/\/jamonesblazquez.com\/es\/Producto\/chorizo-iberico-de-bellota-admiracion-mitad\/\",\"url\":\"https:\/\/jamonesblazquez.com\/es\/Producto\/chorizo-iberico-de-bellota-admiracion-mitad\/\",\"name\":\"Comprar Chorizo de Bellota Ib\u00e9rico Admiraci\u00f3n (mitad) - Jamones Bl\u00e1zquez\",\"isPartOf\":{\"@id\":\"https:\/\/jamonesblazquez.com\/es\/#website\"},\"primaryImageOfPage\":{\"@id\":\"https:\/\/jamonesblazquez.com\/es\/Producto\/chorizo-iberico-de-bellota-admiracion-mitad\/#primaryimage\"},\"image\":{\"@id\":\"https:\/\/jamonesblazquez.com\/es\/Producto\/chorizo-iberico-de-bellota-admiracion-mitad\/#primaryimage\"},\"thumbnailUrl\":\"https:\/\/jamonesblazquez.com\/wp-content\/uploads\/2020\/07\/CHORIZO-DE-BELLOTA-2.jpg\",\"datePublished\":\"2020-07-22T12:04:17+00:00\",\"dateModified\":\"2025-05-16T09:00:51+00:00\",\"description\":\"Un chorizo elaborado con la exquisita carne de nuestros cerdos ib\u00e9ricos alimentados a base de bellotas en nuestras dehesas en montanera.\",\"breadcrumb\":{\"@id\":\"https:\/\/jamonesblazquez.com\/es\/Producto\/chorizo-iberico-de-bellota-admiracion-mitad\/#breadcrumb\"},\"inLanguage\":\"es\",\"potentialAction\":[{\"@type\":\"ReadAction\",\"target\":[\"https:\/\/jamonesblazquez.com\/es\/Producto\/chorizo-iberico-de-bellota-admiracion-mitad\/\"]}]},{\"@type\":\"ImageObject\",\"inLanguage\":\"es\",\"@id\":\"https:\/\/jamonesblazquez.com\/es\/Producto\/chorizo-iberico-de-bellota-admiracion-mitad\/#primaryimage\",\"url\":\"https:\/\/jamonesblazquez.com\/wp-content\/uploads\/2020\/07\/CHORIZO-DE-BELLOTA-2.jpg\",\"contentUrl\":\"https:\/\/jamonesblazquez.com\/wp-content\/uploads\/2020\/07\/CHORIZO-DE-BELLOTA-2.jpg\",\"width\":800,\"height\":800,\"caption\":\"CHORIZO DE BELLOTA (2)\"},{\"@type\":\"BreadcrumbList\",\"@id\":\"https:\/\/jamonesblazquez.com\/es\/Producto\/chorizo-iberico-de-bellota-admiracion-mitad\/#breadcrumb\",\"itemListElement\":[{\"@type\":\"ListItem\",\"position\":1,\"name\":\"Portada\",\"item\":\"https:\/\/jamonesblazquez.com\/es\/\"},{\"@type\":\"ListItem\",\"position\":2,\"name\":\"Tienda online\",\"item\":\"https:\/\/jamonesblazquez.com\/es\/?page_id=1992\"},{\"@type\":\"ListItem\",\"position\":3,\"name\":\"Chorizo de Bellota Ib\u00e9rico Admiraci\u00f3n (mitad)\"}]},{\"@type\":\"WebSite\",\"@id\":\"https:\/\/jamonesblazquez.com\/es\/#website\",\"url\":\"https:\/\/jamonesblazquez.com\/es\/\",\"name\":\"Jamones Bl\u00e1zquez\",\"description\":\"Obedece a la Tentaci\u00f3n!\",\"publisher\":{\"@id\":\"https:\/\/jamonesblazquez.com\/es\/#organization\"},\"potentialAction\":[{\"@type\":\"SearchAction\",\"target\":{\"@type\":\"EntryPoint\",\"urlTemplate\":\"https:\/\/jamonesblazquez.com\/es\/?s={search_term_string}\"},\"query-input\":{\"@type\":\"PropertyValueSpecification\",\"valueRequired\":true,\"valueName\":\"search_term_string\"}}],\"inLanguage\":\"es\"},{\"@type\":\"Organization\",\"@id\":\"https:\/\/jamonesblazquez.com\/es\/#organization\",\"name\":\"Jamones Bl\u00e1zquez\",\"url\":\"https:\/\/jamonesblazquez.com\/es\/\",\"logo\":{\"@type\":\"ImageObject\",\"inLanguage\":\"es\",\"@id\":\"https:\/\/jamonesblazquez.com\/es\/#\/schema\/logo\/image\/\",\"url\":\"https:\/\/jamonesblazquez.com\/wp-content\/uploads\/2019\/02\/Logo_Blazquez.png\",\"contentUrl\":\"https:\/\/jamonesblazquez.com\/wp-content\/uploads\/2019\/02\/Logo_Blazquez.png\",\"width\":500,\"height\":132,\"caption\":\"Jamones Bl\u00e1zquez\"},\"image\":{\"@id\":\"https:\/\/jamonesblazquez.com\/es\/#\/schema\/logo\/image\/\"},\"sameAs\":[\"https:\/\/www.facebook.com\/JamonBlazquez\/\",\"https:\/\/x.com\/jamonblazquez\",\"https:\/\/www.instagram.com\/jamonblazquez\/\",\"https:\/\/www.linkedin.com\/company\/10190869\/admin\/\"]}]}<\/script>\n<!-- \/ Yoast SEO plugin. -->","yoast_head_json":{"title":"Comprar Chorizo de Bellota Ib\u00e9rico Admiraci\u00f3n (mitad) - Jamones Bl\u00e1zquez","description":"Un chorizo elaborado con la exquisita carne de nuestros cerdos ib\u00e9ricos alimentados a base de bellotas en nuestras dehesas en montanera.","robots":{"index":"index","follow":"follow","max-snippet":"max-snippet:-1","max-image-preview":"max-image-preview:large","max-video-preview":"max-video-preview:-1"},"canonical":"https:\/\/jamonesblazquez.com\/es\/Producto\/chorizo-iberico-de-bellota-admiracion-mitad\/","og_locale":"es_ES","og_type":"article","og_title":"Comprar Chorizo de Bellota Ib\u00e9rico Admiraci\u00f3n (mitad) - Jamones Bl\u00e1zquez","og_description":"Un chorizo elaborado con la exquisita carne de nuestros cerdos ib\u00e9ricos alimentados a base de bellotas en nuestras dehesas en montanera.","og_url":"https:\/\/jamonesblazquez.com\/es\/Producto\/chorizo-iberico-de-bellota-admiracion-mitad\/","og_site_name":"Jamones Bl\u00e1zquez","article_publisher":"https:\/\/www.facebook.com\/JamonBlazquez\/","article_modified_time":"2025-05-16T09:00:51+00:00","og_image":[{"width":800,"height":800,"url":"https:\/\/jamonesblazquez.com\/wp-content\/uploads\/2020\/07\/CHORIZO-DE-BELLOTA-2.jpg","type":"image\/jpeg"}],"twitter_card":"summary_large_image","twitter_site":"@jamonblazquez","twitter_misc":{"Tiempo de lectura":"1 minuto"},"schema":{"@context":"https:\/\/schema.org","@graph":[{"@type":["WebPage","ItemPage"],"@id":"https:\/\/jamonesblazquez.com\/es\/Producto\/chorizo-iberico-de-bellota-admiracion-mitad\/","url":"https:\/\/jamonesblazquez.com\/es\/Producto\/chorizo-iberico-de-bellota-admiracion-mitad\/","name":"Comprar Chorizo de Bellota Ib\u00e9rico Admiraci\u00f3n (mitad) - Jamones Bl\u00e1zquez","isPartOf":{"@id":"https:\/\/jamonesblazquez.com\/es\/#website"},"primaryImageOfPage":{"@id":"https:\/\/jamonesblazquez.com\/es\/Producto\/chorizo-iberico-de-bellota-admiracion-mitad\/#primaryimage"},"image":{"@id":"https:\/\/jamonesblazquez.com\/es\/Producto\/chorizo-iberico-de-bellota-admiracion-mitad\/#primaryimage"},"thumbnailUrl":"https:\/\/jamonesblazquez.com\/wp-content\/uploads\/2020\/07\/CHORIZO-DE-BELLOTA-2.jpg","datePublished":"2020-07-22T12:04:17+00:00","dateModified":"2025-05-16T09:00:51+00:00","description":"Un chorizo elaborado con la exquisita carne de nuestros cerdos ib\u00e9ricos alimentados a base de bellotas en nuestras dehesas en montanera.","breadcrumb":{"@id":"https:\/\/jamonesblazquez.com\/es\/Producto\/chorizo-iberico-de-bellota-admiracion-mitad\/#breadcrumb"},"inLanguage":"es","potentialAction":[{"@type":"ReadAction","target":["https:\/\/jamonesblazquez.com\/es\/Producto\/chorizo-iberico-de-bellota-admiracion-mitad\/"]}]},{"@type":"ImageObject","inLanguage":"es","@id":"https:\/\/jamonesblazquez.com\/es\/Producto\/chorizo-iberico-de-bellota-admiracion-mitad\/#primaryimage","url":"https:\/\/jamonesblazquez.com\/wp-content\/uploads\/2020\/07\/CHORIZO-DE-BELLOTA-2.jpg","contentUrl":"https:\/\/jamonesblazquez.com\/wp-content\/uploads\/2020\/07\/CHORIZO-DE-BELLOTA-2.jpg","width":800,"height":800,"caption":"CHORIZO DE BELLOTA (2)"},{"@type":"BreadcrumbList","@id":"https:\/\/jamonesblazquez.com\/es\/Producto\/chorizo-iberico-de-bellota-admiracion-mitad\/#breadcrumb","itemListElement":[{"@type":"ListItem","position":1,"name":"Portada","item":"https:\/\/jamonesblazquez.com\/es\/"},{"@type":"ListItem","position":2,"name":"Tienda online","item":"https:\/\/jamonesblazquez.com\/es\/?page_id=1992"},{"@type":"ListItem","position":3,"name":"Chorizo de Bellota Ib\u00e9rico Admiraci\u00f3n (mitad)"}]},{"@type":"WebSite","@id":"https:\/\/jamonesblazquez.com\/es\/#website","url":"https:\/\/jamonesblazquez.com\/es\/","name":"Jamones Bl\u00e1zquez","description":"Obedece a la Tentaci\u00f3n!","publisher":{"@id":"https:\/\/jamonesblazquez.com\/es\/#organization"},"potentialAction":[{"@type":"SearchAction","target":{"@type":"EntryPoint","urlTemplate":"https:\/\/jamonesblazquez.com\/es\/?s={search_term_string}"},"query-input":{"@type":"PropertyValueSpecification","valueRequired":true,"valueName":"search_term_string"}}],"inLanguage":"es"},{"@type":"Organization","@id":"https:\/\/jamonesblazquez.com\/es\/#organization","name":"Jamones Bl\u00e1zquez","url":"https:\/\/jamonesblazquez.com\/es\/","logo":{"@type":"ImageObject","inLanguage":"es","@id":"https:\/\/jamonesblazquez.com\/es\/#\/schema\/logo\/image\/","url":"https:\/\/jamonesblazquez.com\/wp-content\/uploads\/2019\/02\/Logo_Blazquez.png","contentUrl":"https:\/\/jamonesblazquez.com\/wp-content\/uploads\/2019\/02\/Logo_Blazquez.png","width":500,"height":132,"caption":"Jamones Bl\u00e1zquez"},"image":{"@id":"https:\/\/jamonesblazquez.com\/es\/#\/schema\/logo\/image\/"},"sameAs":["https:\/\/www.facebook.com\/JamonBlazquez\/","https:\/\/x.com\/jamonblazquez","https:\/\/www.instagram.com\/jamonblazquez\/","https:\/\/www.linkedin.com\/company\/10190869\/admin\/"]}]}},"_links":{"self":[{"href":"https:\/\/jamonesblazquez.com\/es\/wp-json\/wp\/v2\/product\/2050","targetHints":{"allow":["GET"]}}],"collection":[{"href":"https:\/\/jamonesblazquez.com\/es\/wp-json\/wp\/v2\/product"}],"about":[{"href":"https:\/\/jamonesblazquez.com\/es\/wp-json\/wp\/v2\/types\/product"}],"wp:featuredmedia":[{"embeddable":true,"href":"https:\/\/jamonesblazquez.com\/es\/wp-json\/wp\/v2\/media\/7191"}],"wp:attachment":[{"href":"https:\/\/jamonesblazquez.com\/es\/wp-json\/wp\/v2\/media?parent=2050"}],"wp:term":[{"taxonomy":"product_brand","embeddable":true,"href":"https:\/\/jamonesblazquez.com\/es\/wp-json\/wp\/v2\/product_brand?post=2050"},{"taxonomy":"product_cat","embeddable":true,"href":"https:\/\/jamonesblazquez.com\/es\/wp-json\/wp\/v2\/product_cat?post=2050"},{"taxonomy":"product_tag","embeddable":true,"href":"https:\/\/jamonesblazquez.com\/es\/wp-json\/wp\/v2\/product_tag?post=2050"}],"curies":[{"name":"wp","href":"https:\/\/api.w.org\/{rel}","templated":true}]}}