{"id":2055,"date":"2020-07-22T14:04:17","date_gmt":"2020-07-22T12:04:17","guid":{"rendered":"https:\/\/dev.jamonesblazquez.com\/blog\/producto\/loncheado-salchichon-ib-de-bellota-admiracion\/"},"modified":"2025-05-16T11:00:47","modified_gmt":"2025-05-16T09:00:47","slug":"loncheado-de-salchichon-iberico-de-bellota-admiracion","status":"publish","type":"product","link":"https:\/\/jamonesblazquez.com\/es\/Producto\/loncheado-de-salchichon-iberico-de-bellota-admiracion\/","title":{"rendered":"Loncheado de Salchich\u00f3n de Bellota Ib\u00e9rico Admiraci\u00f3n"},"content":{"rendered":"<p>El loncheado del salchich\u00f3n de bellota ib\u00e9rico es elaborado con la distinguida calidad Bl\u00e1zquez, y pertenece a la elegante l\u00ednea de embutidos ib\u00e9ricos Admiraci\u00f3n. Con una curaci\u00f3n de 6 meses .<\/p>\n<p>Piezas escogidas cuidadosamente para ofrecer una experiencia sublime y una textura \u00fanica que aporta suavidad y elegancia.<\/p>\n<h3>INGREDIENTES<\/h3>\n<p>Carne y grasa de cerdo, sal, especias, dextrosa, dextrina, fibra vegetal, conservadores (E-250 y E-252), corrector de acidez (E-331 iii) y antioxidante (E-301).<\/p>\n<h3>VALORES NUTRICIONALES (en 100g)<\/h3>\n<p>Valor energ\u00e9tico 1815 kJ \/ 433 Kcal,<\/p>\n<p>Prote\u00edna 23 g,<\/p>\n<p>Sal 2,6 g<\/p>\n<ul>\n<li>Cantidad de grasa 37 g (de los cuales \u00e1cidos grasos saturados 15 g)<\/li>\n<li>Hidratos de carbono 2,4 g (de los cuales az\u00facares 0 g)<\/li>\n<\/ul>\n<p>&nbsp;<\/p>\n","protected":false},"excerpt":{"rendered":"<p>El salchich\u00f3n ib\u00e9rico bellota Admiraci\u00f3n ofrece una experiencia sublime. Tradici\u00f3n y vanguardia unidos para conseguir un sabor intenso y una textura \u00fanica que aporta suavidad y elegancia.<\/p>\n","protected":false},"featured_media":7231,"template":"","meta":[],"product_brand":[],"product_cat":[674,676],"product_tag":[],"class_list":{"0":"post-2055","1":"product","2":"type-product","3":"status-publish","4":"has-post-thumbnail","6":"product_cat-embutidos","7":"product_cat-salchichon","9":"first","10":"instock","11":"taxable","12":"shipping-taxable","13":"product-type-simple"},"yoast_head":"<!-- This site is optimized with the Yoast SEO plugin v27.1.1 - https:\/\/yoast.com\/product\/yoast-seo-wordpress\/ -->\n<title>Comprar Loncheado de Salchich\u00f3n de Bellota Ib\u00e9rico Admiraci\u00f3n - Jamones Bl\u00e1zquez<\/title>\n<meta name=\"description\" content=\"El salchich\u00f3n ib\u00e9rico bellota Admiraci\u00f3n ofrece una experiencia sublime. Tradici\u00f3n y vanguardia unidos para conseguir un sabor intenso y una textura \u00fanica que aporta suavidad y elegancia.\" \/>\n<meta name=\"robots\" content=\"index, follow, max-snippet:-1, max-image-preview:large, max-video-preview:-1\" \/>\n<link rel=\"canonical\" href=\"https:\/\/jamonesblazquez.com\/es\/Producto\/loncheado-de-salchichon-iberico-de-bellota-admiracion\/\" \/>\n<meta property=\"og:locale\" content=\"es_ES\" \/>\n<meta property=\"og:type\" content=\"article\" \/>\n<meta property=\"og:title\" content=\"Comprar Loncheado de Salchich\u00f3n de Bellota Ib\u00e9rico Admiraci\u00f3n - Jamones Bl\u00e1zquez\" \/>\n<meta property=\"og:description\" content=\"El salchich\u00f3n ib\u00e9rico bellota Admiraci\u00f3n ofrece una experiencia sublime. Tradici\u00f3n y vanguardia unidos para conseguir un sabor intenso y una textura \u00fanica que aporta suavidad y elegancia.\" \/>\n<meta property=\"og:url\" content=\"https:\/\/jamonesblazquez.com\/es\/Producto\/loncheado-de-salchichon-iberico-de-bellota-admiracion\/\" \/>\n<meta property=\"og:site_name\" content=\"Jamones Bl\u00e1zquez\" \/>\n<meta property=\"article:publisher\" content=\"https:\/\/www.facebook.com\/JamonBlazquez\/\" \/>\n<meta property=\"article:modified_time\" content=\"2025-05-16T09:00:47+00:00\" \/>\n<meta property=\"og:image\" content=\"https:\/\/jamonesblazquez.com\/wp-content\/uploads\/2020\/07\/SALCHICHON-DE-BELLOTA-1.jpg\" \/>\n\t<meta property=\"og:image:width\" content=\"800\" \/>\n\t<meta property=\"og:image:height\" content=\"800\" \/>\n\t<meta property=\"og:image:type\" content=\"image\/jpeg\" \/>\n<meta name=\"twitter:card\" content=\"summary_large_image\" \/>\n<meta name=\"twitter:site\" content=\"@jamonblazquez\" \/>\n<meta name=\"twitter:label1\" content=\"Tiempo de lectura\" \/>\n\t<meta name=\"twitter:data1\" content=\"1 minuto\" \/>\n<script type=\"application\/ld+json\" class=\"yoast-schema-graph\">{\"@context\":\"https:\/\/schema.org\",\"@graph\":[{\"@type\":[\"WebPage\",\"ItemPage\"],\"@id\":\"https:\/\/jamonesblazquez.com\/es\/Producto\/loncheado-de-salchichon-iberico-de-bellota-admiracion\/\",\"url\":\"https:\/\/jamonesblazquez.com\/es\/Producto\/loncheado-de-salchichon-iberico-de-bellota-admiracion\/\",\"name\":\"Comprar Loncheado de Salchich\u00f3n de Bellota Ib\u00e9rico Admiraci\u00f3n - Jamones Bl\u00e1zquez\",\"isPartOf\":{\"@id\":\"https:\/\/jamonesblazquez.com\/es\/#website\"},\"primaryImageOfPage\":{\"@id\":\"https:\/\/jamonesblazquez.com\/es\/Producto\/loncheado-de-salchichon-iberico-de-bellota-admiracion\/#primaryimage\"},\"image\":{\"@id\":\"https:\/\/jamonesblazquez.com\/es\/Producto\/loncheado-de-salchichon-iberico-de-bellota-admiracion\/#primaryimage\"},\"thumbnailUrl\":\"https:\/\/jamonesblazquez.com\/wp-content\/uploads\/2020\/07\/SALCHICHON-DE-BELLOTA-1.jpg\",\"datePublished\":\"2020-07-22T12:04:17+00:00\",\"dateModified\":\"2025-05-16T09:00:47+00:00\",\"description\":\"El salchich\u00f3n ib\u00e9rico bellota Admiraci\u00f3n ofrece una experiencia sublime. Tradici\u00f3n y vanguardia unidos para conseguir un sabor intenso y una textura \u00fanica que aporta suavidad y elegancia.\",\"breadcrumb\":{\"@id\":\"https:\/\/jamonesblazquez.com\/es\/Producto\/loncheado-de-salchichon-iberico-de-bellota-admiracion\/#breadcrumb\"},\"inLanguage\":\"es\",\"potentialAction\":[{\"@type\":\"ReadAction\",\"target\":[\"https:\/\/jamonesblazquez.com\/es\/Producto\/loncheado-de-salchichon-iberico-de-bellota-admiracion\/\"]}]},{\"@type\":\"ImageObject\",\"inLanguage\":\"es\",\"@id\":\"https:\/\/jamonesblazquez.com\/es\/Producto\/loncheado-de-salchichon-iberico-de-bellota-admiracion\/#primaryimage\",\"url\":\"https:\/\/jamonesblazquez.com\/wp-content\/uploads\/2020\/07\/SALCHICHON-DE-BELLOTA-1.jpg\",\"contentUrl\":\"https:\/\/jamonesblazquez.com\/wp-content\/uploads\/2020\/07\/SALCHICHON-DE-BELLOTA-1.jpg\",\"width\":800,\"height\":800,\"caption\":\"SALCHICHON-DE-BELLOTA\"},{\"@type\":\"BreadcrumbList\",\"@id\":\"https:\/\/jamonesblazquez.com\/es\/Producto\/loncheado-de-salchichon-iberico-de-bellota-admiracion\/#breadcrumb\",\"itemListElement\":[{\"@type\":\"ListItem\",\"position\":1,\"name\":\"Portada\",\"item\":\"https:\/\/jamonesblazquez.com\/es\/\"},{\"@type\":\"ListItem\",\"position\":2,\"name\":\"Tienda online\",\"item\":\"https:\/\/jamonesblazquez.com\/es\/?page_id=1992\"},{\"@type\":\"ListItem\",\"position\":3,\"name\":\"Loncheado de Salchich\u00f3n de Bellota Ib\u00e9rico Admiraci\u00f3n\"}]},{\"@type\":\"WebSite\",\"@id\":\"https:\/\/jamonesblazquez.com\/es\/#website\",\"url\":\"https:\/\/jamonesblazquez.com\/es\/\",\"name\":\"Jamones Bl\u00e1zquez\",\"description\":\"Obedece a la Tentaci\u00f3n!\",\"publisher\":{\"@id\":\"https:\/\/jamonesblazquez.com\/es\/#organization\"},\"potentialAction\":[{\"@type\":\"SearchAction\",\"target\":{\"@type\":\"EntryPoint\",\"urlTemplate\":\"https:\/\/jamonesblazquez.com\/es\/?s={search_term_string}\"},\"query-input\":{\"@type\":\"PropertyValueSpecification\",\"valueRequired\":true,\"valueName\":\"search_term_string\"}}],\"inLanguage\":\"es\"},{\"@type\":\"Organization\",\"@id\":\"https:\/\/jamonesblazquez.com\/es\/#organization\",\"name\":\"Jamones Bl\u00e1zquez\",\"url\":\"https:\/\/jamonesblazquez.com\/es\/\",\"logo\":{\"@type\":\"ImageObject\",\"inLanguage\":\"es\",\"@id\":\"https:\/\/jamonesblazquez.com\/es\/#\/schema\/logo\/image\/\",\"url\":\"https:\/\/jamonesblazquez.com\/wp-content\/uploads\/2019\/02\/Logo_Blazquez.png\",\"contentUrl\":\"https:\/\/jamonesblazquez.com\/wp-content\/uploads\/2019\/02\/Logo_Blazquez.png\",\"width\":500,\"height\":132,\"caption\":\"Jamones Bl\u00e1zquez\"},\"image\":{\"@id\":\"https:\/\/jamonesblazquez.com\/es\/#\/schema\/logo\/image\/\"},\"sameAs\":[\"https:\/\/www.facebook.com\/JamonBlazquez\/\",\"https:\/\/x.com\/jamonblazquez\",\"https:\/\/www.instagram.com\/jamonblazquez\/\",\"https:\/\/www.linkedin.com\/company\/10190869\/admin\/\"]}]}<\/script>\n<!-- \/ Yoast SEO plugin. -->","yoast_head_json":{"title":"Comprar Loncheado de Salchich\u00f3n de Bellota Ib\u00e9rico Admiraci\u00f3n - Jamones Bl\u00e1zquez","description":"El salchich\u00f3n ib\u00e9rico bellota Admiraci\u00f3n ofrece una experiencia sublime. Tradici\u00f3n y vanguardia unidos para conseguir un sabor intenso y una textura \u00fanica que aporta suavidad y elegancia.","robots":{"index":"index","follow":"follow","max-snippet":"max-snippet:-1","max-image-preview":"max-image-preview:large","max-video-preview":"max-video-preview:-1"},"canonical":"https:\/\/jamonesblazquez.com\/es\/Producto\/loncheado-de-salchichon-iberico-de-bellota-admiracion\/","og_locale":"es_ES","og_type":"article","og_title":"Comprar Loncheado de Salchich\u00f3n de Bellota Ib\u00e9rico Admiraci\u00f3n - Jamones Bl\u00e1zquez","og_description":"El salchich\u00f3n ib\u00e9rico bellota Admiraci\u00f3n ofrece una experiencia sublime. Tradici\u00f3n y vanguardia unidos para conseguir un sabor intenso y una textura \u00fanica que aporta suavidad y elegancia.","og_url":"https:\/\/jamonesblazquez.com\/es\/Producto\/loncheado-de-salchichon-iberico-de-bellota-admiracion\/","og_site_name":"Jamones Bl\u00e1zquez","article_publisher":"https:\/\/www.facebook.com\/JamonBlazquez\/","article_modified_time":"2025-05-16T09:00:47+00:00","og_image":[{"width":800,"height":800,"url":"https:\/\/jamonesblazquez.com\/wp-content\/uploads\/2020\/07\/SALCHICHON-DE-BELLOTA-1.jpg","type":"image\/jpeg"}],"twitter_card":"summary_large_image","twitter_site":"@jamonblazquez","twitter_misc":{"Tiempo de lectura":"1 minuto"},"schema":{"@context":"https:\/\/schema.org","@graph":[{"@type":["WebPage","ItemPage"],"@id":"https:\/\/jamonesblazquez.com\/es\/Producto\/loncheado-de-salchichon-iberico-de-bellota-admiracion\/","url":"https:\/\/jamonesblazquez.com\/es\/Producto\/loncheado-de-salchichon-iberico-de-bellota-admiracion\/","name":"Comprar Loncheado de Salchich\u00f3n de Bellota Ib\u00e9rico Admiraci\u00f3n - Jamones Bl\u00e1zquez","isPartOf":{"@id":"https:\/\/jamonesblazquez.com\/es\/#website"},"primaryImageOfPage":{"@id":"https:\/\/jamonesblazquez.com\/es\/Producto\/loncheado-de-salchichon-iberico-de-bellota-admiracion\/#primaryimage"},"image":{"@id":"https:\/\/jamonesblazquez.com\/es\/Producto\/loncheado-de-salchichon-iberico-de-bellota-admiracion\/#primaryimage"},"thumbnailUrl":"https:\/\/jamonesblazquez.com\/wp-content\/uploads\/2020\/07\/SALCHICHON-DE-BELLOTA-1.jpg","datePublished":"2020-07-22T12:04:17+00:00","dateModified":"2025-05-16T09:00:47+00:00","description":"El salchich\u00f3n ib\u00e9rico bellota Admiraci\u00f3n ofrece una experiencia sublime. Tradici\u00f3n y vanguardia unidos para conseguir un sabor intenso y una textura \u00fanica que aporta suavidad y elegancia.","breadcrumb":{"@id":"https:\/\/jamonesblazquez.com\/es\/Producto\/loncheado-de-salchichon-iberico-de-bellota-admiracion\/#breadcrumb"},"inLanguage":"es","potentialAction":[{"@type":"ReadAction","target":["https:\/\/jamonesblazquez.com\/es\/Producto\/loncheado-de-salchichon-iberico-de-bellota-admiracion\/"]}]},{"@type":"ImageObject","inLanguage":"es","@id":"https:\/\/jamonesblazquez.com\/es\/Producto\/loncheado-de-salchichon-iberico-de-bellota-admiracion\/#primaryimage","url":"https:\/\/jamonesblazquez.com\/wp-content\/uploads\/2020\/07\/SALCHICHON-DE-BELLOTA-1.jpg","contentUrl":"https:\/\/jamonesblazquez.com\/wp-content\/uploads\/2020\/07\/SALCHICHON-DE-BELLOTA-1.jpg","width":800,"height":800,"caption":"SALCHICHON-DE-BELLOTA"},{"@type":"BreadcrumbList","@id":"https:\/\/jamonesblazquez.com\/es\/Producto\/loncheado-de-salchichon-iberico-de-bellota-admiracion\/#breadcrumb","itemListElement":[{"@type":"ListItem","position":1,"name":"Portada","item":"https:\/\/jamonesblazquez.com\/es\/"},{"@type":"ListItem","position":2,"name":"Tienda online","item":"https:\/\/jamonesblazquez.com\/es\/?page_id=1992"},{"@type":"ListItem","position":3,"name":"Loncheado de Salchich\u00f3n de Bellota Ib\u00e9rico Admiraci\u00f3n"}]},{"@type":"WebSite","@id":"https:\/\/jamonesblazquez.com\/es\/#website","url":"https:\/\/jamonesblazquez.com\/es\/","name":"Jamones Bl\u00e1zquez","description":"Obedece a la Tentaci\u00f3n!","publisher":{"@id":"https:\/\/jamonesblazquez.com\/es\/#organization"},"potentialAction":[{"@type":"SearchAction","target":{"@type":"EntryPoint","urlTemplate":"https:\/\/jamonesblazquez.com\/es\/?s={search_term_string}"},"query-input":{"@type":"PropertyValueSpecification","valueRequired":true,"valueName":"search_term_string"}}],"inLanguage":"es"},{"@type":"Organization","@id":"https:\/\/jamonesblazquez.com\/es\/#organization","name":"Jamones Bl\u00e1zquez","url":"https:\/\/jamonesblazquez.com\/es\/","logo":{"@type":"ImageObject","inLanguage":"es","@id":"https:\/\/jamonesblazquez.com\/es\/#\/schema\/logo\/image\/","url":"https:\/\/jamonesblazquez.com\/wp-content\/uploads\/2019\/02\/Logo_Blazquez.png","contentUrl":"https:\/\/jamonesblazquez.com\/wp-content\/uploads\/2019\/02\/Logo_Blazquez.png","width":500,"height":132,"caption":"Jamones Bl\u00e1zquez"},"image":{"@id":"https:\/\/jamonesblazquez.com\/es\/#\/schema\/logo\/image\/"},"sameAs":["https:\/\/www.facebook.com\/JamonBlazquez\/","https:\/\/x.com\/jamonblazquez","https:\/\/www.instagram.com\/jamonblazquez\/","https:\/\/www.linkedin.com\/company\/10190869\/admin\/"]}]}},"_links":{"self":[{"href":"https:\/\/jamonesblazquez.com\/es\/wp-json\/wp\/v2\/product\/2055","targetHints":{"allow":["GET"]}}],"collection":[{"href":"https:\/\/jamonesblazquez.com\/es\/wp-json\/wp\/v2\/product"}],"about":[{"href":"https:\/\/jamonesblazquez.com\/es\/wp-json\/wp\/v2\/types\/product"}],"wp:featuredmedia":[{"embeddable":true,"href":"https:\/\/jamonesblazquez.com\/es\/wp-json\/wp\/v2\/media\/7231"}],"wp:attachment":[{"href":"https:\/\/jamonesblazquez.com\/es\/wp-json\/wp\/v2\/media?parent=2055"}],"wp:term":[{"taxonomy":"product_brand","embeddable":true,"href":"https:\/\/jamonesblazquez.com\/es\/wp-json\/wp\/v2\/product_brand?post=2055"},{"taxonomy":"product_cat","embeddable":true,"href":"https:\/\/jamonesblazquez.com\/es\/wp-json\/wp\/v2\/product_cat?post=2055"},{"taxonomy":"product_tag","embeddable":true,"href":"https:\/\/jamonesblazquez.com\/es\/wp-json\/wp\/v2\/product_tag?post=2055"}],"curies":[{"name":"wp","href":"https:\/\/api.w.org\/{rel}","templated":true}]}}