{"id":2061,"date":"2020-07-22T14:04:17","date_gmt":"2020-07-22T12:04:17","guid":{"rendered":"https:\/\/dev.jamonesblazquez.com\/blog\/producto\/papada-de-bellota-adobada-curada\/"},"modified":"2025-02-04T15:42:05","modified_gmt":"2025-02-04T14:42:05","slug":"papada-de-bellota-adobada-curada","status":"publish","type":"product","link":"https:\/\/jamonesblazquez.com\/es\/Producto\/papada-de-bellota-adobada-curada\/","title":{"rendered":"Papada de bellota adobada curada"},"content":{"rendered":"<p>En tan solo un bocado puedes apreciar la particularidad de la <strong>Papada Ib\u00e9rica adobada curada de Bl\u00e1zquez<\/strong> , debido a su personalidad, su sabor y textura.<\/p>\n<p>Producto adobado con sal y pimienta, condimentado con tomillo y romero, entre otra especia. Adem\u00e1s, este producto posee una curaci\u00f3n en nuestras bodegas de 9 meses.<\/p>\n<h3>INGREDIENTES<\/h3>\n<p>Panceta de cerdo, sal, piment\u00f3n, aceite de oliva virgen extra, especias, dextrosa, az\u00facar, antioxidante (E-301 y E-392), corrector de acidez (E-331iii) y conservador (E250).<\/p>\n<h3>VALORES NUTRICIONALES (en 100g)<\/h3>\n<p>Valor energ\u00e9tico 2845 kJ \/ 684 Kcal,<\/p>\n<p>Prote\u00edna 12 g,<\/p>\n<p>Sal 1,9 g.<\/p>\n<ul>\n<li>Cantidad de grasa 69 g (de los cuales \u00e1cidos grasos saturados 25 g),<\/li>\n<li>Hidratos de carbono 3,6 g (de los cuales az\u00facares 1 g),<\/li>\n<\/ul>\n<div id=\"gtx-trans\" style=\"position: absolute; left: 675px; top: 129.516px;\">\n<div class=\"gtx-trans-icon\"><\/div>\n<\/div>\n","protected":false},"excerpt":{"rendered":"<p>Pieza procedente de cerdos criados en libertad. La <strong>Papada de bellota adobada curada<\/strong> es un producto muy valorado e innovador, cuya carne ib\u00e9rica de bellota es adobada y curada en secaderos naturales.<\/p>\n","protected":false},"featured_media":7281,"template":"","meta":[],"product_brand":[],"product_cat":[674],"product_tag":[],"class_list":{"0":"post-2061","1":"product","2":"type-product","3":"status-publish","4":"has-post-thumbnail","6":"product_cat-embutidos","8":"first","9":"instock","10":"taxable","11":"shipping-taxable","12":"product-type-simple"},"yoast_head":"<!-- This site is optimized with the Yoast SEO plugin v27.1.1 - https:\/\/yoast.com\/product\/yoast-seo-wordpress\/ -->\n<title>Comprar Papada Ib\u00e9rica de Bellota Adobada Curada<\/title>\n<meta name=\"description\" content=\"En tan solo un bocado puedes apreciar la particularidad de la Papada Ib\u00e9rica adobada curada de Bl\u00e1zquez , debido a su personalidad, su sabor y textura.\" \/>\n<meta name=\"robots\" content=\"index, follow, max-snippet:-1, max-image-preview:large, max-video-preview:-1\" \/>\n<link rel=\"canonical\" href=\"https:\/\/jamonesblazquez.com\/es\/Producto\/papada-de-bellota-adobada-curada\/\" \/>\n<meta property=\"og:locale\" content=\"es_ES\" \/>\n<meta property=\"og:type\" content=\"article\" \/>\n<meta property=\"og:title\" content=\"Comprar Papada Ib\u00e9rica de Bellota Adobada Curada\" \/>\n<meta property=\"og:description\" content=\"En tan solo un bocado puedes apreciar la particularidad de la Papada Ib\u00e9rica adobada curada de Bl\u00e1zquez , debido a su personalidad, su sabor y textura.\" \/>\n<meta property=\"og:url\" content=\"https:\/\/jamonesblazquez.com\/es\/Producto\/papada-de-bellota-adobada-curada\/\" \/>\n<meta property=\"og:site_name\" content=\"Jamones Bl\u00e1zquez\" \/>\n<meta property=\"article:publisher\" content=\"https:\/\/www.facebook.com\/JamonBlazquez\/\" \/>\n<meta property=\"article:modified_time\" content=\"2025-02-04T14:42:05+00:00\" \/>\n<meta property=\"og:image\" content=\"https:\/\/jamonesblazquez.com\/wp-content\/uploads\/2020\/07\/LOMO-DE-BELLORA-IBERICO-LONCHEADO-.jpg\" \/>\n\t<meta property=\"og:image:width\" content=\"800\" \/>\n\t<meta property=\"og:image:height\" content=\"800\" \/>\n\t<meta property=\"og:image:type\" content=\"image\/jpeg\" \/>\n<meta name=\"twitter:card\" content=\"summary_large_image\" \/>\n<meta name=\"twitter:site\" content=\"@jamonblazquez\" \/>\n<meta name=\"twitter:label1\" content=\"Tiempo de lectura\" \/>\n\t<meta name=\"twitter:data1\" content=\"1 minuto\" \/>\n<script type=\"application\/ld+json\" class=\"yoast-schema-graph\">{\"@context\":\"https:\/\/schema.org\",\"@graph\":[{\"@type\":[\"WebPage\",\"ItemPage\"],\"@id\":\"https:\/\/jamonesblazquez.com\/es\/Producto\/papada-de-bellota-adobada-curada\/\",\"url\":\"https:\/\/jamonesblazquez.com\/es\/Producto\/papada-de-bellota-adobada-curada\/\",\"name\":\"Comprar Papada Ib\u00e9rica de Bellota Adobada Curada\",\"isPartOf\":{\"@id\":\"https:\/\/jamonesblazquez.com\/es\/#website\"},\"primaryImageOfPage\":{\"@id\":\"https:\/\/jamonesblazquez.com\/es\/Producto\/papada-de-bellota-adobada-curada\/#primaryimage\"},\"image\":{\"@id\":\"https:\/\/jamonesblazquez.com\/es\/Producto\/papada-de-bellota-adobada-curada\/#primaryimage\"},\"thumbnailUrl\":\"https:\/\/jamonesblazquez.com\/wp-content\/uploads\/2020\/07\/LOMO-DE-BELLORA-IBERICO-LONCHEADO-.jpg\",\"datePublished\":\"2020-07-22T12:04:17+00:00\",\"dateModified\":\"2025-02-04T14:42:05+00:00\",\"description\":\"En tan solo un bocado puedes apreciar la particularidad de la Papada Ib\u00e9rica adobada curada de Bl\u00e1zquez , debido a su personalidad, su sabor y textura.\",\"breadcrumb\":{\"@id\":\"https:\/\/jamonesblazquez.com\/es\/Producto\/papada-de-bellota-adobada-curada\/#breadcrumb\"},\"inLanguage\":\"es\",\"potentialAction\":[{\"@type\":\"ReadAction\",\"target\":[\"https:\/\/jamonesblazquez.com\/es\/Producto\/papada-de-bellota-adobada-curada\/\"]}]},{\"@type\":\"ImageObject\",\"inLanguage\":\"es\",\"@id\":\"https:\/\/jamonesblazquez.com\/es\/Producto\/papada-de-bellota-adobada-curada\/#primaryimage\",\"url\":\"https:\/\/jamonesblazquez.com\/wp-content\/uploads\/2020\/07\/LOMO-DE-BELLORA-IBERICO-LONCHEADO-.jpg\",\"contentUrl\":\"https:\/\/jamonesblazquez.com\/wp-content\/uploads\/2020\/07\/LOMO-DE-BELLORA-IBERICO-LONCHEADO-.jpg\",\"width\":800,\"height\":800,\"caption\":\"PAPADA IB\u00c9RICA CURADA\"},{\"@type\":\"BreadcrumbList\",\"@id\":\"https:\/\/jamonesblazquez.com\/es\/Producto\/papada-de-bellota-adobada-curada\/#breadcrumb\",\"itemListElement\":[{\"@type\":\"ListItem\",\"position\":1,\"name\":\"Portada\",\"item\":\"https:\/\/jamonesblazquez.com\/es\/\"},{\"@type\":\"ListItem\",\"position\":2,\"name\":\"Tienda online\",\"item\":\"https:\/\/jamonesblazquez.com\/es\/?page_id=1992\"},{\"@type\":\"ListItem\",\"position\":3,\"name\":\"Papada de bellota adobada curada\"}]},{\"@type\":\"WebSite\",\"@id\":\"https:\/\/jamonesblazquez.com\/es\/#website\",\"url\":\"https:\/\/jamonesblazquez.com\/es\/\",\"name\":\"Jamones Bl\u00e1zquez\",\"description\":\"Obedece a la Tentaci\u00f3n!\",\"publisher\":{\"@id\":\"https:\/\/jamonesblazquez.com\/es\/#organization\"},\"potentialAction\":[{\"@type\":\"SearchAction\",\"target\":{\"@type\":\"EntryPoint\",\"urlTemplate\":\"https:\/\/jamonesblazquez.com\/es\/?s={search_term_string}\"},\"query-input\":{\"@type\":\"PropertyValueSpecification\",\"valueRequired\":true,\"valueName\":\"search_term_string\"}}],\"inLanguage\":\"es\"},{\"@type\":\"Organization\",\"@id\":\"https:\/\/jamonesblazquez.com\/es\/#organization\",\"name\":\"Jamones Bl\u00e1zquez\",\"url\":\"https:\/\/jamonesblazquez.com\/es\/\",\"logo\":{\"@type\":\"ImageObject\",\"inLanguage\":\"es\",\"@id\":\"https:\/\/jamonesblazquez.com\/es\/#\/schema\/logo\/image\/\",\"url\":\"https:\/\/jamonesblazquez.com\/wp-content\/uploads\/2019\/02\/Logo_Blazquez.png\",\"contentUrl\":\"https:\/\/jamonesblazquez.com\/wp-content\/uploads\/2019\/02\/Logo_Blazquez.png\",\"width\":500,\"height\":132,\"caption\":\"Jamones Bl\u00e1zquez\"},\"image\":{\"@id\":\"https:\/\/jamonesblazquez.com\/es\/#\/schema\/logo\/image\/\"},\"sameAs\":[\"https:\/\/www.facebook.com\/JamonBlazquez\/\",\"https:\/\/x.com\/jamonblazquez\",\"https:\/\/www.instagram.com\/jamonblazquez\/\",\"https:\/\/www.linkedin.com\/company\/10190869\/admin\/\"]}]}<\/script>\n<!-- \/ Yoast SEO plugin. -->","yoast_head_json":{"title":"Comprar Papada Ib\u00e9rica de Bellota Adobada Curada","description":"En tan solo un bocado puedes apreciar la particularidad de la Papada Ib\u00e9rica adobada curada de Bl\u00e1zquez , debido a su personalidad, su sabor y textura.","robots":{"index":"index","follow":"follow","max-snippet":"max-snippet:-1","max-image-preview":"max-image-preview:large","max-video-preview":"max-video-preview:-1"},"canonical":"https:\/\/jamonesblazquez.com\/es\/Producto\/papada-de-bellota-adobada-curada\/","og_locale":"es_ES","og_type":"article","og_title":"Comprar Papada Ib\u00e9rica de Bellota Adobada Curada","og_description":"En tan solo un bocado puedes apreciar la particularidad de la Papada Ib\u00e9rica adobada curada de Bl\u00e1zquez , debido a su personalidad, su sabor y textura.","og_url":"https:\/\/jamonesblazquez.com\/es\/Producto\/papada-de-bellota-adobada-curada\/","og_site_name":"Jamones Bl\u00e1zquez","article_publisher":"https:\/\/www.facebook.com\/JamonBlazquez\/","article_modified_time":"2025-02-04T14:42:05+00:00","og_image":[{"width":800,"height":800,"url":"https:\/\/jamonesblazquez.com\/wp-content\/uploads\/2020\/07\/LOMO-DE-BELLORA-IBERICO-LONCHEADO-.jpg","type":"image\/jpeg"}],"twitter_card":"summary_large_image","twitter_site":"@jamonblazquez","twitter_misc":{"Tiempo de lectura":"1 minuto"},"schema":{"@context":"https:\/\/schema.org","@graph":[{"@type":["WebPage","ItemPage"],"@id":"https:\/\/jamonesblazquez.com\/es\/Producto\/papada-de-bellota-adobada-curada\/","url":"https:\/\/jamonesblazquez.com\/es\/Producto\/papada-de-bellota-adobada-curada\/","name":"Comprar Papada Ib\u00e9rica de Bellota Adobada Curada","isPartOf":{"@id":"https:\/\/jamonesblazquez.com\/es\/#website"},"primaryImageOfPage":{"@id":"https:\/\/jamonesblazquez.com\/es\/Producto\/papada-de-bellota-adobada-curada\/#primaryimage"},"image":{"@id":"https:\/\/jamonesblazquez.com\/es\/Producto\/papada-de-bellota-adobada-curada\/#primaryimage"},"thumbnailUrl":"https:\/\/jamonesblazquez.com\/wp-content\/uploads\/2020\/07\/LOMO-DE-BELLORA-IBERICO-LONCHEADO-.jpg","datePublished":"2020-07-22T12:04:17+00:00","dateModified":"2025-02-04T14:42:05+00:00","description":"En tan solo un bocado puedes apreciar la particularidad de la Papada Ib\u00e9rica adobada curada de Bl\u00e1zquez , debido a su personalidad, su sabor y textura.","breadcrumb":{"@id":"https:\/\/jamonesblazquez.com\/es\/Producto\/papada-de-bellota-adobada-curada\/#breadcrumb"},"inLanguage":"es","potentialAction":[{"@type":"ReadAction","target":["https:\/\/jamonesblazquez.com\/es\/Producto\/papada-de-bellota-adobada-curada\/"]}]},{"@type":"ImageObject","inLanguage":"es","@id":"https:\/\/jamonesblazquez.com\/es\/Producto\/papada-de-bellota-adobada-curada\/#primaryimage","url":"https:\/\/jamonesblazquez.com\/wp-content\/uploads\/2020\/07\/LOMO-DE-BELLORA-IBERICO-LONCHEADO-.jpg","contentUrl":"https:\/\/jamonesblazquez.com\/wp-content\/uploads\/2020\/07\/LOMO-DE-BELLORA-IBERICO-LONCHEADO-.jpg","width":800,"height":800,"caption":"PAPADA IB\u00c9RICA CURADA"},{"@type":"BreadcrumbList","@id":"https:\/\/jamonesblazquez.com\/es\/Producto\/papada-de-bellota-adobada-curada\/#breadcrumb","itemListElement":[{"@type":"ListItem","position":1,"name":"Portada","item":"https:\/\/jamonesblazquez.com\/es\/"},{"@type":"ListItem","position":2,"name":"Tienda online","item":"https:\/\/jamonesblazquez.com\/es\/?page_id=1992"},{"@type":"ListItem","position":3,"name":"Papada de bellota adobada curada"}]},{"@type":"WebSite","@id":"https:\/\/jamonesblazquez.com\/es\/#website","url":"https:\/\/jamonesblazquez.com\/es\/","name":"Jamones Bl\u00e1zquez","description":"Obedece a la Tentaci\u00f3n!","publisher":{"@id":"https:\/\/jamonesblazquez.com\/es\/#organization"},"potentialAction":[{"@type":"SearchAction","target":{"@type":"EntryPoint","urlTemplate":"https:\/\/jamonesblazquez.com\/es\/?s={search_term_string}"},"query-input":{"@type":"PropertyValueSpecification","valueRequired":true,"valueName":"search_term_string"}}],"inLanguage":"es"},{"@type":"Organization","@id":"https:\/\/jamonesblazquez.com\/es\/#organization","name":"Jamones Bl\u00e1zquez","url":"https:\/\/jamonesblazquez.com\/es\/","logo":{"@type":"ImageObject","inLanguage":"es","@id":"https:\/\/jamonesblazquez.com\/es\/#\/schema\/logo\/image\/","url":"https:\/\/jamonesblazquez.com\/wp-content\/uploads\/2019\/02\/Logo_Blazquez.png","contentUrl":"https:\/\/jamonesblazquez.com\/wp-content\/uploads\/2019\/02\/Logo_Blazquez.png","width":500,"height":132,"caption":"Jamones Bl\u00e1zquez"},"image":{"@id":"https:\/\/jamonesblazquez.com\/es\/#\/schema\/logo\/image\/"},"sameAs":["https:\/\/www.facebook.com\/JamonBlazquez\/","https:\/\/x.com\/jamonblazquez","https:\/\/www.instagram.com\/jamonblazquez\/","https:\/\/www.linkedin.com\/company\/10190869\/admin\/"]}]}},"_links":{"self":[{"href":"https:\/\/jamonesblazquez.com\/es\/wp-json\/wp\/v2\/product\/2061","targetHints":{"allow":["GET"]}}],"collection":[{"href":"https:\/\/jamonesblazquez.com\/es\/wp-json\/wp\/v2\/product"}],"about":[{"href":"https:\/\/jamonesblazquez.com\/es\/wp-json\/wp\/v2\/types\/product"}],"wp:featuredmedia":[{"embeddable":true,"href":"https:\/\/jamonesblazquez.com\/es\/wp-json\/wp\/v2\/media\/7281"}],"wp:attachment":[{"href":"https:\/\/jamonesblazquez.com\/es\/wp-json\/wp\/v2\/media?parent=2061"}],"wp:term":[{"taxonomy":"product_brand","embeddable":true,"href":"https:\/\/jamonesblazquez.com\/es\/wp-json\/wp\/v2\/product_brand?post=2061"},{"taxonomy":"product_cat","embeddable":true,"href":"https:\/\/jamonesblazquez.com\/es\/wp-json\/wp\/v2\/product_cat?post=2061"},{"taxonomy":"product_tag","embeddable":true,"href":"https:\/\/jamonesblazquez.com\/es\/wp-json\/wp\/v2\/product_tag?post=2061"}],"curies":[{"name":"wp","href":"https:\/\/api.w.org\/{rel}","templated":true}]}}