{"id":2066,"date":"2020-07-22T14:04:18","date_gmt":"2020-07-22T12:04:18","guid":{"rendered":"https:\/\/dev.jamonesblazquez.com\/blog\/producto\/chorizo-ib-bellota-unico\/"},"modified":"2025-06-16T13:27:05","modified_gmt":"2025-06-16T11:27:05","slug":"chorizo-jacinto-blazquez-bellota","status":"publish","type":"product","link":"https:\/\/jamonesblazquez.com\/es\/Producto\/chorizo-jacinto-blazquez-bellota\/","title":{"rendered":"Chorizo Jacinto Bl\u00e1zquez"},"content":{"rendered":"<p>Este chorizo se elabora para deleitar los paladares m\u00e1s exigentes, teniendo siempre en cuenta las ense\u00f1anzas impartidas por Jacinto Bl\u00e1zquez. La segunda generaci\u00f3n de una familia que, con orgullo, se dedica en cuerpo y alma a generar ADMIRACI\u00d3N, en<br \/>\nmay\u00fasculas.<\/p>\n<p>Estas piezas pertenecen a una selecci\u00f3n exclusiva y limitada, comercializadas bajo disponibilidad. \u00bfC\u00f3mo hacer de un embutido algo excepcional e incomparable como el Chorizo Jacinto Bl\u00e1zquez? Para conseguir hacer de este embutido un producto admirable, solo seleccionamos las piezas m\u00e1s nobles del cerdo, garantizando una experiencia culinaria \u00fanica.<\/p>\n<p>1\/2 de chorizo jacinto presentado en caja de lujo.<\/p>\n<h3>INGREDIENTES<\/h3>\n<p>Carne y grasa de cerdo, sal, piment\u00f3n, aceite de oliva virgen extra, especias, conservadores (E-250 y E-252), corrector de acidez (E-331 iii) y antioxidante (E-301 y E-392). Tripa natural de cerdo.<\/p>\n<h3>VALORES NUTRICIONALES (en 100g)<\/h3>\n<p>Valor energ\u00e9tico 2121 kJ \/ 510 Kcal,<\/p>\n<p>Prote\u00edna 25 g,<\/p>\n<p>Sal 4,2 g.<\/p>\n<ul>\n<li>Cantidad de grasa 44 g (de los cuales \u00e1cidos grasos saturados 16 g)<\/li>\n<li>Hidratos de carbono 3,2 g (de los cuales az\u00facares 0,5 g)<\/li>\n<\/ul>\n","protected":false},"excerpt":{"rendered":"<p>El Chorizo Jacinto Bl\u00e1zquez es un embutido exclusivo, elegido cuidadosamente<strong> bajo el criterio Bl\u00e1zquez<\/strong> para deleitar los paladares m\u00e1s exigentes, siguiendo las ense\u00f1anzas tradicionales de Jacinto Bl\u00e1zquez, sin normas ni patrones externos<\/p>\n","protected":false},"featured_media":9037,"template":"","meta":[],"product_brand":[],"product_cat":[680],"product_tag":[930,927,937,925,928,929,926],"class_list":{"0":"post-2066","1":"product","2":"type-product","3":"status-publish","4":"has-post-thumbnail","6":"product_cat-lo-mas-exclusivo","7":"product_tag-admiracion","8":"product_tag-calidad-premium","9":"product_tag-chorizo-jacinto-blazquez","10":"product_tag-embutido-exclusivo","11":"product_tag-paladares-exigentes","12":"product_tag-producto-limitado","13":"product_tag-seleccion-blazquez","15":"first","16":"instock","17":"taxable","18":"shipping-taxable","19":"product-type-simple"},"yoast_head":"<!-- This site is optimized with the Yoast SEO plugin v27.1.1 - https:\/\/yoast.com\/product\/yoast-seo-wordpress\/ -->\n<title>Comprar Chorizo Jacinto Bl\u00e1zquez - Jamones Bl\u00e1zquez<\/title>\n<meta name=\"description\" content=\"El Chorizo Jacinto Bl\u00e1zquez es un embutido exclusivo, elegido cuidadosamente bajo el criterio Bl\u00e1zquez para deleitar los paladares m\u00e1s exigentes, siguiendo las ense\u00f1anzas tradicionales de Jacinto Bl\u00e1zquez, sin normas ni patrones externos\" \/>\n<meta name=\"robots\" content=\"index, follow, max-snippet:-1, max-image-preview:large, max-video-preview:-1\" \/>\n<link rel=\"canonical\" href=\"https:\/\/jamonesblazquez.com\/es\/Producto\/chorizo-jacinto-blazquez-bellota\/\" \/>\n<meta property=\"og:locale\" content=\"es_ES\" \/>\n<meta property=\"og:type\" content=\"article\" \/>\n<meta property=\"og:title\" content=\"Comprar Chorizo Jacinto Bl\u00e1zquez - Jamones Bl\u00e1zquez\" \/>\n<meta property=\"og:description\" content=\"El Chorizo Jacinto Bl\u00e1zquez es un embutido exclusivo, elegido cuidadosamente bajo el criterio Bl\u00e1zquez para deleitar los paladares m\u00e1s exigentes, siguiendo las ense\u00f1anzas tradicionales de Jacinto Bl\u00e1zquez, sin normas ni patrones externos\" \/>\n<meta property=\"og:url\" content=\"https:\/\/jamonesblazquez.com\/es\/Producto\/chorizo-jacinto-blazquez-bellota\/\" \/>\n<meta property=\"og:site_name\" content=\"Jamones Bl\u00e1zquez\" \/>\n<meta property=\"article:publisher\" content=\"https:\/\/www.facebook.com\/JamonBlazquez\/\" \/>\n<meta property=\"article:modified_time\" content=\"2025-06-16T11:27:05+00:00\" \/>\n<meta property=\"og:image\" content=\"https:\/\/jamonesblazquez.com\/wp-content\/uploads\/2020\/07\/CHORIZO-JACINTO-BLAZQUEZ-3.jpg\" \/>\n\t<meta property=\"og:image:width\" content=\"1080\" \/>\n\t<meta property=\"og:image:height\" content=\"1080\" \/>\n\t<meta property=\"og:image:type\" content=\"image\/jpeg\" \/>\n<meta name=\"twitter:card\" content=\"summary_large_image\" \/>\n<meta name=\"twitter:site\" content=\"@jamonblazquez\" \/>\n<meta name=\"twitter:label1\" content=\"Tiempo de lectura\" \/>\n\t<meta name=\"twitter:data1\" content=\"1 minuto\" \/>\n<script type=\"application\/ld+json\" class=\"yoast-schema-graph\">{\"@context\":\"https:\/\/schema.org\",\"@graph\":[{\"@type\":[\"WebPage\",\"ItemPage\"],\"@id\":\"https:\/\/jamonesblazquez.com\/es\/Producto\/chorizo-jacinto-blazquez-bellota\/\",\"url\":\"https:\/\/jamonesblazquez.com\/es\/Producto\/chorizo-jacinto-blazquez-bellota\/\",\"name\":\"Comprar Chorizo Jacinto Bl\u00e1zquez - Jamones Bl\u00e1zquez\",\"isPartOf\":{\"@id\":\"https:\/\/jamonesblazquez.com\/es\/#website\"},\"primaryImageOfPage\":{\"@id\":\"https:\/\/jamonesblazquez.com\/es\/Producto\/chorizo-jacinto-blazquez-bellota\/#primaryimage\"},\"image\":{\"@id\":\"https:\/\/jamonesblazquez.com\/es\/Producto\/chorizo-jacinto-blazquez-bellota\/#primaryimage\"},\"thumbnailUrl\":\"https:\/\/jamonesblazquez.com\/wp-content\/uploads\/2020\/07\/CHORIZO-JACINTO-BLAZQUEZ-3.jpg\",\"datePublished\":\"2020-07-22T12:04:18+00:00\",\"dateModified\":\"2025-06-16T11:27:05+00:00\",\"description\":\"El Chorizo Jacinto Bl\u00e1zquez es un embutido exclusivo, elegido cuidadosamente bajo el criterio Bl\u00e1zquez para deleitar los paladares m\u00e1s exigentes, siguiendo las ense\u00f1anzas tradicionales de Jacinto Bl\u00e1zquez, sin normas ni patrones externos\",\"breadcrumb\":{\"@id\":\"https:\/\/jamonesblazquez.com\/es\/Producto\/chorizo-jacinto-blazquez-bellota\/#breadcrumb\"},\"inLanguage\":\"es\",\"potentialAction\":[{\"@type\":\"ReadAction\",\"target\":[\"https:\/\/jamonesblazquez.com\/es\/Producto\/chorizo-jacinto-blazquez-bellota\/\"]}]},{\"@type\":\"ImageObject\",\"inLanguage\":\"es\",\"@id\":\"https:\/\/jamonesblazquez.com\/es\/Producto\/chorizo-jacinto-blazquez-bellota\/#primaryimage\",\"url\":\"https:\/\/jamonesblazquez.com\/wp-content\/uploads\/2020\/07\/CHORIZO-JACINTO-BLAZQUEZ-3.jpg\",\"contentUrl\":\"https:\/\/jamonesblazquez.com\/wp-content\/uploads\/2020\/07\/CHORIZO-JACINTO-BLAZQUEZ-3.jpg\",\"width\":1080,\"height\":1080,\"caption\":\"CHORIZO JACINTO BL\u00c1ZQUEZ (3)\"},{\"@type\":\"BreadcrumbList\",\"@id\":\"https:\/\/jamonesblazquez.com\/es\/Producto\/chorizo-jacinto-blazquez-bellota\/#breadcrumb\",\"itemListElement\":[{\"@type\":\"ListItem\",\"position\":1,\"name\":\"Portada\",\"item\":\"https:\/\/jamonesblazquez.com\/es\/\"},{\"@type\":\"ListItem\",\"position\":2,\"name\":\"Tienda online\",\"item\":\"https:\/\/jamonesblazquez.com\/es\/?page_id=1992\"},{\"@type\":\"ListItem\",\"position\":3,\"name\":\"Chorizo Jacinto Bl\u00e1zquez\"}]},{\"@type\":\"WebSite\",\"@id\":\"https:\/\/jamonesblazquez.com\/es\/#website\",\"url\":\"https:\/\/jamonesblazquez.com\/es\/\",\"name\":\"Jamones Bl\u00e1zquez\",\"description\":\"Obedece a la Tentaci\u00f3n!\",\"publisher\":{\"@id\":\"https:\/\/jamonesblazquez.com\/es\/#organization\"},\"potentialAction\":[{\"@type\":\"SearchAction\",\"target\":{\"@type\":\"EntryPoint\",\"urlTemplate\":\"https:\/\/jamonesblazquez.com\/es\/?s={search_term_string}\"},\"query-input\":{\"@type\":\"PropertyValueSpecification\",\"valueRequired\":true,\"valueName\":\"search_term_string\"}}],\"inLanguage\":\"es\"},{\"@type\":\"Organization\",\"@id\":\"https:\/\/jamonesblazquez.com\/es\/#organization\",\"name\":\"Jamones Bl\u00e1zquez\",\"url\":\"https:\/\/jamonesblazquez.com\/es\/\",\"logo\":{\"@type\":\"ImageObject\",\"inLanguage\":\"es\",\"@id\":\"https:\/\/jamonesblazquez.com\/es\/#\/schema\/logo\/image\/\",\"url\":\"https:\/\/jamonesblazquez.com\/wp-content\/uploads\/2019\/02\/Logo_Blazquez.png\",\"contentUrl\":\"https:\/\/jamonesblazquez.com\/wp-content\/uploads\/2019\/02\/Logo_Blazquez.png\",\"width\":500,\"height\":132,\"caption\":\"Jamones Bl\u00e1zquez\"},\"image\":{\"@id\":\"https:\/\/jamonesblazquez.com\/es\/#\/schema\/logo\/image\/\"},\"sameAs\":[\"https:\/\/www.facebook.com\/JamonBlazquez\/\",\"https:\/\/x.com\/jamonblazquez\",\"https:\/\/www.instagram.com\/jamonblazquez\/\",\"https:\/\/www.linkedin.com\/company\/10190869\/admin\/\"]}]}<\/script>\n<!-- \/ Yoast SEO plugin. -->","yoast_head_json":{"title":"Comprar Chorizo Jacinto Bl\u00e1zquez - Jamones Bl\u00e1zquez","description":"El Chorizo Jacinto Bl\u00e1zquez es un embutido exclusivo, elegido cuidadosamente bajo el criterio Bl\u00e1zquez para deleitar los paladares m\u00e1s exigentes, siguiendo las ense\u00f1anzas tradicionales de Jacinto Bl\u00e1zquez, sin normas ni patrones externos","robots":{"index":"index","follow":"follow","max-snippet":"max-snippet:-1","max-image-preview":"max-image-preview:large","max-video-preview":"max-video-preview:-1"},"canonical":"https:\/\/jamonesblazquez.com\/es\/Producto\/chorizo-jacinto-blazquez-bellota\/","og_locale":"es_ES","og_type":"article","og_title":"Comprar Chorizo Jacinto Bl\u00e1zquez - Jamones Bl\u00e1zquez","og_description":"El Chorizo Jacinto Bl\u00e1zquez es un embutido exclusivo, elegido cuidadosamente bajo el criterio Bl\u00e1zquez para deleitar los paladares m\u00e1s exigentes, siguiendo las ense\u00f1anzas tradicionales de Jacinto Bl\u00e1zquez, sin normas ni patrones externos","og_url":"https:\/\/jamonesblazquez.com\/es\/Producto\/chorizo-jacinto-blazquez-bellota\/","og_site_name":"Jamones Bl\u00e1zquez","article_publisher":"https:\/\/www.facebook.com\/JamonBlazquez\/","article_modified_time":"2025-06-16T11:27:05+00:00","og_image":[{"width":1080,"height":1080,"url":"https:\/\/jamonesblazquez.com\/wp-content\/uploads\/2020\/07\/CHORIZO-JACINTO-BLAZQUEZ-3.jpg","type":"image\/jpeg"}],"twitter_card":"summary_large_image","twitter_site":"@jamonblazquez","twitter_misc":{"Tiempo de lectura":"1 minuto"},"schema":{"@context":"https:\/\/schema.org","@graph":[{"@type":["WebPage","ItemPage"],"@id":"https:\/\/jamonesblazquez.com\/es\/Producto\/chorizo-jacinto-blazquez-bellota\/","url":"https:\/\/jamonesblazquez.com\/es\/Producto\/chorizo-jacinto-blazquez-bellota\/","name":"Comprar Chorizo Jacinto Bl\u00e1zquez - Jamones Bl\u00e1zquez","isPartOf":{"@id":"https:\/\/jamonesblazquez.com\/es\/#website"},"primaryImageOfPage":{"@id":"https:\/\/jamonesblazquez.com\/es\/Producto\/chorizo-jacinto-blazquez-bellota\/#primaryimage"},"image":{"@id":"https:\/\/jamonesblazquez.com\/es\/Producto\/chorizo-jacinto-blazquez-bellota\/#primaryimage"},"thumbnailUrl":"https:\/\/jamonesblazquez.com\/wp-content\/uploads\/2020\/07\/CHORIZO-JACINTO-BLAZQUEZ-3.jpg","datePublished":"2020-07-22T12:04:18+00:00","dateModified":"2025-06-16T11:27:05+00:00","description":"El Chorizo Jacinto Bl\u00e1zquez es un embutido exclusivo, elegido cuidadosamente bajo el criterio Bl\u00e1zquez para deleitar los paladares m\u00e1s exigentes, siguiendo las ense\u00f1anzas tradicionales de Jacinto Bl\u00e1zquez, sin normas ni patrones externos","breadcrumb":{"@id":"https:\/\/jamonesblazquez.com\/es\/Producto\/chorizo-jacinto-blazquez-bellota\/#breadcrumb"},"inLanguage":"es","potentialAction":[{"@type":"ReadAction","target":["https:\/\/jamonesblazquez.com\/es\/Producto\/chorizo-jacinto-blazquez-bellota\/"]}]},{"@type":"ImageObject","inLanguage":"es","@id":"https:\/\/jamonesblazquez.com\/es\/Producto\/chorizo-jacinto-blazquez-bellota\/#primaryimage","url":"https:\/\/jamonesblazquez.com\/wp-content\/uploads\/2020\/07\/CHORIZO-JACINTO-BLAZQUEZ-3.jpg","contentUrl":"https:\/\/jamonesblazquez.com\/wp-content\/uploads\/2020\/07\/CHORIZO-JACINTO-BLAZQUEZ-3.jpg","width":1080,"height":1080,"caption":"CHORIZO JACINTO BL\u00c1ZQUEZ (3)"},{"@type":"BreadcrumbList","@id":"https:\/\/jamonesblazquez.com\/es\/Producto\/chorizo-jacinto-blazquez-bellota\/#breadcrumb","itemListElement":[{"@type":"ListItem","position":1,"name":"Portada","item":"https:\/\/jamonesblazquez.com\/es\/"},{"@type":"ListItem","position":2,"name":"Tienda online","item":"https:\/\/jamonesblazquez.com\/es\/?page_id=1992"},{"@type":"ListItem","position":3,"name":"Chorizo Jacinto Bl\u00e1zquez"}]},{"@type":"WebSite","@id":"https:\/\/jamonesblazquez.com\/es\/#website","url":"https:\/\/jamonesblazquez.com\/es\/","name":"Jamones Bl\u00e1zquez","description":"Obedece a la Tentaci\u00f3n!","publisher":{"@id":"https:\/\/jamonesblazquez.com\/es\/#organization"},"potentialAction":[{"@type":"SearchAction","target":{"@type":"EntryPoint","urlTemplate":"https:\/\/jamonesblazquez.com\/es\/?s={search_term_string}"},"query-input":{"@type":"PropertyValueSpecification","valueRequired":true,"valueName":"search_term_string"}}],"inLanguage":"es"},{"@type":"Organization","@id":"https:\/\/jamonesblazquez.com\/es\/#organization","name":"Jamones Bl\u00e1zquez","url":"https:\/\/jamonesblazquez.com\/es\/","logo":{"@type":"ImageObject","inLanguage":"es","@id":"https:\/\/jamonesblazquez.com\/es\/#\/schema\/logo\/image\/","url":"https:\/\/jamonesblazquez.com\/wp-content\/uploads\/2019\/02\/Logo_Blazquez.png","contentUrl":"https:\/\/jamonesblazquez.com\/wp-content\/uploads\/2019\/02\/Logo_Blazquez.png","width":500,"height":132,"caption":"Jamones Bl\u00e1zquez"},"image":{"@id":"https:\/\/jamonesblazquez.com\/es\/#\/schema\/logo\/image\/"},"sameAs":["https:\/\/www.facebook.com\/JamonBlazquez\/","https:\/\/x.com\/jamonblazquez","https:\/\/www.instagram.com\/jamonblazquez\/","https:\/\/www.linkedin.com\/company\/10190869\/admin\/"]}]}},"_links":{"self":[{"href":"https:\/\/jamonesblazquez.com\/es\/wp-json\/wp\/v2\/product\/2066","targetHints":{"allow":["GET"]}}],"collection":[{"href":"https:\/\/jamonesblazquez.com\/es\/wp-json\/wp\/v2\/product"}],"about":[{"href":"https:\/\/jamonesblazquez.com\/es\/wp-json\/wp\/v2\/types\/product"}],"wp:featuredmedia":[{"embeddable":true,"href":"https:\/\/jamonesblazquez.com\/es\/wp-json\/wp\/v2\/media\/9037"}],"wp:attachment":[{"href":"https:\/\/jamonesblazquez.com\/es\/wp-json\/wp\/v2\/media?parent=2066"}],"wp:term":[{"taxonomy":"product_brand","embeddable":true,"href":"https:\/\/jamonesblazquez.com\/es\/wp-json\/wp\/v2\/product_brand?post=2066"},{"taxonomy":"product_cat","embeddable":true,"href":"https:\/\/jamonesblazquez.com\/es\/wp-json\/wp\/v2\/product_cat?post=2066"},{"taxonomy":"product_tag","embeddable":true,"href":"https:\/\/jamonesblazquez.com\/es\/wp-json\/wp\/v2\/product_tag?post=2066"}],"curies":[{"name":"wp","href":"https:\/\/api.w.org\/{rel}","templated":true}]}}