{"id":2069,"date":"2020-07-22T14:04:18","date_gmt":"2020-07-22T12:04:18","guid":{"rendered":"https:\/\/dev.jamonesblazquez.com\/blog\/producto\/salchichon-ib-bellota-unico\/"},"modified":"2025-05-16T11:00:58","modified_gmt":"2025-05-16T09:00:58","slug":"salchichon-jacinto-blazquez","status":"publish","type":"product","link":"https:\/\/jamonesblazquez.com\/es\/Producto\/salchichon-jacinto-blazquez\/","title":{"rendered":"SALCHICH\u00d3N JACINTO BL\u00c1ZQUEZ"},"content":{"rendered":"<div class=\"wpb-content-wrapper\"><p>[vc_row css_animation=\u00bb\u00bb row_type=\u00bbrow\u00bb use_row_as_full_screen_section=\u00bbno\u00bb type=\u00bbfull_width\u00bb angled_section=\u00bbno\u00bb text_align=\u00bbleft\u00bb background_image_as_pattern=\u00bbwithout_pattern\u00bb][vc_column][vc_column_text]Este salchich\u00f3n se elabora para deleitar los paladares m\u00e1s exigentes, teniendo siempre en cuenta las ense\u00f1anzas impartidas por Jacinto Bl\u00e1zquez. La segunda generaci\u00f3n de una familia que, con orgullo, se dedica en cuerpo y alma a generar ADMIRACI\u00d3N, en may\u00fasculas.<br \/>\nEstas piezas pertenecen a una selecci\u00f3n exclusiva y limitada, comercializadas bajo disponibilidad.<\/p>\n<p>\u00bfC\u00f3mo hacer de un embutido algo excepcional e incomparable como el Salchich\u00f3n Jacinto Bl\u00e1zquez? Para conseguir hacer de este embutido un producto admirable, solo seleccionamos las piezas m\u00e1s nobles del cerdo, garantizando una<br \/>\nexperiencia culinaria \u00fanica<\/p>\n<p>1\/2 de salchich\u00f3n jacinto presentado en caja de lujo.<\/p>\n<h3>INGREDIENTES<\/h3>\n<p>Carne de cerdo, sal, dextrosa, <span class=\"alergenos\">lactosa<\/span>, <span class=\"alergenos\">prote\u00edna de leche<\/span>, <span class=\"alergenos\">leche desnatada en polvo<\/span>, especias, conservadores (E-250 y E-252), corrector de acidez (E-331iii) y antioxidante (E-301). Tripa natural de cerdo.<\/p>\n<h3>VALORES NUTRICIONALES (en 100g)<\/h3>\n<p>Valor energ\u00e9tico: 514 kcal \/ 2129 kJ<br \/>\nProte\u00ednas (g): 44,4<br \/>\nHidratos de carbono (g): &lt;1<br \/>\n&#8211; De los cuales az\u00facares: (g): &lt;0,5<br \/>\nGrasas (g): 44,4<br \/>\n&#8211; De las cuales saturadas (g): 18<br \/>\nSal (g): 2,5[\/vc_column_text][\/vc_column][\/vc_row]<\/p>\n<\/div>","protected":false},"excerpt":{"rendered":"<p>El Salchich\u00f3n Jacinto Bl\u00e1zquez es un embutido exclusivo, seleccionado <strong>bajo el criterio Bl\u00e1zquez<\/strong> para satisfacer los paladares m\u00e1s exigentes, siguiendo las ense\u00f1anzas tradicionales de Jacinto Bl\u00e1zquez, sin normas ni patrones externos.<\/p>\n","protected":false},"featured_media":9010,"template":"","meta":[],"product_brand":[],"product_cat":[680],"product_tag":[930,927,925,928,929,924,926],"class_list":{"0":"post-2069","1":"product","2":"type-product","3":"status-publish","4":"has-post-thumbnail","6":"product_cat-lo-mas-exclusivo","7":"product_tag-admiracion","8":"product_tag-calidad-premium","9":"product_tag-embutido-exclusivo","10":"product_tag-paladares-exigentes","11":"product_tag-producto-limitado","12":"product_tag-salchichon-jacinto-blazquez","13":"product_tag-seleccion-blazquez","15":"first","16":"instock","17":"taxable","18":"shipping-taxable","19":"product-type-simple"},"yoast_head":"<!-- This site is optimized with the Yoast SEO plugin v27.1.1 - https:\/\/yoast.com\/product\/yoast-seo-wordpress\/ -->\n<title>Comprar SALCHICH\u00d3N JACINTO BL\u00c1ZQUEZ - Jamones Bl\u00e1zquez<\/title>\n<meta name=\"description\" content=\"El Salchich\u00f3n Jacinto Bl\u00e1zquez es un embutido exclusivo, seleccionado bajo el criterio Bl\u00e1zquez para satisfacer los paladares m\u00e1s exigentes, siguiendo las ense\u00f1anzas tradicionales de Jacinto Bl\u00e1zquez, sin normas ni patrones externos.\" \/>\n<meta name=\"robots\" content=\"index, follow, max-snippet:-1, max-image-preview:large, max-video-preview:-1\" \/>\n<link rel=\"canonical\" href=\"https:\/\/jamonesblazquez.com\/es\/Producto\/salchichon-jacinto-blazquez\/\" \/>\n<meta property=\"og:locale\" content=\"es_ES\" \/>\n<meta property=\"og:type\" content=\"article\" \/>\n<meta property=\"og:title\" content=\"Comprar SALCHICH\u00d3N JACINTO BL\u00c1ZQUEZ - Jamones Bl\u00e1zquez\" \/>\n<meta property=\"og:description\" content=\"El Salchich\u00f3n Jacinto Bl\u00e1zquez es un embutido exclusivo, seleccionado bajo el criterio Bl\u00e1zquez para satisfacer los paladares m\u00e1s exigentes, siguiendo las ense\u00f1anzas tradicionales de Jacinto Bl\u00e1zquez, sin normas ni patrones externos.\" \/>\n<meta property=\"og:url\" content=\"https:\/\/jamonesblazquez.com\/es\/Producto\/salchichon-jacinto-blazquez\/\" \/>\n<meta property=\"og:site_name\" content=\"Jamones Bl\u00e1zquez\" \/>\n<meta property=\"article:publisher\" content=\"https:\/\/www.facebook.com\/JamonBlazquez\/\" \/>\n<meta property=\"article:modified_time\" content=\"2025-05-16T09:00:58+00:00\" \/>\n<meta property=\"og:image\" content=\"https:\/\/jamonesblazquez.com\/wp-content\/uploads\/2020\/07\/SALCHICHON-JACINTO-BLAZQUEZ-4.jpg\" \/>\n\t<meta property=\"og:image:width\" content=\"1080\" \/>\n\t<meta property=\"og:image:height\" content=\"1080\" \/>\n\t<meta property=\"og:image:type\" content=\"image\/jpeg\" \/>\n<meta name=\"twitter:card\" content=\"summary_large_image\" \/>\n<meta name=\"twitter:site\" content=\"@jamonblazquez\" \/>\n<meta name=\"twitter:label1\" content=\"Tiempo de lectura\" \/>\n\t<meta name=\"twitter:data1\" content=\"1 minuto\" \/>\n<script type=\"application\/ld+json\" class=\"yoast-schema-graph\">{\"@context\":\"https:\/\/schema.org\",\"@graph\":[{\"@type\":[\"WebPage\",\"ItemPage\"],\"@id\":\"https:\/\/jamonesblazquez.com\/es\/Producto\/salchichon-jacinto-blazquez\/\",\"url\":\"https:\/\/jamonesblazquez.com\/es\/Producto\/salchichon-jacinto-blazquez\/\",\"name\":\"Comprar SALCHICH\u00d3N JACINTO BL\u00c1ZQUEZ - Jamones Bl\u00e1zquez\",\"isPartOf\":{\"@id\":\"https:\/\/jamonesblazquez.com\/es\/#website\"},\"primaryImageOfPage\":{\"@id\":\"https:\/\/jamonesblazquez.com\/es\/Producto\/salchichon-jacinto-blazquez\/#primaryimage\"},\"image\":{\"@id\":\"https:\/\/jamonesblazquez.com\/es\/Producto\/salchichon-jacinto-blazquez\/#primaryimage\"},\"thumbnailUrl\":\"https:\/\/jamonesblazquez.com\/wp-content\/uploads\/2020\/07\/SALCHICHON-JACINTO-BLAZQUEZ-4.jpg\",\"datePublished\":\"2020-07-22T12:04:18+00:00\",\"dateModified\":\"2025-05-16T09:00:58+00:00\",\"description\":\"El Salchich\u00f3n Jacinto Bl\u00e1zquez es un embutido exclusivo, seleccionado bajo el criterio Bl\u00e1zquez para satisfacer los paladares m\u00e1s exigentes, siguiendo las ense\u00f1anzas tradicionales de Jacinto Bl\u00e1zquez, sin normas ni patrones externos.\",\"breadcrumb\":{\"@id\":\"https:\/\/jamonesblazquez.com\/es\/Producto\/salchichon-jacinto-blazquez\/#breadcrumb\"},\"inLanguage\":\"es\",\"potentialAction\":[{\"@type\":\"ReadAction\",\"target\":[\"https:\/\/jamonesblazquez.com\/es\/Producto\/salchichon-jacinto-blazquez\/\"]}]},{\"@type\":\"ImageObject\",\"inLanguage\":\"es\",\"@id\":\"https:\/\/jamonesblazquez.com\/es\/Producto\/salchichon-jacinto-blazquez\/#primaryimage\",\"url\":\"https:\/\/jamonesblazquez.com\/wp-content\/uploads\/2020\/07\/SALCHICHON-JACINTO-BLAZQUEZ-4.jpg\",\"contentUrl\":\"https:\/\/jamonesblazquez.com\/wp-content\/uploads\/2020\/07\/SALCHICHON-JACINTO-BLAZQUEZ-4.jpg\",\"width\":1080,\"height\":1080,\"caption\":\"SALCHICH\u00d3N JACINTO BL\u00c1ZQUEZ (5)\"},{\"@type\":\"BreadcrumbList\",\"@id\":\"https:\/\/jamonesblazquez.com\/es\/Producto\/salchichon-jacinto-blazquez\/#breadcrumb\",\"itemListElement\":[{\"@type\":\"ListItem\",\"position\":1,\"name\":\"Portada\",\"item\":\"https:\/\/jamonesblazquez.com\/es\/\"},{\"@type\":\"ListItem\",\"position\":2,\"name\":\"Tienda online\",\"item\":\"https:\/\/jamonesblazquez.com\/es\/?page_id=1992\"},{\"@type\":\"ListItem\",\"position\":3,\"name\":\"SALCHICH\u00d3N JACINTO BL\u00c1ZQUEZ\"}]},{\"@type\":\"WebSite\",\"@id\":\"https:\/\/jamonesblazquez.com\/es\/#website\",\"url\":\"https:\/\/jamonesblazquez.com\/es\/\",\"name\":\"Jamones Bl\u00e1zquez\",\"description\":\"Obedece a la Tentaci\u00f3n!\",\"publisher\":{\"@id\":\"https:\/\/jamonesblazquez.com\/es\/#organization\"},\"potentialAction\":[{\"@type\":\"SearchAction\",\"target\":{\"@type\":\"EntryPoint\",\"urlTemplate\":\"https:\/\/jamonesblazquez.com\/es\/?s={search_term_string}\"},\"query-input\":{\"@type\":\"PropertyValueSpecification\",\"valueRequired\":true,\"valueName\":\"search_term_string\"}}],\"inLanguage\":\"es\"},{\"@type\":\"Organization\",\"@id\":\"https:\/\/jamonesblazquez.com\/es\/#organization\",\"name\":\"Jamones Bl\u00e1zquez\",\"url\":\"https:\/\/jamonesblazquez.com\/es\/\",\"logo\":{\"@type\":\"ImageObject\",\"inLanguage\":\"es\",\"@id\":\"https:\/\/jamonesblazquez.com\/es\/#\/schema\/logo\/image\/\",\"url\":\"https:\/\/jamonesblazquez.com\/wp-content\/uploads\/2019\/02\/Logo_Blazquez.png\",\"contentUrl\":\"https:\/\/jamonesblazquez.com\/wp-content\/uploads\/2019\/02\/Logo_Blazquez.png\",\"width\":500,\"height\":132,\"caption\":\"Jamones Bl\u00e1zquez\"},\"image\":{\"@id\":\"https:\/\/jamonesblazquez.com\/es\/#\/schema\/logo\/image\/\"},\"sameAs\":[\"https:\/\/www.facebook.com\/JamonBlazquez\/\",\"https:\/\/x.com\/jamonblazquez\",\"https:\/\/www.instagram.com\/jamonblazquez\/\",\"https:\/\/www.linkedin.com\/company\/10190869\/admin\/\"]}]}<\/script>\n<!-- \/ Yoast SEO plugin. -->","yoast_head_json":{"title":"Comprar SALCHICH\u00d3N JACINTO BL\u00c1ZQUEZ - Jamones Bl\u00e1zquez","description":"El Salchich\u00f3n Jacinto Bl\u00e1zquez es un embutido exclusivo, seleccionado bajo el criterio Bl\u00e1zquez para satisfacer los paladares m\u00e1s exigentes, siguiendo las ense\u00f1anzas tradicionales de Jacinto Bl\u00e1zquez, sin normas ni patrones externos.","robots":{"index":"index","follow":"follow","max-snippet":"max-snippet:-1","max-image-preview":"max-image-preview:large","max-video-preview":"max-video-preview:-1"},"canonical":"https:\/\/jamonesblazquez.com\/es\/Producto\/salchichon-jacinto-blazquez\/","og_locale":"es_ES","og_type":"article","og_title":"Comprar SALCHICH\u00d3N JACINTO BL\u00c1ZQUEZ - Jamones Bl\u00e1zquez","og_description":"El Salchich\u00f3n Jacinto Bl\u00e1zquez es un embutido exclusivo, seleccionado bajo el criterio Bl\u00e1zquez para satisfacer los paladares m\u00e1s exigentes, siguiendo las ense\u00f1anzas tradicionales de Jacinto Bl\u00e1zquez, sin normas ni patrones externos.","og_url":"https:\/\/jamonesblazquez.com\/es\/Producto\/salchichon-jacinto-blazquez\/","og_site_name":"Jamones Bl\u00e1zquez","article_publisher":"https:\/\/www.facebook.com\/JamonBlazquez\/","article_modified_time":"2025-05-16T09:00:58+00:00","og_image":[{"width":1080,"height":1080,"url":"https:\/\/jamonesblazquez.com\/wp-content\/uploads\/2020\/07\/SALCHICHON-JACINTO-BLAZQUEZ-4.jpg","type":"image\/jpeg"}],"twitter_card":"summary_large_image","twitter_site":"@jamonblazquez","twitter_misc":{"Tiempo de lectura":"1 minuto"},"schema":{"@context":"https:\/\/schema.org","@graph":[{"@type":["WebPage","ItemPage"],"@id":"https:\/\/jamonesblazquez.com\/es\/Producto\/salchichon-jacinto-blazquez\/","url":"https:\/\/jamonesblazquez.com\/es\/Producto\/salchichon-jacinto-blazquez\/","name":"Comprar SALCHICH\u00d3N JACINTO BL\u00c1ZQUEZ - Jamones Bl\u00e1zquez","isPartOf":{"@id":"https:\/\/jamonesblazquez.com\/es\/#website"},"primaryImageOfPage":{"@id":"https:\/\/jamonesblazquez.com\/es\/Producto\/salchichon-jacinto-blazquez\/#primaryimage"},"image":{"@id":"https:\/\/jamonesblazquez.com\/es\/Producto\/salchichon-jacinto-blazquez\/#primaryimage"},"thumbnailUrl":"https:\/\/jamonesblazquez.com\/wp-content\/uploads\/2020\/07\/SALCHICHON-JACINTO-BLAZQUEZ-4.jpg","datePublished":"2020-07-22T12:04:18+00:00","dateModified":"2025-05-16T09:00:58+00:00","description":"El Salchich\u00f3n Jacinto Bl\u00e1zquez es un embutido exclusivo, seleccionado bajo el criterio Bl\u00e1zquez para satisfacer los paladares m\u00e1s exigentes, siguiendo las ense\u00f1anzas tradicionales de Jacinto Bl\u00e1zquez, sin normas ni patrones externos.","breadcrumb":{"@id":"https:\/\/jamonesblazquez.com\/es\/Producto\/salchichon-jacinto-blazquez\/#breadcrumb"},"inLanguage":"es","potentialAction":[{"@type":"ReadAction","target":["https:\/\/jamonesblazquez.com\/es\/Producto\/salchichon-jacinto-blazquez\/"]}]},{"@type":"ImageObject","inLanguage":"es","@id":"https:\/\/jamonesblazquez.com\/es\/Producto\/salchichon-jacinto-blazquez\/#primaryimage","url":"https:\/\/jamonesblazquez.com\/wp-content\/uploads\/2020\/07\/SALCHICHON-JACINTO-BLAZQUEZ-4.jpg","contentUrl":"https:\/\/jamonesblazquez.com\/wp-content\/uploads\/2020\/07\/SALCHICHON-JACINTO-BLAZQUEZ-4.jpg","width":1080,"height":1080,"caption":"SALCHICH\u00d3N JACINTO BL\u00c1ZQUEZ (5)"},{"@type":"BreadcrumbList","@id":"https:\/\/jamonesblazquez.com\/es\/Producto\/salchichon-jacinto-blazquez\/#breadcrumb","itemListElement":[{"@type":"ListItem","position":1,"name":"Portada","item":"https:\/\/jamonesblazquez.com\/es\/"},{"@type":"ListItem","position":2,"name":"Tienda online","item":"https:\/\/jamonesblazquez.com\/es\/?page_id=1992"},{"@type":"ListItem","position":3,"name":"SALCHICH\u00d3N JACINTO BL\u00c1ZQUEZ"}]},{"@type":"WebSite","@id":"https:\/\/jamonesblazquez.com\/es\/#website","url":"https:\/\/jamonesblazquez.com\/es\/","name":"Jamones Bl\u00e1zquez","description":"Obedece a la Tentaci\u00f3n!","publisher":{"@id":"https:\/\/jamonesblazquez.com\/es\/#organization"},"potentialAction":[{"@type":"SearchAction","target":{"@type":"EntryPoint","urlTemplate":"https:\/\/jamonesblazquez.com\/es\/?s={search_term_string}"},"query-input":{"@type":"PropertyValueSpecification","valueRequired":true,"valueName":"search_term_string"}}],"inLanguage":"es"},{"@type":"Organization","@id":"https:\/\/jamonesblazquez.com\/es\/#organization","name":"Jamones Bl\u00e1zquez","url":"https:\/\/jamonesblazquez.com\/es\/","logo":{"@type":"ImageObject","inLanguage":"es","@id":"https:\/\/jamonesblazquez.com\/es\/#\/schema\/logo\/image\/","url":"https:\/\/jamonesblazquez.com\/wp-content\/uploads\/2019\/02\/Logo_Blazquez.png","contentUrl":"https:\/\/jamonesblazquez.com\/wp-content\/uploads\/2019\/02\/Logo_Blazquez.png","width":500,"height":132,"caption":"Jamones Bl\u00e1zquez"},"image":{"@id":"https:\/\/jamonesblazquez.com\/es\/#\/schema\/logo\/image\/"},"sameAs":["https:\/\/www.facebook.com\/JamonBlazquez\/","https:\/\/x.com\/jamonblazquez","https:\/\/www.instagram.com\/jamonblazquez\/","https:\/\/www.linkedin.com\/company\/10190869\/admin\/"]}]}},"_links":{"self":[{"href":"https:\/\/jamonesblazquez.com\/es\/wp-json\/wp\/v2\/product\/2069","targetHints":{"allow":["GET"]}}],"collection":[{"href":"https:\/\/jamonesblazquez.com\/es\/wp-json\/wp\/v2\/product"}],"about":[{"href":"https:\/\/jamonesblazquez.com\/es\/wp-json\/wp\/v2\/types\/product"}],"wp:featuredmedia":[{"embeddable":true,"href":"https:\/\/jamonesblazquez.com\/es\/wp-json\/wp\/v2\/media\/9010"}],"wp:attachment":[{"href":"https:\/\/jamonesblazquez.com\/es\/wp-json\/wp\/v2\/media?parent=2069"}],"wp:term":[{"taxonomy":"product_brand","embeddable":true,"href":"https:\/\/jamonesblazquez.com\/es\/wp-json\/wp\/v2\/product_brand?post=2069"},{"taxonomy":"product_cat","embeddable":true,"href":"https:\/\/jamonesblazquez.com\/es\/wp-json\/wp\/v2\/product_cat?post=2069"},{"taxonomy":"product_tag","embeddable":true,"href":"https:\/\/jamonesblazquez.com\/es\/wp-json\/wp\/v2\/product_tag?post=2069"}],"curies":[{"name":"wp","href":"https:\/\/api.w.org\/{rel}","templated":true}]}}