{"id":2070,"date":"2020-07-22T14:04:18","date_gmt":"2020-07-22T12:04:18","guid":{"rendered":"https:\/\/dev.jamonesblazquez.com\/blog\/producto\/caja-diamond\/"},"modified":"2025-05-16T11:00:53","modified_gmt":"2025-05-16T09:00:53","slug":"caja-diamond-surtido","status":"publish","type":"product","link":"https:\/\/jamonesblazquez.com\/es\/Producto\/caja-diamond-surtido\/","title":{"rendered":"CAJA DIAMOND SURTIDO"},"content":{"rendered":"<div class=\"wpb-content-wrapper\"><p>[vc_row css_animation=\u00bb\u00bb row_type=\u00bbrow\u00bb use_row_as_full_screen_section=\u00bbno\u00bb type=\u00bbfull_width\u00bb angled_section=\u00bbno\u00bb text_align=\u00bbleft\u00bb background_image_as_pattern=\u00bbwithout_pattern\u00bb][vc_column][vc_column_text]Piezas escogidas de nuestros cerdos Bl\u00e1zquez criados en libertad en la naturaleza de nuestras dehesas.<\/p>\n<p>Caja Met\u00e1lica con 5 loncheados Admiraci\u00f3n BELLOTA:[\/vc_column_text][\/vc_column][\/vc_row][vc_row css_animation=\u00bb\u00bb row_type=\u00bbrow\u00bb use_row_as_full_screen_section=\u00bbno\u00bb type=\u00bbfull_width\u00bb angled_section=\u00bbno\u00bb text_align=\u00bbleft\u00bb background_image_as_pattern=\u00bbwithout_pattern\u00bb][vc_column]<div class=\"qode-accordion-holder clearfix qode-toggle qode-initial \">\n\t<h4 class=\"clearfix qode-title-holder\">\n<span class=\"qode-tab-title\">\n\t\t\t<span class=\"qode-tab-title-icon\">\n\t\t\t<i class=\"qode_icon_font_awesome fa fa-info-circle \" ><\/i>\t\t<\/span>\n\t    <span class=\"qode-tab-title-inner\">\n        Loncheado de Jam\u00f3n de Bellota Ib\u00e9rico    <\/span>\n<\/span>\n<span class=\"qode-accordion-mark\">\n    <span class=\"qode-accordion-mark-icon\">\n        <span class=\"icon_plus\"><\/span>\n        <span class=\"icon_minus-06\"><\/span>\n    <\/span>\n<\/span>\n<\/h4>\n<div  class=\"qode-accordion-content qode-acc-title-with-icon\" style=\"padding: 0px\">\n    <div class=\"qode-accordion-content-inner\">\n        [vc_column_text css=\u00bb.vc_custom_1604667951446{padding-top: 12px !important;padding-bottom: 12px !important;padding-left: 40px !important;}\u00bb]<\/p>\n<h3>INGREDIENTES<\/h3>\n<p>Jam\u00f3n de cerdo Ib\u00e9rico 50% raza Ib\u00e9rica y sal.<\/p>\n<h3>VALORES NUTRICIONALES (EN 100G)<\/h3>\n<p>Valor energ\u00e9tico: 356 kcal \/ 1480 kJ<br \/>\nProte\u00ednas (g): 32,2<br \/>\nHidratos de carbono (g): &lt;0,5<br \/>\n\u2013 De los cuales az\u00facares: (g): &lt;0,5<br \/>\nGrasas (g): 25,2<br \/>\n\u2013 De las cuales saturadas (g): 8,0<br \/>\nSal (g): 4,5<\/p>\n<p>[\/vc_column_text]    <\/div>\n<\/div><h4 class=\"clearfix qode-title-holder\">\n<span class=\"qode-tab-title\">\n\t\t\t<span class=\"qode-tab-title-icon\">\n\t\t\t<i class=\"qode_icon_font_awesome fa fa-info-circle \" ><\/i>\t\t<\/span>\n\t    <span class=\"qode-tab-title-inner\">\n        Loncheado de Paleta de Bellota Ib\u00e9rica    <\/span>\n<\/span>\n<span class=\"qode-accordion-mark\">\n    <span class=\"qode-accordion-mark-icon\">\n        <span class=\"icon_plus\"><\/span>\n        <span class=\"icon_minus-06\"><\/span>\n    <\/span>\n<\/span>\n<\/h4>\n<div  class=\"qode-accordion-content qode-acc-title-with-icon\" >\n    <div class=\"qode-accordion-content-inner\">\n        [vc_column_text]<\/p>\n<h3>INGREDIENTES<\/h3>\n<p>Paleta de cerdo Ib\u00e9rico 50% raza Ib\u00e9rica y sal.<\/p>\n<h3>VALORES NUTRICIONALES (EN 100G)<\/h3>\n<p>Valor energ\u00e9tico: 418 kcal \/ 1737kJ<br \/>\nProte\u00ednas (g): 30,2<br \/>\nHidratos de carbono (g):0,8<br \/>\n\u2013 De los cuales az\u00facares: (g): &lt;0,5<br \/>\nGrasas (g): 32,7<br \/>\n\u2013 De las cuales saturadas (g): 12,7<br \/>\nSal (g): 3,5<\/p>\n<p>[\/vc_column_text]    <\/div>\n<\/div><h4 class=\"clearfix qode-title-holder\">\n<span class=\"qode-tab-title\">\n\t\t\t<span class=\"qode-tab-title-icon\">\n\t\t\t<i class=\"qode_icon_font_awesome fa fa-info-circle \" ><\/i>\t\t<\/span>\n\t    <span class=\"qode-tab-title-inner\">\n        Loncheado de Lomo de Bellota Ib\u00e9rico    <\/span>\n<\/span>\n<span class=\"qode-accordion-mark\">\n    <span class=\"qode-accordion-mark-icon\">\n        <span class=\"icon_plus\"><\/span>\n        <span class=\"icon_minus-06\"><\/span>\n    <\/span>\n<\/span>\n<\/h4>\n<div  class=\"qode-accordion-content qode-acc-title-with-icon\" >\n    <div class=\"qode-accordion-content-inner\">\n        [vc_column_text]<\/p>\n<h3>INGREDIENTES<\/h3>\n<p>Lomo de cerdo 50% raza Ib\u00e9rica, sal, piment\u00f3n, dextrosa, az\u00facar, especias, conservadores (E-250 y E-252), y antioxidante (E-301).<\/p>\n<h3>VALORES NUTRICIONALES (EN 100G)<\/h3>\n<p>Valor energ\u00e9tico: 437kcal \/ 1829kJ<br \/>\nProte\u00ednas (g): 41<br \/>\nHidratos de carbono (g): &lt;1<br \/>\n\u2013 De los cuales az\u00facares: (g): &lt;0,5<br \/>\nGrasas (g): 23,1<br \/>\n\u2013 De las cuales saturadas (g): 6,6<br \/>\nSal (g): 3,47<\/p>\n<p>[\/vc_column_text]    <\/div>\n<\/div><h4 class=\"clearfix qode-title-holder\">\n<span class=\"qode-tab-title\">\n\t\t\t<span class=\"qode-tab-title-icon\">\n\t\t\t<i class=\"qode_icon_font_awesome fa fa-info-circle \" ><\/i>\t\t<\/span>\n\t    <span class=\"qode-tab-title-inner\">\n        Loncheado de Chorizo de Bellota Ib\u00e9rico    <\/span>\n<\/span>\n<span class=\"qode-accordion-mark\">\n    <span class=\"qode-accordion-mark-icon\">\n        <span class=\"icon_plus\"><\/span>\n        <span class=\"icon_minus-06\"><\/span>\n    <\/span>\n<\/span>\n<\/h4>\n<div  class=\"qode-accordion-content qode-acc-title-with-icon\" >\n    <div class=\"qode-accordion-content-inner\">\n        [vc_column_text]<\/p>\n<h3>INGREDIENTES<\/h3>\n<p>Carne de cerdo ib\u00e9rico de bellota, sal, piment\u00f3n, aceite de oliva virgen extra, dextrosa, dextrina, <span class=\"alergenos\">lactosa<\/span>, <span class=\"alergenos\">prote\u00edna de soja<\/span>, <span class=\"alergenos\">prote\u00edna de leche<\/span>, emulgentes (E-450i, E-452i, Y E-451i), especias, corrector de acidez (E-331iii) conservadores (E-250 y E-252) y antioxidante (E-301).<\/p>\n<h3>VALORES NUTRICIONALES (EN 100G)<\/h3>\n<p>Valor energ\u00e9tico: 2237 kcal \/ 537kJ<br \/>\nProte\u00ednas (g): 23<br \/>\nHidratos de carbono (g): &lt;1<br \/>\n\u2013 De los cuales az\u00facares: (g): &lt;0,5<br \/>\nGrasas (g): 49<br \/>\n\u2013 De las cuales saturadas (g): 20<br \/>\nSal (g): 2,5<\/p>\n<p>[\/vc_column_text]    <\/div>\n<\/div><h4 class=\"clearfix qode-title-holder\">\n<span class=\"qode-tab-title\">\n\t\t\t<span class=\"qode-tab-title-icon\">\n\t\t\t<i class=\"qode_icon_font_awesome fa fa-info-circle \" ><\/i>\t\t<\/span>\n\t    <span class=\"qode-tab-title-inner\">\n        Loncheado de Salchich\u00f3n de Bellota Ib\u00e9rico    <\/span>\n<\/span>\n<span class=\"qode-accordion-mark\">\n    <span class=\"qode-accordion-mark-icon\">\n        <span class=\"icon_plus\"><\/span>\n        <span class=\"icon_minus-06\"><\/span>\n    <\/span>\n<\/span>\n<\/h4>\n<div  class=\"qode-accordion-content qode-acc-title-with-icon\" >\n    <div class=\"qode-accordion-content-inner\">\n        [vc_column_text]<\/p>\n<h3>INGREDIENTES<\/h3>\n<p>Carne de cerdo ib\u00e9rico de bellota, sal, especias, dextrosa, dextrina, <span class=\"alergenos\">lactosa<\/span>, <span class=\"alergenos\">prote\u00edna de soja<\/span>, <span class=\"alergenos\">prote\u00edna de leche<\/span>, emulgentes (E-450i, E-452i, Y E-451i), conservadores (E-250 y E-252), corrector de acidez (E-331iii) y antioxidante (E-301).<\/p>\n<h3>VALORES NUTRICIONALES (EN 100G)<\/h3>\n<p>Valor energ\u00e9tico: 514 kcal \/ 2129 kJ<br \/>\nProte\u00ednas (g): 44,4<br \/>\nHidratos de carbono (g): &lt;1<br \/>\n\u2013 De los cuales az\u00facares: (g): &lt;0,5<br \/>\nGrasas (g): 44,4<br \/>\n\u2013 De las cuales saturadas (g): 18<br \/>\nSal (g): 2,6<\/p>\n<p>[\/vc_column_text]    <\/div>\n<\/div><\/div>[\/vc_column][\/vc_row]<\/p>\n<\/div>","protected":false},"excerpt":{"rendered":"<p>Del\u00e9itate con esta selecci\u00f3n de piezas admirables, curadas de forma tradicional y siguiendo los criterios artesanales dignos de la familia Bl\u00e1zquez. Degusta el deseo de coleccionistas culinarios.<\/p>\n","protected":false},"featured_media":6978,"template":"","meta":[],"product_brand":[],"product_cat":[687],"product_tag":[],"class_list":{"0":"post-2070","1":"product","2":"type-product","3":"status-publish","4":"has-post-thumbnail","6":"product_cat-en-caja-tus-blazquez","8":"first","9":"instock","10":"taxable","11":"shipping-taxable","12":"product-type-simple"},"yoast_head":"<!-- This site is optimized with the Yoast SEO plugin v27.1.1 - https:\/\/yoast.com\/product\/yoast-seo-wordpress\/ -->\n<title>Comprar CAJA DIAMOND SURTIDO - Jamones Bl\u00e1zquez<\/title>\n<meta name=\"description\" content=\"Del\u00e9itate con esta selecci\u00f3n de piezas admirables, curadas de forma tradicional y siguiendo los criterios artesanales dignos de la familia Bl\u00e1zquez. Degusta el deseo de coleccionistas culinarios.\" \/>\n<meta name=\"robots\" content=\"index, follow, max-snippet:-1, max-image-preview:large, max-video-preview:-1\" \/>\n<link rel=\"canonical\" href=\"https:\/\/jamonesblazquez.com\/es\/Producto\/caja-diamond-surtido\/\" \/>\n<meta property=\"og:locale\" content=\"es_ES\" \/>\n<meta property=\"og:type\" content=\"article\" \/>\n<meta property=\"og:title\" content=\"Comprar CAJA DIAMOND SURTIDO - Jamones Bl\u00e1zquez\" \/>\n<meta property=\"og:description\" content=\"Del\u00e9itate con esta selecci\u00f3n de piezas admirables, curadas de forma tradicional y siguiendo los criterios artesanales dignos de la familia Bl\u00e1zquez. Degusta el deseo de coleccionistas culinarios.\" \/>\n<meta property=\"og:url\" content=\"https:\/\/jamonesblazquez.com\/es\/Producto\/caja-diamond-surtido\/\" \/>\n<meta property=\"og:site_name\" content=\"Jamones Bl\u00e1zquez\" \/>\n<meta property=\"article:publisher\" content=\"https:\/\/www.facebook.com\/JamonBlazquez\/\" \/>\n<meta property=\"article:modified_time\" content=\"2025-05-16T09:00:53+00:00\" \/>\n<meta property=\"og:image\" content=\"https:\/\/jamonesblazquez.com\/wp-content\/uploads\/2020\/08\/CAJA-DIAMOND-SURTIDO-2.jpg\" \/>\n\t<meta property=\"og:image:width\" content=\"800\" \/>\n\t<meta property=\"og:image:height\" content=\"800\" \/>\n\t<meta property=\"og:image:type\" content=\"image\/jpeg\" \/>\n<meta name=\"twitter:card\" content=\"summary_large_image\" \/>\n<meta name=\"twitter:site\" content=\"@jamonblazquez\" \/>\n<meta name=\"twitter:label1\" content=\"Tiempo de lectura\" \/>\n\t<meta name=\"twitter:data1\" content=\"2 minutos\" \/>\n<script type=\"application\/ld+json\" class=\"yoast-schema-graph\">{\"@context\":\"https:\/\/schema.org\",\"@graph\":[{\"@type\":[\"WebPage\",\"ItemPage\"],\"@id\":\"https:\/\/jamonesblazquez.com\/es\/Producto\/caja-diamond-surtido\/\",\"url\":\"https:\/\/jamonesblazquez.com\/es\/Producto\/caja-diamond-surtido\/\",\"name\":\"Comprar CAJA DIAMOND SURTIDO - Jamones Bl\u00e1zquez\",\"isPartOf\":{\"@id\":\"https:\/\/jamonesblazquez.com\/es\/#website\"},\"primaryImageOfPage\":{\"@id\":\"https:\/\/jamonesblazquez.com\/es\/Producto\/caja-diamond-surtido\/#primaryimage\"},\"image\":{\"@id\":\"https:\/\/jamonesblazquez.com\/es\/Producto\/caja-diamond-surtido\/#primaryimage\"},\"thumbnailUrl\":\"https:\/\/jamonesblazquez.com\/wp-content\/uploads\/2020\/08\/CAJA-DIAMOND-SURTIDO-2.jpg\",\"datePublished\":\"2020-07-22T12:04:18+00:00\",\"dateModified\":\"2025-05-16T09:00:53+00:00\",\"description\":\"Del\u00e9itate con esta selecci\u00f3n de piezas admirables, curadas de forma tradicional y siguiendo los criterios artesanales dignos de la familia Bl\u00e1zquez. Degusta el deseo de coleccionistas culinarios.\",\"breadcrumb\":{\"@id\":\"https:\/\/jamonesblazquez.com\/es\/Producto\/caja-diamond-surtido\/#breadcrumb\"},\"inLanguage\":\"es\",\"potentialAction\":[{\"@type\":\"ReadAction\",\"target\":[\"https:\/\/jamonesblazquez.com\/es\/Producto\/caja-diamond-surtido\/\"]}]},{\"@type\":\"ImageObject\",\"inLanguage\":\"es\",\"@id\":\"https:\/\/jamonesblazquez.com\/es\/Producto\/caja-diamond-surtido\/#primaryimage\",\"url\":\"https:\/\/jamonesblazquez.com\/wp-content\/uploads\/2020\/08\/CAJA-DIAMOND-SURTIDO-2.jpg\",\"contentUrl\":\"https:\/\/jamonesblazquez.com\/wp-content\/uploads\/2020\/08\/CAJA-DIAMOND-SURTIDO-2.jpg\",\"width\":800,\"height\":800,\"caption\":\"LONCHEADOS DE BELLOTA IB\u00c9RICA\"},{\"@type\":\"BreadcrumbList\",\"@id\":\"https:\/\/jamonesblazquez.com\/es\/Producto\/caja-diamond-surtido\/#breadcrumb\",\"itemListElement\":[{\"@type\":\"ListItem\",\"position\":1,\"name\":\"Portada\",\"item\":\"https:\/\/jamonesblazquez.com\/es\/\"},{\"@type\":\"ListItem\",\"position\":2,\"name\":\"Tienda online\",\"item\":\"https:\/\/jamonesblazquez.com\/es\/?page_id=1992\"},{\"@type\":\"ListItem\",\"position\":3,\"name\":\"CAJA DIAMOND SURTIDO\"}]},{\"@type\":\"WebSite\",\"@id\":\"https:\/\/jamonesblazquez.com\/es\/#website\",\"url\":\"https:\/\/jamonesblazquez.com\/es\/\",\"name\":\"Jamones Bl\u00e1zquez\",\"description\":\"Obedece a la Tentaci\u00f3n!\",\"publisher\":{\"@id\":\"https:\/\/jamonesblazquez.com\/es\/#organization\"},\"potentialAction\":[{\"@type\":\"SearchAction\",\"target\":{\"@type\":\"EntryPoint\",\"urlTemplate\":\"https:\/\/jamonesblazquez.com\/es\/?s={search_term_string}\"},\"query-input\":{\"@type\":\"PropertyValueSpecification\",\"valueRequired\":true,\"valueName\":\"search_term_string\"}}],\"inLanguage\":\"es\"},{\"@type\":\"Organization\",\"@id\":\"https:\/\/jamonesblazquez.com\/es\/#organization\",\"name\":\"Jamones Bl\u00e1zquez\",\"url\":\"https:\/\/jamonesblazquez.com\/es\/\",\"logo\":{\"@type\":\"ImageObject\",\"inLanguage\":\"es\",\"@id\":\"https:\/\/jamonesblazquez.com\/es\/#\/schema\/logo\/image\/\",\"url\":\"https:\/\/jamonesblazquez.com\/wp-content\/uploads\/2019\/02\/Logo_Blazquez.png\",\"contentUrl\":\"https:\/\/jamonesblazquez.com\/wp-content\/uploads\/2019\/02\/Logo_Blazquez.png\",\"width\":500,\"height\":132,\"caption\":\"Jamones Bl\u00e1zquez\"},\"image\":{\"@id\":\"https:\/\/jamonesblazquez.com\/es\/#\/schema\/logo\/image\/\"},\"sameAs\":[\"https:\/\/www.facebook.com\/JamonBlazquez\/\",\"https:\/\/x.com\/jamonblazquez\",\"https:\/\/www.instagram.com\/jamonblazquez\/\",\"https:\/\/www.linkedin.com\/company\/10190869\/admin\/\"]}]}<\/script>\n<!-- \/ Yoast SEO plugin. -->","yoast_head_json":{"title":"Comprar CAJA DIAMOND SURTIDO - Jamones Bl\u00e1zquez","description":"Del\u00e9itate con esta selecci\u00f3n de piezas admirables, curadas de forma tradicional y siguiendo los criterios artesanales dignos de la familia Bl\u00e1zquez. Degusta el deseo de coleccionistas culinarios.","robots":{"index":"index","follow":"follow","max-snippet":"max-snippet:-1","max-image-preview":"max-image-preview:large","max-video-preview":"max-video-preview:-1"},"canonical":"https:\/\/jamonesblazquez.com\/es\/Producto\/caja-diamond-surtido\/","og_locale":"es_ES","og_type":"article","og_title":"Comprar CAJA DIAMOND SURTIDO - Jamones Bl\u00e1zquez","og_description":"Del\u00e9itate con esta selecci\u00f3n de piezas admirables, curadas de forma tradicional y siguiendo los criterios artesanales dignos de la familia Bl\u00e1zquez. Degusta el deseo de coleccionistas culinarios.","og_url":"https:\/\/jamonesblazquez.com\/es\/Producto\/caja-diamond-surtido\/","og_site_name":"Jamones Bl\u00e1zquez","article_publisher":"https:\/\/www.facebook.com\/JamonBlazquez\/","article_modified_time":"2025-05-16T09:00:53+00:00","og_image":[{"width":800,"height":800,"url":"https:\/\/jamonesblazquez.com\/wp-content\/uploads\/2020\/08\/CAJA-DIAMOND-SURTIDO-2.jpg","type":"image\/jpeg"}],"twitter_card":"summary_large_image","twitter_site":"@jamonblazquez","twitter_misc":{"Tiempo de lectura":"2 minutos"},"schema":{"@context":"https:\/\/schema.org","@graph":[{"@type":["WebPage","ItemPage"],"@id":"https:\/\/jamonesblazquez.com\/es\/Producto\/caja-diamond-surtido\/","url":"https:\/\/jamonesblazquez.com\/es\/Producto\/caja-diamond-surtido\/","name":"Comprar CAJA DIAMOND SURTIDO - Jamones Bl\u00e1zquez","isPartOf":{"@id":"https:\/\/jamonesblazquez.com\/es\/#website"},"primaryImageOfPage":{"@id":"https:\/\/jamonesblazquez.com\/es\/Producto\/caja-diamond-surtido\/#primaryimage"},"image":{"@id":"https:\/\/jamonesblazquez.com\/es\/Producto\/caja-diamond-surtido\/#primaryimage"},"thumbnailUrl":"https:\/\/jamonesblazquez.com\/wp-content\/uploads\/2020\/08\/CAJA-DIAMOND-SURTIDO-2.jpg","datePublished":"2020-07-22T12:04:18+00:00","dateModified":"2025-05-16T09:00:53+00:00","description":"Del\u00e9itate con esta selecci\u00f3n de piezas admirables, curadas de forma tradicional y siguiendo los criterios artesanales dignos de la familia Bl\u00e1zquez. Degusta el deseo de coleccionistas culinarios.","breadcrumb":{"@id":"https:\/\/jamonesblazquez.com\/es\/Producto\/caja-diamond-surtido\/#breadcrumb"},"inLanguage":"es","potentialAction":[{"@type":"ReadAction","target":["https:\/\/jamonesblazquez.com\/es\/Producto\/caja-diamond-surtido\/"]}]},{"@type":"ImageObject","inLanguage":"es","@id":"https:\/\/jamonesblazquez.com\/es\/Producto\/caja-diamond-surtido\/#primaryimage","url":"https:\/\/jamonesblazquez.com\/wp-content\/uploads\/2020\/08\/CAJA-DIAMOND-SURTIDO-2.jpg","contentUrl":"https:\/\/jamonesblazquez.com\/wp-content\/uploads\/2020\/08\/CAJA-DIAMOND-SURTIDO-2.jpg","width":800,"height":800,"caption":"LONCHEADOS DE BELLOTA IB\u00c9RICA"},{"@type":"BreadcrumbList","@id":"https:\/\/jamonesblazquez.com\/es\/Producto\/caja-diamond-surtido\/#breadcrumb","itemListElement":[{"@type":"ListItem","position":1,"name":"Portada","item":"https:\/\/jamonesblazquez.com\/es\/"},{"@type":"ListItem","position":2,"name":"Tienda online","item":"https:\/\/jamonesblazquez.com\/es\/?page_id=1992"},{"@type":"ListItem","position":3,"name":"CAJA DIAMOND SURTIDO"}]},{"@type":"WebSite","@id":"https:\/\/jamonesblazquez.com\/es\/#website","url":"https:\/\/jamonesblazquez.com\/es\/","name":"Jamones Bl\u00e1zquez","description":"Obedece a la Tentaci\u00f3n!","publisher":{"@id":"https:\/\/jamonesblazquez.com\/es\/#organization"},"potentialAction":[{"@type":"SearchAction","target":{"@type":"EntryPoint","urlTemplate":"https:\/\/jamonesblazquez.com\/es\/?s={search_term_string}"},"query-input":{"@type":"PropertyValueSpecification","valueRequired":true,"valueName":"search_term_string"}}],"inLanguage":"es"},{"@type":"Organization","@id":"https:\/\/jamonesblazquez.com\/es\/#organization","name":"Jamones Bl\u00e1zquez","url":"https:\/\/jamonesblazquez.com\/es\/","logo":{"@type":"ImageObject","inLanguage":"es","@id":"https:\/\/jamonesblazquez.com\/es\/#\/schema\/logo\/image\/","url":"https:\/\/jamonesblazquez.com\/wp-content\/uploads\/2019\/02\/Logo_Blazquez.png","contentUrl":"https:\/\/jamonesblazquez.com\/wp-content\/uploads\/2019\/02\/Logo_Blazquez.png","width":500,"height":132,"caption":"Jamones Bl\u00e1zquez"},"image":{"@id":"https:\/\/jamonesblazquez.com\/es\/#\/schema\/logo\/image\/"},"sameAs":["https:\/\/www.facebook.com\/JamonBlazquez\/","https:\/\/x.com\/jamonblazquez","https:\/\/www.instagram.com\/jamonblazquez\/","https:\/\/www.linkedin.com\/company\/10190869\/admin\/"]}]}},"_links":{"self":[{"href":"https:\/\/jamonesblazquez.com\/es\/wp-json\/wp\/v2\/product\/2070","targetHints":{"allow":["GET"]}}],"collection":[{"href":"https:\/\/jamonesblazquez.com\/es\/wp-json\/wp\/v2\/product"}],"about":[{"href":"https:\/\/jamonesblazquez.com\/es\/wp-json\/wp\/v2\/types\/product"}],"wp:featuredmedia":[{"embeddable":true,"href":"https:\/\/jamonesblazquez.com\/es\/wp-json\/wp\/v2\/media\/6978"}],"wp:attachment":[{"href":"https:\/\/jamonesblazquez.com\/es\/wp-json\/wp\/v2\/media?parent=2070"}],"wp:term":[{"taxonomy":"product_brand","embeddable":true,"href":"https:\/\/jamonesblazquez.com\/es\/wp-json\/wp\/v2\/product_brand?post=2070"},{"taxonomy":"product_cat","embeddable":true,"href":"https:\/\/jamonesblazquez.com\/es\/wp-json\/wp\/v2\/product_cat?post=2070"},{"taxonomy":"product_tag","embeddable":true,"href":"https:\/\/jamonesblazquez.com\/es\/wp-json\/wp\/v2\/product_tag?post=2070"}],"curies":[{"name":"wp","href":"https:\/\/api.w.org\/{rel}","templated":true}]}}