{"id":2079,"date":"2020-07-22T14:04:20","date_gmt":"2020-07-22T12:04:20","guid":{"rendered":"https:\/\/dev.jamonesblazquez.com\/blog\/producto\/jamon-jacinto-blazquez\/"},"modified":"2025-05-16T11:00:45","modified_gmt":"2025-05-16T09:00:45","slug":"jamon-jacinto-blazquez","status":"publish","type":"product","link":"https:\/\/jamonesblazquez.com\/es\/Producto\/jamon-jacinto-blazquez\/","title":{"rendered":"JAM\u00d3N JACINTO BL\u00c1ZQUEZ"},"content":{"rendered":"<p>Jam\u00f3n \u2018m\u00e1s all\u00e1 de la norma\u2019, curado al estilo tradicional y seleccionado bajo los criterios de calidad de la familia, raz\u00f3n por la que no viste con la vitola requerida por las figuras de calidad, sino que lo hace con un dise\u00f1o propio en el que reza el origen del criterio Bl\u00e1zquez.<\/p>\n<p>Posee rasgos caracter\u00edsticos y simb\u00f3licos de calidad que pueden ayudar al consumidor, la pata o codillo debe ser alargada y fina. La carne de la pieza debe ser compacta, con una capa de grasa fina (en torno a los 2 cm) y suave en su anverso, mientras que en el reverso no debe presentar demasiados canales. Grandes cocineros a nivel internacional no dudan en emplear este distinguido jam\u00f3n en sus elaboraciones.<\/p>\n<p><span class=\"prd-sinconservantes\">SIN CONSERVANTES<\/span><span class=\"prd-sinaditivos\"> SIN ADITIVOS <\/span><\/p>\n<h3>INGREDIENTES<\/h3>\n<p>Jam\u00f3n de cerdo y sal .<\/p>\n<h3>VALORES NUTRICIONALES (en 100g)<\/h3>\n<p>Valor energ\u00e9tico: 356 kcal \/ 1480<br \/>\nProte\u00ednas (g): 32,2 Hidratos de carbono (g): &lt;0,5<br \/>\n&#8211; De los cuales az\u00facares: (g): &lt;0,5<br \/>\nGrasas (g): 25,2<br \/>\n&#8211; De las cuales saturadas (g): 8,0<br \/>\nSal (g): 4,5<\/p>\n","protected":false},"excerpt":{"rendered":"<p>El ruido del aire que se adentra por las ventanas, los colores de las baldosas que revisten el secadero, el experto olfato que vigila la curaci\u00f3n, el palpado de cada pieza, el placer de cada bocado que da paso a la Admiraci\u00f3n \u2026<br \/>\nJam\u00f3n Jacinto Bl\u00e1zquez.<\/p>\n","protected":false},"featured_media":9068,"template":"","meta":[],"product_brand":[],"product_cat":[956,680],"product_tag":[],"class_list":{"0":"post-2079","1":"product","2":"type-product","3":"status-publish","4":"has-post-thumbnail","6":"product_cat-bellota-iberico-100","7":"product_cat-lo-mas-exclusivo","9":"first","10":"instock","11":"taxable","12":"shipping-taxable","13":"product-type-simple"},"yoast_head":"<!-- This site is optimized with the Yoast SEO plugin v27.1.1 - https:\/\/yoast.com\/product\/yoast-seo-wordpress\/ -->\n<title>Comprar JAM\u00d3N JACINTO BL\u00c1ZQUEZ - Jamones Bl\u00e1zquez<\/title>\n<meta name=\"description\" content=\"El ruido del aire que se adentra por las ventanas, los colores de las baldosas que revisten el secadero, el experto olfato que vigila la curaci\u00f3n, el palpado de cada pieza, el placer de cada bocado que da paso a la Admiraci\u00f3n \u2026 Jam\u00f3n Jacinto Bl\u00e1zquez.\" \/>\n<meta name=\"robots\" content=\"index, follow, max-snippet:-1, max-image-preview:large, max-video-preview:-1\" \/>\n<link rel=\"canonical\" href=\"https:\/\/jamonesblazquez.com\/es\/Producto\/jamon-jacinto-blazquez\/\" \/>\n<meta property=\"og:locale\" content=\"es_ES\" \/>\n<meta property=\"og:type\" content=\"article\" \/>\n<meta property=\"og:title\" content=\"Comprar JAM\u00d3N JACINTO BL\u00c1ZQUEZ - Jamones Bl\u00e1zquez\" \/>\n<meta property=\"og:description\" content=\"El ruido del aire que se adentra por las ventanas, los colores de las baldosas que revisten el secadero, el experto olfato que vigila la curaci\u00f3n, el palpado de cada pieza, el placer de cada bocado que da paso a la Admiraci\u00f3n \u2026 Jam\u00f3n Jacinto Bl\u00e1zquez.\" \/>\n<meta property=\"og:url\" content=\"https:\/\/jamonesblazquez.com\/es\/Producto\/jamon-jacinto-blazquez\/\" \/>\n<meta property=\"og:site_name\" content=\"Jamones Bl\u00e1zquez\" \/>\n<meta property=\"article:publisher\" content=\"https:\/\/www.facebook.com\/JamonBlazquez\/\" \/>\n<meta property=\"article:modified_time\" content=\"2025-05-16T09:00:45+00:00\" \/>\n<meta property=\"og:image\" content=\"https:\/\/jamonesblazquez.com\/wp-content\/uploads\/2020\/07\/JAMON-JACINTO-BLAZQUEZ-4.png\" \/>\n\t<meta property=\"og:image:width\" content=\"1080\" \/>\n\t<meta property=\"og:image:height\" content=\"1080\" \/>\n\t<meta property=\"og:image:type\" content=\"image\/png\" \/>\n<meta name=\"twitter:card\" content=\"summary_large_image\" \/>\n<meta name=\"twitter:site\" content=\"@jamonblazquez\" \/>\n<meta name=\"twitter:label1\" content=\"Tiempo de lectura\" \/>\n\t<meta name=\"twitter:data1\" content=\"1 minuto\" \/>\n<script type=\"application\/ld+json\" class=\"yoast-schema-graph\">{\"@context\":\"https:\/\/schema.org\",\"@graph\":[{\"@type\":[\"WebPage\",\"ItemPage\"],\"@id\":\"https:\/\/jamonesblazquez.com\/es\/Producto\/jamon-jacinto-blazquez\/\",\"url\":\"https:\/\/jamonesblazquez.com\/es\/Producto\/jamon-jacinto-blazquez\/\",\"name\":\"Comprar JAM\u00d3N JACINTO BL\u00c1ZQUEZ - Jamones Bl\u00e1zquez\",\"isPartOf\":{\"@id\":\"https:\/\/jamonesblazquez.com\/es\/#website\"},\"primaryImageOfPage\":{\"@id\":\"https:\/\/jamonesblazquez.com\/es\/Producto\/jamon-jacinto-blazquez\/#primaryimage\"},\"image\":{\"@id\":\"https:\/\/jamonesblazquez.com\/es\/Producto\/jamon-jacinto-blazquez\/#primaryimage\"},\"thumbnailUrl\":\"https:\/\/jamonesblazquez.com\/wp-content\/uploads\/2020\/07\/JAMON-JACINTO-BLAZQUEZ-4.png\",\"datePublished\":\"2020-07-22T12:04:20+00:00\",\"dateModified\":\"2025-05-16T09:00:45+00:00\",\"description\":\"El ruido del aire que se adentra por las ventanas, los colores de las baldosas que revisten el secadero, el experto olfato que vigila la curaci\u00f3n, el palpado de cada pieza, el placer de cada bocado que da paso a la Admiraci\u00f3n \u2026 Jam\u00f3n Jacinto Bl\u00e1zquez.\",\"breadcrumb\":{\"@id\":\"https:\/\/jamonesblazquez.com\/es\/Producto\/jamon-jacinto-blazquez\/#breadcrumb\"},\"inLanguage\":\"es\",\"potentialAction\":[{\"@type\":\"ReadAction\",\"target\":[\"https:\/\/jamonesblazquez.com\/es\/Producto\/jamon-jacinto-blazquez\/\"]}]},{\"@type\":\"ImageObject\",\"inLanguage\":\"es\",\"@id\":\"https:\/\/jamonesblazquez.com\/es\/Producto\/jamon-jacinto-blazquez\/#primaryimage\",\"url\":\"https:\/\/jamonesblazquez.com\/wp-content\/uploads\/2020\/07\/JAMON-JACINTO-BLAZQUEZ-4.png\",\"contentUrl\":\"https:\/\/jamonesblazquez.com\/wp-content\/uploads\/2020\/07\/JAMON-JACINTO-BLAZQUEZ-4.png\",\"width\":1080,\"height\":1080,\"caption\":\"JAM\u00d3N JACINTO BL\u00c1ZQUEZ (4)\"},{\"@type\":\"BreadcrumbList\",\"@id\":\"https:\/\/jamonesblazquez.com\/es\/Producto\/jamon-jacinto-blazquez\/#breadcrumb\",\"itemListElement\":[{\"@type\":\"ListItem\",\"position\":1,\"name\":\"Portada\",\"item\":\"https:\/\/jamonesblazquez.com\/es\/\"},{\"@type\":\"ListItem\",\"position\":2,\"name\":\"Tienda online\",\"item\":\"https:\/\/jamonesblazquez.com\/es\/?page_id=1992\"},{\"@type\":\"ListItem\",\"position\":3,\"name\":\"JAM\u00d3N JACINTO BL\u00c1ZQUEZ\"}]},{\"@type\":\"WebSite\",\"@id\":\"https:\/\/jamonesblazquez.com\/es\/#website\",\"url\":\"https:\/\/jamonesblazquez.com\/es\/\",\"name\":\"Jamones Bl\u00e1zquez\",\"description\":\"Obedece a la Tentaci\u00f3n!\",\"publisher\":{\"@id\":\"https:\/\/jamonesblazquez.com\/es\/#organization\"},\"potentialAction\":[{\"@type\":\"SearchAction\",\"target\":{\"@type\":\"EntryPoint\",\"urlTemplate\":\"https:\/\/jamonesblazquez.com\/es\/?s={search_term_string}\"},\"query-input\":{\"@type\":\"PropertyValueSpecification\",\"valueRequired\":true,\"valueName\":\"search_term_string\"}}],\"inLanguage\":\"es\"},{\"@type\":\"Organization\",\"@id\":\"https:\/\/jamonesblazquez.com\/es\/#organization\",\"name\":\"Jamones Bl\u00e1zquez\",\"url\":\"https:\/\/jamonesblazquez.com\/es\/\",\"logo\":{\"@type\":\"ImageObject\",\"inLanguage\":\"es\",\"@id\":\"https:\/\/jamonesblazquez.com\/es\/#\/schema\/logo\/image\/\",\"url\":\"https:\/\/jamonesblazquez.com\/wp-content\/uploads\/2019\/02\/Logo_Blazquez.png\",\"contentUrl\":\"https:\/\/jamonesblazquez.com\/wp-content\/uploads\/2019\/02\/Logo_Blazquez.png\",\"width\":500,\"height\":132,\"caption\":\"Jamones Bl\u00e1zquez\"},\"image\":{\"@id\":\"https:\/\/jamonesblazquez.com\/es\/#\/schema\/logo\/image\/\"},\"sameAs\":[\"https:\/\/www.facebook.com\/JamonBlazquez\/\",\"https:\/\/x.com\/jamonblazquez\",\"https:\/\/www.instagram.com\/jamonblazquez\/\",\"https:\/\/www.linkedin.com\/company\/10190869\/admin\/\"]}]}<\/script>\n<!-- \/ Yoast SEO plugin. -->","yoast_head_json":{"title":"Comprar JAM\u00d3N JACINTO BL\u00c1ZQUEZ - Jamones Bl\u00e1zquez","description":"El ruido del aire que se adentra por las ventanas, los colores de las baldosas que revisten el secadero, el experto olfato que vigila la curaci\u00f3n, el palpado de cada pieza, el placer de cada bocado que da paso a la Admiraci\u00f3n \u2026 Jam\u00f3n Jacinto Bl\u00e1zquez.","robots":{"index":"index","follow":"follow","max-snippet":"max-snippet:-1","max-image-preview":"max-image-preview:large","max-video-preview":"max-video-preview:-1"},"canonical":"https:\/\/jamonesblazquez.com\/es\/Producto\/jamon-jacinto-blazquez\/","og_locale":"es_ES","og_type":"article","og_title":"Comprar JAM\u00d3N JACINTO BL\u00c1ZQUEZ - Jamones Bl\u00e1zquez","og_description":"El ruido del aire que se adentra por las ventanas, los colores de las baldosas que revisten el secadero, el experto olfato que vigila la curaci\u00f3n, el palpado de cada pieza, el placer de cada bocado que da paso a la Admiraci\u00f3n \u2026 Jam\u00f3n Jacinto Bl\u00e1zquez.","og_url":"https:\/\/jamonesblazquez.com\/es\/Producto\/jamon-jacinto-blazquez\/","og_site_name":"Jamones Bl\u00e1zquez","article_publisher":"https:\/\/www.facebook.com\/JamonBlazquez\/","article_modified_time":"2025-05-16T09:00:45+00:00","og_image":[{"width":1080,"height":1080,"url":"https:\/\/jamonesblazquez.com\/wp-content\/uploads\/2020\/07\/JAMON-JACINTO-BLAZQUEZ-4.png","type":"image\/png"}],"twitter_card":"summary_large_image","twitter_site":"@jamonblazquez","twitter_misc":{"Tiempo de lectura":"1 minuto"},"schema":{"@context":"https:\/\/schema.org","@graph":[{"@type":["WebPage","ItemPage"],"@id":"https:\/\/jamonesblazquez.com\/es\/Producto\/jamon-jacinto-blazquez\/","url":"https:\/\/jamonesblazquez.com\/es\/Producto\/jamon-jacinto-blazquez\/","name":"Comprar JAM\u00d3N JACINTO BL\u00c1ZQUEZ - Jamones Bl\u00e1zquez","isPartOf":{"@id":"https:\/\/jamonesblazquez.com\/es\/#website"},"primaryImageOfPage":{"@id":"https:\/\/jamonesblazquez.com\/es\/Producto\/jamon-jacinto-blazquez\/#primaryimage"},"image":{"@id":"https:\/\/jamonesblazquez.com\/es\/Producto\/jamon-jacinto-blazquez\/#primaryimage"},"thumbnailUrl":"https:\/\/jamonesblazquez.com\/wp-content\/uploads\/2020\/07\/JAMON-JACINTO-BLAZQUEZ-4.png","datePublished":"2020-07-22T12:04:20+00:00","dateModified":"2025-05-16T09:00:45+00:00","description":"El ruido del aire que se adentra por las ventanas, los colores de las baldosas que revisten el secadero, el experto olfato que vigila la curaci\u00f3n, el palpado de cada pieza, el placer de cada bocado que da paso a la Admiraci\u00f3n \u2026 Jam\u00f3n Jacinto Bl\u00e1zquez.","breadcrumb":{"@id":"https:\/\/jamonesblazquez.com\/es\/Producto\/jamon-jacinto-blazquez\/#breadcrumb"},"inLanguage":"es","potentialAction":[{"@type":"ReadAction","target":["https:\/\/jamonesblazquez.com\/es\/Producto\/jamon-jacinto-blazquez\/"]}]},{"@type":"ImageObject","inLanguage":"es","@id":"https:\/\/jamonesblazquez.com\/es\/Producto\/jamon-jacinto-blazquez\/#primaryimage","url":"https:\/\/jamonesblazquez.com\/wp-content\/uploads\/2020\/07\/JAMON-JACINTO-BLAZQUEZ-4.png","contentUrl":"https:\/\/jamonesblazquez.com\/wp-content\/uploads\/2020\/07\/JAMON-JACINTO-BLAZQUEZ-4.png","width":1080,"height":1080,"caption":"JAM\u00d3N JACINTO BL\u00c1ZQUEZ (4)"},{"@type":"BreadcrumbList","@id":"https:\/\/jamonesblazquez.com\/es\/Producto\/jamon-jacinto-blazquez\/#breadcrumb","itemListElement":[{"@type":"ListItem","position":1,"name":"Portada","item":"https:\/\/jamonesblazquez.com\/es\/"},{"@type":"ListItem","position":2,"name":"Tienda online","item":"https:\/\/jamonesblazquez.com\/es\/?page_id=1992"},{"@type":"ListItem","position":3,"name":"JAM\u00d3N JACINTO BL\u00c1ZQUEZ"}]},{"@type":"WebSite","@id":"https:\/\/jamonesblazquez.com\/es\/#website","url":"https:\/\/jamonesblazquez.com\/es\/","name":"Jamones Bl\u00e1zquez","description":"Obedece a la Tentaci\u00f3n!","publisher":{"@id":"https:\/\/jamonesblazquez.com\/es\/#organization"},"potentialAction":[{"@type":"SearchAction","target":{"@type":"EntryPoint","urlTemplate":"https:\/\/jamonesblazquez.com\/es\/?s={search_term_string}"},"query-input":{"@type":"PropertyValueSpecification","valueRequired":true,"valueName":"search_term_string"}}],"inLanguage":"es"},{"@type":"Organization","@id":"https:\/\/jamonesblazquez.com\/es\/#organization","name":"Jamones Bl\u00e1zquez","url":"https:\/\/jamonesblazquez.com\/es\/","logo":{"@type":"ImageObject","inLanguage":"es","@id":"https:\/\/jamonesblazquez.com\/es\/#\/schema\/logo\/image\/","url":"https:\/\/jamonesblazquez.com\/wp-content\/uploads\/2019\/02\/Logo_Blazquez.png","contentUrl":"https:\/\/jamonesblazquez.com\/wp-content\/uploads\/2019\/02\/Logo_Blazquez.png","width":500,"height":132,"caption":"Jamones Bl\u00e1zquez"},"image":{"@id":"https:\/\/jamonesblazquez.com\/es\/#\/schema\/logo\/image\/"},"sameAs":["https:\/\/www.facebook.com\/JamonBlazquez\/","https:\/\/x.com\/jamonblazquez","https:\/\/www.instagram.com\/jamonblazquez\/","https:\/\/www.linkedin.com\/company\/10190869\/admin\/"]}]}},"_links":{"self":[{"href":"https:\/\/jamonesblazquez.com\/es\/wp-json\/wp\/v2\/product\/2079","targetHints":{"allow":["GET"]}}],"collection":[{"href":"https:\/\/jamonesblazquez.com\/es\/wp-json\/wp\/v2\/product"}],"about":[{"href":"https:\/\/jamonesblazquez.com\/es\/wp-json\/wp\/v2\/types\/product"}],"wp:featuredmedia":[{"embeddable":true,"href":"https:\/\/jamonesblazquez.com\/es\/wp-json\/wp\/v2\/media\/9068"}],"wp:attachment":[{"href":"https:\/\/jamonesblazquez.com\/es\/wp-json\/wp\/v2\/media?parent=2079"}],"wp:term":[{"taxonomy":"product_brand","embeddable":true,"href":"https:\/\/jamonesblazquez.com\/es\/wp-json\/wp\/v2\/product_brand?post=2079"},{"taxonomy":"product_cat","embeddable":true,"href":"https:\/\/jamonesblazquez.com\/es\/wp-json\/wp\/v2\/product_cat?post=2079"},{"taxonomy":"product_tag","embeddable":true,"href":"https:\/\/jamonesblazquez.com\/es\/wp-json\/wp\/v2\/product_tag?post=2079"}],"curies":[{"name":"wp","href":"https:\/\/api.w.org\/{rel}","templated":true}]}}