{"id":4732,"date":"2021-02-25T13:46:06","date_gmt":"2021-02-25T12:46:06","guid":{"rendered":"https:\/\/www.jamonesblazquez.com\/?post_type=product&#038;p=4732"},"modified":"2025-05-16T11:00:53","modified_gmt":"2025-05-16T09:00:53","slug":"enhorabuena-mama-jamon","status":"publish","type":"product","link":"https:\/\/jamonesblazquez.com\/es\/Producto\/enhorabuena-mama-jamon\/","title":{"rendered":"RECI\u00c9N MAM\u00c1 \u2013 JAM\u00d3N"},"content":{"rendered":"<div class=\"wpb-content-wrapper\"><p>[vc_row css_animation=\u00bb\u00bb row_type=\u00bbrow\u00bb use_row_as_full_screen_section=\u00bbno\u00bb type=\u00bbfull_width\u00bb angled_section=\u00bbno\u00bb text_align=\u00bbleft\u00bb background_image_as_pattern=\u00bbwithout_pattern\u00bb][vc_column][vc_column_text]<\/p>\n<p>\u00bfQuieres ser original y regalar algo diferente y pr\u00e1ctico?<\/p>\n<p>Muchas veces no sabemos que regalar a una reci\u00e9n mam\u00e1 porque posiblemente el beb\u00e9 ya tiene todo lo que necesita. Nosotros te proporcionamos una idea alternativa y diferente,<\/p>\n<p>\u00bfQu\u00e9 mejor forma de dar la enhorabuena a una mam\u00e1 que con un surtido de ib\u00e9ricos?.<\/p>\n<p>Tras nueve meses sin poder disfrutar del ib\u00e9rico, llego para la reci\u00e9n mam\u00e1 el momento de degustar de nuevo los loncheados Ib\u00e9ricos de Bellota Admiraci\u00f3n Bl\u00e1zquez.<\/p>\n<p>Una cajita met\u00e1lica que contiene 5\u00a0 <a href=\"https:\/\/jamonesblazquez.com\/es\/Producto\/loncheado-de-jamon-iberico-de-bellota-cortado-a-maquina\/\">loncheados de 100 gr. Jam\u00f3n de bellota ib\u00e9rico Admiraci\u00f3n Bl\u00e1zquez<\/a>. para un momento en el que ella se lo merece todo.<\/p>\n<p class=\"\" data-start=\"79\" data-end=\"281\">Hemos incorporado en nuestro pack ib\u00e9rico un regalo muy especial: una l\u00e1mina artesanal en acuarela, con marco, que podr\u00e1s personalizar con la primera letra del nombre del beb\u00e9.<\/p>\n<p class=\"\" data-start=\"283\" data-end=\"323\">Medidas: 32 cm de ancho x 26 cm de alto.<\/p>\n<p class=\"\" data-start=\"325\" data-end=\"458\">Para personalizarla, solo tienes que indicar la inicial del nombre en el cuadro de anotaciones u observaciones al realizar tu pedido.<\/p>\n<p class=\"\" data-start=\"460\" data-end=\"514\">Un recuerdo \u00fanico que acompa\u00f1a un momento inolvidable.<\/p>\n<p><span class=\"prd-glutenfree\">SIN GLUTEN<\/span><span class=\"prd-sinlactosa\"> SIN LACTOSA<\/span><span class=\"prd-sinconservantes\">SIN CONSERVANTES<\/span><span class=\"prd-sinaditivos\"> SIN ADITIVOS<\/span><\/p>\n<h3>INGREDIENTES<\/h3>\n<p>Jam\u00f3n de cerdo, sal<\/p>\n<h3>VALORES NUTRICIONALES (en 100g)<\/h3>\n<p>Valor energ\u00e9tico: 1480 KJ\/ 356 Kcal<br \/>\nGrasas (g): 25,2<br \/>\n&#8211; De las cuales saturadas (g): 8,08<br \/>\nHidratos de carbono (g): 1<br \/>\n&#8211; De los cuales az\u00facares: (g): &lt;0,5<br \/>\nProte\u00ednas (g): 32,2<br \/>\nSal (g): 4,5<\/p>\n<p>&nbsp;<\/p>\n<p>*Los plazos de entrega de este producto pueden demorarse hasta en una semana debido a que esta caja es preparada exclusivamente para ti.<\/p>\n<p>*Color del marco sujeto a disponibilidad.<\/p>\n<\/div>","protected":false},"excerpt":{"rendered":"<p>Un regalo PERSONALIZABLE, original, diferente y pr\u00e1ctico. Regalar a una reci\u00e9n mam\u00e1 la experiencia de volver a degustar los ib\u00e9ricos gourmet de Bl\u00e1zquez. \u00a1ENHORABUENA MAM\u00c1!<\/p>\n<p>&nbsp;<\/p>\n<p><strong>LA PERSONALIZACI\u00d3N SE REALIZAR\u00c1 AL FINAL DE LA COMPRA<\/strong><\/p>\n","protected":false},"featured_media":10002,"template":"","meta":[],"product_brand":[],"product_cat":[823],"product_tag":[],"class_list":{"0":"post-4732","1":"product","2":"type-product","3":"status-publish","4":"has-post-thumbnail","6":"product_cat-regalo-mama","8":"first","9":"instock","10":"taxable","11":"shipping-taxable","12":"product-type-simple"},"yoast_head":"<!-- This site is optimized with the Yoast SEO plugin v27.1.1 - https:\/\/yoast.com\/product\/yoast-seo-wordpress\/ -->\n<title>Comprar RECI\u00c9N MAM\u00c1 \u2013 JAM\u00d3N Regalo para mam\u00e1 - Jamones Bl\u00e1zquez<\/title>\n<meta name=\"description\" content=\"Un regalo PERSONALIZABLE, original, diferente y pr\u00e1ctico. Regalar a una reci\u00e9n mam\u00e1 la experiencia de volver a degustar los ib\u00e9ricos gourmet de Bl\u00e1zquez. \u00a1ENHORABUENA MAM\u00c1!  &nbsp;  LA PERSONALIZACI\u00d3N SE REALIZAR\u00c1 AL FINAL DE LA COMPRA %\" \/>\n<meta name=\"robots\" content=\"index, follow, max-snippet:-1, max-image-preview:large, max-video-preview:-1\" \/>\n<link rel=\"canonical\" href=\"https:\/\/jamonesblazquez.com\/es\/Producto\/enhorabuena-mama-jamon\/\" \/>\n<meta property=\"og:locale\" content=\"es_ES\" \/>\n<meta property=\"og:type\" content=\"article\" \/>\n<meta property=\"og:title\" content=\"Comprar RECI\u00c9N MAM\u00c1 \u2013 JAM\u00d3N Regalo para mam\u00e1 - Jamones Bl\u00e1zquez\" \/>\n<meta property=\"og:description\" content=\"Un regalo PERSONALIZABLE, original, diferente y pr\u00e1ctico. Regalar a una reci\u00e9n mam\u00e1 la experiencia de volver a degustar los ib\u00e9ricos gourmet de Bl\u00e1zquez. \u00a1ENHORABUENA MAM\u00c1!  &nbsp;  LA PERSONALIZACI\u00d3N SE REALIZAR\u00c1 AL FINAL DE LA COMPRA %\" \/>\n<meta property=\"og:url\" content=\"https:\/\/jamonesblazquez.com\/es\/Producto\/enhorabuena-mama-jamon\/\" \/>\n<meta property=\"og:site_name\" content=\"Jamones Bl\u00e1zquez\" \/>\n<meta property=\"article:publisher\" content=\"https:\/\/www.facebook.com\/JamonBlazquez\/\" \/>\n<meta property=\"article:modified_time\" content=\"2025-05-16T09:00:53+00:00\" \/>\n<meta property=\"og:image\" content=\"https:\/\/jamonesblazquez.com\/wp-content\/uploads\/2021\/03\/Eduardo-Nuca-Dia-madre6.jpg\" \/>\n\t<meta property=\"og:image:width\" content=\"1969\" \/>\n\t<meta property=\"og:image:height\" content=\"1313\" \/>\n\t<meta property=\"og:image:type\" content=\"image\/jpeg\" \/>\n<meta name=\"twitter:card\" content=\"summary_large_image\" \/>\n<meta name=\"twitter:site\" content=\"@jamonblazquez\" \/>\n<meta name=\"twitter:label1\" content=\"Tiempo de lectura\" \/>\n\t<meta name=\"twitter:data1\" content=\"2 minutos\" \/>\n<script type=\"application\/ld+json\" class=\"yoast-schema-graph\">{\"@context\":\"https:\/\/schema.org\",\"@graph\":[{\"@type\":[\"WebPage\",\"ItemPage\"],\"@id\":\"https:\/\/jamonesblazquez.com\/es\/Producto\/enhorabuena-mama-jamon\/\",\"url\":\"https:\/\/jamonesblazquez.com\/es\/Producto\/enhorabuena-mama-jamon\/\",\"name\":\"Comprar RECI\u00c9N MAM\u00c1 \u2013 JAM\u00d3N Regalo para mam\u00e1 - Jamones Bl\u00e1zquez\",\"isPartOf\":{\"@id\":\"https:\/\/jamonesblazquez.com\/es\/#website\"},\"primaryImageOfPage\":{\"@id\":\"https:\/\/jamonesblazquez.com\/es\/Producto\/enhorabuena-mama-jamon\/#primaryimage\"},\"image\":{\"@id\":\"https:\/\/jamonesblazquez.com\/es\/Producto\/enhorabuena-mama-jamon\/#primaryimage\"},\"thumbnailUrl\":\"https:\/\/jamonesblazquez.com\/wp-content\/uploads\/2021\/03\/Eduardo-Nuca-Dia-madre6.jpg\",\"datePublished\":\"2021-02-25T12:46:06+00:00\",\"dateModified\":\"2025-05-16T09:00:53+00:00\",\"description\":\"Un regalo PERSONALIZABLE, original, diferente y pr\u00e1ctico. Regalar a una reci\u00e9n mam\u00e1 la experiencia de volver a degustar los ib\u00e9ricos gourmet de Bl\u00e1zquez. \u00a1ENHORABUENA MAM\u00c1! &nbsp; LA PERSONALIZACI\u00d3N SE REALIZAR\u00c1 AL FINAL DE LA COMPRA %\",\"breadcrumb\":{\"@id\":\"https:\/\/jamonesblazquez.com\/es\/Producto\/enhorabuena-mama-jamon\/#breadcrumb\"},\"inLanguage\":\"es\",\"potentialAction\":[{\"@type\":\"ReadAction\",\"target\":[\"https:\/\/jamonesblazquez.com\/es\/Producto\/enhorabuena-mama-jamon\/\"]}]},{\"@type\":\"ImageObject\",\"inLanguage\":\"es\",\"@id\":\"https:\/\/jamonesblazquez.com\/es\/Producto\/enhorabuena-mama-jamon\/#primaryimage\",\"url\":\"https:\/\/jamonesblazquez.com\/wp-content\/uploads\/2021\/03\/Eduardo-Nuca-Dia-madre6.jpg\",\"contentUrl\":\"https:\/\/jamonesblazquez.com\/wp-content\/uploads\/2021\/03\/Eduardo-Nuca-Dia-madre6.jpg\",\"width\":1969,\"height\":1313},{\"@type\":\"BreadcrumbList\",\"@id\":\"https:\/\/jamonesblazquez.com\/es\/Producto\/enhorabuena-mama-jamon\/#breadcrumb\",\"itemListElement\":[{\"@type\":\"ListItem\",\"position\":1,\"name\":\"Portada\",\"item\":\"https:\/\/jamonesblazquez.com\/es\/\"},{\"@type\":\"ListItem\",\"position\":2,\"name\":\"Tienda online\",\"item\":\"https:\/\/jamonesblazquez.com\/es\/?page_id=1992\"},{\"@type\":\"ListItem\",\"position\":3,\"name\":\"RECI\u00c9N MAM\u00c1 \u2013 JAM\u00d3N\"}]},{\"@type\":\"WebSite\",\"@id\":\"https:\/\/jamonesblazquez.com\/es\/#website\",\"url\":\"https:\/\/jamonesblazquez.com\/es\/\",\"name\":\"Jamones Bl\u00e1zquez\",\"description\":\"Obedece a la Tentaci\u00f3n!\",\"publisher\":{\"@id\":\"https:\/\/jamonesblazquez.com\/es\/#organization\"},\"potentialAction\":[{\"@type\":\"SearchAction\",\"target\":{\"@type\":\"EntryPoint\",\"urlTemplate\":\"https:\/\/jamonesblazquez.com\/es\/?s={search_term_string}\"},\"query-input\":{\"@type\":\"PropertyValueSpecification\",\"valueRequired\":true,\"valueName\":\"search_term_string\"}}],\"inLanguage\":\"es\"},{\"@type\":\"Organization\",\"@id\":\"https:\/\/jamonesblazquez.com\/es\/#organization\",\"name\":\"Jamones Bl\u00e1zquez\",\"url\":\"https:\/\/jamonesblazquez.com\/es\/\",\"logo\":{\"@type\":\"ImageObject\",\"inLanguage\":\"es\",\"@id\":\"https:\/\/jamonesblazquez.com\/es\/#\/schema\/logo\/image\/\",\"url\":\"https:\/\/jamonesblazquez.com\/wp-content\/uploads\/2019\/02\/Logo_Blazquez.png\",\"contentUrl\":\"https:\/\/jamonesblazquez.com\/wp-content\/uploads\/2019\/02\/Logo_Blazquez.png\",\"width\":500,\"height\":132,\"caption\":\"Jamones Bl\u00e1zquez\"},\"image\":{\"@id\":\"https:\/\/jamonesblazquez.com\/es\/#\/schema\/logo\/image\/\"},\"sameAs\":[\"https:\/\/www.facebook.com\/JamonBlazquez\/\",\"https:\/\/x.com\/jamonblazquez\",\"https:\/\/www.instagram.com\/jamonblazquez\/\",\"https:\/\/www.linkedin.com\/company\/10190869\/admin\/\"]}]}<\/script>\n<!-- \/ Yoast SEO plugin. -->","yoast_head_json":{"title":"Comprar RECI\u00c9N MAM\u00c1 \u2013 JAM\u00d3N Regalo para mam\u00e1 - Jamones Bl\u00e1zquez","description":"Un regalo PERSONALIZABLE, original, diferente y pr\u00e1ctico. Regalar a una reci\u00e9n mam\u00e1 la experiencia de volver a degustar los ib\u00e9ricos gourmet de Bl\u00e1zquez. \u00a1ENHORABUENA MAM\u00c1!  &nbsp;  LA PERSONALIZACI\u00d3N SE REALIZAR\u00c1 AL FINAL DE LA COMPRA %","robots":{"index":"index","follow":"follow","max-snippet":"max-snippet:-1","max-image-preview":"max-image-preview:large","max-video-preview":"max-video-preview:-1"},"canonical":"https:\/\/jamonesblazquez.com\/es\/Producto\/enhorabuena-mama-jamon\/","og_locale":"es_ES","og_type":"article","og_title":"Comprar RECI\u00c9N MAM\u00c1 \u2013 JAM\u00d3N Regalo para mam\u00e1 - Jamones Bl\u00e1zquez","og_description":"Un regalo PERSONALIZABLE, original, diferente y pr\u00e1ctico. Regalar a una reci\u00e9n mam\u00e1 la experiencia de volver a degustar los ib\u00e9ricos gourmet de Bl\u00e1zquez. \u00a1ENHORABUENA MAM\u00c1!  &nbsp;  LA PERSONALIZACI\u00d3N SE REALIZAR\u00c1 AL FINAL DE LA COMPRA %","og_url":"https:\/\/jamonesblazquez.com\/es\/Producto\/enhorabuena-mama-jamon\/","og_site_name":"Jamones Bl\u00e1zquez","article_publisher":"https:\/\/www.facebook.com\/JamonBlazquez\/","article_modified_time":"2025-05-16T09:00:53+00:00","og_image":[{"width":1969,"height":1313,"url":"https:\/\/jamonesblazquez.com\/wp-content\/uploads\/2021\/03\/Eduardo-Nuca-Dia-madre6.jpg","type":"image\/jpeg"}],"twitter_card":"summary_large_image","twitter_site":"@jamonblazquez","twitter_misc":{"Tiempo de lectura":"2 minutos"},"schema":{"@context":"https:\/\/schema.org","@graph":[{"@type":["WebPage","ItemPage"],"@id":"https:\/\/jamonesblazquez.com\/es\/Producto\/enhorabuena-mama-jamon\/","url":"https:\/\/jamonesblazquez.com\/es\/Producto\/enhorabuena-mama-jamon\/","name":"Comprar RECI\u00c9N MAM\u00c1 \u2013 JAM\u00d3N Regalo para mam\u00e1 - Jamones Bl\u00e1zquez","isPartOf":{"@id":"https:\/\/jamonesblazquez.com\/es\/#website"},"primaryImageOfPage":{"@id":"https:\/\/jamonesblazquez.com\/es\/Producto\/enhorabuena-mama-jamon\/#primaryimage"},"image":{"@id":"https:\/\/jamonesblazquez.com\/es\/Producto\/enhorabuena-mama-jamon\/#primaryimage"},"thumbnailUrl":"https:\/\/jamonesblazquez.com\/wp-content\/uploads\/2021\/03\/Eduardo-Nuca-Dia-madre6.jpg","datePublished":"2021-02-25T12:46:06+00:00","dateModified":"2025-05-16T09:00:53+00:00","description":"Un regalo PERSONALIZABLE, original, diferente y pr\u00e1ctico. Regalar a una reci\u00e9n mam\u00e1 la experiencia de volver a degustar los ib\u00e9ricos gourmet de Bl\u00e1zquez. \u00a1ENHORABUENA MAM\u00c1! &nbsp; LA PERSONALIZACI\u00d3N SE REALIZAR\u00c1 AL FINAL DE LA COMPRA %","breadcrumb":{"@id":"https:\/\/jamonesblazquez.com\/es\/Producto\/enhorabuena-mama-jamon\/#breadcrumb"},"inLanguage":"es","potentialAction":[{"@type":"ReadAction","target":["https:\/\/jamonesblazquez.com\/es\/Producto\/enhorabuena-mama-jamon\/"]}]},{"@type":"ImageObject","inLanguage":"es","@id":"https:\/\/jamonesblazquez.com\/es\/Producto\/enhorabuena-mama-jamon\/#primaryimage","url":"https:\/\/jamonesblazquez.com\/wp-content\/uploads\/2021\/03\/Eduardo-Nuca-Dia-madre6.jpg","contentUrl":"https:\/\/jamonesblazquez.com\/wp-content\/uploads\/2021\/03\/Eduardo-Nuca-Dia-madre6.jpg","width":1969,"height":1313},{"@type":"BreadcrumbList","@id":"https:\/\/jamonesblazquez.com\/es\/Producto\/enhorabuena-mama-jamon\/#breadcrumb","itemListElement":[{"@type":"ListItem","position":1,"name":"Portada","item":"https:\/\/jamonesblazquez.com\/es\/"},{"@type":"ListItem","position":2,"name":"Tienda online","item":"https:\/\/jamonesblazquez.com\/es\/?page_id=1992"},{"@type":"ListItem","position":3,"name":"RECI\u00c9N MAM\u00c1 \u2013 JAM\u00d3N"}]},{"@type":"WebSite","@id":"https:\/\/jamonesblazquez.com\/es\/#website","url":"https:\/\/jamonesblazquez.com\/es\/","name":"Jamones Bl\u00e1zquez","description":"Obedece a la Tentaci\u00f3n!","publisher":{"@id":"https:\/\/jamonesblazquez.com\/es\/#organization"},"potentialAction":[{"@type":"SearchAction","target":{"@type":"EntryPoint","urlTemplate":"https:\/\/jamonesblazquez.com\/es\/?s={search_term_string}"},"query-input":{"@type":"PropertyValueSpecification","valueRequired":true,"valueName":"search_term_string"}}],"inLanguage":"es"},{"@type":"Organization","@id":"https:\/\/jamonesblazquez.com\/es\/#organization","name":"Jamones Bl\u00e1zquez","url":"https:\/\/jamonesblazquez.com\/es\/","logo":{"@type":"ImageObject","inLanguage":"es","@id":"https:\/\/jamonesblazquez.com\/es\/#\/schema\/logo\/image\/","url":"https:\/\/jamonesblazquez.com\/wp-content\/uploads\/2019\/02\/Logo_Blazquez.png","contentUrl":"https:\/\/jamonesblazquez.com\/wp-content\/uploads\/2019\/02\/Logo_Blazquez.png","width":500,"height":132,"caption":"Jamones Bl\u00e1zquez"},"image":{"@id":"https:\/\/jamonesblazquez.com\/es\/#\/schema\/logo\/image\/"},"sameAs":["https:\/\/www.facebook.com\/JamonBlazquez\/","https:\/\/x.com\/jamonblazquez","https:\/\/www.instagram.com\/jamonblazquez\/","https:\/\/www.linkedin.com\/company\/10190869\/admin\/"]}]}},"_links":{"self":[{"href":"https:\/\/jamonesblazquez.com\/es\/wp-json\/wp\/v2\/product\/4732","targetHints":{"allow":["GET"]}}],"collection":[{"href":"https:\/\/jamonesblazquez.com\/es\/wp-json\/wp\/v2\/product"}],"about":[{"href":"https:\/\/jamonesblazquez.com\/es\/wp-json\/wp\/v2\/types\/product"}],"wp:featuredmedia":[{"embeddable":true,"href":"https:\/\/jamonesblazquez.com\/es\/wp-json\/wp\/v2\/media\/10002"}],"wp:attachment":[{"href":"https:\/\/jamonesblazquez.com\/es\/wp-json\/wp\/v2\/media?parent=4732"}],"wp:term":[{"taxonomy":"product_brand","embeddable":true,"href":"https:\/\/jamonesblazquez.com\/es\/wp-json\/wp\/v2\/product_brand?post=4732"},{"taxonomy":"product_cat","embeddable":true,"href":"https:\/\/jamonesblazquez.com\/es\/wp-json\/wp\/v2\/product_cat?post=4732"},{"taxonomy":"product_tag","embeddable":true,"href":"https:\/\/jamonesblazquez.com\/es\/wp-json\/wp\/v2\/product_tag?post=4732"}],"curies":[{"name":"wp","href":"https:\/\/api.w.org\/{rel}","templated":true}]}}