{"id":4817,"date":"2021-03-05T14:46:51","date_gmt":"2021-03-05T13:46:51","guid":{"rendered":"https:\/\/www.jamonesblazquez.com\/?post_type=product&#038;p=4817"},"modified":"2025-05-16T11:00:53","modified_gmt":"2025-05-16T09:00:53","slug":"enhorabuena-mama-seleccion","status":"publish","type":"product","link":"https:\/\/jamonesblazquez.com\/es\/Producto\/enhorabuena-mama-seleccion\/","title":{"rendered":"RECI\u00c9N MAM\u00c1 \u2013 SELECCI\u00d3N"},"content":{"rendered":"<div class=\"wpb-content-wrapper\"><p>[vc_row css_animation=\u00bb\u00bb row_type=\u00bbrow\u00bb use_row_as_full_screen_section=\u00bbno\u00bb type=\u00bbfull_width\u00bb angled_section=\u00bbno\u00bb text_align=\u00bbleft\u00bb background_image_as_pattern=\u00bbwithout_pattern\u00bb][vc_column][vc_column_text]Tras nueve meses sin poder disfrutar del ib\u00e9rico, llego para la nueva mam\u00e1 el momento de degustar de nuevo los loncheados Ib\u00e9ricos de Bellota Admiraci\u00f3n Bl\u00e1zquez.<\/p>\n<p>Una cajita met\u00e1lica que contiene una selecci\u00f3n de loncheados ib\u00e9ricos variados.<\/p>\n<p class=\"\" data-start=\"79\" data-end=\"281\">Hemos incorporado en nuestro pack ib\u00e9rico un regalo muy especial: una l\u00e1mina artesanal en acuarela, con marco, que podr\u00e1s personalizar con la primera letra del nombre del beb\u00e9.<\/p>\n<p class=\"\" data-start=\"283\" data-end=\"323\">Medidas: 32 cm de ancho x 26 cm de alto.<\/p>\n<p class=\"\" data-start=\"325\" data-end=\"458\">Para personalizarla, solo tienes que indicar la inicial del nombre en el cuadro de anotaciones u observaciones al realizar tu pedido.<\/p>\n<p class=\"\" data-start=\"460\" data-end=\"514\">Un recuerdo \u00fanico que acompa\u00f1a un momento inolvidable.<\/p>\n<p>\u00a0[\/vc_column_text][\/vc_column][\/vc_row][vc_row css_animation=\u00bb\u00bb row_type=\u00bbrow\u00bb use_row_as_full_screen_section=\u00bbno\u00bb type=\u00bbfull_width\u00bb angled_section=\u00bbno\u00bb text_align=\u00bbleft\u00bb background_image_as_pattern=\u00bbwithout_pattern\u00bb][vc_column]<div class=\"qode-accordion-holder clearfix qode-toggle qode-initial \">\n\t<h4 class=\"clearfix qode-title-holder\">\n<span class=\"qode-tab-title\">\n\t\t\t<span class=\"qode-tab-title-icon\">\n\t\t\t<i class=\"qode_icon_font_awesome fa fa-info-circle \" ><\/i>\t\t<\/span>\n\t    <span class=\"qode-tab-title-inner\">\n        1 Loncheado de Jam\u00f3n de Bellota Ib\u00e9rico    <\/span>\n<\/span>\n<span class=\"qode-accordion-mark\">\n    <span class=\"qode-accordion-mark-icon\">\n        <span class=\"icon_plus\"><\/span>\n        <span class=\"icon_minus-06\"><\/span>\n    <\/span>\n<\/span>\n<\/h4>\n<div  class=\"qode-accordion-content qode-acc-title-with-icon\" style=\"padding: 0px\">\n    <div class=\"qode-accordion-content-inner\">\n        [vc_column_text css=\u00bb.vc_custom_1731409591843{padding-top: 12px !important;padding-bottom: 12px !important;padding-left: 40px !important;}\u00bb]<\/p>\n<h3>INGREDIENTES<\/h3>\n<p>Jam\u00f3n de cerdo, sal<\/p>\n<h3>VALORES NUTRICIONALES (EN 100G)<\/h3>\n<p>Valor energ\u00e9tico: 1480 KJ\/ 356 Kcal<br \/>\nGrasas (g): 25,2<br \/>\n&#8211; De las cuales saturadas (g): 8,08<br \/>\nHidratos de carbono (g): 1<br \/>\n&#8211; De los cuales az\u00facares: (g): &lt;0,5<br \/>\nProte\u00ednas (g): 32,2<br \/>\nSal (g): 4,5[\/vc_column_text]    <\/div>\n<\/div><h4 class=\"clearfix qode-title-holder\">\n<span class=\"qode-tab-title\">\n\t\t\t<span class=\"qode-tab-title-icon\">\n\t\t\t<i class=\"qode_icon_font_awesome fa fa-info-circle \" ><\/i>\t\t<\/span>\n\t    <span class=\"qode-tab-title-inner\">\n        1 Loncheado de Paleta de Bellota Ib\u00e9rica    <\/span>\n<\/span>\n<span class=\"qode-accordion-mark\">\n    <span class=\"qode-accordion-mark-icon\">\n        <span class=\"icon_plus\"><\/span>\n        <span class=\"icon_minus-06\"><\/span>\n    <\/span>\n<\/span>\n<\/h4>\n<div  class=\"qode-accordion-content qode-acc-title-with-icon\" >\n    <div class=\"qode-accordion-content-inner\">\n        [vc_column_text]<\/p>\n<h3>INGREDIENTES<\/h3>\n<p>Paleta de cerdo, sal<\/p>\n<h3>VALORES NUTRICIONALES (EN 100G)<\/h3>\n<p>Valor energ\u00e9tico: 1737KJ\/ 418Kcal<br \/>\nGrasas (g): 32,7<br \/>\n&#8211; De las cuales saturadas (g): 12,7<br \/>\nHidratos de carbono (g):0,8<br \/>\n&#8211; De los cuales az\u00facares: (g): &lt;0,5<br \/>\nProte\u00ednas (g): 30,2<br \/>\nSal (g): 3,5[\/vc_column_text]    <\/div>\n<\/div><h4 class=\"clearfix qode-title-holder\">\n<span class=\"qode-tab-title\">\n\t\t\t<span class=\"qode-tab-title-icon\">\n\t\t\t<i class=\"qode_icon_font_awesome fa fa-info-circle \" ><\/i>\t\t<\/span>\n\t    <span class=\"qode-tab-title-inner\">\n        1 Loncheado de Lomo de Bellota Ib\u00e9rico    <\/span>\n<\/span>\n<span class=\"qode-accordion-mark\">\n    <span class=\"qode-accordion-mark-icon\">\n        <span class=\"icon_plus\"><\/span>\n        <span class=\"icon_minus-06\"><\/span>\n    <\/span>\n<\/span>\n<\/h4>\n<div  class=\"qode-accordion-content qode-acc-title-with-icon\" >\n    <div class=\"qode-accordion-content-inner\">\n        [vc_column_text]<\/p>\n<h3>INGREDIENTES<\/h3>\n<p>Lomo de cerdo 50% raza Ib\u00e9rica, sal, piment\u00f3n, dextrosa, az\u00facar, especias, conservadores (E-250 y E-252), y antioxidante (E-301).<\/p>\n<h3>VALORES NUTRICIONALES (EN 100G)<\/h3>\n<p>Valor energ\u00e9tico: 437kcal \/ 1829kJ<br \/>\nProte\u00ednas (g): 41<br \/>\nHidratos de carbono (g): &lt;1<br \/>\n\u2013 De los cuales az\u00facares: (g): &lt;0,5<br \/>\nGrasas (g): 23,1<br \/>\n\u2013 De las cuales saturadas (g): 6,6<br \/>\nSal (g): 3,47<\/p>\n<p>[\/vc_column_text]    <\/div>\n<\/div><h4 class=\"clearfix qode-title-holder\">\n<span class=\"qode-tab-title\">\n\t\t\t<span class=\"qode-tab-title-icon\">\n\t\t\t<i class=\"qode_icon_font_awesome fa fa-info-circle \" ><\/i>\t\t<\/span>\n\t    <span class=\"qode-tab-title-inner\">\n        1 Loncheado de Chorizo de Bellota Ib\u00e9rico    <\/span>\n<\/span>\n<span class=\"qode-accordion-mark\">\n    <span class=\"qode-accordion-mark-icon\">\n        <span class=\"icon_plus\"><\/span>\n        <span class=\"icon_minus-06\"><\/span>\n    <\/span>\n<\/span>\n<\/h4>\n<div  class=\"qode-accordion-content qode-acc-title-with-icon\" >\n    <div class=\"qode-accordion-content-inner\">\n        [vc_column_text]<\/p>\n<h3>INGREDIENTES<\/h3>\n<p>Carne de cerdo ib\u00e9rico de bellota, sal, piment\u00f3n, aceite de oliva virgen extra, dextrosa, dextrina, <span class=\"alergenos\">lactosa<\/span>, <span class=\"alergenos\">prote\u00edna de soja<\/span>, <span class=\"alergenos\">prote\u00edna de leche<\/span>, emulgentes (E-450i, E-452i, Y E-451i), especias, corrector de acidez (E-331iii) conservadores (E-250 y E-252) y antioxidante (E-301).<\/p>\n<h3>VALORES NUTRICIONALES (EN 100G)<\/h3>\n<p>Valor energ\u00e9tico: 2237 kcal \/ 537kJ<br \/>\nProte\u00ednas (g): 23<br \/>\nHidratos de carbono (g): &lt;1<br \/>\n\u2013 De los cuales az\u00facares: (g): &lt;0,5<br \/>\nGrasas (g): 49<br \/>\n\u2013 De las cuales saturadas (g): 20<br \/>\nSal (g): 2,5<\/p>\n<p>[\/vc_column_text]    <\/div>\n<\/div><h4 class=\"clearfix qode-title-holder\">\n<span class=\"qode-tab-title\">\n\t\t\t<span class=\"qode-tab-title-icon\">\n\t\t\t<i class=\"qode_icon_font_awesome fa fa-info-circle \" ><\/i>\t\t<\/span>\n\t    <span class=\"qode-tab-title-inner\">\n        1 Loncheado de Salchich\u00f3n de Bellota Ib\u00e9rico    <\/span>\n<\/span>\n<span class=\"qode-accordion-mark\">\n    <span class=\"qode-accordion-mark-icon\">\n        <span class=\"icon_plus\"><\/span>\n        <span class=\"icon_minus-06\"><\/span>\n    <\/span>\n<\/span>\n<\/h4>\n<div  class=\"qode-accordion-content qode-acc-title-with-icon\" >\n    <div class=\"qode-accordion-content-inner\">\n        [vc_column_text]<\/p>\n<h3>INGREDIENTES<\/h3>\n<p>Carne de cerdo ib\u00e9rico de bellota, sal, especias, dextrosa, dextrina, <span class=\"alergenos\">lactosa<\/span>, <span class=\"alergenos\">prote\u00edna de soja<\/span>, <span class=\"alergenos\">prote\u00edna de leche<\/span>, emulgentes (E-450i, E-452i, Y E-451i), conservadores (E-250 y E-252), corrector de acidez (E-331iii) y antioxidante (E-301).<\/p>\n<h3>VALORES NUTRICIONALES (EN 100G)<\/h3>\n<p>Valor energ\u00e9tico: 514 kcal \/ 2129 kJ<br \/>\nProte\u00ednas (g): 44,4<br \/>\nHidratos de carbono (g): &lt;1<br \/>\n\u2013 De los cuales az\u00facares: (g): &lt;0,5<br \/>\nGrasas (g): 44,4<br \/>\n\u2013 De las cuales saturadas (g): 18<br \/>\nSal (g): 2,6<\/p>\n<p>[\/vc_column_text]    <\/div>\n<\/div><\/div>[\/vc_column][\/vc_row][vc_row css_animation=\u00bb\u00bb row_type=\u00bbrow\u00bb use_row_as_full_screen_section=\u00bbno\u00bb type=\u00bbfull_width\u00bb angled_section=\u00bbno\u00bb text_align=\u00bbleft\u00bb background_image_as_pattern=\u00bbwithout_pattern\u00bb][vc_column][vc_column_text]<\/p>\n<p><span class=\"prd-glutenfree\">SIN GLUTEN<\/span><\/p>\n<p>[\/vc_column_text][\/vc_column][\/vc_row][vc_row css_animation=\u00bb\u00bb row_type=\u00bbrow\u00bb use_row_as_full_screen_section=\u00bbno\u00bb type=\u00bbfull_width\u00bb angled_section=\u00bbno\u00bb text_align=\u00bbleft\u00bb background_image_as_pattern=\u00bbwithout_pattern\u00bb][vc_column][vc_column_text]<\/p>\n<p>*Los plazos de entrega de este producto pueden demorarse hasta en una semana debido a que esta caja es preparada exclusivamente para ti.<\/p>\n<p>*Color del marco sujeto a disponibilidad.[\/vc_column_text][\/vc_column][\/vc_row]<\/p>\n<\/div>","protected":false},"excerpt":{"rendered":"<p>Un regalo PERSONALIZABLE, original, diferente y pr\u00e1ctico. Regalar a una reci\u00e9n mam\u00e1 la experiencia de volver a degustar los ib\u00e9ricos gourmet de Bl\u00e1zquez. \u00a1ENHORABUENA MAM\u00c1!<\/p>\n<p>&nbsp;<\/p>\n<p><strong>LA PERSONALIZACI\u00d3N SE REALIZAR\u00c1 AL FINAL DE LA COMPRA<\/strong><\/p>\n","protected":false},"featured_media":10004,"template":"","meta":[],"product_brand":[],"product_cat":[823],"product_tag":[],"class_list":{"0":"post-4817","1":"product","2":"type-product","3":"status-publish","4":"has-post-thumbnail","6":"product_cat-regalo-mama","8":"first","9":"instock","10":"taxable","11":"shipping-taxable","12":"product-type-simple"},"yoast_head":"<!-- This site is optimized with the Yoast SEO plugin v27.1.1 - https:\/\/yoast.com\/product\/yoast-seo-wordpress\/ -->\n<title>Comprar RECI\u00c9N MAM\u00c1 \u2013 SELECCI\u00d3N - Jamones Bl\u00e1zquez<\/title>\n<meta name=\"description\" content=\"Un regalo PERSONALIZABLE, original, diferente y pr\u00e1ctico. Regalar a una reci\u00e9n mam\u00e1 la experiencia de volver a degustar los ib\u00e9ricos gourmet de Bl\u00e1zquez. \u00a1ENHORABUENA MAM\u00c1!  &nbsp;  LA PERSONALIZACI\u00d3N SE REALIZAR\u00c1 AL FINAL DE LA COMPRA\" \/>\n<meta name=\"robots\" content=\"index, follow, max-snippet:-1, max-image-preview:large, max-video-preview:-1\" \/>\n<link rel=\"canonical\" href=\"https:\/\/jamonesblazquez.com\/es\/Producto\/enhorabuena-mama-seleccion\/\" \/>\n<meta property=\"og:locale\" content=\"es_ES\" \/>\n<meta property=\"og:type\" content=\"article\" \/>\n<meta property=\"og:title\" content=\"Comprar RECI\u00c9N MAM\u00c1 \u2013 SELECCI\u00d3N - Jamones Bl\u00e1zquez\" \/>\n<meta property=\"og:description\" content=\"Un regalo PERSONALIZABLE, original, diferente y pr\u00e1ctico. Regalar a una reci\u00e9n mam\u00e1 la experiencia de volver a degustar los ib\u00e9ricos gourmet de Bl\u00e1zquez. \u00a1ENHORABUENA MAM\u00c1!  &nbsp;  LA PERSONALIZACI\u00d3N SE REALIZAR\u00c1 AL FINAL DE LA COMPRA\" \/>\n<meta property=\"og:url\" content=\"https:\/\/jamonesblazquez.com\/es\/Producto\/enhorabuena-mama-seleccion\/\" \/>\n<meta property=\"og:site_name\" content=\"Jamones Bl\u00e1zquez\" \/>\n<meta property=\"article:publisher\" content=\"https:\/\/www.facebook.com\/JamonBlazquez\/\" \/>\n<meta property=\"article:modified_time\" content=\"2025-05-16T09:00:53+00:00\" \/>\n<meta property=\"og:image\" content=\"https:\/\/jamonesblazquez.com\/wp-content\/uploads\/2021\/03\/Eduardo-Nuca-Dia-madre5.jpg\" \/>\n\t<meta property=\"og:image:width\" content=\"1969\" \/>\n\t<meta property=\"og:image:height\" content=\"1313\" \/>\n\t<meta property=\"og:image:type\" content=\"image\/jpeg\" \/>\n<meta name=\"twitter:card\" content=\"summary_large_image\" \/>\n<meta name=\"twitter:site\" content=\"@jamonblazquez\" \/>\n<meta name=\"twitter:label1\" content=\"Tiempo de lectura\" \/>\n\t<meta name=\"twitter:data1\" content=\"3 minutos\" \/>\n<script type=\"application\/ld+json\" class=\"yoast-schema-graph\">{\"@context\":\"https:\/\/schema.org\",\"@graph\":[{\"@type\":[\"WebPage\",\"ItemPage\"],\"@id\":\"https:\/\/jamonesblazquez.com\/es\/Producto\/enhorabuena-mama-seleccion\/\",\"url\":\"https:\/\/jamonesblazquez.com\/es\/Producto\/enhorabuena-mama-seleccion\/\",\"name\":\"Comprar RECI\u00c9N MAM\u00c1 \u2013 SELECCI\u00d3N - Jamones Bl\u00e1zquez\",\"isPartOf\":{\"@id\":\"https:\/\/jamonesblazquez.com\/es\/#website\"},\"primaryImageOfPage\":{\"@id\":\"https:\/\/jamonesblazquez.com\/es\/Producto\/enhorabuena-mama-seleccion\/#primaryimage\"},\"image\":{\"@id\":\"https:\/\/jamonesblazquez.com\/es\/Producto\/enhorabuena-mama-seleccion\/#primaryimage\"},\"thumbnailUrl\":\"https:\/\/jamonesblazquez.com\/wp-content\/uploads\/2021\/03\/Eduardo-Nuca-Dia-madre5.jpg\",\"datePublished\":\"2021-03-05T13:46:51+00:00\",\"dateModified\":\"2025-05-16T09:00:53+00:00\",\"description\":\"Un regalo PERSONALIZABLE, original, diferente y pr\u00e1ctico. Regalar a una reci\u00e9n mam\u00e1 la experiencia de volver a degustar los ib\u00e9ricos gourmet de Bl\u00e1zquez. \u00a1ENHORABUENA MAM\u00c1! &nbsp; LA PERSONALIZACI\u00d3N SE REALIZAR\u00c1 AL FINAL DE LA COMPRA\",\"breadcrumb\":{\"@id\":\"https:\/\/jamonesblazquez.com\/es\/Producto\/enhorabuena-mama-seleccion\/#breadcrumb\"},\"inLanguage\":\"es\",\"potentialAction\":[{\"@type\":\"ReadAction\",\"target\":[\"https:\/\/jamonesblazquez.com\/es\/Producto\/enhorabuena-mama-seleccion\/\"]}]},{\"@type\":\"ImageObject\",\"inLanguage\":\"es\",\"@id\":\"https:\/\/jamonesblazquez.com\/es\/Producto\/enhorabuena-mama-seleccion\/#primaryimage\",\"url\":\"https:\/\/jamonesblazquez.com\/wp-content\/uploads\/2021\/03\/Eduardo-Nuca-Dia-madre5.jpg\",\"contentUrl\":\"https:\/\/jamonesblazquez.com\/wp-content\/uploads\/2021\/03\/Eduardo-Nuca-Dia-madre5.jpg\",\"width\":1969,\"height\":1313},{\"@type\":\"BreadcrumbList\",\"@id\":\"https:\/\/jamonesblazquez.com\/es\/Producto\/enhorabuena-mama-seleccion\/#breadcrumb\",\"itemListElement\":[{\"@type\":\"ListItem\",\"position\":1,\"name\":\"Portada\",\"item\":\"https:\/\/jamonesblazquez.com\/es\/\"},{\"@type\":\"ListItem\",\"position\":2,\"name\":\"Tienda online\",\"item\":\"https:\/\/jamonesblazquez.com\/es\/?page_id=1992\"},{\"@type\":\"ListItem\",\"position\":3,\"name\":\"RECI\u00c9N MAM\u00c1 \u2013 SELECCI\u00d3N\"}]},{\"@type\":\"WebSite\",\"@id\":\"https:\/\/jamonesblazquez.com\/es\/#website\",\"url\":\"https:\/\/jamonesblazquez.com\/es\/\",\"name\":\"Jamones Bl\u00e1zquez\",\"description\":\"Obedece a la Tentaci\u00f3n!\",\"publisher\":{\"@id\":\"https:\/\/jamonesblazquez.com\/es\/#organization\"},\"potentialAction\":[{\"@type\":\"SearchAction\",\"target\":{\"@type\":\"EntryPoint\",\"urlTemplate\":\"https:\/\/jamonesblazquez.com\/es\/?s={search_term_string}\"},\"query-input\":{\"@type\":\"PropertyValueSpecification\",\"valueRequired\":true,\"valueName\":\"search_term_string\"}}],\"inLanguage\":\"es\"},{\"@type\":\"Organization\",\"@id\":\"https:\/\/jamonesblazquez.com\/es\/#organization\",\"name\":\"Jamones Bl\u00e1zquez\",\"url\":\"https:\/\/jamonesblazquez.com\/es\/\",\"logo\":{\"@type\":\"ImageObject\",\"inLanguage\":\"es\",\"@id\":\"https:\/\/jamonesblazquez.com\/es\/#\/schema\/logo\/image\/\",\"url\":\"https:\/\/jamonesblazquez.com\/wp-content\/uploads\/2019\/02\/Logo_Blazquez.png\",\"contentUrl\":\"https:\/\/jamonesblazquez.com\/wp-content\/uploads\/2019\/02\/Logo_Blazquez.png\",\"width\":500,\"height\":132,\"caption\":\"Jamones Bl\u00e1zquez\"},\"image\":{\"@id\":\"https:\/\/jamonesblazquez.com\/es\/#\/schema\/logo\/image\/\"},\"sameAs\":[\"https:\/\/www.facebook.com\/JamonBlazquez\/\",\"https:\/\/x.com\/jamonblazquez\",\"https:\/\/www.instagram.com\/jamonblazquez\/\",\"https:\/\/www.linkedin.com\/company\/10190869\/admin\/\"]}]}<\/script>\n<!-- \/ Yoast SEO plugin. -->","yoast_head_json":{"title":"Comprar RECI\u00c9N MAM\u00c1 \u2013 SELECCI\u00d3N - Jamones Bl\u00e1zquez","description":"Un regalo PERSONALIZABLE, original, diferente y pr\u00e1ctico. Regalar a una reci\u00e9n mam\u00e1 la experiencia de volver a degustar los ib\u00e9ricos gourmet de Bl\u00e1zquez. \u00a1ENHORABUENA MAM\u00c1!  &nbsp;  LA PERSONALIZACI\u00d3N SE REALIZAR\u00c1 AL FINAL DE LA COMPRA","robots":{"index":"index","follow":"follow","max-snippet":"max-snippet:-1","max-image-preview":"max-image-preview:large","max-video-preview":"max-video-preview:-1"},"canonical":"https:\/\/jamonesblazquez.com\/es\/Producto\/enhorabuena-mama-seleccion\/","og_locale":"es_ES","og_type":"article","og_title":"Comprar RECI\u00c9N MAM\u00c1 \u2013 SELECCI\u00d3N - Jamones Bl\u00e1zquez","og_description":"Un regalo PERSONALIZABLE, original, diferente y pr\u00e1ctico. Regalar a una reci\u00e9n mam\u00e1 la experiencia de volver a degustar los ib\u00e9ricos gourmet de Bl\u00e1zquez. \u00a1ENHORABUENA MAM\u00c1!  &nbsp;  LA PERSONALIZACI\u00d3N SE REALIZAR\u00c1 AL FINAL DE LA COMPRA","og_url":"https:\/\/jamonesblazquez.com\/es\/Producto\/enhorabuena-mama-seleccion\/","og_site_name":"Jamones Bl\u00e1zquez","article_publisher":"https:\/\/www.facebook.com\/JamonBlazquez\/","article_modified_time":"2025-05-16T09:00:53+00:00","og_image":[{"width":1969,"height":1313,"url":"https:\/\/jamonesblazquez.com\/wp-content\/uploads\/2021\/03\/Eduardo-Nuca-Dia-madre5.jpg","type":"image\/jpeg"}],"twitter_card":"summary_large_image","twitter_site":"@jamonblazquez","twitter_misc":{"Tiempo de lectura":"3 minutos"},"schema":{"@context":"https:\/\/schema.org","@graph":[{"@type":["WebPage","ItemPage"],"@id":"https:\/\/jamonesblazquez.com\/es\/Producto\/enhorabuena-mama-seleccion\/","url":"https:\/\/jamonesblazquez.com\/es\/Producto\/enhorabuena-mama-seleccion\/","name":"Comprar RECI\u00c9N MAM\u00c1 \u2013 SELECCI\u00d3N - Jamones Bl\u00e1zquez","isPartOf":{"@id":"https:\/\/jamonesblazquez.com\/es\/#website"},"primaryImageOfPage":{"@id":"https:\/\/jamonesblazquez.com\/es\/Producto\/enhorabuena-mama-seleccion\/#primaryimage"},"image":{"@id":"https:\/\/jamonesblazquez.com\/es\/Producto\/enhorabuena-mama-seleccion\/#primaryimage"},"thumbnailUrl":"https:\/\/jamonesblazquez.com\/wp-content\/uploads\/2021\/03\/Eduardo-Nuca-Dia-madre5.jpg","datePublished":"2021-03-05T13:46:51+00:00","dateModified":"2025-05-16T09:00:53+00:00","description":"Un regalo PERSONALIZABLE, original, diferente y pr\u00e1ctico. Regalar a una reci\u00e9n mam\u00e1 la experiencia de volver a degustar los ib\u00e9ricos gourmet de Bl\u00e1zquez. \u00a1ENHORABUENA MAM\u00c1! &nbsp; LA PERSONALIZACI\u00d3N SE REALIZAR\u00c1 AL FINAL DE LA COMPRA","breadcrumb":{"@id":"https:\/\/jamonesblazquez.com\/es\/Producto\/enhorabuena-mama-seleccion\/#breadcrumb"},"inLanguage":"es","potentialAction":[{"@type":"ReadAction","target":["https:\/\/jamonesblazquez.com\/es\/Producto\/enhorabuena-mama-seleccion\/"]}]},{"@type":"ImageObject","inLanguage":"es","@id":"https:\/\/jamonesblazquez.com\/es\/Producto\/enhorabuena-mama-seleccion\/#primaryimage","url":"https:\/\/jamonesblazquez.com\/wp-content\/uploads\/2021\/03\/Eduardo-Nuca-Dia-madre5.jpg","contentUrl":"https:\/\/jamonesblazquez.com\/wp-content\/uploads\/2021\/03\/Eduardo-Nuca-Dia-madre5.jpg","width":1969,"height":1313},{"@type":"BreadcrumbList","@id":"https:\/\/jamonesblazquez.com\/es\/Producto\/enhorabuena-mama-seleccion\/#breadcrumb","itemListElement":[{"@type":"ListItem","position":1,"name":"Portada","item":"https:\/\/jamonesblazquez.com\/es\/"},{"@type":"ListItem","position":2,"name":"Tienda online","item":"https:\/\/jamonesblazquez.com\/es\/?page_id=1992"},{"@type":"ListItem","position":3,"name":"RECI\u00c9N MAM\u00c1 \u2013 SELECCI\u00d3N"}]},{"@type":"WebSite","@id":"https:\/\/jamonesblazquez.com\/es\/#website","url":"https:\/\/jamonesblazquez.com\/es\/","name":"Jamones Bl\u00e1zquez","description":"Obedece a la Tentaci\u00f3n!","publisher":{"@id":"https:\/\/jamonesblazquez.com\/es\/#organization"},"potentialAction":[{"@type":"SearchAction","target":{"@type":"EntryPoint","urlTemplate":"https:\/\/jamonesblazquez.com\/es\/?s={search_term_string}"},"query-input":{"@type":"PropertyValueSpecification","valueRequired":true,"valueName":"search_term_string"}}],"inLanguage":"es"},{"@type":"Organization","@id":"https:\/\/jamonesblazquez.com\/es\/#organization","name":"Jamones Bl\u00e1zquez","url":"https:\/\/jamonesblazquez.com\/es\/","logo":{"@type":"ImageObject","inLanguage":"es","@id":"https:\/\/jamonesblazquez.com\/es\/#\/schema\/logo\/image\/","url":"https:\/\/jamonesblazquez.com\/wp-content\/uploads\/2019\/02\/Logo_Blazquez.png","contentUrl":"https:\/\/jamonesblazquez.com\/wp-content\/uploads\/2019\/02\/Logo_Blazquez.png","width":500,"height":132,"caption":"Jamones Bl\u00e1zquez"},"image":{"@id":"https:\/\/jamonesblazquez.com\/es\/#\/schema\/logo\/image\/"},"sameAs":["https:\/\/www.facebook.com\/JamonBlazquez\/","https:\/\/x.com\/jamonblazquez","https:\/\/www.instagram.com\/jamonblazquez\/","https:\/\/www.linkedin.com\/company\/10190869\/admin\/"]}]}},"_links":{"self":[{"href":"https:\/\/jamonesblazquez.com\/es\/wp-json\/wp\/v2\/product\/4817","targetHints":{"allow":["GET"]}}],"collection":[{"href":"https:\/\/jamonesblazquez.com\/es\/wp-json\/wp\/v2\/product"}],"about":[{"href":"https:\/\/jamonesblazquez.com\/es\/wp-json\/wp\/v2\/types\/product"}],"wp:featuredmedia":[{"embeddable":true,"href":"https:\/\/jamonesblazquez.com\/es\/wp-json\/wp\/v2\/media\/10004"}],"wp:attachment":[{"href":"https:\/\/jamonesblazquez.com\/es\/wp-json\/wp\/v2\/media?parent=4817"}],"wp:term":[{"taxonomy":"product_brand","embeddable":true,"href":"https:\/\/jamonesblazquez.com\/es\/wp-json\/wp\/v2\/product_brand?post=4817"},{"taxonomy":"product_cat","embeddable":true,"href":"https:\/\/jamonesblazquez.com\/es\/wp-json\/wp\/v2\/product_cat?post=4817"},{"taxonomy":"product_tag","embeddable":true,"href":"https:\/\/jamonesblazquez.com\/es\/wp-json\/wp\/v2\/product_tag?post=4817"}],"curies":[{"name":"wp","href":"https:\/\/api.w.org\/{rel}","templated":true}]}}