{"id":5801,"date":"2022-08-03T09:32:02","date_gmt":"2022-08-03T07:32:02","guid":{"rendered":"https:\/\/www.jamonesblazquez.com\/?post_type=product&#038;p=5801"},"modified":"2025-11-12T11:15:03","modified_gmt":"2025-11-12T10:15:03","slug":"caja-voltare-jamon-de-bellota-iberico","status":"publish","type":"product","link":"https:\/\/jamonesblazquez.com\/es\/Producto\/caja-voltare-jamon-de-bellota-iberico\/","title":{"rendered":"PACK VOLTARE JAM\u00d3N"},"content":{"rendered":"<div class=\"wpb-content-wrapper\"><p>[vc_row css_animation=\u00bb\u00bb row_type=\u00bbrow\u00bb use_row_as_full_screen_section=\u00bbno\u00bb type=\u00bbfull_width\u00bb angled_section=\u00bbno\u00bb text_align=\u00bbleft\u00bb background_image_as_pattern=\u00bbwithout_pattern\u00bb][vc_column][vc_column_text]Pack de 5 loncheados de 80 gr cada uno, especiales por su facilidad en el emplatado.\u00a0 Formato ideal para nuestro Jam\u00f3n \u201cAdmiraci\u00f3n\u201d, id\u00f3neo para voltear y presentar vistosamente como \u201cUn plato de jam\u00f3n de bellota ib\u00e9rico reci\u00e9n cortado a cuchillo\u201d.<\/p>\n<p>Gracias al envasado en atm\u00f3sfera protectora;<\/p>\n<ul>\n<li>Mantenemos las propiedades de olor, sabor, color y textura.<\/li>\n<li>Conseguimos que las lonchas se despeguen con facilidad<\/li>\n<li>Facilitando el emplatado.<\/li>\n<li>Mostramos el producto vistosamente.<\/li>\n<\/ul>\n<p>&nbsp;<\/p>\n<p>Adem\u00e1s, queremos contarte que de esta forma reducimos el contacto de nuestro producto con el pl\u00e1stico y lo hacemos con un formato de conservaci\u00f3n perfecto, sin aditivos sin conservantes.<\/p>\n<p>Aconsejamos el emplatado en frio y atemperarlo antes de consumirlo.<\/p>\n<p><span class=\"prd-sinconservantes\">SIN CONSERVANTES<\/span><span class=\"prd-sinaditivos\"> SIN ADITIVOS <\/span><\/p>\n<h3>INGREDIENTES<\/h3>\n<p>Jam\u00f3n de cerdo, sal<\/p>\n<h3>VALORES NUTRICIONALES (en 100g)<\/h3>\n<p>Valor energ\u00e9tico: 1480 KJ\/ 356 Kcal<br \/>\nGrasas (g): 25,2<br \/>\n&#8211; De las cuales saturadas (g): 8,08<br \/>\nHidratos de carbono (g): 1<br \/>\n&#8211; De los cuales az\u00facares: (g): &lt;0,5<br \/>\nProte\u00ednas (g): 32,2<br \/>\nSal (g): 4,5<\/p>\n<\/div>","protected":false},"excerpt":{"rendered":"<p>Volteamos y listo!<\/p>\n<p>Emplatar el jam\u00f3n de bellota ib\u00e9rico 50% raza ib\u00e9rica cortado a mano de Bl\u00e1zquez ahora es muy f\u00e1cil.<\/p>\n<p>&nbsp;<\/p>\n","protected":false},"featured_media":11016,"template":"","meta":[],"product_brand":[],"product_cat":[687,672],"product_tag":[],"class_list":{"0":"post-5801","1":"product","2":"type-product","3":"status-publish","4":"has-post-thumbnail","6":"product_cat-en-caja-tus-blazquez","7":"product_cat-jamones","9":"first","10":"instock","11":"taxable","12":"shipping-taxable","13":"product-type-simple"},"yoast_head":"<!-- This site is optimized with the Yoast SEO plugin v27.1.1 - https:\/\/yoast.com\/product\/yoast-seo-wordpress\/ -->\n<title>Comprar PACK VOLTARE JAM\u00d3N - Jamones Bl\u00e1zquez<\/title>\n<meta name=\"description\" content=\"Volteamos y listo!  Emplatar el jam\u00f3n de bellota ib\u00e9rico 50% raza ib\u00e9rica cortado a mano de Bl\u00e1zquez ahora es muy f\u00e1cil.  &nbsp;\" \/>\n<meta name=\"robots\" content=\"index, follow, max-snippet:-1, max-image-preview:large, max-video-preview:-1\" \/>\n<link rel=\"canonical\" href=\"https:\/\/jamonesblazquez.com\/es\/Producto\/caja-voltare-jamon-de-bellota-iberico\/\" \/>\n<meta property=\"og:locale\" content=\"es_ES\" \/>\n<meta property=\"og:type\" content=\"article\" \/>\n<meta property=\"og:title\" content=\"Comprar PACK VOLTARE JAM\u00d3N - Jamones Bl\u00e1zquez\" \/>\n<meta property=\"og:description\" content=\"Volteamos y listo!  Emplatar el jam\u00f3n de bellota ib\u00e9rico 50% raza ib\u00e9rica cortado a mano de Bl\u00e1zquez ahora es muy f\u00e1cil.  &nbsp;\" \/>\n<meta property=\"og:url\" content=\"https:\/\/jamonesblazquez.com\/es\/Producto\/caja-voltare-jamon-de-bellota-iberico\/\" \/>\n<meta property=\"og:site_name\" content=\"Jamones Bl\u00e1zquez\" \/>\n<meta property=\"article:publisher\" content=\"https:\/\/www.facebook.com\/JamonBlazquez\/\" \/>\n<meta property=\"article:modified_time\" content=\"2025-11-12T10:15:03+00:00\" \/>\n<meta property=\"og:image\" content=\"https:\/\/jamonesblazquez.com\/wp-content\/uploads\/2022\/08\/IMAGENES-TIENDA-ONLINE-.jpg\" \/>\n\t<meta property=\"og:image:width\" content=\"800\" \/>\n\t<meta property=\"og:image:height\" content=\"800\" \/>\n\t<meta property=\"og:image:type\" content=\"image\/jpeg\" \/>\n<meta name=\"twitter:card\" content=\"summary_large_image\" \/>\n<meta name=\"twitter:site\" content=\"@jamonblazquez\" \/>\n<meta name=\"twitter:label1\" content=\"Tiempo de lectura\" \/>\n\t<meta name=\"twitter:data1\" content=\"1 minuto\" \/>\n<script type=\"application\/ld+json\" class=\"yoast-schema-graph\">{\"@context\":\"https:\/\/schema.org\",\"@graph\":[{\"@type\":[\"WebPage\",\"ItemPage\"],\"@id\":\"https:\/\/jamonesblazquez.com\/es\/Producto\/caja-voltare-jamon-de-bellota-iberico\/\",\"url\":\"https:\/\/jamonesblazquez.com\/es\/Producto\/caja-voltare-jamon-de-bellota-iberico\/\",\"name\":\"Comprar PACK VOLTARE JAM\u00d3N - Jamones Bl\u00e1zquez\",\"isPartOf\":{\"@id\":\"https:\/\/jamonesblazquez.com\/es\/#website\"},\"primaryImageOfPage\":{\"@id\":\"https:\/\/jamonesblazquez.com\/es\/Producto\/caja-voltare-jamon-de-bellota-iberico\/#primaryimage\"},\"image\":{\"@id\":\"https:\/\/jamonesblazquez.com\/es\/Producto\/caja-voltare-jamon-de-bellota-iberico\/#primaryimage\"},\"thumbnailUrl\":\"https:\/\/jamonesblazquez.com\/wp-content\/uploads\/2022\/08\/IMAGENES-TIENDA-ONLINE-.jpg\",\"datePublished\":\"2022-08-03T07:32:02+00:00\",\"dateModified\":\"2025-11-12T10:15:03+00:00\",\"description\":\"Volteamos y listo! Emplatar el jam\u00f3n de bellota ib\u00e9rico 50% raza ib\u00e9rica cortado a mano de Bl\u00e1zquez ahora es muy f\u00e1cil. &nbsp;\",\"breadcrumb\":{\"@id\":\"https:\/\/jamonesblazquez.com\/es\/Producto\/caja-voltare-jamon-de-bellota-iberico\/#breadcrumb\"},\"inLanguage\":\"es\",\"potentialAction\":[{\"@type\":\"ReadAction\",\"target\":[\"https:\/\/jamonesblazquez.com\/es\/Producto\/caja-voltare-jamon-de-bellota-iberico\/\"]}]},{\"@type\":\"ImageObject\",\"inLanguage\":\"es\",\"@id\":\"https:\/\/jamonesblazquez.com\/es\/Producto\/caja-voltare-jamon-de-bellota-iberico\/#primaryimage\",\"url\":\"https:\/\/jamonesblazquez.com\/wp-content\/uploads\/2022\/08\/IMAGENES-TIENDA-ONLINE-.jpg\",\"contentUrl\":\"https:\/\/jamonesblazquez.com\/wp-content\/uploads\/2022\/08\/IMAGENES-TIENDA-ONLINE-.jpg\",\"width\":800,\"height\":800,\"caption\":\"IMAGENES TIENDA ONLINE\"},{\"@type\":\"BreadcrumbList\",\"@id\":\"https:\/\/jamonesblazquez.com\/es\/Producto\/caja-voltare-jamon-de-bellota-iberico\/#breadcrumb\",\"itemListElement\":[{\"@type\":\"ListItem\",\"position\":1,\"name\":\"Portada\",\"item\":\"https:\/\/jamonesblazquez.com\/es\/\"},{\"@type\":\"ListItem\",\"position\":2,\"name\":\"Tienda online\",\"item\":\"https:\/\/jamonesblazquez.com\/es\/?page_id=1992\"},{\"@type\":\"ListItem\",\"position\":3,\"name\":\"PACK VOLTARE JAM\u00d3N\"}]},{\"@type\":\"WebSite\",\"@id\":\"https:\/\/jamonesblazquez.com\/es\/#website\",\"url\":\"https:\/\/jamonesblazquez.com\/es\/\",\"name\":\"Jamones Bl\u00e1zquez\",\"description\":\"Obedece a la Tentaci\u00f3n!\",\"publisher\":{\"@id\":\"https:\/\/jamonesblazquez.com\/es\/#organization\"},\"potentialAction\":[{\"@type\":\"SearchAction\",\"target\":{\"@type\":\"EntryPoint\",\"urlTemplate\":\"https:\/\/jamonesblazquez.com\/es\/?s={search_term_string}\"},\"query-input\":{\"@type\":\"PropertyValueSpecification\",\"valueRequired\":true,\"valueName\":\"search_term_string\"}}],\"inLanguage\":\"es\"},{\"@type\":\"Organization\",\"@id\":\"https:\/\/jamonesblazquez.com\/es\/#organization\",\"name\":\"Jamones Bl\u00e1zquez\",\"url\":\"https:\/\/jamonesblazquez.com\/es\/\",\"logo\":{\"@type\":\"ImageObject\",\"inLanguage\":\"es\",\"@id\":\"https:\/\/jamonesblazquez.com\/es\/#\/schema\/logo\/image\/\",\"url\":\"https:\/\/jamonesblazquez.com\/wp-content\/uploads\/2019\/02\/Logo_Blazquez.png\",\"contentUrl\":\"https:\/\/jamonesblazquez.com\/wp-content\/uploads\/2019\/02\/Logo_Blazquez.png\",\"width\":500,\"height\":132,\"caption\":\"Jamones Bl\u00e1zquez\"},\"image\":{\"@id\":\"https:\/\/jamonesblazquez.com\/es\/#\/schema\/logo\/image\/\"},\"sameAs\":[\"https:\/\/www.facebook.com\/JamonBlazquez\/\",\"https:\/\/x.com\/jamonblazquez\",\"https:\/\/www.instagram.com\/jamonblazquez\/\",\"https:\/\/www.linkedin.com\/company\/10190869\/admin\/\"]}]}<\/script>\n<!-- \/ Yoast SEO plugin. -->","yoast_head_json":{"title":"Comprar PACK VOLTARE JAM\u00d3N - Jamones Bl\u00e1zquez","description":"Volteamos y listo!  Emplatar el jam\u00f3n de bellota ib\u00e9rico 50% raza ib\u00e9rica cortado a mano de Bl\u00e1zquez ahora es muy f\u00e1cil.  &nbsp;","robots":{"index":"index","follow":"follow","max-snippet":"max-snippet:-1","max-image-preview":"max-image-preview:large","max-video-preview":"max-video-preview:-1"},"canonical":"https:\/\/jamonesblazquez.com\/es\/Producto\/caja-voltare-jamon-de-bellota-iberico\/","og_locale":"es_ES","og_type":"article","og_title":"Comprar PACK VOLTARE JAM\u00d3N - Jamones Bl\u00e1zquez","og_description":"Volteamos y listo!  Emplatar el jam\u00f3n de bellota ib\u00e9rico 50% raza ib\u00e9rica cortado a mano de Bl\u00e1zquez ahora es muy f\u00e1cil.  &nbsp;","og_url":"https:\/\/jamonesblazquez.com\/es\/Producto\/caja-voltare-jamon-de-bellota-iberico\/","og_site_name":"Jamones Bl\u00e1zquez","article_publisher":"https:\/\/www.facebook.com\/JamonBlazquez\/","article_modified_time":"2025-11-12T10:15:03+00:00","og_image":[{"width":800,"height":800,"url":"https:\/\/jamonesblazquez.com\/wp-content\/uploads\/2022\/08\/IMAGENES-TIENDA-ONLINE-.jpg","type":"image\/jpeg"}],"twitter_card":"summary_large_image","twitter_site":"@jamonblazquez","twitter_misc":{"Tiempo de lectura":"1 minuto"},"schema":{"@context":"https:\/\/schema.org","@graph":[{"@type":["WebPage","ItemPage"],"@id":"https:\/\/jamonesblazquez.com\/es\/Producto\/caja-voltare-jamon-de-bellota-iberico\/","url":"https:\/\/jamonesblazquez.com\/es\/Producto\/caja-voltare-jamon-de-bellota-iberico\/","name":"Comprar PACK VOLTARE JAM\u00d3N - Jamones Bl\u00e1zquez","isPartOf":{"@id":"https:\/\/jamonesblazquez.com\/es\/#website"},"primaryImageOfPage":{"@id":"https:\/\/jamonesblazquez.com\/es\/Producto\/caja-voltare-jamon-de-bellota-iberico\/#primaryimage"},"image":{"@id":"https:\/\/jamonesblazquez.com\/es\/Producto\/caja-voltare-jamon-de-bellota-iberico\/#primaryimage"},"thumbnailUrl":"https:\/\/jamonesblazquez.com\/wp-content\/uploads\/2022\/08\/IMAGENES-TIENDA-ONLINE-.jpg","datePublished":"2022-08-03T07:32:02+00:00","dateModified":"2025-11-12T10:15:03+00:00","description":"Volteamos y listo! Emplatar el jam\u00f3n de bellota ib\u00e9rico 50% raza ib\u00e9rica cortado a mano de Bl\u00e1zquez ahora es muy f\u00e1cil. &nbsp;","breadcrumb":{"@id":"https:\/\/jamonesblazquez.com\/es\/Producto\/caja-voltare-jamon-de-bellota-iberico\/#breadcrumb"},"inLanguage":"es","potentialAction":[{"@type":"ReadAction","target":["https:\/\/jamonesblazquez.com\/es\/Producto\/caja-voltare-jamon-de-bellota-iberico\/"]}]},{"@type":"ImageObject","inLanguage":"es","@id":"https:\/\/jamonesblazquez.com\/es\/Producto\/caja-voltare-jamon-de-bellota-iberico\/#primaryimage","url":"https:\/\/jamonesblazquez.com\/wp-content\/uploads\/2022\/08\/IMAGENES-TIENDA-ONLINE-.jpg","contentUrl":"https:\/\/jamonesblazquez.com\/wp-content\/uploads\/2022\/08\/IMAGENES-TIENDA-ONLINE-.jpg","width":800,"height":800,"caption":"IMAGENES TIENDA ONLINE"},{"@type":"BreadcrumbList","@id":"https:\/\/jamonesblazquez.com\/es\/Producto\/caja-voltare-jamon-de-bellota-iberico\/#breadcrumb","itemListElement":[{"@type":"ListItem","position":1,"name":"Portada","item":"https:\/\/jamonesblazquez.com\/es\/"},{"@type":"ListItem","position":2,"name":"Tienda online","item":"https:\/\/jamonesblazquez.com\/es\/?page_id=1992"},{"@type":"ListItem","position":3,"name":"PACK VOLTARE JAM\u00d3N"}]},{"@type":"WebSite","@id":"https:\/\/jamonesblazquez.com\/es\/#website","url":"https:\/\/jamonesblazquez.com\/es\/","name":"Jamones Bl\u00e1zquez","description":"Obedece a la Tentaci\u00f3n!","publisher":{"@id":"https:\/\/jamonesblazquez.com\/es\/#organization"},"potentialAction":[{"@type":"SearchAction","target":{"@type":"EntryPoint","urlTemplate":"https:\/\/jamonesblazquez.com\/es\/?s={search_term_string}"},"query-input":{"@type":"PropertyValueSpecification","valueRequired":true,"valueName":"search_term_string"}}],"inLanguage":"es"},{"@type":"Organization","@id":"https:\/\/jamonesblazquez.com\/es\/#organization","name":"Jamones Bl\u00e1zquez","url":"https:\/\/jamonesblazquez.com\/es\/","logo":{"@type":"ImageObject","inLanguage":"es","@id":"https:\/\/jamonesblazquez.com\/es\/#\/schema\/logo\/image\/","url":"https:\/\/jamonesblazquez.com\/wp-content\/uploads\/2019\/02\/Logo_Blazquez.png","contentUrl":"https:\/\/jamonesblazquez.com\/wp-content\/uploads\/2019\/02\/Logo_Blazquez.png","width":500,"height":132,"caption":"Jamones Bl\u00e1zquez"},"image":{"@id":"https:\/\/jamonesblazquez.com\/es\/#\/schema\/logo\/image\/"},"sameAs":["https:\/\/www.facebook.com\/JamonBlazquez\/","https:\/\/x.com\/jamonblazquez","https:\/\/www.instagram.com\/jamonblazquez\/","https:\/\/www.linkedin.com\/company\/10190869\/admin\/"]}]}},"_links":{"self":[{"href":"https:\/\/jamonesblazquez.com\/es\/wp-json\/wp\/v2\/product\/5801","targetHints":{"allow":["GET"]}}],"collection":[{"href":"https:\/\/jamonesblazquez.com\/es\/wp-json\/wp\/v2\/product"}],"about":[{"href":"https:\/\/jamonesblazquez.com\/es\/wp-json\/wp\/v2\/types\/product"}],"wp:featuredmedia":[{"embeddable":true,"href":"https:\/\/jamonesblazquez.com\/es\/wp-json\/wp\/v2\/media\/11016"}],"wp:attachment":[{"href":"https:\/\/jamonesblazquez.com\/es\/wp-json\/wp\/v2\/media?parent=5801"}],"wp:term":[{"taxonomy":"product_brand","embeddable":true,"href":"https:\/\/jamonesblazquez.com\/es\/wp-json\/wp\/v2\/product_brand?post=5801"},{"taxonomy":"product_cat","embeddable":true,"href":"https:\/\/jamonesblazquez.com\/es\/wp-json\/wp\/v2\/product_cat?post=5801"},{"taxonomy":"product_tag","embeddable":true,"href":"https:\/\/jamonesblazquez.com\/es\/wp-json\/wp\/v2\/product_tag?post=5801"}],"curies":[{"name":"wp","href":"https:\/\/api.w.org\/{rel}","templated":true}]}}