{"id":6864,"date":"2023-09-13T10:20:35","date_gmt":"2023-09-13T08:20:35","guid":{"rendered":"https:\/\/www.jamonesblazquez.com\/?post_type=product&#038;p=6864"},"modified":"2025-05-16T11:00:45","modified_gmt":"2025-05-16T09:00:45","slug":"jamon-de-bellota-100-iberico-admiracion","status":"publish","type":"product","link":"https:\/\/jamonesblazquez.com\/es\/Producto\/jamon-de-bellota-100-iberico-admiracion\/","title":{"rendered":"JAMON DE BELLOTA 100% IBERICO"},"content":{"rendered":"<div class=\"wpb-content-wrapper\"><p>[vc_row css_animation=\u00bb\u00bb row_type=\u00bbrow\u00bb use_row_as_full_screen_section=\u00bbno\u00bb type=\u00bbfull_width\u00bb angled_section=\u00bbno\u00bb text_align=\u00bbleft\u00bb background_image_as_pattern=\u00bbwithout_pattern\u00bb][vc_column][vc_column_text]Nuestro Jam\u00f3n de bellota 100% ib\u00e9rico procede de cerdos criados en libertad en las mejores dehesas con pastos y bellotas en montanera.<br \/>\nPiezas curadas en secaderos propios, siguiendo los criterios Bl\u00e1zquez los cuales se han transmitido de generaci\u00f3n en generaci\u00f3n. Piezas tienen un periodo de curaci\u00f3n de m\u00e1s de 48 meses.<\/p>\n<p>Cada proceso de elaboraci\u00f3n es evaluado exhaustivamente, para conseguir un sabor intenso y una textura \u00fanica al alcance de los paladares m\u00e1s exigentes.<\/p>\n<p><span class=\"prd-sinconservantes\">SIN CONSERVANTES<\/span><span class=\"prd-sinaditivos\"> SIN ADITIVOS\u00a0<\/span><\/p>\n<p>INGREDIENTES<\/p>\n<p>Jam\u00f3n de cerdo, sal<\/p>\n<p>VALORES NUTRICIONALES (en 100g)<br \/>\nValor energ\u00e9tico: 1480 KJ\/ 356 Kcal<br \/>\nGrasas (g): 25,2<br \/>\n&#8211; De las cuales saturadas (g): 8,08<br \/>\nHidratos de carbono (g): 1<br \/>\n&#8211; De los cuales az\u00facares: (g): &lt;0,5<br \/>\nProte\u00ednas (g): 32,2<br \/>\nSal (g): 4,5<\/p>\n<div id=\"gtx-trans\" style=\"position: absolute; left: -22px; top: 294.324px;\">\n<div class=\"gtx-trans-icon\"><\/div>\n<\/div>\n<p>[\/vc_column_text][\/vc_column][\/vc_row]<\/p>\n<\/div>","protected":false},"excerpt":{"rendered":"<p>Cuidamos al detalle cada etapa, desde la cr\u00eda del cerdo hasta la curaci\u00f3n de cada pieza durante m\u00e1s de 48 meses, asegurando una alimentaci\u00f3n basada en bellotas durante la \u00e9poca de montanera.<\/p>\n","protected":false},"featured_media":6867,"template":"","meta":[],"product_brand":[],"product_cat":[672,956],"product_tag":[],"class_list":{"0":"post-6864","1":"product","2":"type-product","3":"status-publish","4":"has-post-thumbnail","6":"product_cat-jamones","7":"product_cat-bellota-iberico-100","9":"first","10":"instock","11":"taxable","12":"shipping-taxable","13":"product-type-simple"},"yoast_head":"<!-- This site is optimized with the Yoast SEO plugin v27.1.1 - https:\/\/yoast.com\/product\/yoast-seo-wordpress\/ -->\n<title>Jam\u00f3n de Bellota 100% Iberico - Compra Calidad<\/title>\n<meta name=\"description\" content=\"Cuidamos al detalle cada etapa, desde la cr\u00eda del cerdo hasta la curaci\u00f3n de cada pieza durante m\u00e1s de 48 meses, asegurando una alimentaci\u00f3n basada en bellotas durante la \u00e9poca de montanera.\" \/>\n<meta name=\"robots\" content=\"index, follow, max-snippet:-1, max-image-preview:large, max-video-preview:-1\" \/>\n<link rel=\"canonical\" href=\"https:\/\/jamonesblazquez.com\/es\/Producto\/jamon-de-bellota-100-iberico-admiracion\/\" \/>\n<meta property=\"og:locale\" content=\"es_ES\" \/>\n<meta property=\"og:type\" content=\"article\" \/>\n<meta property=\"og:title\" content=\"Jam\u00f3n de Bellota 100% Iberico - Compra Calidad\" \/>\n<meta property=\"og:description\" content=\"Cuidamos al detalle cada etapa, desde la cr\u00eda del cerdo hasta la curaci\u00f3n de cada pieza durante m\u00e1s de 48 meses, asegurando una alimentaci\u00f3n basada en bellotas durante la \u00e9poca de montanera.\" \/>\n<meta property=\"og:url\" content=\"https:\/\/jamonesblazquez.com\/es\/Producto\/jamon-de-bellota-100-iberico-admiracion\/\" \/>\n<meta property=\"og:site_name\" content=\"Jamones Bl\u00e1zquez\" \/>\n<meta property=\"article:publisher\" content=\"https:\/\/www.facebook.com\/JamonBlazquez\/\" \/>\n<meta property=\"article:modified_time\" content=\"2025-05-16T09:00:45+00:00\" \/>\n<meta property=\"og:image\" content=\"https:\/\/jamonesblazquez.com\/wp-content\/uploads\/2023\/09\/JAMON-DE-BELLOTA-100-IBERICO.jpg\" \/>\n\t<meta property=\"og:image:width\" content=\"800\" \/>\n\t<meta property=\"og:image:height\" content=\"800\" \/>\n\t<meta property=\"og:image:type\" content=\"image\/jpeg\" \/>\n<meta name=\"twitter:card\" content=\"summary_large_image\" \/>\n<meta name=\"twitter:site\" content=\"@jamonblazquez\" \/>\n<meta name=\"twitter:label1\" content=\"Tiempo de lectura\" \/>\n\t<meta name=\"twitter:data1\" content=\"1 minuto\" \/>\n<script type=\"application\/ld+json\" class=\"yoast-schema-graph\">{\"@context\":\"https:\/\/schema.org\",\"@graph\":[{\"@type\":[\"WebPage\",\"ItemPage\"],\"@id\":\"https:\/\/jamonesblazquez.com\/es\/Producto\/jamon-de-bellota-100-iberico-admiracion\/\",\"url\":\"https:\/\/jamonesblazquez.com\/es\/Producto\/jamon-de-bellota-100-iberico-admiracion\/\",\"name\":\"Jam\u00f3n de Bellota 100% Iberico - Compra Calidad\",\"isPartOf\":{\"@id\":\"https:\/\/jamonesblazquez.com\/es\/#website\"},\"primaryImageOfPage\":{\"@id\":\"https:\/\/jamonesblazquez.com\/es\/Producto\/jamon-de-bellota-100-iberico-admiracion\/#primaryimage\"},\"image\":{\"@id\":\"https:\/\/jamonesblazquez.com\/es\/Producto\/jamon-de-bellota-100-iberico-admiracion\/#primaryimage\"},\"thumbnailUrl\":\"https:\/\/jamonesblazquez.com\/wp-content\/uploads\/2023\/09\/JAMON-DE-BELLOTA-100-IBERICO.jpg\",\"datePublished\":\"2023-09-13T08:20:35+00:00\",\"dateModified\":\"2025-05-16T09:00:45+00:00\",\"description\":\"Cuidamos al detalle cada etapa, desde la cr\u00eda del cerdo hasta la curaci\u00f3n de cada pieza durante m\u00e1s de 48 meses, asegurando una alimentaci\u00f3n basada en bellotas durante la \u00e9poca de montanera.\",\"breadcrumb\":{\"@id\":\"https:\/\/jamonesblazquez.com\/es\/Producto\/jamon-de-bellota-100-iberico-admiracion\/#breadcrumb\"},\"inLanguage\":\"es\",\"potentialAction\":[{\"@type\":\"ReadAction\",\"target\":[\"https:\/\/jamonesblazquez.com\/es\/Producto\/jamon-de-bellota-100-iberico-admiracion\/\"]}]},{\"@type\":\"ImageObject\",\"inLanguage\":\"es\",\"@id\":\"https:\/\/jamonesblazquez.com\/es\/Producto\/jamon-de-bellota-100-iberico-admiracion\/#primaryimage\",\"url\":\"https:\/\/jamonesblazquez.com\/wp-content\/uploads\/2023\/09\/JAMON-DE-BELLOTA-100-IBERICO.jpg\",\"contentUrl\":\"https:\/\/jamonesblazquez.com\/wp-content\/uploads\/2023\/09\/JAMON-DE-BELLOTA-100-IBERICO.jpg\",\"width\":800,\"height\":800,\"caption\":\"JAM\u00d3N DE BELLOTA 100% IB\u00c9RICO\"},{\"@type\":\"BreadcrumbList\",\"@id\":\"https:\/\/jamonesblazquez.com\/es\/Producto\/jamon-de-bellota-100-iberico-admiracion\/#breadcrumb\",\"itemListElement\":[{\"@type\":\"ListItem\",\"position\":1,\"name\":\"Portada\",\"item\":\"https:\/\/jamonesblazquez.com\/es\/\"},{\"@type\":\"ListItem\",\"position\":2,\"name\":\"Tienda online\",\"item\":\"https:\/\/jamonesblazquez.com\/es\/?page_id=1992\"},{\"@type\":\"ListItem\",\"position\":3,\"name\":\"JAMON DE BELLOTA 100% IBERICO\"}]},{\"@type\":\"WebSite\",\"@id\":\"https:\/\/jamonesblazquez.com\/es\/#website\",\"url\":\"https:\/\/jamonesblazquez.com\/es\/\",\"name\":\"Jamones Bl\u00e1zquez\",\"description\":\"Obedece a la Tentaci\u00f3n!\",\"publisher\":{\"@id\":\"https:\/\/jamonesblazquez.com\/es\/#organization\"},\"potentialAction\":[{\"@type\":\"SearchAction\",\"target\":{\"@type\":\"EntryPoint\",\"urlTemplate\":\"https:\/\/jamonesblazquez.com\/es\/?s={search_term_string}\"},\"query-input\":{\"@type\":\"PropertyValueSpecification\",\"valueRequired\":true,\"valueName\":\"search_term_string\"}}],\"inLanguage\":\"es\"},{\"@type\":\"Organization\",\"@id\":\"https:\/\/jamonesblazquez.com\/es\/#organization\",\"name\":\"Jamones Bl\u00e1zquez\",\"url\":\"https:\/\/jamonesblazquez.com\/es\/\",\"logo\":{\"@type\":\"ImageObject\",\"inLanguage\":\"es\",\"@id\":\"https:\/\/jamonesblazquez.com\/es\/#\/schema\/logo\/image\/\",\"url\":\"https:\/\/jamonesblazquez.com\/wp-content\/uploads\/2019\/02\/Logo_Blazquez.png\",\"contentUrl\":\"https:\/\/jamonesblazquez.com\/wp-content\/uploads\/2019\/02\/Logo_Blazquez.png\",\"width\":500,\"height\":132,\"caption\":\"Jamones Bl\u00e1zquez\"},\"image\":{\"@id\":\"https:\/\/jamonesblazquez.com\/es\/#\/schema\/logo\/image\/\"},\"sameAs\":[\"https:\/\/www.facebook.com\/JamonBlazquez\/\",\"https:\/\/x.com\/jamonblazquez\",\"https:\/\/www.instagram.com\/jamonblazquez\/\",\"https:\/\/www.linkedin.com\/company\/10190869\/admin\/\"]}]}<\/script>\n<!-- \/ Yoast SEO plugin. -->","yoast_head_json":{"title":"Jam\u00f3n de Bellota 100% Iberico - Compra Calidad","description":"Cuidamos al detalle cada etapa, desde la cr\u00eda del cerdo hasta la curaci\u00f3n de cada pieza durante m\u00e1s de 48 meses, asegurando una alimentaci\u00f3n basada en bellotas durante la \u00e9poca de montanera.","robots":{"index":"index","follow":"follow","max-snippet":"max-snippet:-1","max-image-preview":"max-image-preview:large","max-video-preview":"max-video-preview:-1"},"canonical":"https:\/\/jamonesblazquez.com\/es\/Producto\/jamon-de-bellota-100-iberico-admiracion\/","og_locale":"es_ES","og_type":"article","og_title":"Jam\u00f3n de Bellota 100% Iberico - Compra Calidad","og_description":"Cuidamos al detalle cada etapa, desde la cr\u00eda del cerdo hasta la curaci\u00f3n de cada pieza durante m\u00e1s de 48 meses, asegurando una alimentaci\u00f3n basada en bellotas durante la \u00e9poca de montanera.","og_url":"https:\/\/jamonesblazquez.com\/es\/Producto\/jamon-de-bellota-100-iberico-admiracion\/","og_site_name":"Jamones Bl\u00e1zquez","article_publisher":"https:\/\/www.facebook.com\/JamonBlazquez\/","article_modified_time":"2025-05-16T09:00:45+00:00","og_image":[{"width":800,"height":800,"url":"https:\/\/jamonesblazquez.com\/wp-content\/uploads\/2023\/09\/JAMON-DE-BELLOTA-100-IBERICO.jpg","type":"image\/jpeg"}],"twitter_card":"summary_large_image","twitter_site":"@jamonblazquez","twitter_misc":{"Tiempo de lectura":"1 minuto"},"schema":{"@context":"https:\/\/schema.org","@graph":[{"@type":["WebPage","ItemPage"],"@id":"https:\/\/jamonesblazquez.com\/es\/Producto\/jamon-de-bellota-100-iberico-admiracion\/","url":"https:\/\/jamonesblazquez.com\/es\/Producto\/jamon-de-bellota-100-iberico-admiracion\/","name":"Jam\u00f3n de Bellota 100% Iberico - Compra Calidad","isPartOf":{"@id":"https:\/\/jamonesblazquez.com\/es\/#website"},"primaryImageOfPage":{"@id":"https:\/\/jamonesblazquez.com\/es\/Producto\/jamon-de-bellota-100-iberico-admiracion\/#primaryimage"},"image":{"@id":"https:\/\/jamonesblazquez.com\/es\/Producto\/jamon-de-bellota-100-iberico-admiracion\/#primaryimage"},"thumbnailUrl":"https:\/\/jamonesblazquez.com\/wp-content\/uploads\/2023\/09\/JAMON-DE-BELLOTA-100-IBERICO.jpg","datePublished":"2023-09-13T08:20:35+00:00","dateModified":"2025-05-16T09:00:45+00:00","description":"Cuidamos al detalle cada etapa, desde la cr\u00eda del cerdo hasta la curaci\u00f3n de cada pieza durante m\u00e1s de 48 meses, asegurando una alimentaci\u00f3n basada en bellotas durante la \u00e9poca de montanera.","breadcrumb":{"@id":"https:\/\/jamonesblazquez.com\/es\/Producto\/jamon-de-bellota-100-iberico-admiracion\/#breadcrumb"},"inLanguage":"es","potentialAction":[{"@type":"ReadAction","target":["https:\/\/jamonesblazquez.com\/es\/Producto\/jamon-de-bellota-100-iberico-admiracion\/"]}]},{"@type":"ImageObject","inLanguage":"es","@id":"https:\/\/jamonesblazquez.com\/es\/Producto\/jamon-de-bellota-100-iberico-admiracion\/#primaryimage","url":"https:\/\/jamonesblazquez.com\/wp-content\/uploads\/2023\/09\/JAMON-DE-BELLOTA-100-IBERICO.jpg","contentUrl":"https:\/\/jamonesblazquez.com\/wp-content\/uploads\/2023\/09\/JAMON-DE-BELLOTA-100-IBERICO.jpg","width":800,"height":800,"caption":"JAM\u00d3N DE BELLOTA 100% IB\u00c9RICO"},{"@type":"BreadcrumbList","@id":"https:\/\/jamonesblazquez.com\/es\/Producto\/jamon-de-bellota-100-iberico-admiracion\/#breadcrumb","itemListElement":[{"@type":"ListItem","position":1,"name":"Portada","item":"https:\/\/jamonesblazquez.com\/es\/"},{"@type":"ListItem","position":2,"name":"Tienda online","item":"https:\/\/jamonesblazquez.com\/es\/?page_id=1992"},{"@type":"ListItem","position":3,"name":"JAMON DE BELLOTA 100% IBERICO"}]},{"@type":"WebSite","@id":"https:\/\/jamonesblazquez.com\/es\/#website","url":"https:\/\/jamonesblazquez.com\/es\/","name":"Jamones Bl\u00e1zquez","description":"Obedece a la Tentaci\u00f3n!","publisher":{"@id":"https:\/\/jamonesblazquez.com\/es\/#organization"},"potentialAction":[{"@type":"SearchAction","target":{"@type":"EntryPoint","urlTemplate":"https:\/\/jamonesblazquez.com\/es\/?s={search_term_string}"},"query-input":{"@type":"PropertyValueSpecification","valueRequired":true,"valueName":"search_term_string"}}],"inLanguage":"es"},{"@type":"Organization","@id":"https:\/\/jamonesblazquez.com\/es\/#organization","name":"Jamones Bl\u00e1zquez","url":"https:\/\/jamonesblazquez.com\/es\/","logo":{"@type":"ImageObject","inLanguage":"es","@id":"https:\/\/jamonesblazquez.com\/es\/#\/schema\/logo\/image\/","url":"https:\/\/jamonesblazquez.com\/wp-content\/uploads\/2019\/02\/Logo_Blazquez.png","contentUrl":"https:\/\/jamonesblazquez.com\/wp-content\/uploads\/2019\/02\/Logo_Blazquez.png","width":500,"height":132,"caption":"Jamones Bl\u00e1zquez"},"image":{"@id":"https:\/\/jamonesblazquez.com\/es\/#\/schema\/logo\/image\/"},"sameAs":["https:\/\/www.facebook.com\/JamonBlazquez\/","https:\/\/x.com\/jamonblazquez","https:\/\/www.instagram.com\/jamonblazquez\/","https:\/\/www.linkedin.com\/company\/10190869\/admin\/"]}]}},"_links":{"self":[{"href":"https:\/\/jamonesblazquez.com\/es\/wp-json\/wp\/v2\/product\/6864","targetHints":{"allow":["GET"]}}],"collection":[{"href":"https:\/\/jamonesblazquez.com\/es\/wp-json\/wp\/v2\/product"}],"about":[{"href":"https:\/\/jamonesblazquez.com\/es\/wp-json\/wp\/v2\/types\/product"}],"wp:featuredmedia":[{"embeddable":true,"href":"https:\/\/jamonesblazquez.com\/es\/wp-json\/wp\/v2\/media\/6867"}],"wp:attachment":[{"href":"https:\/\/jamonesblazquez.com\/es\/wp-json\/wp\/v2\/media?parent=6864"}],"wp:term":[{"taxonomy":"product_brand","embeddable":true,"href":"https:\/\/jamonesblazquez.com\/es\/wp-json\/wp\/v2\/product_brand?post=6864"},{"taxonomy":"product_cat","embeddable":true,"href":"https:\/\/jamonesblazquez.com\/es\/wp-json\/wp\/v2\/product_cat?post=6864"},{"taxonomy":"product_tag","embeddable":true,"href":"https:\/\/jamonesblazquez.com\/es\/wp-json\/wp\/v2\/product_tag?post=6864"}],"curies":[{"name":"wp","href":"https:\/\/api.w.org\/{rel}","templated":true}]}}