{"id":6873,"date":"2023-09-13T11:23:19","date_gmt":"2023-09-13T09:23:19","guid":{"rendered":"https:\/\/www.jamonesblazquez.com\/?post_type=product&#038;p=6873"},"modified":"2026-03-09T13:35:53","modified_gmt":"2026-03-09T12:35:53","slug":"jamon-de-cebo-de-campo-iberico-50-raza-iberica","status":"publish","type":"product","link":"https:\/\/jamonesblazquez.com\/es\/Producto\/jamon-de-cebo-de-campo-iberico-50-raza-iberica\/","title":{"rendered":"JAM\u00d3N DE CEBO DE CAMPO IB\u00c9RICO 50% RAZA IB\u00c9RICA"},"content":{"rendered":"<p>Nuestro <a href=\"https:\/\/jamonesblazquez.com\/es\/Producto\/jamon-de-cebo-de-campo-iberico-50-raza-iberica\/\"><strong>Jam\u00f3n de Cebo de Campo Ib\u00e9rico<\/strong><\/a>, procede de cerdos que aprovechan los recursos que brinda la naturaleza, lo que contribuye al desarrollo de su musculatura.<\/p>\n<p><strong>Piezas curadas durante m\u00e1s de 36 meses en secaderos propios<\/strong>, lo que proporciona al jam\u00f3n un sabor jugoso e inigualable.<\/p>\n<p><span class=\"prd-sinconservantes\">SIN CONSERVANTES<\/span><span class=\"prd-sinaditivos\"> SIN ADITIVOS\u00a0<\/span><\/p>\n<h3>INGREDIENTES<\/h3>\n<p>Jam\u00f3n de cerdo, sal.<\/p>\n<h3>VALORES NUTRICIONALES (en 100g)<\/h3>\n<p>Valor energ\u00e9tico: 1587KJ\/ 382Kcal<br \/>\nGrasas (g): 28,65<br \/>\n&#8211; De las cuales saturadas (g): 9,485<br \/>\nHidratos de carbono (g): &lt;1<br \/>\n&#8211; De los cuales az\u00facares: (g): &lt;0,5<br \/>\nProte\u00ednas (g): 30,55<br \/>\nSal (g): 4,58<\/p>\n","protected":false},"excerpt":{"rendered":"<p>Cuidamos al detalle cada etapa, desde la cr\u00eda del cerdo hasta la curaci\u00f3n de <strong>cada pieza durante m\u00e1s de 36 meses<\/strong>. Nuestros cerdos de cebo de campo aprovechan al m\u00e1ximo los recursos otorgados por el entorno natural.<\/p>\n","protected":false},"featured_media":6876,"template":"","meta":[],"product_brand":[],"product_cat":[672,955,957],"product_tag":[],"class_list":{"0":"post-6873","1":"product","2":"type-product","3":"status-publish","4":"has-post-thumbnail","6":"product_cat-jamones","7":"product_cat-bellota-iberico-50","8":"product_cat-jamones-de-cebo-campo-iberico","10":"first","11":"instock","12":"taxable","13":"shipping-taxable","14":"product-type-simple"},"yoast_head":"<!-- This site is optimized with the Yoast SEO plugin v27.1.1 - https:\/\/yoast.com\/product\/yoast-seo-wordpress\/ -->\n<title>Jam\u00f3n Ib\u00e9rico 50% de cebo de Campo<\/title>\n<meta name=\"description\" content=\"Nuestro Jam\u00f3n de Cebo de Campo Ib\u00e9rico, procede de cerdos que aprovechan los recursos que brinda la naturaleza, lo que contribuye al desarrollo de su musculatura.\" \/>\n<meta name=\"robots\" content=\"index, follow, max-snippet:-1, max-image-preview:large, max-video-preview:-1\" \/>\n<link rel=\"canonical\" href=\"https:\/\/jamonesblazquez.com\/es\/Producto\/jamon-de-cebo-de-campo-iberico-50-raza-iberica\/\" \/>\n<meta property=\"og:locale\" content=\"es_ES\" \/>\n<meta property=\"og:type\" content=\"article\" \/>\n<meta property=\"og:title\" content=\"Jam\u00f3n Ib\u00e9rico 50% de cebo de Campo\" \/>\n<meta property=\"og:description\" content=\"Nuestro Jam\u00f3n de Cebo de Campo Ib\u00e9rico, procede de cerdos que aprovechan los recursos que brinda la naturaleza, lo que contribuye al desarrollo de su musculatura.\" \/>\n<meta property=\"og:url\" content=\"https:\/\/jamonesblazquez.com\/es\/Producto\/jamon-de-cebo-de-campo-iberico-50-raza-iberica\/\" \/>\n<meta property=\"og:site_name\" content=\"Jamones Bl\u00e1zquez\" \/>\n<meta property=\"article:publisher\" content=\"https:\/\/www.facebook.com\/JamonBlazquez\/\" \/>\n<meta property=\"article:modified_time\" content=\"2026-03-09T12:35:53+00:00\" \/>\n<meta property=\"og:image\" content=\"https:\/\/jamonesblazquez.com\/wp-content\/uploads\/2023\/09\/JAMON-DE-CEBO-DE-CAMPO-IBERICO-50-RAZA-IBERICA.png\" \/>\n\t<meta property=\"og:image:width\" content=\"800\" \/>\n\t<meta property=\"og:image:height\" content=\"800\" \/>\n\t<meta property=\"og:image:type\" content=\"image\/png\" \/>\n<meta name=\"twitter:card\" content=\"summary_large_image\" \/>\n<meta name=\"twitter:site\" content=\"@jamonblazquez\" \/>\n<meta name=\"twitter:label1\" content=\"Tiempo de lectura\" \/>\n\t<meta name=\"twitter:data1\" content=\"1 minuto\" \/>\n<script type=\"application\/ld+json\" class=\"yoast-schema-graph\">{\"@context\":\"https:\/\/schema.org\",\"@graph\":[{\"@type\":[\"WebPage\",\"ItemPage\"],\"@id\":\"https:\/\/jamonesblazquez.com\/es\/Producto\/jamon-de-cebo-de-campo-iberico-50-raza-iberica\/\",\"url\":\"https:\/\/jamonesblazquez.com\/es\/Producto\/jamon-de-cebo-de-campo-iberico-50-raza-iberica\/\",\"name\":\"Jam\u00f3n Ib\u00e9rico 50% de cebo de Campo\",\"isPartOf\":{\"@id\":\"https:\/\/jamonesblazquez.com\/es\/#website\"},\"primaryImageOfPage\":{\"@id\":\"https:\/\/jamonesblazquez.com\/es\/Producto\/jamon-de-cebo-de-campo-iberico-50-raza-iberica\/#primaryimage\"},\"image\":{\"@id\":\"https:\/\/jamonesblazquez.com\/es\/Producto\/jamon-de-cebo-de-campo-iberico-50-raza-iberica\/#primaryimage\"},\"thumbnailUrl\":\"https:\/\/jamonesblazquez.com\/wp-content\/uploads\/2023\/09\/JAMON-DE-CEBO-DE-CAMPO-IBERICO-50-RAZA-IBERICA.png\",\"datePublished\":\"2023-09-13T09:23:19+00:00\",\"dateModified\":\"2026-03-09T12:35:53+00:00\",\"description\":\"Nuestro Jam\u00f3n de Cebo de Campo Ib\u00e9rico, procede de cerdos que aprovechan los recursos que brinda la naturaleza, lo que contribuye al desarrollo de su musculatura.\",\"breadcrumb\":{\"@id\":\"https:\/\/jamonesblazquez.com\/es\/Producto\/jamon-de-cebo-de-campo-iberico-50-raza-iberica\/#breadcrumb\"},\"inLanguage\":\"es\",\"potentialAction\":[{\"@type\":\"ReadAction\",\"target\":[\"https:\/\/jamonesblazquez.com\/es\/Producto\/jamon-de-cebo-de-campo-iberico-50-raza-iberica\/\"]}]},{\"@type\":\"ImageObject\",\"inLanguage\":\"es\",\"@id\":\"https:\/\/jamonesblazquez.com\/es\/Producto\/jamon-de-cebo-de-campo-iberico-50-raza-iberica\/#primaryimage\",\"url\":\"https:\/\/jamonesblazquez.com\/wp-content\/uploads\/2023\/09\/JAMON-DE-CEBO-DE-CAMPO-IBERICO-50-RAZA-IBERICA.png\",\"contentUrl\":\"https:\/\/jamonesblazquez.com\/wp-content\/uploads\/2023\/09\/JAMON-DE-CEBO-DE-CAMPO-IBERICO-50-RAZA-IBERICA.png\",\"width\":800,\"height\":800,\"caption\":\"JAM\u00d3N DE CEBO DE CAMPO IB\u00c9RICO 50% RAZA IB\u00c9RICA\"},{\"@type\":\"BreadcrumbList\",\"@id\":\"https:\/\/jamonesblazquez.com\/es\/Producto\/jamon-de-cebo-de-campo-iberico-50-raza-iberica\/#breadcrumb\",\"itemListElement\":[{\"@type\":\"ListItem\",\"position\":1,\"name\":\"Portada\",\"item\":\"https:\/\/jamonesblazquez.com\/es\/\"},{\"@type\":\"ListItem\",\"position\":2,\"name\":\"Tienda online\",\"item\":\"https:\/\/jamonesblazquez.com\/es\/?page_id=1992\"},{\"@type\":\"ListItem\",\"position\":3,\"name\":\"JAM\u00d3N DE CEBO DE CAMPO IB\u00c9RICO 50% RAZA IB\u00c9RICA\"}]},{\"@type\":\"WebSite\",\"@id\":\"https:\/\/jamonesblazquez.com\/es\/#website\",\"url\":\"https:\/\/jamonesblazquez.com\/es\/\",\"name\":\"Jamones Bl\u00e1zquez\",\"description\":\"Obedece a la Tentaci\u00f3n!\",\"publisher\":{\"@id\":\"https:\/\/jamonesblazquez.com\/es\/#organization\"},\"potentialAction\":[{\"@type\":\"SearchAction\",\"target\":{\"@type\":\"EntryPoint\",\"urlTemplate\":\"https:\/\/jamonesblazquez.com\/es\/?s={search_term_string}\"},\"query-input\":{\"@type\":\"PropertyValueSpecification\",\"valueRequired\":true,\"valueName\":\"search_term_string\"}}],\"inLanguage\":\"es\"},{\"@type\":\"Organization\",\"@id\":\"https:\/\/jamonesblazquez.com\/es\/#organization\",\"name\":\"Jamones Bl\u00e1zquez\",\"url\":\"https:\/\/jamonesblazquez.com\/es\/\",\"logo\":{\"@type\":\"ImageObject\",\"inLanguage\":\"es\",\"@id\":\"https:\/\/jamonesblazquez.com\/es\/#\/schema\/logo\/image\/\",\"url\":\"https:\/\/jamonesblazquez.com\/wp-content\/uploads\/2019\/02\/Logo_Blazquez.png\",\"contentUrl\":\"https:\/\/jamonesblazquez.com\/wp-content\/uploads\/2019\/02\/Logo_Blazquez.png\",\"width\":500,\"height\":132,\"caption\":\"Jamones Bl\u00e1zquez\"},\"image\":{\"@id\":\"https:\/\/jamonesblazquez.com\/es\/#\/schema\/logo\/image\/\"},\"sameAs\":[\"https:\/\/www.facebook.com\/JamonBlazquez\/\",\"https:\/\/x.com\/jamonblazquez\",\"https:\/\/www.instagram.com\/jamonblazquez\/\",\"https:\/\/www.linkedin.com\/company\/10190869\/admin\/\"]}]}<\/script>\n<!-- \/ Yoast SEO plugin. -->","yoast_head_json":{"title":"Jam\u00f3n Ib\u00e9rico 50% de cebo de Campo","description":"Nuestro Jam\u00f3n de Cebo de Campo Ib\u00e9rico, procede de cerdos que aprovechan los recursos que brinda la naturaleza, lo que contribuye al desarrollo de su musculatura.","robots":{"index":"index","follow":"follow","max-snippet":"max-snippet:-1","max-image-preview":"max-image-preview:large","max-video-preview":"max-video-preview:-1"},"canonical":"https:\/\/jamonesblazquez.com\/es\/Producto\/jamon-de-cebo-de-campo-iberico-50-raza-iberica\/","og_locale":"es_ES","og_type":"article","og_title":"Jam\u00f3n Ib\u00e9rico 50% de cebo de Campo","og_description":"Nuestro Jam\u00f3n de Cebo de Campo Ib\u00e9rico, procede de cerdos que aprovechan los recursos que brinda la naturaleza, lo que contribuye al desarrollo de su musculatura.","og_url":"https:\/\/jamonesblazquez.com\/es\/Producto\/jamon-de-cebo-de-campo-iberico-50-raza-iberica\/","og_site_name":"Jamones Bl\u00e1zquez","article_publisher":"https:\/\/www.facebook.com\/JamonBlazquez\/","article_modified_time":"2026-03-09T12:35:53+00:00","og_image":[{"width":800,"height":800,"url":"https:\/\/jamonesblazquez.com\/wp-content\/uploads\/2023\/09\/JAMON-DE-CEBO-DE-CAMPO-IBERICO-50-RAZA-IBERICA.png","type":"image\/png"}],"twitter_card":"summary_large_image","twitter_site":"@jamonblazquez","twitter_misc":{"Tiempo de lectura":"1 minuto"},"schema":{"@context":"https:\/\/schema.org","@graph":[{"@type":["WebPage","ItemPage"],"@id":"https:\/\/jamonesblazquez.com\/es\/Producto\/jamon-de-cebo-de-campo-iberico-50-raza-iberica\/","url":"https:\/\/jamonesblazquez.com\/es\/Producto\/jamon-de-cebo-de-campo-iberico-50-raza-iberica\/","name":"Jam\u00f3n Ib\u00e9rico 50% de cebo de Campo","isPartOf":{"@id":"https:\/\/jamonesblazquez.com\/es\/#website"},"primaryImageOfPage":{"@id":"https:\/\/jamonesblazquez.com\/es\/Producto\/jamon-de-cebo-de-campo-iberico-50-raza-iberica\/#primaryimage"},"image":{"@id":"https:\/\/jamonesblazquez.com\/es\/Producto\/jamon-de-cebo-de-campo-iberico-50-raza-iberica\/#primaryimage"},"thumbnailUrl":"https:\/\/jamonesblazquez.com\/wp-content\/uploads\/2023\/09\/JAMON-DE-CEBO-DE-CAMPO-IBERICO-50-RAZA-IBERICA.png","datePublished":"2023-09-13T09:23:19+00:00","dateModified":"2026-03-09T12:35:53+00:00","description":"Nuestro Jam\u00f3n de Cebo de Campo Ib\u00e9rico, procede de cerdos que aprovechan los recursos que brinda la naturaleza, lo que contribuye al desarrollo de su musculatura.","breadcrumb":{"@id":"https:\/\/jamonesblazquez.com\/es\/Producto\/jamon-de-cebo-de-campo-iberico-50-raza-iberica\/#breadcrumb"},"inLanguage":"es","potentialAction":[{"@type":"ReadAction","target":["https:\/\/jamonesblazquez.com\/es\/Producto\/jamon-de-cebo-de-campo-iberico-50-raza-iberica\/"]}]},{"@type":"ImageObject","inLanguage":"es","@id":"https:\/\/jamonesblazquez.com\/es\/Producto\/jamon-de-cebo-de-campo-iberico-50-raza-iberica\/#primaryimage","url":"https:\/\/jamonesblazquez.com\/wp-content\/uploads\/2023\/09\/JAMON-DE-CEBO-DE-CAMPO-IBERICO-50-RAZA-IBERICA.png","contentUrl":"https:\/\/jamonesblazquez.com\/wp-content\/uploads\/2023\/09\/JAMON-DE-CEBO-DE-CAMPO-IBERICO-50-RAZA-IBERICA.png","width":800,"height":800,"caption":"JAM\u00d3N DE CEBO DE CAMPO IB\u00c9RICO 50% RAZA IB\u00c9RICA"},{"@type":"BreadcrumbList","@id":"https:\/\/jamonesblazquez.com\/es\/Producto\/jamon-de-cebo-de-campo-iberico-50-raza-iberica\/#breadcrumb","itemListElement":[{"@type":"ListItem","position":1,"name":"Portada","item":"https:\/\/jamonesblazquez.com\/es\/"},{"@type":"ListItem","position":2,"name":"Tienda online","item":"https:\/\/jamonesblazquez.com\/es\/?page_id=1992"},{"@type":"ListItem","position":3,"name":"JAM\u00d3N DE CEBO DE CAMPO IB\u00c9RICO 50% RAZA IB\u00c9RICA"}]},{"@type":"WebSite","@id":"https:\/\/jamonesblazquez.com\/es\/#website","url":"https:\/\/jamonesblazquez.com\/es\/","name":"Jamones Bl\u00e1zquez","description":"Obedece a la Tentaci\u00f3n!","publisher":{"@id":"https:\/\/jamonesblazquez.com\/es\/#organization"},"potentialAction":[{"@type":"SearchAction","target":{"@type":"EntryPoint","urlTemplate":"https:\/\/jamonesblazquez.com\/es\/?s={search_term_string}"},"query-input":{"@type":"PropertyValueSpecification","valueRequired":true,"valueName":"search_term_string"}}],"inLanguage":"es"},{"@type":"Organization","@id":"https:\/\/jamonesblazquez.com\/es\/#organization","name":"Jamones Bl\u00e1zquez","url":"https:\/\/jamonesblazquez.com\/es\/","logo":{"@type":"ImageObject","inLanguage":"es","@id":"https:\/\/jamonesblazquez.com\/es\/#\/schema\/logo\/image\/","url":"https:\/\/jamonesblazquez.com\/wp-content\/uploads\/2019\/02\/Logo_Blazquez.png","contentUrl":"https:\/\/jamonesblazquez.com\/wp-content\/uploads\/2019\/02\/Logo_Blazquez.png","width":500,"height":132,"caption":"Jamones Bl\u00e1zquez"},"image":{"@id":"https:\/\/jamonesblazquez.com\/es\/#\/schema\/logo\/image\/"},"sameAs":["https:\/\/www.facebook.com\/JamonBlazquez\/","https:\/\/x.com\/jamonblazquez","https:\/\/www.instagram.com\/jamonblazquez\/","https:\/\/www.linkedin.com\/company\/10190869\/admin\/"]}]}},"_links":{"self":[{"href":"https:\/\/jamonesblazquez.com\/es\/wp-json\/wp\/v2\/product\/6873","targetHints":{"allow":["GET"]}}],"collection":[{"href":"https:\/\/jamonesblazquez.com\/es\/wp-json\/wp\/v2\/product"}],"about":[{"href":"https:\/\/jamonesblazquez.com\/es\/wp-json\/wp\/v2\/types\/product"}],"wp:featuredmedia":[{"embeddable":true,"href":"https:\/\/jamonesblazquez.com\/es\/wp-json\/wp\/v2\/media\/6876"}],"wp:attachment":[{"href":"https:\/\/jamonesblazquez.com\/es\/wp-json\/wp\/v2\/media?parent=6873"}],"wp:term":[{"taxonomy":"product_brand","embeddable":true,"href":"https:\/\/jamonesblazquez.com\/es\/wp-json\/wp\/v2\/product_brand?post=6873"},{"taxonomy":"product_cat","embeddable":true,"href":"https:\/\/jamonesblazquez.com\/es\/wp-json\/wp\/v2\/product_cat?post=6873"},{"taxonomy":"product_tag","embeddable":true,"href":"https:\/\/jamonesblazquez.com\/es\/wp-json\/wp\/v2\/product_tag?post=6873"}],"curies":[{"name":"wp","href":"https:\/\/api.w.org\/{rel}","templated":true}]}}