{"id":6980,"date":"2023-09-14T10:20:49","date_gmt":"2023-09-14T08:20:49","guid":{"rendered":"https:\/\/www.jamonesblazquez.com\/?post_type=product&#038;p=6980"},"modified":"2025-05-16T11:00:45","modified_gmt":"2025-05-16T09:00:45","slug":"loncheado-de-jamon-de-cebodecampo-iberico-cortado-a-maquina-copia","status":"publish","type":"product","link":"https:\/\/jamonesblazquez.com\/es\/Producto\/loncheado-de-jamon-de-cebodecampo-iberico-cortado-a-maquina-copia\/","title":{"rendered":"Loncheado de Jam\u00f3n de cebo de campo Ib\u00e9rico 50% RAZA IB\u00c9RICA &#8211; cortado a maquina"},"content":{"rendered":"<p>Disfruta de la comodidad y la exquisitez de nuestro Jam\u00f3n de cebo de campo ib\u00e9rico loncheado a m\u00e1quina. Cada loncha, cortada con precisi\u00f3n uniforme, ofrece una presentaci\u00f3n atractiva y una experiencia de degustaci\u00f3n consistente.<\/p>\n<p>Procede de cerdos que aprovechan los recursos que brinda la naturaleza, lo que contribuye a su desarrollo de su musculatura.<br \/>\nPiezas curadas durante m\u00e1s de 36 meses.<\/p>\n<p><span class=\"prd-sinconservantes\">SIN CONSERVANTES<\/span><span class=\"prd-sinaditivos\"> SIN ADITIVOS <\/span><\/p>\n<h3>INGREDIENTES<\/h3>\n<p>Jam\u00f3n de cerdo, sal.<\/p>\n<h3>VALORES NUTRICIONALES (en 100g)<\/h3>\n<p>Valor energ\u00e9tico: 1587KJ\/ 382Kcal<br \/>\nGrasas (g): 28,65<br \/>\n&#8211; De las cuales saturadas (g): 9,485<br \/>\nHidratos de carbono (g): &lt;1<br \/>\n&#8211; De los cuales az\u00facares: (g): &lt;0,5<br \/>\nProte\u00ednas (g): 30,55<br \/>\nSal (g): 4,58<\/p>\n","protected":false},"excerpt":{"rendered":"<p>Cuidamos al detalle cada etapa, desde la cr\u00eda del cerdo hasta la curaci\u00f3n de cada pieza durante m\u00e1s de 36 meses. Nuestros cerdos de cebo de campo aprovechan al m\u00e1ximo los recursos otorgados por el entorno natural.<\/p>\n","protected":false},"featured_media":6999,"template":"","meta":[],"product_brand":[],"product_cat":[672,955,957],"product_tag":[],"class_list":{"0":"post-6980","1":"product","2":"type-product","3":"status-publish","4":"has-post-thumbnail","6":"product_cat-jamones","7":"product_cat-bellota-iberico-50","8":"product_cat-jamones-de-cebo-campo-iberico","10":"first","11":"instock","12":"taxable","13":"shipping-taxable","14":"product-type-simple"},"yoast_head":"<!-- This site is optimized with the Yoast SEO plugin v27.1.1 - https:\/\/yoast.com\/product\/yoast-seo-wordpress\/ -->\n<title>Comprar Loncheado de Jam\u00f3n de cebo de campo Ib\u00e9rico 50% RAZA IB\u00c9RICA - cortado a maquina - Jamones Bl\u00e1zquez<\/title>\n<meta name=\"description\" content=\"Cuidamos al detalle cada etapa, desde la cr\u00eda del cerdo hasta la curaci\u00f3n de cada pieza durante m\u00e1s de 36 meses. Nuestros cerdos de cebo de campo aprovechan al m\u00e1ximo los recursos otorgados por el entorno natural.\" \/>\n<meta name=\"robots\" content=\"index, follow, max-snippet:-1, max-image-preview:large, max-video-preview:-1\" \/>\n<link rel=\"canonical\" href=\"https:\/\/jamonesblazquez.com\/es\/Producto\/loncheado-de-jamon-de-cebodecampo-iberico-cortado-a-maquina-copia\/\" \/>\n<meta property=\"og:locale\" content=\"es_ES\" \/>\n<meta property=\"og:type\" content=\"article\" \/>\n<meta property=\"og:title\" content=\"Comprar Loncheado de Jam\u00f3n de cebo de campo Ib\u00e9rico 50% RAZA IB\u00c9RICA - cortado a maquina - Jamones Bl\u00e1zquez\" \/>\n<meta property=\"og:description\" content=\"Cuidamos al detalle cada etapa, desde la cr\u00eda del cerdo hasta la curaci\u00f3n de cada pieza durante m\u00e1s de 36 meses. Nuestros cerdos de cebo de campo aprovechan al m\u00e1ximo los recursos otorgados por el entorno natural.\" \/>\n<meta property=\"og:url\" content=\"https:\/\/jamonesblazquez.com\/es\/Producto\/loncheado-de-jamon-de-cebodecampo-iberico-cortado-a-maquina-copia\/\" \/>\n<meta property=\"og:site_name\" content=\"Jamones Bl\u00e1zquez\" \/>\n<meta property=\"article:publisher\" content=\"https:\/\/www.facebook.com\/JamonBlazquez\/\" \/>\n<meta property=\"article:modified_time\" content=\"2025-05-16T09:00:45+00:00\" \/>\n<meta property=\"og:image\" content=\"https:\/\/jamonesblazquez.com\/wp-content\/uploads\/2023\/09\/LONCHEADO-DE-JAMON-CEBO-IBERICO-CORTADO-A-MAQUINA.jpg\" \/>\n\t<meta property=\"og:image:width\" content=\"800\" \/>\n\t<meta property=\"og:image:height\" content=\"800\" \/>\n\t<meta property=\"og:image:type\" content=\"image\/jpeg\" \/>\n<meta name=\"twitter:card\" content=\"summary_large_image\" \/>\n<meta name=\"twitter:site\" content=\"@jamonblazquez\" \/>\n<meta name=\"twitter:label1\" content=\"Tiempo de lectura\" \/>\n\t<meta name=\"twitter:data1\" content=\"1 minuto\" \/>\n<script type=\"application\/ld+json\" class=\"yoast-schema-graph\">{\"@context\":\"https:\/\/schema.org\",\"@graph\":[{\"@type\":[\"WebPage\",\"ItemPage\"],\"@id\":\"https:\/\/jamonesblazquez.com\/es\/Producto\/loncheado-de-jamon-de-cebodecampo-iberico-cortado-a-maquina-copia\/\",\"url\":\"https:\/\/jamonesblazquez.com\/es\/Producto\/loncheado-de-jamon-de-cebodecampo-iberico-cortado-a-maquina-copia\/\",\"name\":\"Comprar Loncheado de Jam\u00f3n de cebo de campo Ib\u00e9rico 50% RAZA IB\u00c9RICA - cortado a maquina - Jamones Bl\u00e1zquez\",\"isPartOf\":{\"@id\":\"https:\/\/jamonesblazquez.com\/es\/#website\"},\"primaryImageOfPage\":{\"@id\":\"https:\/\/jamonesblazquez.com\/es\/Producto\/loncheado-de-jamon-de-cebodecampo-iberico-cortado-a-maquina-copia\/#primaryimage\"},\"image\":{\"@id\":\"https:\/\/jamonesblazquez.com\/es\/Producto\/loncheado-de-jamon-de-cebodecampo-iberico-cortado-a-maquina-copia\/#primaryimage\"},\"thumbnailUrl\":\"https:\/\/jamonesblazquez.com\/wp-content\/uploads\/2023\/09\/LONCHEADO-DE-JAMON-CEBO-IBERICO-CORTADO-A-MAQUINA.jpg\",\"datePublished\":\"2023-09-14T08:20:49+00:00\",\"dateModified\":\"2025-05-16T09:00:45+00:00\",\"description\":\"Cuidamos al detalle cada etapa, desde la cr\u00eda del cerdo hasta la curaci\u00f3n de cada pieza durante m\u00e1s de 36 meses. Nuestros cerdos de cebo de campo aprovechan al m\u00e1ximo los recursos otorgados por el entorno natural.\",\"breadcrumb\":{\"@id\":\"https:\/\/jamonesblazquez.com\/es\/Producto\/loncheado-de-jamon-de-cebodecampo-iberico-cortado-a-maquina-copia\/#breadcrumb\"},\"inLanguage\":\"es\",\"potentialAction\":[{\"@type\":\"ReadAction\",\"target\":[\"https:\/\/jamonesblazquez.com\/es\/Producto\/loncheado-de-jamon-de-cebodecampo-iberico-cortado-a-maquina-copia\/\"]}]},{\"@type\":\"ImageObject\",\"inLanguage\":\"es\",\"@id\":\"https:\/\/jamonesblazquez.com\/es\/Producto\/loncheado-de-jamon-de-cebodecampo-iberico-cortado-a-maquina-copia\/#primaryimage\",\"url\":\"https:\/\/jamonesblazquez.com\/wp-content\/uploads\/2023\/09\/LONCHEADO-DE-JAMON-CEBO-IBERICO-CORTADO-A-MAQUINA.jpg\",\"contentUrl\":\"https:\/\/jamonesblazquez.com\/wp-content\/uploads\/2023\/09\/LONCHEADO-DE-JAMON-CEBO-IBERICO-CORTADO-A-MAQUINA.jpg\",\"width\":800,\"height\":800,\"caption\":\"LONCHEADO DE JAM\u00d3N CEBO IB\u00c9RICO CORTADO A M\u00c1QUINA\"},{\"@type\":\"BreadcrumbList\",\"@id\":\"https:\/\/jamonesblazquez.com\/es\/Producto\/loncheado-de-jamon-de-cebodecampo-iberico-cortado-a-maquina-copia\/#breadcrumb\",\"itemListElement\":[{\"@type\":\"ListItem\",\"position\":1,\"name\":\"Portada\",\"item\":\"https:\/\/jamonesblazquez.com\/es\/\"},{\"@type\":\"ListItem\",\"position\":2,\"name\":\"Tienda online\",\"item\":\"https:\/\/jamonesblazquez.com\/es\/?page_id=1992\"},{\"@type\":\"ListItem\",\"position\":3,\"name\":\"Loncheado de Jam\u00f3n de cebo de campo Ib\u00e9rico 50% RAZA IB\u00c9RICA &#8211; cortado a maquina\"}]},{\"@type\":\"WebSite\",\"@id\":\"https:\/\/jamonesblazquez.com\/es\/#website\",\"url\":\"https:\/\/jamonesblazquez.com\/es\/\",\"name\":\"Jamones Bl\u00e1zquez\",\"description\":\"Obedece a la Tentaci\u00f3n!\",\"publisher\":{\"@id\":\"https:\/\/jamonesblazquez.com\/es\/#organization\"},\"potentialAction\":[{\"@type\":\"SearchAction\",\"target\":{\"@type\":\"EntryPoint\",\"urlTemplate\":\"https:\/\/jamonesblazquez.com\/es\/?s={search_term_string}\"},\"query-input\":{\"@type\":\"PropertyValueSpecification\",\"valueRequired\":true,\"valueName\":\"search_term_string\"}}],\"inLanguage\":\"es\"},{\"@type\":\"Organization\",\"@id\":\"https:\/\/jamonesblazquez.com\/es\/#organization\",\"name\":\"Jamones Bl\u00e1zquez\",\"url\":\"https:\/\/jamonesblazquez.com\/es\/\",\"logo\":{\"@type\":\"ImageObject\",\"inLanguage\":\"es\",\"@id\":\"https:\/\/jamonesblazquez.com\/es\/#\/schema\/logo\/image\/\",\"url\":\"https:\/\/jamonesblazquez.com\/wp-content\/uploads\/2019\/02\/Logo_Blazquez.png\",\"contentUrl\":\"https:\/\/jamonesblazquez.com\/wp-content\/uploads\/2019\/02\/Logo_Blazquez.png\",\"width\":500,\"height\":132,\"caption\":\"Jamones Bl\u00e1zquez\"},\"image\":{\"@id\":\"https:\/\/jamonesblazquez.com\/es\/#\/schema\/logo\/image\/\"},\"sameAs\":[\"https:\/\/www.facebook.com\/JamonBlazquez\/\",\"https:\/\/x.com\/jamonblazquez\",\"https:\/\/www.instagram.com\/jamonblazquez\/\",\"https:\/\/www.linkedin.com\/company\/10190869\/admin\/\"]}]}<\/script>\n<!-- \/ Yoast SEO plugin. -->","yoast_head_json":{"title":"Comprar Loncheado de Jam\u00f3n de cebo de campo Ib\u00e9rico 50% RAZA IB\u00c9RICA - cortado a maquina - Jamones Bl\u00e1zquez","description":"Cuidamos al detalle cada etapa, desde la cr\u00eda del cerdo hasta la curaci\u00f3n de cada pieza durante m\u00e1s de 36 meses. Nuestros cerdos de cebo de campo aprovechan al m\u00e1ximo los recursos otorgados por el entorno natural.","robots":{"index":"index","follow":"follow","max-snippet":"max-snippet:-1","max-image-preview":"max-image-preview:large","max-video-preview":"max-video-preview:-1"},"canonical":"https:\/\/jamonesblazquez.com\/es\/Producto\/loncheado-de-jamon-de-cebodecampo-iberico-cortado-a-maquina-copia\/","og_locale":"es_ES","og_type":"article","og_title":"Comprar Loncheado de Jam\u00f3n de cebo de campo Ib\u00e9rico 50% RAZA IB\u00c9RICA - cortado a maquina - Jamones Bl\u00e1zquez","og_description":"Cuidamos al detalle cada etapa, desde la cr\u00eda del cerdo hasta la curaci\u00f3n de cada pieza durante m\u00e1s de 36 meses. Nuestros cerdos de cebo de campo aprovechan al m\u00e1ximo los recursos otorgados por el entorno natural.","og_url":"https:\/\/jamonesblazquez.com\/es\/Producto\/loncheado-de-jamon-de-cebodecampo-iberico-cortado-a-maquina-copia\/","og_site_name":"Jamones Bl\u00e1zquez","article_publisher":"https:\/\/www.facebook.com\/JamonBlazquez\/","article_modified_time":"2025-05-16T09:00:45+00:00","og_image":[{"width":800,"height":800,"url":"https:\/\/jamonesblazquez.com\/wp-content\/uploads\/2023\/09\/LONCHEADO-DE-JAMON-CEBO-IBERICO-CORTADO-A-MAQUINA.jpg","type":"image\/jpeg"}],"twitter_card":"summary_large_image","twitter_site":"@jamonblazquez","twitter_misc":{"Tiempo de lectura":"1 minuto"},"schema":{"@context":"https:\/\/schema.org","@graph":[{"@type":["WebPage","ItemPage"],"@id":"https:\/\/jamonesblazquez.com\/es\/Producto\/loncheado-de-jamon-de-cebodecampo-iberico-cortado-a-maquina-copia\/","url":"https:\/\/jamonesblazquez.com\/es\/Producto\/loncheado-de-jamon-de-cebodecampo-iberico-cortado-a-maquina-copia\/","name":"Comprar Loncheado de Jam\u00f3n de cebo de campo Ib\u00e9rico 50% RAZA IB\u00c9RICA - cortado a maquina - Jamones Bl\u00e1zquez","isPartOf":{"@id":"https:\/\/jamonesblazquez.com\/es\/#website"},"primaryImageOfPage":{"@id":"https:\/\/jamonesblazquez.com\/es\/Producto\/loncheado-de-jamon-de-cebodecampo-iberico-cortado-a-maquina-copia\/#primaryimage"},"image":{"@id":"https:\/\/jamonesblazquez.com\/es\/Producto\/loncheado-de-jamon-de-cebodecampo-iberico-cortado-a-maquina-copia\/#primaryimage"},"thumbnailUrl":"https:\/\/jamonesblazquez.com\/wp-content\/uploads\/2023\/09\/LONCHEADO-DE-JAMON-CEBO-IBERICO-CORTADO-A-MAQUINA.jpg","datePublished":"2023-09-14T08:20:49+00:00","dateModified":"2025-05-16T09:00:45+00:00","description":"Cuidamos al detalle cada etapa, desde la cr\u00eda del cerdo hasta la curaci\u00f3n de cada pieza durante m\u00e1s de 36 meses. Nuestros cerdos de cebo de campo aprovechan al m\u00e1ximo los recursos otorgados por el entorno natural.","breadcrumb":{"@id":"https:\/\/jamonesblazquez.com\/es\/Producto\/loncheado-de-jamon-de-cebodecampo-iberico-cortado-a-maquina-copia\/#breadcrumb"},"inLanguage":"es","potentialAction":[{"@type":"ReadAction","target":["https:\/\/jamonesblazquez.com\/es\/Producto\/loncheado-de-jamon-de-cebodecampo-iberico-cortado-a-maquina-copia\/"]}]},{"@type":"ImageObject","inLanguage":"es","@id":"https:\/\/jamonesblazquez.com\/es\/Producto\/loncheado-de-jamon-de-cebodecampo-iberico-cortado-a-maquina-copia\/#primaryimage","url":"https:\/\/jamonesblazquez.com\/wp-content\/uploads\/2023\/09\/LONCHEADO-DE-JAMON-CEBO-IBERICO-CORTADO-A-MAQUINA.jpg","contentUrl":"https:\/\/jamonesblazquez.com\/wp-content\/uploads\/2023\/09\/LONCHEADO-DE-JAMON-CEBO-IBERICO-CORTADO-A-MAQUINA.jpg","width":800,"height":800,"caption":"LONCHEADO DE JAM\u00d3N CEBO IB\u00c9RICO CORTADO A M\u00c1QUINA"},{"@type":"BreadcrumbList","@id":"https:\/\/jamonesblazquez.com\/es\/Producto\/loncheado-de-jamon-de-cebodecampo-iberico-cortado-a-maquina-copia\/#breadcrumb","itemListElement":[{"@type":"ListItem","position":1,"name":"Portada","item":"https:\/\/jamonesblazquez.com\/es\/"},{"@type":"ListItem","position":2,"name":"Tienda online","item":"https:\/\/jamonesblazquez.com\/es\/?page_id=1992"},{"@type":"ListItem","position":3,"name":"Loncheado de Jam\u00f3n de cebo de campo Ib\u00e9rico 50% RAZA IB\u00c9RICA &#8211; cortado a maquina"}]},{"@type":"WebSite","@id":"https:\/\/jamonesblazquez.com\/es\/#website","url":"https:\/\/jamonesblazquez.com\/es\/","name":"Jamones Bl\u00e1zquez","description":"Obedece a la Tentaci\u00f3n!","publisher":{"@id":"https:\/\/jamonesblazquez.com\/es\/#organization"},"potentialAction":[{"@type":"SearchAction","target":{"@type":"EntryPoint","urlTemplate":"https:\/\/jamonesblazquez.com\/es\/?s={search_term_string}"},"query-input":{"@type":"PropertyValueSpecification","valueRequired":true,"valueName":"search_term_string"}}],"inLanguage":"es"},{"@type":"Organization","@id":"https:\/\/jamonesblazquez.com\/es\/#organization","name":"Jamones Bl\u00e1zquez","url":"https:\/\/jamonesblazquez.com\/es\/","logo":{"@type":"ImageObject","inLanguage":"es","@id":"https:\/\/jamonesblazquez.com\/es\/#\/schema\/logo\/image\/","url":"https:\/\/jamonesblazquez.com\/wp-content\/uploads\/2019\/02\/Logo_Blazquez.png","contentUrl":"https:\/\/jamonesblazquez.com\/wp-content\/uploads\/2019\/02\/Logo_Blazquez.png","width":500,"height":132,"caption":"Jamones Bl\u00e1zquez"},"image":{"@id":"https:\/\/jamonesblazquez.com\/es\/#\/schema\/logo\/image\/"},"sameAs":["https:\/\/www.facebook.com\/JamonBlazquez\/","https:\/\/x.com\/jamonblazquez","https:\/\/www.instagram.com\/jamonblazquez\/","https:\/\/www.linkedin.com\/company\/10190869\/admin\/"]}]}},"_links":{"self":[{"href":"https:\/\/jamonesblazquez.com\/es\/wp-json\/wp\/v2\/product\/6980","targetHints":{"allow":["GET"]}}],"collection":[{"href":"https:\/\/jamonesblazquez.com\/es\/wp-json\/wp\/v2\/product"}],"about":[{"href":"https:\/\/jamonesblazquez.com\/es\/wp-json\/wp\/v2\/types\/product"}],"wp:featuredmedia":[{"embeddable":true,"href":"https:\/\/jamonesblazquez.com\/es\/wp-json\/wp\/v2\/media\/6999"}],"wp:attachment":[{"href":"https:\/\/jamonesblazquez.com\/es\/wp-json\/wp\/v2\/media?parent=6980"}],"wp:term":[{"taxonomy":"product_brand","embeddable":true,"href":"https:\/\/jamonesblazquez.com\/es\/wp-json\/wp\/v2\/product_brand?post=6980"},{"taxonomy":"product_cat","embeddable":true,"href":"https:\/\/jamonesblazquez.com\/es\/wp-json\/wp\/v2\/product_cat?post=6980"},{"taxonomy":"product_tag","embeddable":true,"href":"https:\/\/jamonesblazquez.com\/es\/wp-json\/wp\/v2\/product_tag?post=6980"}],"curies":[{"name":"wp","href":"https:\/\/api.w.org\/{rel}","templated":true}]}}