{"id":6995,"date":"2023-09-18T10:29:49","date_gmt":"2023-09-18T08:29:49","guid":{"rendered":"https:\/\/www.jamonesblazquez.com\/?post_type=product&#038;p=6995"},"modified":"2025-12-16T15:10:36","modified_gmt":"2025-12-16T14:10:36","slug":"loncheado-de-jamon-de-cebocortado-a-cuchillo-facil-emplatado-copia","status":"publish","type":"product","link":"https:\/\/jamonesblazquez.com\/es\/Producto\/loncheado-de-jamon-de-cebocortado-a-cuchillo-facil-emplatado-copia\/","title":{"rendered":"JAM\u00d3N DE CEBO ib\u00e9rico 50% RAZA IB\u00c9RICA &#8211; CORTADO A CUCHILLO"},"content":{"rendered":"<div class=\"wpb-content-wrapper\"><p>[vc_row css_animation=\u00bb\u00bb row_type=\u00bbrow\u00bb use_row_as_full_screen_section=\u00bbno\u00bb type=\u00bbfull_width\u00bb angled_section=\u00bbno\u00bb text_align=\u00bbleft\u00bb background_image_as_pattern=\u00bbwithout_pattern\u00bb][vc_column][vc_column_text]Este loncheado posee un formato especial que facilita el emplatado de nuestro Jam\u00f3n \u201cUn plato de jam\u00f3n reci\u00e9n cortado a cuchillo\u201d.<\/p>\n<p>Jam\u00f3n de cebo ib\u00e9rico envasado en atm\u00f3sfera protectora y lonchedo a mano mantiene las propiedades de olor, sabor, color y textura, conseguimos que las lonchas se despeguen con facilidad, facilitando el emplatado y mostramos el producto vistosamente.<\/p>\n<p>Adem\u00e1s, queremos contarte que de esta forma reducimos el contacto de nuestro producto con el pl\u00e1stico y lo hacemos con un formato de conservaci\u00f3n perfecto, sin aditivos sin conservantes.<\/p>\n<p><span class=\"prd-sinconservantes\">SIN CONSERVANTES<\/span><span class=\"prd-sinaditivos\"> SIN ADITIVOS <\/span><\/p>\n<h3>INGREDIENTES<\/h3>\n<p>Jam\u00f3n de cerdo, sal<\/p>\n<h3>VALORES NUTRICIONALES (en 100g)<\/h3>\n<p>Valor energ\u00e9tico: 1694KJ\/408 Kcal<br \/>\nGrasas (g): 32,1<br \/>\n&#8211; De las cuales saturadas (g): 10,89<br \/>\nHidratos de carbono (g): &lt;0,9<br \/>\n&#8211; De los cuales az\u00facares: (g): &lt;0,5<br \/>\nProte\u00ednas (g): 28,9<br \/>\nSal (g): 4,67<\/p>\n<\/div>","protected":false},"excerpt":{"rendered":"<p>Dedicamos una atenci\u00f3n minuciosa a cada paso que dan nuestros animales. Les proporcionamos una alimentaci\u00f3n de alta calidad, basada en piensos elaborados por cereales que recolectamos y molemos nosotros mismos. Piezas con una curaci\u00f3n de m\u00e1s de 24 meses.<\/p>\n","protected":false},"featured_media":11535,"template":"","meta":[],"product_brand":[],"product_cat":[672,955,957],"product_tag":[],"class_list":{"0":"post-6995","1":"product","2":"type-product","3":"status-publish","4":"has-post-thumbnail","6":"product_cat-jamones","7":"product_cat-bellota-iberico-50","8":"product_cat-jamones-de-cebo-campo-iberico","10":"first","11":"instock","12":"taxable","13":"shipping-taxable","14":"product-type-simple"},"yoast_head":"<!-- This site is optimized with the Yoast SEO plugin v27.1.1 - https:\/\/yoast.com\/product\/yoast-seo-wordpress\/ -->\n<title>Comprar JAM\u00d3N DE CEBO ib\u00e9rico 50% RAZA IB\u00c9RICA - CORTADO A CUCHILLO - Jamones Bl\u00e1zquez<\/title>\n<meta name=\"description\" content=\"Dedicamos una atenci\u00f3n minuciosa a cada paso que dan nuestros animales. Les proporcionamos una alimentaci\u00f3n de alta calidad, basada en piensos elaborados por cereales que recolectamos y molemos nosotros mismos. Piezas con una curaci\u00f3n de m\u00e1s de 24 meses.\" \/>\n<meta name=\"robots\" content=\"index, follow, max-snippet:-1, max-image-preview:large, max-video-preview:-1\" \/>\n<link rel=\"canonical\" href=\"https:\/\/jamonesblazquez.com\/es\/Producto\/loncheado-de-jamon-de-cebocortado-a-cuchillo-facil-emplatado-copia\/\" \/>\n<meta property=\"og:locale\" content=\"es_ES\" \/>\n<meta property=\"og:type\" content=\"article\" \/>\n<meta property=\"og:title\" content=\"LONCHEADO DE JAM\u00d3N DE F\u00c1CIL EMPLATADO\" \/>\n<meta property=\"og:description\" content=\"LONCHEADO DE JAM\u00d3N DE BELLOTA IB\u00c9RICO CORTADO A CUCHILLO (F\u00c1CIL EMPLATADO)\" \/>\n<meta property=\"og:url\" content=\"https:\/\/jamonesblazquez.com\/es\/Producto\/loncheado-de-jamon-de-cebocortado-a-cuchillo-facil-emplatado-copia\/\" \/>\n<meta property=\"og:site_name\" content=\"Jamones Bl\u00e1zquez\" \/>\n<meta property=\"article:publisher\" content=\"https:\/\/www.facebook.com\/JamonBlazquez\/\" \/>\n<meta property=\"article:modified_time\" content=\"2025-12-16T14:10:36+00:00\" \/>\n<meta property=\"og:image\" content=\"https:\/\/jamonesblazquez.com\/wp-content\/uploads\/2022\/08\/Jamon-Blazquez-cortado-a-mano-ATM-.jpg\" \/>\n\t<meta property=\"og:image:width\" content=\"1080\" \/>\n\t<meta property=\"og:image:height\" content=\"1080\" \/>\n\t<meta property=\"og:image:type\" content=\"image\/jpeg\" \/>\n<meta name=\"twitter:card\" content=\"summary_large_image\" \/>\n<meta name=\"twitter:site\" content=\"@jamonblazquez\" \/>\n<meta name=\"twitter:label1\" content=\"Tiempo de lectura\" \/>\n\t<meta name=\"twitter:data1\" content=\"1 minuto\" \/>\n<script type=\"application\/ld+json\" class=\"yoast-schema-graph\">{\"@context\":\"https:\/\/schema.org\",\"@graph\":[{\"@type\":[\"WebPage\",\"ItemPage\"],\"@id\":\"https:\/\/jamonesblazquez.com\/es\/Producto\/loncheado-de-jamon-de-cebocortado-a-cuchillo-facil-emplatado-copia\/\",\"url\":\"https:\/\/jamonesblazquez.com\/es\/Producto\/loncheado-de-jamon-de-cebocortado-a-cuchillo-facil-emplatado-copia\/\",\"name\":\"Comprar JAM\u00d3N DE CEBO ib\u00e9rico 50% RAZA IB\u00c9RICA - CORTADO A CUCHILLO - Jamones Bl\u00e1zquez\",\"isPartOf\":{\"@id\":\"https:\/\/jamonesblazquez.com\/es\/#website\"},\"primaryImageOfPage\":{\"@id\":\"https:\/\/jamonesblazquez.com\/es\/Producto\/loncheado-de-jamon-de-cebocortado-a-cuchillo-facil-emplatado-copia\/#primaryimage\"},\"image\":{\"@id\":\"https:\/\/jamonesblazquez.com\/es\/Producto\/loncheado-de-jamon-de-cebocortado-a-cuchillo-facil-emplatado-copia\/#primaryimage\"},\"thumbnailUrl\":\"https:\/\/jamonesblazquez.com\/wp-content\/uploads\/2023\/09\/JAMON-DE-BELLOTA-IBERICO-CORTADO-A-CUCHILLO-ATM-100-RAZA-IBERICA-2.png\",\"datePublished\":\"2023-09-18T08:29:49+00:00\",\"dateModified\":\"2025-12-16T14:10:36+00:00\",\"description\":\"Dedicamos una atenci\u00f3n minuciosa a cada paso que dan nuestros animales. Les proporcionamos una alimentaci\u00f3n de alta calidad, basada en piensos elaborados por cereales que recolectamos y molemos nosotros mismos. Piezas con una curaci\u00f3n de m\u00e1s de 24 meses.\",\"breadcrumb\":{\"@id\":\"https:\/\/jamonesblazquez.com\/es\/Producto\/loncheado-de-jamon-de-cebocortado-a-cuchillo-facil-emplatado-copia\/#breadcrumb\"},\"inLanguage\":\"es\",\"potentialAction\":[{\"@type\":\"ReadAction\",\"target\":[\"https:\/\/jamonesblazquez.com\/es\/Producto\/loncheado-de-jamon-de-cebocortado-a-cuchillo-facil-emplatado-copia\/\"]}]},{\"@type\":\"ImageObject\",\"inLanguage\":\"es\",\"@id\":\"https:\/\/jamonesblazquez.com\/es\/Producto\/loncheado-de-jamon-de-cebocortado-a-cuchillo-facil-emplatado-copia\/#primaryimage\",\"url\":\"https:\/\/jamonesblazquez.com\/wp-content\/uploads\/2023\/09\/JAMON-DE-BELLOTA-IBERICO-CORTADO-A-CUCHILLO-ATM-100-RAZA-IBERICA-2.png\",\"contentUrl\":\"https:\/\/jamonesblazquez.com\/wp-content\/uploads\/2023\/09\/JAMON-DE-BELLOTA-IBERICO-CORTADO-A-CUCHILLO-ATM-100-RAZA-IBERICA-2.png\",\"width\":800,\"height\":800,\"caption\":\"AM\u00d3N DE BELLOTA IB\u00c9RICO CORTADO A CUCHILLO - ATM 100 % RAZA IB\u00c9RICA (2)\"},{\"@type\":\"BreadcrumbList\",\"@id\":\"https:\/\/jamonesblazquez.com\/es\/Producto\/loncheado-de-jamon-de-cebocortado-a-cuchillo-facil-emplatado-copia\/#breadcrumb\",\"itemListElement\":[{\"@type\":\"ListItem\",\"position\":1,\"name\":\"Portada\",\"item\":\"https:\/\/jamonesblazquez.com\/es\/\"},{\"@type\":\"ListItem\",\"position\":2,\"name\":\"Tienda online\",\"item\":\"https:\/\/jamonesblazquez.com\/es\/?page_id=1992\"},{\"@type\":\"ListItem\",\"position\":3,\"name\":\"JAM\u00d3N DE CEBO ib\u00e9rico 50% RAZA IB\u00c9RICA &#8211; CORTADO A CUCHILLO\"}]},{\"@type\":\"WebSite\",\"@id\":\"https:\/\/jamonesblazquez.com\/es\/#website\",\"url\":\"https:\/\/jamonesblazquez.com\/es\/\",\"name\":\"Jamones Bl\u00e1zquez\",\"description\":\"Obedece a la Tentaci\u00f3n!\",\"publisher\":{\"@id\":\"https:\/\/jamonesblazquez.com\/es\/#organization\"},\"potentialAction\":[{\"@type\":\"SearchAction\",\"target\":{\"@type\":\"EntryPoint\",\"urlTemplate\":\"https:\/\/jamonesblazquez.com\/es\/?s={search_term_string}\"},\"query-input\":{\"@type\":\"PropertyValueSpecification\",\"valueRequired\":true,\"valueName\":\"search_term_string\"}}],\"inLanguage\":\"es\"},{\"@type\":\"Organization\",\"@id\":\"https:\/\/jamonesblazquez.com\/es\/#organization\",\"name\":\"Jamones Bl\u00e1zquez\",\"url\":\"https:\/\/jamonesblazquez.com\/es\/\",\"logo\":{\"@type\":\"ImageObject\",\"inLanguage\":\"es\",\"@id\":\"https:\/\/jamonesblazquez.com\/es\/#\/schema\/logo\/image\/\",\"url\":\"https:\/\/jamonesblazquez.com\/wp-content\/uploads\/2019\/02\/Logo_Blazquez.png\",\"contentUrl\":\"https:\/\/jamonesblazquez.com\/wp-content\/uploads\/2019\/02\/Logo_Blazquez.png\",\"width\":500,\"height\":132,\"caption\":\"Jamones Bl\u00e1zquez\"},\"image\":{\"@id\":\"https:\/\/jamonesblazquez.com\/es\/#\/schema\/logo\/image\/\"},\"sameAs\":[\"https:\/\/www.facebook.com\/JamonBlazquez\/\",\"https:\/\/x.com\/jamonblazquez\",\"https:\/\/www.instagram.com\/jamonblazquez\/\",\"https:\/\/www.linkedin.com\/company\/10190869\/admin\/\"]}]}<\/script>\n<!-- \/ Yoast SEO plugin. -->","yoast_head_json":{"title":"Comprar JAM\u00d3N DE CEBO ib\u00e9rico 50% RAZA IB\u00c9RICA - CORTADO A CUCHILLO - Jamones Bl\u00e1zquez","description":"Dedicamos una atenci\u00f3n minuciosa a cada paso que dan nuestros animales. Les proporcionamos una alimentaci\u00f3n de alta calidad, basada en piensos elaborados por cereales que recolectamos y molemos nosotros mismos. Piezas con una curaci\u00f3n de m\u00e1s de 24 meses.","robots":{"index":"index","follow":"follow","max-snippet":"max-snippet:-1","max-image-preview":"max-image-preview:large","max-video-preview":"max-video-preview:-1"},"canonical":"https:\/\/jamonesblazquez.com\/es\/Producto\/loncheado-de-jamon-de-cebocortado-a-cuchillo-facil-emplatado-copia\/","og_locale":"es_ES","og_type":"article","og_title":"LONCHEADO DE JAM\u00d3N DE F\u00c1CIL EMPLATADO","og_description":"LONCHEADO DE JAM\u00d3N DE BELLOTA IB\u00c9RICO CORTADO A CUCHILLO (F\u00c1CIL EMPLATADO)","og_url":"https:\/\/jamonesblazquez.com\/es\/Producto\/loncheado-de-jamon-de-cebocortado-a-cuchillo-facil-emplatado-copia\/","og_site_name":"Jamones Bl\u00e1zquez","article_publisher":"https:\/\/www.facebook.com\/JamonBlazquez\/","article_modified_time":"2025-12-16T14:10:36+00:00","og_image":[{"width":1080,"height":1080,"url":"https:\/\/jamonesblazquez.com\/wp-content\/uploads\/2022\/08\/Jamon-Blazquez-cortado-a-mano-ATM-.jpg","type":"image\/jpeg"}],"twitter_card":"summary_large_image","twitter_site":"@jamonblazquez","twitter_misc":{"Tiempo de lectura":"1 minuto"},"schema":{"@context":"https:\/\/schema.org","@graph":[{"@type":["WebPage","ItemPage"],"@id":"https:\/\/jamonesblazquez.com\/es\/Producto\/loncheado-de-jamon-de-cebocortado-a-cuchillo-facil-emplatado-copia\/","url":"https:\/\/jamonesblazquez.com\/es\/Producto\/loncheado-de-jamon-de-cebocortado-a-cuchillo-facil-emplatado-copia\/","name":"Comprar JAM\u00d3N DE CEBO ib\u00e9rico 50% RAZA IB\u00c9RICA - CORTADO A CUCHILLO - Jamones Bl\u00e1zquez","isPartOf":{"@id":"https:\/\/jamonesblazquez.com\/es\/#website"},"primaryImageOfPage":{"@id":"https:\/\/jamonesblazquez.com\/es\/Producto\/loncheado-de-jamon-de-cebocortado-a-cuchillo-facil-emplatado-copia\/#primaryimage"},"image":{"@id":"https:\/\/jamonesblazquez.com\/es\/Producto\/loncheado-de-jamon-de-cebocortado-a-cuchillo-facil-emplatado-copia\/#primaryimage"},"thumbnailUrl":"https:\/\/jamonesblazquez.com\/wp-content\/uploads\/2023\/09\/JAMON-DE-BELLOTA-IBERICO-CORTADO-A-CUCHILLO-ATM-100-RAZA-IBERICA-2.png","datePublished":"2023-09-18T08:29:49+00:00","dateModified":"2025-12-16T14:10:36+00:00","description":"Dedicamos una atenci\u00f3n minuciosa a cada paso que dan nuestros animales. Les proporcionamos una alimentaci\u00f3n de alta calidad, basada en piensos elaborados por cereales que recolectamos y molemos nosotros mismos. Piezas con una curaci\u00f3n de m\u00e1s de 24 meses.","breadcrumb":{"@id":"https:\/\/jamonesblazquez.com\/es\/Producto\/loncheado-de-jamon-de-cebocortado-a-cuchillo-facil-emplatado-copia\/#breadcrumb"},"inLanguage":"es","potentialAction":[{"@type":"ReadAction","target":["https:\/\/jamonesblazquez.com\/es\/Producto\/loncheado-de-jamon-de-cebocortado-a-cuchillo-facil-emplatado-copia\/"]}]},{"@type":"ImageObject","inLanguage":"es","@id":"https:\/\/jamonesblazquez.com\/es\/Producto\/loncheado-de-jamon-de-cebocortado-a-cuchillo-facil-emplatado-copia\/#primaryimage","url":"https:\/\/jamonesblazquez.com\/wp-content\/uploads\/2023\/09\/JAMON-DE-BELLOTA-IBERICO-CORTADO-A-CUCHILLO-ATM-100-RAZA-IBERICA-2.png","contentUrl":"https:\/\/jamonesblazquez.com\/wp-content\/uploads\/2023\/09\/JAMON-DE-BELLOTA-IBERICO-CORTADO-A-CUCHILLO-ATM-100-RAZA-IBERICA-2.png","width":800,"height":800,"caption":"AM\u00d3N DE BELLOTA IB\u00c9RICO CORTADO A CUCHILLO - ATM 100 % RAZA IB\u00c9RICA (2)"},{"@type":"BreadcrumbList","@id":"https:\/\/jamonesblazquez.com\/es\/Producto\/loncheado-de-jamon-de-cebocortado-a-cuchillo-facil-emplatado-copia\/#breadcrumb","itemListElement":[{"@type":"ListItem","position":1,"name":"Portada","item":"https:\/\/jamonesblazquez.com\/es\/"},{"@type":"ListItem","position":2,"name":"Tienda online","item":"https:\/\/jamonesblazquez.com\/es\/?page_id=1992"},{"@type":"ListItem","position":3,"name":"JAM\u00d3N DE CEBO ib\u00e9rico 50% RAZA IB\u00c9RICA &#8211; CORTADO A CUCHILLO"}]},{"@type":"WebSite","@id":"https:\/\/jamonesblazquez.com\/es\/#website","url":"https:\/\/jamonesblazquez.com\/es\/","name":"Jamones Bl\u00e1zquez","description":"Obedece a la Tentaci\u00f3n!","publisher":{"@id":"https:\/\/jamonesblazquez.com\/es\/#organization"},"potentialAction":[{"@type":"SearchAction","target":{"@type":"EntryPoint","urlTemplate":"https:\/\/jamonesblazquez.com\/es\/?s={search_term_string}"},"query-input":{"@type":"PropertyValueSpecification","valueRequired":true,"valueName":"search_term_string"}}],"inLanguage":"es"},{"@type":"Organization","@id":"https:\/\/jamonesblazquez.com\/es\/#organization","name":"Jamones Bl\u00e1zquez","url":"https:\/\/jamonesblazquez.com\/es\/","logo":{"@type":"ImageObject","inLanguage":"es","@id":"https:\/\/jamonesblazquez.com\/es\/#\/schema\/logo\/image\/","url":"https:\/\/jamonesblazquez.com\/wp-content\/uploads\/2019\/02\/Logo_Blazquez.png","contentUrl":"https:\/\/jamonesblazquez.com\/wp-content\/uploads\/2019\/02\/Logo_Blazquez.png","width":500,"height":132,"caption":"Jamones Bl\u00e1zquez"},"image":{"@id":"https:\/\/jamonesblazquez.com\/es\/#\/schema\/logo\/image\/"},"sameAs":["https:\/\/www.facebook.com\/JamonBlazquez\/","https:\/\/x.com\/jamonblazquez","https:\/\/www.instagram.com\/jamonblazquez\/","https:\/\/www.linkedin.com\/company\/10190869\/admin\/"]}]}},"_links":{"self":[{"href":"https:\/\/jamonesblazquez.com\/es\/wp-json\/wp\/v2\/product\/6995","targetHints":{"allow":["GET"]}}],"collection":[{"href":"https:\/\/jamonesblazquez.com\/es\/wp-json\/wp\/v2\/product"}],"about":[{"href":"https:\/\/jamonesblazquez.com\/es\/wp-json\/wp\/v2\/types\/product"}],"wp:featuredmedia":[{"embeddable":true,"href":"https:\/\/jamonesblazquez.com\/es\/wp-json\/wp\/v2\/media\/11535"}],"wp:attachment":[{"href":"https:\/\/jamonesblazquez.com\/es\/wp-json\/wp\/v2\/media?parent=6995"}],"wp:term":[{"taxonomy":"product_brand","embeddable":true,"href":"https:\/\/jamonesblazquez.com\/es\/wp-json\/wp\/v2\/product_brand?post=6995"},{"taxonomy":"product_cat","embeddable":true,"href":"https:\/\/jamonesblazquez.com\/es\/wp-json\/wp\/v2\/product_cat?post=6995"},{"taxonomy":"product_tag","embeddable":true,"href":"https:\/\/jamonesblazquez.com\/es\/wp-json\/wp\/v2\/product_tag?post=6995"}],"curies":[{"name":"wp","href":"https:\/\/api.w.org\/{rel}","templated":true}]}}