{"id":7035,"date":"2023-09-18T12:42:06","date_gmt":"2023-09-18T10:42:06","guid":{"rendered":"https:\/\/www.jamonesblazquez.com\/?post_type=product&#038;p=7035"},"modified":"2025-05-16T11:00:45","modified_gmt":"2025-05-16T09:00:45","slug":"paleta-de-cebo-de-campo-50-raza-iberica","status":"publish","type":"product","link":"https:\/\/jamonesblazquez.com\/es\/Producto\/paleta-de-cebo-de-campo-50-raza-iberica\/","title":{"rendered":"Paleta de cebo de campo ib\u00e9rica 50% raza ib\u00e9rica"},"content":{"rendered":"<p>Nuestra <a href=\"https:\/\/jamonesblazquez.com\/es\/Producto\/paleta-de-cebo-de-campo-50-raza-iberica\/\"><strong>Paleta de Cebo de Campo Ib\u00e9rica<\/strong><\/a>, procede de cerdos que aprovechan los recursos que brinda la naturaleza, lo que contribuye al desarrollo de su musculatura.<\/p>\n<p><strong>Piezas curadas durante m\u00e1s de 18 meses en secaderos propios<\/strong>, lo que proporciona a la paleta un sabor jugoso e inigualable.<\/p>\n<p><span class=\"prd-sinconservantes\">SIN CONSERVANTES<\/span><span class=\"prd-sinaditivos\"> SIN ADITIVOS <\/span><\/p>\n<h3>INGREDIENTES<\/h3>\n<p>Paleta de cerdo, sal.<\/p>\n<h3>VALORES NUTRICIONALES (en 100g)<\/h3>\n<p>Valor energ\u00e9tico: 1511KJ\/ 362Kcal<br \/>\nGrasas (g): 24,5<br \/>\n&#8211; De las cuales saturadas (g): 9,6<br \/>\nHidratos de carbono (g):1,0<br \/>\n&#8211; De los cuales az\u00facares: (g): &lt;0,5<br \/>\nProte\u00ednas (g): 34,55<br \/>\nSal (g): 3,9<\/p>\n","protected":false},"excerpt":{"rendered":"<p>Cuidamos al detalle cada etapa, desde la cr\u00eda del cerdo hasta la <strong>curaci\u00f3n de cada pieza durante m\u00e1s de 18 meses<\/strong>. Nuestros <strong>cerdos de cebo de campo ib\u00e9ricos<\/strong> aprovechan al m\u00e1ximo los recursos otorgados por el entorno natural.<\/p>\n","protected":false},"featured_media":7037,"template":"","meta":[],"product_brand":[],"product_cat":[955,957,673],"product_tag":[],"class_list":{"0":"post-7035","1":"product","2":"type-product","3":"status-publish","4":"has-post-thumbnail","6":"product_cat-bellota-iberico-50","7":"product_cat-jamones-de-cebo-campo-iberico","8":"product_cat-paletas","10":"first","11":"instock","12":"taxable","13":"shipping-taxable","14":"product-type-simple"},"yoast_head":"<!-- This site is optimized with the Yoast SEO plugin v27.1.1 - https:\/\/yoast.com\/product\/yoast-seo-wordpress\/ -->\n<title>Comprar Paleta de cebo de campo ib\u00e9rica 50% raza ib\u00e9rica<\/title>\n<meta name=\"description\" content=\"Nuestra Paleta de Cebo de Campo Ib\u00e9rica, procede de cerdos que aprovechan los recursos que brinda la naturaleza, lo que contribuye al desarrollo de su musculatura\" \/>\n<meta name=\"robots\" content=\"index, follow, max-snippet:-1, max-image-preview:large, max-video-preview:-1\" \/>\n<link rel=\"canonical\" href=\"https:\/\/jamonesblazquez.com\/es\/Producto\/paleta-de-cebo-de-campo-50-raza-iberica\/\" \/>\n<meta property=\"og:locale\" content=\"es_ES\" \/>\n<meta property=\"og:type\" content=\"article\" \/>\n<meta property=\"og:title\" content=\"Comprar Paleta de cebo de campo ib\u00e9rica 50% raza ib\u00e9rica\" \/>\n<meta property=\"og:description\" content=\"Nuestra Paleta de Cebo de Campo Ib\u00e9rica, procede de cerdos que aprovechan los recursos que brinda la naturaleza, lo que contribuye al desarrollo de su musculatura\" \/>\n<meta property=\"og:url\" content=\"https:\/\/jamonesblazquez.com\/es\/Producto\/paleta-de-cebo-de-campo-50-raza-iberica\/\" \/>\n<meta property=\"og:site_name\" content=\"Jamones Bl\u00e1zquez\" \/>\n<meta property=\"article:publisher\" content=\"https:\/\/www.facebook.com\/JamonBlazquez\/\" \/>\n<meta property=\"article:modified_time\" content=\"2025-05-16T09:00:45+00:00\" \/>\n<meta property=\"og:image\" content=\"https:\/\/jamonesblazquez.com\/wp-content\/uploads\/2023\/09\/PALETA-DE-CEBO-DE-CAMPO-50-RAZA-IBERICA.jpg\" \/>\n\t<meta property=\"og:image:width\" content=\"800\" \/>\n\t<meta property=\"og:image:height\" content=\"800\" \/>\n\t<meta property=\"og:image:type\" content=\"image\/jpeg\" \/>\n<meta name=\"twitter:card\" content=\"summary_large_image\" \/>\n<meta name=\"twitter:site\" content=\"@jamonblazquez\" \/>\n<meta name=\"twitter:label1\" content=\"Tiempo de lectura\" \/>\n\t<meta name=\"twitter:data1\" content=\"1 minuto\" \/>\n<script type=\"application\/ld+json\" class=\"yoast-schema-graph\">{\"@context\":\"https:\/\/schema.org\",\"@graph\":[{\"@type\":[\"WebPage\",\"ItemPage\"],\"@id\":\"https:\/\/jamonesblazquez.com\/es\/Producto\/paleta-de-cebo-de-campo-50-raza-iberica\/\",\"url\":\"https:\/\/jamonesblazquez.com\/es\/Producto\/paleta-de-cebo-de-campo-50-raza-iberica\/\",\"name\":\"Comprar Paleta de cebo de campo ib\u00e9rica 50% raza ib\u00e9rica\",\"isPartOf\":{\"@id\":\"https:\/\/jamonesblazquez.com\/es\/#website\"},\"primaryImageOfPage\":{\"@id\":\"https:\/\/jamonesblazquez.com\/es\/Producto\/paleta-de-cebo-de-campo-50-raza-iberica\/#primaryimage\"},\"image\":{\"@id\":\"https:\/\/jamonesblazquez.com\/es\/Producto\/paleta-de-cebo-de-campo-50-raza-iberica\/#primaryimage\"},\"thumbnailUrl\":\"https:\/\/jamonesblazquez.com\/wp-content\/uploads\/2023\/09\/PALETA-DE-CEBO-DE-CAMPO-50-RAZA-IBERICA.jpg\",\"datePublished\":\"2023-09-18T10:42:06+00:00\",\"dateModified\":\"2025-05-16T09:00:45+00:00\",\"description\":\"Nuestra Paleta de Cebo de Campo Ib\u00e9rica, procede de cerdos que aprovechan los recursos que brinda la naturaleza, lo que contribuye al desarrollo de su musculatura\",\"breadcrumb\":{\"@id\":\"https:\/\/jamonesblazquez.com\/es\/Producto\/paleta-de-cebo-de-campo-50-raza-iberica\/#breadcrumb\"},\"inLanguage\":\"es\",\"potentialAction\":[{\"@type\":\"ReadAction\",\"target\":[\"https:\/\/jamonesblazquez.com\/es\/Producto\/paleta-de-cebo-de-campo-50-raza-iberica\/\"]}]},{\"@type\":\"ImageObject\",\"inLanguage\":\"es\",\"@id\":\"https:\/\/jamonesblazquez.com\/es\/Producto\/paleta-de-cebo-de-campo-50-raza-iberica\/#primaryimage\",\"url\":\"https:\/\/jamonesblazquez.com\/wp-content\/uploads\/2023\/09\/PALETA-DE-CEBO-DE-CAMPO-50-RAZA-IBERICA.jpg\",\"contentUrl\":\"https:\/\/jamonesblazquez.com\/wp-content\/uploads\/2023\/09\/PALETA-DE-CEBO-DE-CAMPO-50-RAZA-IBERICA.jpg\",\"width\":800,\"height\":800,\"caption\":\"PALETA DE CEBO DE CAMPO 50% RAZA IB\u00c9RICA\"},{\"@type\":\"BreadcrumbList\",\"@id\":\"https:\/\/jamonesblazquez.com\/es\/Producto\/paleta-de-cebo-de-campo-50-raza-iberica\/#breadcrumb\",\"itemListElement\":[{\"@type\":\"ListItem\",\"position\":1,\"name\":\"Portada\",\"item\":\"https:\/\/jamonesblazquez.com\/es\/\"},{\"@type\":\"ListItem\",\"position\":2,\"name\":\"Tienda online\",\"item\":\"https:\/\/jamonesblazquez.com\/es\/?page_id=1992\"},{\"@type\":\"ListItem\",\"position\":3,\"name\":\"Paleta de cebo de campo ib\u00e9rica 50% raza ib\u00e9rica\"}]},{\"@type\":\"WebSite\",\"@id\":\"https:\/\/jamonesblazquez.com\/es\/#website\",\"url\":\"https:\/\/jamonesblazquez.com\/es\/\",\"name\":\"Jamones Bl\u00e1zquez\",\"description\":\"Obedece a la Tentaci\u00f3n!\",\"publisher\":{\"@id\":\"https:\/\/jamonesblazquez.com\/es\/#organization\"},\"potentialAction\":[{\"@type\":\"SearchAction\",\"target\":{\"@type\":\"EntryPoint\",\"urlTemplate\":\"https:\/\/jamonesblazquez.com\/es\/?s={search_term_string}\"},\"query-input\":{\"@type\":\"PropertyValueSpecification\",\"valueRequired\":true,\"valueName\":\"search_term_string\"}}],\"inLanguage\":\"es\"},{\"@type\":\"Organization\",\"@id\":\"https:\/\/jamonesblazquez.com\/es\/#organization\",\"name\":\"Jamones Bl\u00e1zquez\",\"url\":\"https:\/\/jamonesblazquez.com\/es\/\",\"logo\":{\"@type\":\"ImageObject\",\"inLanguage\":\"es\",\"@id\":\"https:\/\/jamonesblazquez.com\/es\/#\/schema\/logo\/image\/\",\"url\":\"https:\/\/jamonesblazquez.com\/wp-content\/uploads\/2019\/02\/Logo_Blazquez.png\",\"contentUrl\":\"https:\/\/jamonesblazquez.com\/wp-content\/uploads\/2019\/02\/Logo_Blazquez.png\",\"width\":500,\"height\":132,\"caption\":\"Jamones Bl\u00e1zquez\"},\"image\":{\"@id\":\"https:\/\/jamonesblazquez.com\/es\/#\/schema\/logo\/image\/\"},\"sameAs\":[\"https:\/\/www.facebook.com\/JamonBlazquez\/\",\"https:\/\/x.com\/jamonblazquez\",\"https:\/\/www.instagram.com\/jamonblazquez\/\",\"https:\/\/www.linkedin.com\/company\/10190869\/admin\/\"]}]}<\/script>\n<!-- \/ Yoast SEO plugin. -->","yoast_head_json":{"title":"Comprar Paleta de cebo de campo ib\u00e9rica 50% raza ib\u00e9rica","description":"Nuestra Paleta de Cebo de Campo Ib\u00e9rica, procede de cerdos que aprovechan los recursos que brinda la naturaleza, lo que contribuye al desarrollo de su musculatura","robots":{"index":"index","follow":"follow","max-snippet":"max-snippet:-1","max-image-preview":"max-image-preview:large","max-video-preview":"max-video-preview:-1"},"canonical":"https:\/\/jamonesblazquez.com\/es\/Producto\/paleta-de-cebo-de-campo-50-raza-iberica\/","og_locale":"es_ES","og_type":"article","og_title":"Comprar Paleta de cebo de campo ib\u00e9rica 50% raza ib\u00e9rica","og_description":"Nuestra Paleta de Cebo de Campo Ib\u00e9rica, procede de cerdos que aprovechan los recursos que brinda la naturaleza, lo que contribuye al desarrollo de su musculatura","og_url":"https:\/\/jamonesblazquez.com\/es\/Producto\/paleta-de-cebo-de-campo-50-raza-iberica\/","og_site_name":"Jamones Bl\u00e1zquez","article_publisher":"https:\/\/www.facebook.com\/JamonBlazquez\/","article_modified_time":"2025-05-16T09:00:45+00:00","og_image":[{"width":800,"height":800,"url":"https:\/\/jamonesblazquez.com\/wp-content\/uploads\/2023\/09\/PALETA-DE-CEBO-DE-CAMPO-50-RAZA-IBERICA.jpg","type":"image\/jpeg"}],"twitter_card":"summary_large_image","twitter_site":"@jamonblazquez","twitter_misc":{"Tiempo de lectura":"1 minuto"},"schema":{"@context":"https:\/\/schema.org","@graph":[{"@type":["WebPage","ItemPage"],"@id":"https:\/\/jamonesblazquez.com\/es\/Producto\/paleta-de-cebo-de-campo-50-raza-iberica\/","url":"https:\/\/jamonesblazquez.com\/es\/Producto\/paleta-de-cebo-de-campo-50-raza-iberica\/","name":"Comprar Paleta de cebo de campo ib\u00e9rica 50% raza ib\u00e9rica","isPartOf":{"@id":"https:\/\/jamonesblazquez.com\/es\/#website"},"primaryImageOfPage":{"@id":"https:\/\/jamonesblazquez.com\/es\/Producto\/paleta-de-cebo-de-campo-50-raza-iberica\/#primaryimage"},"image":{"@id":"https:\/\/jamonesblazquez.com\/es\/Producto\/paleta-de-cebo-de-campo-50-raza-iberica\/#primaryimage"},"thumbnailUrl":"https:\/\/jamonesblazquez.com\/wp-content\/uploads\/2023\/09\/PALETA-DE-CEBO-DE-CAMPO-50-RAZA-IBERICA.jpg","datePublished":"2023-09-18T10:42:06+00:00","dateModified":"2025-05-16T09:00:45+00:00","description":"Nuestra Paleta de Cebo de Campo Ib\u00e9rica, procede de cerdos que aprovechan los recursos que brinda la naturaleza, lo que contribuye al desarrollo de su musculatura","breadcrumb":{"@id":"https:\/\/jamonesblazquez.com\/es\/Producto\/paleta-de-cebo-de-campo-50-raza-iberica\/#breadcrumb"},"inLanguage":"es","potentialAction":[{"@type":"ReadAction","target":["https:\/\/jamonesblazquez.com\/es\/Producto\/paleta-de-cebo-de-campo-50-raza-iberica\/"]}]},{"@type":"ImageObject","inLanguage":"es","@id":"https:\/\/jamonesblazquez.com\/es\/Producto\/paleta-de-cebo-de-campo-50-raza-iberica\/#primaryimage","url":"https:\/\/jamonesblazquez.com\/wp-content\/uploads\/2023\/09\/PALETA-DE-CEBO-DE-CAMPO-50-RAZA-IBERICA.jpg","contentUrl":"https:\/\/jamonesblazquez.com\/wp-content\/uploads\/2023\/09\/PALETA-DE-CEBO-DE-CAMPO-50-RAZA-IBERICA.jpg","width":800,"height":800,"caption":"PALETA DE CEBO DE CAMPO 50% RAZA IB\u00c9RICA"},{"@type":"BreadcrumbList","@id":"https:\/\/jamonesblazquez.com\/es\/Producto\/paleta-de-cebo-de-campo-50-raza-iberica\/#breadcrumb","itemListElement":[{"@type":"ListItem","position":1,"name":"Portada","item":"https:\/\/jamonesblazquez.com\/es\/"},{"@type":"ListItem","position":2,"name":"Tienda online","item":"https:\/\/jamonesblazquez.com\/es\/?page_id=1992"},{"@type":"ListItem","position":3,"name":"Paleta de cebo de campo ib\u00e9rica 50% raza ib\u00e9rica"}]},{"@type":"WebSite","@id":"https:\/\/jamonesblazquez.com\/es\/#website","url":"https:\/\/jamonesblazquez.com\/es\/","name":"Jamones Bl\u00e1zquez","description":"Obedece a la Tentaci\u00f3n!","publisher":{"@id":"https:\/\/jamonesblazquez.com\/es\/#organization"},"potentialAction":[{"@type":"SearchAction","target":{"@type":"EntryPoint","urlTemplate":"https:\/\/jamonesblazquez.com\/es\/?s={search_term_string}"},"query-input":{"@type":"PropertyValueSpecification","valueRequired":true,"valueName":"search_term_string"}}],"inLanguage":"es"},{"@type":"Organization","@id":"https:\/\/jamonesblazquez.com\/es\/#organization","name":"Jamones Bl\u00e1zquez","url":"https:\/\/jamonesblazquez.com\/es\/","logo":{"@type":"ImageObject","inLanguage":"es","@id":"https:\/\/jamonesblazquez.com\/es\/#\/schema\/logo\/image\/","url":"https:\/\/jamonesblazquez.com\/wp-content\/uploads\/2019\/02\/Logo_Blazquez.png","contentUrl":"https:\/\/jamonesblazquez.com\/wp-content\/uploads\/2019\/02\/Logo_Blazquez.png","width":500,"height":132,"caption":"Jamones Bl\u00e1zquez"},"image":{"@id":"https:\/\/jamonesblazquez.com\/es\/#\/schema\/logo\/image\/"},"sameAs":["https:\/\/www.facebook.com\/JamonBlazquez\/","https:\/\/x.com\/jamonblazquez","https:\/\/www.instagram.com\/jamonblazquez\/","https:\/\/www.linkedin.com\/company\/10190869\/admin\/"]}]}},"_links":{"self":[{"href":"https:\/\/jamonesblazquez.com\/es\/wp-json\/wp\/v2\/product\/7035","targetHints":{"allow":["GET"]}}],"collection":[{"href":"https:\/\/jamonesblazquez.com\/es\/wp-json\/wp\/v2\/product"}],"about":[{"href":"https:\/\/jamonesblazquez.com\/es\/wp-json\/wp\/v2\/types\/product"}],"wp:featuredmedia":[{"embeddable":true,"href":"https:\/\/jamonesblazquez.com\/es\/wp-json\/wp\/v2\/media\/7037"}],"wp:attachment":[{"href":"https:\/\/jamonesblazquez.com\/es\/wp-json\/wp\/v2\/media?parent=7035"}],"wp:term":[{"taxonomy":"product_brand","embeddable":true,"href":"https:\/\/jamonesblazquez.com\/es\/wp-json\/wp\/v2\/product_brand?post=7035"},{"taxonomy":"product_cat","embeddable":true,"href":"https:\/\/jamonesblazquez.com\/es\/wp-json\/wp\/v2\/product_cat?post=7035"},{"taxonomy":"product_tag","embeddable":true,"href":"https:\/\/jamonesblazquez.com\/es\/wp-json\/wp\/v2\/product_tag?post=7035"}],"curies":[{"name":"wp","href":"https:\/\/api.w.org\/{rel}","templated":true}]}}