{"id":7047,"date":"2023-09-18T13:14:23","date_gmt":"2023-09-18T11:14:23","guid":{"rendered":"https:\/\/www.jamonesblazquez.com\/?post_type=product&#038;p=7047"},"modified":"2025-05-16T11:00:45","modified_gmt":"2025-05-16T09:00:45","slug":"paleta-de-bellota-50-raza-iberica","status":"publish","type":"product","link":"https:\/\/jamonesblazquez.com\/es\/Producto\/paleta-de-bellota-50-raza-iberica\/","title":{"rendered":"Paleta de Bellota Ib\u00e9rica 50% Raza Ib\u00e9rica"},"content":{"rendered":"<p>Nuestra paleta Admiraci\u00f3n es la \u201creina consorte\u201d perfecta. Poderosa en sabor, atesora el mismo cuidado y exigencia que dedicamos a nuestros jamones.<\/p>\n<p>Procedente de una delicada selecci\u00f3n de nuestros cerdos criados en libertad en las mejores dehesas con pastos y bellotas en montanera.<\/p>\n<p>Con un <strong>periodo de curaci\u00f3n de 24 meses<\/strong>.<br \/>\nNuestros profesionales eval\u00faan minuciosa y exhaustivamente cada proceso, para conseguir un sabor intenso y una textura \u00fanica al alcance de los paladares m\u00e1s exigentes.<\/p>\n<p>La paleta de bellota ib\u00e9rica\u00a0 Admiraci\u00f3n es un alimento nutritivo con alto contenido vitam\u00ednico, al igual que el jam\u00f3n, contiene vitamina B1. Esta vitamina se encarga de que los carbohidratos que ingerimos se conviertan en energ\u00eda para nuestro organismo.<\/p>\n<p><span class=\"prd-sinconservantes\">SIN CONSERVANTES<\/span><span class=\"prd-sinaditivos\"> SIN ADITIVOS <\/span><\/p>\n<h3>INGREDIENTES<\/h3>\n<p>Paleta de cerdo, sal<\/p>\n<h3>VALORES NUTRICIONALES (en 100g)<\/h3>\n<p>Valor energ\u00e9tico: 1737KJ\/ 418Kcal<br \/>\nGrasas (g): 32,7<br \/>\n&#8211; De las cuales saturadas (g): 12,7<br \/>\nHidratos de carbono (g):0,8<br \/>\n&#8211; De los cuales az\u00facares: (g): &lt;0,5<br \/>\nProte\u00ednas (g): 30,2<br \/>\nSal (g): 3,5<\/p>\n","protected":false},"excerpt":{"rendered":"<p>Piezas curadas en secaderos propios, siguiendo los criterios artesanales de la familia Bl\u00e1zquez. Paletas estilizadas, estrechas y con una deliciosa carne veteada. Descubre nuestra <a href=\"https:\/\/jamonesblazquez.com\/es\/Producto\/paleta-de-bellota-50-raza-iberica\/\">paleta de bellota ib\u00e9rica 50% raza ib\u00e9rica<\/a><\/p>\n<p>&nbsp;<\/p>\n","protected":false},"featured_media":7021,"template":"","meta":[],"product_brand":[],"product_cat":[955,673],"product_tag":[],"class_list":{"0":"post-7047","1":"product","2":"type-product","3":"status-publish","4":"has-post-thumbnail","6":"product_cat-bellota-iberico-50","7":"product_cat-paletas","9":"first","10":"instock","11":"taxable","12":"shipping-taxable","13":"product-type-simple"},"yoast_head":"<!-- This site is optimized with the Yoast SEO plugin v27.1.1 - https:\/\/yoast.com\/product\/yoast-seo-wordpress\/ -->\n<title>Comprar Paleta de Bellota Ib\u00e9rica 50% Raza Ib\u00e9rica - Jamones Bl\u00e1zquez<\/title>\n<meta name=\"description\" content=\"Descubre nuestra paleta de bellota 50% raza Ib\u00e9rica, producto de alta calidad y muy exclusivo. Probar este producto es una experiencia que no debes perderte\" \/>\n<meta name=\"robots\" content=\"index, follow, max-snippet:-1, max-image-preview:large, max-video-preview:-1\" \/>\n<link rel=\"canonical\" href=\"https:\/\/jamonesblazquez.com\/es\/Producto\/paleta-de-bellota-50-raza-iberica\/\" \/>\n<meta property=\"og:locale\" content=\"es_ES\" \/>\n<meta property=\"og:type\" content=\"article\" \/>\n<meta property=\"og:title\" content=\"Comprar Paleta de Bellota Ib\u00e9rica 50% Raza Ib\u00e9rica - Jamones Bl\u00e1zquez\" \/>\n<meta property=\"og:description\" content=\"Descubre nuestra paleta de bellota 50% raza Ib\u00e9rica, producto de alta calidad y muy exclusivo. Probar este producto es una experiencia que no debes perderte\" \/>\n<meta property=\"og:url\" content=\"https:\/\/jamonesblazquez.com\/es\/Producto\/paleta-de-bellota-50-raza-iberica\/\" \/>\n<meta property=\"og:site_name\" content=\"Jamones Bl\u00e1zquez\" \/>\n<meta property=\"article:publisher\" content=\"https:\/\/www.facebook.com\/JamonBlazquez\/\" \/>\n<meta property=\"article:modified_time\" content=\"2025-05-16T09:00:45+00:00\" \/>\n<meta property=\"og:image\" content=\"https:\/\/jamonesblazquez.com\/wp-content\/uploads\/2020\/07\/PALETA-DE-BELLOTA-IBERICA-ADMIRACION.png\" \/>\n\t<meta property=\"og:image:width\" content=\"800\" \/>\n\t<meta property=\"og:image:height\" content=\"800\" \/>\n\t<meta property=\"og:image:type\" content=\"image\/png\" \/>\n<meta name=\"twitter:card\" content=\"summary_large_image\" \/>\n<meta name=\"twitter:site\" content=\"@jamonblazquez\" \/>\n<meta name=\"twitter:label1\" content=\"Tiempo de lectura\" \/>\n\t<meta name=\"twitter:data1\" content=\"1 minuto\" \/>\n<script type=\"application\/ld+json\" class=\"yoast-schema-graph\">{\"@context\":\"https:\/\/schema.org\",\"@graph\":[{\"@type\":[\"WebPage\",\"ItemPage\"],\"@id\":\"https:\/\/jamonesblazquez.com\/es\/Producto\/paleta-de-bellota-50-raza-iberica\/\",\"url\":\"https:\/\/jamonesblazquez.com\/es\/Producto\/paleta-de-bellota-50-raza-iberica\/\",\"name\":\"Comprar Paleta de Bellota Ib\u00e9rica 50% Raza Ib\u00e9rica - Jamones Bl\u00e1zquez\",\"isPartOf\":{\"@id\":\"https:\/\/jamonesblazquez.com\/es\/#website\"},\"primaryImageOfPage\":{\"@id\":\"https:\/\/jamonesblazquez.com\/es\/Producto\/paleta-de-bellota-50-raza-iberica\/#primaryimage\"},\"image\":{\"@id\":\"https:\/\/jamonesblazquez.com\/es\/Producto\/paleta-de-bellota-50-raza-iberica\/#primaryimage\"},\"thumbnailUrl\":\"https:\/\/jamonesblazquez.com\/wp-content\/uploads\/2020\/07\/PALETA-DE-BELLOTA-IBERICA-ADMIRACION.png\",\"datePublished\":\"2023-09-18T11:14:23+00:00\",\"dateModified\":\"2025-05-16T09:00:45+00:00\",\"description\":\"Descubre nuestra paleta de bellota 50% raza Ib\u00e9rica, producto de alta calidad y muy exclusivo. Probar este producto es una experiencia que no debes perderte\",\"breadcrumb\":{\"@id\":\"https:\/\/jamonesblazquez.com\/es\/Producto\/paleta-de-bellota-50-raza-iberica\/#breadcrumb\"},\"inLanguage\":\"es\",\"potentialAction\":[{\"@type\":\"ReadAction\",\"target\":[\"https:\/\/jamonesblazquez.com\/es\/Producto\/paleta-de-bellota-50-raza-iberica\/\"]}]},{\"@type\":\"ImageObject\",\"inLanguage\":\"es\",\"@id\":\"https:\/\/jamonesblazquez.com\/es\/Producto\/paleta-de-bellota-50-raza-iberica\/#primaryimage\",\"url\":\"https:\/\/jamonesblazquez.com\/wp-content\/uploads\/2020\/07\/PALETA-DE-BELLOTA-IBERICA-ADMIRACION.png\",\"contentUrl\":\"https:\/\/jamonesblazquez.com\/wp-content\/uploads\/2020\/07\/PALETA-DE-BELLOTA-IBERICA-ADMIRACION.png\",\"width\":800,\"height\":800,\"caption\":\"PALETA DE BELLOTA IB\u00c9RICA ADMIRACI\u00d3N\"},{\"@type\":\"BreadcrumbList\",\"@id\":\"https:\/\/jamonesblazquez.com\/es\/Producto\/paleta-de-bellota-50-raza-iberica\/#breadcrumb\",\"itemListElement\":[{\"@type\":\"ListItem\",\"position\":1,\"name\":\"Portada\",\"item\":\"https:\/\/jamonesblazquez.com\/es\/\"},{\"@type\":\"ListItem\",\"position\":2,\"name\":\"Tienda online\",\"item\":\"https:\/\/jamonesblazquez.com\/es\/?page_id=1992\"},{\"@type\":\"ListItem\",\"position\":3,\"name\":\"Paleta de Bellota Ib\u00e9rica 50% Raza Ib\u00e9rica\"}]},{\"@type\":\"WebSite\",\"@id\":\"https:\/\/jamonesblazquez.com\/es\/#website\",\"url\":\"https:\/\/jamonesblazquez.com\/es\/\",\"name\":\"Jamones Bl\u00e1zquez\",\"description\":\"Obedece a la Tentaci\u00f3n!\",\"publisher\":{\"@id\":\"https:\/\/jamonesblazquez.com\/es\/#organization\"},\"potentialAction\":[{\"@type\":\"SearchAction\",\"target\":{\"@type\":\"EntryPoint\",\"urlTemplate\":\"https:\/\/jamonesblazquez.com\/es\/?s={search_term_string}\"},\"query-input\":{\"@type\":\"PropertyValueSpecification\",\"valueRequired\":true,\"valueName\":\"search_term_string\"}}],\"inLanguage\":\"es\"},{\"@type\":\"Organization\",\"@id\":\"https:\/\/jamonesblazquez.com\/es\/#organization\",\"name\":\"Jamones Bl\u00e1zquez\",\"url\":\"https:\/\/jamonesblazquez.com\/es\/\",\"logo\":{\"@type\":\"ImageObject\",\"inLanguage\":\"es\",\"@id\":\"https:\/\/jamonesblazquez.com\/es\/#\/schema\/logo\/image\/\",\"url\":\"https:\/\/jamonesblazquez.com\/wp-content\/uploads\/2019\/02\/Logo_Blazquez.png\",\"contentUrl\":\"https:\/\/jamonesblazquez.com\/wp-content\/uploads\/2019\/02\/Logo_Blazquez.png\",\"width\":500,\"height\":132,\"caption\":\"Jamones Bl\u00e1zquez\"},\"image\":{\"@id\":\"https:\/\/jamonesblazquez.com\/es\/#\/schema\/logo\/image\/\"},\"sameAs\":[\"https:\/\/www.facebook.com\/JamonBlazquez\/\",\"https:\/\/x.com\/jamonblazquez\",\"https:\/\/www.instagram.com\/jamonblazquez\/\",\"https:\/\/www.linkedin.com\/company\/10190869\/admin\/\"]}]}<\/script>\n<!-- \/ Yoast SEO plugin. -->","yoast_head_json":{"title":"Comprar Paleta de Bellota Ib\u00e9rica 50% Raza Ib\u00e9rica - Jamones Bl\u00e1zquez","description":"Descubre nuestra paleta de bellota 50% raza Ib\u00e9rica, producto de alta calidad y muy exclusivo. Probar este producto es una experiencia que no debes perderte","robots":{"index":"index","follow":"follow","max-snippet":"max-snippet:-1","max-image-preview":"max-image-preview:large","max-video-preview":"max-video-preview:-1"},"canonical":"https:\/\/jamonesblazquez.com\/es\/Producto\/paleta-de-bellota-50-raza-iberica\/","og_locale":"es_ES","og_type":"article","og_title":"Comprar Paleta de Bellota Ib\u00e9rica 50% Raza Ib\u00e9rica - Jamones Bl\u00e1zquez","og_description":"Descubre nuestra paleta de bellota 50% raza Ib\u00e9rica, producto de alta calidad y muy exclusivo. Probar este producto es una experiencia que no debes perderte","og_url":"https:\/\/jamonesblazquez.com\/es\/Producto\/paleta-de-bellota-50-raza-iberica\/","og_site_name":"Jamones Bl\u00e1zquez","article_publisher":"https:\/\/www.facebook.com\/JamonBlazquez\/","article_modified_time":"2025-05-16T09:00:45+00:00","og_image":[{"width":800,"height":800,"url":"https:\/\/jamonesblazquez.com\/wp-content\/uploads\/2020\/07\/PALETA-DE-BELLOTA-IBERICA-ADMIRACION.png","type":"image\/png"}],"twitter_card":"summary_large_image","twitter_site":"@jamonblazquez","twitter_misc":{"Tiempo de lectura":"1 minuto"},"schema":{"@context":"https:\/\/schema.org","@graph":[{"@type":["WebPage","ItemPage"],"@id":"https:\/\/jamonesblazquez.com\/es\/Producto\/paleta-de-bellota-50-raza-iberica\/","url":"https:\/\/jamonesblazquez.com\/es\/Producto\/paleta-de-bellota-50-raza-iberica\/","name":"Comprar Paleta de Bellota Ib\u00e9rica 50% Raza Ib\u00e9rica - Jamones Bl\u00e1zquez","isPartOf":{"@id":"https:\/\/jamonesblazquez.com\/es\/#website"},"primaryImageOfPage":{"@id":"https:\/\/jamonesblazquez.com\/es\/Producto\/paleta-de-bellota-50-raza-iberica\/#primaryimage"},"image":{"@id":"https:\/\/jamonesblazquez.com\/es\/Producto\/paleta-de-bellota-50-raza-iberica\/#primaryimage"},"thumbnailUrl":"https:\/\/jamonesblazquez.com\/wp-content\/uploads\/2020\/07\/PALETA-DE-BELLOTA-IBERICA-ADMIRACION.png","datePublished":"2023-09-18T11:14:23+00:00","dateModified":"2025-05-16T09:00:45+00:00","description":"Descubre nuestra paleta de bellota 50% raza Ib\u00e9rica, producto de alta calidad y muy exclusivo. Probar este producto es una experiencia que no debes perderte","breadcrumb":{"@id":"https:\/\/jamonesblazquez.com\/es\/Producto\/paleta-de-bellota-50-raza-iberica\/#breadcrumb"},"inLanguage":"es","potentialAction":[{"@type":"ReadAction","target":["https:\/\/jamonesblazquez.com\/es\/Producto\/paleta-de-bellota-50-raza-iberica\/"]}]},{"@type":"ImageObject","inLanguage":"es","@id":"https:\/\/jamonesblazquez.com\/es\/Producto\/paleta-de-bellota-50-raza-iberica\/#primaryimage","url":"https:\/\/jamonesblazquez.com\/wp-content\/uploads\/2020\/07\/PALETA-DE-BELLOTA-IBERICA-ADMIRACION.png","contentUrl":"https:\/\/jamonesblazquez.com\/wp-content\/uploads\/2020\/07\/PALETA-DE-BELLOTA-IBERICA-ADMIRACION.png","width":800,"height":800,"caption":"PALETA DE BELLOTA IB\u00c9RICA ADMIRACI\u00d3N"},{"@type":"BreadcrumbList","@id":"https:\/\/jamonesblazquez.com\/es\/Producto\/paleta-de-bellota-50-raza-iberica\/#breadcrumb","itemListElement":[{"@type":"ListItem","position":1,"name":"Portada","item":"https:\/\/jamonesblazquez.com\/es\/"},{"@type":"ListItem","position":2,"name":"Tienda online","item":"https:\/\/jamonesblazquez.com\/es\/?page_id=1992"},{"@type":"ListItem","position":3,"name":"Paleta de Bellota Ib\u00e9rica 50% Raza Ib\u00e9rica"}]},{"@type":"WebSite","@id":"https:\/\/jamonesblazquez.com\/es\/#website","url":"https:\/\/jamonesblazquez.com\/es\/","name":"Jamones Bl\u00e1zquez","description":"Obedece a la Tentaci\u00f3n!","publisher":{"@id":"https:\/\/jamonesblazquez.com\/es\/#organization"},"potentialAction":[{"@type":"SearchAction","target":{"@type":"EntryPoint","urlTemplate":"https:\/\/jamonesblazquez.com\/es\/?s={search_term_string}"},"query-input":{"@type":"PropertyValueSpecification","valueRequired":true,"valueName":"search_term_string"}}],"inLanguage":"es"},{"@type":"Organization","@id":"https:\/\/jamonesblazquez.com\/es\/#organization","name":"Jamones Bl\u00e1zquez","url":"https:\/\/jamonesblazquez.com\/es\/","logo":{"@type":"ImageObject","inLanguage":"es","@id":"https:\/\/jamonesblazquez.com\/es\/#\/schema\/logo\/image\/","url":"https:\/\/jamonesblazquez.com\/wp-content\/uploads\/2019\/02\/Logo_Blazquez.png","contentUrl":"https:\/\/jamonesblazquez.com\/wp-content\/uploads\/2019\/02\/Logo_Blazquez.png","width":500,"height":132,"caption":"Jamones Bl\u00e1zquez"},"image":{"@id":"https:\/\/jamonesblazquez.com\/es\/#\/schema\/logo\/image\/"},"sameAs":["https:\/\/www.facebook.com\/JamonBlazquez\/","https:\/\/x.com\/jamonblazquez","https:\/\/www.instagram.com\/jamonblazquez\/","https:\/\/www.linkedin.com\/company\/10190869\/admin\/"]}]}},"_links":{"self":[{"href":"https:\/\/jamonesblazquez.com\/es\/wp-json\/wp\/v2\/product\/7047","targetHints":{"allow":["GET"]}}],"collection":[{"href":"https:\/\/jamonesblazquez.com\/es\/wp-json\/wp\/v2\/product"}],"about":[{"href":"https:\/\/jamonesblazquez.com\/es\/wp-json\/wp\/v2\/types\/product"}],"wp:featuredmedia":[{"embeddable":true,"href":"https:\/\/jamonesblazquez.com\/es\/wp-json\/wp\/v2\/media\/7021"}],"wp:attachment":[{"href":"https:\/\/jamonesblazquez.com\/es\/wp-json\/wp\/v2\/media?parent=7047"}],"wp:term":[{"taxonomy":"product_brand","embeddable":true,"href":"https:\/\/jamonesblazquez.com\/es\/wp-json\/wp\/v2\/product_brand?post=7047"},{"taxonomy":"product_cat","embeddable":true,"href":"https:\/\/jamonesblazquez.com\/es\/wp-json\/wp\/v2\/product_cat?post=7047"},{"taxonomy":"product_tag","embeddable":true,"href":"https:\/\/jamonesblazquez.com\/es\/wp-json\/wp\/v2\/product_tag?post=7047"}],"curies":[{"name":"wp","href":"https:\/\/api.w.org\/{rel}","templated":true}]}}