{"id":7247,"date":"2023-09-25T12:18:08","date_gmt":"2023-09-25T10:18:08","guid":{"rendered":"https:\/\/www.jamonesblazquez.com\/?post_type=product&#038;p=7247"},"modified":"2025-05-16T11:00:47","modified_gmt":"2025-05-16T09:00:47","slug":"loncheado-de-lomo-de-cebo-iberico","status":"publish","type":"product","link":"https:\/\/jamonesblazquez.com\/es\/Producto\/loncheado-de-lomo-de-cebo-iberico\/","title":{"rendered":"Loncheado de Lomo de Cebo Ib\u00e9rico"},"content":{"rendered":"<p>Sum\u00e9rgete en una experiencia culinaria diferente con el lomo de cebo ib\u00e9rico Bl\u00e1zquez.<\/p>\n<p>Procede de nuestros cerdos de raza ib\u00e9rica, con una alimentaci\u00f3n basada en piensos elaborados por cereales y leguminosas. El cuidadoso proceso de elaboraci\u00f3n, fiel a la tradici\u00f3n artesanal de la familia Bl\u00e1zquez, garantiza una pieza de m\u00e1xima calidad, donde la veta de grasa infiltrada ofrece un sabor inigualable y una jugosidad extraordinaria. Con una curaci\u00f3n de 3 meses en bodega.<\/p>\n<h3>INGREDIENTES<\/h3>\n<p>Lomo de cerdo, sal, piment\u00f3n, dextrosa, az\u00facar, especias, conservantes (E-250 y E-252) y antioxidante (E-301).<\/p>\n<h3>VALORES NUTRICIONALES (en 100g)<\/h3>\n<p>Valor energ\u00e9tico: 376 Kcal \/ 1566 KJ<br \/>\nProte\u00ednas (g): 39<br \/>\nHidratos de carbono (g): &lt;1<br \/>\n&#8211; De los cuales az\u00facares: (g): &lt;0,5<br \/>\nGrasas (g): 24<br \/>\n&#8211; De las cuales saturadas (g): 8<br \/>\nSal (g): 3,47<\/p>\n","protected":false},"excerpt":{"rendered":"<p>El lomo de cebo ib\u00e9rico Bl\u00e1zquez, con una curaci\u00f3n en bodega de 3 meses, es un verdadero deleite para los amantes de la gastronom\u00eda.<\/p>\n","protected":false},"featured_media":7241,"template":"","meta":[],"product_brand":[],"product_cat":[674,677],"product_tag":[],"class_list":{"0":"post-7247","1":"product","2":"type-product","3":"status-publish","4":"has-post-thumbnail","6":"product_cat-embutidos","7":"product_cat-lomo","9":"first","10":"instock","11":"taxable","12":"shipping-taxable","13":"product-type-simple"},"yoast_head":"<!-- This site is optimized with the Yoast SEO plugin v27.1.1 - https:\/\/yoast.com\/product\/yoast-seo-wordpress\/ -->\n<title>Comprar Loncheado de Lomo de Cebo Ib\u00e9rico - Jamones Bl\u00e1zquez<\/title>\n<meta name=\"description\" content=\"El lomo de cebo ib\u00e9rico Bl\u00e1zquez, con una curaci\u00f3n en bodega de 3 meses, es un verdadero deleite para los amantes de la gastronom\u00eda.\" \/>\n<meta name=\"robots\" content=\"index, follow, max-snippet:-1, max-image-preview:large, max-video-preview:-1\" \/>\n<link rel=\"canonical\" href=\"https:\/\/jamonesblazquez.com\/es\/Producto\/loncheado-de-lomo-de-cebo-iberico\/\" \/>\n<meta property=\"og:locale\" content=\"es_ES\" \/>\n<meta property=\"og:type\" content=\"article\" \/>\n<meta property=\"og:title\" content=\"Comprar Loncheado de Lomo de Cebo Ib\u00e9rico - Jamones Bl\u00e1zquez\" \/>\n<meta property=\"og:description\" content=\"El lomo de cebo ib\u00e9rico Bl\u00e1zquez, con una curaci\u00f3n en bodega de 3 meses, es un verdadero deleite para los amantes de la gastronom\u00eda.\" \/>\n<meta property=\"og:url\" content=\"https:\/\/jamonesblazquez.com\/es\/Producto\/loncheado-de-lomo-de-cebo-iberico\/\" \/>\n<meta property=\"og:site_name\" content=\"Jamones Bl\u00e1zquez\" \/>\n<meta property=\"article:publisher\" content=\"https:\/\/www.facebook.com\/JamonBlazquez\/\" \/>\n<meta property=\"article:modified_time\" content=\"2025-05-16T09:00:47+00:00\" \/>\n<meta property=\"og:image\" content=\"https:\/\/jamonesblazquez.com\/wp-content\/uploads\/2020\/07\/LOMO-DE-CEBO-IBERICO-LONCHEADO.jpg\" \/>\n\t<meta property=\"og:image:width\" content=\"800\" \/>\n\t<meta property=\"og:image:height\" content=\"800\" \/>\n\t<meta property=\"og:image:type\" content=\"image\/jpeg\" \/>\n<meta name=\"twitter:card\" content=\"summary_large_image\" \/>\n<meta name=\"twitter:site\" content=\"@jamonblazquez\" \/>\n<meta name=\"twitter:label1\" content=\"Tiempo de lectura\" \/>\n\t<meta name=\"twitter:data1\" content=\"1 minuto\" \/>\n<script type=\"application\/ld+json\" class=\"yoast-schema-graph\">{\"@context\":\"https:\/\/schema.org\",\"@graph\":[{\"@type\":[\"WebPage\",\"ItemPage\"],\"@id\":\"https:\/\/jamonesblazquez.com\/es\/Producto\/loncheado-de-lomo-de-cebo-iberico\/\",\"url\":\"https:\/\/jamonesblazquez.com\/es\/Producto\/loncheado-de-lomo-de-cebo-iberico\/\",\"name\":\"Comprar Loncheado de Lomo de Cebo Ib\u00e9rico - Jamones Bl\u00e1zquez\",\"isPartOf\":{\"@id\":\"https:\/\/jamonesblazquez.com\/es\/#website\"},\"primaryImageOfPage\":{\"@id\":\"https:\/\/jamonesblazquez.com\/es\/Producto\/loncheado-de-lomo-de-cebo-iberico\/#primaryimage\"},\"image\":{\"@id\":\"https:\/\/jamonesblazquez.com\/es\/Producto\/loncheado-de-lomo-de-cebo-iberico\/#primaryimage\"},\"thumbnailUrl\":\"https:\/\/jamonesblazquez.com\/wp-content\/uploads\/2020\/07\/LOMO-DE-CEBO-IBERICO-LONCHEADO.jpg\",\"datePublished\":\"2023-09-25T10:18:08+00:00\",\"dateModified\":\"2025-05-16T09:00:47+00:00\",\"description\":\"El lomo de cebo ib\u00e9rico Bl\u00e1zquez, con una curaci\u00f3n en bodega de 3 meses, es un verdadero deleite para los amantes de la gastronom\u00eda.\",\"breadcrumb\":{\"@id\":\"https:\/\/jamonesblazquez.com\/es\/Producto\/loncheado-de-lomo-de-cebo-iberico\/#breadcrumb\"},\"inLanguage\":\"es\",\"potentialAction\":[{\"@type\":\"ReadAction\",\"target\":[\"https:\/\/jamonesblazquez.com\/es\/Producto\/loncheado-de-lomo-de-cebo-iberico\/\"]}]},{\"@type\":\"ImageObject\",\"inLanguage\":\"es\",\"@id\":\"https:\/\/jamonesblazquez.com\/es\/Producto\/loncheado-de-lomo-de-cebo-iberico\/#primaryimage\",\"url\":\"https:\/\/jamonesblazquez.com\/wp-content\/uploads\/2020\/07\/LOMO-DE-CEBO-IBERICO-LONCHEADO.jpg\",\"contentUrl\":\"https:\/\/jamonesblazquez.com\/wp-content\/uploads\/2020\/07\/LOMO-DE-CEBO-IBERICO-LONCHEADO.jpg\",\"width\":800,\"height\":800,\"caption\":\"LOMO DE CEBO IB\u00c9RICO LONCHEADO\"},{\"@type\":\"BreadcrumbList\",\"@id\":\"https:\/\/jamonesblazquez.com\/es\/Producto\/loncheado-de-lomo-de-cebo-iberico\/#breadcrumb\",\"itemListElement\":[{\"@type\":\"ListItem\",\"position\":1,\"name\":\"Portada\",\"item\":\"https:\/\/jamonesblazquez.com\/es\/\"},{\"@type\":\"ListItem\",\"position\":2,\"name\":\"Tienda online\",\"item\":\"https:\/\/jamonesblazquez.com\/es\/?page_id=1992\"},{\"@type\":\"ListItem\",\"position\":3,\"name\":\"Loncheado de Lomo de Cebo Ib\u00e9rico\"}]},{\"@type\":\"WebSite\",\"@id\":\"https:\/\/jamonesblazquez.com\/es\/#website\",\"url\":\"https:\/\/jamonesblazquez.com\/es\/\",\"name\":\"Jamones Bl\u00e1zquez\",\"description\":\"Obedece a la Tentaci\u00f3n!\",\"publisher\":{\"@id\":\"https:\/\/jamonesblazquez.com\/es\/#organization\"},\"potentialAction\":[{\"@type\":\"SearchAction\",\"target\":{\"@type\":\"EntryPoint\",\"urlTemplate\":\"https:\/\/jamonesblazquez.com\/es\/?s={search_term_string}\"},\"query-input\":{\"@type\":\"PropertyValueSpecification\",\"valueRequired\":true,\"valueName\":\"search_term_string\"}}],\"inLanguage\":\"es\"},{\"@type\":\"Organization\",\"@id\":\"https:\/\/jamonesblazquez.com\/es\/#organization\",\"name\":\"Jamones Bl\u00e1zquez\",\"url\":\"https:\/\/jamonesblazquez.com\/es\/\",\"logo\":{\"@type\":\"ImageObject\",\"inLanguage\":\"es\",\"@id\":\"https:\/\/jamonesblazquez.com\/es\/#\/schema\/logo\/image\/\",\"url\":\"https:\/\/jamonesblazquez.com\/wp-content\/uploads\/2019\/02\/Logo_Blazquez.png\",\"contentUrl\":\"https:\/\/jamonesblazquez.com\/wp-content\/uploads\/2019\/02\/Logo_Blazquez.png\",\"width\":500,\"height\":132,\"caption\":\"Jamones Bl\u00e1zquez\"},\"image\":{\"@id\":\"https:\/\/jamonesblazquez.com\/es\/#\/schema\/logo\/image\/\"},\"sameAs\":[\"https:\/\/www.facebook.com\/JamonBlazquez\/\",\"https:\/\/x.com\/jamonblazquez\",\"https:\/\/www.instagram.com\/jamonblazquez\/\",\"https:\/\/www.linkedin.com\/company\/10190869\/admin\/\"]}]}<\/script>\n<!-- \/ Yoast SEO plugin. -->","yoast_head_json":{"title":"Comprar Loncheado de Lomo de Cebo Ib\u00e9rico - Jamones Bl\u00e1zquez","description":"El lomo de cebo ib\u00e9rico Bl\u00e1zquez, con una curaci\u00f3n en bodega de 3 meses, es un verdadero deleite para los amantes de la gastronom\u00eda.","robots":{"index":"index","follow":"follow","max-snippet":"max-snippet:-1","max-image-preview":"max-image-preview:large","max-video-preview":"max-video-preview:-1"},"canonical":"https:\/\/jamonesblazquez.com\/es\/Producto\/loncheado-de-lomo-de-cebo-iberico\/","og_locale":"es_ES","og_type":"article","og_title":"Comprar Loncheado de Lomo de Cebo Ib\u00e9rico - Jamones Bl\u00e1zquez","og_description":"El lomo de cebo ib\u00e9rico Bl\u00e1zquez, con una curaci\u00f3n en bodega de 3 meses, es un verdadero deleite para los amantes de la gastronom\u00eda.","og_url":"https:\/\/jamonesblazquez.com\/es\/Producto\/loncheado-de-lomo-de-cebo-iberico\/","og_site_name":"Jamones Bl\u00e1zquez","article_publisher":"https:\/\/www.facebook.com\/JamonBlazquez\/","article_modified_time":"2025-05-16T09:00:47+00:00","og_image":[{"width":800,"height":800,"url":"https:\/\/jamonesblazquez.com\/wp-content\/uploads\/2020\/07\/LOMO-DE-CEBO-IBERICO-LONCHEADO.jpg","type":"image\/jpeg"}],"twitter_card":"summary_large_image","twitter_site":"@jamonblazquez","twitter_misc":{"Tiempo de lectura":"1 minuto"},"schema":{"@context":"https:\/\/schema.org","@graph":[{"@type":["WebPage","ItemPage"],"@id":"https:\/\/jamonesblazquez.com\/es\/Producto\/loncheado-de-lomo-de-cebo-iberico\/","url":"https:\/\/jamonesblazquez.com\/es\/Producto\/loncheado-de-lomo-de-cebo-iberico\/","name":"Comprar Loncheado de Lomo de Cebo Ib\u00e9rico - Jamones Bl\u00e1zquez","isPartOf":{"@id":"https:\/\/jamonesblazquez.com\/es\/#website"},"primaryImageOfPage":{"@id":"https:\/\/jamonesblazquez.com\/es\/Producto\/loncheado-de-lomo-de-cebo-iberico\/#primaryimage"},"image":{"@id":"https:\/\/jamonesblazquez.com\/es\/Producto\/loncheado-de-lomo-de-cebo-iberico\/#primaryimage"},"thumbnailUrl":"https:\/\/jamonesblazquez.com\/wp-content\/uploads\/2020\/07\/LOMO-DE-CEBO-IBERICO-LONCHEADO.jpg","datePublished":"2023-09-25T10:18:08+00:00","dateModified":"2025-05-16T09:00:47+00:00","description":"El lomo de cebo ib\u00e9rico Bl\u00e1zquez, con una curaci\u00f3n en bodega de 3 meses, es un verdadero deleite para los amantes de la gastronom\u00eda.","breadcrumb":{"@id":"https:\/\/jamonesblazquez.com\/es\/Producto\/loncheado-de-lomo-de-cebo-iberico\/#breadcrumb"},"inLanguage":"es","potentialAction":[{"@type":"ReadAction","target":["https:\/\/jamonesblazquez.com\/es\/Producto\/loncheado-de-lomo-de-cebo-iberico\/"]}]},{"@type":"ImageObject","inLanguage":"es","@id":"https:\/\/jamonesblazquez.com\/es\/Producto\/loncheado-de-lomo-de-cebo-iberico\/#primaryimage","url":"https:\/\/jamonesblazquez.com\/wp-content\/uploads\/2020\/07\/LOMO-DE-CEBO-IBERICO-LONCHEADO.jpg","contentUrl":"https:\/\/jamonesblazquez.com\/wp-content\/uploads\/2020\/07\/LOMO-DE-CEBO-IBERICO-LONCHEADO.jpg","width":800,"height":800,"caption":"LOMO DE CEBO IB\u00c9RICO LONCHEADO"},{"@type":"BreadcrumbList","@id":"https:\/\/jamonesblazquez.com\/es\/Producto\/loncheado-de-lomo-de-cebo-iberico\/#breadcrumb","itemListElement":[{"@type":"ListItem","position":1,"name":"Portada","item":"https:\/\/jamonesblazquez.com\/es\/"},{"@type":"ListItem","position":2,"name":"Tienda online","item":"https:\/\/jamonesblazquez.com\/es\/?page_id=1992"},{"@type":"ListItem","position":3,"name":"Loncheado de Lomo de Cebo Ib\u00e9rico"}]},{"@type":"WebSite","@id":"https:\/\/jamonesblazquez.com\/es\/#website","url":"https:\/\/jamonesblazquez.com\/es\/","name":"Jamones Bl\u00e1zquez","description":"Obedece a la Tentaci\u00f3n!","publisher":{"@id":"https:\/\/jamonesblazquez.com\/es\/#organization"},"potentialAction":[{"@type":"SearchAction","target":{"@type":"EntryPoint","urlTemplate":"https:\/\/jamonesblazquez.com\/es\/?s={search_term_string}"},"query-input":{"@type":"PropertyValueSpecification","valueRequired":true,"valueName":"search_term_string"}}],"inLanguage":"es"},{"@type":"Organization","@id":"https:\/\/jamonesblazquez.com\/es\/#organization","name":"Jamones Bl\u00e1zquez","url":"https:\/\/jamonesblazquez.com\/es\/","logo":{"@type":"ImageObject","inLanguage":"es","@id":"https:\/\/jamonesblazquez.com\/es\/#\/schema\/logo\/image\/","url":"https:\/\/jamonesblazquez.com\/wp-content\/uploads\/2019\/02\/Logo_Blazquez.png","contentUrl":"https:\/\/jamonesblazquez.com\/wp-content\/uploads\/2019\/02\/Logo_Blazquez.png","width":500,"height":132,"caption":"Jamones Bl\u00e1zquez"},"image":{"@id":"https:\/\/jamonesblazquez.com\/es\/#\/schema\/logo\/image\/"},"sameAs":["https:\/\/www.facebook.com\/JamonBlazquez\/","https:\/\/x.com\/jamonblazquez","https:\/\/www.instagram.com\/jamonblazquez\/","https:\/\/www.linkedin.com\/company\/10190869\/admin\/"]}]}},"_links":{"self":[{"href":"https:\/\/jamonesblazquez.com\/es\/wp-json\/wp\/v2\/product\/7247","targetHints":{"allow":["GET"]}}],"collection":[{"href":"https:\/\/jamonesblazquez.com\/es\/wp-json\/wp\/v2\/product"}],"about":[{"href":"https:\/\/jamonesblazquez.com\/es\/wp-json\/wp\/v2\/types\/product"}],"wp:featuredmedia":[{"embeddable":true,"href":"https:\/\/jamonesblazquez.com\/es\/wp-json\/wp\/v2\/media\/7241"}],"wp:attachment":[{"href":"https:\/\/jamonesblazquez.com\/es\/wp-json\/wp\/v2\/media?parent=7247"}],"wp:term":[{"taxonomy":"product_brand","embeddable":true,"href":"https:\/\/jamonesblazquez.com\/es\/wp-json\/wp\/v2\/product_brand?post=7247"},{"taxonomy":"product_cat","embeddable":true,"href":"https:\/\/jamonesblazquez.com\/es\/wp-json\/wp\/v2\/product_cat?post=7247"},{"taxonomy":"product_tag","embeddable":true,"href":"https:\/\/jamonesblazquez.com\/es\/wp-json\/wp\/v2\/product_tag?post=7247"}],"curies":[{"name":"wp","href":"https:\/\/api.w.org\/{rel}","templated":true}]}}