{"id":7249,"date":"2023-09-25T12:47:06","date_gmt":"2023-09-25T10:47:06","guid":{"rendered":"https:\/\/www.jamonesblazquez.com\/?post_type=product&#038;p=7249"},"modified":"2025-05-16T11:00:51","modified_gmt":"2025-05-16T09:00:51","slug":"lomo-de-cebo-iberico-mitad","status":"publish","type":"product","link":"https:\/\/jamonesblazquez.com\/es\/Producto\/lomo-de-cebo-iberico-mitad\/","title":{"rendered":"Lomo de Cebo Ib\u00e9rico 50% RAZA IB\u00c9RICA (MITAD)"},"content":{"rendered":"<div class=\"wpb-content-wrapper\"><p>[vc_row css_animation=\u00bb\u00bb row_type=\u00bbrow\u00bb use_row_as_full_screen_section=\u00bbno\u00bb type=\u00bbfull_width\u00bb angled_section=\u00bbno\u00bb text_align=\u00bbleft\u00bb background_image_as_pattern=\u00bbwithout_pattern\u00bb][vc_column][vc_column_text]Sum\u00e9rgete en una experiencia culinaria diferente con el lomo de cebo ib\u00e9rico Bl\u00e1zquez. Procede de nuestros cerdos de raza ib\u00e9rica, con una alimentaci\u00f3n basada en piensos elaborados por cereales y leguminosas. El cuidadoso proceso de elaboraci\u00f3n, fiel a la tradici\u00f3n artesanal de la familia Bl\u00e1zquez, garantiza una pieza de m\u00e1xima calidad, donde la veta de grasa infiltrada ofrece un sabor inigualable y una jugosidad extraordinaria. Con una curaci\u00f3n de 3 meses en bodega.<\/p>\n<p><span class=\"prd-glutenfree\">SIN GLUTEN<\/span><span class=\"prd-sinlactosa\"> SIN LACTOSA<\/span><\/p>\n<h3>INGREDIENTES<\/h3>\n<p>Lomo de cerdo, sal, piment\u00f3n, dextrosa, az\u00facar, especias, conservantes (E-250 y E-252) y antioxidante (E-301).&#8217; + CHAR(13) + CHAR(10) + &#8216;Envoltura artificial no comestible.<\/p>\n<h3>VALORES NUTRICIONALES (en 100g)<\/h3>\n<p>Valor energ\u00e9tico: 1634 kJ \/ 390 kcal<br \/>\nGrasas (g): 29<br \/>\n&#8211; De las cuales saturadas (g): 12<br \/>\nHidratos de carbono (g): 0,9<br \/>\n&#8211; De los cuales az\u00facares: (g): &lt;0,5<br \/>\nProte\u00ednas (g): 31<br \/>\nSal (g): 3,5<\/p>\n<div id=\"gtx-trans\" style=\"position: absolute; left: 13px; top: 263.516px;\">\n<div class=\"gtx-trans-icon\"><\/div>\n<\/div>\n<p>[\/vc_column_text][\/vc_column][\/vc_row]<\/p>\n<\/div>","protected":false},"excerpt":{"rendered":"<p>El lomo de cebo ib\u00e9rico Bl\u00e1zquez, con una curaci\u00f3n en bodega de 3 meses, es un verdadero deleite para los amantes de la gastronom\u00eda.<\/p>\n","protected":false},"featured_media":7251,"template":"","meta":[],"product_brand":[],"product_cat":[674,677],"product_tag":[],"class_list":{"0":"post-7249","1":"product","2":"type-product","3":"status-publish","4":"has-post-thumbnail","6":"product_cat-embutidos","7":"product_cat-lomo","9":"first","10":"instock","11":"taxable","12":"shipping-taxable","13":"product-type-simple"},"yoast_head":"<!-- This site is optimized with the Yoast SEO plugin v27.1.1 - https:\/\/yoast.com\/product\/yoast-seo-wordpress\/ -->\n<title>Comprar Lomo de Cebo Ib\u00e9rico 50% RAZA IB\u00c9RICA (MITAD) - Jamones Bl\u00e1zquez<\/title>\n<meta name=\"description\" content=\"El lomo de cebo ib\u00e9rico Bl\u00e1zquez, con una curaci\u00f3n en bodega de 3 meses, es un verdadero deleite para los amantes de la gastronom\u00eda.\" \/>\n<meta name=\"robots\" content=\"index, follow, max-snippet:-1, max-image-preview:large, max-video-preview:-1\" \/>\n<link rel=\"canonical\" href=\"https:\/\/jamonesblazquez.com\/es\/Producto\/lomo-de-cebo-iberico-mitad\/\" \/>\n<meta property=\"og:locale\" content=\"es_ES\" \/>\n<meta property=\"og:type\" content=\"article\" \/>\n<meta property=\"og:title\" content=\"Comprar Lomo de Cebo Ib\u00e9rico 50% RAZA IB\u00c9RICA (MITAD) - Jamones Bl\u00e1zquez\" \/>\n<meta property=\"og:description\" content=\"El lomo de cebo ib\u00e9rico Bl\u00e1zquez, con una curaci\u00f3n en bodega de 3 meses, es un verdadero deleite para los amantes de la gastronom\u00eda.\" \/>\n<meta property=\"og:url\" content=\"https:\/\/jamonesblazquez.com\/es\/Producto\/lomo-de-cebo-iberico-mitad\/\" \/>\n<meta property=\"og:site_name\" content=\"Jamones Bl\u00e1zquez\" \/>\n<meta property=\"article:publisher\" content=\"https:\/\/www.facebook.com\/JamonBlazquez\/\" \/>\n<meta property=\"article:modified_time\" content=\"2025-05-16T09:00:51+00:00\" \/>\n<meta property=\"og:image\" content=\"https:\/\/jamonesblazquez.com\/wp-content\/uploads\/2023\/09\/LOMO-DE-CEBO-IBERICO-ADMIRACION-MITAD.jpg\" \/>\n\t<meta property=\"og:image:width\" content=\"800\" \/>\n\t<meta property=\"og:image:height\" content=\"800\" \/>\n\t<meta property=\"og:image:type\" content=\"image\/jpeg\" \/>\n<meta name=\"twitter:card\" content=\"summary_large_image\" \/>\n<meta name=\"twitter:site\" content=\"@jamonblazquez\" \/>\n<meta name=\"twitter:label1\" content=\"Tiempo de lectura\" \/>\n\t<meta name=\"twitter:data1\" content=\"1 minuto\" \/>\n<script type=\"application\/ld+json\" class=\"yoast-schema-graph\">{\"@context\":\"https:\/\/schema.org\",\"@graph\":[{\"@type\":[\"WebPage\",\"ItemPage\"],\"@id\":\"https:\/\/jamonesblazquez.com\/es\/Producto\/lomo-de-cebo-iberico-mitad\/\",\"url\":\"https:\/\/jamonesblazquez.com\/es\/Producto\/lomo-de-cebo-iberico-mitad\/\",\"name\":\"Comprar Lomo de Cebo Ib\u00e9rico 50% RAZA IB\u00c9RICA (MITAD) - Jamones Bl\u00e1zquez\",\"isPartOf\":{\"@id\":\"https:\/\/jamonesblazquez.com\/es\/#website\"},\"primaryImageOfPage\":{\"@id\":\"https:\/\/jamonesblazquez.com\/es\/Producto\/lomo-de-cebo-iberico-mitad\/#primaryimage\"},\"image\":{\"@id\":\"https:\/\/jamonesblazquez.com\/es\/Producto\/lomo-de-cebo-iberico-mitad\/#primaryimage\"},\"thumbnailUrl\":\"https:\/\/jamonesblazquez.com\/wp-content\/uploads\/2023\/09\/LOMO-DE-CEBO-IBERICO-ADMIRACION-MITAD.jpg\",\"datePublished\":\"2023-09-25T10:47:06+00:00\",\"dateModified\":\"2025-05-16T09:00:51+00:00\",\"description\":\"El lomo de cebo ib\u00e9rico Bl\u00e1zquez, con una curaci\u00f3n en bodega de 3 meses, es un verdadero deleite para los amantes de la gastronom\u00eda.\",\"breadcrumb\":{\"@id\":\"https:\/\/jamonesblazquez.com\/es\/Producto\/lomo-de-cebo-iberico-mitad\/#breadcrumb\"},\"inLanguage\":\"es\",\"potentialAction\":[{\"@type\":\"ReadAction\",\"target\":[\"https:\/\/jamonesblazquez.com\/es\/Producto\/lomo-de-cebo-iberico-mitad\/\"]}]},{\"@type\":\"ImageObject\",\"inLanguage\":\"es\",\"@id\":\"https:\/\/jamonesblazquez.com\/es\/Producto\/lomo-de-cebo-iberico-mitad\/#primaryimage\",\"url\":\"https:\/\/jamonesblazquez.com\/wp-content\/uploads\/2023\/09\/LOMO-DE-CEBO-IBERICO-ADMIRACION-MITAD.jpg\",\"contentUrl\":\"https:\/\/jamonesblazquez.com\/wp-content\/uploads\/2023\/09\/LOMO-DE-CEBO-IBERICO-ADMIRACION-MITAD.jpg\",\"width\":800,\"height\":800,\"caption\":\"LOMO DE CEBO IB\u00c9RICO\"},{\"@type\":\"BreadcrumbList\",\"@id\":\"https:\/\/jamonesblazquez.com\/es\/Producto\/lomo-de-cebo-iberico-mitad\/#breadcrumb\",\"itemListElement\":[{\"@type\":\"ListItem\",\"position\":1,\"name\":\"Portada\",\"item\":\"https:\/\/jamonesblazquez.com\/es\/\"},{\"@type\":\"ListItem\",\"position\":2,\"name\":\"Tienda online\",\"item\":\"https:\/\/jamonesblazquez.com\/es\/?page_id=1992\"},{\"@type\":\"ListItem\",\"position\":3,\"name\":\"Lomo de Cebo Ib\u00e9rico 50% RAZA IB\u00c9RICA (MITAD)\"}]},{\"@type\":\"WebSite\",\"@id\":\"https:\/\/jamonesblazquez.com\/es\/#website\",\"url\":\"https:\/\/jamonesblazquez.com\/es\/\",\"name\":\"Jamones Bl\u00e1zquez\",\"description\":\"Obedece a la Tentaci\u00f3n!\",\"publisher\":{\"@id\":\"https:\/\/jamonesblazquez.com\/es\/#organization\"},\"potentialAction\":[{\"@type\":\"SearchAction\",\"target\":{\"@type\":\"EntryPoint\",\"urlTemplate\":\"https:\/\/jamonesblazquez.com\/es\/?s={search_term_string}\"},\"query-input\":{\"@type\":\"PropertyValueSpecification\",\"valueRequired\":true,\"valueName\":\"search_term_string\"}}],\"inLanguage\":\"es\"},{\"@type\":\"Organization\",\"@id\":\"https:\/\/jamonesblazquez.com\/es\/#organization\",\"name\":\"Jamones Bl\u00e1zquez\",\"url\":\"https:\/\/jamonesblazquez.com\/es\/\",\"logo\":{\"@type\":\"ImageObject\",\"inLanguage\":\"es\",\"@id\":\"https:\/\/jamonesblazquez.com\/es\/#\/schema\/logo\/image\/\",\"url\":\"https:\/\/jamonesblazquez.com\/wp-content\/uploads\/2019\/02\/Logo_Blazquez.png\",\"contentUrl\":\"https:\/\/jamonesblazquez.com\/wp-content\/uploads\/2019\/02\/Logo_Blazquez.png\",\"width\":500,\"height\":132,\"caption\":\"Jamones Bl\u00e1zquez\"},\"image\":{\"@id\":\"https:\/\/jamonesblazquez.com\/es\/#\/schema\/logo\/image\/\"},\"sameAs\":[\"https:\/\/www.facebook.com\/JamonBlazquez\/\",\"https:\/\/x.com\/jamonblazquez\",\"https:\/\/www.instagram.com\/jamonblazquez\/\",\"https:\/\/www.linkedin.com\/company\/10190869\/admin\/\"]}]}<\/script>\n<!-- \/ Yoast SEO plugin. -->","yoast_head_json":{"title":"Comprar Lomo de Cebo Ib\u00e9rico 50% RAZA IB\u00c9RICA (MITAD) - Jamones Bl\u00e1zquez","description":"El lomo de cebo ib\u00e9rico Bl\u00e1zquez, con una curaci\u00f3n en bodega de 3 meses, es un verdadero deleite para los amantes de la gastronom\u00eda.","robots":{"index":"index","follow":"follow","max-snippet":"max-snippet:-1","max-image-preview":"max-image-preview:large","max-video-preview":"max-video-preview:-1"},"canonical":"https:\/\/jamonesblazquez.com\/es\/Producto\/lomo-de-cebo-iberico-mitad\/","og_locale":"es_ES","og_type":"article","og_title":"Comprar Lomo de Cebo Ib\u00e9rico 50% RAZA IB\u00c9RICA (MITAD) - Jamones Bl\u00e1zquez","og_description":"El lomo de cebo ib\u00e9rico Bl\u00e1zquez, con una curaci\u00f3n en bodega de 3 meses, es un verdadero deleite para los amantes de la gastronom\u00eda.","og_url":"https:\/\/jamonesblazquez.com\/es\/Producto\/lomo-de-cebo-iberico-mitad\/","og_site_name":"Jamones Bl\u00e1zquez","article_publisher":"https:\/\/www.facebook.com\/JamonBlazquez\/","article_modified_time":"2025-05-16T09:00:51+00:00","og_image":[{"width":800,"height":800,"url":"https:\/\/jamonesblazquez.com\/wp-content\/uploads\/2023\/09\/LOMO-DE-CEBO-IBERICO-ADMIRACION-MITAD.jpg","type":"image\/jpeg"}],"twitter_card":"summary_large_image","twitter_site":"@jamonblazquez","twitter_misc":{"Tiempo de lectura":"1 minuto"},"schema":{"@context":"https:\/\/schema.org","@graph":[{"@type":["WebPage","ItemPage"],"@id":"https:\/\/jamonesblazquez.com\/es\/Producto\/lomo-de-cebo-iberico-mitad\/","url":"https:\/\/jamonesblazquez.com\/es\/Producto\/lomo-de-cebo-iberico-mitad\/","name":"Comprar Lomo de Cebo Ib\u00e9rico 50% RAZA IB\u00c9RICA (MITAD) - Jamones Bl\u00e1zquez","isPartOf":{"@id":"https:\/\/jamonesblazquez.com\/es\/#website"},"primaryImageOfPage":{"@id":"https:\/\/jamonesblazquez.com\/es\/Producto\/lomo-de-cebo-iberico-mitad\/#primaryimage"},"image":{"@id":"https:\/\/jamonesblazquez.com\/es\/Producto\/lomo-de-cebo-iberico-mitad\/#primaryimage"},"thumbnailUrl":"https:\/\/jamonesblazquez.com\/wp-content\/uploads\/2023\/09\/LOMO-DE-CEBO-IBERICO-ADMIRACION-MITAD.jpg","datePublished":"2023-09-25T10:47:06+00:00","dateModified":"2025-05-16T09:00:51+00:00","description":"El lomo de cebo ib\u00e9rico Bl\u00e1zquez, con una curaci\u00f3n en bodega de 3 meses, es un verdadero deleite para los amantes de la gastronom\u00eda.","breadcrumb":{"@id":"https:\/\/jamonesblazquez.com\/es\/Producto\/lomo-de-cebo-iberico-mitad\/#breadcrumb"},"inLanguage":"es","potentialAction":[{"@type":"ReadAction","target":["https:\/\/jamonesblazquez.com\/es\/Producto\/lomo-de-cebo-iberico-mitad\/"]}]},{"@type":"ImageObject","inLanguage":"es","@id":"https:\/\/jamonesblazquez.com\/es\/Producto\/lomo-de-cebo-iberico-mitad\/#primaryimage","url":"https:\/\/jamonesblazquez.com\/wp-content\/uploads\/2023\/09\/LOMO-DE-CEBO-IBERICO-ADMIRACION-MITAD.jpg","contentUrl":"https:\/\/jamonesblazquez.com\/wp-content\/uploads\/2023\/09\/LOMO-DE-CEBO-IBERICO-ADMIRACION-MITAD.jpg","width":800,"height":800,"caption":"LOMO DE CEBO IB\u00c9RICO"},{"@type":"BreadcrumbList","@id":"https:\/\/jamonesblazquez.com\/es\/Producto\/lomo-de-cebo-iberico-mitad\/#breadcrumb","itemListElement":[{"@type":"ListItem","position":1,"name":"Portada","item":"https:\/\/jamonesblazquez.com\/es\/"},{"@type":"ListItem","position":2,"name":"Tienda online","item":"https:\/\/jamonesblazquez.com\/es\/?page_id=1992"},{"@type":"ListItem","position":3,"name":"Lomo de Cebo Ib\u00e9rico 50% RAZA IB\u00c9RICA (MITAD)"}]},{"@type":"WebSite","@id":"https:\/\/jamonesblazquez.com\/es\/#website","url":"https:\/\/jamonesblazquez.com\/es\/","name":"Jamones Bl\u00e1zquez","description":"Obedece a la Tentaci\u00f3n!","publisher":{"@id":"https:\/\/jamonesblazquez.com\/es\/#organization"},"potentialAction":[{"@type":"SearchAction","target":{"@type":"EntryPoint","urlTemplate":"https:\/\/jamonesblazquez.com\/es\/?s={search_term_string}"},"query-input":{"@type":"PropertyValueSpecification","valueRequired":true,"valueName":"search_term_string"}}],"inLanguage":"es"},{"@type":"Organization","@id":"https:\/\/jamonesblazquez.com\/es\/#organization","name":"Jamones Bl\u00e1zquez","url":"https:\/\/jamonesblazquez.com\/es\/","logo":{"@type":"ImageObject","inLanguage":"es","@id":"https:\/\/jamonesblazquez.com\/es\/#\/schema\/logo\/image\/","url":"https:\/\/jamonesblazquez.com\/wp-content\/uploads\/2019\/02\/Logo_Blazquez.png","contentUrl":"https:\/\/jamonesblazquez.com\/wp-content\/uploads\/2019\/02\/Logo_Blazquez.png","width":500,"height":132,"caption":"Jamones Bl\u00e1zquez"},"image":{"@id":"https:\/\/jamonesblazquez.com\/es\/#\/schema\/logo\/image\/"},"sameAs":["https:\/\/www.facebook.com\/JamonBlazquez\/","https:\/\/x.com\/jamonblazquez","https:\/\/www.instagram.com\/jamonblazquez\/","https:\/\/www.linkedin.com\/company\/10190869\/admin\/"]}]}},"_links":{"self":[{"href":"https:\/\/jamonesblazquez.com\/es\/wp-json\/wp\/v2\/product\/7249","targetHints":{"allow":["GET"]}}],"collection":[{"href":"https:\/\/jamonesblazquez.com\/es\/wp-json\/wp\/v2\/product"}],"about":[{"href":"https:\/\/jamonesblazquez.com\/es\/wp-json\/wp\/v2\/types\/product"}],"wp:featuredmedia":[{"embeddable":true,"href":"https:\/\/jamonesblazquez.com\/es\/wp-json\/wp\/v2\/media\/7251"}],"wp:attachment":[{"href":"https:\/\/jamonesblazquez.com\/es\/wp-json\/wp\/v2\/media?parent=7249"}],"wp:term":[{"taxonomy":"product_brand","embeddable":true,"href":"https:\/\/jamonesblazquez.com\/es\/wp-json\/wp\/v2\/product_brand?post=7249"},{"taxonomy":"product_cat","embeddable":true,"href":"https:\/\/jamonesblazquez.com\/es\/wp-json\/wp\/v2\/product_cat?post=7249"},{"taxonomy":"product_tag","embeddable":true,"href":"https:\/\/jamonesblazquez.com\/es\/wp-json\/wp\/v2\/product_tag?post=7249"}],"curies":[{"name":"wp","href":"https:\/\/api.w.org\/{rel}","templated":true}]}}