{"id":7285,"date":"2023-09-29T11:34:07","date_gmt":"2023-09-29T09:34:07","guid":{"rendered":"https:\/\/www.jamonesblazquez.com\/?post_type=product&#038;p=7285"},"modified":"2025-05-16T11:00:52","modified_gmt":"2025-05-16T09:00:52","slug":"chorizo-vela-iberico","status":"publish","type":"product","link":"https:\/\/jamonesblazquez.com\/es\/Producto\/chorizo-vela-iberico\/","title":{"rendered":"Chorizo Vela Ib\u00e9rico"},"content":{"rendered":"<p>Embutido curado, elaborado con una mezcla de magro escogido al detalle. Pieza excepcional con forma alargada y fina que permite un consumo sencillo y agradable.<\/p>\n<h3>INGREDIENTES<\/h3>\n<p>Carne y grasa de cerdo, piment\u00f3n, sal, especias, aceite de oliva virgen extra, dextrosa, conservantes (E-250 y E-252), corrector de acidez (E-331 iii) y antioxidante (E-301).&#8217; + CHAR(13) + CHAR(10) + &#8216;Envoltura artificial no comestible.<\/p>\n<h3>VALORES NUTRICIONALES (en 100g)<\/h3>\n<p>Valor energ\u00e9tico: 2155 kJ \/ 520 kcal<br \/>\nGrasas (g): 44<br \/>\n&#8211; De las cuales saturadas (g): 18<br \/>\nHidratos de carbono (g): 0,5<br \/>\n&#8211; De los cuales az\u00facares: (g): &lt; 0,5<br \/>\nProte\u00ednas (g): 31<br \/>\nSal (g): 2,9<\/p>\n<div id=\"gtx-trans\" style=\"position: absolute; left: -91px; top: 89.5156px;\">\n<div class=\"gtx-trans-icon\"><\/div>\n<\/div>\n","protected":false},"excerpt":{"rendered":"<p>El chorizo vela ib\u00e9rico, es un aut\u00e9ntico tesoro gastron\u00f3mico que combina a la perfecci\u00f3n la jugosidad de la carne de cerdo ib\u00e9rico con la suavidad de las especias seleccionadas.<\/p>\n","protected":false},"featured_media":7287,"template":"","meta":[],"product_brand":[],"product_cat":[675,674],"product_tag":[],"class_list":{"0":"post-7285","1":"product","2":"type-product","3":"status-publish","4":"has-post-thumbnail","6":"product_cat-chorizo","7":"product_cat-embutidos","9":"first","10":"instock","11":"taxable","12":"shipping-taxable","13":"product-type-simple"},"yoast_head":"<!-- This site is optimized with the Yoast SEO plugin v27.1.1 - https:\/\/yoast.com\/product\/yoast-seo-wordpress\/ -->\n<title>Comprar Chorizo Vela Ib\u00e9rico - Jamones Bl\u00e1zquez<\/title>\n<meta name=\"description\" content=\"El chorizo vela ib\u00e9rico, es un aut\u00e9ntico tesoro gastron\u00f3mico que combina a la perfecci\u00f3n la jugosidad de la carne de cerdo ib\u00e9rico con la suavidad de las especias seleccionadas.\" \/>\n<meta name=\"robots\" content=\"index, follow, max-snippet:-1, max-image-preview:large, max-video-preview:-1\" \/>\n<link rel=\"canonical\" href=\"https:\/\/jamonesblazquez.com\/es\/Producto\/chorizo-vela-iberico\/\" \/>\n<meta property=\"og:locale\" content=\"es_ES\" \/>\n<meta property=\"og:type\" content=\"article\" \/>\n<meta property=\"og:title\" content=\"Comprar Chorizo Vela Ib\u00e9rico - Jamones Bl\u00e1zquez\" \/>\n<meta property=\"og:description\" content=\"El chorizo vela ib\u00e9rico, es un aut\u00e9ntico tesoro gastron\u00f3mico que combina a la perfecci\u00f3n la jugosidad de la carne de cerdo ib\u00e9rico con la suavidad de las especias seleccionadas.\" \/>\n<meta property=\"og:url\" content=\"https:\/\/jamonesblazquez.com\/es\/Producto\/chorizo-vela-iberico\/\" \/>\n<meta property=\"og:site_name\" content=\"Jamones Bl\u00e1zquez\" \/>\n<meta property=\"article:publisher\" content=\"https:\/\/www.facebook.com\/JamonBlazquez\/\" \/>\n<meta property=\"article:modified_time\" content=\"2025-05-16T09:00:52+00:00\" \/>\n<meta property=\"og:image\" content=\"https:\/\/jamonesblazquez.com\/wp-content\/uploads\/2023\/09\/CHORIZO-VELA-1.jpg\" \/>\n\t<meta property=\"og:image:width\" content=\"800\" \/>\n\t<meta property=\"og:image:height\" content=\"800\" \/>\n\t<meta property=\"og:image:type\" content=\"image\/jpeg\" \/>\n<meta name=\"twitter:card\" content=\"summary_large_image\" \/>\n<meta name=\"twitter:site\" content=\"@jamonblazquez\" \/>\n<meta name=\"twitter:label1\" content=\"Tiempo de lectura\" \/>\n\t<meta name=\"twitter:data1\" content=\"1 minuto\" \/>\n<script type=\"application\/ld+json\" class=\"yoast-schema-graph\">{\"@context\":\"https:\/\/schema.org\",\"@graph\":[{\"@type\":[\"WebPage\",\"ItemPage\"],\"@id\":\"https:\/\/jamonesblazquez.com\/es\/Producto\/chorizo-vela-iberico\/\",\"url\":\"https:\/\/jamonesblazquez.com\/es\/Producto\/chorizo-vela-iberico\/\",\"name\":\"Comprar Chorizo Vela Ib\u00e9rico - Jamones Bl\u00e1zquez\",\"isPartOf\":{\"@id\":\"https:\/\/jamonesblazquez.com\/es\/#website\"},\"primaryImageOfPage\":{\"@id\":\"https:\/\/jamonesblazquez.com\/es\/Producto\/chorizo-vela-iberico\/#primaryimage\"},\"image\":{\"@id\":\"https:\/\/jamonesblazquez.com\/es\/Producto\/chorizo-vela-iberico\/#primaryimage\"},\"thumbnailUrl\":\"https:\/\/jamonesblazquez.com\/wp-content\/uploads\/2023\/09\/CHORIZO-VELA-1.jpg\",\"datePublished\":\"2023-09-29T09:34:07+00:00\",\"dateModified\":\"2025-05-16T09:00:52+00:00\",\"description\":\"El chorizo vela ib\u00e9rico, es un aut\u00e9ntico tesoro gastron\u00f3mico que combina a la perfecci\u00f3n la jugosidad de la carne de cerdo ib\u00e9rico con la suavidad de las especias seleccionadas.\",\"breadcrumb\":{\"@id\":\"https:\/\/jamonesblazquez.com\/es\/Producto\/chorizo-vela-iberico\/#breadcrumb\"},\"inLanguage\":\"es\",\"potentialAction\":[{\"@type\":\"ReadAction\",\"target\":[\"https:\/\/jamonesblazquez.com\/es\/Producto\/chorizo-vela-iberico\/\"]}]},{\"@type\":\"ImageObject\",\"inLanguage\":\"es\",\"@id\":\"https:\/\/jamonesblazquez.com\/es\/Producto\/chorizo-vela-iberico\/#primaryimage\",\"url\":\"https:\/\/jamonesblazquez.com\/wp-content\/uploads\/2023\/09\/CHORIZO-VELA-1.jpg\",\"contentUrl\":\"https:\/\/jamonesblazquez.com\/wp-content\/uploads\/2023\/09\/CHORIZO-VELA-1.jpg\",\"width\":800,\"height\":800,\"caption\":\"CHORIZO VELA\"},{\"@type\":\"BreadcrumbList\",\"@id\":\"https:\/\/jamonesblazquez.com\/es\/Producto\/chorizo-vela-iberico\/#breadcrumb\",\"itemListElement\":[{\"@type\":\"ListItem\",\"position\":1,\"name\":\"Portada\",\"item\":\"https:\/\/jamonesblazquez.com\/es\/\"},{\"@type\":\"ListItem\",\"position\":2,\"name\":\"Tienda online\",\"item\":\"https:\/\/jamonesblazquez.com\/es\/?page_id=1992\"},{\"@type\":\"ListItem\",\"position\":3,\"name\":\"Chorizo Vela Ib\u00e9rico\"}]},{\"@type\":\"WebSite\",\"@id\":\"https:\/\/jamonesblazquez.com\/es\/#website\",\"url\":\"https:\/\/jamonesblazquez.com\/es\/\",\"name\":\"Jamones Bl\u00e1zquez\",\"description\":\"Obedece a la Tentaci\u00f3n!\",\"publisher\":{\"@id\":\"https:\/\/jamonesblazquez.com\/es\/#organization\"},\"potentialAction\":[{\"@type\":\"SearchAction\",\"target\":{\"@type\":\"EntryPoint\",\"urlTemplate\":\"https:\/\/jamonesblazquez.com\/es\/?s={search_term_string}\"},\"query-input\":{\"@type\":\"PropertyValueSpecification\",\"valueRequired\":true,\"valueName\":\"search_term_string\"}}],\"inLanguage\":\"es\"},{\"@type\":\"Organization\",\"@id\":\"https:\/\/jamonesblazquez.com\/es\/#organization\",\"name\":\"Jamones Bl\u00e1zquez\",\"url\":\"https:\/\/jamonesblazquez.com\/es\/\",\"logo\":{\"@type\":\"ImageObject\",\"inLanguage\":\"es\",\"@id\":\"https:\/\/jamonesblazquez.com\/es\/#\/schema\/logo\/image\/\",\"url\":\"https:\/\/jamonesblazquez.com\/wp-content\/uploads\/2019\/02\/Logo_Blazquez.png\",\"contentUrl\":\"https:\/\/jamonesblazquez.com\/wp-content\/uploads\/2019\/02\/Logo_Blazquez.png\",\"width\":500,\"height\":132,\"caption\":\"Jamones Bl\u00e1zquez\"},\"image\":{\"@id\":\"https:\/\/jamonesblazquez.com\/es\/#\/schema\/logo\/image\/\"},\"sameAs\":[\"https:\/\/www.facebook.com\/JamonBlazquez\/\",\"https:\/\/x.com\/jamonblazquez\",\"https:\/\/www.instagram.com\/jamonblazquez\/\",\"https:\/\/www.linkedin.com\/company\/10190869\/admin\/\"]}]}<\/script>\n<!-- \/ Yoast SEO plugin. -->","yoast_head_json":{"title":"Comprar Chorizo Vela Ib\u00e9rico - Jamones Bl\u00e1zquez","description":"El chorizo vela ib\u00e9rico, es un aut\u00e9ntico tesoro gastron\u00f3mico que combina a la perfecci\u00f3n la jugosidad de la carne de cerdo ib\u00e9rico con la suavidad de las especias seleccionadas.","robots":{"index":"index","follow":"follow","max-snippet":"max-snippet:-1","max-image-preview":"max-image-preview:large","max-video-preview":"max-video-preview:-1"},"canonical":"https:\/\/jamonesblazquez.com\/es\/Producto\/chorizo-vela-iberico\/","og_locale":"es_ES","og_type":"article","og_title":"Comprar Chorizo Vela Ib\u00e9rico - Jamones Bl\u00e1zquez","og_description":"El chorizo vela ib\u00e9rico, es un aut\u00e9ntico tesoro gastron\u00f3mico que combina a la perfecci\u00f3n la jugosidad de la carne de cerdo ib\u00e9rico con la suavidad de las especias seleccionadas.","og_url":"https:\/\/jamonesblazquez.com\/es\/Producto\/chorizo-vela-iberico\/","og_site_name":"Jamones Bl\u00e1zquez","article_publisher":"https:\/\/www.facebook.com\/JamonBlazquez\/","article_modified_time":"2025-05-16T09:00:52+00:00","og_image":[{"width":800,"height":800,"url":"https:\/\/jamonesblazquez.com\/wp-content\/uploads\/2023\/09\/CHORIZO-VELA-1.jpg","type":"image\/jpeg"}],"twitter_card":"summary_large_image","twitter_site":"@jamonblazquez","twitter_misc":{"Tiempo de lectura":"1 minuto"},"schema":{"@context":"https:\/\/schema.org","@graph":[{"@type":["WebPage","ItemPage"],"@id":"https:\/\/jamonesblazquez.com\/es\/Producto\/chorizo-vela-iberico\/","url":"https:\/\/jamonesblazquez.com\/es\/Producto\/chorizo-vela-iberico\/","name":"Comprar Chorizo Vela Ib\u00e9rico - Jamones Bl\u00e1zquez","isPartOf":{"@id":"https:\/\/jamonesblazquez.com\/es\/#website"},"primaryImageOfPage":{"@id":"https:\/\/jamonesblazquez.com\/es\/Producto\/chorizo-vela-iberico\/#primaryimage"},"image":{"@id":"https:\/\/jamonesblazquez.com\/es\/Producto\/chorizo-vela-iberico\/#primaryimage"},"thumbnailUrl":"https:\/\/jamonesblazquez.com\/wp-content\/uploads\/2023\/09\/CHORIZO-VELA-1.jpg","datePublished":"2023-09-29T09:34:07+00:00","dateModified":"2025-05-16T09:00:52+00:00","description":"El chorizo vela ib\u00e9rico, es un aut\u00e9ntico tesoro gastron\u00f3mico que combina a la perfecci\u00f3n la jugosidad de la carne de cerdo ib\u00e9rico con la suavidad de las especias seleccionadas.","breadcrumb":{"@id":"https:\/\/jamonesblazquez.com\/es\/Producto\/chorizo-vela-iberico\/#breadcrumb"},"inLanguage":"es","potentialAction":[{"@type":"ReadAction","target":["https:\/\/jamonesblazquez.com\/es\/Producto\/chorizo-vela-iberico\/"]}]},{"@type":"ImageObject","inLanguage":"es","@id":"https:\/\/jamonesblazquez.com\/es\/Producto\/chorizo-vela-iberico\/#primaryimage","url":"https:\/\/jamonesblazquez.com\/wp-content\/uploads\/2023\/09\/CHORIZO-VELA-1.jpg","contentUrl":"https:\/\/jamonesblazquez.com\/wp-content\/uploads\/2023\/09\/CHORIZO-VELA-1.jpg","width":800,"height":800,"caption":"CHORIZO VELA"},{"@type":"BreadcrumbList","@id":"https:\/\/jamonesblazquez.com\/es\/Producto\/chorizo-vela-iberico\/#breadcrumb","itemListElement":[{"@type":"ListItem","position":1,"name":"Portada","item":"https:\/\/jamonesblazquez.com\/es\/"},{"@type":"ListItem","position":2,"name":"Tienda online","item":"https:\/\/jamonesblazquez.com\/es\/?page_id=1992"},{"@type":"ListItem","position":3,"name":"Chorizo Vela Ib\u00e9rico"}]},{"@type":"WebSite","@id":"https:\/\/jamonesblazquez.com\/es\/#website","url":"https:\/\/jamonesblazquez.com\/es\/","name":"Jamones Bl\u00e1zquez","description":"Obedece a la Tentaci\u00f3n!","publisher":{"@id":"https:\/\/jamonesblazquez.com\/es\/#organization"},"potentialAction":[{"@type":"SearchAction","target":{"@type":"EntryPoint","urlTemplate":"https:\/\/jamonesblazquez.com\/es\/?s={search_term_string}"},"query-input":{"@type":"PropertyValueSpecification","valueRequired":true,"valueName":"search_term_string"}}],"inLanguage":"es"},{"@type":"Organization","@id":"https:\/\/jamonesblazquez.com\/es\/#organization","name":"Jamones Bl\u00e1zquez","url":"https:\/\/jamonesblazquez.com\/es\/","logo":{"@type":"ImageObject","inLanguage":"es","@id":"https:\/\/jamonesblazquez.com\/es\/#\/schema\/logo\/image\/","url":"https:\/\/jamonesblazquez.com\/wp-content\/uploads\/2019\/02\/Logo_Blazquez.png","contentUrl":"https:\/\/jamonesblazquez.com\/wp-content\/uploads\/2019\/02\/Logo_Blazquez.png","width":500,"height":132,"caption":"Jamones Bl\u00e1zquez"},"image":{"@id":"https:\/\/jamonesblazquez.com\/es\/#\/schema\/logo\/image\/"},"sameAs":["https:\/\/www.facebook.com\/JamonBlazquez\/","https:\/\/x.com\/jamonblazquez","https:\/\/www.instagram.com\/jamonblazquez\/","https:\/\/www.linkedin.com\/company\/10190869\/admin\/"]}]}},"_links":{"self":[{"href":"https:\/\/jamonesblazquez.com\/es\/wp-json\/wp\/v2\/product\/7285","targetHints":{"allow":["GET"]}}],"collection":[{"href":"https:\/\/jamonesblazquez.com\/es\/wp-json\/wp\/v2\/product"}],"about":[{"href":"https:\/\/jamonesblazquez.com\/es\/wp-json\/wp\/v2\/types\/product"}],"wp:featuredmedia":[{"embeddable":true,"href":"https:\/\/jamonesblazquez.com\/es\/wp-json\/wp\/v2\/media\/7287"}],"wp:attachment":[{"href":"https:\/\/jamonesblazquez.com\/es\/wp-json\/wp\/v2\/media?parent=7285"}],"wp:term":[{"taxonomy":"product_brand","embeddable":true,"href":"https:\/\/jamonesblazquez.com\/es\/wp-json\/wp\/v2\/product_brand?post=7285"},{"taxonomy":"product_cat","embeddable":true,"href":"https:\/\/jamonesblazquez.com\/es\/wp-json\/wp\/v2\/product_cat?post=7285"},{"taxonomy":"product_tag","embeddable":true,"href":"https:\/\/jamonesblazquez.com\/es\/wp-json\/wp\/v2\/product_tag?post=7285"}],"curies":[{"name":"wp","href":"https:\/\/api.w.org\/{rel}","templated":true}]}}