{"id":7561,"date":"2024-01-09T12:41:43","date_gmt":"2024-01-09T11:41:43","guid":{"rendered":"https:\/\/www.jamonesblazquez.com\/?post_type=product&#038;p=7561"},"modified":"2026-03-30T09:19:48","modified_gmt":"2026-03-30T07:19:48","slug":"lomo-de-bellota-100-iberico-lomo-doblado","status":"publish","type":"product","link":"https:\/\/jamonesblazquez.com\/es\/Producto\/lomo-de-bellota-100-iberico-lomo-doblado\/","title":{"rendered":"Lomo de Bellota 100% Ib\u00e9rico &#8211; Lomo Doblado"},"content":{"rendered":"<div class=\"wpb-content-wrapper\"><p>[vc_row css_animation=\u00bb\u00bb row_type=\u00bbrow\u00bb use_row_as_full_screen_section=\u00bbno\u00bb type=\u00bbfull_width\u00bb angled_section=\u00bbno\u00bb text_align=\u00bbleft\u00bb background_image_as_pattern=\u00bbwithout_pattern\u00bb][vc_column][vc_column_text]Nuestro lomo de bellota 100% ib\u00e9rico es una obra artesanal elaborada con esmero y tradici\u00f3n. Durante su proceso de curaci\u00f3n de 6 meses en nuestras bodegas, el lomo se embucha y es atado con destreza. La atadura con cuerda, transmitida de generaci\u00f3n en generaci\u00f3n, preservar la integridad del producto. Este cuidadoso proceso resulta en un lomo excepcional que fusiona la tradici\u00f3n con la calidad del cerdo alimentado con bellota y de raza 100% ib\u00e9rica, en el que se prescinde del piment\u00f3n y se incorpora una sutil nota de la pimienta.<\/p>\n<p>&nbsp;<\/p>\n<h3>INGREDIENTES<\/h3>\n<p>Lomo de cerdo, sal, especias, az\u00facar, conservadores (E-250 y E-252), dextrosa y antioxidante (E-301). Envoltura artificial no comestible<\/p>\n<h3>VALORES NUTRICIONALES (en 100g)<\/h3>\n<p>Valor energ\u00e9tico: 1366 kJ \/ 326 kcal<br \/>\nGrasas (g): 17<br \/>\n&#8211; De las cuales saturadas (g): 6,6<br \/>\nHidratos de carbono (g): 1,6<br \/>\n&#8211; De los cuales az\u00facares: (g): &lt;0,5<br \/>\nProte\u00ednas (g): 42<br \/>\nSal (g): 2,7[\/vc_column_text][\/vc_column][\/vc_row]<\/p>\n<\/div>","protected":false},"excerpt":{"rendered":"<p>Sum\u00e9rgete en la tradici\u00f3n, la calidad y el sabor incomparable de nuestro Lomo de Bellota 100% Ib\u00e9rico &#8211; Lomo Doblado. Un deleite gastron\u00f3mico que celebra la artesan\u00eda y la excelencia en cada loncha.<\/p>\n","protected":false},"featured_media":7588,"template":"","meta":[],"product_brand":[],"product_cat":[674,677],"product_tag":[],"class_list":{"0":"post-7561","1":"product","2":"type-product","3":"status-publish","4":"has-post-thumbnail","6":"product_cat-embutidos","7":"product_cat-lomo","9":"first","10":"outofstock","11":"taxable","12":"shipping-taxable","13":"product-type-simple"},"yoast_head":"<!-- This site is optimized with the Yoast SEO plugin v27.1.1 - https:\/\/yoast.com\/product\/yoast-seo-wordpress\/ -->\n<title>Comprar Lomo de Bellota 100% Ib\u00e9rico - Lomo Doblado - Jamones Bl\u00e1zquez<\/title>\n<meta name=\"description\" content=\"Sum\u00e9rgete en la tradici\u00f3n, la calidad y el sabor incomparable de nuestro Lomo de Bellota 100% Ib\u00e9rico - Lomo Doblado. Un deleite gastron\u00f3mico que celebra la artesan\u00eda y la excelencia en cada loncha.\" \/>\n<meta name=\"robots\" content=\"index, follow, max-snippet:-1, max-image-preview:large, max-video-preview:-1\" \/>\n<link rel=\"canonical\" href=\"https:\/\/jamonesblazquez.com\/es\/Producto\/lomo-de-bellota-100-iberico-lomo-doblado\/\" \/>\n<meta property=\"og:locale\" content=\"es_ES\" \/>\n<meta property=\"og:type\" content=\"article\" \/>\n<meta property=\"og:title\" content=\"Comprar Lomo de Bellota 100% Ib\u00e9rico - Lomo Doblado - Jamones Bl\u00e1zquez\" \/>\n<meta property=\"og:description\" content=\"Sum\u00e9rgete en la tradici\u00f3n, la calidad y el sabor incomparable de nuestro Lomo de Bellota 100% Ib\u00e9rico - Lomo Doblado. Un deleite gastron\u00f3mico que celebra la artesan\u00eda y la excelencia en cada loncha.\" \/>\n<meta property=\"og:url\" content=\"https:\/\/jamonesblazquez.com\/es\/Producto\/lomo-de-bellota-100-iberico-lomo-doblado\/\" \/>\n<meta property=\"og:site_name\" content=\"Jamones Bl\u00e1zquez\" \/>\n<meta property=\"article:publisher\" content=\"https:\/\/www.facebook.com\/JamonBlazquez\/\" \/>\n<meta property=\"article:modified_time\" content=\"2026-03-30T07:19:48+00:00\" \/>\n<meta property=\"og:image\" content=\"https:\/\/jamonesblazquez.com\/wp-content\/uploads\/2024\/01\/Lomo-de-Bellota-100-Iberico-Lomo-Doblado-4.jpg\" \/>\n\t<meta property=\"og:image:width\" content=\"800\" \/>\n\t<meta property=\"og:image:height\" content=\"800\" \/>\n\t<meta property=\"og:image:type\" content=\"image\/jpeg\" \/>\n<meta name=\"twitter:card\" content=\"summary_large_image\" \/>\n<meta name=\"twitter:site\" content=\"@jamonblazquez\" \/>\n<meta name=\"twitter:label1\" content=\"Tiempo de lectura\" \/>\n\t<meta name=\"twitter:data1\" content=\"1 minuto\" \/>\n<script type=\"application\/ld+json\" class=\"yoast-schema-graph\">{\"@context\":\"https:\/\/schema.org\",\"@graph\":[{\"@type\":[\"WebPage\",\"ItemPage\"],\"@id\":\"https:\/\/jamonesblazquez.com\/es\/Producto\/lomo-de-bellota-100-iberico-lomo-doblado\/\",\"url\":\"https:\/\/jamonesblazquez.com\/es\/Producto\/lomo-de-bellota-100-iberico-lomo-doblado\/\",\"name\":\"Comprar Lomo de Bellota 100% Ib\u00e9rico - Lomo Doblado - Jamones Bl\u00e1zquez\",\"isPartOf\":{\"@id\":\"https:\/\/jamonesblazquez.com\/es\/#website\"},\"primaryImageOfPage\":{\"@id\":\"https:\/\/jamonesblazquez.com\/es\/Producto\/lomo-de-bellota-100-iberico-lomo-doblado\/#primaryimage\"},\"image\":{\"@id\":\"https:\/\/jamonesblazquez.com\/es\/Producto\/lomo-de-bellota-100-iberico-lomo-doblado\/#primaryimage\"},\"thumbnailUrl\":\"https:\/\/jamonesblazquez.com\/wp-content\/uploads\/2024\/01\/Lomo-de-Bellota-100-Iberico-Lomo-Doblado-4.jpg\",\"datePublished\":\"2024-01-09T11:41:43+00:00\",\"dateModified\":\"2026-03-30T07:19:48+00:00\",\"description\":\"Sum\u00e9rgete en la tradici\u00f3n, la calidad y el sabor incomparable de nuestro Lomo de Bellota 100% Ib\u00e9rico - Lomo Doblado. Un deleite gastron\u00f3mico que celebra la artesan\u00eda y la excelencia en cada loncha.\",\"breadcrumb\":{\"@id\":\"https:\/\/jamonesblazquez.com\/es\/Producto\/lomo-de-bellota-100-iberico-lomo-doblado\/#breadcrumb\"},\"inLanguage\":\"es\",\"potentialAction\":[{\"@type\":\"ReadAction\",\"target\":[\"https:\/\/jamonesblazquez.com\/es\/Producto\/lomo-de-bellota-100-iberico-lomo-doblado\/\"]}]},{\"@type\":\"ImageObject\",\"inLanguage\":\"es\",\"@id\":\"https:\/\/jamonesblazquez.com\/es\/Producto\/lomo-de-bellota-100-iberico-lomo-doblado\/#primaryimage\",\"url\":\"https:\/\/jamonesblazquez.com\/wp-content\/uploads\/2024\/01\/Lomo-de-Bellota-100-Iberico-Lomo-Doblado-4.jpg\",\"contentUrl\":\"https:\/\/jamonesblazquez.com\/wp-content\/uploads\/2024\/01\/Lomo-de-Bellota-100-Iberico-Lomo-Doblado-4.jpg\",\"width\":800,\"height\":800,\"caption\":\"Lomo de Bellota 100% Ib\u00e9rico - Lomo Doblado\"},{\"@type\":\"BreadcrumbList\",\"@id\":\"https:\/\/jamonesblazquez.com\/es\/Producto\/lomo-de-bellota-100-iberico-lomo-doblado\/#breadcrumb\",\"itemListElement\":[{\"@type\":\"ListItem\",\"position\":1,\"name\":\"Portada\",\"item\":\"https:\/\/jamonesblazquez.com\/es\/\"},{\"@type\":\"ListItem\",\"position\":2,\"name\":\"Tienda online\",\"item\":\"https:\/\/jamonesblazquez.com\/es\/?page_id=1992\"},{\"@type\":\"ListItem\",\"position\":3,\"name\":\"Lomo de Bellota 100% Ib\u00e9rico &#8211; Lomo Doblado\"}]},{\"@type\":\"WebSite\",\"@id\":\"https:\/\/jamonesblazquez.com\/es\/#website\",\"url\":\"https:\/\/jamonesblazquez.com\/es\/\",\"name\":\"Jamones Bl\u00e1zquez\",\"description\":\"Obedece a la Tentaci\u00f3n!\",\"publisher\":{\"@id\":\"https:\/\/jamonesblazquez.com\/es\/#organization\"},\"potentialAction\":[{\"@type\":\"SearchAction\",\"target\":{\"@type\":\"EntryPoint\",\"urlTemplate\":\"https:\/\/jamonesblazquez.com\/es\/?s={search_term_string}\"},\"query-input\":{\"@type\":\"PropertyValueSpecification\",\"valueRequired\":true,\"valueName\":\"search_term_string\"}}],\"inLanguage\":\"es\"},{\"@type\":\"Organization\",\"@id\":\"https:\/\/jamonesblazquez.com\/es\/#organization\",\"name\":\"Jamones Bl\u00e1zquez\",\"url\":\"https:\/\/jamonesblazquez.com\/es\/\",\"logo\":{\"@type\":\"ImageObject\",\"inLanguage\":\"es\",\"@id\":\"https:\/\/jamonesblazquez.com\/es\/#\/schema\/logo\/image\/\",\"url\":\"https:\/\/jamonesblazquez.com\/wp-content\/uploads\/2019\/02\/Logo_Blazquez.png\",\"contentUrl\":\"https:\/\/jamonesblazquez.com\/wp-content\/uploads\/2019\/02\/Logo_Blazquez.png\",\"width\":500,\"height\":132,\"caption\":\"Jamones Bl\u00e1zquez\"},\"image\":{\"@id\":\"https:\/\/jamonesblazquez.com\/es\/#\/schema\/logo\/image\/\"},\"sameAs\":[\"https:\/\/www.facebook.com\/JamonBlazquez\/\",\"https:\/\/x.com\/jamonblazquez\",\"https:\/\/www.instagram.com\/jamonblazquez\/\",\"https:\/\/www.linkedin.com\/company\/10190869\/admin\/\"]}]}<\/script>\n<!-- \/ Yoast SEO plugin. -->","yoast_head_json":{"title":"Comprar Lomo de Bellota 100% Ib\u00e9rico - Lomo Doblado - Jamones Bl\u00e1zquez","description":"Sum\u00e9rgete en la tradici\u00f3n, la calidad y el sabor incomparable de nuestro Lomo de Bellota 100% Ib\u00e9rico - Lomo Doblado. Un deleite gastron\u00f3mico que celebra la artesan\u00eda y la excelencia en cada loncha.","robots":{"index":"index","follow":"follow","max-snippet":"max-snippet:-1","max-image-preview":"max-image-preview:large","max-video-preview":"max-video-preview:-1"},"canonical":"https:\/\/jamonesblazquez.com\/es\/Producto\/lomo-de-bellota-100-iberico-lomo-doblado\/","og_locale":"es_ES","og_type":"article","og_title":"Comprar Lomo de Bellota 100% Ib\u00e9rico - Lomo Doblado - Jamones Bl\u00e1zquez","og_description":"Sum\u00e9rgete en la tradici\u00f3n, la calidad y el sabor incomparable de nuestro Lomo de Bellota 100% Ib\u00e9rico - Lomo Doblado. Un deleite gastron\u00f3mico que celebra la artesan\u00eda y la excelencia en cada loncha.","og_url":"https:\/\/jamonesblazquez.com\/es\/Producto\/lomo-de-bellota-100-iberico-lomo-doblado\/","og_site_name":"Jamones Bl\u00e1zquez","article_publisher":"https:\/\/www.facebook.com\/JamonBlazquez\/","article_modified_time":"2026-03-30T07:19:48+00:00","og_image":[{"width":800,"height":800,"url":"https:\/\/jamonesblazquez.com\/wp-content\/uploads\/2024\/01\/Lomo-de-Bellota-100-Iberico-Lomo-Doblado-4.jpg","type":"image\/jpeg"}],"twitter_card":"summary_large_image","twitter_site":"@jamonblazquez","twitter_misc":{"Tiempo de lectura":"1 minuto"},"schema":{"@context":"https:\/\/schema.org","@graph":[{"@type":["WebPage","ItemPage"],"@id":"https:\/\/jamonesblazquez.com\/es\/Producto\/lomo-de-bellota-100-iberico-lomo-doblado\/","url":"https:\/\/jamonesblazquez.com\/es\/Producto\/lomo-de-bellota-100-iberico-lomo-doblado\/","name":"Comprar Lomo de Bellota 100% Ib\u00e9rico - Lomo Doblado - Jamones Bl\u00e1zquez","isPartOf":{"@id":"https:\/\/jamonesblazquez.com\/es\/#website"},"primaryImageOfPage":{"@id":"https:\/\/jamonesblazquez.com\/es\/Producto\/lomo-de-bellota-100-iberico-lomo-doblado\/#primaryimage"},"image":{"@id":"https:\/\/jamonesblazquez.com\/es\/Producto\/lomo-de-bellota-100-iberico-lomo-doblado\/#primaryimage"},"thumbnailUrl":"https:\/\/jamonesblazquez.com\/wp-content\/uploads\/2024\/01\/Lomo-de-Bellota-100-Iberico-Lomo-Doblado-4.jpg","datePublished":"2024-01-09T11:41:43+00:00","dateModified":"2026-03-30T07:19:48+00:00","description":"Sum\u00e9rgete en la tradici\u00f3n, la calidad y el sabor incomparable de nuestro Lomo de Bellota 100% Ib\u00e9rico - Lomo Doblado. Un deleite gastron\u00f3mico que celebra la artesan\u00eda y la excelencia en cada loncha.","breadcrumb":{"@id":"https:\/\/jamonesblazquez.com\/es\/Producto\/lomo-de-bellota-100-iberico-lomo-doblado\/#breadcrumb"},"inLanguage":"es","potentialAction":[{"@type":"ReadAction","target":["https:\/\/jamonesblazquez.com\/es\/Producto\/lomo-de-bellota-100-iberico-lomo-doblado\/"]}]},{"@type":"ImageObject","inLanguage":"es","@id":"https:\/\/jamonesblazquez.com\/es\/Producto\/lomo-de-bellota-100-iberico-lomo-doblado\/#primaryimage","url":"https:\/\/jamonesblazquez.com\/wp-content\/uploads\/2024\/01\/Lomo-de-Bellota-100-Iberico-Lomo-Doblado-4.jpg","contentUrl":"https:\/\/jamonesblazquez.com\/wp-content\/uploads\/2024\/01\/Lomo-de-Bellota-100-Iberico-Lomo-Doblado-4.jpg","width":800,"height":800,"caption":"Lomo de Bellota 100% Ib\u00e9rico - Lomo Doblado"},{"@type":"BreadcrumbList","@id":"https:\/\/jamonesblazquez.com\/es\/Producto\/lomo-de-bellota-100-iberico-lomo-doblado\/#breadcrumb","itemListElement":[{"@type":"ListItem","position":1,"name":"Portada","item":"https:\/\/jamonesblazquez.com\/es\/"},{"@type":"ListItem","position":2,"name":"Tienda online","item":"https:\/\/jamonesblazquez.com\/es\/?page_id=1992"},{"@type":"ListItem","position":3,"name":"Lomo de Bellota 100% Ib\u00e9rico &#8211; Lomo Doblado"}]},{"@type":"WebSite","@id":"https:\/\/jamonesblazquez.com\/es\/#website","url":"https:\/\/jamonesblazquez.com\/es\/","name":"Jamones Bl\u00e1zquez","description":"Obedece a la Tentaci\u00f3n!","publisher":{"@id":"https:\/\/jamonesblazquez.com\/es\/#organization"},"potentialAction":[{"@type":"SearchAction","target":{"@type":"EntryPoint","urlTemplate":"https:\/\/jamonesblazquez.com\/es\/?s={search_term_string}"},"query-input":{"@type":"PropertyValueSpecification","valueRequired":true,"valueName":"search_term_string"}}],"inLanguage":"es"},{"@type":"Organization","@id":"https:\/\/jamonesblazquez.com\/es\/#organization","name":"Jamones Bl\u00e1zquez","url":"https:\/\/jamonesblazquez.com\/es\/","logo":{"@type":"ImageObject","inLanguage":"es","@id":"https:\/\/jamonesblazquez.com\/es\/#\/schema\/logo\/image\/","url":"https:\/\/jamonesblazquez.com\/wp-content\/uploads\/2019\/02\/Logo_Blazquez.png","contentUrl":"https:\/\/jamonesblazquez.com\/wp-content\/uploads\/2019\/02\/Logo_Blazquez.png","width":500,"height":132,"caption":"Jamones Bl\u00e1zquez"},"image":{"@id":"https:\/\/jamonesblazquez.com\/es\/#\/schema\/logo\/image\/"},"sameAs":["https:\/\/www.facebook.com\/JamonBlazquez\/","https:\/\/x.com\/jamonblazquez","https:\/\/www.instagram.com\/jamonblazquez\/","https:\/\/www.linkedin.com\/company\/10190869\/admin\/"]}]}},"_links":{"self":[{"href":"https:\/\/jamonesblazquez.com\/es\/wp-json\/wp\/v2\/product\/7561","targetHints":{"allow":["GET"]}}],"collection":[{"href":"https:\/\/jamonesblazquez.com\/es\/wp-json\/wp\/v2\/product"}],"about":[{"href":"https:\/\/jamonesblazquez.com\/es\/wp-json\/wp\/v2\/types\/product"}],"wp:featuredmedia":[{"embeddable":true,"href":"https:\/\/jamonesblazquez.com\/es\/wp-json\/wp\/v2\/media\/7588"}],"wp:attachment":[{"href":"https:\/\/jamonesblazquez.com\/es\/wp-json\/wp\/v2\/media?parent=7561"}],"wp:term":[{"taxonomy":"product_brand","embeddable":true,"href":"https:\/\/jamonesblazquez.com\/es\/wp-json\/wp\/v2\/product_brand?post=7561"},{"taxonomy":"product_cat","embeddable":true,"href":"https:\/\/jamonesblazquez.com\/es\/wp-json\/wp\/v2\/product_cat?post=7561"},{"taxonomy":"product_tag","embeddable":true,"href":"https:\/\/jamonesblazquez.com\/es\/wp-json\/wp\/v2\/product_tag?post=7561"}],"curies":[{"name":"wp","href":"https:\/\/api.w.org\/{rel}","templated":true}]}}