{"id":7928,"date":"2024-06-18T11:00:46","date_gmt":"2024-06-18T09:00:46","guid":{"rendered":"https:\/\/www.jamonesblazquez.com\/?post_type=product&#038;p=7928"},"modified":"2025-05-16T11:00:52","modified_gmt":"2025-05-16T09:00:52","slug":"ventresca-iberica-curada-blazquez","status":"publish","type":"product","link":"https:\/\/jamonesblazquez.com\/es\/Producto\/ventresca-iberica-curada-blazquez\/","title":{"rendered":"Ventresca Ib\u00e9rica Curada Bl\u00e1zquez"},"content":{"rendered":"<div class=\"wpb-content-wrapper\"><p>[vc_row css_animation=\u00bb\u00bb row_type=\u00bbrow\u00bb use_row_as_full_screen_section=\u00bbno\u00bb type=\u00bbfull_width\u00bb angled_section=\u00bbno\u00bb text_align=\u00bbleft\u00bb background_image_as_pattern=\u00bbwithout_pattern\u00bb][vc_column][vc_column_text]Fusionando innovaci\u00f3n, tradici\u00f3n y la experiencia adquirida durante m\u00e1s de 90 a\u00f1os, hemos creado la \u00ab<strong>Ventresca Ib\u00e9rica Curada Bl\u00e1zquez<\/strong>\u00ab, un embutido excepcional hecho con las mejores piezas de secreto de panceta de cerdo ib\u00e9rico. Curada durante cuatro meses en nuestras propias bodegas, esta ventresca se caracteriza por su incre\u00edble veteado y jugosidad, conservando el aut\u00e9ntico sabor y la textura de la carne.<\/p>\n<p>Dise\u00f1ada para los paladares m\u00e1s exigentes, esta <strong>ventresca<\/strong> ofrece una experiencia gastron\u00f3mica de alta calidad. Su atractiva presentaci\u00f3n visual a\u00f1ade un toque de elegancia, convirti\u00e9ndose en un aut\u00e9ntico deleite para los sentidos. Su producci\u00f3n es limitada, de solo 100 piezas, lo que realza su exclusividad.<\/p>\n<p>&nbsp;<\/p>\n<h3>INGREDIENTES<\/h3>\n<p>Ingredientes: Carne y grasa de cerdo, sal, az\u00facar, especias, dextrosa, dextrina, conservantes (E-250 y E-252) y antioxidante (E-301)<br \/>\nEnvoltura artificial no comestible<\/p>\n<h3>VALORES NUTRICIONALES (en 100g)<\/h3>\n<p>Valor energ\u00e9tico: 3217 kJ \/ 768 kcal<br \/>\nGrasas (g): 80<br \/>\n&#8211; De las cuales saturadas (g): 29<br \/>\nHidratos de carbono (g): 3,2<br \/>\n&#8211; De los cuales az\u00facares: (g): &lt; 0,5<br \/>\nProte\u00ednas (g): 8<br \/>\nSal (g): 1,0[\/vc_column_text][\/vc_column][\/vc_row]<\/p>\n<\/div>","protected":false},"excerpt":{"rendered":"<p>Bl\u00e1zquez presenta la \u00abVentresca Ib\u00e9rica Curada\u00bb, un embutido exclusivo elaborado con piezas de secreto de panceta de cerdo ib\u00e9rico. Destaca por su veteado, jugosidad y exquisito sabor, ideal para los paladares m\u00e1s exigentes.<\/p>\n","protected":false},"featured_media":7930,"template":"","meta":[],"product_brand":[],"product_cat":[674,677],"product_tag":[],"class_list":{"0":"post-7928","1":"product","2":"type-product","3":"status-publish","4":"has-post-thumbnail","6":"product_cat-embutidos","7":"product_cat-lomo","9":"first","10":"instock","11":"taxable","12":"shipping-taxable","13":"product-type-simple"},"yoast_head":"<!-- This site is optimized with the Yoast SEO plugin v27.1.1 - https:\/\/yoast.com\/product\/yoast-seo-wordpress\/ -->\n<title>Comprar Ventresca Ib\u00e9rica Curada Bl\u00e1zquez - Jamones Bl\u00e1zquez<\/title>\n<meta name=\"description\" content=\"Bl\u00e1zquez presenta la &quot;Ventresca Ib\u00e9rica Curada&quot;, un embutido exclusivo elaborado con piezas de secreto de panceta de cerdo ib\u00e9rico. Destaca por su veteado, jugosidad y exquisito sabor, ideal para los paladares m\u00e1s exigentes.\" \/>\n<meta name=\"robots\" content=\"index, follow, max-snippet:-1, max-image-preview:large, max-video-preview:-1\" \/>\n<link rel=\"canonical\" href=\"https:\/\/jamonesblazquez.com\/es\/Producto\/ventresca-iberica-curada-blazquez\/\" \/>\n<meta property=\"og:locale\" content=\"es_ES\" \/>\n<meta property=\"og:type\" content=\"article\" \/>\n<meta property=\"og:title\" content=\"Comprar Ventresca Ib\u00e9rica Curada Bl\u00e1zquez - Jamones Bl\u00e1zquez\" \/>\n<meta property=\"og:description\" content=\"Bl\u00e1zquez presenta la &quot;Ventresca Ib\u00e9rica Curada&quot;, un embutido exclusivo elaborado con piezas de secreto de panceta de cerdo ib\u00e9rico. Destaca por su veteado, jugosidad y exquisito sabor, ideal para los paladares m\u00e1s exigentes.\" \/>\n<meta property=\"og:url\" content=\"https:\/\/jamonesblazquez.com\/es\/Producto\/ventresca-iberica-curada-blazquez\/\" \/>\n<meta property=\"og:site_name\" content=\"Jamones Bl\u00e1zquez\" \/>\n<meta property=\"article:publisher\" content=\"https:\/\/www.facebook.com\/JamonBlazquez\/\" \/>\n<meta property=\"article:modified_time\" content=\"2025-05-16T09:00:52+00:00\" \/>\n<meta property=\"og:image\" content=\"https:\/\/jamonesblazquez.com\/wp-content\/uploads\/2024\/06\/Ventresca-Iberica-Curada-Blazquez-.jpg\" \/>\n\t<meta property=\"og:image:width\" content=\"1400\" \/>\n\t<meta property=\"og:image:height\" content=\"1400\" \/>\n\t<meta property=\"og:image:type\" content=\"image\/jpeg\" \/>\n<meta name=\"twitter:card\" content=\"summary_large_image\" \/>\n<meta name=\"twitter:site\" content=\"@jamonblazquez\" \/>\n<meta name=\"twitter:label1\" content=\"Tiempo de lectura\" \/>\n\t<meta name=\"twitter:data1\" content=\"1 minuto\" \/>\n<script type=\"application\/ld+json\" class=\"yoast-schema-graph\">{\"@context\":\"https:\/\/schema.org\",\"@graph\":[{\"@type\":[\"WebPage\",\"ItemPage\"],\"@id\":\"https:\/\/jamonesblazquez.com\/es\/Producto\/ventresca-iberica-curada-blazquez\/\",\"url\":\"https:\/\/jamonesblazquez.com\/es\/Producto\/ventresca-iberica-curada-blazquez\/\",\"name\":\"Comprar Ventresca Ib\u00e9rica Curada Bl\u00e1zquez - Jamones Bl\u00e1zquez\",\"isPartOf\":{\"@id\":\"https:\/\/jamonesblazquez.com\/es\/#website\"},\"primaryImageOfPage\":{\"@id\":\"https:\/\/jamonesblazquez.com\/es\/Producto\/ventresca-iberica-curada-blazquez\/#primaryimage\"},\"image\":{\"@id\":\"https:\/\/jamonesblazquez.com\/es\/Producto\/ventresca-iberica-curada-blazquez\/#primaryimage\"},\"thumbnailUrl\":\"https:\/\/jamonesblazquez.com\/wp-content\/uploads\/2024\/06\/Ventresca-Iberica-Curada-Blazquez-.jpg\",\"datePublished\":\"2024-06-18T09:00:46+00:00\",\"dateModified\":\"2025-05-16T09:00:52+00:00\",\"description\":\"Bl\u00e1zquez presenta la \\\"Ventresca Ib\u00e9rica Curada\\\", un embutido exclusivo elaborado con piezas de secreto de panceta de cerdo ib\u00e9rico. Destaca por su veteado, jugosidad y exquisito sabor, ideal para los paladares m\u00e1s exigentes.\",\"breadcrumb\":{\"@id\":\"https:\/\/jamonesblazquez.com\/es\/Producto\/ventresca-iberica-curada-blazquez\/#breadcrumb\"},\"inLanguage\":\"es\",\"potentialAction\":[{\"@type\":\"ReadAction\",\"target\":[\"https:\/\/jamonesblazquez.com\/es\/Producto\/ventresca-iberica-curada-blazquez\/\"]}]},{\"@type\":\"ImageObject\",\"inLanguage\":\"es\",\"@id\":\"https:\/\/jamonesblazquez.com\/es\/Producto\/ventresca-iberica-curada-blazquez\/#primaryimage\",\"url\":\"https:\/\/jamonesblazquez.com\/wp-content\/uploads\/2024\/06\/Ventresca-Iberica-Curada-Blazquez-.jpg\",\"contentUrl\":\"https:\/\/jamonesblazquez.com\/wp-content\/uploads\/2024\/06\/Ventresca-Iberica-Curada-Blazquez-.jpg\",\"width\":1400,\"height\":1400,\"caption\":\"Ventresca Ib\u00e9rica Curada Bl\u00e1zquez\"},{\"@type\":\"BreadcrumbList\",\"@id\":\"https:\/\/jamonesblazquez.com\/es\/Producto\/ventresca-iberica-curada-blazquez\/#breadcrumb\",\"itemListElement\":[{\"@type\":\"ListItem\",\"position\":1,\"name\":\"Portada\",\"item\":\"https:\/\/jamonesblazquez.com\/es\/\"},{\"@type\":\"ListItem\",\"position\":2,\"name\":\"Tienda online\",\"item\":\"https:\/\/jamonesblazquez.com\/es\/?page_id=1992\"},{\"@type\":\"ListItem\",\"position\":3,\"name\":\"Ventresca Ib\u00e9rica Curada Bl\u00e1zquez\"}]},{\"@type\":\"WebSite\",\"@id\":\"https:\/\/jamonesblazquez.com\/es\/#website\",\"url\":\"https:\/\/jamonesblazquez.com\/es\/\",\"name\":\"Jamones Bl\u00e1zquez\",\"description\":\"Obedece a la Tentaci\u00f3n!\",\"publisher\":{\"@id\":\"https:\/\/jamonesblazquez.com\/es\/#organization\"},\"potentialAction\":[{\"@type\":\"SearchAction\",\"target\":{\"@type\":\"EntryPoint\",\"urlTemplate\":\"https:\/\/jamonesblazquez.com\/es\/?s={search_term_string}\"},\"query-input\":{\"@type\":\"PropertyValueSpecification\",\"valueRequired\":true,\"valueName\":\"search_term_string\"}}],\"inLanguage\":\"es\"},{\"@type\":\"Organization\",\"@id\":\"https:\/\/jamonesblazquez.com\/es\/#organization\",\"name\":\"Jamones Bl\u00e1zquez\",\"url\":\"https:\/\/jamonesblazquez.com\/es\/\",\"logo\":{\"@type\":\"ImageObject\",\"inLanguage\":\"es\",\"@id\":\"https:\/\/jamonesblazquez.com\/es\/#\/schema\/logo\/image\/\",\"url\":\"https:\/\/jamonesblazquez.com\/wp-content\/uploads\/2019\/02\/Logo_Blazquez.png\",\"contentUrl\":\"https:\/\/jamonesblazquez.com\/wp-content\/uploads\/2019\/02\/Logo_Blazquez.png\",\"width\":500,\"height\":132,\"caption\":\"Jamones Bl\u00e1zquez\"},\"image\":{\"@id\":\"https:\/\/jamonesblazquez.com\/es\/#\/schema\/logo\/image\/\"},\"sameAs\":[\"https:\/\/www.facebook.com\/JamonBlazquez\/\",\"https:\/\/x.com\/jamonblazquez\",\"https:\/\/www.instagram.com\/jamonblazquez\/\",\"https:\/\/www.linkedin.com\/company\/10190869\/admin\/\"]}]}<\/script>\n<!-- \/ Yoast SEO plugin. -->","yoast_head_json":{"title":"Comprar Ventresca Ib\u00e9rica Curada Bl\u00e1zquez - Jamones Bl\u00e1zquez","description":"Bl\u00e1zquez presenta la \"Ventresca Ib\u00e9rica Curada\", un embutido exclusivo elaborado con piezas de secreto de panceta de cerdo ib\u00e9rico. Destaca por su veteado, jugosidad y exquisito sabor, ideal para los paladares m\u00e1s exigentes.","robots":{"index":"index","follow":"follow","max-snippet":"max-snippet:-1","max-image-preview":"max-image-preview:large","max-video-preview":"max-video-preview:-1"},"canonical":"https:\/\/jamonesblazquez.com\/es\/Producto\/ventresca-iberica-curada-blazquez\/","og_locale":"es_ES","og_type":"article","og_title":"Comprar Ventresca Ib\u00e9rica Curada Bl\u00e1zquez - Jamones Bl\u00e1zquez","og_description":"Bl\u00e1zquez presenta la \"Ventresca Ib\u00e9rica Curada\", un embutido exclusivo elaborado con piezas de secreto de panceta de cerdo ib\u00e9rico. Destaca por su veteado, jugosidad y exquisito sabor, ideal para los paladares m\u00e1s exigentes.","og_url":"https:\/\/jamonesblazquez.com\/es\/Producto\/ventresca-iberica-curada-blazquez\/","og_site_name":"Jamones Bl\u00e1zquez","article_publisher":"https:\/\/www.facebook.com\/JamonBlazquez\/","article_modified_time":"2025-05-16T09:00:52+00:00","og_image":[{"width":1400,"height":1400,"url":"https:\/\/jamonesblazquez.com\/wp-content\/uploads\/2024\/06\/Ventresca-Iberica-Curada-Blazquez-.jpg","type":"image\/jpeg"}],"twitter_card":"summary_large_image","twitter_site":"@jamonblazquez","twitter_misc":{"Tiempo de lectura":"1 minuto"},"schema":{"@context":"https:\/\/schema.org","@graph":[{"@type":["WebPage","ItemPage"],"@id":"https:\/\/jamonesblazquez.com\/es\/Producto\/ventresca-iberica-curada-blazquez\/","url":"https:\/\/jamonesblazquez.com\/es\/Producto\/ventresca-iberica-curada-blazquez\/","name":"Comprar Ventresca Ib\u00e9rica Curada Bl\u00e1zquez - Jamones Bl\u00e1zquez","isPartOf":{"@id":"https:\/\/jamonesblazquez.com\/es\/#website"},"primaryImageOfPage":{"@id":"https:\/\/jamonesblazquez.com\/es\/Producto\/ventresca-iberica-curada-blazquez\/#primaryimage"},"image":{"@id":"https:\/\/jamonesblazquez.com\/es\/Producto\/ventresca-iberica-curada-blazquez\/#primaryimage"},"thumbnailUrl":"https:\/\/jamonesblazquez.com\/wp-content\/uploads\/2024\/06\/Ventresca-Iberica-Curada-Blazquez-.jpg","datePublished":"2024-06-18T09:00:46+00:00","dateModified":"2025-05-16T09:00:52+00:00","description":"Bl\u00e1zquez presenta la \"Ventresca Ib\u00e9rica Curada\", un embutido exclusivo elaborado con piezas de secreto de panceta de cerdo ib\u00e9rico. Destaca por su veteado, jugosidad y exquisito sabor, ideal para los paladares m\u00e1s exigentes.","breadcrumb":{"@id":"https:\/\/jamonesblazquez.com\/es\/Producto\/ventresca-iberica-curada-blazquez\/#breadcrumb"},"inLanguage":"es","potentialAction":[{"@type":"ReadAction","target":["https:\/\/jamonesblazquez.com\/es\/Producto\/ventresca-iberica-curada-blazquez\/"]}]},{"@type":"ImageObject","inLanguage":"es","@id":"https:\/\/jamonesblazquez.com\/es\/Producto\/ventresca-iberica-curada-blazquez\/#primaryimage","url":"https:\/\/jamonesblazquez.com\/wp-content\/uploads\/2024\/06\/Ventresca-Iberica-Curada-Blazquez-.jpg","contentUrl":"https:\/\/jamonesblazquez.com\/wp-content\/uploads\/2024\/06\/Ventresca-Iberica-Curada-Blazquez-.jpg","width":1400,"height":1400,"caption":"Ventresca Ib\u00e9rica Curada Bl\u00e1zquez"},{"@type":"BreadcrumbList","@id":"https:\/\/jamonesblazquez.com\/es\/Producto\/ventresca-iberica-curada-blazquez\/#breadcrumb","itemListElement":[{"@type":"ListItem","position":1,"name":"Portada","item":"https:\/\/jamonesblazquez.com\/es\/"},{"@type":"ListItem","position":2,"name":"Tienda online","item":"https:\/\/jamonesblazquez.com\/es\/?page_id=1992"},{"@type":"ListItem","position":3,"name":"Ventresca Ib\u00e9rica Curada Bl\u00e1zquez"}]},{"@type":"WebSite","@id":"https:\/\/jamonesblazquez.com\/es\/#website","url":"https:\/\/jamonesblazquez.com\/es\/","name":"Jamones Bl\u00e1zquez","description":"Obedece a la Tentaci\u00f3n!","publisher":{"@id":"https:\/\/jamonesblazquez.com\/es\/#organization"},"potentialAction":[{"@type":"SearchAction","target":{"@type":"EntryPoint","urlTemplate":"https:\/\/jamonesblazquez.com\/es\/?s={search_term_string}"},"query-input":{"@type":"PropertyValueSpecification","valueRequired":true,"valueName":"search_term_string"}}],"inLanguage":"es"},{"@type":"Organization","@id":"https:\/\/jamonesblazquez.com\/es\/#organization","name":"Jamones Bl\u00e1zquez","url":"https:\/\/jamonesblazquez.com\/es\/","logo":{"@type":"ImageObject","inLanguage":"es","@id":"https:\/\/jamonesblazquez.com\/es\/#\/schema\/logo\/image\/","url":"https:\/\/jamonesblazquez.com\/wp-content\/uploads\/2019\/02\/Logo_Blazquez.png","contentUrl":"https:\/\/jamonesblazquez.com\/wp-content\/uploads\/2019\/02\/Logo_Blazquez.png","width":500,"height":132,"caption":"Jamones Bl\u00e1zquez"},"image":{"@id":"https:\/\/jamonesblazquez.com\/es\/#\/schema\/logo\/image\/"},"sameAs":["https:\/\/www.facebook.com\/JamonBlazquez\/","https:\/\/x.com\/jamonblazquez","https:\/\/www.instagram.com\/jamonblazquez\/","https:\/\/www.linkedin.com\/company\/10190869\/admin\/"]}]}},"_links":{"self":[{"href":"https:\/\/jamonesblazquez.com\/es\/wp-json\/wp\/v2\/product\/7928","targetHints":{"allow":["GET"]}}],"collection":[{"href":"https:\/\/jamonesblazquez.com\/es\/wp-json\/wp\/v2\/product"}],"about":[{"href":"https:\/\/jamonesblazquez.com\/es\/wp-json\/wp\/v2\/types\/product"}],"wp:featuredmedia":[{"embeddable":true,"href":"https:\/\/jamonesblazquez.com\/es\/wp-json\/wp\/v2\/media\/7930"}],"wp:attachment":[{"href":"https:\/\/jamonesblazquez.com\/es\/wp-json\/wp\/v2\/media?parent=7928"}],"wp:term":[{"taxonomy":"product_brand","embeddable":true,"href":"https:\/\/jamonesblazquez.com\/es\/wp-json\/wp\/v2\/product_brand?post=7928"},{"taxonomy":"product_cat","embeddable":true,"href":"https:\/\/jamonesblazquez.com\/es\/wp-json\/wp\/v2\/product_cat?post=7928"},{"taxonomy":"product_tag","embeddable":true,"href":"https:\/\/jamonesblazquez.com\/es\/wp-json\/wp\/v2\/product_tag?post=7928"}],"curies":[{"name":"wp","href":"https:\/\/api.w.org\/{rel}","templated":true}]}}