{"id":7942,"date":"2024-06-20T14:37:14","date_gmt":"2024-06-20T12:37:14","guid":{"rendered":"https:\/\/www.jamonesblazquez.com\/?post_type=product&#038;p=7942"},"modified":"2025-11-25T10:31:35","modified_gmt":"2025-11-25T09:31:35","slug":"paleta-de-bellota-iberica-50-raza-iberica-ecologico","status":"publish","type":"product","link":"https:\/\/jamonesblazquez.com\/es\/Producto\/paleta-de-bellota-iberica-50-raza-iberica-ecologico\/","title":{"rendered":"Paleta de Bellota Ib\u00e9rica 50% Raza Ib\u00e9rica &#8211; Ecol\u00f3gico"},"content":{"rendered":"<p><span class=\"OYPEnA text-decoration-none text-strikethrough-none\">Dise\u00f1ar una <strong>l\u00ednea ecol\u00f3gica certificada<\/strong> ha sido un proceso de evoluci\u00f3n natural en nuestra cultura de compa\u00f1\u00eda, pero sobre todo, ha marcado una diferencia en nuestros productos, han mejorado la delicadeza de sus sabores y han aumentado la concentraci\u00f3n de aromas para los paladares m\u00e1s exigentes.<\/span><\/p>\n<p>Tras 9 d\u00e9cadas de constancia ib\u00e9rica, te presentamos en exclusiva 1.600 piezas \u00fanicas de <a href=\"https:\/\/jamonesblazquez.com\/es\/Producto\/paleta-de-bellota-iberica-50-raza-iberica-ecologico\/\"><strong>paleta de bellota ib\u00e9rica ecol\u00f3gica<\/strong><\/a>, curadas con mimo durante m\u00e1s de 3 a\u00f1os. Gracias a su <strong>cuidado ecol\u00f3gico<\/strong>, esta paleta ofrece un nuevo universo de aromas y sabores aut\u00e9nticos, directamente desde nuestras \u00e1reas naturales protegidas en el sur de Espa\u00f1a.<\/p>\n<p><span class=\"prd-sinconservantes\">SIN CONSERVANTES<\/span><span class=\"prd-sinaditivos\"> SIN ADITIVOS <\/span><\/p>\n<p><span class=\"prd-sinaditivos\">NUTRICI\u00d3N PROPIA &#8211; MONTANERA BIO &#8211; CURACI\u00d3N SINGULAR\u00a0<\/span><\/p>\n<h3>INGREDIENTES<\/h3>\n<p>Paleta de cerdo, sal<\/p>\n<h3>VALORES NUTRICIONALES (en 100g)<\/h3>\n<p>Valor energ\u00e9tico: 1737KJ\/ 418Kcal<br \/>\nGrasas (g): 32,7<br \/>\n&#8211; De las cuales saturadas (g): 12,7<br \/>\nHidratos de carbono (g):0,8<br \/>\n&#8211; De los cuales az\u00facares: (g): &lt;0,5<br \/>\nProte\u00ednas (g): 30,2<br \/>\nSal (g): 3,5<\/p>\n","protected":false},"excerpt":{"rendered":"<p><span class=\"OYPEnA text-decoration-none text-strikethrough-none\">Nuestra l\u00ednea ECO-BLAZQUEZ a\u00f1ade un punto y seguido en nuestro empe\u00f1o por mantener unos valores de compa\u00f1\u00eda donde la tradici\u00f3n y la innovaci\u00f3n est\u00e1n presentes cada d\u00eda.<\/span><\/p>\n","protected":false},"featured_media":8832,"template":"","meta":[],"product_brand":[],"product_cat":[955,673],"product_tag":[],"class_list":{"0":"post-7942","1":"product","2":"type-product","3":"status-publish","4":"has-post-thumbnail","6":"product_cat-bellota-iberico-50","7":"product_cat-paletas","9":"first","10":"outofstock","11":"taxable","12":"shipping-taxable","13":"product-type-simple"},"yoast_head":"<!-- This site is optimized with the Yoast SEO plugin v27.1.1 - https:\/\/yoast.com\/product\/yoast-seo-wordpress\/ -->\n<title>Paleta Ib\u00e9rica de Bellota Ecol\u00f3gica 50% raza Ib\u00e9rica,<\/title>\n<meta name=\"description\" content=\"Descubre nuestra Paleta Ib\u00e9rica de Bellota ecol\u00f3gica, te presentamos en exclusiva 1.600 piezas \u00fanicas de paleta de bellota ib\u00e9rica ecol\u00f3gica\" \/>\n<meta name=\"robots\" content=\"index, follow, max-snippet:-1, max-image-preview:large, max-video-preview:-1\" \/>\n<link rel=\"canonical\" href=\"https:\/\/jamonesblazquez.com\/es\/Producto\/paleta-de-bellota-iberica-50-raza-iberica-ecologico\/\" \/>\n<meta property=\"og:locale\" content=\"es_ES\" \/>\n<meta property=\"og:type\" content=\"article\" \/>\n<meta property=\"og:title\" content=\"Paleta Ib\u00e9rica de Bellota Ecol\u00f3gica 50% raza Ib\u00e9rica,\" \/>\n<meta property=\"og:description\" content=\"Descubre nuestra Paleta Ib\u00e9rica de Bellota ecol\u00f3gica, te presentamos en exclusiva 1.600 piezas \u00fanicas de paleta de bellota ib\u00e9rica ecol\u00f3gica\" \/>\n<meta property=\"og:url\" content=\"https:\/\/jamonesblazquez.com\/es\/Producto\/paleta-de-bellota-iberica-50-raza-iberica-ecologico\/\" \/>\n<meta property=\"og:site_name\" content=\"Jamones Bl\u00e1zquez\" \/>\n<meta property=\"article:publisher\" content=\"https:\/\/www.facebook.com\/JamonBlazquez\/\" \/>\n<meta property=\"article:modified_time\" content=\"2025-11-25T09:31:35+00:00\" \/>\n<meta property=\"og:image\" content=\"https:\/\/jamonesblazquez.com\/wp-content\/uploads\/2024\/06\/JAMON-DE-BELLOTA-IBERICO-50-RAZA-IBERICA-2.jpg\" \/>\n\t<meta property=\"og:image:width\" content=\"800\" \/>\n\t<meta property=\"og:image:height\" content=\"800\" \/>\n\t<meta property=\"og:image:type\" content=\"image\/jpeg\" \/>\n<meta name=\"twitter:card\" content=\"summary_large_image\" \/>\n<meta name=\"twitter:site\" content=\"@jamonblazquez\" \/>\n<meta name=\"twitter:label1\" content=\"Tiempo de lectura\" \/>\n\t<meta name=\"twitter:data1\" content=\"1 minuto\" \/>\n<script type=\"application\/ld+json\" class=\"yoast-schema-graph\">{\"@context\":\"https:\/\/schema.org\",\"@graph\":[{\"@type\":[\"WebPage\",\"ItemPage\"],\"@id\":\"https:\/\/jamonesblazquez.com\/es\/Producto\/paleta-de-bellota-iberica-50-raza-iberica-ecologico\/\",\"url\":\"https:\/\/jamonesblazquez.com\/es\/Producto\/paleta-de-bellota-iberica-50-raza-iberica-ecologico\/\",\"name\":\"Paleta Ib\u00e9rica de Bellota Ecol\u00f3gica 50% raza Ib\u00e9rica,\",\"isPartOf\":{\"@id\":\"https:\/\/jamonesblazquez.com\/es\/#website\"},\"primaryImageOfPage\":{\"@id\":\"https:\/\/jamonesblazquez.com\/es\/Producto\/paleta-de-bellota-iberica-50-raza-iberica-ecologico\/#primaryimage\"},\"image\":{\"@id\":\"https:\/\/jamonesblazquez.com\/es\/Producto\/paleta-de-bellota-iberica-50-raza-iberica-ecologico\/#primaryimage\"},\"thumbnailUrl\":\"https:\/\/jamonesblazquez.com\/wp-content\/uploads\/2024\/06\/JAMON-DE-BELLOTA-IBERICO-50-RAZA-IBERICA-2.jpg\",\"datePublished\":\"2024-06-20T12:37:14+00:00\",\"dateModified\":\"2025-11-25T09:31:35+00:00\",\"description\":\"Descubre nuestra Paleta Ib\u00e9rica de Bellota ecol\u00f3gica, te presentamos en exclusiva 1.600 piezas \u00fanicas de paleta de bellota ib\u00e9rica ecol\u00f3gica\",\"breadcrumb\":{\"@id\":\"https:\/\/jamonesblazquez.com\/es\/Producto\/paleta-de-bellota-iberica-50-raza-iberica-ecologico\/#breadcrumb\"},\"inLanguage\":\"es\",\"potentialAction\":[{\"@type\":\"ReadAction\",\"target\":[\"https:\/\/jamonesblazquez.com\/es\/Producto\/paleta-de-bellota-iberica-50-raza-iberica-ecologico\/\"]}]},{\"@type\":\"ImageObject\",\"inLanguage\":\"es\",\"@id\":\"https:\/\/jamonesblazquez.com\/es\/Producto\/paleta-de-bellota-iberica-50-raza-iberica-ecologico\/#primaryimage\",\"url\":\"https:\/\/jamonesblazquez.com\/wp-content\/uploads\/2024\/06\/JAMON-DE-BELLOTA-IBERICO-50-RAZA-IBERICA-2.jpg\",\"contentUrl\":\"https:\/\/jamonesblazquez.com\/wp-content\/uploads\/2024\/06\/JAMON-DE-BELLOTA-IBERICO-50-RAZA-IBERICA-2.jpg\",\"width\":800,\"height\":800,\"caption\":\"PALETA DE BELLOTA IBERICA 50% RAZA IBERICA \u2013 ECO - ECOLOGICO - PIEZA CURADA\"},{\"@type\":\"BreadcrumbList\",\"@id\":\"https:\/\/jamonesblazquez.com\/es\/Producto\/paleta-de-bellota-iberica-50-raza-iberica-ecologico\/#breadcrumb\",\"itemListElement\":[{\"@type\":\"ListItem\",\"position\":1,\"name\":\"Portada\",\"item\":\"https:\/\/jamonesblazquez.com\/es\/\"},{\"@type\":\"ListItem\",\"position\":2,\"name\":\"Tienda online\",\"item\":\"https:\/\/jamonesblazquez.com\/es\/?page_id=1992\"},{\"@type\":\"ListItem\",\"position\":3,\"name\":\"Paleta de Bellota Ib\u00e9rica 50% Raza Ib\u00e9rica &#8211; Ecol\u00f3gico\"}]},{\"@type\":\"WebSite\",\"@id\":\"https:\/\/jamonesblazquez.com\/es\/#website\",\"url\":\"https:\/\/jamonesblazquez.com\/es\/\",\"name\":\"Jamones Bl\u00e1zquez\",\"description\":\"Obedece a la Tentaci\u00f3n!\",\"publisher\":{\"@id\":\"https:\/\/jamonesblazquez.com\/es\/#organization\"},\"potentialAction\":[{\"@type\":\"SearchAction\",\"target\":{\"@type\":\"EntryPoint\",\"urlTemplate\":\"https:\/\/jamonesblazquez.com\/es\/?s={search_term_string}\"},\"query-input\":{\"@type\":\"PropertyValueSpecification\",\"valueRequired\":true,\"valueName\":\"search_term_string\"}}],\"inLanguage\":\"es\"},{\"@type\":\"Organization\",\"@id\":\"https:\/\/jamonesblazquez.com\/es\/#organization\",\"name\":\"Jamones Bl\u00e1zquez\",\"url\":\"https:\/\/jamonesblazquez.com\/es\/\",\"logo\":{\"@type\":\"ImageObject\",\"inLanguage\":\"es\",\"@id\":\"https:\/\/jamonesblazquez.com\/es\/#\/schema\/logo\/image\/\",\"url\":\"https:\/\/jamonesblazquez.com\/wp-content\/uploads\/2019\/02\/Logo_Blazquez.png\",\"contentUrl\":\"https:\/\/jamonesblazquez.com\/wp-content\/uploads\/2019\/02\/Logo_Blazquez.png\",\"width\":500,\"height\":132,\"caption\":\"Jamones Bl\u00e1zquez\"},\"image\":{\"@id\":\"https:\/\/jamonesblazquez.com\/es\/#\/schema\/logo\/image\/\"},\"sameAs\":[\"https:\/\/www.facebook.com\/JamonBlazquez\/\",\"https:\/\/x.com\/jamonblazquez\",\"https:\/\/www.instagram.com\/jamonblazquez\/\",\"https:\/\/www.linkedin.com\/company\/10190869\/admin\/\"]}]}<\/script>\n<!-- \/ Yoast SEO plugin. -->","yoast_head_json":{"title":"Paleta Ib\u00e9rica de Bellota Ecol\u00f3gica 50% raza Ib\u00e9rica,","description":"Descubre nuestra Paleta Ib\u00e9rica de Bellota ecol\u00f3gica, te presentamos en exclusiva 1.600 piezas \u00fanicas de paleta de bellota ib\u00e9rica ecol\u00f3gica","robots":{"index":"index","follow":"follow","max-snippet":"max-snippet:-1","max-image-preview":"max-image-preview:large","max-video-preview":"max-video-preview:-1"},"canonical":"https:\/\/jamonesblazquez.com\/es\/Producto\/paleta-de-bellota-iberica-50-raza-iberica-ecologico\/","og_locale":"es_ES","og_type":"article","og_title":"Paleta Ib\u00e9rica de Bellota Ecol\u00f3gica 50% raza Ib\u00e9rica,","og_description":"Descubre nuestra Paleta Ib\u00e9rica de Bellota ecol\u00f3gica, te presentamos en exclusiva 1.600 piezas \u00fanicas de paleta de bellota ib\u00e9rica ecol\u00f3gica","og_url":"https:\/\/jamonesblazquez.com\/es\/Producto\/paleta-de-bellota-iberica-50-raza-iberica-ecologico\/","og_site_name":"Jamones Bl\u00e1zquez","article_publisher":"https:\/\/www.facebook.com\/JamonBlazquez\/","article_modified_time":"2025-11-25T09:31:35+00:00","og_image":[{"width":800,"height":800,"url":"https:\/\/jamonesblazquez.com\/wp-content\/uploads\/2024\/06\/JAMON-DE-BELLOTA-IBERICO-50-RAZA-IBERICA-2.jpg","type":"image\/jpeg"}],"twitter_card":"summary_large_image","twitter_site":"@jamonblazquez","twitter_misc":{"Tiempo de lectura":"1 minuto"},"schema":{"@context":"https:\/\/schema.org","@graph":[{"@type":["WebPage","ItemPage"],"@id":"https:\/\/jamonesblazquez.com\/es\/Producto\/paleta-de-bellota-iberica-50-raza-iberica-ecologico\/","url":"https:\/\/jamonesblazquez.com\/es\/Producto\/paleta-de-bellota-iberica-50-raza-iberica-ecologico\/","name":"Paleta Ib\u00e9rica de Bellota Ecol\u00f3gica 50% raza Ib\u00e9rica,","isPartOf":{"@id":"https:\/\/jamonesblazquez.com\/es\/#website"},"primaryImageOfPage":{"@id":"https:\/\/jamonesblazquez.com\/es\/Producto\/paleta-de-bellota-iberica-50-raza-iberica-ecologico\/#primaryimage"},"image":{"@id":"https:\/\/jamonesblazquez.com\/es\/Producto\/paleta-de-bellota-iberica-50-raza-iberica-ecologico\/#primaryimage"},"thumbnailUrl":"https:\/\/jamonesblazquez.com\/wp-content\/uploads\/2024\/06\/JAMON-DE-BELLOTA-IBERICO-50-RAZA-IBERICA-2.jpg","datePublished":"2024-06-20T12:37:14+00:00","dateModified":"2025-11-25T09:31:35+00:00","description":"Descubre nuestra Paleta Ib\u00e9rica de Bellota ecol\u00f3gica, te presentamos en exclusiva 1.600 piezas \u00fanicas de paleta de bellota ib\u00e9rica ecol\u00f3gica","breadcrumb":{"@id":"https:\/\/jamonesblazquez.com\/es\/Producto\/paleta-de-bellota-iberica-50-raza-iberica-ecologico\/#breadcrumb"},"inLanguage":"es","potentialAction":[{"@type":"ReadAction","target":["https:\/\/jamonesblazquez.com\/es\/Producto\/paleta-de-bellota-iberica-50-raza-iberica-ecologico\/"]}]},{"@type":"ImageObject","inLanguage":"es","@id":"https:\/\/jamonesblazquez.com\/es\/Producto\/paleta-de-bellota-iberica-50-raza-iberica-ecologico\/#primaryimage","url":"https:\/\/jamonesblazquez.com\/wp-content\/uploads\/2024\/06\/JAMON-DE-BELLOTA-IBERICO-50-RAZA-IBERICA-2.jpg","contentUrl":"https:\/\/jamonesblazquez.com\/wp-content\/uploads\/2024\/06\/JAMON-DE-BELLOTA-IBERICO-50-RAZA-IBERICA-2.jpg","width":800,"height":800,"caption":"PALETA DE BELLOTA IBERICA 50% RAZA IBERICA \u2013 ECO - ECOLOGICO - PIEZA CURADA"},{"@type":"BreadcrumbList","@id":"https:\/\/jamonesblazquez.com\/es\/Producto\/paleta-de-bellota-iberica-50-raza-iberica-ecologico\/#breadcrumb","itemListElement":[{"@type":"ListItem","position":1,"name":"Portada","item":"https:\/\/jamonesblazquez.com\/es\/"},{"@type":"ListItem","position":2,"name":"Tienda online","item":"https:\/\/jamonesblazquez.com\/es\/?page_id=1992"},{"@type":"ListItem","position":3,"name":"Paleta de Bellota Ib\u00e9rica 50% Raza Ib\u00e9rica &#8211; Ecol\u00f3gico"}]},{"@type":"WebSite","@id":"https:\/\/jamonesblazquez.com\/es\/#website","url":"https:\/\/jamonesblazquez.com\/es\/","name":"Jamones Bl\u00e1zquez","description":"Obedece a la Tentaci\u00f3n!","publisher":{"@id":"https:\/\/jamonesblazquez.com\/es\/#organization"},"potentialAction":[{"@type":"SearchAction","target":{"@type":"EntryPoint","urlTemplate":"https:\/\/jamonesblazquez.com\/es\/?s={search_term_string}"},"query-input":{"@type":"PropertyValueSpecification","valueRequired":true,"valueName":"search_term_string"}}],"inLanguage":"es"},{"@type":"Organization","@id":"https:\/\/jamonesblazquez.com\/es\/#organization","name":"Jamones Bl\u00e1zquez","url":"https:\/\/jamonesblazquez.com\/es\/","logo":{"@type":"ImageObject","inLanguage":"es","@id":"https:\/\/jamonesblazquez.com\/es\/#\/schema\/logo\/image\/","url":"https:\/\/jamonesblazquez.com\/wp-content\/uploads\/2019\/02\/Logo_Blazquez.png","contentUrl":"https:\/\/jamonesblazquez.com\/wp-content\/uploads\/2019\/02\/Logo_Blazquez.png","width":500,"height":132,"caption":"Jamones Bl\u00e1zquez"},"image":{"@id":"https:\/\/jamonesblazquez.com\/es\/#\/schema\/logo\/image\/"},"sameAs":["https:\/\/www.facebook.com\/JamonBlazquez\/","https:\/\/x.com\/jamonblazquez","https:\/\/www.instagram.com\/jamonblazquez\/","https:\/\/www.linkedin.com\/company\/10190869\/admin\/"]}]}},"_links":{"self":[{"href":"https:\/\/jamonesblazquez.com\/es\/wp-json\/wp\/v2\/product\/7942","targetHints":{"allow":["GET"]}}],"collection":[{"href":"https:\/\/jamonesblazquez.com\/es\/wp-json\/wp\/v2\/product"}],"about":[{"href":"https:\/\/jamonesblazquez.com\/es\/wp-json\/wp\/v2\/types\/product"}],"wp:featuredmedia":[{"embeddable":true,"href":"https:\/\/jamonesblazquez.com\/es\/wp-json\/wp\/v2\/media\/8832"}],"wp:attachment":[{"href":"https:\/\/jamonesblazquez.com\/es\/wp-json\/wp\/v2\/media?parent=7942"}],"wp:term":[{"taxonomy":"product_brand","embeddable":true,"href":"https:\/\/jamonesblazquez.com\/es\/wp-json\/wp\/v2\/product_brand?post=7942"},{"taxonomy":"product_cat","embeddable":true,"href":"https:\/\/jamonesblazquez.com\/es\/wp-json\/wp\/v2\/product_cat?post=7942"},{"taxonomy":"product_tag","embeddable":true,"href":"https:\/\/jamonesblazquez.com\/es\/wp-json\/wp\/v2\/product_tag?post=7942"}],"curies":[{"name":"wp","href":"https:\/\/api.w.org\/{rel}","templated":true}]}}