{"id":8657,"date":"2024-08-27T09:17:52","date_gmt":"2024-08-27T07:17:52","guid":{"rendered":"https:\/\/www.jamonesblazquez.com\/?post_type=product&#038;p=8657"},"modified":"2025-11-25T10:33:17","modified_gmt":"2025-11-25T09:33:17","slug":"jamon-de-bellota-iberica-50-raza-iberica-ecologico","status":"publish","type":"product","link":"https:\/\/jamonesblazquez.com\/es\/Producto\/jamon-de-bellota-iberica-50-raza-iberica-ecologico\/","title":{"rendered":"Jam\u00f3n de Bellota Ib\u00e9rico 50% Raza Ib\u00e9rica &#8211; Ecol\u00f3gico"},"content":{"rendered":"<p><span class=\"OYPEnA text-decoration-none text-strikethrough-none\">Dise\u00f1ar una l\u00ednea ecol\u00f3gica certificada ha sido un proceso de evoluci\u00f3n natural en nuestra cultura de compa\u00f1\u00eda, pero sobre todo, ha marcado una diferencia en nuestros productos, han mejorado la delicadeza de sus sabores y han aumentado la concentraci\u00f3n de aromas para los paladares m\u00e1s exigentes.<\/span><\/p>\n<p>Tras 9 d\u00e9cadas de constancia ib\u00e9rica, te presentamos en exclusiva 1.600 piezas \u00fanicas de jam\u00f3n de bellota ib\u00e9rico ecol\u00f3gico, curadas con mimo durante m\u00e1s de 3 a\u00f1os. Gracias a su cuidado ecol\u00f3gico, este jam\u00f3n ofrece un nuevo universo de aromas y sabores aut\u00e9nticos, directamente desde nuestras \u00e1reas naturales protegidas en el sur de Espa\u00f1a.<\/p>\n<p><span class=\"prd-sinconservantes\">SIN CONSERVANTES<\/span><span class=\"prd-sinaditivos\"> SIN ADITIVOS <\/span><\/p>\n<p><span class=\"prd-sinaditivos\">NUTRICI\u00d3N PROPIA &#8211; MONTANERA BIO &#8211; CURACI\u00d3N SINGULAR\u00a0<\/span><\/p>\n<h3>INGREDIENTES<\/h3>\n<p>Jam\u00f3n de cerdo y sal.<\/p>\n<h3>VALORES NUTRICIONALES (en 100g)<\/h3>\n<p>Valor energ\u00e9tico: 1480 KJ\/ 356 Kcal<br \/>\nGrasas (g): 25,2<br \/>\n&#8211; De las cuales saturadas (g): 8,08<br \/>\nHidratos de carbono (g): 1<br \/>\n&#8211; De los cuales az\u00facares: (g): &lt;0,5<br \/>\nProte\u00ednas (g): 32,2<br \/>\nSal (g): 4,5<\/p>\n","protected":false},"excerpt":{"rendered":"<p><span class=\"OYPEnA text-decoration-none text-strikethrough-none\">Nuestra l\u00ednea ECO-BLAZQUEZ a\u00f1ade un punto y seguido en nuestro empe\u00f1o por mantener unos valores de compa\u00f1\u00eda donde la tradici\u00f3n y la innovaci\u00f3n est\u00e1n presentes cada d\u00eda.<\/span><\/p>\n","protected":false},"featured_media":8821,"template":"","meta":[],"product_brand":[],"product_cat":[672,955],"product_tag":[],"class_list":{"0":"post-8657","1":"product","2":"type-product","3":"status-publish","4":"has-post-thumbnail","6":"product_cat-jamones","7":"product_cat-bellota-iberico-50","9":"first","10":"outofstock","11":"taxable","12":"shipping-taxable","13":"product-type-simple"},"yoast_head":"<!-- This site is optimized with the Yoast SEO plugin v27.1.1 - https:\/\/yoast.com\/product\/yoast-seo-wordpress\/ -->\n<title>Comprar Jam\u00f3n de Bellota Ib\u00e9rico 50% Raza Ib\u00e9rica - Ecol\u00f3gico - Jamones Bl\u00e1zquez<\/title>\n<meta name=\"description\" content=\"Nuestra l\u00ednea ECO-BLAZQUEZ a\u00f1ade un punto y seguido en nuestro empe\u00f1o por mantener unos valores de compa\u00f1\u00eda donde la tradici\u00f3n y la innovaci\u00f3n est\u00e1n presentes cada d\u00eda.\" \/>\n<meta name=\"robots\" content=\"index, follow, max-snippet:-1, max-image-preview:large, max-video-preview:-1\" \/>\n<link rel=\"canonical\" href=\"https:\/\/jamonesblazquez.com\/es\/Producto\/jamon-de-bellota-iberica-50-raza-iberica-ecologico\/\" \/>\n<meta property=\"og:locale\" content=\"es_ES\" \/>\n<meta property=\"og:type\" content=\"article\" \/>\n<meta property=\"og:title\" content=\"Comprar Jam\u00f3n de Bellota Ib\u00e9rico 50% Raza Ib\u00e9rica - Ecol\u00f3gico - Jamones Bl\u00e1zquez\" \/>\n<meta property=\"og:description\" content=\"Nuestra l\u00ednea ECO-BLAZQUEZ a\u00f1ade un punto y seguido en nuestro empe\u00f1o por mantener unos valores de compa\u00f1\u00eda donde la tradici\u00f3n y la innovaci\u00f3n est\u00e1n presentes cada d\u00eda.\" \/>\n<meta property=\"og:url\" content=\"https:\/\/jamonesblazquez.com\/es\/Producto\/jamon-de-bellota-iberica-50-raza-iberica-ecologico\/\" \/>\n<meta property=\"og:site_name\" content=\"Jamones Bl\u00e1zquez\" \/>\n<meta property=\"article:publisher\" content=\"https:\/\/www.facebook.com\/JamonBlazquez\/\" \/>\n<meta property=\"article:modified_time\" content=\"2025-11-25T09:33:17+00:00\" \/>\n<meta property=\"og:image\" content=\"https:\/\/jamonesblazquez.com\/wp-content\/uploads\/2024\/08\/JAMON-DE-BELLOTA-IBERICO-50-RAZA-IBERICA-DH-1.png\" \/>\n\t<meta property=\"og:image:width\" content=\"800\" \/>\n\t<meta property=\"og:image:height\" content=\"800\" \/>\n\t<meta property=\"og:image:type\" content=\"image\/png\" \/>\n<meta name=\"twitter:card\" content=\"summary_large_image\" \/>\n<meta name=\"twitter:site\" content=\"@jamonblazquez\" \/>\n<meta name=\"twitter:label1\" content=\"Tiempo de lectura\" \/>\n\t<meta name=\"twitter:data1\" content=\"1 minuto\" \/>\n<script type=\"application\/ld+json\" class=\"yoast-schema-graph\">{\"@context\":\"https:\/\/schema.org\",\"@graph\":[{\"@type\":[\"WebPage\",\"ItemPage\"],\"@id\":\"https:\/\/jamonesblazquez.com\/es\/Producto\/jamon-de-bellota-iberica-50-raza-iberica-ecologico\/\",\"url\":\"https:\/\/jamonesblazquez.com\/es\/Producto\/jamon-de-bellota-iberica-50-raza-iberica-ecologico\/\",\"name\":\"Comprar Jam\u00f3n de Bellota Ib\u00e9rico 50% Raza Ib\u00e9rica - Ecol\u00f3gico - Jamones Bl\u00e1zquez\",\"isPartOf\":{\"@id\":\"https:\/\/jamonesblazquez.com\/es\/#website\"},\"primaryImageOfPage\":{\"@id\":\"https:\/\/jamonesblazquez.com\/es\/Producto\/jamon-de-bellota-iberica-50-raza-iberica-ecologico\/#primaryimage\"},\"image\":{\"@id\":\"https:\/\/jamonesblazquez.com\/es\/Producto\/jamon-de-bellota-iberica-50-raza-iberica-ecologico\/#primaryimage\"},\"thumbnailUrl\":\"https:\/\/jamonesblazquez.com\/wp-content\/uploads\/2024\/08\/JAMON-DE-BELLOTA-IBERICO-50-RAZA-IBERICA-DH-1.png\",\"datePublished\":\"2024-08-27T07:17:52+00:00\",\"dateModified\":\"2025-11-25T09:33:17+00:00\",\"description\":\"Nuestra l\u00ednea ECO-BLAZQUEZ a\u00f1ade un punto y seguido en nuestro empe\u00f1o por mantener unos valores de compa\u00f1\u00eda donde la tradici\u00f3n y la innovaci\u00f3n est\u00e1n presentes cada d\u00eda.\",\"breadcrumb\":{\"@id\":\"https:\/\/jamonesblazquez.com\/es\/Producto\/jamon-de-bellota-iberica-50-raza-iberica-ecologico\/#breadcrumb\"},\"inLanguage\":\"es\",\"potentialAction\":[{\"@type\":\"ReadAction\",\"target\":[\"https:\/\/jamonesblazquez.com\/es\/Producto\/jamon-de-bellota-iberica-50-raza-iberica-ecologico\/\"]}]},{\"@type\":\"ImageObject\",\"inLanguage\":\"es\",\"@id\":\"https:\/\/jamonesblazquez.com\/es\/Producto\/jamon-de-bellota-iberica-50-raza-iberica-ecologico\/#primaryimage\",\"url\":\"https:\/\/jamonesblazquez.com\/wp-content\/uploads\/2024\/08\/JAMON-DE-BELLOTA-IBERICO-50-RAZA-IBERICA-DH-1.png\",\"contentUrl\":\"https:\/\/jamonesblazquez.com\/wp-content\/uploads\/2024\/08\/JAMON-DE-BELLOTA-IBERICO-50-RAZA-IBERICA-DH-1.png\",\"width\":800,\"height\":800,\"caption\":\"JAMON-DE-BELLOTA-IBERICO-50-RAZA-IBERICA\"},{\"@type\":\"BreadcrumbList\",\"@id\":\"https:\/\/jamonesblazquez.com\/es\/Producto\/jamon-de-bellota-iberica-50-raza-iberica-ecologico\/#breadcrumb\",\"itemListElement\":[{\"@type\":\"ListItem\",\"position\":1,\"name\":\"Portada\",\"item\":\"https:\/\/jamonesblazquez.com\/es\/\"},{\"@type\":\"ListItem\",\"position\":2,\"name\":\"Tienda online\",\"item\":\"https:\/\/jamonesblazquez.com\/es\/?page_id=1992\"},{\"@type\":\"ListItem\",\"position\":3,\"name\":\"Jam\u00f3n de Bellota Ib\u00e9rico 50% Raza Ib\u00e9rica &#8211; Ecol\u00f3gico\"}]},{\"@type\":\"WebSite\",\"@id\":\"https:\/\/jamonesblazquez.com\/es\/#website\",\"url\":\"https:\/\/jamonesblazquez.com\/es\/\",\"name\":\"Jamones Bl\u00e1zquez\",\"description\":\"Obedece a la Tentaci\u00f3n!\",\"publisher\":{\"@id\":\"https:\/\/jamonesblazquez.com\/es\/#organization\"},\"potentialAction\":[{\"@type\":\"SearchAction\",\"target\":{\"@type\":\"EntryPoint\",\"urlTemplate\":\"https:\/\/jamonesblazquez.com\/es\/?s={search_term_string}\"},\"query-input\":{\"@type\":\"PropertyValueSpecification\",\"valueRequired\":true,\"valueName\":\"search_term_string\"}}],\"inLanguage\":\"es\"},{\"@type\":\"Organization\",\"@id\":\"https:\/\/jamonesblazquez.com\/es\/#organization\",\"name\":\"Jamones Bl\u00e1zquez\",\"url\":\"https:\/\/jamonesblazquez.com\/es\/\",\"logo\":{\"@type\":\"ImageObject\",\"inLanguage\":\"es\",\"@id\":\"https:\/\/jamonesblazquez.com\/es\/#\/schema\/logo\/image\/\",\"url\":\"https:\/\/jamonesblazquez.com\/wp-content\/uploads\/2019\/02\/Logo_Blazquez.png\",\"contentUrl\":\"https:\/\/jamonesblazquez.com\/wp-content\/uploads\/2019\/02\/Logo_Blazquez.png\",\"width\":500,\"height\":132,\"caption\":\"Jamones Bl\u00e1zquez\"},\"image\":{\"@id\":\"https:\/\/jamonesblazquez.com\/es\/#\/schema\/logo\/image\/\"},\"sameAs\":[\"https:\/\/www.facebook.com\/JamonBlazquez\/\",\"https:\/\/x.com\/jamonblazquez\",\"https:\/\/www.instagram.com\/jamonblazquez\/\",\"https:\/\/www.linkedin.com\/company\/10190869\/admin\/\"]}]}<\/script>\n<!-- \/ Yoast SEO plugin. -->","yoast_head_json":{"title":"Comprar Jam\u00f3n de Bellota Ib\u00e9rico 50% Raza Ib\u00e9rica - Ecol\u00f3gico - Jamones Bl\u00e1zquez","description":"Nuestra l\u00ednea ECO-BLAZQUEZ a\u00f1ade un punto y seguido en nuestro empe\u00f1o por mantener unos valores de compa\u00f1\u00eda donde la tradici\u00f3n y la innovaci\u00f3n est\u00e1n presentes cada d\u00eda.","robots":{"index":"index","follow":"follow","max-snippet":"max-snippet:-1","max-image-preview":"max-image-preview:large","max-video-preview":"max-video-preview:-1"},"canonical":"https:\/\/jamonesblazquez.com\/es\/Producto\/jamon-de-bellota-iberica-50-raza-iberica-ecologico\/","og_locale":"es_ES","og_type":"article","og_title":"Comprar Jam\u00f3n de Bellota Ib\u00e9rico 50% Raza Ib\u00e9rica - Ecol\u00f3gico - Jamones Bl\u00e1zquez","og_description":"Nuestra l\u00ednea ECO-BLAZQUEZ a\u00f1ade un punto y seguido en nuestro empe\u00f1o por mantener unos valores de compa\u00f1\u00eda donde la tradici\u00f3n y la innovaci\u00f3n est\u00e1n presentes cada d\u00eda.","og_url":"https:\/\/jamonesblazquez.com\/es\/Producto\/jamon-de-bellota-iberica-50-raza-iberica-ecologico\/","og_site_name":"Jamones Bl\u00e1zquez","article_publisher":"https:\/\/www.facebook.com\/JamonBlazquez\/","article_modified_time":"2025-11-25T09:33:17+00:00","og_image":[{"width":800,"height":800,"url":"https:\/\/jamonesblazquez.com\/wp-content\/uploads\/2024\/08\/JAMON-DE-BELLOTA-IBERICO-50-RAZA-IBERICA-DH-1.png","type":"image\/png"}],"twitter_card":"summary_large_image","twitter_site":"@jamonblazquez","twitter_misc":{"Tiempo de lectura":"1 minuto"},"schema":{"@context":"https:\/\/schema.org","@graph":[{"@type":["WebPage","ItemPage"],"@id":"https:\/\/jamonesblazquez.com\/es\/Producto\/jamon-de-bellota-iberica-50-raza-iberica-ecologico\/","url":"https:\/\/jamonesblazquez.com\/es\/Producto\/jamon-de-bellota-iberica-50-raza-iberica-ecologico\/","name":"Comprar Jam\u00f3n de Bellota Ib\u00e9rico 50% Raza Ib\u00e9rica - Ecol\u00f3gico - Jamones Bl\u00e1zquez","isPartOf":{"@id":"https:\/\/jamonesblazquez.com\/es\/#website"},"primaryImageOfPage":{"@id":"https:\/\/jamonesblazquez.com\/es\/Producto\/jamon-de-bellota-iberica-50-raza-iberica-ecologico\/#primaryimage"},"image":{"@id":"https:\/\/jamonesblazquez.com\/es\/Producto\/jamon-de-bellota-iberica-50-raza-iberica-ecologico\/#primaryimage"},"thumbnailUrl":"https:\/\/jamonesblazquez.com\/wp-content\/uploads\/2024\/08\/JAMON-DE-BELLOTA-IBERICO-50-RAZA-IBERICA-DH-1.png","datePublished":"2024-08-27T07:17:52+00:00","dateModified":"2025-11-25T09:33:17+00:00","description":"Nuestra l\u00ednea ECO-BLAZQUEZ a\u00f1ade un punto y seguido en nuestro empe\u00f1o por mantener unos valores de compa\u00f1\u00eda donde la tradici\u00f3n y la innovaci\u00f3n est\u00e1n presentes cada d\u00eda.","breadcrumb":{"@id":"https:\/\/jamonesblazquez.com\/es\/Producto\/jamon-de-bellota-iberica-50-raza-iberica-ecologico\/#breadcrumb"},"inLanguage":"es","potentialAction":[{"@type":"ReadAction","target":["https:\/\/jamonesblazquez.com\/es\/Producto\/jamon-de-bellota-iberica-50-raza-iberica-ecologico\/"]}]},{"@type":"ImageObject","inLanguage":"es","@id":"https:\/\/jamonesblazquez.com\/es\/Producto\/jamon-de-bellota-iberica-50-raza-iberica-ecologico\/#primaryimage","url":"https:\/\/jamonesblazquez.com\/wp-content\/uploads\/2024\/08\/JAMON-DE-BELLOTA-IBERICO-50-RAZA-IBERICA-DH-1.png","contentUrl":"https:\/\/jamonesblazquez.com\/wp-content\/uploads\/2024\/08\/JAMON-DE-BELLOTA-IBERICO-50-RAZA-IBERICA-DH-1.png","width":800,"height":800,"caption":"JAMON-DE-BELLOTA-IBERICO-50-RAZA-IBERICA"},{"@type":"BreadcrumbList","@id":"https:\/\/jamonesblazquez.com\/es\/Producto\/jamon-de-bellota-iberica-50-raza-iberica-ecologico\/#breadcrumb","itemListElement":[{"@type":"ListItem","position":1,"name":"Portada","item":"https:\/\/jamonesblazquez.com\/es\/"},{"@type":"ListItem","position":2,"name":"Tienda online","item":"https:\/\/jamonesblazquez.com\/es\/?page_id=1992"},{"@type":"ListItem","position":3,"name":"Jam\u00f3n de Bellota Ib\u00e9rico 50% Raza Ib\u00e9rica &#8211; Ecol\u00f3gico"}]},{"@type":"WebSite","@id":"https:\/\/jamonesblazquez.com\/es\/#website","url":"https:\/\/jamonesblazquez.com\/es\/","name":"Jamones Bl\u00e1zquez","description":"Obedece a la Tentaci\u00f3n!","publisher":{"@id":"https:\/\/jamonesblazquez.com\/es\/#organization"},"potentialAction":[{"@type":"SearchAction","target":{"@type":"EntryPoint","urlTemplate":"https:\/\/jamonesblazquez.com\/es\/?s={search_term_string}"},"query-input":{"@type":"PropertyValueSpecification","valueRequired":true,"valueName":"search_term_string"}}],"inLanguage":"es"},{"@type":"Organization","@id":"https:\/\/jamonesblazquez.com\/es\/#organization","name":"Jamones Bl\u00e1zquez","url":"https:\/\/jamonesblazquez.com\/es\/","logo":{"@type":"ImageObject","inLanguage":"es","@id":"https:\/\/jamonesblazquez.com\/es\/#\/schema\/logo\/image\/","url":"https:\/\/jamonesblazquez.com\/wp-content\/uploads\/2019\/02\/Logo_Blazquez.png","contentUrl":"https:\/\/jamonesblazquez.com\/wp-content\/uploads\/2019\/02\/Logo_Blazquez.png","width":500,"height":132,"caption":"Jamones Bl\u00e1zquez"},"image":{"@id":"https:\/\/jamonesblazquez.com\/es\/#\/schema\/logo\/image\/"},"sameAs":["https:\/\/www.facebook.com\/JamonBlazquez\/","https:\/\/x.com\/jamonblazquez","https:\/\/www.instagram.com\/jamonblazquez\/","https:\/\/www.linkedin.com\/company\/10190869\/admin\/"]}]}},"_links":{"self":[{"href":"https:\/\/jamonesblazquez.com\/es\/wp-json\/wp\/v2\/product\/8657","targetHints":{"allow":["GET"]}}],"collection":[{"href":"https:\/\/jamonesblazquez.com\/es\/wp-json\/wp\/v2\/product"}],"about":[{"href":"https:\/\/jamonesblazquez.com\/es\/wp-json\/wp\/v2\/types\/product"}],"wp:featuredmedia":[{"embeddable":true,"href":"https:\/\/jamonesblazquez.com\/es\/wp-json\/wp\/v2\/media\/8821"}],"wp:attachment":[{"href":"https:\/\/jamonesblazquez.com\/es\/wp-json\/wp\/v2\/media?parent=8657"}],"wp:term":[{"taxonomy":"product_brand","embeddable":true,"href":"https:\/\/jamonesblazquez.com\/es\/wp-json\/wp\/v2\/product_brand?post=8657"},{"taxonomy":"product_cat","embeddable":true,"href":"https:\/\/jamonesblazquez.com\/es\/wp-json\/wp\/v2\/product_cat?post=8657"},{"taxonomy":"product_tag","embeddable":true,"href":"https:\/\/jamonesblazquez.com\/es\/wp-json\/wp\/v2\/product_tag?post=8657"}],"curies":[{"name":"wp","href":"https:\/\/api.w.org\/{rel}","templated":true}]}}