{"id":8861,"date":"2024-12-03T09:00:53","date_gmt":"2024-12-03T08:00:53","guid":{"rendered":"https:\/\/www.jamonesblazquez.com\/?post_type=product&#038;p=8861"},"modified":"2025-11-18T11:23:03","modified_gmt":"2025-11-18T10:23:03","slug":"caja-iconic","status":"publish","type":"product","link":"https:\/\/jamonesblazquez.com\/es\/Producto\/caja-iconic\/","title":{"rendered":"Caja Iconic madera"},"content":{"rendered":"<div class=\"wpb-content-wrapper\"><p>[vc_row css_animation=\u00bb\u00bb row_type=\u00bbrow\u00bb use_row_as_full_screen_section=\u00bbno\u00bb type=\u00bbfull_width\u00bb angled_section=\u00bbno\u00bb text_align=\u00bbleft\u00bb background_image_as_pattern=\u00bbwithout_pattern\u00bb][vc_column][vc_column_text]<\/p>\n<p data-pm-slice=\"1 1 []\">Sorprende con este regalo gourmet, que re\u00fane tradici\u00f3n y calidad en cada producto. Una selecci\u00f3n exclusiva de sabores ib\u00e9ricos, ideal para quienes valoran la autenticidad y los peque\u00f1os placeres en su mesa.<\/p>\n<p>En su interior, encontrar\u00e1s una exquisita selecci\u00f3n de productos pensados para satisfacer los paladares m\u00e1s exigentes: <a href=\"https:\/\/jamonesblazquez.com\/es\/Producto\/ventresca-iberica-curada-blazquez\/\"><b>Ventresca Ib\u00e9rica<\/b><\/a><a href=\"https:\/\/jamonesblazquez.com\/es\/Producto\/salchichon-vela-iberico\/\">,<\/a>\u00a0<a href=\"https:\/\/jamonesblazquez.com\/es\/Producto\/chorizo-vela-iberico\/\"><strong>Chorizo Vela Ib\u00e9rico<\/strong>: 400 g,<\/a>\u00a0<a href=\"https:\/\/jamonesblazquez.com\/es\/Producto\/morcilla-vela-iberica\/\"><strong>Morcilla Vela Ib\u00e9rica<\/strong>: 400 g,\u00a0<\/a><a href=\"https:\/\/jamonesblazquez.com\/es\/Producto\/agapitos-fuet-iberico\/\"><strong>Fuet Agapito Artesanal<\/strong>: 180 g,\u00a0<\/a><a href=\"https:\/\/jamonesblazquez.com\/es\/Producto\/longaniza-iberica-picante\/\"><strong>Sarta Picante Ib\u00e9rica<\/strong>: 400 g,\u00a0 <\/a><a href=\"https:\/\/viandasstores.com\/es\/quesos\/241-queso-de-oveja-curado-8437009730416.html\"><strong>Cu\u00f1a de Queso de Oveja Curado<\/strong>:<\/a> 200 gr, de Hacienda Zorita Organic Farm y <a href=\"https:\/\/viandasstores.com\/es\/hornazos\/52-picos-camperos-8412945009611.html\"><strong>Picos de pan camperos de Viandas<\/strong><\/a>\u00a0180 g.<\/p>\n<p data-pm-slice=\"1 1 []\">Cada producto ha sido seleccionado para ofrecer una experiencia gastron\u00f3mica \u00fanica. Esta caja es ideal para que todos podamos disfrutar de un pedacito de cielo en fechas tan especiales, y su presentaci\u00f3n elegante la convierte en el regalo perfecto. Este detalle exclusivo llenar\u00e1 de sabor y tradici\u00f3n cualquier mesa navide\u00f1a.<\/p>\n<p>Este a\u00f1o, regala algo m\u00e1s que productos gourmet: ofrece experiencias y recuerdos que perduren alrededor de la mesa.[\/vc_column_text][\/vc_column][\/vc_row][vc_row css_animation=\u00bb\u00bb row_type=\u00bbrow\u00bb use_row_as_full_screen_section=\u00bbno\u00bb type=\u00bbfull_width\u00bb angled_section=\u00bbno\u00bb text_align=\u00bbleft\u00bb background_image_as_pattern=\u00bbwithout_pattern\u00bb][vc_column]<div class=\"qode-accordion-holder clearfix qode-toggle qode-initial \">\n\t<h4 class=\"clearfix qode-title-holder\">\n<span class=\"qode-tab-title\">\n\t\t\t<span class=\"qode-tab-title-icon\">\n\t\t\t<i class=\"qode_icon_font_awesome fa fa-info-circle \" ><\/i>\t\t<\/span>\n\t    <span class=\"qode-tab-title-inner\">\n        Ventresca Ib\u00e9rica    <\/span>\n<\/span>\n<span class=\"qode-accordion-mark\">\n    <span class=\"qode-accordion-mark-icon\">\n        <span class=\"icon_plus\"><\/span>\n        <span class=\"icon_minus-06\"><\/span>\n    <\/span>\n<\/span>\n<\/h4>\n<div  class=\"qode-accordion-content qode-acc-title-with-icon\" style=\"padding: 0px\">\n    <div class=\"qode-accordion-content-inner\">\n        [vc_column_text css=\u00bb.vc_custom_1733932214440{padding-top: 12px !important;padding-bottom: 12px !important;padding-left: 40px !important;}\u00bb]<\/p>\n<h3>INGREDIENTES<\/h3>\n<p>Ingredientes: Carne y grasa de cerdo, sal, az\u00facar, especias, dextrosa, dextrina, conservantes (E-250 y E-252) y antioxidante (E-301)<br \/>\nEnvoltura artificial no comestible<\/p>\n<h3>VALORES NUTRICIONALES (en 100g)<\/h3>\n<p>Valor energ\u00e9tico: 3217 kJ \/ 768 kcal<br \/>\nGrasas (g): 80<br \/>\n\u2013 De las cuales saturadas (g): 29<br \/>\nHidratos de carbono (g): 3,2<br \/>\n\u2013 De los cuales az\u00facares: (g): &lt; 0,5<br \/>\nProte\u00ednas (g): 8<br \/>\nSal (g): 1,0[\/vc_column_text]    <\/div>\n<\/div><h4 class=\"clearfix qode-title-holder\">\n<span class=\"qode-tab-title\">\n\t\t\t<span class=\"qode-tab-title-icon\">\n\t\t\t<i class=\"qode_icon_font_awesome fa fa-info-circle \" ><\/i>\t\t<\/span>\n\t    <span class=\"qode-tab-title-inner\">\n        Chorizo Vela Ib\u00e9rico    <\/span>\n<\/span>\n<span class=\"qode-accordion-mark\">\n    <span class=\"qode-accordion-mark-icon\">\n        <span class=\"icon_plus\"><\/span>\n        <span class=\"icon_minus-06\"><\/span>\n    <\/span>\n<\/span>\n<\/h4>\n<div  class=\"qode-accordion-content qode-acc-title-with-icon\" >\n    <div class=\"qode-accordion-content-inner\">\n        [vc_column_text]<\/p>\n<h3>INGREDIENTES<\/h3>\n<p>Carne y grasa de cerdo, piment\u00f3n, sal, especias, aceite de oliva virgen extra, dextrosa, conservadores (E-250 y E-252), corrector de acidez (E-331 iii) y antioxidante (E-301).<br \/>\nEnvoltura artificial no comestible.<\/p>\n<h3>VALORES NUTRICIONALES (en 100g)<\/h3>\n<p>Valor energ\u00e9tico: 2155 kJ \/ 520 kcal<br \/>\nGrasas (g): 44<br \/>\n\u2013 De las cuales saturadas (g): 18<br \/>\nHidratos de carbono (g): 0,5<br \/>\n\u2013 De los cuales az\u00facares: (g): &lt; 0,5<br \/>\nProte\u00ednas (g): 31<br \/>\nSal (g): 2,9[\/vc_column_text]    <\/div>\n<\/div><h4 class=\"clearfix qode-title-holder\">\n<span class=\"qode-tab-title\">\n\t\t\t<span class=\"qode-tab-title-icon\">\n\t\t\t<i class=\"qode_icon_font_awesome fa fa-info-circle \" ><\/i>\t\t<\/span>\n\t    <span class=\"qode-tab-title-inner\">\n        Morcilla Vela Ib\u00e9rica    <\/span>\n<\/span>\n<span class=\"qode-accordion-mark\">\n    <span class=\"qode-accordion-mark-icon\">\n        <span class=\"icon_plus\"><\/span>\n        <span class=\"icon_minus-06\"><\/span>\n    <\/span>\n<\/span>\n<\/h4>\n<div  class=\"qode-accordion-content qode-acc-title-with-icon\" >\n    <div class=\"qode-accordion-content-inner\">\n        [vc_column_text]<\/p>\n<h3>INGREDIENTES<\/h3>\n<p>Carne de cerdo, cebolla, sal, sangre, especias, dextrosa, piment\u00f3n, dextrina,\u00a0<strong>lactosa, leche<\/strong>\u00a0en polvo, potenciador de sabor (E-621),\u00a0<strong>prote\u00edna de soja, prote\u00edna de leche,<\/strong>\u00a0emulgentes (E-450i, E-452i y E-451i) y antioxidantes (E-301). Envoltura artificial no comestible.<\/p>\n<h3>VALORES NUTRICIONALES (en 100g)<\/h3>\n<p>Valor energ\u00e9tico 1665 kJ \/ 398 Kcal,<\/p>\n<p>Prote\u00edna 30 g.<\/p>\n<p>Sal 3,8 g.<\/p>\n<ul>\n<li>Cantidad de grasa 28 g (de los cuales \u00e1cidos grasos saturados 13 g),<\/li>\n<li>Hidratos de carbono 7,7 g (de los cuales az\u00facares &lt; 0,5 g),<\/li>\n<\/ul>\n<p>[\/vc_column_text]    <\/div>\n<\/div><h4 class=\"clearfix qode-title-holder\">\n<span class=\"qode-tab-title\">\n\t\t\t<span class=\"qode-tab-title-icon\">\n\t\t\t<i class=\"qode_icon_font_awesome fa fa-info-circle \" ><\/i>\t\t<\/span>\n\t    <span class=\"qode-tab-title-inner\">\n        Longaniza Ib\u00e9rica Picante    <\/span>\n<\/span>\n<span class=\"qode-accordion-mark\">\n    <span class=\"qode-accordion-mark-icon\">\n        <span class=\"icon_plus\"><\/span>\n        <span class=\"icon_minus-06\"><\/span>\n    <\/span>\n<\/span>\n<\/h4>\n<div  class=\"qode-accordion-content qode-acc-title-with-icon\" >\n    <div class=\"qode-accordion-content-inner\">\n        [vc_column_text]<\/p>\n<h3>INGREDIENTES<\/h3>\n<p>Carne de cerdo, piment\u00f3n, sal, aceite de oliva virgen extra, especias, conservadores (E-250 y E-252), corrector de acidez (E-331iii) y antioxidante (E-301).<\/p>\n<h3>VALORES NUTRICIONALES (en 100g)<\/h3>\n<p>Valor energ\u00e9tico: 2153 kcal \/ 521kJ<br \/>\nProte\u00ednas (g): 22,2<br \/>\nHidratos de carbono (g): &lt;1<br \/>\n&#8211; De los cuales az\u00facares: (g): &lt;0,6<br \/>\nGrasas (g): 48<br \/>\n&#8211; De las cuales saturadas (g): 19,5<br \/>\nSal (g): 2,5[\/vc_column_text]    <\/div>\n<\/div><h4 class=\"clearfix qode-title-holder\">\n<span class=\"qode-tab-title\">\n\t\t\t<span class=\"qode-tab-title-icon\">\n\t\t\t<i class=\"qode_icon_font_awesome fa fa-info-circle \" ><\/i>\t\t<\/span>\n\t    <span class=\"qode-tab-title-inner\">\n        Agapito\u00b4s (Fuet Ib\u00e9rico)    <\/span>\n<\/span>\n<span class=\"qode-accordion-mark\">\n    <span class=\"qode-accordion-mark-icon\">\n        <span class=\"icon_plus\"><\/span>\n        <span class=\"icon_minus-06\"><\/span>\n    <\/span>\n<\/span>\n<\/h4>\n<div  class=\"qode-accordion-content qode-acc-title-with-icon\" >\n    <div class=\"qode-accordion-content-inner\">\n        [vc_column_text]<\/p>\n<h3>INGREDIENTES<\/h3>\n<p>Carne de cerdo ib\u00e9rico, sal, <span class=\"alergenos\">lactosa<\/span>, dextrosa, <span class=\"alergenos\">prote\u00edna de leche<\/span>, <span class=\"alergenos\">leche desnatada en polvo<\/span>, especias, conservadores (E-250 y E-252) y corrector de acidez (E-331iii).<\/p>\n<h3>VALORES NUTRICIONALES (en 100g)<\/h3>\n<p>Valor energ\u00e9tico: 429 kcal \/ 2041kJ<br \/>\nProte\u00ednas (g): 30,1<br \/>\nHidratos de carbono (g): &lt;1,8<br \/>\n&#8211; De los cuales az\u00facares: (g): &lt;0,9<br \/>\nGrasas (g): 40,5<br \/>\n&#8211; De las cuales saturadas (g): 17,12<br \/>\nSal (g): 2,5[\/vc_column_text]    <\/div>\n<\/div><h4 class=\"clearfix qode-title-holder\">\n<span class=\"qode-tab-title\">\n\t\t\t<span class=\"qode-tab-title-icon\">\n\t\t\t<i class=\"qode_icon_font_awesome fa fa-info-circle \" ><\/i>\t\t<\/span>\n\t    <span class=\"qode-tab-title-inner\">\n        Queso de oveja Curado de Hacienda Zorita Organic Farm    <\/span>\n<\/span>\n<span class=\"qode-accordion-mark\">\n    <span class=\"qode-accordion-mark-icon\">\n        <span class=\"icon_plus\"><\/span>\n        <span class=\"icon_minus-06\"><\/span>\n    <\/span>\n<\/span>\n<\/h4>\n<div  class=\"qode-accordion-content qode-acc-title-with-icon\" >\n    <div class=\"qode-accordion-content-inner\">\n        [vc_column_text]<\/p>\n<div class=\"elementor-element elementor-element-3dd45885 elementor-widget elementor-widget-heading\" data-id=\"3dd45885\" data-element_type=\"widget\" data-widget_type=\"heading.default\">\n<div class=\"elementor-widget-container\">\n<h3 class=\"elementor-heading-title\">Ingredientes<\/h3>\n<\/div>\n<\/div>\n<div class=\"elementor-element elementor-element-2facc58 elementor-widget elementor-widget-text-editor\" data-id=\"2facc58\" data-element_type=\"widget\" data-widget_type=\"text-editor.default\">\n<div class=\"elementor-widget-container\">\n<div class=\"elementor-text-editor elementor-clearfix\">\n<p>LECHE de oveja, FERMENTOS L\u00c1CTICOS, conservador (E-252), extracto de cuajo, estabilizante (E-509), conservador (E-1105) (Procedente de la clara de HUEVO) Corteza no comestible Origen de la leche: Espa\u00f1a.<\/p>\n<\/div>\n<\/div>\n<\/div>\n<div class=\"elementor-element elementor-element-f009148 elementor-widget elementor-widget-text-editor\" data-id=\"f009148\" data-element_type=\"widget\" data-widget_type=\"text-editor.default\">\n<div class=\"elementor-widget-container\">\n<div class=\"elementor-text-editor elementor-clearfix\">\n<p><strong>Informaci\u00f3n Nutricional (por cada 100 g de producto):<\/strong><\/p>\n<ul>\n<li>Valor energ\u00e9tico: 1718 Kj \/ 414 Kcal<\/li>\n<li>Grasas: 33,1 g\n<ul>\n<li>De las cuales saturadas: 24,37 g<\/li>\n<\/ul>\n<\/li>\n<li>Hidratos de carbono: 2,9 g\n<ul>\n<li>De los cuales, az\u00facares: 0,5 g<\/li>\n<\/ul>\n<\/li>\n<li>Prote\u00ednas: 26,1 g<\/li>\n<li>Sal: 2,5 g<\/li>\n<\/ul>\n<\/div>\n<\/div>\n<\/div>\n<div id=\"gtx-trans\" style=\"position: absolute; left: -51px; top: 131.583px;\">\n<div class=\"gtx-trans-icon\"><\/div>\n<\/div>\n<p>[\/vc_column_text]    <\/div>\n<\/div><h4 class=\"clearfix qode-title-holder\">\n<span class=\"qode-tab-title\">\n\t\t\t<span class=\"qode-tab-title-icon\">\n\t\t\t<i class=\"qode_icon_font_awesome fa fa-info-circle \" ><\/i>\t\t<\/span>\n\t    <span class=\"qode-tab-title-inner\">\n        Picos camperos de Viandas    <\/span>\n<\/span>\n<span class=\"qode-accordion-mark\">\n    <span class=\"qode-accordion-mark-icon\">\n        <span class=\"icon_plus\"><\/span>\n        <span class=\"icon_minus-06\"><\/span>\n    <\/span>\n<\/span>\n<\/h4>\n<div  class=\"qode-accordion-content qode-acc-title-with-icon\" >\n    <div class=\"qode-accordion-content-inner\">\n        [vc_column_text]<\/p>\n<div class=\"elementor-element elementor-element-3dd45885 elementor-widget elementor-widget-heading\" data-id=\"3dd45885\" data-element_type=\"widget\" data-widget_type=\"heading.default\">\n<div class=\"elementor-widget-container\">\n<div class=\"elementor-element elementor-element-40f910fc elementor-widget elementor-widget-heading\" data-id=\"40f910fc\" data-element_type=\"widget\" data-widget_type=\"heading.default\">\n<div class=\"elementor-widget-container\">\n<h3 class=\"elementor-heading-title\">Ingredientes<\/h3>\n<\/div>\n<\/div>\n<div class=\"elementor-element elementor-element-426c3095 elementor-widget elementor-widget-text-editor\" data-id=\"426c3095\" data-element_type=\"widget\" data-widget_type=\"text-editor.default\">\n<div class=\"elementor-widget-container\">\n<div class=\"elementor-text-editor elementor-clearfix\">\n<p>Harina de TRIGO, agua, sal, levadura, potenciador del pan (emulsionante (E472e)).<\/p>\n<\/div>\n<\/div>\n<\/div>\n<div class=\"elementor-element elementor-element-536e19a9 elementor-widget elementor-widget-heading\" data-id=\"536e19a9\" data-element_type=\"widget\" data-widget_type=\"heading.default\">\n<div class=\"elementor-widget-container\">\n<p><strong>Informaci\u00f3n Nutricional (por cada 100 g de producto):<\/strong><\/p>\n<ul>\n<li>Valor energ\u00e9tico: 1586 Kj \/ 374 Kcal<\/li>\n<li>Grasas: 1,2 g\n<ul>\n<li>De las cuales saturadas: 0,31 g<\/li>\n<\/ul>\n<\/li>\n<li>Hidratos de carbono: 78,6 g\n<ul>\n<li>De los cuales, az\u00facares: 2 g<\/li>\n<\/ul>\n<\/li>\n<li>Prote\u00ednas: 10,6 g<\/li>\n<li>Sal: 2,2 g<\/li>\n<\/ul>\n<\/div>\n<\/div>\n<\/div>\n<\/div>\n<p>[\/vc_column_text]    <\/div>\n<\/div><h4 class=\"clearfix qode-title-holder\">\n<span class=\"qode-tab-title\">\n\t\t\t<span class=\"qode-tab-title-icon\">\n\t\t\t<i class=\"qode_icon_font_awesome fa fa-info-circle \" ><\/i>\t\t<\/span>\n\t    <span class=\"qode-tab-title-inner\">\n        Tabla de madera de acacia.    <\/span>\n<\/span>\n<span class=\"qode-accordion-mark\">\n    <span class=\"qode-accordion-mark-icon\">\n        <span class=\"icon_plus\"><\/span>\n        <span class=\"icon_minus-06\"><\/span>\n    <\/span>\n<\/span>\n<\/h4>\n<div  class=\"qode-accordion-content qode-acc-title-with-icon\" >\n    <div class=\"qode-accordion-content-inner\">\n        [vc_column_text]<strong>Tabla de cocina<\/strong> fabricada en madera de acacia, con cord\u00f3n de yute. Lavar a mano y no usar en microondas. Se recomienda aceitarla antes de poner alimentos.<\/p>\n<p>30,5 X 20,5 X 1 Cm[\/vc_column_text]    <\/div>\n<\/div><\/div>[\/vc_column][\/vc_row]<\/p>\n<\/div>","protected":false},"excerpt":{"rendered":"<p>El regalo ideal para esta Navidad. Una cuidada selecci\u00f3n de productos ib\u00e9ricos, perfecta para compartir momentos especiales. Presentada en caja regalo.<\/p>\n","protected":false},"featured_media":8863,"template":"","meta":[],"product_brand":[],"product_cat":[687],"product_tag":[],"class_list":{"0":"post-8861","1":"product","2":"type-product","3":"status-publish","4":"has-post-thumbnail","6":"product_cat-en-caja-tus-blazquez","8":"first","9":"outofstock","10":"taxable","11":"shipping-taxable","12":"product-type-simple"},"yoast_head":"<!-- This site is optimized with the Yoast SEO plugin v27.1.1 - https:\/\/yoast.com\/product\/yoast-seo-wordpress\/ -->\n<title>Comprar Caja Iconic madera Suertido de ib\u00e9ricos - Jamones Bl\u00e1zquez<\/title>\n<meta name=\"description\" content=\"El regalo ideal para esta Navidad. Una cuidada selecci\u00f3n de productos ib\u00e9ricos, perfecta para compartir momentos especiales. Presentada en caja regalo.\" \/>\n<meta name=\"robots\" content=\"index, follow, max-snippet:-1, max-image-preview:large, max-video-preview:-1\" \/>\n<link rel=\"canonical\" href=\"https:\/\/jamonesblazquez.com\/es\/Producto\/caja-iconic\/\" \/>\n<meta property=\"og:locale\" content=\"es_ES\" \/>\n<meta property=\"og:type\" content=\"article\" \/>\n<meta property=\"og:title\" content=\"Comprar Caja Iconic madera Suertido de ib\u00e9ricos - Jamones Bl\u00e1zquez\" \/>\n<meta property=\"og:description\" content=\"El regalo ideal para esta Navidad. Una cuidada selecci\u00f3n de productos ib\u00e9ricos, perfecta para compartir momentos especiales. Presentada en caja regalo.\" \/>\n<meta property=\"og:url\" content=\"https:\/\/jamonesblazquez.com\/es\/Producto\/caja-iconic\/\" \/>\n<meta property=\"og:site_name\" content=\"Jamones Bl\u00e1zquez\" \/>\n<meta property=\"article:publisher\" content=\"https:\/\/www.facebook.com\/JamonBlazquez\/\" \/>\n<meta property=\"article:modified_time\" content=\"2025-11-18T10:23:03+00:00\" \/>\n<meta property=\"og:image\" content=\"https:\/\/jamonesblazquez.com\/wp-content\/uploads\/2024\/12\/CAJA-ICONIC-MADERA.jpg\" \/>\n\t<meta property=\"og:image:width\" content=\"800\" \/>\n\t<meta property=\"og:image:height\" content=\"800\" \/>\n\t<meta property=\"og:image:type\" content=\"image\/jpeg\" \/>\n<meta name=\"twitter:card\" content=\"summary_large_image\" \/>\n<meta name=\"twitter:site\" content=\"@jamonblazquez\" \/>\n<meta name=\"twitter:label1\" content=\"Tiempo de lectura\" \/>\n\t<meta name=\"twitter:data1\" content=\"4 minutos\" \/>\n<script type=\"application\/ld+json\" class=\"yoast-schema-graph\">{\"@context\":\"https:\/\/schema.org\",\"@graph\":[{\"@type\":[\"WebPage\",\"ItemPage\"],\"@id\":\"https:\/\/jamonesblazquez.com\/es\/Producto\/caja-iconic\/\",\"url\":\"https:\/\/jamonesblazquez.com\/es\/Producto\/caja-iconic\/\",\"name\":\"Comprar Caja Iconic madera Suertido de ib\u00e9ricos - Jamones Bl\u00e1zquez\",\"isPartOf\":{\"@id\":\"https:\/\/jamonesblazquez.com\/es\/#website\"},\"primaryImageOfPage\":{\"@id\":\"https:\/\/jamonesblazquez.com\/es\/Producto\/caja-iconic\/#primaryimage\"},\"image\":{\"@id\":\"https:\/\/jamonesblazquez.com\/es\/Producto\/caja-iconic\/#primaryimage\"},\"thumbnailUrl\":\"https:\/\/jamonesblazquez.com\/wp-content\/uploads\/2024\/12\/CAJA-ICONIC-MADERA.jpg\",\"datePublished\":\"2024-12-03T08:00:53+00:00\",\"dateModified\":\"2025-11-18T10:23:03+00:00\",\"description\":\"El regalo ideal para esta Navidad. Una cuidada selecci\u00f3n de productos ib\u00e9ricos, perfecta para compartir momentos especiales. Presentada en caja regalo.\",\"breadcrumb\":{\"@id\":\"https:\/\/jamonesblazquez.com\/es\/Producto\/caja-iconic\/#breadcrumb\"},\"inLanguage\":\"es\",\"potentialAction\":[{\"@type\":\"ReadAction\",\"target\":[\"https:\/\/jamonesblazquez.com\/es\/Producto\/caja-iconic\/\"]}]},{\"@type\":\"ImageObject\",\"inLanguage\":\"es\",\"@id\":\"https:\/\/jamonesblazquez.com\/es\/Producto\/caja-iconic\/#primaryimage\",\"url\":\"https:\/\/jamonesblazquez.com\/wp-content\/uploads\/2024\/12\/CAJA-ICONIC-MADERA.jpg\",\"contentUrl\":\"https:\/\/jamonesblazquez.com\/wp-content\/uploads\/2024\/12\/CAJA-ICONIC-MADERA.jpg\",\"width\":800,\"height\":800,\"caption\":\"CAJA ICONIC MADERA\"},{\"@type\":\"BreadcrumbList\",\"@id\":\"https:\/\/jamonesblazquez.com\/es\/Producto\/caja-iconic\/#breadcrumb\",\"itemListElement\":[{\"@type\":\"ListItem\",\"position\":1,\"name\":\"Portada\",\"item\":\"https:\/\/jamonesblazquez.com\/es\/\"},{\"@type\":\"ListItem\",\"position\":2,\"name\":\"Tienda online\",\"item\":\"https:\/\/jamonesblazquez.com\/es\/?page_id=1992\"},{\"@type\":\"ListItem\",\"position\":3,\"name\":\"Caja Iconic madera\"}]},{\"@type\":\"WebSite\",\"@id\":\"https:\/\/jamonesblazquez.com\/es\/#website\",\"url\":\"https:\/\/jamonesblazquez.com\/es\/\",\"name\":\"Jamones Bl\u00e1zquez\",\"description\":\"Obedece a la Tentaci\u00f3n!\",\"publisher\":{\"@id\":\"https:\/\/jamonesblazquez.com\/es\/#organization\"},\"potentialAction\":[{\"@type\":\"SearchAction\",\"target\":{\"@type\":\"EntryPoint\",\"urlTemplate\":\"https:\/\/jamonesblazquez.com\/es\/?s={search_term_string}\"},\"query-input\":{\"@type\":\"PropertyValueSpecification\",\"valueRequired\":true,\"valueName\":\"search_term_string\"}}],\"inLanguage\":\"es\"},{\"@type\":\"Organization\",\"@id\":\"https:\/\/jamonesblazquez.com\/es\/#organization\",\"name\":\"Jamones Bl\u00e1zquez\",\"url\":\"https:\/\/jamonesblazquez.com\/es\/\",\"logo\":{\"@type\":\"ImageObject\",\"inLanguage\":\"es\",\"@id\":\"https:\/\/jamonesblazquez.com\/es\/#\/schema\/logo\/image\/\",\"url\":\"https:\/\/jamonesblazquez.com\/wp-content\/uploads\/2019\/02\/Logo_Blazquez.png\",\"contentUrl\":\"https:\/\/jamonesblazquez.com\/wp-content\/uploads\/2019\/02\/Logo_Blazquez.png\",\"width\":500,\"height\":132,\"caption\":\"Jamones Bl\u00e1zquez\"},\"image\":{\"@id\":\"https:\/\/jamonesblazquez.com\/es\/#\/schema\/logo\/image\/\"},\"sameAs\":[\"https:\/\/www.facebook.com\/JamonBlazquez\/\",\"https:\/\/x.com\/jamonblazquez\",\"https:\/\/www.instagram.com\/jamonblazquez\/\",\"https:\/\/www.linkedin.com\/company\/10190869\/admin\/\"]}]}<\/script>\n<!-- \/ Yoast SEO plugin. -->","yoast_head_json":{"title":"Comprar Caja Iconic madera Suertido de ib\u00e9ricos - Jamones Bl\u00e1zquez","description":"El regalo ideal para esta Navidad. Una cuidada selecci\u00f3n de productos ib\u00e9ricos, perfecta para compartir momentos especiales. Presentada en caja regalo.","robots":{"index":"index","follow":"follow","max-snippet":"max-snippet:-1","max-image-preview":"max-image-preview:large","max-video-preview":"max-video-preview:-1"},"canonical":"https:\/\/jamonesblazquez.com\/es\/Producto\/caja-iconic\/","og_locale":"es_ES","og_type":"article","og_title":"Comprar Caja Iconic madera Suertido de ib\u00e9ricos - Jamones Bl\u00e1zquez","og_description":"El regalo ideal para esta Navidad. Una cuidada selecci\u00f3n de productos ib\u00e9ricos, perfecta para compartir momentos especiales. Presentada en caja regalo.","og_url":"https:\/\/jamonesblazquez.com\/es\/Producto\/caja-iconic\/","og_site_name":"Jamones Bl\u00e1zquez","article_publisher":"https:\/\/www.facebook.com\/JamonBlazquez\/","article_modified_time":"2025-11-18T10:23:03+00:00","og_image":[{"width":800,"height":800,"url":"https:\/\/jamonesblazquez.com\/wp-content\/uploads\/2024\/12\/CAJA-ICONIC-MADERA.jpg","type":"image\/jpeg"}],"twitter_card":"summary_large_image","twitter_site":"@jamonblazquez","twitter_misc":{"Tiempo de lectura":"4 minutos"},"schema":{"@context":"https:\/\/schema.org","@graph":[{"@type":["WebPage","ItemPage"],"@id":"https:\/\/jamonesblazquez.com\/es\/Producto\/caja-iconic\/","url":"https:\/\/jamonesblazquez.com\/es\/Producto\/caja-iconic\/","name":"Comprar Caja Iconic madera Suertido de ib\u00e9ricos - Jamones Bl\u00e1zquez","isPartOf":{"@id":"https:\/\/jamonesblazquez.com\/es\/#website"},"primaryImageOfPage":{"@id":"https:\/\/jamonesblazquez.com\/es\/Producto\/caja-iconic\/#primaryimage"},"image":{"@id":"https:\/\/jamonesblazquez.com\/es\/Producto\/caja-iconic\/#primaryimage"},"thumbnailUrl":"https:\/\/jamonesblazquez.com\/wp-content\/uploads\/2024\/12\/CAJA-ICONIC-MADERA.jpg","datePublished":"2024-12-03T08:00:53+00:00","dateModified":"2025-11-18T10:23:03+00:00","description":"El regalo ideal para esta Navidad. Una cuidada selecci\u00f3n de productos ib\u00e9ricos, perfecta para compartir momentos especiales. Presentada en caja regalo.","breadcrumb":{"@id":"https:\/\/jamonesblazquez.com\/es\/Producto\/caja-iconic\/#breadcrumb"},"inLanguage":"es","potentialAction":[{"@type":"ReadAction","target":["https:\/\/jamonesblazquez.com\/es\/Producto\/caja-iconic\/"]}]},{"@type":"ImageObject","inLanguage":"es","@id":"https:\/\/jamonesblazquez.com\/es\/Producto\/caja-iconic\/#primaryimage","url":"https:\/\/jamonesblazquez.com\/wp-content\/uploads\/2024\/12\/CAJA-ICONIC-MADERA.jpg","contentUrl":"https:\/\/jamonesblazquez.com\/wp-content\/uploads\/2024\/12\/CAJA-ICONIC-MADERA.jpg","width":800,"height":800,"caption":"CAJA ICONIC MADERA"},{"@type":"BreadcrumbList","@id":"https:\/\/jamonesblazquez.com\/es\/Producto\/caja-iconic\/#breadcrumb","itemListElement":[{"@type":"ListItem","position":1,"name":"Portada","item":"https:\/\/jamonesblazquez.com\/es\/"},{"@type":"ListItem","position":2,"name":"Tienda online","item":"https:\/\/jamonesblazquez.com\/es\/?page_id=1992"},{"@type":"ListItem","position":3,"name":"Caja Iconic madera"}]},{"@type":"WebSite","@id":"https:\/\/jamonesblazquez.com\/es\/#website","url":"https:\/\/jamonesblazquez.com\/es\/","name":"Jamones Bl\u00e1zquez","description":"Obedece a la Tentaci\u00f3n!","publisher":{"@id":"https:\/\/jamonesblazquez.com\/es\/#organization"},"potentialAction":[{"@type":"SearchAction","target":{"@type":"EntryPoint","urlTemplate":"https:\/\/jamonesblazquez.com\/es\/?s={search_term_string}"},"query-input":{"@type":"PropertyValueSpecification","valueRequired":true,"valueName":"search_term_string"}}],"inLanguage":"es"},{"@type":"Organization","@id":"https:\/\/jamonesblazquez.com\/es\/#organization","name":"Jamones Bl\u00e1zquez","url":"https:\/\/jamonesblazquez.com\/es\/","logo":{"@type":"ImageObject","inLanguage":"es","@id":"https:\/\/jamonesblazquez.com\/es\/#\/schema\/logo\/image\/","url":"https:\/\/jamonesblazquez.com\/wp-content\/uploads\/2019\/02\/Logo_Blazquez.png","contentUrl":"https:\/\/jamonesblazquez.com\/wp-content\/uploads\/2019\/02\/Logo_Blazquez.png","width":500,"height":132,"caption":"Jamones Bl\u00e1zquez"},"image":{"@id":"https:\/\/jamonesblazquez.com\/es\/#\/schema\/logo\/image\/"},"sameAs":["https:\/\/www.facebook.com\/JamonBlazquez\/","https:\/\/x.com\/jamonblazquez","https:\/\/www.instagram.com\/jamonblazquez\/","https:\/\/www.linkedin.com\/company\/10190869\/admin\/"]}]}},"_links":{"self":[{"href":"https:\/\/jamonesblazquez.com\/es\/wp-json\/wp\/v2\/product\/8861","targetHints":{"allow":["GET"]}}],"collection":[{"href":"https:\/\/jamonesblazquez.com\/es\/wp-json\/wp\/v2\/product"}],"about":[{"href":"https:\/\/jamonesblazquez.com\/es\/wp-json\/wp\/v2\/types\/product"}],"wp:featuredmedia":[{"embeddable":true,"href":"https:\/\/jamonesblazquez.com\/es\/wp-json\/wp\/v2\/media\/8863"}],"wp:attachment":[{"href":"https:\/\/jamonesblazquez.com\/es\/wp-json\/wp\/v2\/media?parent=8861"}],"wp:term":[{"taxonomy":"product_brand","embeddable":true,"href":"https:\/\/jamonesblazquez.com\/es\/wp-json\/wp\/v2\/product_brand?post=8861"},{"taxonomy":"product_cat","embeddable":true,"href":"https:\/\/jamonesblazquez.com\/es\/wp-json\/wp\/v2\/product_cat?post=8861"},{"taxonomy":"product_tag","embeddable":true,"href":"https:\/\/jamonesblazquez.com\/es\/wp-json\/wp\/v2\/product_tag?post=8861"}],"curies":[{"name":"wp","href":"https:\/\/api.w.org\/{rel}","templated":true}]}}