{"id":11751,"date":"2026-01-13T11:04:55","date_gmt":"2026-01-13T10:04:55","guid":{"rendered":"https:\/\/jamonesblazquez.com\/inicio\/"},"modified":"2026-01-13T11:06:47","modified_gmt":"2026-01-13T10:06:47","slug":"inicio","status":"publish","type":"page","link":"https:\/\/jamonesblazquez.com\/fr\/","title":{"rendered":"Inicio"},"content":{"rendered":"<p>Benvenue<\/p>\n","protected":false},"excerpt":{"rendered":"<p>Benvenue<\/p>\n","protected":false},"author":177,"featured_media":0,"parent":0,"menu_order":-100,"comment_status":"closed","ping_status":"closed","template":"","meta":{"footnotes":""},"class_list":["post-11751","page","type-page","status-publish","hentry"],"yoast_head":"<!-- This site is optimized with the Yoast SEO plugin v27.1.1 - https:\/\/yoast.com\/product\/yoast-seo-wordpress\/ -->\n<title>Jamones Bl\u00e1zquez. Embutidos y Jamones ib\u00e9ricos desde 1932<\/title>\n<meta name=\"description\" content=\"En Bl\u00e1zquez somos fieles a nuestros valores y metodolog\u00eda, es el secreto para la creaci\u00f3n de nuestros jamones, embutidos y carnes frescas\" \/>\n<meta name=\"robots\" content=\"index, follow, max-snippet:-1, max-image-preview:large, max-video-preview:-1\" \/>\n<link rel=\"canonical\" href=\"https:\/\/jamonesblazquez.com\/es\/\" \/>\n<meta property=\"og:locale\" content=\"fr_FR\" \/>\n<meta property=\"og:type\" content=\"article\" \/>\n<meta property=\"og:title\" content=\"Jamones Bl\u00e1zquez. Embutidos y Jamones ib\u00e9ricos desde 1932\" \/>\n<meta property=\"og:description\" content=\"En Bl\u00e1zquez somos fieles a nuestros valores y metodolog\u00eda, es el secreto para la creaci\u00f3n de nuestros jamones, embutidos y carnes frescas\" \/>\n<meta property=\"og:url\" content=\"https:\/\/jamonesblazquez.com\/es\/\" \/>\n<meta property=\"og:site_name\" content=\"Jamones Bl\u00e1zquez\" \/>\n<meta property=\"article:publisher\" content=\"https:\/\/www.facebook.com\/JamonBlazquez\/\" \/>\n<meta property=\"article:modified_time\" content=\"2026-01-13T10:06:47+00:00\" \/>\n<meta name=\"twitter:card\" content=\"summary_large_image\" \/>\n<meta name=\"twitter:site\" content=\"@jamonblazquez\" \/>\n<script type=\"application\/ld+json\" class=\"yoast-schema-graph\">{\"@context\":\"https:\/\/schema.org\",\"@graph\":[{\"@type\":\"WebPage\",\"@id\":\"https:\/\/jamonesblazquez.com\/es\/\",\"url\":\"https:\/\/jamonesblazquez.com\/es\/\",\"name\":\"Jamones Bl\u00e1zquez. Embutidos y Jamones ib\u00e9ricos desde 1932\",\"isPartOf\":{\"@id\":\"https:\/\/jamonesblazquez.com\/es\/#website\"},\"datePublished\":\"2026-01-13T10:04:55+00:00\",\"dateModified\":\"2026-01-13T10:06:47+00:00\",\"description\":\"En Bl\u00e1zquez somos fieles a nuestros valores y metodolog\u00eda, es el secreto para la creaci\u00f3n de nuestros jamones, embutidos y carnes frescas\",\"breadcrumb\":{\"@id\":\"https:\/\/jamonesblazquez.com\/es\/#breadcrumb\"},\"inLanguage\":\"fr-FR\",\"potentialAction\":[{\"@type\":\"ReadAction\",\"target\":[\"https:\/\/jamonesblazquez.com\/es\/\"]}]},{\"@type\":\"BreadcrumbList\",\"@id\":\"https:\/\/jamonesblazquez.com\/es\/#breadcrumb\",\"itemListElement\":[{\"@type\":\"ListItem\",\"position\":1,\"name\":\"Portada\",\"item\":\"https:\/\/jamonesblazquez.com\/es\/\"},{\"@type\":\"ListItem\",\"position\":2,\"name\":\"Inicio\"}]},{\"@type\":\"WebSite\",\"@id\":\"https:\/\/jamonesblazquez.com\/es\/#website\",\"url\":\"https:\/\/jamonesblazquez.com\/es\/\",\"name\":\"Jamones Bl\u00e1zquez\",\"description\":\"Obedece a la Tentaci\u00f3n!\",\"publisher\":{\"@id\":\"https:\/\/jamonesblazquez.com\/es\/#organization\"},\"potentialAction\":[{\"@type\":\"SearchAction\",\"target\":{\"@type\":\"EntryPoint\",\"urlTemplate\":\"https:\/\/jamonesblazquez.com\/es\/?s={search_term_string}\"},\"query-input\":{\"@type\":\"PropertyValueSpecification\",\"valueRequired\":true,\"valueName\":\"search_term_string\"}}],\"inLanguage\":\"fr-FR\"},{\"@type\":\"Organization\",\"@id\":\"https:\/\/jamonesblazquez.com\/es\/#organization\",\"name\":\"Jamones Bl\u00e1zquez\",\"url\":\"https:\/\/jamonesblazquez.com\/es\/\",\"logo\":{\"@type\":\"ImageObject\",\"inLanguage\":\"fr-FR\",\"@id\":\"https:\/\/jamonesblazquez.com\/es\/#\/schema\/logo\/image\/\",\"url\":\"https:\/\/jamonesblazquez.com\/wp-content\/uploads\/2019\/02\/Logo_Blazquez.png\",\"contentUrl\":\"https:\/\/jamonesblazquez.com\/wp-content\/uploads\/2019\/02\/Logo_Blazquez.png\",\"width\":500,\"height\":132,\"caption\":\"Jamones Bl\u00e1zquez\"},\"image\":{\"@id\":\"https:\/\/jamonesblazquez.com\/es\/#\/schema\/logo\/image\/\"},\"sameAs\":[\"https:\/\/www.facebook.com\/JamonBlazquez\/\",\"https:\/\/x.com\/jamonblazquez\",\"https:\/\/www.instagram.com\/jamonblazquez\/\",\"https:\/\/www.linkedin.com\/company\/10190869\/admin\/\"]}]}<\/script>\n<!-- \/ Yoast SEO plugin. -->","yoast_head_json":{"title":"Jamones Bl\u00e1zquez. Embutidos y Jamones ib\u00e9ricos desde 1932","description":"En Bl\u00e1zquez somos fieles a nuestros valores y metodolog\u00eda, es el secreto para la creaci\u00f3n de nuestros jamones, embutidos y carnes frescas","robots":{"index":"index","follow":"follow","max-snippet":"max-snippet:-1","max-image-preview":"max-image-preview:large","max-video-preview":"max-video-preview:-1"},"canonical":"https:\/\/jamonesblazquez.com\/es\/","og_locale":"fr_FR","og_type":"article","og_title":"Jamones Bl\u00e1zquez. Embutidos y Jamones ib\u00e9ricos desde 1932","og_description":"En Bl\u00e1zquez somos fieles a nuestros valores y metodolog\u00eda, es el secreto para la creaci\u00f3n de nuestros jamones, embutidos y carnes frescas","og_url":"https:\/\/jamonesblazquez.com\/es\/","og_site_name":"Jamones Bl\u00e1zquez","article_publisher":"https:\/\/www.facebook.com\/JamonBlazquez\/","article_modified_time":"2026-01-13T10:06:47+00:00","twitter_card":"summary_large_image","twitter_site":"@jamonblazquez","schema":{"@context":"https:\/\/schema.org","@graph":[{"@type":"WebPage","@id":"https:\/\/jamonesblazquez.com\/es\/","url":"https:\/\/jamonesblazquez.com\/es\/","name":"Jamones Bl\u00e1zquez. Embutidos y Jamones ib\u00e9ricos desde 1932","isPartOf":{"@id":"https:\/\/jamonesblazquez.com\/es\/#website"},"datePublished":"2026-01-13T10:04:55+00:00","dateModified":"2026-01-13T10:06:47+00:00","description":"En Bl\u00e1zquez somos fieles a nuestros valores y metodolog\u00eda, es el secreto para la creaci\u00f3n de nuestros jamones, embutidos y carnes frescas","breadcrumb":{"@id":"https:\/\/jamonesblazquez.com\/es\/#breadcrumb"},"inLanguage":"fr-FR","potentialAction":[{"@type":"ReadAction","target":["https:\/\/jamonesblazquez.com\/es\/"]}]},{"@type":"BreadcrumbList","@id":"https:\/\/jamonesblazquez.com\/es\/#breadcrumb","itemListElement":[{"@type":"ListItem","position":1,"name":"Portada","item":"https:\/\/jamonesblazquez.com\/es\/"},{"@type":"ListItem","position":2,"name":"Inicio"}]},{"@type":"WebSite","@id":"https:\/\/jamonesblazquez.com\/es\/#website","url":"https:\/\/jamonesblazquez.com\/es\/","name":"Jamones Bl\u00e1zquez","description":"Obedece a la Tentaci\u00f3n!","publisher":{"@id":"https:\/\/jamonesblazquez.com\/es\/#organization"},"potentialAction":[{"@type":"SearchAction","target":{"@type":"EntryPoint","urlTemplate":"https:\/\/jamonesblazquez.com\/es\/?s={search_term_string}"},"query-input":{"@type":"PropertyValueSpecification","valueRequired":true,"valueName":"search_term_string"}}],"inLanguage":"fr-FR"},{"@type":"Organization","@id":"https:\/\/jamonesblazquez.com\/es\/#organization","name":"Jamones Bl\u00e1zquez","url":"https:\/\/jamonesblazquez.com\/es\/","logo":{"@type":"ImageObject","inLanguage":"fr-FR","@id":"https:\/\/jamonesblazquez.com\/es\/#\/schema\/logo\/image\/","url":"https:\/\/jamonesblazquez.com\/wp-content\/uploads\/2019\/02\/Logo_Blazquez.png","contentUrl":"https:\/\/jamonesblazquez.com\/wp-content\/uploads\/2019\/02\/Logo_Blazquez.png","width":500,"height":132,"caption":"Jamones Bl\u00e1zquez"},"image":{"@id":"https:\/\/jamonesblazquez.com\/es\/#\/schema\/logo\/image\/"},"sameAs":["https:\/\/www.facebook.com\/JamonBlazquez\/","https:\/\/x.com\/jamonblazquez","https:\/\/www.instagram.com\/jamonblazquez\/","https:\/\/www.linkedin.com\/company\/10190869\/admin\/"]}]}},"_links":{"self":[{"href":"https:\/\/jamonesblazquez.com\/fr\/wp-json\/wp\/v2\/pages\/11751","targetHints":{"allow":["GET"]}}],"collection":[{"href":"https:\/\/jamonesblazquez.com\/fr\/wp-json\/wp\/v2\/pages"}],"about":[{"href":"https:\/\/jamonesblazquez.com\/fr\/wp-json\/wp\/v2\/types\/page"}],"author":[{"embeddable":true,"href":"https:\/\/jamonesblazquez.com\/fr\/wp-json\/wp\/v2\/users\/177"}],"replies":[{"embeddable":true,"href":"https:\/\/jamonesblazquez.com\/fr\/wp-json\/wp\/v2\/comments?post=11751"}],"version-history":[{"count":1,"href":"https:\/\/jamonesblazquez.com\/fr\/wp-json\/wp\/v2\/pages\/11751\/revisions"}],"predecessor-version":[{"id":11752,"href":"https:\/\/jamonesblazquez.com\/fr\/wp-json\/wp\/v2\/pages\/11751\/revisions\/11752"}],"wp:attachment":[{"href":"https:\/\/jamonesblazquez.com\/fr\/wp-json\/wp\/v2\/media?parent=11751"}],"curies":[{"name":"wp","href":"https:\/\/api.w.org\/{rel}","templated":true}]}}